{"id":1423,"date":"2018-06-17T21:39:51","date_gmt":"2018-06-17T19:39:51","guid":{"rendered":"http:\/\/portale.unime.it\/agon\/?page_id=1423"},"modified":"2018-06-17T21:39:51","modified_gmt":"2018-06-17T19:39:51","slug":"sciutto-virginia","status":"publish","type":"page","link":"https:\/\/portale2.unime.it\/agon\/autori\/s-z\/sciutto-virginia\/","title":{"rendered":"Sciutto Virginia"},"content":{"rendered":"<h4><a href=\"http:\/\/portale2.unime.it\/agon\/wp-content\/uploads\/sites\/104\/2018\/06\/1706.pdf\"><strong><em>Y Borges cuenta que\u2026 Aproximaci\u00f3n al an\u00e1lisis traductol\u00f3gico del libreto oper\u00edstico<\/em><\/strong><\/a><\/h4>\n<h4><a href=\"http:\/\/portale2.unime.it\/agon\/wp-content\/uploads\/sites\/104\/2021\/08\/2903.pdf\"><strong>SOBRE LAS MET\u00c1FORAS B\u00c9LICAS Y EL F\u00daTBOL. UN AN\u00c1LISIS COMPARATIVO DE LAS CR\u00d3NICAS ITALIANAS Y ESPA\u00d1OLAS\u00a0 \/ <\/strong><\/a><a href=\"http:\/\/portale2.unime.it\/agon\/wp-content\/uploads\/sites\/104\/2021\/08\/2903.pdf\"><strong>ABOUT WAR METAPHORS AND FOOTBALL. A COMPARATIVE ANALYSIS OF THE ITALIAN AND SPANISH CHRONICLES<\/strong><\/a><\/h4>\n","protected":false},"excerpt":{"rendered":"<p>Y Borges cuenta que\u2026 Aproximaci\u00f3n al an\u00e1lisis traductol\u00f3gico del libreto oper\u00edstico SOBRE LAS MET\u00c1FORAS B\u00c9LICAS Y EL F\u00daTBOL. UN AN\u00c1LISIS COMPARATIVO DE LAS CR\u00d3NICAS ITALIANAS Y ESPA\u00d1OLAS\u00a0 \/ ABOUT WAR METAPHORS AND FOOTBALL. A COMPARATIVE ANALYSIS OF THE ITALIAN AND &hellip; <a href=\"https:\/\/portale2.unime.it\/agon\/autori\/s-z\/sciutto-virginia\/\">Continua a leggere<span class=\"meta-nav\">&rarr;<\/span><\/a><\/p>\n","protected":false},"author":1,"featured_media":0,"parent":1240,"menu_order":0,"comment_status":"closed","ping_status":"closed","template":"","meta":{"footnotes":""},"class_list":["post-1423","page","type-page","status-publish","hentry"],"yoast_head":"<!-- This site is optimized with the Yoast SEO plugin v27.3 - https:\/\/yoast.com\/product\/yoast-seo-wordpress\/ -->\n<title>Sciutto Virginia - \u00abAGON\u00bb<\/title>\n<meta name=\"robots\" content=\"index, follow, max-snippet:-1, max-image-preview:large, max-video-preview:-1\" \/>\n<link rel=\"canonical\" href=\"https:\/\/portale2.unime.it\/agon\/autori\/s-z\/sciutto-virginia\/\" \/>\n<meta property=\"og:locale\" content=\"it_IT\" \/>\n<meta property=\"og:type\" content=\"article\" \/>\n<meta property=\"og:title\" content=\"Sciutto Virginia - \u00abAGON\u00bb\" \/>\n<meta property=\"og:description\" content=\"Y Borges cuenta que\u2026 Aproximaci\u00f3n al an\u00e1lisis traductol\u00f3gico del libreto oper\u00edstico SOBRE LAS MET\u00c1FORAS B\u00c9LICAS Y EL F\u00daTBOL. UN AN\u00c1LISIS COMPARATIVO DE LAS CR\u00d3NICAS ITALIANAS Y ESPA\u00d1OLAS\u00a0 \/ ABOUT WAR METAPHORS AND FOOTBALL. A COMPARATIVE ANALYSIS OF THE ITALIAN AND &hellip; Continua a leggere&rarr;\" \/>\n<meta property=\"og:url\" content=\"https:\/\/portale2.unime.it\/agon\/autori\/s-z\/sciutto-virginia\/\" \/>\n<meta property=\"og:site_name\" content=\"\u00abAGON\u00bb\" \/>\n<meta name=\"twitter:card\" content=\"summary_large_image\" \/>\n<script type=\"application\/ld+json\" class=\"yoast-schema-graph\">{\"@context\":\"https:\\\/\\\/schema.org\",\"@graph\":[{\"@type\":\"WebPage\",\"@id\":\"https:\\\/\\\/portale2.unime.it\\\/agon\\\/autori\\\/s-z\\\/sciutto-virginia\\\/\",\"url\":\"https:\\\/\\\/portale2.unime.it\\\/agon\\\/autori\\\/s-z\\\/sciutto-virginia\\\/\",\"name\":\"Sciutto Virginia - \u00abAGON\u00bb\",\"isPartOf\":{\"@id\":\"https:\\\/\\\/portale2.unime.it\\\/agon\\\/#website\"},\"datePublished\":\"2018-06-17T19:39:51+00:00\",\"breadcrumb\":{\"@id\":\"https:\\\/\\\/portale2.unime.it\\\/agon\\\/autori\\\/s-z\\\/sciutto-virginia\\\/#breadcrumb\"},\"inLanguage\":\"it-IT\",\"potentialAction\":[{\"@type\":\"ReadAction\",\"target\":[\"https:\\\/\\\/portale2.unime.it\\\/agon\\\/autori\\\/s-z\\\/sciutto-virginia\\\/\"]}]},{\"@type\":\"BreadcrumbList\",\"@id\":\"https:\\\/\\\/portale2.unime.it\\\/agon\\\/autori\\\/s-z\\\/sciutto-virginia\\\/#breadcrumb\",\"itemListElement\":[{\"@type\":\"ListItem\",\"position\":1,\"name\":\"Home\",\"item\":\"https:\\\/\\\/agon.unime.it\\\/\"},{\"@type\":\"ListItem\",\"position\":2,\"name\":\"Autori\",\"item\":\"https:\\\/\\\/agon.unime.it\\\/autori\\\/\"},{\"@type\":\"ListItem\",\"position\":3,\"name\":\"S-Z\",\"item\":\"https:\\\/\\\/agon.unime.it\\\/autori\\\/s-z\\\/\"},{\"@type\":\"ListItem\",\"position\":4,\"name\":\"Sciutto Virginia\"}]},{\"@type\":\"WebSite\",\"@id\":\"https:\\\/\\\/portale2.unime.it\\\/agon\\\/#website\",\"url\":\"https:\\\/\\\/portale2.unime.it\\\/agon\\\/\",\"name\":\"\u00abAGON\u00bb\",\"description\":\"Rivista Internazionale di Studi Culturali, Linguistici e Letterari (ISSN 2384-9045)\",\"potentialAction\":[{\"@type\":\"SearchAction\",\"target\":{\"@type\":\"EntryPoint\",\"urlTemplate\":\"https:\\\/\\\/portale2.unime.it\\\/agon\\\/?s={search_term_string}\"},\"query-input\":{\"@type\":\"PropertyValueSpecification\",\"valueRequired\":true,\"valueName\":\"search_term_string\"}}],\"inLanguage\":\"it-IT\"}]}<\/script>\n<!-- \/ Yoast SEO plugin. -->","yoast_head_json":{"title":"Sciutto Virginia - \u00abAGON\u00bb","robots":{"index":"index","follow":"follow","max-snippet":"max-snippet:-1","max-image-preview":"max-image-preview:large","max-video-preview":"max-video-preview:-1"},"canonical":"https:\/\/portale2.unime.it\/agon\/autori\/s-z\/sciutto-virginia\/","og_locale":"it_IT","og_type":"article","og_title":"Sciutto Virginia - \u00abAGON\u00bb","og_description":"Y Borges cuenta que\u2026 Aproximaci\u00f3n al an\u00e1lisis traductol\u00f3gico del libreto oper\u00edstico SOBRE LAS MET\u00c1FORAS B\u00c9LICAS Y EL F\u00daTBOL. UN AN\u00c1LISIS COMPARATIVO DE LAS CR\u00d3NICAS ITALIANAS Y ESPA\u00d1OLAS\u00a0 \/ ABOUT WAR METAPHORS AND FOOTBALL. A COMPARATIVE ANALYSIS OF THE ITALIAN AND &hellip; Continua a leggere&rarr;","og_url":"https:\/\/portale2.unime.it\/agon\/autori\/s-z\/sciutto-virginia\/","og_site_name":"\u00abAGON\u00bb","twitter_card":"summary_large_image","schema":{"@context":"https:\/\/schema.org","@graph":[{"@type":"WebPage","@id":"https:\/\/portale2.unime.it\/agon\/autori\/s-z\/sciutto-virginia\/","url":"https:\/\/portale2.unime.it\/agon\/autori\/s-z\/sciutto-virginia\/","name":"Sciutto Virginia - \u00abAGON\u00bb","isPartOf":{"@id":"https:\/\/portale2.unime.it\/agon\/#website"},"datePublished":"2018-06-17T19:39:51+00:00","breadcrumb":{"@id":"https:\/\/portale2.unime.it\/agon\/autori\/s-z\/sciutto-virginia\/#breadcrumb"},"inLanguage":"it-IT","potentialAction":[{"@type":"ReadAction","target":["https:\/\/portale2.unime.it\/agon\/autori\/s-z\/sciutto-virginia\/"]}]},{"@type":"BreadcrumbList","@id":"https:\/\/portale2.unime.it\/agon\/autori\/s-z\/sciutto-virginia\/#breadcrumb","itemListElement":[{"@type":"ListItem","position":1,"name":"Home","item":"https:\/\/agon.unime.it\/"},{"@type":"ListItem","position":2,"name":"Autori","item":"https:\/\/agon.unime.it\/autori\/"},{"@type":"ListItem","position":3,"name":"S-Z","item":"https:\/\/agon.unime.it\/autori\/s-z\/"},{"@type":"ListItem","position":4,"name":"Sciutto Virginia"}]},{"@type":"WebSite","@id":"https:\/\/portale2.unime.it\/agon\/#website","url":"https:\/\/portale2.unime.it\/agon\/","name":"\u00abAGON\u00bb","description":"Rivista Internazionale di Studi Culturali, Linguistici e Letterari (ISSN 2384-9045)","potentialAction":[{"@type":"SearchAction","target":{"@type":"EntryPoint","urlTemplate":"https:\/\/portale2.unime.it\/agon\/?s={search_term_string}"},"query-input":{"@type":"PropertyValueSpecification","valueRequired":true,"valueName":"search_term_string"}}],"inLanguage":"it-IT"}]}},"_links":{"self":[{"href":"https:\/\/portale2.unime.it\/agon\/wp-json\/wp\/v2\/pages\/1423","targetHints":{"allow":["GET"]}}],"collection":[{"href":"https:\/\/portale2.unime.it\/agon\/wp-json\/wp\/v2\/pages"}],"about":[{"href":"https:\/\/portale2.unime.it\/agon\/wp-json\/wp\/v2\/types\/page"}],"author":[{"embeddable":true,"href":"https:\/\/portale2.unime.it\/agon\/wp-json\/wp\/v2\/users\/1"}],"replies":[{"embeddable":true,"href":"https:\/\/portale2.unime.it\/agon\/wp-json\/wp\/v2\/comments?post=1423"}],"version-history":[{"count":0,"href":"https:\/\/portale2.unime.it\/agon\/wp-json\/wp\/v2\/pages\/1423\/revisions"}],"up":[{"embeddable":true,"href":"https:\/\/portale2.unime.it\/agon\/wp-json\/wp\/v2\/pages\/1240"}],"wp:attachment":[{"href":"https:\/\/portale2.unime.it\/agon\/wp-json\/wp\/v2\/media?parent=1423"}],"curies":[{"name":"wp","href":"https:\/\/api.w.org\/{rel}","templated":true}]}}