{"id":1427,"date":"2018-06-17T21:43:20","date_gmt":"2018-06-17T19:43:20","guid":{"rendered":"http:\/\/portale.unime.it\/agon\/?page_id=1427"},"modified":"2018-06-17T21:43:20","modified_gmt":"2018-06-17T19:43:20","slug":"recupero-angela-monica","status":"publish","type":"page","link":"https:\/\/portale2.unime.it\/agon\/autori\/m-r\/recupero-angela-monica\/","title":{"rendered":"Recupero Angela Monica"},"content":{"rendered":"<h4><a href=\"http:\/\/portale2.unime.it\/agon\/wp-content\/uploads\/sites\/104\/2018\/06\/1708.pdf\"><strong><em>L\u2019univocit\u00e0 non categoriale dell\u2019essere in Deleuze e la contingenza dell\u2019io in Rorty<\/em><\/strong><\/a><\/h4>\n<h4><a href=\"http:\/\/portale2.unime.it\/agon\/wp-content\/uploads\/sites\/104\/2018\/12\/1904.pdf\"><strong><em>La questione ontologica del s\u00e9 in Ric\u0153ur<\/em><\/strong><\/a><\/h4>\n<h4><a href=\"http:\/\/portale2.unime.it\/agon\/wp-content\/uploads\/sites\/104\/2019\/05\/S1301.pdf\"><strong><em>Prefazione<\/em><\/strong><\/a><\/h4>\n<h4><a href=\"http:\/\/portale2.unime.it\/agon\/wp-content\/uploads\/sites\/104\/2019\/05\/S1305.pdf\"><strong>Il Vangelo secondo Giovanni <em>in Ric\u0153ur<\/em><\/strong><\/a><\/h4>\n<h4 class=\"p17\"><a href=\"http:\/\/portale2.unime.it\/agon\/wp-content\/uploads\/sites\/104\/2020\/06\/S1501.pdf\"><span class=\"s1\"><b><i>Prefazione<\/i>\u00a0 \/<\/b><\/span><\/a><a href=\"http:\/\/portale2.unime.it\/agon\/wp-content\/uploads\/sites\/104\/2020\/06\/S1501.pdf\"><span class=\"s1\"><b><i> Foreword<\/i><\/b><\/span><\/a><\/h4>\n<h4 class=\"p13\"><a href=\"http:\/\/portale2.unime.it\/agon\/wp-content\/uploads\/sites\/104\/2020\/06\/S1507.pdf\"><span class=\"s1\"><b><i>I paradossi del tempo<\/i>\u00a0 \/ <\/b><\/span><\/a><a href=\"http:\/\/portale2.unime.it\/agon\/wp-content\/uploads\/sites\/104\/2020\/06\/S1507.pdf\"><span class=\"s1\"><b><i>The paradoxes of time<\/i><\/b><\/span><\/a><\/h4>\n<p>&nbsp;<\/p>\n<p>&nbsp;<\/p>\n","protected":false},"excerpt":{"rendered":"<p>L\u2019univocit\u00e0 non categoriale dell\u2019essere in Deleuze e la contingenza dell\u2019io in Rorty La questione ontologica del s\u00e9 in Ric\u0153ur Prefazione Il Vangelo secondo Giovanni in Ric\u0153ur Prefazione\u00a0 \/ Foreword I paradossi del tempo\u00a0 \/ The paradoxes of time &nbsp; &nbsp;<\/p>\n","protected":false},"author":1,"featured_media":0,"parent":1238,"menu_order":0,"comment_status":"closed","ping_status":"closed","template":"","meta":{"footnotes":""},"class_list":["post-1427","page","type-page","status-publish","hentry"],"yoast_head":"<!-- This site is optimized with the Yoast SEO plugin v27.3 - https:\/\/yoast.com\/product\/yoast-seo-wordpress\/ -->\n<title>Recupero Angela Monica - \u00abAGON\u00bb<\/title>\n<meta name=\"robots\" content=\"index, follow, max-snippet:-1, max-image-preview:large, max-video-preview:-1\" \/>\n<link rel=\"canonical\" href=\"https:\/\/portale2.unime.it\/agon\/autori\/m-r\/recupero-angela-monica\/\" \/>\n<meta property=\"og:locale\" content=\"it_IT\" \/>\n<meta property=\"og:type\" content=\"article\" \/>\n<meta property=\"og:title\" content=\"Recupero Angela Monica - \u00abAGON\u00bb\" \/>\n<meta property=\"og:description\" content=\"L\u2019univocit\u00e0 non categoriale dell\u2019essere in Deleuze e la contingenza dell\u2019io in Rorty La questione ontologica del s\u00e9 in Ric\u0153ur Prefazione Il Vangelo secondo Giovanni in Ric\u0153ur Prefazione\u00a0 \/ Foreword I paradossi del tempo\u00a0 \/ The paradoxes of time &nbsp; &nbsp;\" \/>\n<meta property=\"og:url\" content=\"https:\/\/portale2.unime.it\/agon\/autori\/m-r\/recupero-angela-monica\/\" \/>\n<meta property=\"og:site_name\" content=\"\u00abAGON\u00bb\" \/>\n<meta name=\"twitter:card\" content=\"summary_large_image\" \/>\n<script type=\"application\/ld+json\" class=\"yoast-schema-graph\">{\"@context\":\"https:\\\/\\\/schema.org\",\"@graph\":[{\"@type\":\"WebPage\",\"@id\":\"https:\\\/\\\/portale2.unime.it\\\/agon\\\/autori\\\/m-r\\\/recupero-angela-monica\\\/\",\"url\":\"https:\\\/\\\/portale2.unime.it\\\/agon\\\/autori\\\/m-r\\\/recupero-angela-monica\\\/\",\"name\":\"Recupero Angela Monica - \u00abAGON\u00bb\",\"isPartOf\":{\"@id\":\"https:\\\/\\\/portale2.unime.it\\\/agon\\\/#website\"},\"datePublished\":\"2018-06-17T19:43:20+00:00\",\"breadcrumb\":{\"@id\":\"https:\\\/\\\/portale2.unime.it\\\/agon\\\/autori\\\/m-r\\\/recupero-angela-monica\\\/#breadcrumb\"},\"inLanguage\":\"it-IT\",\"potentialAction\":[{\"@type\":\"ReadAction\",\"target\":[\"https:\\\/\\\/portale2.unime.it\\\/agon\\\/autori\\\/m-r\\\/recupero-angela-monica\\\/\"]}]},{\"@type\":\"BreadcrumbList\",\"@id\":\"https:\\\/\\\/portale2.unime.it\\\/agon\\\/autori\\\/m-r\\\/recupero-angela-monica\\\/#breadcrumb\",\"itemListElement\":[{\"@type\":\"ListItem\",\"position\":1,\"name\":\"Home\",\"item\":\"https:\\\/\\\/agon.unime.it\\\/\"},{\"@type\":\"ListItem\",\"position\":2,\"name\":\"Autori\",\"item\":\"https:\\\/\\\/agon.unime.it\\\/autori\\\/\"},{\"@type\":\"ListItem\",\"position\":3,\"name\":\"M-R\",\"item\":\"https:\\\/\\\/agon.unime.it\\\/autori\\\/m-r\\\/\"},{\"@type\":\"ListItem\",\"position\":4,\"name\":\"Recupero Angela Monica\"}]},{\"@type\":\"WebSite\",\"@id\":\"https:\\\/\\\/portale2.unime.it\\\/agon\\\/#website\",\"url\":\"https:\\\/\\\/portale2.unime.it\\\/agon\\\/\",\"name\":\"\u00abAGON\u00bb\",\"description\":\"Rivista Internazionale di Studi Culturali, Linguistici e Letterari (ISSN 2384-9045)\",\"potentialAction\":[{\"@type\":\"SearchAction\",\"target\":{\"@type\":\"EntryPoint\",\"urlTemplate\":\"https:\\\/\\\/portale2.unime.it\\\/agon\\\/?s={search_term_string}\"},\"query-input\":{\"@type\":\"PropertyValueSpecification\",\"valueRequired\":true,\"valueName\":\"search_term_string\"}}],\"inLanguage\":\"it-IT\"}]}<\/script>\n<!-- \/ Yoast SEO plugin. -->","yoast_head_json":{"title":"Recupero Angela Monica - \u00abAGON\u00bb","robots":{"index":"index","follow":"follow","max-snippet":"max-snippet:-1","max-image-preview":"max-image-preview:large","max-video-preview":"max-video-preview:-1"},"canonical":"https:\/\/portale2.unime.it\/agon\/autori\/m-r\/recupero-angela-monica\/","og_locale":"it_IT","og_type":"article","og_title":"Recupero Angela Monica - \u00abAGON\u00bb","og_description":"L\u2019univocit\u00e0 non categoriale dell\u2019essere in Deleuze e la contingenza dell\u2019io in Rorty La questione ontologica del s\u00e9 in Ric\u0153ur Prefazione Il Vangelo secondo Giovanni in Ric\u0153ur Prefazione\u00a0 \/ Foreword I paradossi del tempo\u00a0 \/ The paradoxes of time &nbsp; &nbsp;","og_url":"https:\/\/portale2.unime.it\/agon\/autori\/m-r\/recupero-angela-monica\/","og_site_name":"\u00abAGON\u00bb","twitter_card":"summary_large_image","schema":{"@context":"https:\/\/schema.org","@graph":[{"@type":"WebPage","@id":"https:\/\/portale2.unime.it\/agon\/autori\/m-r\/recupero-angela-monica\/","url":"https:\/\/portale2.unime.it\/agon\/autori\/m-r\/recupero-angela-monica\/","name":"Recupero Angela Monica - \u00abAGON\u00bb","isPartOf":{"@id":"https:\/\/portale2.unime.it\/agon\/#website"},"datePublished":"2018-06-17T19:43:20+00:00","breadcrumb":{"@id":"https:\/\/portale2.unime.it\/agon\/autori\/m-r\/recupero-angela-monica\/#breadcrumb"},"inLanguage":"it-IT","potentialAction":[{"@type":"ReadAction","target":["https:\/\/portale2.unime.it\/agon\/autori\/m-r\/recupero-angela-monica\/"]}]},{"@type":"BreadcrumbList","@id":"https:\/\/portale2.unime.it\/agon\/autori\/m-r\/recupero-angela-monica\/#breadcrumb","itemListElement":[{"@type":"ListItem","position":1,"name":"Home","item":"https:\/\/agon.unime.it\/"},{"@type":"ListItem","position":2,"name":"Autori","item":"https:\/\/agon.unime.it\/autori\/"},{"@type":"ListItem","position":3,"name":"M-R","item":"https:\/\/agon.unime.it\/autori\/m-r\/"},{"@type":"ListItem","position":4,"name":"Recupero Angela Monica"}]},{"@type":"WebSite","@id":"https:\/\/portale2.unime.it\/agon\/#website","url":"https:\/\/portale2.unime.it\/agon\/","name":"\u00abAGON\u00bb","description":"Rivista Internazionale di Studi Culturali, Linguistici e Letterari (ISSN 2384-9045)","potentialAction":[{"@type":"SearchAction","target":{"@type":"EntryPoint","urlTemplate":"https:\/\/portale2.unime.it\/agon\/?s={search_term_string}"},"query-input":{"@type":"PropertyValueSpecification","valueRequired":true,"valueName":"search_term_string"}}],"inLanguage":"it-IT"}]}},"_links":{"self":[{"href":"https:\/\/portale2.unime.it\/agon\/wp-json\/wp\/v2\/pages\/1427","targetHints":{"allow":["GET"]}}],"collection":[{"href":"https:\/\/portale2.unime.it\/agon\/wp-json\/wp\/v2\/pages"}],"about":[{"href":"https:\/\/portale2.unime.it\/agon\/wp-json\/wp\/v2\/types\/page"}],"author":[{"embeddable":true,"href":"https:\/\/portale2.unime.it\/agon\/wp-json\/wp\/v2\/users\/1"}],"replies":[{"embeddable":true,"href":"https:\/\/portale2.unime.it\/agon\/wp-json\/wp\/v2\/comments?post=1427"}],"version-history":[{"count":0,"href":"https:\/\/portale2.unime.it\/agon\/wp-json\/wp\/v2\/pages\/1427\/revisions"}],"up":[{"embeddable":true,"href":"https:\/\/portale2.unime.it\/agon\/wp-json\/wp\/v2\/pages\/1238"}],"wp:attachment":[{"href":"https:\/\/portale2.unime.it\/agon\/wp-json\/wp\/v2\/media?parent=1427"}],"curies":[{"name":"wp","href":"https:\/\/api.w.org\/{rel}","templated":true}]}}