{"id":149,"date":"2014-11-17T10:56:20","date_gmt":"2014-11-17T09:56:20","guid":{"rendered":"http:\/\/portale.unime.it\/agon\/?page_id=149"},"modified":"2014-11-17T10:56:20","modified_gmt":"2014-11-17T09:56:20","slug":"patricia-margarida-farias-coelho","status":"publish","type":"page","link":"https:\/\/portale2.unime.it\/agon\/autori\/a-f\/patricia-margarida-farias-coelho\/","title":{"rendered":"Coelho Patr\u00edcia Margarida Farias"},"content":{"rendered":"<h4 style=\"color: #373737\"><em><strong><a style=\"color: #1982d1\" href=\"http:\/\/agon.unime.it\/files\/2014\/10\/0201.pdf\">As imagens fetiches do Game DC Universe disponibilizadas em distintas plataformas digitais<\/a><\/strong><\/em><\/h4>\n<h4><\/h4>\n<h4><strong><a href=\"http:\/\/portale2.unime.it\/agon\/wp-content\/uploads\/sites\/104\/2015\/06\/S1504.pdf\">EXPLORING THE RISE OF THE SOCIAL MEDIA PHENOMENON AND INVESTIGATING ITS ROLE AND IMPACT IN DEVELOPING AND NURTURING BRAND COMMUNICATION.<\/a><\/strong><\/h4>\n<h4><strong><a href=\"http:\/\/portale2.unime.it\/agon\/wp-content\/uploads\/sites\/104\/2015\/06\/S1504.pdf\">A STUDY OF TESCO BANK<\/a><\/strong><\/h4>\n<h4><strong><a href=\"http:\/\/portale2.unime.it\/agon\/wp-content\/uploads\/sites\/104\/2015\/08\/0501.pdf\">Luc\u00edola<i>\u00a0e\u00a0<\/i>Senhora<i>, de Jos\u00e9 de Alencar: um estudo interdisciplinar das faces sociais da personagem feminina no s\u00e9culo XIX<\/i><\/a><\/strong><\/h4>\n<h4><em><strong>\u00a0<a style=\"color: #1b8be0\" href=\"http:\/\/portale2.unime.it\/agon\/wp-content\/uploads\/sites\/104\/2015\/10\/S02.pdf\">Dispositivos m\u00f3viles:\u00a0Una herramienta imprescindible en las\u00a0promociones comerciales<\/a><\/strong><\/em><\/h4>\n<h4><em><strong><a href=\"http:\/\/portale2.unime.it\/agon\/wp-content\/uploads\/sites\/104\/2016\/04\/0804.pdf\">An Analysis of Brand and Line Extension Strategies as a Marketing Tactic. The Case of Giorgio Armani<\/a><\/strong><\/em><\/h4>\n<h4 class=\"p3\"><a href=\"http:\/\/portale2.unime.it\/agon\/wp-content\/uploads\/sites\/104\/2020\/05\/2407.pdf\"><span class=\"s1\"><b>NARRATIVAS DIGITAIS E EDUCA\u00c7\u00c3O: ESTUDO DE CASO DE POSTAGENS NO FACEBOOK SOBRE O PROGRAMA FAR\u00d3IS DO SABER DA PREFEITURA DE CURITIBA-PR\u00a0 (<\/b><\/span><\/a><a href=\"http:\/\/portale2.unime.it\/agon\/wp-content\/uploads\/sites\/104\/2020\/05\/2407.pdf\"><span class=\"s1\"><b>DIGITAL NARRATIVES AND EDUCATION: CASE STUDY OF POSTS ON FACEBOOK ABOUT THE FAROL DO SABER PROJECTS OF THE CITY HALL OF CURITIBA-PR)<\/b><\/span><\/a><\/h4>\n","protected":false},"excerpt":{"rendered":"<p>As imagens fetiches do Game DC Universe disponibilizadas em distintas plataformas digitais EXPLORING THE RISE OF THE SOCIAL MEDIA PHENOMENON AND INVESTIGATING ITS ROLE AND IMPACT IN DEVELOPING AND NURTURING BRAND COMMUNICATION. A STUDY OF TESCO BANK Luc\u00edola\u00a0e\u00a0Senhora, de Jos\u00e9 &hellip; <a href=\"https:\/\/portale2.unime.it\/agon\/autori\/a-f\/patricia-margarida-farias-coelho\/\">Continua a leggere<span class=\"meta-nav\">&rarr;<\/span><\/a><\/p>\n","protected":false},"author":1,"featured_media":0,"parent":1234,"menu_order":0,"comment_status":"closed","ping_status":"closed","template":"","meta":{"footnotes":""},"class_list":["post-149","page","type-page","status-publish","hentry"],"yoast_head":"<!-- This site is optimized with the Yoast SEO plugin v27.3 - https:\/\/yoast.com\/product\/yoast-seo-wordpress\/ -->\n<title>Coelho Patr\u00edcia Margarida Farias - \u00abAGON\u00bb<\/title>\n<meta name=\"robots\" content=\"index, follow, max-snippet:-1, max-image-preview:large, max-video-preview:-1\" \/>\n<link rel=\"canonical\" href=\"https:\/\/portale2.unime.it\/agon\/autori\/a-f\/patricia-margarida-farias-coelho\/\" \/>\n<meta property=\"og:locale\" content=\"it_IT\" \/>\n<meta property=\"og:type\" content=\"article\" \/>\n<meta property=\"og:title\" content=\"Coelho Patr\u00edcia Margarida Farias - \u00abAGON\u00bb\" \/>\n<meta property=\"og:description\" content=\"As imagens fetiches do Game DC Universe disponibilizadas em distintas plataformas digitais EXPLORING THE RISE OF THE SOCIAL MEDIA PHENOMENON AND INVESTIGATING ITS ROLE AND IMPACT IN DEVELOPING AND NURTURING BRAND COMMUNICATION. A STUDY OF TESCO BANK Luc\u00edola\u00a0e\u00a0Senhora, de Jos\u00e9 &hellip; Continua a leggere&rarr;\" \/>\n<meta property=\"og:url\" content=\"https:\/\/portale2.unime.it\/agon\/autori\/a-f\/patricia-margarida-farias-coelho\/\" \/>\n<meta property=\"og:site_name\" content=\"\u00abAGON\u00bb\" \/>\n<meta name=\"twitter:card\" content=\"summary_large_image\" \/>\n<meta name=\"twitter:label1\" content=\"Tempo di lettura stimato\" \/>\n\t<meta name=\"twitter:data1\" content=\"1 minuto\" \/>\n<script type=\"application\/ld+json\" class=\"yoast-schema-graph\">{\"@context\":\"https:\\\/\\\/schema.org\",\"@graph\":[{\"@type\":\"WebPage\",\"@id\":\"https:\\\/\\\/portale2.unime.it\\\/agon\\\/autori\\\/a-f\\\/patricia-margarida-farias-coelho\\\/\",\"url\":\"https:\\\/\\\/portale2.unime.it\\\/agon\\\/autori\\\/a-f\\\/patricia-margarida-farias-coelho\\\/\",\"name\":\"Coelho Patr\u00edcia Margarida Farias - \u00abAGON\u00bb\",\"isPartOf\":{\"@id\":\"https:\\\/\\\/portale2.unime.it\\\/agon\\\/#website\"},\"datePublished\":\"2014-11-17T09:56:20+00:00\",\"breadcrumb\":{\"@id\":\"https:\\\/\\\/portale2.unime.it\\\/agon\\\/autori\\\/a-f\\\/patricia-margarida-farias-coelho\\\/#breadcrumb\"},\"inLanguage\":\"it-IT\",\"potentialAction\":[{\"@type\":\"ReadAction\",\"target\":[\"https:\\\/\\\/portale2.unime.it\\\/agon\\\/autori\\\/a-f\\\/patricia-margarida-farias-coelho\\\/\"]}]},{\"@type\":\"BreadcrumbList\",\"@id\":\"https:\\\/\\\/portale2.unime.it\\\/agon\\\/autori\\\/a-f\\\/patricia-margarida-farias-coelho\\\/#breadcrumb\",\"itemListElement\":[{\"@type\":\"ListItem\",\"position\":1,\"name\":\"Home\",\"item\":\"https:\\\/\\\/agon.unime.it\\\/\"},{\"@type\":\"ListItem\",\"position\":2,\"name\":\"Autori\",\"item\":\"https:\\\/\\\/agon.unime.it\\\/autori\\\/\"},{\"@type\":\"ListItem\",\"position\":3,\"name\":\"A-F\",\"item\":\"https:\\\/\\\/agon.unime.it\\\/autori\\\/a-f\\\/\"},{\"@type\":\"ListItem\",\"position\":4,\"name\":\"Coelho Patr\u00edcia Margarida Farias\"}]},{\"@type\":\"WebSite\",\"@id\":\"https:\\\/\\\/portale2.unime.it\\\/agon\\\/#website\",\"url\":\"https:\\\/\\\/portale2.unime.it\\\/agon\\\/\",\"name\":\"\u00abAGON\u00bb\",\"description\":\"Rivista Internazionale di Studi Culturali, Linguistici e Letterari (ISSN 2384-9045)\",\"potentialAction\":[{\"@type\":\"SearchAction\",\"target\":{\"@type\":\"EntryPoint\",\"urlTemplate\":\"https:\\\/\\\/portale2.unime.it\\\/agon\\\/?s={search_term_string}\"},\"query-input\":{\"@type\":\"PropertyValueSpecification\",\"valueRequired\":true,\"valueName\":\"search_term_string\"}}],\"inLanguage\":\"it-IT\"}]}<\/script>\n<!-- \/ Yoast SEO plugin. -->","yoast_head_json":{"title":"Coelho Patr\u00edcia Margarida Farias - \u00abAGON\u00bb","robots":{"index":"index","follow":"follow","max-snippet":"max-snippet:-1","max-image-preview":"max-image-preview:large","max-video-preview":"max-video-preview:-1"},"canonical":"https:\/\/portale2.unime.it\/agon\/autori\/a-f\/patricia-margarida-farias-coelho\/","og_locale":"it_IT","og_type":"article","og_title":"Coelho Patr\u00edcia Margarida Farias - \u00abAGON\u00bb","og_description":"As imagens fetiches do Game DC Universe disponibilizadas em distintas plataformas digitais EXPLORING THE RISE OF THE SOCIAL MEDIA PHENOMENON AND INVESTIGATING ITS ROLE AND IMPACT IN DEVELOPING AND NURTURING BRAND COMMUNICATION. A STUDY OF TESCO BANK Luc\u00edola\u00a0e\u00a0Senhora, de Jos\u00e9 &hellip; Continua a leggere&rarr;","og_url":"https:\/\/portale2.unime.it\/agon\/autori\/a-f\/patricia-margarida-farias-coelho\/","og_site_name":"\u00abAGON\u00bb","twitter_card":"summary_large_image","twitter_misc":{"Tempo di lettura stimato":"1 minuto"},"schema":{"@context":"https:\/\/schema.org","@graph":[{"@type":"WebPage","@id":"https:\/\/portale2.unime.it\/agon\/autori\/a-f\/patricia-margarida-farias-coelho\/","url":"https:\/\/portale2.unime.it\/agon\/autori\/a-f\/patricia-margarida-farias-coelho\/","name":"Coelho Patr\u00edcia Margarida Farias - \u00abAGON\u00bb","isPartOf":{"@id":"https:\/\/portale2.unime.it\/agon\/#website"},"datePublished":"2014-11-17T09:56:20+00:00","breadcrumb":{"@id":"https:\/\/portale2.unime.it\/agon\/autori\/a-f\/patricia-margarida-farias-coelho\/#breadcrumb"},"inLanguage":"it-IT","potentialAction":[{"@type":"ReadAction","target":["https:\/\/portale2.unime.it\/agon\/autori\/a-f\/patricia-margarida-farias-coelho\/"]}]},{"@type":"BreadcrumbList","@id":"https:\/\/portale2.unime.it\/agon\/autori\/a-f\/patricia-margarida-farias-coelho\/#breadcrumb","itemListElement":[{"@type":"ListItem","position":1,"name":"Home","item":"https:\/\/agon.unime.it\/"},{"@type":"ListItem","position":2,"name":"Autori","item":"https:\/\/agon.unime.it\/autori\/"},{"@type":"ListItem","position":3,"name":"A-F","item":"https:\/\/agon.unime.it\/autori\/a-f\/"},{"@type":"ListItem","position":4,"name":"Coelho Patr\u00edcia Margarida Farias"}]},{"@type":"WebSite","@id":"https:\/\/portale2.unime.it\/agon\/#website","url":"https:\/\/portale2.unime.it\/agon\/","name":"\u00abAGON\u00bb","description":"Rivista Internazionale di Studi Culturali, Linguistici e Letterari (ISSN 2384-9045)","potentialAction":[{"@type":"SearchAction","target":{"@type":"EntryPoint","urlTemplate":"https:\/\/portale2.unime.it\/agon\/?s={search_term_string}"},"query-input":{"@type":"PropertyValueSpecification","valueRequired":true,"valueName":"search_term_string"}}],"inLanguage":"it-IT"}]}},"_links":{"self":[{"href":"https:\/\/portale2.unime.it\/agon\/wp-json\/wp\/v2\/pages\/149","targetHints":{"allow":["GET"]}}],"collection":[{"href":"https:\/\/portale2.unime.it\/agon\/wp-json\/wp\/v2\/pages"}],"about":[{"href":"https:\/\/portale2.unime.it\/agon\/wp-json\/wp\/v2\/types\/page"}],"author":[{"embeddable":true,"href":"https:\/\/portale2.unime.it\/agon\/wp-json\/wp\/v2\/users\/1"}],"replies":[{"embeddable":true,"href":"https:\/\/portale2.unime.it\/agon\/wp-json\/wp\/v2\/comments?post=149"}],"version-history":[{"count":0,"href":"https:\/\/portale2.unime.it\/agon\/wp-json\/wp\/v2\/pages\/149\/revisions"}],"up":[{"embeddable":true,"href":"https:\/\/portale2.unime.it\/agon\/wp-json\/wp\/v2\/pages\/1234"}],"wp:attachment":[{"href":"https:\/\/portale2.unime.it\/agon\/wp-json\/wp\/v2\/media?parent=149"}],"curies":[{"name":"wp","href":"https:\/\/api.w.org\/{rel}","templated":true}]}}