{"id":151,"date":"2014-11-17T10:56:51","date_gmt":"2014-11-17T09:56:51","guid":{"rendered":"http:\/\/portale.unime.it\/agon\/?page_id=151"},"modified":"2014-11-17T10:56:51","modified_gmt":"2014-11-17T09:56:51","slug":"rene-corona","status":"publish","type":"page","link":"https:\/\/portale2.unime.it\/agon\/autori\/a-f\/rene-corona\/","title":{"rendered":"Corona Ren\u00e9"},"content":{"rendered":"<h4><em><strong><a href=\"http:\/\/agon.unime.it\/files\/2014\/07\/0102.pdf\">Una scrittura del disincanto<\/a><\/strong><\/em><\/h4>\n<h4><em><strong><a href=\"http:\/\/portale2.unime.it\/agon\/wp-content\/uploads\/sites\/104\/2015\/03\/0303.-CORONA-JAVA.pdf\">Java qu\u2019est-ce que tu fais encore l\u00e0? Lire le po\u00e8me de la java<\/a><\/strong><\/em><\/h4>\n<h4><a href=\"http:\/\/portale2.unime.it\/agon\/wp-content\/uploads\/sites\/104\/2015\/03\/0406.pdf\"><strong><em>Maria Luisa Spaziani pr\u00e9cieuse traductrice de la pr\u00e9ciosit\u00e9, \u00e0 son tour, traduite<\/em><\/strong><\/a><\/h4>\n<h4><a href=\"http:\/\/portale2.unime.it\/agon\/wp-content\/uploads\/sites\/104\/2015\/04\/0417.pdf\"><strong><em>Ringraziamenti<\/em><\/strong><\/a><\/h4>\n<h4><em><strong><a href=\"http:\/\/portale2.unime.it\/agon\/wp-content\/uploads\/sites\/104\/2016\/04\/0801.pdf\">Divagations po\u00e9tiques et musicales: la chanson d\u2019amour tue. Vices et vertus de la musique: silences et non-dits<\/a><\/strong><\/em><\/h4>\n<h4><a href=\"http:\/\/portale2.unime.it\/agon\/wp-content\/uploads\/sites\/104\/2016\/11\/1003.pdf\"><strong><em>De l\u2019essai lyrique \u00e0 l\u2019essai du faire po\u00e9tique: essayons de bien faire<\/em><\/strong><\/a><\/h4>\n<h4><a href=\"http:\/\/portale2.unime.it\/agon\/wp-content\/uploads\/sites\/104\/2017\/06\/1301.pdf\"><strong><em>Des arts et des femmes et de quelques oiseaux de passage: interludes phatiques<\/em><\/strong><\/a><\/h4>\n<h4><a href=\"http:\/\/portale2.unime.it\/agon\/wp-content\/uploads\/sites\/104\/2018\/02\/1504.pdf\"><strong>Distratte le mani <em>di Daniela Pericone. Una lettura<\/em><\/strong><\/a><\/h4>\n<h4><a href=\"http:\/\/portale2.unime.it\/agon\/wp-content\/uploads\/sites\/104\/2018\/10\/1801.pdf\"><strong>Satura Lanx: <em>Offrandes po\u00e9tiques aux divinit\u00e9s. Peut-on encore imaginer un monde meilleur?<\/em><\/strong><\/a><\/h4>\n<h4><a href=\"http:\/\/portale2.unime.it\/agon\/wp-content\/uploads\/sites\/104\/2018\/12\/S1104.pdf\"><strong><em>Il mistero R\u00e9gnier<\/em><\/strong><\/a><\/h4>\n","protected":false},"excerpt":{"rendered":"<p>Una scrittura del disincanto Java qu\u2019est-ce que tu fais encore l\u00e0? Lire le po\u00e8me de la java Maria Luisa Spaziani pr\u00e9cieuse traductrice de la pr\u00e9ciosit\u00e9, \u00e0 son tour, traduite Ringraziamenti Divagations po\u00e9tiques et musicales: la chanson d\u2019amour tue. Vices et &hellip; <a href=\"https:\/\/portale2.unime.it\/agon\/autori\/a-f\/rene-corona\/\">Continua a leggere<span class=\"meta-nav\">&rarr;<\/span><\/a><\/p>\n","protected":false},"author":1,"featured_media":0,"parent":1234,"menu_order":0,"comment_status":"closed","ping_status":"closed","template":"","meta":{"footnotes":""},"class_list":["post-151","page","type-page","status-publish","hentry"],"yoast_head":"<!-- This site is optimized with the Yoast SEO plugin v27.3 - https:\/\/yoast.com\/product\/yoast-seo-wordpress\/ -->\n<title>Corona Ren\u00e9 - \u00abAGON\u00bb<\/title>\n<meta name=\"robots\" content=\"index, follow, max-snippet:-1, max-image-preview:large, max-video-preview:-1\" \/>\n<link rel=\"canonical\" href=\"https:\/\/portale2.unime.it\/agon\/autori\/a-f\/rene-corona\/\" \/>\n<meta property=\"og:locale\" content=\"it_IT\" \/>\n<meta property=\"og:type\" content=\"article\" \/>\n<meta property=\"og:title\" content=\"Corona Ren\u00e9 - \u00abAGON\u00bb\" \/>\n<meta property=\"og:description\" content=\"Una scrittura del disincanto Java qu\u2019est-ce que tu fais encore l\u00e0? Lire le po\u00e8me de la java Maria Luisa Spaziani pr\u00e9cieuse traductrice de la pr\u00e9ciosit\u00e9, \u00e0 son tour, traduite Ringraziamenti Divagations po\u00e9tiques et musicales: la chanson d\u2019amour tue. Vices et &hellip; Continua a leggere&rarr;\" \/>\n<meta property=\"og:url\" content=\"https:\/\/portale2.unime.it\/agon\/autori\/a-f\/rene-corona\/\" \/>\n<meta property=\"og:site_name\" content=\"\u00abAGON\u00bb\" \/>\n<meta name=\"twitter:card\" content=\"summary_large_image\" \/>\n<meta name=\"twitter:label1\" content=\"Tempo di lettura stimato\" \/>\n\t<meta name=\"twitter:data1\" content=\"1 minuto\" \/>\n<script type=\"application\/ld+json\" class=\"yoast-schema-graph\">{\"@context\":\"https:\\\/\\\/schema.org\",\"@graph\":[{\"@type\":\"WebPage\",\"@id\":\"https:\\\/\\\/portale2.unime.it\\\/agon\\\/autori\\\/a-f\\\/rene-corona\\\/\",\"url\":\"https:\\\/\\\/portale2.unime.it\\\/agon\\\/autori\\\/a-f\\\/rene-corona\\\/\",\"name\":\"Corona Ren\u00e9 - \u00abAGON\u00bb\",\"isPartOf\":{\"@id\":\"https:\\\/\\\/portale2.unime.it\\\/agon\\\/#website\"},\"datePublished\":\"2014-11-17T09:56:51+00:00\",\"breadcrumb\":{\"@id\":\"https:\\\/\\\/portale2.unime.it\\\/agon\\\/autori\\\/a-f\\\/rene-corona\\\/#breadcrumb\"},\"inLanguage\":\"it-IT\",\"potentialAction\":[{\"@type\":\"ReadAction\",\"target\":[\"https:\\\/\\\/portale2.unime.it\\\/agon\\\/autori\\\/a-f\\\/rene-corona\\\/\"]}]},{\"@type\":\"BreadcrumbList\",\"@id\":\"https:\\\/\\\/portale2.unime.it\\\/agon\\\/autori\\\/a-f\\\/rene-corona\\\/#breadcrumb\",\"itemListElement\":[{\"@type\":\"ListItem\",\"position\":1,\"name\":\"Home\",\"item\":\"https:\\\/\\\/agon.unime.it\\\/\"},{\"@type\":\"ListItem\",\"position\":2,\"name\":\"Autori\",\"item\":\"https:\\\/\\\/agon.unime.it\\\/autori\\\/\"},{\"@type\":\"ListItem\",\"position\":3,\"name\":\"A-F\",\"item\":\"https:\\\/\\\/agon.unime.it\\\/autori\\\/a-f\\\/\"},{\"@type\":\"ListItem\",\"position\":4,\"name\":\"Corona Ren\u00e9\"}]},{\"@type\":\"WebSite\",\"@id\":\"https:\\\/\\\/portale2.unime.it\\\/agon\\\/#website\",\"url\":\"https:\\\/\\\/portale2.unime.it\\\/agon\\\/\",\"name\":\"\u00abAGON\u00bb\",\"description\":\"Rivista Internazionale di Studi Culturali, Linguistici e Letterari (ISSN 2384-9045)\",\"potentialAction\":[{\"@type\":\"SearchAction\",\"target\":{\"@type\":\"EntryPoint\",\"urlTemplate\":\"https:\\\/\\\/portale2.unime.it\\\/agon\\\/?s={search_term_string}\"},\"query-input\":{\"@type\":\"PropertyValueSpecification\",\"valueRequired\":true,\"valueName\":\"search_term_string\"}}],\"inLanguage\":\"it-IT\"}]}<\/script>\n<!-- \/ Yoast SEO plugin. -->","yoast_head_json":{"title":"Corona Ren\u00e9 - \u00abAGON\u00bb","robots":{"index":"index","follow":"follow","max-snippet":"max-snippet:-1","max-image-preview":"max-image-preview:large","max-video-preview":"max-video-preview:-1"},"canonical":"https:\/\/portale2.unime.it\/agon\/autori\/a-f\/rene-corona\/","og_locale":"it_IT","og_type":"article","og_title":"Corona Ren\u00e9 - \u00abAGON\u00bb","og_description":"Una scrittura del disincanto Java qu\u2019est-ce que tu fais encore l\u00e0? Lire le po\u00e8me de la java Maria Luisa Spaziani pr\u00e9cieuse traductrice de la pr\u00e9ciosit\u00e9, \u00e0 son tour, traduite Ringraziamenti Divagations po\u00e9tiques et musicales: la chanson d\u2019amour tue. Vices et &hellip; Continua a leggere&rarr;","og_url":"https:\/\/portale2.unime.it\/agon\/autori\/a-f\/rene-corona\/","og_site_name":"\u00abAGON\u00bb","twitter_card":"summary_large_image","twitter_misc":{"Tempo di lettura stimato":"1 minuto"},"schema":{"@context":"https:\/\/schema.org","@graph":[{"@type":"WebPage","@id":"https:\/\/portale2.unime.it\/agon\/autori\/a-f\/rene-corona\/","url":"https:\/\/portale2.unime.it\/agon\/autori\/a-f\/rene-corona\/","name":"Corona Ren\u00e9 - \u00abAGON\u00bb","isPartOf":{"@id":"https:\/\/portale2.unime.it\/agon\/#website"},"datePublished":"2014-11-17T09:56:51+00:00","breadcrumb":{"@id":"https:\/\/portale2.unime.it\/agon\/autori\/a-f\/rene-corona\/#breadcrumb"},"inLanguage":"it-IT","potentialAction":[{"@type":"ReadAction","target":["https:\/\/portale2.unime.it\/agon\/autori\/a-f\/rene-corona\/"]}]},{"@type":"BreadcrumbList","@id":"https:\/\/portale2.unime.it\/agon\/autori\/a-f\/rene-corona\/#breadcrumb","itemListElement":[{"@type":"ListItem","position":1,"name":"Home","item":"https:\/\/agon.unime.it\/"},{"@type":"ListItem","position":2,"name":"Autori","item":"https:\/\/agon.unime.it\/autori\/"},{"@type":"ListItem","position":3,"name":"A-F","item":"https:\/\/agon.unime.it\/autori\/a-f\/"},{"@type":"ListItem","position":4,"name":"Corona Ren\u00e9"}]},{"@type":"WebSite","@id":"https:\/\/portale2.unime.it\/agon\/#website","url":"https:\/\/portale2.unime.it\/agon\/","name":"\u00abAGON\u00bb","description":"Rivista Internazionale di Studi Culturali, Linguistici e Letterari (ISSN 2384-9045)","potentialAction":[{"@type":"SearchAction","target":{"@type":"EntryPoint","urlTemplate":"https:\/\/portale2.unime.it\/agon\/?s={search_term_string}"},"query-input":{"@type":"PropertyValueSpecification","valueRequired":true,"valueName":"search_term_string"}}],"inLanguage":"it-IT"}]}},"_links":{"self":[{"href":"https:\/\/portale2.unime.it\/agon\/wp-json\/wp\/v2\/pages\/151","targetHints":{"allow":["GET"]}}],"collection":[{"href":"https:\/\/portale2.unime.it\/agon\/wp-json\/wp\/v2\/pages"}],"about":[{"href":"https:\/\/portale2.unime.it\/agon\/wp-json\/wp\/v2\/types\/page"}],"author":[{"embeddable":true,"href":"https:\/\/portale2.unime.it\/agon\/wp-json\/wp\/v2\/users\/1"}],"replies":[{"embeddable":true,"href":"https:\/\/portale2.unime.it\/agon\/wp-json\/wp\/v2\/comments?post=151"}],"version-history":[{"count":0,"href":"https:\/\/portale2.unime.it\/agon\/wp-json\/wp\/v2\/pages\/151\/revisions"}],"up":[{"embeddable":true,"href":"https:\/\/portale2.unime.it\/agon\/wp-json\/wp\/v2\/pages\/1234"}],"wp:attachment":[{"href":"https:\/\/portale2.unime.it\/agon\/wp-json\/wp\/v2\/media?parent=151"}],"curies":[{"name":"wp","href":"https:\/\/api.w.org\/{rel}","templated":true}]}}