{"id":155,"date":"2014-11-17T10:58:45","date_gmt":"2014-11-17T09:58:45","guid":{"rendered":"http:\/\/portale.unime.it\/agon\/?page_id=155"},"modified":"2014-11-17T10:58:45","modified_gmt":"2014-11-17T09:58:45","slug":"francesco-idotta","status":"publish","type":"page","link":"https:\/\/portale2.unime.it\/agon\/autori\/g-l\/francesco-idotta\/","title":{"rendered":"Idotta Francesco"},"content":{"rendered":"<p style=\"color: #373737\"><em><strong><a style=\"color: #1982d1\" href=\"http:\/\/agon.unime.it\/files\/2014\/07\/0103.pdf\">Mujeres y emigraci\u00f3n. Desde el Sur de Italia a los Estados Unidos. La parte m\u00e1s viva de la poblaci\u00f3n escribe su historia<\/a><\/strong><\/em><\/p>\n<p><a href=\"http:\/\/portale2.unime.it\/agon\/wp-content\/uploads\/sites\/104\/2015\/11\/0603.pdf\"><strong><em>Entre sue\u00f1o y realidad: el cuerpo de un\u00a0<\/em><\/strong><strong>Dago<em>\u00a0en los cuentos de John Fante<\/em><\/strong><\/a><\/p>\n","protected":false},"excerpt":{"rendered":"<p>Mujeres y emigraci\u00f3n. Desde el Sur de Italia a los Estados Unidos. La parte m\u00e1s viva de la poblaci\u00f3n escribe su historia Entre sue\u00f1o y realidad: el cuerpo de un\u00a0Dago\u00a0en los cuentos de John Fante<\/p>\n","protected":false},"author":1,"featured_media":0,"parent":1236,"menu_order":0,"comment_status":"closed","ping_status":"closed","template":"","meta":{"footnotes":""},"class_list":["post-155","page","type-page","status-publish","hentry"],"yoast_head":"<!-- This site is optimized with the Yoast SEO plugin v27.3 - https:\/\/yoast.com\/product\/yoast-seo-wordpress\/ -->\n<title>Idotta Francesco - \u00abAGON\u00bb<\/title>\n<meta name=\"robots\" content=\"index, follow, max-snippet:-1, max-image-preview:large, max-video-preview:-1\" \/>\n<link rel=\"canonical\" href=\"https:\/\/portale2.unime.it\/agon\/autori\/g-l\/francesco-idotta\/\" \/>\n<meta property=\"og:locale\" content=\"it_IT\" \/>\n<meta property=\"og:type\" content=\"article\" \/>\n<meta property=\"og:title\" content=\"Idotta Francesco - \u00abAGON\u00bb\" \/>\n<meta property=\"og:description\" content=\"Mujeres y emigraci\u00f3n. Desde el Sur de Italia a los Estados Unidos. La parte m\u00e1s viva de la poblaci\u00f3n escribe su historia Entre sue\u00f1o y realidad: el cuerpo de un\u00a0Dago\u00a0en los cuentos de John Fante\" \/>\n<meta property=\"og:url\" content=\"https:\/\/portale2.unime.it\/agon\/autori\/g-l\/francesco-idotta\/\" \/>\n<meta property=\"og:site_name\" content=\"\u00abAGON\u00bb\" \/>\n<meta name=\"twitter:card\" content=\"summary_large_image\" \/>\n<script type=\"application\/ld+json\" class=\"yoast-schema-graph\">{\"@context\":\"https:\\\/\\\/schema.org\",\"@graph\":[{\"@type\":\"WebPage\",\"@id\":\"https:\\\/\\\/portale2.unime.it\\\/agon\\\/autori\\\/g-l\\\/francesco-idotta\\\/\",\"url\":\"https:\\\/\\\/portale2.unime.it\\\/agon\\\/autori\\\/g-l\\\/francesco-idotta\\\/\",\"name\":\"Idotta Francesco - \u00abAGON\u00bb\",\"isPartOf\":{\"@id\":\"https:\\\/\\\/portale2.unime.it\\\/agon\\\/#website\"},\"datePublished\":\"2014-11-17T09:58:45+00:00\",\"breadcrumb\":{\"@id\":\"https:\\\/\\\/portale2.unime.it\\\/agon\\\/autori\\\/g-l\\\/francesco-idotta\\\/#breadcrumb\"},\"inLanguage\":\"it-IT\",\"potentialAction\":[{\"@type\":\"ReadAction\",\"target\":[\"https:\\\/\\\/portale2.unime.it\\\/agon\\\/autori\\\/g-l\\\/francesco-idotta\\\/\"]}]},{\"@type\":\"BreadcrumbList\",\"@id\":\"https:\\\/\\\/portale2.unime.it\\\/agon\\\/autori\\\/g-l\\\/francesco-idotta\\\/#breadcrumb\",\"itemListElement\":[{\"@type\":\"ListItem\",\"position\":1,\"name\":\"Home\",\"item\":\"https:\\\/\\\/agon.unime.it\\\/\"},{\"@type\":\"ListItem\",\"position\":2,\"name\":\"Autori\",\"item\":\"https:\\\/\\\/agon.unime.it\\\/autori\\\/\"},{\"@type\":\"ListItem\",\"position\":3,\"name\":\"G-L\",\"item\":\"https:\\\/\\\/agon.unime.it\\\/autori\\\/g-l\\\/\"},{\"@type\":\"ListItem\",\"position\":4,\"name\":\"Idotta Francesco\"}]},{\"@type\":\"WebSite\",\"@id\":\"https:\\\/\\\/portale2.unime.it\\\/agon\\\/#website\",\"url\":\"https:\\\/\\\/portale2.unime.it\\\/agon\\\/\",\"name\":\"\u00abAGON\u00bb\",\"description\":\"Rivista Internazionale di Studi Culturali, Linguistici e Letterari (ISSN 2384-9045)\",\"potentialAction\":[{\"@type\":\"SearchAction\",\"target\":{\"@type\":\"EntryPoint\",\"urlTemplate\":\"https:\\\/\\\/portale2.unime.it\\\/agon\\\/?s={search_term_string}\"},\"query-input\":{\"@type\":\"PropertyValueSpecification\",\"valueRequired\":true,\"valueName\":\"search_term_string\"}}],\"inLanguage\":\"it-IT\"}]}<\/script>\n<!-- \/ Yoast SEO plugin. -->","yoast_head_json":{"title":"Idotta Francesco - \u00abAGON\u00bb","robots":{"index":"index","follow":"follow","max-snippet":"max-snippet:-1","max-image-preview":"max-image-preview:large","max-video-preview":"max-video-preview:-1"},"canonical":"https:\/\/portale2.unime.it\/agon\/autori\/g-l\/francesco-idotta\/","og_locale":"it_IT","og_type":"article","og_title":"Idotta Francesco - \u00abAGON\u00bb","og_description":"Mujeres y emigraci\u00f3n. Desde el Sur de Italia a los Estados Unidos. La parte m\u00e1s viva de la poblaci\u00f3n escribe su historia Entre sue\u00f1o y realidad: el cuerpo de un\u00a0Dago\u00a0en los cuentos de John Fante","og_url":"https:\/\/portale2.unime.it\/agon\/autori\/g-l\/francesco-idotta\/","og_site_name":"\u00abAGON\u00bb","twitter_card":"summary_large_image","schema":{"@context":"https:\/\/schema.org","@graph":[{"@type":"WebPage","@id":"https:\/\/portale2.unime.it\/agon\/autori\/g-l\/francesco-idotta\/","url":"https:\/\/portale2.unime.it\/agon\/autori\/g-l\/francesco-idotta\/","name":"Idotta Francesco - \u00abAGON\u00bb","isPartOf":{"@id":"https:\/\/portale2.unime.it\/agon\/#website"},"datePublished":"2014-11-17T09:58:45+00:00","breadcrumb":{"@id":"https:\/\/portale2.unime.it\/agon\/autori\/g-l\/francesco-idotta\/#breadcrumb"},"inLanguage":"it-IT","potentialAction":[{"@type":"ReadAction","target":["https:\/\/portale2.unime.it\/agon\/autori\/g-l\/francesco-idotta\/"]}]},{"@type":"BreadcrumbList","@id":"https:\/\/portale2.unime.it\/agon\/autori\/g-l\/francesco-idotta\/#breadcrumb","itemListElement":[{"@type":"ListItem","position":1,"name":"Home","item":"https:\/\/agon.unime.it\/"},{"@type":"ListItem","position":2,"name":"Autori","item":"https:\/\/agon.unime.it\/autori\/"},{"@type":"ListItem","position":3,"name":"G-L","item":"https:\/\/agon.unime.it\/autori\/g-l\/"},{"@type":"ListItem","position":4,"name":"Idotta Francesco"}]},{"@type":"WebSite","@id":"https:\/\/portale2.unime.it\/agon\/#website","url":"https:\/\/portale2.unime.it\/agon\/","name":"\u00abAGON\u00bb","description":"Rivista Internazionale di Studi Culturali, Linguistici e Letterari (ISSN 2384-9045)","potentialAction":[{"@type":"SearchAction","target":{"@type":"EntryPoint","urlTemplate":"https:\/\/portale2.unime.it\/agon\/?s={search_term_string}"},"query-input":{"@type":"PropertyValueSpecification","valueRequired":true,"valueName":"search_term_string"}}],"inLanguage":"it-IT"}]}},"_links":{"self":[{"href":"https:\/\/portale2.unime.it\/agon\/wp-json\/wp\/v2\/pages\/155","targetHints":{"allow":["GET"]}}],"collection":[{"href":"https:\/\/portale2.unime.it\/agon\/wp-json\/wp\/v2\/pages"}],"about":[{"href":"https:\/\/portale2.unime.it\/agon\/wp-json\/wp\/v2\/types\/page"}],"author":[{"embeddable":true,"href":"https:\/\/portale2.unime.it\/agon\/wp-json\/wp\/v2\/users\/1"}],"replies":[{"embeddable":true,"href":"https:\/\/portale2.unime.it\/agon\/wp-json\/wp\/v2\/comments?post=155"}],"version-history":[{"count":0,"href":"https:\/\/portale2.unime.it\/agon\/wp-json\/wp\/v2\/pages\/155\/revisions"}],"up":[{"embeddable":true,"href":"https:\/\/portale2.unime.it\/agon\/wp-json\/wp\/v2\/pages\/1236"}],"wp:attachment":[{"href":"https:\/\/portale2.unime.it\/agon\/wp-json\/wp\/v2\/media?parent=155"}],"curies":[{"name":"wp","href":"https:\/\/api.w.org\/{rel}","templated":true}]}}