{"id":1881,"date":"2020-04-09T18:45:19","date_gmt":"2020-04-09T16:45:19","guid":{"rendered":"http:\/\/portale.unime.it\/agon\/?page_id=1881"},"modified":"2020-04-09T18:45:19","modified_gmt":"2020-04-09T16:45:19","slug":"barroso-de-azevedo-adriana","status":"publish","type":"page","link":"https:\/\/portale2.unime.it\/agon\/autori\/a-f\/barroso-de-azevedo-adriana\/","title":{"rendered":"Barroso de Azevedo Adriana"},"content":{"rendered":"<h4 class=\"p3\"><a href=\"http:\/\/portale2.unime.it\/agon\/wp-content\/uploads\/sites\/104\/2020\/05\/2407.pdf\"><span class=\"s1\"><b>NARRATIVAS DIGITAIS E EDUCA\u00c7\u00c3O: ESTUDO DE CASO DE POSTAGENS NO FACEBOOK SOBRE O PROGRAMA FAR\u00d3IS DO SABER DA PREFEITURA DE CURITIBA-PR (<\/b><\/span><span class=\"s1\"><b>DIGITAL NARRATIVES AND EDUCATION: CASE STUDY OF POSTS ON FACEBOOK ABOUT THE FAROL DO SABER PROJECTS OF THE CITY HALL OF CURITIBA-PR)<\/b><\/span><\/a><\/h4>\n","protected":false},"excerpt":{"rendered":"<p>NARRATIVAS DIGITAIS E EDUCA\u00c7\u00c3O: ESTUDO DE CASO DE POSTAGENS NO FACEBOOK SOBRE O PROGRAMA FAR\u00d3IS DO SABER DA PREFEITURA DE CURITIBA-PR (DIGITAL NARRATIVES AND EDUCATION: CASE STUDY OF POSTS ON FACEBOOK ABOUT THE FAROL DO SABER PROJECTS OF THE CITY &hellip; <a href=\"https:\/\/portale2.unime.it\/agon\/autori\/a-f\/barroso-de-azevedo-adriana\/\">Continua a leggere<span class=\"meta-nav\">&rarr;<\/span><\/a><\/p>\n","protected":false},"author":1,"featured_media":0,"parent":1234,"menu_order":0,"comment_status":"closed","ping_status":"closed","template":"","meta":{"footnotes":""},"class_list":["post-1881","page","type-page","status-publish","hentry"],"yoast_head":"<!-- This site is optimized with the Yoast SEO plugin v27.3 - https:\/\/yoast.com\/product\/yoast-seo-wordpress\/ -->\n<title>Barroso de Azevedo Adriana - \u00abAGON\u00bb<\/title>\n<meta name=\"robots\" content=\"index, follow, max-snippet:-1, max-image-preview:large, max-video-preview:-1\" \/>\n<link rel=\"canonical\" href=\"https:\/\/portale2.unime.it\/agon\/autori\/a-f\/barroso-de-azevedo-adriana\/\" \/>\n<meta property=\"og:locale\" content=\"it_IT\" \/>\n<meta property=\"og:type\" content=\"article\" \/>\n<meta property=\"og:title\" content=\"Barroso de Azevedo Adriana - \u00abAGON\u00bb\" \/>\n<meta property=\"og:description\" content=\"NARRATIVAS DIGITAIS E EDUCA\u00c7\u00c3O: ESTUDO DE CASO DE POSTAGENS NO FACEBOOK SOBRE O PROGRAMA FAR\u00d3IS DO SABER DA PREFEITURA DE CURITIBA-PR (DIGITAL NARRATIVES AND EDUCATION: CASE STUDY OF POSTS ON FACEBOOK ABOUT THE FAROL DO SABER PROJECTS OF THE CITY &hellip; Continua a leggere&rarr;\" \/>\n<meta property=\"og:url\" content=\"https:\/\/portale2.unime.it\/agon\/autori\/a-f\/barroso-de-azevedo-adriana\/\" \/>\n<meta property=\"og:site_name\" content=\"\u00abAGON\u00bb\" \/>\n<meta name=\"twitter:card\" content=\"summary_large_image\" \/>\n<script type=\"application\/ld+json\" class=\"yoast-schema-graph\">{\"@context\":\"https:\\\/\\\/schema.org\",\"@graph\":[{\"@type\":\"WebPage\",\"@id\":\"https:\\\/\\\/portale2.unime.it\\\/agon\\\/autori\\\/a-f\\\/barroso-de-azevedo-adriana\\\/\",\"url\":\"https:\\\/\\\/portale2.unime.it\\\/agon\\\/autori\\\/a-f\\\/barroso-de-azevedo-adriana\\\/\",\"name\":\"Barroso de Azevedo Adriana - \u00abAGON\u00bb\",\"isPartOf\":{\"@id\":\"https:\\\/\\\/portale2.unime.it\\\/agon\\\/#website\"},\"datePublished\":\"2020-04-09T16:45:19+00:00\",\"breadcrumb\":{\"@id\":\"https:\\\/\\\/portale2.unime.it\\\/agon\\\/autori\\\/a-f\\\/barroso-de-azevedo-adriana\\\/#breadcrumb\"},\"inLanguage\":\"it-IT\",\"potentialAction\":[{\"@type\":\"ReadAction\",\"target\":[\"https:\\\/\\\/portale2.unime.it\\\/agon\\\/autori\\\/a-f\\\/barroso-de-azevedo-adriana\\\/\"]}]},{\"@type\":\"BreadcrumbList\",\"@id\":\"https:\\\/\\\/portale2.unime.it\\\/agon\\\/autori\\\/a-f\\\/barroso-de-azevedo-adriana\\\/#breadcrumb\",\"itemListElement\":[{\"@type\":\"ListItem\",\"position\":1,\"name\":\"Home\",\"item\":\"https:\\\/\\\/agon.unime.it\\\/\"},{\"@type\":\"ListItem\",\"position\":2,\"name\":\"Autori\",\"item\":\"https:\\\/\\\/agon.unime.it\\\/autori\\\/\"},{\"@type\":\"ListItem\",\"position\":3,\"name\":\"A-F\",\"item\":\"https:\\\/\\\/agon.unime.it\\\/autori\\\/a-f\\\/\"},{\"@type\":\"ListItem\",\"position\":4,\"name\":\"Barroso de Azevedo Adriana\"}]},{\"@type\":\"WebSite\",\"@id\":\"https:\\\/\\\/portale2.unime.it\\\/agon\\\/#website\",\"url\":\"https:\\\/\\\/portale2.unime.it\\\/agon\\\/\",\"name\":\"\u00abAGON\u00bb\",\"description\":\"Rivista Internazionale di Studi Culturali, Linguistici e Letterari (ISSN 2384-9045)\",\"potentialAction\":[{\"@type\":\"SearchAction\",\"target\":{\"@type\":\"EntryPoint\",\"urlTemplate\":\"https:\\\/\\\/portale2.unime.it\\\/agon\\\/?s={search_term_string}\"},\"query-input\":{\"@type\":\"PropertyValueSpecification\",\"valueRequired\":true,\"valueName\":\"search_term_string\"}}],\"inLanguage\":\"it-IT\"}]}<\/script>\n<!-- \/ Yoast SEO plugin. -->","yoast_head_json":{"title":"Barroso de Azevedo Adriana - \u00abAGON\u00bb","robots":{"index":"index","follow":"follow","max-snippet":"max-snippet:-1","max-image-preview":"max-image-preview:large","max-video-preview":"max-video-preview:-1"},"canonical":"https:\/\/portale2.unime.it\/agon\/autori\/a-f\/barroso-de-azevedo-adriana\/","og_locale":"it_IT","og_type":"article","og_title":"Barroso de Azevedo Adriana - \u00abAGON\u00bb","og_description":"NARRATIVAS DIGITAIS E EDUCA\u00c7\u00c3O: ESTUDO DE CASO DE POSTAGENS NO FACEBOOK SOBRE O PROGRAMA FAR\u00d3IS DO SABER DA PREFEITURA DE CURITIBA-PR (DIGITAL NARRATIVES AND EDUCATION: CASE STUDY OF POSTS ON FACEBOOK ABOUT THE FAROL DO SABER PROJECTS OF THE CITY &hellip; Continua a leggere&rarr;","og_url":"https:\/\/portale2.unime.it\/agon\/autori\/a-f\/barroso-de-azevedo-adriana\/","og_site_name":"\u00abAGON\u00bb","twitter_card":"summary_large_image","schema":{"@context":"https:\/\/schema.org","@graph":[{"@type":"WebPage","@id":"https:\/\/portale2.unime.it\/agon\/autori\/a-f\/barroso-de-azevedo-adriana\/","url":"https:\/\/portale2.unime.it\/agon\/autori\/a-f\/barroso-de-azevedo-adriana\/","name":"Barroso de Azevedo Adriana - \u00abAGON\u00bb","isPartOf":{"@id":"https:\/\/portale2.unime.it\/agon\/#website"},"datePublished":"2020-04-09T16:45:19+00:00","breadcrumb":{"@id":"https:\/\/portale2.unime.it\/agon\/autori\/a-f\/barroso-de-azevedo-adriana\/#breadcrumb"},"inLanguage":"it-IT","potentialAction":[{"@type":"ReadAction","target":["https:\/\/portale2.unime.it\/agon\/autori\/a-f\/barroso-de-azevedo-adriana\/"]}]},{"@type":"BreadcrumbList","@id":"https:\/\/portale2.unime.it\/agon\/autori\/a-f\/barroso-de-azevedo-adriana\/#breadcrumb","itemListElement":[{"@type":"ListItem","position":1,"name":"Home","item":"https:\/\/agon.unime.it\/"},{"@type":"ListItem","position":2,"name":"Autori","item":"https:\/\/agon.unime.it\/autori\/"},{"@type":"ListItem","position":3,"name":"A-F","item":"https:\/\/agon.unime.it\/autori\/a-f\/"},{"@type":"ListItem","position":4,"name":"Barroso de Azevedo Adriana"}]},{"@type":"WebSite","@id":"https:\/\/portale2.unime.it\/agon\/#website","url":"https:\/\/portale2.unime.it\/agon\/","name":"\u00abAGON\u00bb","description":"Rivista Internazionale di Studi Culturali, Linguistici e Letterari (ISSN 2384-9045)","potentialAction":[{"@type":"SearchAction","target":{"@type":"EntryPoint","urlTemplate":"https:\/\/portale2.unime.it\/agon\/?s={search_term_string}"},"query-input":{"@type":"PropertyValueSpecification","valueRequired":true,"valueName":"search_term_string"}}],"inLanguage":"it-IT"}]}},"_links":{"self":[{"href":"https:\/\/portale2.unime.it\/agon\/wp-json\/wp\/v2\/pages\/1881","targetHints":{"allow":["GET"]}}],"collection":[{"href":"https:\/\/portale2.unime.it\/agon\/wp-json\/wp\/v2\/pages"}],"about":[{"href":"https:\/\/portale2.unime.it\/agon\/wp-json\/wp\/v2\/types\/page"}],"author":[{"embeddable":true,"href":"https:\/\/portale2.unime.it\/agon\/wp-json\/wp\/v2\/users\/1"}],"replies":[{"embeddable":true,"href":"https:\/\/portale2.unime.it\/agon\/wp-json\/wp\/v2\/comments?post=1881"}],"version-history":[{"count":0,"href":"https:\/\/portale2.unime.it\/agon\/wp-json\/wp\/v2\/pages\/1881\/revisions"}],"up":[{"embeddable":true,"href":"https:\/\/portale2.unime.it\/agon\/wp-json\/wp\/v2\/pages\/1234"}],"wp:attachment":[{"href":"https:\/\/portale2.unime.it\/agon\/wp-json\/wp\/v2\/media?parent=1881"}],"curies":[{"name":"wp","href":"https:\/\/api.w.org\/{rel}","templated":true}]}}