{"id":2624,"date":"2021-06-02T19:44:00","date_gmt":"2021-06-02T17:44:00","guid":{"rendered":"https:\/\/portale.unime.it\/agon\/?page_id=2624"},"modified":"2021-06-02T19:44:00","modified_gmt":"2021-06-02T17:44:00","slug":"benvenuto-mario-francisco","status":"publish","type":"page","link":"https:\/\/portale2.unime.it\/agon\/autori\/a-f\/benvenuto-mario-francisco\/","title":{"rendered":"Benvenuto Mario Francisco"},"content":{"rendered":"<h4 class=\"p8\"><a href=\"http:\/\/portale2.unime.it\/agon\/wp-content\/uploads\/sites\/104\/2021\/06\/S1602.pdf\"><b>TRADUCCI\u00d3N INTERSEMI\u00d3TICA O ADAPTACI\u00d3N: LAS EDICIONES ITALIANAS DEL <i>DON JUAN TENORIO<\/i> DE JOS\u00c9 ZORRILLA &#8211; <\/b><\/a><a href=\"http:\/\/portale2.unime.it\/agon\/wp-content\/uploads\/sites\/104\/2021\/06\/S1602.pdf\"><b>INTERSEMIOTIC TRANSLATION OR ADAPTATION: THE ITALIAN VERSIONS OF JOS\u00c9 ZORRILLA\u2019S <i>DON JUAN TENORIO<\/i><\/b><\/a><\/h4>\n","protected":false},"excerpt":{"rendered":"<p>TRADUCCI\u00d3N INTERSEMI\u00d3TICA O ADAPTACI\u00d3N: LAS EDICIONES ITALIANAS DEL DON JUAN TENORIO DE JOS\u00c9 ZORRILLA &#8211; INTERSEMIOTIC TRANSLATION OR ADAPTATION: THE ITALIAN VERSIONS OF JOS\u00c9 ZORRILLA\u2019S DON JUAN TENORIO<\/p>\n","protected":false},"author":1,"featured_media":0,"parent":1234,"menu_order":0,"comment_status":"closed","ping_status":"closed","template":"","meta":{"footnotes":""},"class_list":["post-2624","page","type-page","status-publish","hentry"],"yoast_head":"<!-- This site is optimized with the Yoast SEO plugin v27.4 - https:\/\/yoast.com\/product\/yoast-seo-wordpress\/ -->\n<title>Benvenuto Mario Francisco - \u00abAGON\u00bb<\/title>\n<meta name=\"robots\" content=\"index, follow, max-snippet:-1, max-image-preview:large, max-video-preview:-1\" \/>\n<link rel=\"canonical\" href=\"https:\/\/portale2.unime.it\/agon\/autori\/a-f\/benvenuto-mario-francisco\/\" \/>\n<meta property=\"og:locale\" content=\"it_IT\" \/>\n<meta property=\"og:type\" content=\"article\" \/>\n<meta property=\"og:title\" content=\"Benvenuto Mario Francisco - \u00abAGON\u00bb\" \/>\n<meta property=\"og:description\" content=\"TRADUCCI\u00d3N INTERSEMI\u00d3TICA O ADAPTACI\u00d3N: LAS EDICIONES ITALIANAS DEL DON JUAN TENORIO DE JOS\u00c9 ZORRILLA &#8211; INTERSEMIOTIC TRANSLATION OR ADAPTATION: THE ITALIAN VERSIONS OF JOS\u00c9 ZORRILLA\u2019S DON JUAN TENORIO\" \/>\n<meta property=\"og:url\" content=\"https:\/\/portale2.unime.it\/agon\/autori\/a-f\/benvenuto-mario-francisco\/\" \/>\n<meta property=\"og:site_name\" content=\"\u00abAGON\u00bb\" \/>\n<meta name=\"twitter:card\" content=\"summary_large_image\" \/>\n<script type=\"application\/ld+json\" class=\"yoast-schema-graph\">{\"@context\":\"https:\\\/\\\/schema.org\",\"@graph\":[{\"@type\":\"WebPage\",\"@id\":\"https:\\\/\\\/portale2.unime.it\\\/agon\\\/autori\\\/a-f\\\/benvenuto-mario-francisco\\\/\",\"url\":\"https:\\\/\\\/portale2.unime.it\\\/agon\\\/autori\\\/a-f\\\/benvenuto-mario-francisco\\\/\",\"name\":\"Benvenuto Mario Francisco - \u00abAGON\u00bb\",\"isPartOf\":{\"@id\":\"https:\\\/\\\/portale2.unime.it\\\/agon\\\/#website\"},\"datePublished\":\"2021-06-02T17:44:00+00:00\",\"breadcrumb\":{\"@id\":\"https:\\\/\\\/portale2.unime.it\\\/agon\\\/autori\\\/a-f\\\/benvenuto-mario-francisco\\\/#breadcrumb\"},\"inLanguage\":\"it-IT\",\"potentialAction\":[{\"@type\":\"ReadAction\",\"target\":[\"https:\\\/\\\/portale2.unime.it\\\/agon\\\/autori\\\/a-f\\\/benvenuto-mario-francisco\\\/\"]}]},{\"@type\":\"BreadcrumbList\",\"@id\":\"https:\\\/\\\/portale2.unime.it\\\/agon\\\/autori\\\/a-f\\\/benvenuto-mario-francisco\\\/#breadcrumb\",\"itemListElement\":[{\"@type\":\"ListItem\",\"position\":1,\"name\":\"Home\",\"item\":\"https:\\\/\\\/agon.unime.it\\\/\"},{\"@type\":\"ListItem\",\"position\":2,\"name\":\"Autori\",\"item\":\"https:\\\/\\\/agon.unime.it\\\/autori\\\/\"},{\"@type\":\"ListItem\",\"position\":3,\"name\":\"A-F\",\"item\":\"https:\\\/\\\/agon.unime.it\\\/autori\\\/a-f\\\/\"},{\"@type\":\"ListItem\",\"position\":4,\"name\":\"Benvenuto Mario Francisco\"}]},{\"@type\":\"WebSite\",\"@id\":\"https:\\\/\\\/portale2.unime.it\\\/agon\\\/#website\",\"url\":\"https:\\\/\\\/portale2.unime.it\\\/agon\\\/\",\"name\":\"\u00abAGON\u00bb\",\"description\":\"Rivista Internazionale di Studi Culturali, Linguistici e Letterari (ISSN 2384-9045)\",\"potentialAction\":[{\"@type\":\"SearchAction\",\"target\":{\"@type\":\"EntryPoint\",\"urlTemplate\":\"https:\\\/\\\/portale2.unime.it\\\/agon\\\/?s={search_term_string}\"},\"query-input\":{\"@type\":\"PropertyValueSpecification\",\"valueRequired\":true,\"valueName\":\"search_term_string\"}}],\"inLanguage\":\"it-IT\"}]}<\/script>\n<!-- \/ Yoast SEO plugin. -->","yoast_head_json":{"title":"Benvenuto Mario Francisco - \u00abAGON\u00bb","robots":{"index":"index","follow":"follow","max-snippet":"max-snippet:-1","max-image-preview":"max-image-preview:large","max-video-preview":"max-video-preview:-1"},"canonical":"https:\/\/portale2.unime.it\/agon\/autori\/a-f\/benvenuto-mario-francisco\/","og_locale":"it_IT","og_type":"article","og_title":"Benvenuto Mario Francisco - \u00abAGON\u00bb","og_description":"TRADUCCI\u00d3N INTERSEMI\u00d3TICA O ADAPTACI\u00d3N: LAS EDICIONES ITALIANAS DEL DON JUAN TENORIO DE JOS\u00c9 ZORRILLA &#8211; INTERSEMIOTIC TRANSLATION OR ADAPTATION: THE ITALIAN VERSIONS OF JOS\u00c9 ZORRILLA\u2019S DON JUAN TENORIO","og_url":"https:\/\/portale2.unime.it\/agon\/autori\/a-f\/benvenuto-mario-francisco\/","og_site_name":"\u00abAGON\u00bb","twitter_card":"summary_large_image","schema":{"@context":"https:\/\/schema.org","@graph":[{"@type":"WebPage","@id":"https:\/\/portale2.unime.it\/agon\/autori\/a-f\/benvenuto-mario-francisco\/","url":"https:\/\/portale2.unime.it\/agon\/autori\/a-f\/benvenuto-mario-francisco\/","name":"Benvenuto Mario Francisco - \u00abAGON\u00bb","isPartOf":{"@id":"https:\/\/portale2.unime.it\/agon\/#website"},"datePublished":"2021-06-02T17:44:00+00:00","breadcrumb":{"@id":"https:\/\/portale2.unime.it\/agon\/autori\/a-f\/benvenuto-mario-francisco\/#breadcrumb"},"inLanguage":"it-IT","potentialAction":[{"@type":"ReadAction","target":["https:\/\/portale2.unime.it\/agon\/autori\/a-f\/benvenuto-mario-francisco\/"]}]},{"@type":"BreadcrumbList","@id":"https:\/\/portale2.unime.it\/agon\/autori\/a-f\/benvenuto-mario-francisco\/#breadcrumb","itemListElement":[{"@type":"ListItem","position":1,"name":"Home","item":"https:\/\/agon.unime.it\/"},{"@type":"ListItem","position":2,"name":"Autori","item":"https:\/\/agon.unime.it\/autori\/"},{"@type":"ListItem","position":3,"name":"A-F","item":"https:\/\/agon.unime.it\/autori\/a-f\/"},{"@type":"ListItem","position":4,"name":"Benvenuto Mario Francisco"}]},{"@type":"WebSite","@id":"https:\/\/portale2.unime.it\/agon\/#website","url":"https:\/\/portale2.unime.it\/agon\/","name":"\u00abAGON\u00bb","description":"Rivista Internazionale di Studi Culturali, Linguistici e Letterari (ISSN 2384-9045)","potentialAction":[{"@type":"SearchAction","target":{"@type":"EntryPoint","urlTemplate":"https:\/\/portale2.unime.it\/agon\/?s={search_term_string}"},"query-input":{"@type":"PropertyValueSpecification","valueRequired":true,"valueName":"search_term_string"}}],"inLanguage":"it-IT"}]}},"_links":{"self":[{"href":"https:\/\/portale2.unime.it\/agon\/wp-json\/wp\/v2\/pages\/2624","targetHints":{"allow":["GET"]}}],"collection":[{"href":"https:\/\/portale2.unime.it\/agon\/wp-json\/wp\/v2\/pages"}],"about":[{"href":"https:\/\/portale2.unime.it\/agon\/wp-json\/wp\/v2\/types\/page"}],"author":[{"embeddable":true,"href":"https:\/\/portale2.unime.it\/agon\/wp-json\/wp\/v2\/users\/1"}],"replies":[{"embeddable":true,"href":"https:\/\/portale2.unime.it\/agon\/wp-json\/wp\/v2\/comments?post=2624"}],"version-history":[{"count":0,"href":"https:\/\/portale2.unime.it\/agon\/wp-json\/wp\/v2\/pages\/2624\/revisions"}],"up":[{"embeddable":true,"href":"https:\/\/portale2.unime.it\/agon\/wp-json\/wp\/v2\/pages\/1234"}],"wp:attachment":[{"href":"https:\/\/portale2.unime.it\/agon\/wp-json\/wp\/v2\/media?parent=2624"}],"curies":[{"name":"wp","href":"https:\/\/api.w.org\/{rel}","templated":true}]}}