{"id":2657,"date":"2021-06-20T19:31:48","date_gmt":"2021-06-20T17:31:48","guid":{"rendered":"https:\/\/portale.unime.it\/agon\/?page_id=2657"},"modified":"2021-06-20T19:31:48","modified_gmt":"2021-06-20T17:31:48","slug":"quaderno-17","status":"publish","type":"page","link":"https:\/\/portale2.unime.it\/agon\/quaderni\/quaderni-11-20\/quaderno-17\/","title":{"rendered":"Quaderno 17"},"content":{"rendered":"<h4><b><i>Quaderno n. 17 di \u00abAGON\u00bb (ISSN 2384-9045)<\/i><\/b><\/h4>\n<h4><b><i>Supplemento al n. 28 (gennaio-marzo 2021)<span class=\"Apple-converted-space\">\u00a0<\/span><\/i><\/b><\/h4>\n<p>&nbsp;<\/p>\n<h4 style=\"text-align: center\"><span style=\"color: #ff00ff\"><a style=\"color: #ff00ff\" href=\"https:\/\/wp.me\/P727kM-2J\"><b><i>Giuseppe Trovato<\/i><\/b><\/a><\/span><\/h4>\n<h4 style=\"text-align: center\"><span style=\"color: #ff00ff\"><i><span class=\"Apple-converted-space\">\u00a0<\/span>(Editor)<\/i><\/span><\/h4>\n<p>&nbsp;<\/p>\n<h4 style=\"text-align: center\"><a href=\"https:\/\/wp.me\/P727kM-GV\">Sara Bani<\/a> <span class=\"s1\" style=\"color: #05a1b5\">\u2666 <\/span><a href=\"https:\/\/wp.me\/P727kM-GZ\">Ver\u00f3nica Del Valle Cacela<\/a><\/h4>\n<h4 style=\"text-align: center\"><a href=\"https:\/\/wp.me\/P727kM-H3\">Elena Errico,<\/a> <a href=\"https:\/\/wp.me\/P727kM-H5\">Matteo Anfuso,<\/a> <a href=\"https:\/\/wp.me\/P727kM-H7\">Alice Pagano,<\/a> <a href=\"https:\/\/wp.me\/P727kM-H9\">Bianca Pongiglione<\/a><\/h4>\n<h4 style=\"text-align: center\"><a href=\"https:\/\/wp.me\/P727kM-Hc\">Mar\u00eda Jes\u00fas Gonz\u00e1lez Rodr\u00edguez<\/a><span class=\"s1\" style=\"color: #05a1b5\"> \u2666<\/span> <a href=\"https:\/\/wp.me\/P727kM-He\"><span class=\"s2\">Carmen Mata Pastor<\/span><\/a><\/h4>\n<h4 style=\"text-align: center\"><a href=\"https:\/\/wp.me\/P727kM-Hi\">Mara Morelli<\/a><span class=\"Apple-converted-space\">\u00a0 <\/span><span class=\"s1\" style=\"color: #05a1b5\">\u2666<\/span> <a href=\"https:\/\/wp.me\/P727kM-Hk\">Nicoletta Spinolo<\/a> <span style=\"color: #05a1b5\">y<\/span> <a href=\"https:\/\/wp.me\/P727kM-Hn\">Mariachiara Russo<span class=\"Apple-converted-space\">\u00a0<\/span><\/a><\/h4>\n<h4 style=\"text-align: center\"><a href=\"https:\/\/wp.me\/P727kM-2J\">Giuseppe Trovato<\/a><\/h4>\n<p>&nbsp;<\/p>\n<h4 style=\"text-align: center\"><span style=\"color: #ff00ff\"><b><i>RETOS, TENDENCIAS Y NUEVAS PROPUESTAS EN LOS ESTUDIOS DE INTERPRETACI\u00d3N ESPA\u00d1OL-ITALIANO<\/i><\/b><\/span><\/h4>\n<h4><\/h4>\n<h4 style=\"text-align: center\"><span style=\"color: #ff00ff\"><b><i>CHALLENGES, TRENDS AND NEW PROPOSALS IN SPANISH-ITALIAN INTERPRETING STUDIES<\/i><\/b><\/span><\/h4>\n<h4 style=\"text-align: center\"><\/h4>\n<p>&nbsp;<\/p>\n<p class=\"p9\" style=\"text-align: center\"><b>INDICE &#8211; <\/b><b>INDEX<\/b><\/p>\n<table style=\"width: 100%;height: 990px\">\n<tbody>\n<tr style=\"height: 88px\">\n<td style=\"height: 88px;width: 100%\">\n<h4><a href=\"http:\/\/portale2.unime.it\/agon\/wp-content\/uploads\/sites\/104\/2021\/06\/S1700.pdf\"><strong><em>RETOS, TENDENCIAS Y NUEVAS PROPUESTAS EN LOS ESTUDIOS DE INTERPRETACI\u00d3N ESPA\u00d1OL-ITALIANO<\/em><\/strong><\/a><\/h4>\n<h4><a href=\"http:\/\/portale2.unime.it\/agon\/wp-content\/uploads\/sites\/104\/2021\/06\/S1700.pdf\"><strong><em>CHALLENGES, TRENDS AND NEW PROPOSALS IN SPANISH-ITALIAN\u00a0<\/em><\/strong><\/a><\/h4>\n<h4><a href=\"http:\/\/portale2.unime.it\/agon\/wp-content\/uploads\/sites\/104\/2021\/06\/S1700.pdf\"><strong><em>INTERPRETING STUDIES<\/em><\/strong><\/a><\/h4>\n<\/td>\n<\/tr>\n<tr style=\"height: 66px\">\n<td style=\"height: 66px;width: 100%\">\n<h4><a href=\"https:\/\/wp.me\/P727kM-2J\"><strong>Giuseppe Trovato<\/strong><\/a><\/h4>\n<h4><a href=\"http:\/\/portale2.unime.it\/agon\/wp-content\/uploads\/sites\/104\/2021\/06\/S1701.pdf\"><strong>INTRODUCCI\u00d3N<\/strong><\/a><\/h4>\n<h4><strong><a href=\"http:\/\/portale2.unime.it\/agon\/wp-content\/uploads\/sites\/104\/2021\/06\/S1701.pdf\">INTRODUCTION (p. 3)<\/a><\/strong><\/h4>\n<\/td>\n<\/tr>\n<tr style=\"height: 110px\">\n<td style=\"height: 110px;width: 100%\">\n<h4><a href=\"https:\/\/wp.me\/P727kM-GV\"><strong>Sara Bani<\/strong><\/a><\/h4>\n<h4><a href=\"http:\/\/portale2.unime.it\/agon\/wp-content\/uploads\/sites\/104\/2021\/06\/S1702.pdf\"><strong>LOS MARCADORES DISCURSIVOS EN LA INTERPRETACI\u00d3N SIMULT\u00c1NEA DEL ESPA\u00d1OL AL ITALIANO<\/strong><\/a><\/h4>\n<h4><a href=\"http:\/\/portale2.unime.it\/agon\/wp-content\/uploads\/sites\/104\/2021\/06\/S1702.pdf\"><strong>DISCOURSE MARKERS IN SIMULTANEOUS INTERPRETING FROM SPANISH INTO ITALIAN (p. 14)<\/strong><\/a><\/h4>\n<\/td>\n<\/tr>\n<tr style=\"height: 110px\">\n<td style=\"height: 110px;width: 100%\">\n<h4><a href=\"https:\/\/wp.me\/P727kM-GZ\"><strong>Ver\u00f3nica Del Valle Cacela<\/strong><\/a><\/h4>\n<h4><a href=\"http:\/\/portale2.unime.it\/agon\/wp-content\/uploads\/sites\/104\/2021\/06\/S1703.pdf\"><strong>NUEVOS RETOS EN LA FORMACI\u00d3N DE INT\u00c9RPRETES JUDICIALES DE ITALIANO Y ESPA\u00d1OL: ALGUNAS OBSERVACIONES<\/strong><\/a><\/h4>\n<h4><a href=\"http:\/\/portale2.unime.it\/agon\/wp-content\/uploads\/sites\/104\/2021\/06\/S1703.pdf\"><strong>NEW CHALLENGES IN TRAINING LEGAL INTERPRETERS WITH PAIR OF LANGUAGES ITALIAN AND SPANISH: SOME REMARKS (p. 58)<\/strong><\/a><\/h4>\n<\/td>\n<\/tr>\n<tr style=\"height: 110px\">\n<td style=\"height: 110px;width: 100%\">\n<h4><strong><a href=\"https:\/\/wp.me\/P727kM-H3\">Elena Errico,<\/a> <a href=\"https:\/\/wp.me\/P727kM-H5\">Matteo Anfuso,<\/a> <a href=\"https:\/\/wp.me\/P727kM-H7\">Alice Pagano,<\/a> <a href=\"https:\/\/wp.me\/P727kM-H9\">Bianca Pongiglione<\/a><\/strong><\/h4>\n<h4><a href=\"http:\/\/portale2.unime.it\/agon\/wp-content\/uploads\/sites\/104\/2024\/02\/S1704.pdf\"><strong>IL <em>ROLE-PLAY<\/em> NELLA FORMAZIONE IN INTERPRETAZIONE DIALOGICA: ALCUNE OSSERVAZIONI SULL\u2019OMISSIONE\u00a0<\/strong><\/a><\/h4>\n<h4><a href=\"http:\/\/portale2.unime.it\/agon\/wp-content\/uploads\/sites\/104\/2024\/02\/S1704.pdf\"><strong><em>ROLE-PLAY<\/em> AS A TEACHING TOOL IN DIALOGUE INTERPRETING: <\/strong><strong>SOME REMARKS ON OMISSION (p. 79)<\/strong><\/a><\/h4>\n<\/td>\n<\/tr>\n<tr style=\"height: 132px\">\n<td style=\"height: 132px;width: 100%\">\n<h4><a href=\"https:\/\/wp.me\/P727kM-Hc\"><strong>Mar\u00eda Jes\u00fas Gonz\u00e1lez Rodr\u00edguez\u00a0<\/strong><\/a><\/h4>\n<h4><a href=\"http:\/\/portale2.unime.it\/agon\/wp-content\/uploads\/sites\/104\/2022\/02\/S1705.pdf\"><strong>\u2018HIBRIDACI\u00d3N\u2019 EN LA INTERPRETACI\u00d3N PARA ESCUCHAS TELEF\u00d3NICAS: APUNTES SOBRE LAS T\u00c9CNICAS UTILIZADAS EN SU PROCEDIMIENTO GEN\u00c9RICO\u00a0<\/strong><\/a><\/h4>\n<h4><a href=\"http:\/\/portale2.unime.it\/agon\/wp-content\/uploads\/sites\/104\/2022\/02\/S1705.pdf\"><strong>\u2018HYBRIDISATION\u2019 IN WIRETAP INTERPRETING: NOTES ON THE TECHNIQUES USED IN ITS MAIN PROCEDURES<\/strong><\/a><a href=\"http:\/\/portale2.unime.it\/agon\/wp-content\/uploads\/sites\/104\/2021\/06\/S1705.pdf\"><strong> (p. 116)<\/strong><\/a><\/h4>\n<\/td>\n<\/tr>\n<tr style=\"height: 110px\">\n<td style=\"height: 110px;width: 100%\">\n<h4><a href=\"https:\/\/wp.me\/P727kM-He\"><strong>Carmen Mata Pastor<\/strong><\/a><\/h4>\n<h4><a href=\"http:\/\/portale2.unime.it\/agon\/wp-content\/uploads\/sites\/104\/2021\/06\/S1706.pdf\"><strong>LA TRADUCCI\u00d3N A LA VISTA: COMPETENCIA ESTRAT\u00c9GICA Y DIRECCIONALIDAD. UN CASO DID\u00c1CTICO<\/strong><\/a><\/h4>\n<h4><a href=\"http:\/\/portale2.unime.it\/agon\/wp-content\/uploads\/sites\/104\/2021\/06\/S1706.pdf\"><strong>SIGHT TRANSLATION: STRATEGIC COMPETENCE AND DIRECTIONALITY. A DIDACTIC CASE (p. 148)<\/strong><\/a><\/h4>\n<\/td>\n<\/tr>\n<tr style=\"height: 110px\">\n<td style=\"height: 110px;width: 100%\">\n<h4><a href=\"https:\/\/wp.me\/P727kM-Hi\"><strong>Mara Morelli<\/strong><\/a><\/h4>\n<h4><a href=\"http:\/\/portale2.unime.it\/agon\/wp-content\/uploads\/sites\/104\/2021\/06\/S1707.pdf\"><strong>COMPETENCIAS (INTER)PERSONALES E INTERPRETACI\u00d3N: UNA APUESTA ENTRE PASADO Y FUTURO<\/strong><\/a><\/h4>\n<h4><a href=\"http:\/\/portale2.unime.it\/agon\/wp-content\/uploads\/sites\/104\/2021\/06\/S1707.pdf\"><strong>(INTER)PERSONAL COMPETENCES AND INTERPRETING: A CHALLENGE BETWEEN THE PAST AND THE FUTURE (p. 179)<\/strong><\/a><\/h4>\n<\/td>\n<\/tr>\n<tr style=\"height: 88px\">\n<td style=\"height: 88px;width: 100%\">\n<h4><strong><a href=\"https:\/\/wp.me\/P727kM-Hk\">Nicoletta Spinolo<\/a> <span style=\"color: #05a1b5\">y<\/span> <a href=\"https:\/\/wp.me\/P727kM-Hn\">Mariachiara Russo<\/a><\/strong><\/h4>\n<h4><a href=\"http:\/\/portale2.unime.it\/agon\/wp-content\/uploads\/sites\/104\/2021\/06\/S1708.pdf\"><strong>EL AN\u00c1LISIS DE ERRORES Y SU APLICACI\u00d3N A LA INTERPRETACI\u00d3N SIMULT\u00c1NEA<\/strong><\/a><\/h4>\n<h4><a href=\"http:\/\/portale2.unime.it\/agon\/wp-content\/uploads\/sites\/104\/2021\/06\/S1708.pdf\"><strong>ERROR ANALYSIS AND ITS APPLICATION TO SIMULTANEOUS INTERPRETING (p. 224)<\/strong><\/a><\/h4>\n<\/td>\n<\/tr>\n<tr style=\"height: 44px\">\n<td style=\"height: 44px;width: 100%\">\n<h4><a href=\"http:\/\/portale2.unime.it\/agon\/wp-content\/uploads\/sites\/104\/2021\/06\/S1709.pdf\"><strong>LOS AUTORES\u00a0<\/strong><\/a><\/h4>\n<h4><a href=\"http:\/\/portale2.unime.it\/agon\/wp-content\/uploads\/sites\/104\/2021\/06\/S1709.pdf\"><strong>THE AUTHORS (p. 260)<\/strong><\/a><\/h4>\n<\/td>\n<\/tr>\n<tr style=\"height: 22px\">\n<td style=\"height: 22px;width: 100%\">\n<h4><a href=\"http:\/\/portale2.unime.it\/agon\/wp-content\/uploads\/sites\/104\/2021\/06\/S1710.pdf\"><strong>AGON (p. 267)<\/strong><\/a><\/h4>\n<\/td>\n<\/tr>\n<\/tbody>\n<\/table>\n<p class=\"p12\">\n","protected":false},"excerpt":{"rendered":"<p>Quaderno n. 17 di \u00abAGON\u00bb (ISSN 2384-9045) Supplemento al n. 28 (gennaio-marzo 2021)\u00a0 &nbsp; Giuseppe Trovato \u00a0(Editor) &nbsp; Sara Bani \u2666 Ver\u00f3nica Del Valle Cacela Elena Errico, Matteo Anfuso, Alice Pagano, Bianca Pongiglione Mar\u00eda Jes\u00fas Gonz\u00e1lez Rodr\u00edguez \u2666 Carmen Mata &hellip; <a href=\"https:\/\/portale2.unime.it\/agon\/quaderni\/quaderni-11-20\/quaderno-17\/\">Continua a leggere<span class=\"meta-nav\">&rarr;<\/span><\/a><\/p>\n","protected":false},"author":1,"featured_media":0,"parent":3579,"menu_order":0,"comment_status":"closed","ping_status":"closed","template":"","meta":{"footnotes":""},"class_list":["post-2657","page","type-page","status-publish","hentry"],"yoast_head":"<!-- This site is optimized with the Yoast SEO plugin v27.3 - https:\/\/yoast.com\/product\/yoast-seo-wordpress\/ -->\n<title>Quaderno 17 - \u00abAGON\u00bb<\/title>\n<meta name=\"robots\" content=\"index, follow, max-snippet:-1, max-image-preview:large, max-video-preview:-1\" \/>\n<link rel=\"canonical\" href=\"https:\/\/portale2.unime.it\/agon\/quaderni\/quaderni-11-20\/quaderno-17\/\" \/>\n<meta property=\"og:locale\" content=\"it_IT\" \/>\n<meta property=\"og:type\" content=\"article\" \/>\n<meta property=\"og:title\" content=\"Quaderno 17 - \u00abAGON\u00bb\" \/>\n<meta property=\"og:description\" content=\"Quaderno n. 17 di \u00abAGON\u00bb (ISSN 2384-9045) Supplemento al n. 28 (gennaio-marzo 2021)\u00a0 &nbsp; Giuseppe Trovato \u00a0(Editor) &nbsp; Sara Bani \u2666 Ver\u00f3nica Del Valle Cacela Elena Errico, Matteo Anfuso, Alice Pagano, Bianca Pongiglione Mar\u00eda Jes\u00fas Gonz\u00e1lez Rodr\u00edguez \u2666 Carmen Mata &hellip; Continua a leggere&rarr;\" \/>\n<meta property=\"og:url\" content=\"https:\/\/portale2.unime.it\/agon\/quaderni\/quaderni-11-20\/quaderno-17\/\" \/>\n<meta property=\"og:site_name\" content=\"\u00abAGON\u00bb\" \/>\n<meta name=\"twitter:card\" content=\"summary_large_image\" \/>\n<meta name=\"twitter:label1\" content=\"Tempo di lettura stimato\" \/>\n\t<meta name=\"twitter:data1\" content=\"2 minuti\" \/>\n<script type=\"application\/ld+json\" class=\"yoast-schema-graph\">{\"@context\":\"https:\\\/\\\/schema.org\",\"@graph\":[{\"@type\":\"WebPage\",\"@id\":\"https:\\\/\\\/portale2.unime.it\\\/agon\\\/quaderni\\\/quaderni-11-20\\\/quaderno-17\\\/\",\"url\":\"https:\\\/\\\/portale2.unime.it\\\/agon\\\/quaderni\\\/quaderni-11-20\\\/quaderno-17\\\/\",\"name\":\"Quaderno 17 - \u00abAGON\u00bb\",\"isPartOf\":{\"@id\":\"https:\\\/\\\/portale2.unime.it\\\/agon\\\/#website\"},\"datePublished\":\"2021-06-20T17:31:48+00:00\",\"breadcrumb\":{\"@id\":\"https:\\\/\\\/portale2.unime.it\\\/agon\\\/quaderni\\\/quaderni-11-20\\\/quaderno-17\\\/#breadcrumb\"},\"inLanguage\":\"it-IT\",\"potentialAction\":[{\"@type\":\"ReadAction\",\"target\":[\"https:\\\/\\\/portale2.unime.it\\\/agon\\\/quaderni\\\/quaderni-11-20\\\/quaderno-17\\\/\"]}]},{\"@type\":\"BreadcrumbList\",\"@id\":\"https:\\\/\\\/portale2.unime.it\\\/agon\\\/quaderni\\\/quaderni-11-20\\\/quaderno-17\\\/#breadcrumb\",\"itemListElement\":[{\"@type\":\"ListItem\",\"position\":1,\"name\":\"Home\",\"item\":\"https:\\\/\\\/agon.unime.it\\\/\"},{\"@type\":\"ListItem\",\"position\":2,\"name\":\"Quaderni\",\"item\":\"https:\\\/\\\/portale2.unime.it\\\/agon\\\/quaderni\\\/\"},{\"@type\":\"ListItem\",\"position\":3,\"name\":\"Quaderni 11-20\",\"item\":\"https:\\\/\\\/portale2.unime.it\\\/agon\\\/quaderni\\\/quaderni-11-20\\\/\"},{\"@type\":\"ListItem\",\"position\":4,\"name\":\"Quaderno 17\"}]},{\"@type\":\"WebSite\",\"@id\":\"https:\\\/\\\/portale2.unime.it\\\/agon\\\/#website\",\"url\":\"https:\\\/\\\/portale2.unime.it\\\/agon\\\/\",\"name\":\"\u00abAGON\u00bb\",\"description\":\"Rivista Internazionale di Studi Culturali, Linguistici e Letterari (ISSN 2384-9045)\",\"potentialAction\":[{\"@type\":\"SearchAction\",\"target\":{\"@type\":\"EntryPoint\",\"urlTemplate\":\"https:\\\/\\\/portale2.unime.it\\\/agon\\\/?s={search_term_string}\"},\"query-input\":{\"@type\":\"PropertyValueSpecification\",\"valueRequired\":true,\"valueName\":\"search_term_string\"}}],\"inLanguage\":\"it-IT\"}]}<\/script>\n<!-- \/ Yoast SEO plugin. -->","yoast_head_json":{"title":"Quaderno 17 - \u00abAGON\u00bb","robots":{"index":"index","follow":"follow","max-snippet":"max-snippet:-1","max-image-preview":"max-image-preview:large","max-video-preview":"max-video-preview:-1"},"canonical":"https:\/\/portale2.unime.it\/agon\/quaderni\/quaderni-11-20\/quaderno-17\/","og_locale":"it_IT","og_type":"article","og_title":"Quaderno 17 - \u00abAGON\u00bb","og_description":"Quaderno n. 17 di \u00abAGON\u00bb (ISSN 2384-9045) Supplemento al n. 28 (gennaio-marzo 2021)\u00a0 &nbsp; Giuseppe Trovato \u00a0(Editor) &nbsp; Sara Bani \u2666 Ver\u00f3nica Del Valle Cacela Elena Errico, Matteo Anfuso, Alice Pagano, Bianca Pongiglione Mar\u00eda Jes\u00fas Gonz\u00e1lez Rodr\u00edguez \u2666 Carmen Mata &hellip; Continua a leggere&rarr;","og_url":"https:\/\/portale2.unime.it\/agon\/quaderni\/quaderni-11-20\/quaderno-17\/","og_site_name":"\u00abAGON\u00bb","twitter_card":"summary_large_image","twitter_misc":{"Tempo di lettura stimato":"2 minuti"},"schema":{"@context":"https:\/\/schema.org","@graph":[{"@type":"WebPage","@id":"https:\/\/portale2.unime.it\/agon\/quaderni\/quaderni-11-20\/quaderno-17\/","url":"https:\/\/portale2.unime.it\/agon\/quaderni\/quaderni-11-20\/quaderno-17\/","name":"Quaderno 17 - \u00abAGON\u00bb","isPartOf":{"@id":"https:\/\/portale2.unime.it\/agon\/#website"},"datePublished":"2021-06-20T17:31:48+00:00","breadcrumb":{"@id":"https:\/\/portale2.unime.it\/agon\/quaderni\/quaderni-11-20\/quaderno-17\/#breadcrumb"},"inLanguage":"it-IT","potentialAction":[{"@type":"ReadAction","target":["https:\/\/portale2.unime.it\/agon\/quaderni\/quaderni-11-20\/quaderno-17\/"]}]},{"@type":"BreadcrumbList","@id":"https:\/\/portale2.unime.it\/agon\/quaderni\/quaderni-11-20\/quaderno-17\/#breadcrumb","itemListElement":[{"@type":"ListItem","position":1,"name":"Home","item":"https:\/\/agon.unime.it\/"},{"@type":"ListItem","position":2,"name":"Quaderni","item":"https:\/\/portale2.unime.it\/agon\/quaderni\/"},{"@type":"ListItem","position":3,"name":"Quaderni 11-20","item":"https:\/\/portale2.unime.it\/agon\/quaderni\/quaderni-11-20\/"},{"@type":"ListItem","position":4,"name":"Quaderno 17"}]},{"@type":"WebSite","@id":"https:\/\/portale2.unime.it\/agon\/#website","url":"https:\/\/portale2.unime.it\/agon\/","name":"\u00abAGON\u00bb","description":"Rivista Internazionale di Studi Culturali, Linguistici e Letterari (ISSN 2384-9045)","potentialAction":[{"@type":"SearchAction","target":{"@type":"EntryPoint","urlTemplate":"https:\/\/portale2.unime.it\/agon\/?s={search_term_string}"},"query-input":{"@type":"PropertyValueSpecification","valueRequired":true,"valueName":"search_term_string"}}],"inLanguage":"it-IT"}]}},"_links":{"self":[{"href":"https:\/\/portale2.unime.it\/agon\/wp-json\/wp\/v2\/pages\/2657","targetHints":{"allow":["GET"]}}],"collection":[{"href":"https:\/\/portale2.unime.it\/agon\/wp-json\/wp\/v2\/pages"}],"about":[{"href":"https:\/\/portale2.unime.it\/agon\/wp-json\/wp\/v2\/types\/page"}],"author":[{"embeddable":true,"href":"https:\/\/portale2.unime.it\/agon\/wp-json\/wp\/v2\/users\/1"}],"replies":[{"embeddable":true,"href":"https:\/\/portale2.unime.it\/agon\/wp-json\/wp\/v2\/comments?post=2657"}],"version-history":[{"count":0,"href":"https:\/\/portale2.unime.it\/agon\/wp-json\/wp\/v2\/pages\/2657\/revisions"}],"up":[{"embeddable":true,"href":"https:\/\/portale2.unime.it\/agon\/wp-json\/wp\/v2\/pages\/3579"}],"wp:attachment":[{"href":"https:\/\/portale2.unime.it\/agon\/wp-json\/wp\/v2\/media?parent=2657"}],"curies":[{"name":"wp","href":"https:\/\/api.w.org\/{rel}","templated":true}]}}