{"id":3056,"date":"2023-01-19T23:01:06","date_gmt":"2023-01-19T22:01:06","guid":{"rendered":"https:\/\/portale.unime.it\/agon\/?page_id=3056"},"modified":"2023-01-19T23:01:06","modified_gmt":"2023-01-19T22:01:06","slug":"call-for-papers","status":"publish","type":"page","link":"https:\/\/portale2.unime.it\/agon\/call-for-papers\/","title":{"rendered":"Call for Papers"},"content":{"rendered":"<p class=\"x_MsoNormal\"><b><span class=\"x_ContentPasted2\" lang=\"EN-US\">Rivista \u00abAGON\u00bb (ISSN 2384-9045) agon.unime.it\u00a0<\/span><\/b><\/p>\n<p class=\"x_MsoNormal\"><span class=\"x_nvilj\"><b><span class=\"x_ContentPasted2\" lang=\"EN-US\">Call for papers \u00a0<\/span><\/b><\/span><\/p>\n<p class=\"x_MsoNormal\"><span class=\"x_nvilj\"><span class=\"x_ContentPasted2\" lang=\"ES\">Tema: \u00a0<\/span><\/span><\/p>\n<p class=\"x_MsoNormal\"><span class=\"x_nvilj\"><b><span class=\"x_ContentPasted2\" lang=\"ES\">La did\u00e1ctica de la contrastiva ling\u00fc\u00edstica en clase de lengua y traducci\u00f3n: estudios te\u00f3ricos y de campo \u00a0<\/span><\/b><\/span><\/p>\n<p class=\"x_MsoNormal\"><span class=\"x_nvilj\"><span class=\"x_ContentPasted2\">Gli studiosi interessati possono fare richiesta della versione estesa del\u00a0<i class=\"x_ContentPasted2\">Call for papers<\/i>\u00a0e successivamente proporre i loro contributi in formato Word (seguendo le istruzioni contenute nelle\u00a0<i class=\"x_ContentPasted2\">Norme per gli Autori<\/i>\u00a0e nel\u00a0<i class=\"x_ContentPasted2\">Codice Etico<\/i>\u00a0presenti sul sito della Rivista), entro il cinque giugno 2023, rivolgendosi via e-mail a:\u00a0<\/span><\/span><\/p>\n<p class=\"x_MsoNormal\"><span class=\"x_ContentPasted2\" lang=\"ES\">Dott. Rub\u00e9n Gonz\u00e1lez Vallejo \u00a0<\/span><\/p>\n<p class=\"x_MsoNormal\"><span class=\"x_ContentPasted2\" lang=\"ES\">Investigador en la Universidad de Salamanca\u00a0\u00a0<\/span><\/p>\n<p class=\"x_MsoNormal\"><span class=\"x_ContentPasted2\">e-mail:\u00a0<a id=\"LPlnk511171\" class=\"x_ContentPasted2\" href=\"mailto:u156528@usal.es\" target=\"_blank\" rel=\"noopener noreferrer\" data-auth=\"NotApplicable\" data-loopstyle=\"link\" data-safelink=\"true\" data-linkindex=\"0\">u156528@usal.es<\/a>\u00a0\u00a0<\/span><\/p>\n<p class=\"x_MsoNormal\"><span class=\"x_ContentPasted2\">I contributi devono essere accompagnati\u00a0<span class=\"x_nvilj x_ContentPasted2\">dal\u00a0<i class=\"x_ContentPasted2\">Curriculum vitae et studiorum<\/i>\u00a0degli Autor<\/span><\/span><\/p>\n","protected":false},"excerpt":{"rendered":"<p>Rivista \u00abAGON\u00bb (ISSN 2384-9045) agon.unime.it\u00a0 Call for papers \u00a0 Tema: \u00a0 La did\u00e1ctica de la contrastiva ling\u00fc\u00edstica en clase de lengua y traducci\u00f3n: estudios te\u00f3ricos y de campo \u00a0 Gli studiosi interessati possono fare richiesta della versione estesa del\u00a0Call for &hellip; <a href=\"https:\/\/portale2.unime.it\/agon\/call-for-papers\/\">Continua a leggere<span class=\"meta-nav\">&rarr;<\/span><\/a><\/p>\n","protected":false},"author":1,"featured_media":0,"parent":0,"menu_order":0,"comment_status":"closed","ping_status":"closed","template":"","meta":{"footnotes":""},"class_list":["post-3056","page","type-page","status-publish","hentry"],"yoast_head":"<!-- This site is optimized with the Yoast SEO plugin v27.3 - https:\/\/yoast.com\/product\/yoast-seo-wordpress\/ -->\n<title>Call for Papers - \u00abAGON\u00bb<\/title>\n<meta name=\"robots\" content=\"index, follow, max-snippet:-1, max-image-preview:large, max-video-preview:-1\" \/>\n<link rel=\"canonical\" href=\"https:\/\/portale2.unime.it\/agon\/call-for-papers\/\" \/>\n<meta property=\"og:locale\" content=\"it_IT\" \/>\n<meta property=\"og:type\" content=\"article\" \/>\n<meta property=\"og:title\" content=\"Call for Papers - \u00abAGON\u00bb\" \/>\n<meta property=\"og:description\" content=\"Rivista \u00abAGON\u00bb (ISSN 2384-9045) agon.unime.it\u00a0 Call for papers \u00a0 Tema: \u00a0 La did\u00e1ctica de la contrastiva ling\u00fc\u00edstica en clase de lengua y traducci\u00f3n: estudios te\u00f3ricos y de campo \u00a0 Gli studiosi interessati possono fare richiesta della versione estesa del\u00a0Call for &hellip; Continua a leggere&rarr;\" \/>\n<meta property=\"og:url\" content=\"https:\/\/portale2.unime.it\/agon\/call-for-papers\/\" \/>\n<meta property=\"og:site_name\" content=\"\u00abAGON\u00bb\" \/>\n<meta name=\"twitter:card\" content=\"summary_large_image\" \/>\n<meta name=\"twitter:label1\" content=\"Tempo di lettura stimato\" \/>\n\t<meta name=\"twitter:data1\" content=\"1 minuto\" \/>\n<script type=\"application\/ld+json\" class=\"yoast-schema-graph\">{\"@context\":\"https:\\\/\\\/schema.org\",\"@graph\":[{\"@type\":\"WebPage\",\"@id\":\"https:\\\/\\\/portale2.unime.it\\\/agon\\\/call-for-papers\\\/\",\"url\":\"https:\\\/\\\/portale2.unime.it\\\/agon\\\/call-for-papers\\\/\",\"name\":\"Call for Papers - \u00abAGON\u00bb\",\"isPartOf\":{\"@id\":\"https:\\\/\\\/portale2.unime.it\\\/agon\\\/#website\"},\"datePublished\":\"2023-01-19T22:01:06+00:00\",\"breadcrumb\":{\"@id\":\"https:\\\/\\\/portale2.unime.it\\\/agon\\\/call-for-papers\\\/#breadcrumb\"},\"inLanguage\":\"it-IT\",\"potentialAction\":[{\"@type\":\"ReadAction\",\"target\":[\"https:\\\/\\\/portale2.unime.it\\\/agon\\\/call-for-papers\\\/\"]}]},{\"@type\":\"BreadcrumbList\",\"@id\":\"https:\\\/\\\/portale2.unime.it\\\/agon\\\/call-for-papers\\\/#breadcrumb\",\"itemListElement\":[{\"@type\":\"ListItem\",\"position\":1,\"name\":\"Home\",\"item\":\"https:\\\/\\\/agon.unime.it\\\/\"},{\"@type\":\"ListItem\",\"position\":2,\"name\":\"Call for Papers\"}]},{\"@type\":\"WebSite\",\"@id\":\"https:\\\/\\\/portale2.unime.it\\\/agon\\\/#website\",\"url\":\"https:\\\/\\\/portale2.unime.it\\\/agon\\\/\",\"name\":\"\u00abAGON\u00bb\",\"description\":\"Rivista Internazionale di Studi Culturali, Linguistici e Letterari (ISSN 2384-9045)\",\"potentialAction\":[{\"@type\":\"SearchAction\",\"target\":{\"@type\":\"EntryPoint\",\"urlTemplate\":\"https:\\\/\\\/portale2.unime.it\\\/agon\\\/?s={search_term_string}\"},\"query-input\":{\"@type\":\"PropertyValueSpecification\",\"valueRequired\":true,\"valueName\":\"search_term_string\"}}],\"inLanguage\":\"it-IT\"}]}<\/script>\n<!-- \/ Yoast SEO plugin. -->","yoast_head_json":{"title":"Call for Papers - \u00abAGON\u00bb","robots":{"index":"index","follow":"follow","max-snippet":"max-snippet:-1","max-image-preview":"max-image-preview:large","max-video-preview":"max-video-preview:-1"},"canonical":"https:\/\/portale2.unime.it\/agon\/call-for-papers\/","og_locale":"it_IT","og_type":"article","og_title":"Call for Papers - \u00abAGON\u00bb","og_description":"Rivista \u00abAGON\u00bb (ISSN 2384-9045) agon.unime.it\u00a0 Call for papers \u00a0 Tema: \u00a0 La did\u00e1ctica de la contrastiva ling\u00fc\u00edstica en clase de lengua y traducci\u00f3n: estudios te\u00f3ricos y de campo \u00a0 Gli studiosi interessati possono fare richiesta della versione estesa del\u00a0Call for &hellip; Continua a leggere&rarr;","og_url":"https:\/\/portale2.unime.it\/agon\/call-for-papers\/","og_site_name":"\u00abAGON\u00bb","twitter_card":"summary_large_image","twitter_misc":{"Tempo di lettura stimato":"1 minuto"},"schema":{"@context":"https:\/\/schema.org","@graph":[{"@type":"WebPage","@id":"https:\/\/portale2.unime.it\/agon\/call-for-papers\/","url":"https:\/\/portale2.unime.it\/agon\/call-for-papers\/","name":"Call for Papers - \u00abAGON\u00bb","isPartOf":{"@id":"https:\/\/portale2.unime.it\/agon\/#website"},"datePublished":"2023-01-19T22:01:06+00:00","breadcrumb":{"@id":"https:\/\/portale2.unime.it\/agon\/call-for-papers\/#breadcrumb"},"inLanguage":"it-IT","potentialAction":[{"@type":"ReadAction","target":["https:\/\/portale2.unime.it\/agon\/call-for-papers\/"]}]},{"@type":"BreadcrumbList","@id":"https:\/\/portale2.unime.it\/agon\/call-for-papers\/#breadcrumb","itemListElement":[{"@type":"ListItem","position":1,"name":"Home","item":"https:\/\/agon.unime.it\/"},{"@type":"ListItem","position":2,"name":"Call for Papers"}]},{"@type":"WebSite","@id":"https:\/\/portale2.unime.it\/agon\/#website","url":"https:\/\/portale2.unime.it\/agon\/","name":"\u00abAGON\u00bb","description":"Rivista Internazionale di Studi Culturali, Linguistici e Letterari (ISSN 2384-9045)","potentialAction":[{"@type":"SearchAction","target":{"@type":"EntryPoint","urlTemplate":"https:\/\/portale2.unime.it\/agon\/?s={search_term_string}"},"query-input":{"@type":"PropertyValueSpecification","valueRequired":true,"valueName":"search_term_string"}}],"inLanguage":"it-IT"}]}},"_links":{"self":[{"href":"https:\/\/portale2.unime.it\/agon\/wp-json\/wp\/v2\/pages\/3056","targetHints":{"allow":["GET"]}}],"collection":[{"href":"https:\/\/portale2.unime.it\/agon\/wp-json\/wp\/v2\/pages"}],"about":[{"href":"https:\/\/portale2.unime.it\/agon\/wp-json\/wp\/v2\/types\/page"}],"author":[{"embeddable":true,"href":"https:\/\/portale2.unime.it\/agon\/wp-json\/wp\/v2\/users\/1"}],"replies":[{"embeddable":true,"href":"https:\/\/portale2.unime.it\/agon\/wp-json\/wp\/v2\/comments?post=3056"}],"version-history":[{"count":0,"href":"https:\/\/portale2.unime.it\/agon\/wp-json\/wp\/v2\/pages\/3056\/revisions"}],"wp:attachment":[{"href":"https:\/\/portale2.unime.it\/agon\/wp-json\/wp\/v2\/media?parent=3056"}],"curies":[{"name":"wp","href":"https:\/\/api.w.org\/{rel}","templated":true}]}}