{"id":3177,"date":"2023-10-31T19:58:46","date_gmt":"2023-10-31T18:58:46","guid":{"rendered":"https:\/\/portale.unime.it\/agon\/?page_id=3177"},"modified":"2023-10-31T19:58:46","modified_gmt":"2023-10-31T18:58:46","slug":"quaderno-21","status":"publish","type":"page","link":"https:\/\/portale2.unime.it\/agon\/quaderni\/quaderno-21\/","title":{"rendered":"Quaderno 21"},"content":{"rendered":"<h4 class=\"p13\"><b><i>Quaderno n. 21 di \u00abAGON\u00bb (ISSN 2384-9045) <\/i><\/b><\/h4>\n<h4 class=\"p13\"><b><i>Supplemento al n. 3<\/i><\/b><b style=\"font-size: 15px\"><i>7 (aprile-giugno 2023)<\/i><\/b><\/h4>\n<h4 class=\"p15\"><\/h4>\n<p>&nbsp;<\/p>\n<h4 style=\"font-weight: 400;text-align: center\"><a href=\"https:\/\/portale2.unime.it\/agon\/agon\/autori\/g-l\/gonzalez-vallejo-ruben\/\"><span style=\"color: #3366ff\"><strong>Rub\u00e9n Gonz\u00e1lez Vallejo<\/strong><\/span><\/a><\/h4>\n<h4 style=\"font-weight: 400;text-align: center\"><a href=\"https:\/\/portale2.unime.it\/agon\/agon\/autori\/g-l\/gonzalez-vallejo-ruben\/\"><span style=\"color: #3366ff\"><strong>(Editor)<\/strong><\/span><\/a><\/h4>\n<h4 class=\"p5\" style=\"text-align: center\"><span style=\"color: #ff0000\"><i>\u00a0<\/i><\/span><\/h4>\n<p>&nbsp;<\/p>\n<p style=\"font-weight: 400;text-align: center\"><span style=\"color: #0000ff\"><strong>LA DID\u00c1CTICA DE LA CONTRASTIVA LING\u00dc\u00cdSTICA EN CLASE DE LENGUA Y TRADUCCI\u00d3N: ESTUDIOS TE\u00d3RICOS Y DE CAMPO C<\/strong><strong>ONTRA<\/strong><strong>STIVE LINGUISTICS AND ITS DIDACTICS IN LANGUAGE AND TRANSLATION CLASSES: THEORETICAL AND PRACTICAL STUDIES\u00a0<\/strong><\/span><\/p>\n<p>&nbsp;<\/p>\n<h4 style=\"font-weight: 400;text-align: center\"><a href=\"http:\/\/portale2.unime.it\/agon\/wp-content\/uploads\/sites\/104\/2023\/10\/AGON-Quaderno-21.0-Indice-OK.pdf\"><strong>\u00cdNDICE <\/strong><\/a><\/h4>\n<h4 style=\"font-weight: 400;text-align: center\"><a href=\"http:\/\/portale2.unime.it\/agon\/wp-content\/uploads\/sites\/104\/2023\/10\/AGON-Quaderno-21.0-Indice-OK.pdf\"><strong>INDEX<\/strong><\/a><\/h4>\n<h4 style=\"text-align: center\"><\/h4>\n<table style=\"font-weight: 400\" width=\"621\">\n<tbody>\n<tr>\n<td width=\"621\">\n<h4><a href=\"https:\/\/portale2.unime.it\/agon\/agon\/autori\/g-l\/gonzalez-vallejo-ruben\/\"><strong>Rub\u00e9n Gonza\u0301lez Vallejo <\/strong><\/a><\/h4>\n<h4><a href=\"http:\/\/portale2.unime.it\/agon\/wp-content\/uploads\/sites\/104\/2023\/10\/S2101.pdf\"><strong>INTRODUCCI<\/strong><strong>\u00d3N <\/strong><\/a><\/h4>\n<h4><a href=\"http:\/\/portale2.unime.it\/agon\/wp-content\/uploads\/sites\/104\/2023\/10\/S2101.pdf\"><strong>I<\/strong><strong style=\"font-family: inherit\">NTRODUCTION (pp. 3-7)<\/strong><\/a><\/h4>\n<\/td>\n<\/tr>\n<tr>\n<td width=\"621\">\n<h4><a href=\"https:\/\/portale2.unime.it\/agon\/agon\/autori\/g-l\/genovese-marilena\/%20%E2%80%8E\"><strong>Marilena Genovese<\/strong><\/a><\/h4>\n<h4><a href=\"http:\/\/portale2.unime.it\/agon\/wp-content\/uploads\/sites\/104\/2023\/10\/S2102.pdf\"><strong>LES INTERF\u00c9RENCES DE L\u2019ITALIEN SUR LE FRAN\u00c7AIS DANS QUELQUES COURS UNIVERSITAIRES DE NIVEAU A1\/A2 <\/strong><\/a><\/h4>\n<h4><a href=\"http:\/\/portale2.unime.it\/agon\/wp-content\/uploads\/sites\/104\/2023\/10\/S2102.pdf\"><strong>I<\/strong><strong style=\"font-family: inherit\">TALIAN LANGUAGE INTERFERENCES ON THE FRENCH LANGUAGE IN <\/strong><strong style=\"font-family: inherit\">SOME UNIVERSITY COURSES FOR LEVELS A1\/A2 <\/strong><strong style=\"font-family: inherit\">(pp. 8-36<\/strong><strong style=\"font-family: inherit\">)\u00a0<\/strong><\/a><\/h4>\n<\/td>\n<\/tr>\n<tr>\n<td width=\"621\">\n<h4><a href=\"https:\/\/portale2.unime.it\/agon\/agon\/autori\/a-f\/alfano-iolanda\/\"><strong>Iolanda Alfano<\/strong><\/a><\/h4>\n<h4><a href=\"http:\/\/portale2.unime.it\/agon\/wp-content\/uploads\/sites\/104\/2024\/02\/S2103.pdf\"><strong>REFLEXIONES PARA UNA PROPUESTA DID\u00c1CTICA DEL ACENTO EN ESPA\u00d1OL COMO LENGUA EXTRANJERA <\/strong><\/a><\/h4>\n<h4><a href=\"http:\/\/portale2.unime.it\/agon\/wp-content\/uploads\/sites\/104\/2024\/02\/S2103.pdf\"><strong>R<\/strong><strong style=\"font-family: inherit\">EFLECTIONS FOR A DIDACTIC PROPOSAL ON STRESS IN SPANISH AS A FOREIGN LANGUAGE (pp. 37-70)<\/strong><\/a><\/h4>\n<\/td>\n<\/tr>\n<tr>\n<td width=\"621\">\n<h4><a href=\"https:\/\/portale2.unime.it\/agon\/agon\/autori\/a-f\/arroyo-hernandez-ignacio\/\"><strong>Ignacio Arroyo Hern\u00e1ndez<\/strong><\/a><\/h4>\n<h4><a href=\"http:\/\/portale2.unime.it\/agon\/wp-content\/uploads\/sites\/104\/2023\/10\/S2104.pdf\"><strong>EQUIVALENCIA, TRADUCCI\u00d3N Y CONTRASTIVIDAD: VERBOS DE MOVIMIENTO EN ESPA\u00d1OL E ITALIANO <\/strong><\/a><\/h4>\n<h4><a href=\"http:\/\/portale2.unime.it\/agon\/wp-content\/uploads\/sites\/104\/2023\/10\/S2104.pdf\"><strong>E<\/strong><strong style=\"font-family: inherit\">QUIVALENCE, TRANSLATION AND CONTRASTIVITY: VERBS OF MOVEMENT IN SPANISH AND ITALIAN<\/strong><strong style=\"font-family: inherit\"> (pp. 71-100)<\/strong><\/a><\/h4>\n<\/td>\n<\/tr>\n<tr>\n<td width=\"621\">\n<h4><a href=\"https:\/\/portale2.unime.it\/agon\/agon\/autori\/m-r\/migliorelli-matteo\/\"><strong>Matteo Migliorelli<\/strong><\/a><\/h4>\n<h4><a href=\"http:\/\/portale2.unime.it\/agon\/wp-content\/uploads\/sites\/104\/2023\/10\/S2105.pdf\"><strong>L\u2019APPRENDIMENTO DEL PORTOGHESE DA PARTE DI STUDENTI UNIVERSITARI ITALOFONI: IL RUOLO DELLA CROSSLINGUISTIC INFLUENCE <\/strong><\/a><\/h4>\n<h4><a href=\"http:\/\/portale2.unime.it\/agon\/wp-content\/uploads\/sites\/104\/2023\/10\/S2105.pdf\"><strong>L<\/strong><strong style=\"font-family: inherit\">EARNING PORTUGUESE BY ITALIAN-SPEAKING UNIVERSITY STUDENTS: THE ROLE OF CROSSLINGUIST INFLUENCE <\/strong><strong style=\"font-family: inherit\">(pp. 101-135)<\/strong><\/a><\/h4>\n<\/td>\n<\/tr>\n<tr>\n<td width=\"621\">\n<h4><a href=\"https:\/\/portale2.unime.it\/agon\/agon\/autori\/g-l\/giacobbe-giuliana-antonella\/\"><strong>Giuliana Antonella Giacobbe<\/strong><\/a><\/h4>\n<h4><a href=\"http:\/\/portale2.unime.it\/agon\/wp-content\/uploads\/sites\/104\/2023\/10\/S2106.pdf\"><strong>EL APRENDIZAJE DE REGISTROS Y VARIEDADES DEL ITALIANO L2: UNA PROPUESTA DID\u00c1CTICA A TRAV\u00c9S DE UN <em>QUIZ <\/em>MUSICAL <\/strong><\/a><\/h4>\n<h4><a href=\"http:\/\/portale2.unime.it\/agon\/wp-content\/uploads\/sites\/104\/2023\/10\/S2106.pdf\"><strong>L<\/strong><strong style=\"font-family: inherit\">EARNING REGISTERS AND VARIETIES OF ITALIAN L2: A DIDACTIC PROPOSAL THROUGH A MUSICAL QUIZ (pp. 136-163)<\/strong><\/a><\/h4>\n<\/td>\n<\/tr>\n<tr>\n<td width=\"621\">\n<h4><a href=\"https:\/\/portale2.unime.it\/agon\/agon\/autori\/m-r\/porta-adriana-mabel\/\"><strong>Adriana Mabel Porta <\/strong><\/a><\/h4>\n<h4><strong><a href=\"http:\/\/portale2.unime.it\/agon\/wp-content\/uploads\/sites\/104\/2023\/10\/S2107.pdf\">DIFICULTADES Y ESTRATEGIAS DE TRADUCCI\u00d3N EN <em>L\u2019OSTERIA DEI BISTICCI E DEGLI AMORI<\/em> DE VIRGINIA HIGA<\/a>\u00a0<\/strong><\/h4>\n<h4><a href=\"http:\/\/portale2.unime.it\/agon\/wp-content\/uploads\/sites\/104\/2023\/10\/S2107.pdf\"><strong> C<\/strong><strong style=\"font-family: inherit\">HALLENGES AND TRANSLATION STRATEGIES IN <em>L\u2019OSTERIA DEI BISTICCI E DEGLI AMORI<\/em> BY VIRGINIA HIGA (pp. 164-200)<\/strong><\/a><\/h4>\n<\/td>\n<\/tr>\n<tr>\n<td width=\"621\">\n<h4><a href=\"http:\/\/portale2.unime.it\/agon\/wp-content\/uploads\/sites\/104\/2023\/10\/S2108.pdf\"><strong>Gli Autori <\/strong><\/a><\/h4>\n<h4><a href=\"http:\/\/portale2.unime.it\/agon\/wp-content\/uploads\/sites\/104\/2023\/10\/S2108.pdf\"><strong>T<\/strong><strong style=\"font-family: inherit\">he Authors (pp. 201-204)<\/strong><\/a><\/h4>\n<\/td>\n<\/tr>\n<tr>\n<td width=\"621\">\n<h4><a href=\"http:\/\/portale2.unime.it\/agon\/wp-content\/uploads\/sites\/104\/2023\/10\/S2109.pdf\"><strong>AGON (pp. 205-207)<\/strong><\/a><\/h4>\n<\/td>\n<\/tr>\n<\/tbody>\n<\/table>\n<h4 style=\"font-weight: 400\"><strong>\u00a0<\/strong><\/h4>\n<p style=\"font-weight: 400\">\n","protected":false},"excerpt":{"rendered":"<p>Quaderno n. 21 di \u00abAGON\u00bb (ISSN 2384-9045) Supplemento al n. 37 (aprile-giugno 2023) &nbsp; Rub\u00e9n Gonz\u00e1lez Vallejo (Editor) \u00a0 &nbsp; LA DID\u00c1CTICA DE LA CONTRASTIVA LING\u00dc\u00cdSTICA EN CLASE DE LENGUA Y TRADUCCI\u00d3N: ESTUDIOS TE\u00d3RICOS Y DE CAMPO CONTRASTIVE LINGUISTICS AND &hellip; <a href=\"https:\/\/portale2.unime.it\/agon\/quaderni\/quaderno-21\/\">Continua a leggere<span class=\"meta-nav\">&rarr;<\/span><\/a><\/p>\n","protected":false},"author":1,"featured_media":0,"parent":501,"menu_order":0,"comment_status":"closed","ping_status":"closed","template":"","meta":{"footnotes":""},"class_list":["post-3177","page","type-page","status-publish","hentry"],"yoast_head":"<!-- This site is optimized with the Yoast SEO plugin v27.3 - https:\/\/yoast.com\/product\/yoast-seo-wordpress\/ -->\n<title>Quaderno 21 - \u00abAGON\u00bb<\/title>\n<meta name=\"robots\" content=\"index, follow, max-snippet:-1, max-image-preview:large, max-video-preview:-1\" \/>\n<link rel=\"canonical\" href=\"https:\/\/portale2.unime.it\/agon\/quaderni\/quaderno-21\/\" \/>\n<meta property=\"og:locale\" content=\"it_IT\" \/>\n<meta property=\"og:type\" content=\"article\" \/>\n<meta property=\"og:title\" content=\"Quaderno 21 - \u00abAGON\u00bb\" \/>\n<meta property=\"og:description\" content=\"Quaderno n. 21 di \u00abAGON\u00bb (ISSN 2384-9045) Supplemento al n. 37 (aprile-giugno 2023) &nbsp; Rub\u00e9n Gonz\u00e1lez Vallejo (Editor) \u00a0 &nbsp; LA DID\u00c1CTICA DE LA CONTRASTIVA LING\u00dc\u00cdSTICA EN CLASE DE LENGUA Y TRADUCCI\u00d3N: ESTUDIOS TE\u00d3RICOS Y DE CAMPO CONTRASTIVE LINGUISTICS AND &hellip; Continua a leggere&rarr;\" \/>\n<meta property=\"og:url\" content=\"https:\/\/portale2.unime.it\/agon\/quaderni\/quaderno-21\/\" \/>\n<meta property=\"og:site_name\" content=\"\u00abAGON\u00bb\" \/>\n<meta name=\"twitter:card\" content=\"summary_large_image\" \/>\n<meta name=\"twitter:label1\" content=\"Tempo di lettura stimato\" \/>\n\t<meta name=\"twitter:data1\" content=\"1 minuto\" \/>\n<script type=\"application\/ld+json\" class=\"yoast-schema-graph\">{\"@context\":\"https:\\\/\\\/schema.org\",\"@graph\":[{\"@type\":\"WebPage\",\"@id\":\"https:\\\/\\\/portale2.unime.it\\\/agon\\\/quaderni\\\/quaderno-21\\\/\",\"url\":\"https:\\\/\\\/portale2.unime.it\\\/agon\\\/quaderni\\\/quaderno-21\\\/\",\"name\":\"Quaderno 21 - \u00abAGON\u00bb\",\"isPartOf\":{\"@id\":\"https:\\\/\\\/portale2.unime.it\\\/agon\\\/#website\"},\"datePublished\":\"2023-10-31T18:58:46+00:00\",\"breadcrumb\":{\"@id\":\"https:\\\/\\\/portale2.unime.it\\\/agon\\\/quaderni\\\/quaderno-21\\\/#breadcrumb\"},\"inLanguage\":\"it-IT\",\"potentialAction\":[{\"@type\":\"ReadAction\",\"target\":[\"https:\\\/\\\/portale2.unime.it\\\/agon\\\/quaderni\\\/quaderno-21\\\/\"]}]},{\"@type\":\"BreadcrumbList\",\"@id\":\"https:\\\/\\\/portale2.unime.it\\\/agon\\\/quaderni\\\/quaderno-21\\\/#breadcrumb\",\"itemListElement\":[{\"@type\":\"ListItem\",\"position\":1,\"name\":\"Home\",\"item\":\"https:\\\/\\\/agon.unime.it\\\/\"},{\"@type\":\"ListItem\",\"position\":2,\"name\":\"Quaderni\",\"item\":\"https:\\\/\\\/portale2.unime.it\\\/agon\\\/quaderni\\\/\"},{\"@type\":\"ListItem\",\"position\":3,\"name\":\"Quaderno 21\"}]},{\"@type\":\"WebSite\",\"@id\":\"https:\\\/\\\/portale2.unime.it\\\/agon\\\/#website\",\"url\":\"https:\\\/\\\/portale2.unime.it\\\/agon\\\/\",\"name\":\"\u00abAGON\u00bb\",\"description\":\"Rivista Internazionale di Studi Culturali, Linguistici e Letterari (ISSN 2384-9045)\",\"potentialAction\":[{\"@type\":\"SearchAction\",\"target\":{\"@type\":\"EntryPoint\",\"urlTemplate\":\"https:\\\/\\\/portale2.unime.it\\\/agon\\\/?s={search_term_string}\"},\"query-input\":{\"@type\":\"PropertyValueSpecification\",\"valueRequired\":true,\"valueName\":\"search_term_string\"}}],\"inLanguage\":\"it-IT\"}]}<\/script>\n<!-- \/ Yoast SEO plugin. -->","yoast_head_json":{"title":"Quaderno 21 - \u00abAGON\u00bb","robots":{"index":"index","follow":"follow","max-snippet":"max-snippet:-1","max-image-preview":"max-image-preview:large","max-video-preview":"max-video-preview:-1"},"canonical":"https:\/\/portale2.unime.it\/agon\/quaderni\/quaderno-21\/","og_locale":"it_IT","og_type":"article","og_title":"Quaderno 21 - \u00abAGON\u00bb","og_description":"Quaderno n. 21 di \u00abAGON\u00bb (ISSN 2384-9045) Supplemento al n. 37 (aprile-giugno 2023) &nbsp; Rub\u00e9n Gonz\u00e1lez Vallejo (Editor) \u00a0 &nbsp; LA DID\u00c1CTICA DE LA CONTRASTIVA LING\u00dc\u00cdSTICA EN CLASE DE LENGUA Y TRADUCCI\u00d3N: ESTUDIOS TE\u00d3RICOS Y DE CAMPO CONTRASTIVE LINGUISTICS AND &hellip; Continua a leggere&rarr;","og_url":"https:\/\/portale2.unime.it\/agon\/quaderni\/quaderno-21\/","og_site_name":"\u00abAGON\u00bb","twitter_card":"summary_large_image","twitter_misc":{"Tempo di lettura stimato":"1 minuto"},"schema":{"@context":"https:\/\/schema.org","@graph":[{"@type":"WebPage","@id":"https:\/\/portale2.unime.it\/agon\/quaderni\/quaderno-21\/","url":"https:\/\/portale2.unime.it\/agon\/quaderni\/quaderno-21\/","name":"Quaderno 21 - \u00abAGON\u00bb","isPartOf":{"@id":"https:\/\/portale2.unime.it\/agon\/#website"},"datePublished":"2023-10-31T18:58:46+00:00","breadcrumb":{"@id":"https:\/\/portale2.unime.it\/agon\/quaderni\/quaderno-21\/#breadcrumb"},"inLanguage":"it-IT","potentialAction":[{"@type":"ReadAction","target":["https:\/\/portale2.unime.it\/agon\/quaderni\/quaderno-21\/"]}]},{"@type":"BreadcrumbList","@id":"https:\/\/portale2.unime.it\/agon\/quaderni\/quaderno-21\/#breadcrumb","itemListElement":[{"@type":"ListItem","position":1,"name":"Home","item":"https:\/\/agon.unime.it\/"},{"@type":"ListItem","position":2,"name":"Quaderni","item":"https:\/\/portale2.unime.it\/agon\/quaderni\/"},{"@type":"ListItem","position":3,"name":"Quaderno 21"}]},{"@type":"WebSite","@id":"https:\/\/portale2.unime.it\/agon\/#website","url":"https:\/\/portale2.unime.it\/agon\/","name":"\u00abAGON\u00bb","description":"Rivista Internazionale di Studi Culturali, Linguistici e Letterari (ISSN 2384-9045)","potentialAction":[{"@type":"SearchAction","target":{"@type":"EntryPoint","urlTemplate":"https:\/\/portale2.unime.it\/agon\/?s={search_term_string}"},"query-input":{"@type":"PropertyValueSpecification","valueRequired":true,"valueName":"search_term_string"}}],"inLanguage":"it-IT"}]}},"_links":{"self":[{"href":"https:\/\/portale2.unime.it\/agon\/wp-json\/wp\/v2\/pages\/3177","targetHints":{"allow":["GET"]}}],"collection":[{"href":"https:\/\/portale2.unime.it\/agon\/wp-json\/wp\/v2\/pages"}],"about":[{"href":"https:\/\/portale2.unime.it\/agon\/wp-json\/wp\/v2\/types\/page"}],"author":[{"embeddable":true,"href":"https:\/\/portale2.unime.it\/agon\/wp-json\/wp\/v2\/users\/1"}],"replies":[{"embeddable":true,"href":"https:\/\/portale2.unime.it\/agon\/wp-json\/wp\/v2\/comments?post=3177"}],"version-history":[{"count":0,"href":"https:\/\/portale2.unime.it\/agon\/wp-json\/wp\/v2\/pages\/3177\/revisions"}],"up":[{"embeddable":true,"href":"https:\/\/portale2.unime.it\/agon\/wp-json\/wp\/v2\/pages\/501"}],"wp:attachment":[{"href":"https:\/\/portale2.unime.it\/agon\/wp-json\/wp\/v2\/media?parent=3177"}],"curies":[{"name":"wp","href":"https:\/\/api.w.org\/{rel}","templated":true}]}}