{"id":4356,"date":"2026-02-05T17:04:44","date_gmt":"2026-02-05T16:04:44","guid":{"rendered":"https:\/\/portale2.unime.it\/agon\/?page_id=4356"},"modified":"2026-02-05T17:05:12","modified_gmt":"2026-02-05T16:05:12","slug":"authors","status":"publish","type":"page","link":"https:\/\/portale2.unime.it\/agon\/en\/authors\/","title":{"rendered":"Authors"},"content":{"rendered":"<h2>Pietro Francesco Carlo<\/h2>\n<h4><strong><a href=\"http:\/\/agon.unime.it\/files\/2014\/10\/0205.pdf\">I \u201cNeet\u201d come problematica di rilevanza comunitaria e l\u2019azione delle istituzioni dell\u2019Unione Europea tra obblighi del Trattato e principio di proporzionalit\u00e0<\/a><\/strong><\/h4>\n<p>&nbsp;<\/p>\n<h2>Valeria Cafarelli<\/h2>\n<h4><strong><a href=\"http:\/\/agon.unime.it\/files\/2014\/10\/0204.pdf\">L\u2019inganno del dono<\/a><\/strong><\/h4>\n<p>&nbsp;<\/p>\n<h2>Patr\u00edcia Margarida Farias Coelho<\/h2>\n<h4><strong><a href=\"http:\/\/agon.unime.it\/files\/2014\/10\/0201.pdf\">As imagens fetiches do Game DC Universe disponibilizadas em distintas plataformas digitais<\/a><\/strong><\/h4>\n<p>&nbsp;<\/p>\n<p>Ren\u00e9 Corona<\/p>\n<p><strong><a href=\"http:\/\/agon.unime.it\/files\/2014\/07\/0102.pdf\">Una scrittura del disincanto<\/a><\/strong><\/p>\n<h2><strong><a title=\"Ren\u00e9 Corona\" href=\"http:\/\/agon.unime.it\/files\/2015\/03\/0303.-CORONA-JAVA.pdf\">Java qu\u2019est-ce que tu fais encore l\u00e0<\/a><a title=\"Ren\u00e9 Corona\" href=\"http:\/\/agon.unime.it\/files\/2015\/03\/0303.-CORONA-JAVA.pdf\">? Lire le po\u00e8me de la java<\/a><\/strong><\/h2>\n<h2><\/h2>\n<h2>Maria Irene Curatola<\/h2>\n<h4><strong><a href=\"http:\/\/agon.unime.it\/files\/2014\/07\/0105.pdf\">L\u2019annientamento dell\u2019autorit\u00e0 paterna nel racconto <em>Der Vater lacht<\/em> di Klaus Mann<\/a><\/strong><\/h4>\n<p>&nbsp;<\/p>\n<h2>Francesco Idotta<\/h2>\n<h4><strong><a href=\"http:\/\/agon.unime.it\/files\/2014\/07\/0103.pdf\">Mujeres y emigraci\u00f3n. Desde el Sur de Italia a los Estados Unidos. La parte m\u00e1s viva de la poblaci\u00f3n escribe su historia<\/a><\/strong><\/h4>\n<p>&nbsp;<\/p>\n<p>Maria Rosaria Gioffr\u00e9<\/p>\n<p><strong><a href=\"http:\/\/agon.unime.it\/files\/2014\/07\/0104.pdf\">Deleuze e Pasolini: un discorso libero indiretto<\/a><\/strong><\/p>\n<p>&nbsp;<\/p>\n<h2>Giuseppe Trovato<\/h2>\n<h4><strong><a href=\"http:\/\/agon.unime.it\/files\/2014\/10\/0202.pdf\">Las per\u00edfrasis verbales en contrastividad entre espa\u00f1ol e italiano: perspectiva metaling\u00fc\u00edstica y traductol\u00f3gica<\/a><\/strong><\/h4>\n<p>&nbsp;<\/p>\n<h2>Tedd Koren<\/h2>\n<h4><strong><a href=\"http:\/\/agon.unime.it\/files\/2014\/10\/0203.pdf\">Subluxation and Retracing. A New Approach<\/a><\/strong><\/h4>\n<p>&nbsp;<\/p>\n<div class=\"page\" title=\"Page 1\">\n<div class=\"layoutArea\">\n<div class=\"column\">Tommaso Pietro Romeo<\/div>\n<\/div>\n<\/div>\n<p><strong><a href=\"http:\/\/agon.unime.it\/files\/2014\/07\/0106.pdf\">La sociedad de la informaci\u00f3n<\/a><\/strong><\/p>\n<p>&nbsp;<\/p>\n<p><strong>Gaetano Speranza<\/strong><\/p>\n<p><strong><a href=\"http:\/\/agon.unime.it\/files\/2015\/03\/0301.-SPERANZA-Morf-eo-dicembre.pdf\" target=\"_blank\" rel=\"noopener\">Morfologio de Esperanto: kio sintakse tie ka\u015dku\u015das<\/a><\/strong><\/p>\n<p>&nbsp;<\/p>\n<p><strong>Anna Maria Milone<\/strong><\/p>\n<p><strong><a href=\"http:\/\/agon.unime.it\/files\/2015\/03\/0302.-MILONE-Il-caso-Rimanelli.pdf\" target=\"_blank\" rel=\"noopener\">Giose Rimanelli: lo scrittore itinerante. Uno studio dei romanzi, dei temi e dei personaggi<\/a><\/strong><\/p>\n<p>&nbsp;<\/p>\n<p><strong>Mar\u00eda Todorova Gueorguieva<\/strong><\/p>\n<p><a href=\"http:\/\/agon.unime.it\/files\/2015\/03\/0304.-GUEORGUIEVA-Mariposa-de-obsidiana.pdf\" target=\"_blank\" rel=\"noopener\"><strong>El poema <\/strong><\/a><strong><a href=\"http:\/\/agon.unime.it\/files\/2015\/03\/0304.-GUEORGUIEVA-Mariposa-de-obsidiana.pdf\" target=\"_blank\" rel=\"noopener\">Mariposa de obsidiana <\/a><a href=\"http:\/\/agon.unime.it\/files\/2015\/03\/0304.-GUEORGUIEVA-Mariposa-de-obsidiana.pdf\" target=\"_blank\" rel=\"noopener\">de Octavio Paz: surrealista y mesoamericano<\/a><\/strong><\/p>\n<p>&nbsp;<\/p>\n<p><strong>Ve-Yin Tee<\/strong><\/p>\n<p><strong><a href=\"http:\/\/agon.unime.it\/files\/2015\/03\/0305.-VE-YIN-TEE-The-Unauthorized-History-of-Singapore-Shrine-footnotes.pdf\" target=\"_blank\" rel=\"noopener\">The Unauthorized History of Singapore Shrine<\/a><\/strong><\/p>\n<p>&nbsp;<\/p>\n<p><strong>Massimo Lagan\u00e0<\/strong><\/p>\n<p><strong><a href=\"http:\/\/agon.unime.it\/files\/2015\/03\/0306._Lagan%C3%A0_Massimo_English_Co_-_nsonant_0103-_revisione__4.pdf\" target=\"_blank\" rel=\"noopener\">English Consonant System<\/a><\/strong><\/p>\n<p>&nbsp;<\/p>\n<p>&nbsp;<\/p>\n<p>&nbsp;<\/p>\n","protected":false},"excerpt":{"rendered":"<p>Pietro Francesco Carlo I \u201cNeet\u201d come problematica di rilevanza comunitaria e l\u2019azione delle istituzioni dell\u2019Unione Europea tra obblighi del Trattato e principio di proporzionalit\u00e0 &nbsp; Valeria Cafarelli L\u2019inganno del dono &nbsp; Patr\u00edcia Margarida Farias Coelho As imagens fetiches do Game &hellip; <a href=\"https:\/\/portale2.unime.it\/agon\/en\/authors\/\">Continua a leggere<span class=\"meta-nav\">&rarr;<\/span><\/a><\/p>\n","protected":false},"author":2,"featured_media":0,"parent":0,"menu_order":0,"comment_status":"closed","ping_status":"closed","template":"","meta":{"footnotes":""},"class_list":["post-4356","page","type-page","status-publish","hentry"],"yoast_head":"<!-- This site is optimized with the Yoast SEO plugin v27.3 - https:\/\/yoast.com\/product\/yoast-seo-wordpress\/ -->\n<title>Authors - \u00abAGON\u00bb<\/title>\n<meta name=\"robots\" content=\"index, follow, max-snippet:-1, max-image-preview:large, max-video-preview:-1\" \/>\n<link rel=\"canonical\" href=\"https:\/\/portale2.unime.it\/agon\/en\/authors\/\" \/>\n<meta property=\"og:locale\" content=\"it_IT\" \/>\n<meta property=\"og:type\" content=\"article\" \/>\n<meta property=\"og:title\" content=\"Authors - \u00abAGON\u00bb\" \/>\n<meta property=\"og:description\" content=\"Pietro Francesco Carlo I \u201cNeet\u201d come problematica di rilevanza comunitaria e l\u2019azione delle istituzioni dell\u2019Unione Europea tra obblighi del Trattato e principio di proporzionalit\u00e0 &nbsp; Valeria Cafarelli L\u2019inganno del dono &nbsp; Patr\u00edcia Margarida Farias Coelho As imagens fetiches do Game &hellip; Continua a leggere&rarr;\" \/>\n<meta property=\"og:url\" content=\"https:\/\/portale2.unime.it\/agon\/en\/authors\/\" \/>\n<meta property=\"og:site_name\" content=\"\u00abAGON\u00bb\" \/>\n<meta property=\"article:modified_time\" content=\"2026-02-05T16:05:12+00:00\" \/>\n<meta name=\"twitter:card\" content=\"summary_large_image\" \/>\n<script type=\"application\/ld+json\" class=\"yoast-schema-graph\">{\"@context\":\"https:\\\/\\\/schema.org\",\"@graph\":[{\"@type\":\"WebPage\",\"@id\":\"https:\\\/\\\/portale2.unime.it\\\/agon\\\/en\\\/authors\\\/\",\"url\":\"https:\\\/\\\/portale2.unime.it\\\/agon\\\/en\\\/authors\\\/\",\"name\":\"Authors - \u00abAGON\u00bb\",\"isPartOf\":{\"@id\":\"https:\\\/\\\/portale2.unime.it\\\/agon\\\/#website\"},\"datePublished\":\"2026-02-05T16:04:44+00:00\",\"dateModified\":\"2026-02-05T16:05:12+00:00\",\"breadcrumb\":{\"@id\":\"https:\\\/\\\/portale2.unime.it\\\/agon\\\/en\\\/authors\\\/#breadcrumb\"},\"inLanguage\":\"it-IT\",\"potentialAction\":[{\"@type\":\"ReadAction\",\"target\":[\"https:\\\/\\\/portale2.unime.it\\\/agon\\\/en\\\/authors\\\/\"]}]},{\"@type\":\"BreadcrumbList\",\"@id\":\"https:\\\/\\\/portale2.unime.it\\\/agon\\\/en\\\/authors\\\/#breadcrumb\",\"itemListElement\":[{\"@type\":\"ListItem\",\"position\":1,\"name\":\"Home\",\"item\":\"https:\\\/\\\/agon.unime.it\\\/\"},{\"@type\":\"ListItem\",\"position\":2,\"name\":\"Authors\"}]},{\"@type\":\"WebSite\",\"@id\":\"https:\\\/\\\/portale2.unime.it\\\/agon\\\/#website\",\"url\":\"https:\\\/\\\/portale2.unime.it\\\/agon\\\/\",\"name\":\"\u00abAGON\u00bb\",\"description\":\"Rivista Internazionale di Studi Culturali, Linguistici e Letterari (ISSN 2384-9045)\",\"potentialAction\":[{\"@type\":\"SearchAction\",\"target\":{\"@type\":\"EntryPoint\",\"urlTemplate\":\"https:\\\/\\\/portale2.unime.it\\\/agon\\\/?s={search_term_string}\"},\"query-input\":{\"@type\":\"PropertyValueSpecification\",\"valueRequired\":true,\"valueName\":\"search_term_string\"}}],\"inLanguage\":\"it-IT\"}]}<\/script>\n<!-- \/ Yoast SEO plugin. -->","yoast_head_json":{"title":"Authors - \u00abAGON\u00bb","robots":{"index":"index","follow":"follow","max-snippet":"max-snippet:-1","max-image-preview":"max-image-preview:large","max-video-preview":"max-video-preview:-1"},"canonical":"https:\/\/portale2.unime.it\/agon\/en\/authors\/","og_locale":"it_IT","og_type":"article","og_title":"Authors - \u00abAGON\u00bb","og_description":"Pietro Francesco Carlo I \u201cNeet\u201d come problematica di rilevanza comunitaria e l\u2019azione delle istituzioni dell\u2019Unione Europea tra obblighi del Trattato e principio di proporzionalit\u00e0 &nbsp; Valeria Cafarelli L\u2019inganno del dono &nbsp; Patr\u00edcia Margarida Farias Coelho As imagens fetiches do Game &hellip; Continua a leggere&rarr;","og_url":"https:\/\/portale2.unime.it\/agon\/en\/authors\/","og_site_name":"\u00abAGON\u00bb","article_modified_time":"2026-02-05T16:05:12+00:00","twitter_card":"summary_large_image","schema":{"@context":"https:\/\/schema.org","@graph":[{"@type":"WebPage","@id":"https:\/\/portale2.unime.it\/agon\/en\/authors\/","url":"https:\/\/portale2.unime.it\/agon\/en\/authors\/","name":"Authors - \u00abAGON\u00bb","isPartOf":{"@id":"https:\/\/portale2.unime.it\/agon\/#website"},"datePublished":"2026-02-05T16:04:44+00:00","dateModified":"2026-02-05T16:05:12+00:00","breadcrumb":{"@id":"https:\/\/portale2.unime.it\/agon\/en\/authors\/#breadcrumb"},"inLanguage":"it-IT","potentialAction":[{"@type":"ReadAction","target":["https:\/\/portale2.unime.it\/agon\/en\/authors\/"]}]},{"@type":"BreadcrumbList","@id":"https:\/\/portale2.unime.it\/agon\/en\/authors\/#breadcrumb","itemListElement":[{"@type":"ListItem","position":1,"name":"Home","item":"https:\/\/agon.unime.it\/"},{"@type":"ListItem","position":2,"name":"Authors"}]},{"@type":"WebSite","@id":"https:\/\/portale2.unime.it\/agon\/#website","url":"https:\/\/portale2.unime.it\/agon\/","name":"\u00abAGON\u00bb","description":"Rivista Internazionale di Studi Culturali, Linguistici e Letterari (ISSN 2384-9045)","potentialAction":[{"@type":"SearchAction","target":{"@type":"EntryPoint","urlTemplate":"https:\/\/portale2.unime.it\/agon\/?s={search_term_string}"},"query-input":{"@type":"PropertyValueSpecification","valueRequired":true,"valueName":"search_term_string"}}],"inLanguage":"it-IT"}]}},"_links":{"self":[{"href":"https:\/\/portale2.unime.it\/agon\/wp-json\/wp\/v2\/pages\/4356","targetHints":{"allow":["GET"]}}],"collection":[{"href":"https:\/\/portale2.unime.it\/agon\/wp-json\/wp\/v2\/pages"}],"about":[{"href":"https:\/\/portale2.unime.it\/agon\/wp-json\/wp\/v2\/types\/page"}],"author":[{"embeddable":true,"href":"https:\/\/portale2.unime.it\/agon\/wp-json\/wp\/v2\/users\/2"}],"replies":[{"embeddable":true,"href":"https:\/\/portale2.unime.it\/agon\/wp-json\/wp\/v2\/comments?post=4356"}],"version-history":[{"count":2,"href":"https:\/\/portale2.unime.it\/agon\/wp-json\/wp\/v2\/pages\/4356\/revisions"}],"predecessor-version":[{"id":4358,"href":"https:\/\/portale2.unime.it\/agon\/wp-json\/wp\/v2\/pages\/4356\/revisions\/4358"}],"wp:attachment":[{"href":"https:\/\/portale2.unime.it\/agon\/wp-json\/wp\/v2\/media?parent=4356"}],"curies":[{"name":"wp","href":"https:\/\/api.w.org\/{rel}","templated":true}]}}