{"id":566,"date":"2015-08-03T10:30:20","date_gmt":"2015-08-03T08:30:20","guid":{"rendered":"http:\/\/portale.unime.it\/agon\/?page_id=566"},"modified":"2026-04-04T12:37:52","modified_gmt":"2026-04-04T10:37:52","slug":"lagana-antonino","status":"publish","type":"page","link":"https:\/\/portale2.unime.it\/agon\/autori\/g-l\/lagana-antonino\/","title":{"rendered":"Lagan\u00e0 Antonino"},"content":{"rendered":"<h4><strong><a href=\"http:\/\/portale2.unime.it\/agon\/wp-content\/uploads\/sites\/104\/2015\/08\/0505.pdf\"><i>Migrazione, invasione, egemonia<\/i><\/a><\/strong><\/h4>\n<h4><a href=\"http:\/\/portale2.unime.it\/agon\/wp-content\/uploads\/sites\/104\/2017\/11\/1404.pdf\"><strong><em>Problemi sociali irrisolti<\/em><\/strong><\/a><\/h4>\n<h4><a href=\"http:\/\/portale2.unime.it\/agon\/wp-content\/uploads\/sites\/104\/2020\/06\/S1105.pdf\"><strong><em>Motivazioni sociali della fede<\/em><\/strong><\/a><\/h4>\n<h4><a href=\"http:\/\/portale2.unime.it\/agon\/wp-content\/uploads\/sites\/104\/2018\/12\/S1111.pdf\"><strong><em>Postfazione<\/em><\/strong><\/a><\/h4>\n<h4 style=\"text-align: left\"><a href=\"http:\/\/portale2.unime.it\/agon\/wp-content\/uploads\/sites\/104\/2019\/03\/S1205.pdf\"><strong>Il Gramsci di un nuovo inizio:\u00a0<\/strong><strong><em>Nota in margine (pag. 220)<\/em><\/strong><\/a><\/h4>\n<h4><a href=\"http:\/\/portale2.unime.it\/agon\/wp-content\/uploads\/sites\/104\/2019\/12\/2303.pdf\"><b>SULL\u2019IDOLATRIA<\/b><\/a><\/h4>\n<h4><strong><a href=\"http:\/\/portale2.unime.it\/agon\/wp-content\/uploads\/sites\/104\/2020\/10\/2608.pdf\">L\u2019ANTRO DEL CICLOPE \/ <\/a><a href=\"http:\/\/portale2.unime.it\/agon\/wp-content\/uploads\/sites\/104\/2020\/10\/2608.pdf\">THE CYCLOPS\u2019S CAVE<\/a><\/strong><\/h4>\n<h4 class=\"p1\"><a href=\"http:\/\/portale2.unime.it\/agon\/wp-content\/uploads\/sites\/104\/2021\/08\/2907.pdf\"><b>NESSUNA BUONA AZIONE RESTA IMPUNITA \/ <\/b><\/a><a href=\"http:\/\/portale2.unime.it\/agon\/wp-content\/uploads\/sites\/104\/2021\/08\/2907.pdf\"><b>NO GOOD DEED GOES UNPUNISHED<\/b><\/a><\/h4>\n<h4 class=\"p7\" style=\"text-align: left\"><span style=\"color: #008ad4\"><a style=\"color: #008ad4\" href=\"https:\/\/wp.me\/P727kM-J7\"><em><b>SPIGOLATURE TEORETICHE<\/b><\/em><\/a> \/\u00a0<a style=\"color: #008ad4\" href=\"https:\/\/wp.me\/P727kM-J7\"><em><b>THEORETICAL GLEANINGS<\/b><\/em><\/a><\/span><\/h4>\n<h4 class=\"p4\"><a href=\"http:\/\/portale2.unime.it\/agon\/wp-content\/uploads\/sites\/104\/2021\/11\/3002.pdf\"><b>PENSIERI IN LIBERT\u00c0\u00a0 &#8211;\u00a0 <\/b><\/a><a href=\"http:\/\/portale2.unime.it\/agon\/wp-content\/uploads\/sites\/104\/2021\/11\/3002.pdf\"><b>FREE THOUGHTS<\/b><\/a><\/h4>\n<h4><a href=\"http:\/\/portale2.unime.it\/agon\/wp-content\/uploads\/sites\/104\/2021\/12\/S1900.pdf\"><strong>Premessa [Introduction]<\/strong><\/a><\/h4>\n<h4><a href=\"http:\/\/portale2.unime.it\/agon\/wp-content\/uploads\/sites\/104\/2021\/12\/S1901.pdf\"><strong>Sull\u2019imposta [On Taxation]<\/strong><\/a><\/h4>\n<h4><a href=\"http:\/\/portale2.unime.it\/agon\/wp-content\/uploads\/sites\/104\/2021\/12\/S1903.pdf\"><strong>Migrazione, invasione, egemonia [Migration, Invasion, Hegemony]<\/strong><\/a><\/h4>\n<h4><a href=\"http:\/\/portale2.unime.it\/agon\/wp-content\/uploads\/sites\/104\/2021\/12\/S1904.pdf\"><strong>Problemi sociali irrisolti [Unresolved Social Problems]<\/strong><\/a><\/h4>\n<h4><strong><a href=\"http:\/\/portale2.unime.it\/agon\/wp-content\/uploads\/sites\/104\/2021\/12\/S1905.pdf\">Idea della \u00abfrontiera\u00bb [An Idea of the \u00abFrontier\u00bb]<\/a><\/strong><\/h4>\n<h4><a href=\"http:\/\/portale2.unime.it\/agon\/wp-content\/uploads\/sites\/104\/2021\/12\/S1906.pdf\"><strong>Il riso dell\u2019\u00abunico\u00bb [On the \u00abUnique\u00bb\u2019s Laugh]<\/strong><\/a><\/h4>\n<h4><a href=\"http:\/\/portale2.unime.it\/agon\/wp-content\/uploads\/sites\/104\/2021\/12\/S1907.pdf\"><strong>Alienazione e persona umana [On Alienation and Human Person]<\/strong><\/a><\/h4>\n<h4><a href=\"http:\/\/portale2.unime.it\/agon\/wp-content\/uploads\/sites\/104\/2021\/12\/S1908.pdf\"><strong>Per una filosofia dell\u2019uomo [For a Philosophy of Man]<\/strong><\/a><\/h4>\n<h4><strong><a href=\"http:\/\/portale2.unime.it\/agon\/wp-content\/uploads\/sites\/104\/2022\/07\/3304.pdf\">PR\u00d4T\u00ca ARCH\u00ca<\/a>\u00a0\/<a style=\"font-weight: 300\" href=\"http:\/\/portale2.unime.it\/agon\/wp-content\/uploads\/sites\/104\/2022\/07\/3304.pdf\">ON FIRST PRINCIPLE\u00a0<\/a><\/strong><\/h4>\n<h4><a href=\"http:\/\/portale2.unime.it\/agon\/wp-content\/uploads\/sites\/104\/2022\/10\/3402.pdf\"><strong>PHYSIS NOMOS KRATOS \/<\/strong><\/a>\u00a0<a href=\"http:\/\/portale2.unime.it\/agon\/wp-content\/uploads\/sites\/104\/2022\/10\/3402.pdf\"><strong>NATURE LAW FORCE\u00a0<\/strong><\/a><\/h4>\n<h4 class=\"p2\"><a href=\"http:\/\/portale2.unime.it\/agon\/wp-content\/uploads\/sites\/104\/2023\/06\/3606.pdf\"><b>VISIONI IN LIBERT\u00c0 \/ F<\/b><b style=\"font-family: inherit\">REE VISIONS\u00a0<\/b><\/a><\/h4>\n<h4 class=\"p3\"><a href=\"https:\/\/portale2.unime.it\/agon\/agon\/files\/2023\/08\/3701.pdf\"><b>LA SOCIET\u00c0 PERVERSA. LUPATTIERI, DOTTRINARI, PERSUASORI OCCULTI <\/b><\/a><\/h4>\n<h4 class=\"p3\"><a href=\"https:\/\/portale2.unime.it\/agon\/agon\/files\/2023\/08\/3701.pdf\"><b>THE PERVERSE SOCIETY. WOLF HUNTERS, DOCTRINARIANS, HIDDEN PERSUADERS\u00a0<\/b><\/a><\/h4>\n<h4><a href=\"http:\/\/portale2.unime.it\/agon\/wp-content\/uploads\/sites\/104\/2023\/10\/3802.pdf\"><strong>PENSIERI IN MOVIMENTO \/ T<\/strong><strong style=\"font-family: inherit\">HOUGHTS IN MOTION\u00a0<\/strong><\/a><\/h4>\n<h4 class=\"p1\"><a href=\"https:\/\/portale2.unime.it\/agon\/wp-content\/uploads\/sites\/104\/2026\/04\/4801.pdf\"><b>Il mezzo e il fine\u00a0<\/b><\/a>\/ <a href=\"https:\/\/portale2.unime.it\/agon\/wp-content\/uploads\/sites\/104\/2026\/04\/4801.pdf\">[The Means and the End]<\/a><\/h4>\n<h4><strong>\u00a0<\/strong><\/h4>\n","protected":false},"excerpt":{"rendered":"<p>Migrazione, invasione, egemonia Problemi sociali irrisolti Motivazioni sociali della fede Postfazione Il Gramsci di un nuovo inizio:\u00a0Nota in margine (pag. 220) SULL\u2019IDOLATRIA L\u2019ANTRO DEL CICLOPE \/ THE CYCLOPS\u2019S CAVE NESSUNA BUONA AZIONE RESTA IMPUNITA \/ NO GOOD DEED GOES UNPUNISHED &hellip; <a href=\"https:\/\/portale2.unime.it\/agon\/autori\/g-l\/lagana-antonino\/\">Continua a leggere<span class=\"meta-nav\">&rarr;<\/span><\/a><\/p>\n","protected":false},"author":1,"featured_media":0,"parent":1236,"menu_order":0,"comment_status":"closed","ping_status":"closed","template":"","meta":{"footnotes":""},"class_list":["post-566","page","type-page","status-publish","hentry"],"yoast_head":"<!-- This site is optimized with the Yoast SEO plugin v27.3 - https:\/\/yoast.com\/product\/yoast-seo-wordpress\/ -->\n<title>Lagan\u00e0 Antonino - \u00abAGON\u00bb<\/title>\n<meta name=\"robots\" content=\"index, follow, max-snippet:-1, max-image-preview:large, max-video-preview:-1\" \/>\n<link rel=\"canonical\" href=\"https:\/\/portale2.unime.it\/agon\/autori\/g-l\/lagana-antonino\/\" \/>\n<meta property=\"og:locale\" content=\"it_IT\" \/>\n<meta property=\"og:type\" content=\"article\" \/>\n<meta property=\"og:title\" content=\"Lagan\u00e0 Antonino - \u00abAGON\u00bb\" \/>\n<meta property=\"og:description\" content=\"Migrazione, invasione, egemonia Problemi sociali irrisolti Motivazioni sociali della fede Postfazione Il Gramsci di un nuovo inizio:\u00a0Nota in margine (pag. 220) SULL\u2019IDOLATRIA L\u2019ANTRO DEL CICLOPE \/ THE CYCLOPS\u2019S CAVE NESSUNA BUONA AZIONE RESTA IMPUNITA \/ NO GOOD DEED GOES UNPUNISHED &hellip; Continua a leggere&rarr;\" \/>\n<meta property=\"og:url\" content=\"https:\/\/portale2.unime.it\/agon\/autori\/g-l\/lagana-antonino\/\" \/>\n<meta property=\"og:site_name\" content=\"\u00abAGON\u00bb\" \/>\n<meta property=\"article:modified_time\" content=\"2026-04-04T10:37:52+00:00\" \/>\n<meta name=\"twitter:card\" content=\"summary_large_image\" \/>\n<meta name=\"twitter:label1\" content=\"Tempo di lettura stimato\" \/>\n\t<meta name=\"twitter:data1\" content=\"1 minuto\" \/>\n<script type=\"application\/ld+json\" class=\"yoast-schema-graph\">{\"@context\":\"https:\\\/\\\/schema.org\",\"@graph\":[{\"@type\":\"WebPage\",\"@id\":\"https:\\\/\\\/portale2.unime.it\\\/agon\\\/autori\\\/g-l\\\/lagana-antonino\\\/\",\"url\":\"https:\\\/\\\/portale2.unime.it\\\/agon\\\/autori\\\/g-l\\\/lagana-antonino\\\/\",\"name\":\"Lagan\u00e0 Antonino - \u00abAGON\u00bb\",\"isPartOf\":{\"@id\":\"https:\\\/\\\/portale2.unime.it\\\/agon\\\/#website\"},\"datePublished\":\"2015-08-03T08:30:20+00:00\",\"dateModified\":\"2026-04-04T10:37:52+00:00\",\"breadcrumb\":{\"@id\":\"https:\\\/\\\/portale2.unime.it\\\/agon\\\/autori\\\/g-l\\\/lagana-antonino\\\/#breadcrumb\"},\"inLanguage\":\"it-IT\",\"potentialAction\":[{\"@type\":\"ReadAction\",\"target\":[\"https:\\\/\\\/portale2.unime.it\\\/agon\\\/autori\\\/g-l\\\/lagana-antonino\\\/\"]}]},{\"@type\":\"BreadcrumbList\",\"@id\":\"https:\\\/\\\/portale2.unime.it\\\/agon\\\/autori\\\/g-l\\\/lagana-antonino\\\/#breadcrumb\",\"itemListElement\":[{\"@type\":\"ListItem\",\"position\":1,\"name\":\"Home\",\"item\":\"https:\\\/\\\/agon.unime.it\\\/\"},{\"@type\":\"ListItem\",\"position\":2,\"name\":\"Autori\",\"item\":\"https:\\\/\\\/agon.unime.it\\\/autori\\\/\"},{\"@type\":\"ListItem\",\"position\":3,\"name\":\"G-L\",\"item\":\"https:\\\/\\\/agon.unime.it\\\/autori\\\/g-l\\\/\"},{\"@type\":\"ListItem\",\"position\":4,\"name\":\"Lagan\u00e0 Antonino\"}]},{\"@type\":\"WebSite\",\"@id\":\"https:\\\/\\\/portale2.unime.it\\\/agon\\\/#website\",\"url\":\"https:\\\/\\\/portale2.unime.it\\\/agon\\\/\",\"name\":\"\u00abAGON\u00bb\",\"description\":\"Rivista Internazionale di Studi Culturali, Linguistici e Letterari (ISSN 2384-9045)\",\"potentialAction\":[{\"@type\":\"SearchAction\",\"target\":{\"@type\":\"EntryPoint\",\"urlTemplate\":\"https:\\\/\\\/portale2.unime.it\\\/agon\\\/?s={search_term_string}\"},\"query-input\":{\"@type\":\"PropertyValueSpecification\",\"valueRequired\":true,\"valueName\":\"search_term_string\"}}],\"inLanguage\":\"it-IT\"}]}<\/script>\n<!-- \/ Yoast SEO plugin. -->","yoast_head_json":{"title":"Lagan\u00e0 Antonino - \u00abAGON\u00bb","robots":{"index":"index","follow":"follow","max-snippet":"max-snippet:-1","max-image-preview":"max-image-preview:large","max-video-preview":"max-video-preview:-1"},"canonical":"https:\/\/portale2.unime.it\/agon\/autori\/g-l\/lagana-antonino\/","og_locale":"it_IT","og_type":"article","og_title":"Lagan\u00e0 Antonino - \u00abAGON\u00bb","og_description":"Migrazione, invasione, egemonia Problemi sociali irrisolti Motivazioni sociali della fede Postfazione Il Gramsci di un nuovo inizio:\u00a0Nota in margine (pag. 220) SULL\u2019IDOLATRIA L\u2019ANTRO DEL CICLOPE \/ THE CYCLOPS\u2019S CAVE NESSUNA BUONA AZIONE RESTA IMPUNITA \/ NO GOOD DEED GOES UNPUNISHED &hellip; Continua a leggere&rarr;","og_url":"https:\/\/portale2.unime.it\/agon\/autori\/g-l\/lagana-antonino\/","og_site_name":"\u00abAGON\u00bb","article_modified_time":"2026-04-04T10:37:52+00:00","twitter_card":"summary_large_image","twitter_misc":{"Tempo di lettura stimato":"1 minuto"},"schema":{"@context":"https:\/\/schema.org","@graph":[{"@type":"WebPage","@id":"https:\/\/portale2.unime.it\/agon\/autori\/g-l\/lagana-antonino\/","url":"https:\/\/portale2.unime.it\/agon\/autori\/g-l\/lagana-antonino\/","name":"Lagan\u00e0 Antonino - \u00abAGON\u00bb","isPartOf":{"@id":"https:\/\/portale2.unime.it\/agon\/#website"},"datePublished":"2015-08-03T08:30:20+00:00","dateModified":"2026-04-04T10:37:52+00:00","breadcrumb":{"@id":"https:\/\/portale2.unime.it\/agon\/autori\/g-l\/lagana-antonino\/#breadcrumb"},"inLanguage":"it-IT","potentialAction":[{"@type":"ReadAction","target":["https:\/\/portale2.unime.it\/agon\/autori\/g-l\/lagana-antonino\/"]}]},{"@type":"BreadcrumbList","@id":"https:\/\/portale2.unime.it\/agon\/autori\/g-l\/lagana-antonino\/#breadcrumb","itemListElement":[{"@type":"ListItem","position":1,"name":"Home","item":"https:\/\/agon.unime.it\/"},{"@type":"ListItem","position":2,"name":"Autori","item":"https:\/\/agon.unime.it\/autori\/"},{"@type":"ListItem","position":3,"name":"G-L","item":"https:\/\/agon.unime.it\/autori\/g-l\/"},{"@type":"ListItem","position":4,"name":"Lagan\u00e0 Antonino"}]},{"@type":"WebSite","@id":"https:\/\/portale2.unime.it\/agon\/#website","url":"https:\/\/portale2.unime.it\/agon\/","name":"\u00abAGON\u00bb","description":"Rivista Internazionale di Studi Culturali, Linguistici e Letterari (ISSN 2384-9045)","potentialAction":[{"@type":"SearchAction","target":{"@type":"EntryPoint","urlTemplate":"https:\/\/portale2.unime.it\/agon\/?s={search_term_string}"},"query-input":{"@type":"PropertyValueSpecification","valueRequired":true,"valueName":"search_term_string"}}],"inLanguage":"it-IT"}]}},"_links":{"self":[{"href":"https:\/\/portale2.unime.it\/agon\/wp-json\/wp\/v2\/pages\/566","targetHints":{"allow":["GET"]}}],"collection":[{"href":"https:\/\/portale2.unime.it\/agon\/wp-json\/wp\/v2\/pages"}],"about":[{"href":"https:\/\/portale2.unime.it\/agon\/wp-json\/wp\/v2\/types\/page"}],"author":[{"embeddable":true,"href":"https:\/\/portale2.unime.it\/agon\/wp-json\/wp\/v2\/users\/1"}],"replies":[{"embeddable":true,"href":"https:\/\/portale2.unime.it\/agon\/wp-json\/wp\/v2\/comments?post=566"}],"version-history":[{"count":3,"href":"https:\/\/portale2.unime.it\/agon\/wp-json\/wp\/v2\/pages\/566\/revisions"}],"predecessor-version":[{"id":4495,"href":"https:\/\/portale2.unime.it\/agon\/wp-json\/wp\/v2\/pages\/566\/revisions\/4495"}],"up":[{"embeddable":true,"href":"https:\/\/portale2.unime.it\/agon\/wp-json\/wp\/v2\/pages\/1236"}],"wp:attachment":[{"href":"https:\/\/portale2.unime.it\/agon\/wp-json\/wp\/v2\/media?parent=566"}],"curies":[{"name":"wp","href":"https:\/\/api.w.org\/{rel}","templated":true}]}}