{"id":196,"date":"2020-01-08T14:16:19","date_gmt":"2020-01-08T13:16:19","guid":{"rendered":"http:\/\/asafal.wp.unisi.it\/?page_id=196"},"modified":"2020-01-08T14:16:19","modified_gmt":"2020-01-08T13:16:19","slug":"dissemination","status":"publish","type":"page","link":"https:\/\/portale2.unime.it\/asafal\/latin-america\/materials\/dissemination\/","title":{"rendered":"I Seminario Internazionale Formazione Politica del Messico"},"content":{"rendered":"<h3 style=\"text-align: center\"><strong>I Seminario Internazionale Formazione Politica del Messico<\/strong><img decoding=\"async\" class=\"wp-image-257 aligncenter\" src=\"http:\/\/asafal.wp.unisi.it\/wp-content\/uploads\/sites\/70\/2020\/02\/Cartel--232x300.jpg\" alt=\"\" width=\"175\" height=\"226\" srcset=\"https:\/\/portale2.unime.it\/asafal\/wp-content\/uploads\/sites\/105\/2020\/02\/Cartel--232x300.jpg 232w, https:\/\/portale2.unime.it\/asafal\/wp-content\/uploads\/sites\/105\/2020\/02\/Cartel--791x1024.jpg 791w, https:\/\/portale2.unime.it\/asafal\/wp-content\/uploads\/sites\/105\/2020\/02\/Cartel--768x994.jpg 768w, https:\/\/portale2.unime.it\/asafal\/wp-content\/uploads\/sites\/105\/2020\/02\/Cartel--1187x1536.jpg 1187w, https:\/\/portale2.unime.it\/asafal\/wp-content\/uploads\/sites\/105\/2020\/02\/Cartel--1583x2048.jpg 1583w, https:\/\/portale2.unime.it\/asafal\/wp-content\/uploads\/sites\/105\/2020\/02\/Cartel-.jpg 1701w\" sizes=\"(max-width: 175px) 100vw, 175px\" \/><\/h3>\n<p style=\"text-align: center\"><em>El<\/em><em> \u201cBuen Gobierno\u201d desde Nueva Espa\u00f1a hasta la Rep\u00fablica Mexicana, El Colegio de M\u00e9xico, 22 y 23 de Febrero 2017;<\/em> <strong>Coordinadores<\/strong>: Andres Lira, Lara Semboloni, Andrea Francioni, Claudia Ferreira<\/p>\n<p><iframe title=\"SEMINARIO INTERNAZIONALE FORMAZIONE POLITICA DEL MESSICO - CONFERENCIA INAUGURAL\" width=\"500\" height=\"281\" src=\"https:\/\/www.youtube.com\/embed\/VJdrkAv39Ho?start=109&#038;feature=oembed\" frameborder=\"0\" allow=\"accelerometer; autoplay; clipboard-write; encrypted-media; gyroscope; picture-in-picture; web-share\" referrerpolicy=\"strict-origin-when-cross-origin\" allowfullscreen><\/iframe><\/p>\n<p><iframe title=\"SEMINARIO INTERNAZIONALE FORMAZIONE POLITICA DEL MESSICO - MESA I\" width=\"500\" height=\"281\" src=\"https:\/\/www.youtube.com\/embed\/30aaju8tX9o?feature=oembed\" frameborder=\"0\" allow=\"accelerometer; autoplay; clipboard-write; encrypted-media; gyroscope; picture-in-picture; web-share\" referrerpolicy=\"strict-origin-when-cross-origin\" allowfullscreen><\/iframe><\/p>\n<p><iframe title=\"SEMINARIO INTERNAZIONALE FORMAZIONE POLITICA DEL MESSICO - MESA II\" width=\"500\" height=\"281\" src=\"https:\/\/www.youtube.com\/embed\/wZQg2wcEu-4?start=60&#038;feature=oembed\" frameborder=\"0\" allow=\"accelerometer; autoplay; clipboard-write; encrypted-media; gyroscope; picture-in-picture; web-share\" referrerpolicy=\"strict-origin-when-cross-origin\" allowfullscreen><\/iframe><\/p>\n<p><iframe title=\"SEMINARIO INTERNAZIONALE FORMAZIONE POLITICA DEL MESSICO - MESA III\" width=\"500\" height=\"281\" src=\"https:\/\/www.youtube.com\/embed\/CQBOGZI-4Rk?start=104&#038;feature=oembed\" frameborder=\"0\" allow=\"accelerometer; autoplay; clipboard-write; encrypted-media; gyroscope; picture-in-picture; web-share\" referrerpolicy=\"strict-origin-when-cross-origin\" allowfullscreen><\/iframe><\/p>\n<p><iframe title=\"SEMINARIO INTERNAZIONALE FORMAZIONE POLITICA DEL MESSICO - CONFERENCIA FINAL\" width=\"500\" height=\"281\" src=\"https:\/\/www.youtube.com\/embed\/2aF5KWKGl6E?feature=oembed\" frameborder=\"0\" allow=\"accelerometer; autoplay; clipboard-write; encrypted-media; gyroscope; picture-in-picture; web-share\" referrerpolicy=\"strict-origin-when-cross-origin\" allowfullscreen><\/iframe><\/p>\n","protected":false},"excerpt":{"rendered":"<p>I Seminario Internazionale Formazione Politica del Messico El \u201cBuen Gobierno\u201d desde Nueva Espa\u00f1a hasta la Rep\u00fablica Mexicana, El Colegio de [&hellip;]<\/p>\n","protected":false},"author":1,"featured_media":0,"parent":333,"menu_order":0,"comment_status":"open","ping_status":"closed","template":"page-fullwidth.php","meta":{"site-sidebar-layout":"default","site-content-layout":"","ast-site-content-layout":"default","site-content-style":"default","site-sidebar-style":"default","ast-global-header-display":"","ast-banner-title-visibility":"","ast-main-header-display":"","ast-hfb-above-header-display":"","ast-hfb-below-header-display":"","ast-hfb-mobile-header-display":"","site-post-title":"","ast-breadcrumbs-content":"","ast-featured-img":"","footer-sml-layout":"","ast-disable-related-posts":"","theme-transparent-header-meta":"","adv-header-id-meta":"","stick-header-meta":"","header-above-stick-meta":"","header-main-stick-meta":"","header-below-stick-meta":"","astra-migrate-meta-layouts":"default","ast-page-background-enabled":"default","ast-page-background-meta":{"desktop":{"background-color":"var(--ast-global-color-5)","background-image":"","background-repeat":"repeat","background-position":"center center","background-size":"auto","background-attachment":"scroll","background-type":"","background-media":"","overlay-type":"","overlay-color":"","overlay-opacity":"","overlay-gradient":""},"tablet":{"background-color":"","background-image":"","background-repeat":"repeat","background-position":"center center","background-size":"auto","background-attachment":"scroll","background-type":"","background-media":"","overlay-type":"","overlay-color":"","overlay-opacity":"","overlay-gradient":""},"mobile":{"background-color":"","background-image":"","background-repeat":"repeat","background-position":"center center","background-size":"auto","background-attachment":"scroll","background-type":"","background-media":"","overlay-type":"","overlay-color":"","overlay-opacity":"","overlay-gradient":""}},"ast-content-background-meta":{"desktop":{"background-color":"var(--ast-global-color-4)","background-image":"","background-repeat":"repeat","background-position":"center center","background-size":"auto","background-attachment":"scroll","background-type":"","background-media":"","overlay-type":"","overlay-color":"","overlay-opacity":"","overlay-gradient":""},"tablet":{"background-color":"var(--ast-global-color-4)","background-image":"","background-repeat":"repeat","background-position":"center center","background-size":"auto","background-attachment":"scroll","background-type":"","background-media":"","overlay-type":"","overlay-color":"","overlay-opacity":"","overlay-gradient":""},"mobile":{"background-color":"var(--ast-global-color-4)","background-image":"","background-repeat":"repeat","background-position":"center center","background-size":"auto","background-attachment":"scroll","background-type":"","background-media":"","overlay-type":"","overlay-color":"","overlay-opacity":"","overlay-gradient":""}},"footnotes":""},"class_list":["post-196","page","type-page","status-publish","hentry"],"yoast_head":"<!-- This site is optimized with the Yoast SEO plugin v27.5 - https:\/\/yoast.com\/product\/yoast-seo-wordpress\/ -->\n<title>I Seminario Internazionale Formazione Politica del Messico - Asafal<\/title>\n<meta name=\"robots\" content=\"index, follow, max-snippet:-1, max-image-preview:large, max-video-preview:-1\" \/>\n<link rel=\"canonical\" href=\"https:\/\/portale2.unime.it\/asafal\/dissemination\/\" \/>\n<meta property=\"og:locale\" content=\"it_IT\" \/>\n<meta property=\"og:type\" content=\"article\" \/>\n<meta property=\"og:title\" content=\"I Seminario Internazionale Formazione Politica del Messico - Asafal\" \/>\n<meta property=\"og:description\" content=\"I Seminario Internazionale Formazione Politica del Messico El \u201cBuen Gobierno\u201d desde Nueva Espa\u00f1a hasta la Rep\u00fablica Mexicana, El Colegio de [&hellip;]\" \/>\n<meta property=\"og:url\" content=\"https:\/\/portale2.unime.it\/asafal\/dissemination\/\" \/>\n<meta property=\"og:site_name\" content=\"Asafal\" \/>\n<meta property=\"og:image\" content=\"https:\/\/portale2.unime.it\/asafal\/wp-content\/uploads\/sites\/105\/2020\/02\/Cartel-.jpg\" \/>\n\t<meta property=\"og:image:width\" content=\"1701\" \/>\n\t<meta property=\"og:image:height\" content=\"2201\" \/>\n\t<meta property=\"og:image:type\" content=\"image\/jpeg\" \/>\n<meta name=\"twitter:card\" content=\"summary_large_image\" \/>\n<script type=\"application\/ld+json\" class=\"yoast-schema-graph\">{\"@context\":\"https:\\\/\\\/schema.org\",\"@graph\":[{\"@type\":\"WebPage\",\"@id\":\"https:\\\/\\\/portale2.unime.it\\\/asafal\\\/dissemination\\\/\",\"url\":\"https:\\\/\\\/portale2.unime.it\\\/asafal\\\/dissemination\\\/\",\"name\":\"I Seminario Internazionale Formazione Politica del Messico - Asafal\",\"isPartOf\":{\"@id\":\"https:\\\/\\\/portale2.unime.it\\\/asafal\\\/#website\"},\"primaryImageOfPage\":{\"@id\":\"https:\\\/\\\/portale2.unime.it\\\/asafal\\\/dissemination\\\/#primaryimage\"},\"image\":{\"@id\":\"https:\\\/\\\/portale2.unime.it\\\/asafal\\\/dissemination\\\/#primaryimage\"},\"thumbnailUrl\":\"http:\\\/\\\/asafal.wp.unisi.it\\\/wp-content\\\/uploads\\\/sites\\\/70\\\/2020\\\/02\\\/Cartel--232x300.jpg\",\"datePublished\":\"2020-01-08T13:16:19+00:00\",\"breadcrumb\":{\"@id\":\"https:\\\/\\\/portale2.unime.it\\\/asafal\\\/dissemination\\\/#breadcrumb\"},\"inLanguage\":\"it-IT\",\"potentialAction\":[{\"@type\":\"ReadAction\",\"target\":[\"https:\\\/\\\/portale2.unime.it\\\/asafal\\\/dissemination\\\/\"]}]},{\"@type\":\"ImageObject\",\"inLanguage\":\"it-IT\",\"@id\":\"https:\\\/\\\/portale2.unime.it\\\/asafal\\\/dissemination\\\/#primaryimage\",\"url\":\"http:\\\/\\\/asafal.wp.unisi.it\\\/wp-content\\\/uploads\\\/sites\\\/70\\\/2020\\\/02\\\/Cartel--232x300.jpg\",\"contentUrl\":\"http:\\\/\\\/asafal.wp.unisi.it\\\/wp-content\\\/uploads\\\/sites\\\/70\\\/2020\\\/02\\\/Cartel--232x300.jpg\"},{\"@type\":\"BreadcrumbList\",\"@id\":\"https:\\\/\\\/portale2.unime.it\\\/asafal\\\/dissemination\\\/#breadcrumb\",\"itemListElement\":[{\"@type\":\"ListItem\",\"position\":1,\"name\":\"Home\",\"item\":\"https:\\\/\\\/portale2.unime.it\\\/asafal\\\/\"},{\"@type\":\"ListItem\",\"position\":2,\"name\":\"I Seminario Internazionale Formazione Politica del Messico\"}]},{\"@type\":\"WebSite\",\"@id\":\"https:\\\/\\\/portale2.unime.it\\\/asafal\\\/#website\",\"url\":\"https:\\\/\\\/portale2.unime.it\\\/asafal\\\/\",\"name\":\"Asafal\",\"description\":\"\",\"publisher\":{\"@id\":\"https:\\\/\\\/portale2.unime.it\\\/asafal\\\/#organization\"},\"potentialAction\":[{\"@type\":\"SearchAction\",\"target\":{\"@type\":\"EntryPoint\",\"urlTemplate\":\"https:\\\/\\\/portale2.unime.it\\\/asafal\\\/?s={search_term_string}\"},\"query-input\":{\"@type\":\"PropertyValueSpecification\",\"valueRequired\":true,\"valueName\":\"search_term_string\"}}],\"inLanguage\":\"it-IT\"},{\"@type\":\"Organization\",\"@id\":\"https:\\\/\\\/portale2.unime.it\\\/asafal\\\/#organization\",\"name\":\"Asafal\",\"url\":\"https:\\\/\\\/portale2.unime.it\\\/asafal\\\/\",\"logo\":{\"@type\":\"ImageObject\",\"inLanguage\":\"it-IT\",\"@id\":\"https:\\\/\\\/portale2.unime.it\\\/asafal\\\/#\\\/schema\\\/logo\\\/image\\\/\",\"url\":\"https:\\\/\\\/portale2.unime.it\\\/asafal\\\/wp-content\\\/uploads\\\/sites\\\/105\\\/2019\\\/07\\\/Logo-ASAFAL1.jpg\",\"contentUrl\":\"https:\\\/\\\/portale2.unime.it\\\/asafal\\\/wp-content\\\/uploads\\\/sites\\\/105\\\/2019\\\/07\\\/Logo-ASAFAL1.jpg\",\"width\":300,\"height\":212,\"caption\":\"Asafal\"},\"image\":{\"@id\":\"https:\\\/\\\/portale2.unime.it\\\/asafal\\\/#\\\/schema\\\/logo\\\/image\\\/\"}}]}<\/script>\n<!-- \/ Yoast SEO plugin. -->","yoast_head_json":{"title":"I Seminario Internazionale Formazione Politica del Messico - Asafal","robots":{"index":"index","follow":"follow","max-snippet":"max-snippet:-1","max-image-preview":"max-image-preview:large","max-video-preview":"max-video-preview:-1"},"canonical":"https:\/\/portale2.unime.it\/asafal\/dissemination\/","og_locale":"it_IT","og_type":"article","og_title":"I Seminario Internazionale Formazione Politica del Messico - Asafal","og_description":"I Seminario Internazionale Formazione Politica del Messico El \u201cBuen Gobierno\u201d desde Nueva Espa\u00f1a hasta la Rep\u00fablica Mexicana, El Colegio de [&hellip;]","og_url":"https:\/\/portale2.unime.it\/asafal\/dissemination\/","og_site_name":"Asafal","og_image":[{"width":1701,"height":2201,"url":"https:\/\/portale2.unime.it\/asafal\/wp-content\/uploads\/sites\/105\/2020\/02\/Cartel-.jpg","type":"image\/jpeg"}],"twitter_card":"summary_large_image","schema":{"@context":"https:\/\/schema.org","@graph":[{"@type":"WebPage","@id":"https:\/\/portale2.unime.it\/asafal\/dissemination\/","url":"https:\/\/portale2.unime.it\/asafal\/dissemination\/","name":"I Seminario Internazionale Formazione Politica del Messico - Asafal","isPartOf":{"@id":"https:\/\/portale2.unime.it\/asafal\/#website"},"primaryImageOfPage":{"@id":"https:\/\/portale2.unime.it\/asafal\/dissemination\/#primaryimage"},"image":{"@id":"https:\/\/portale2.unime.it\/asafal\/dissemination\/#primaryimage"},"thumbnailUrl":"http:\/\/asafal.wp.unisi.it\/wp-content\/uploads\/sites\/70\/2020\/02\/Cartel--232x300.jpg","datePublished":"2020-01-08T13:16:19+00:00","breadcrumb":{"@id":"https:\/\/portale2.unime.it\/asafal\/dissemination\/#breadcrumb"},"inLanguage":"it-IT","potentialAction":[{"@type":"ReadAction","target":["https:\/\/portale2.unime.it\/asafal\/dissemination\/"]}]},{"@type":"ImageObject","inLanguage":"it-IT","@id":"https:\/\/portale2.unime.it\/asafal\/dissemination\/#primaryimage","url":"http:\/\/asafal.wp.unisi.it\/wp-content\/uploads\/sites\/70\/2020\/02\/Cartel--232x300.jpg","contentUrl":"http:\/\/asafal.wp.unisi.it\/wp-content\/uploads\/sites\/70\/2020\/02\/Cartel--232x300.jpg"},{"@type":"BreadcrumbList","@id":"https:\/\/portale2.unime.it\/asafal\/dissemination\/#breadcrumb","itemListElement":[{"@type":"ListItem","position":1,"name":"Home","item":"https:\/\/portale2.unime.it\/asafal\/"},{"@type":"ListItem","position":2,"name":"I Seminario Internazionale Formazione Politica del Messico"}]},{"@type":"WebSite","@id":"https:\/\/portale2.unime.it\/asafal\/#website","url":"https:\/\/portale2.unime.it\/asafal\/","name":"Asafal","description":"","publisher":{"@id":"https:\/\/portale2.unime.it\/asafal\/#organization"},"potentialAction":[{"@type":"SearchAction","target":{"@type":"EntryPoint","urlTemplate":"https:\/\/portale2.unime.it\/asafal\/?s={search_term_string}"},"query-input":{"@type":"PropertyValueSpecification","valueRequired":true,"valueName":"search_term_string"}}],"inLanguage":"it-IT"},{"@type":"Organization","@id":"https:\/\/portale2.unime.it\/asafal\/#organization","name":"Asafal","url":"https:\/\/portale2.unime.it\/asafal\/","logo":{"@type":"ImageObject","inLanguage":"it-IT","@id":"https:\/\/portale2.unime.it\/asafal\/#\/schema\/logo\/image\/","url":"https:\/\/portale2.unime.it\/asafal\/wp-content\/uploads\/sites\/105\/2019\/07\/Logo-ASAFAL1.jpg","contentUrl":"https:\/\/portale2.unime.it\/asafal\/wp-content\/uploads\/sites\/105\/2019\/07\/Logo-ASAFAL1.jpg","width":300,"height":212,"caption":"Asafal"},"image":{"@id":"https:\/\/portale2.unime.it\/asafal\/#\/schema\/logo\/image\/"}}]}},"_links":{"self":[{"href":"https:\/\/portale2.unime.it\/asafal\/wp-json\/wp\/v2\/pages\/196","targetHints":{"allow":["GET"]}}],"collection":[{"href":"https:\/\/portale2.unime.it\/asafal\/wp-json\/wp\/v2\/pages"}],"about":[{"href":"https:\/\/portale2.unime.it\/asafal\/wp-json\/wp\/v2\/types\/page"}],"author":[{"embeddable":true,"href":"https:\/\/portale2.unime.it\/asafal\/wp-json\/wp\/v2\/users\/1"}],"replies":[{"embeddable":true,"href":"https:\/\/portale2.unime.it\/asafal\/wp-json\/wp\/v2\/comments?post=196"}],"version-history":[{"count":0,"href":"https:\/\/portale2.unime.it\/asafal\/wp-json\/wp\/v2\/pages\/196\/revisions"}],"up":[{"embeddable":true,"href":"https:\/\/portale2.unime.it\/asafal\/wp-json\/wp\/v2\/pages\/333"}],"wp:attachment":[{"href":"https:\/\/portale2.unime.it\/asafal\/wp-json\/wp\/v2\/media?parent=196"}],"curies":[{"name":"wp","href":"https:\/\/api.w.org\/{rel}","templated":true}]}}