{"id":210,"date":"2020-03-03T15:26:07","date_gmt":"2020-03-03T14:26:07","guid":{"rendered":"http:\/\/asafal.wp.unisi.it\/?page_id=210"},"modified":"2020-03-03T15:26:07","modified_gmt":"2020-03-03T14:26:07","slug":"iii-seminario-internacional-formacion-politica-de-mexico","status":"publish","type":"page","link":"https:\/\/portale2.unime.it\/asafal\/agenda\/iii-seminario-internacional-formacion-politica-de-mexico\/","title":{"rendered":"III SEMINARIO INTERNACIONAL FORMACI\u00d3N POL\u00cdTICA DE M\u00c9XICO"},"content":{"rendered":"<h5><a href=\"https:\/\/agenda.colmex.mx\/Actividad\/1636\/iii-seminario-internacional-formacion-politica-de-mexico\/20200303\"><img decoding=\"async\" id=\"Body_imgInvitacion\" class=\"img-responsive\" src=\"https:\/\/agenda.colmex.mx\/Imagenes%20Web\/Eventos\/ceh\/2020\/febrero\/cartel.jpg\" \/><\/a><\/h5>\n<p>&nbsp;<\/p>\n","protected":false},"excerpt":{"rendered":"<p>&nbsp;<\/p>\n","protected":false},"author":1,"featured_media":225,"parent":13,"menu_order":0,"comment_status":"closed","ping_status":"closed","template":"page-fullwidth.php","meta":{"site-sidebar-layout":"default","site-content-layout":"","ast-site-content-layout":"default","site-content-style":"default","site-sidebar-style":"default","ast-global-header-display":"","ast-banner-title-visibility":"","ast-main-header-display":"","ast-hfb-above-header-display":"","ast-hfb-below-header-display":"","ast-hfb-mobile-header-display":"","site-post-title":"","ast-breadcrumbs-content":"","ast-featured-img":"","footer-sml-layout":"","ast-disable-related-posts":"","theme-transparent-header-meta":"","adv-header-id-meta":"","stick-header-meta":"","header-above-stick-meta":"","header-main-stick-meta":"","header-below-stick-meta":"","astra-migrate-meta-layouts":"default","ast-page-background-enabled":"default","ast-page-background-meta":{"desktop":{"background-color":"var(--ast-global-color-5)","background-image":"","background-repeat":"repeat","background-position":"center center","background-size":"auto","background-attachment":"scroll","background-type":"","background-media":"","overlay-type":"","overlay-color":"","overlay-opacity":"","overlay-gradient":""},"tablet":{"background-color":"","background-image":"","background-repeat":"repeat","background-position":"center center","background-size":"auto","background-attachment":"scroll","background-type":"","background-media":"","overlay-type":"","overlay-color":"","overlay-opacity":"","overlay-gradient":""},"mobile":{"background-color":"","background-image":"","background-repeat":"repeat","background-position":"center center","background-size":"auto","background-attachment":"scroll","background-type":"","background-media":"","overlay-type":"","overlay-color":"","overlay-opacity":"","overlay-gradient":""}},"ast-content-background-meta":{"desktop":{"background-color":"var(--ast-global-color-4)","background-image":"","background-repeat":"repeat","background-position":"center center","background-size":"auto","background-attachment":"scroll","background-type":"","background-media":"","overlay-type":"","overlay-color":"","overlay-opacity":"","overlay-gradient":""},"tablet":{"background-color":"var(--ast-global-color-4)","background-image":"","background-repeat":"repeat","background-position":"center center","background-size":"auto","background-attachment":"scroll","background-type":"","background-media":"","overlay-type":"","overlay-color":"","overlay-opacity":"","overlay-gradient":""},"mobile":{"background-color":"var(--ast-global-color-4)","background-image":"","background-repeat":"repeat","background-position":"center center","background-size":"auto","background-attachment":"scroll","background-type":"","background-media":"","overlay-type":"","overlay-color":"","overlay-opacity":"","overlay-gradient":""}},"footnotes":""},"class_list":["post-210","page","type-page","status-publish","has-post-thumbnail","hentry"],"yoast_head":"<!-- This site is optimized with the Yoast SEO plugin v27.5 - https:\/\/yoast.com\/product\/yoast-seo-wordpress\/ -->\n<title>III SEMINARIO INTERNACIONAL FORMACI\u00d3N POL\u00cdTICA DE M\u00c9XICO - Asafal<\/title>\n<meta name=\"robots\" content=\"index, follow, max-snippet:-1, max-image-preview:large, max-video-preview:-1\" \/>\n<link rel=\"canonical\" href=\"https:\/\/portale2.unime.it\/asafal\/agenda\/iii-seminario-internacional-formacion-politica-de-mexico\/\" \/>\n<meta property=\"og:locale\" content=\"it_IT\" \/>\n<meta property=\"og:type\" content=\"article\" \/>\n<meta property=\"og:title\" content=\"III SEMINARIO INTERNACIONAL FORMACI\u00d3N POL\u00cdTICA DE M\u00c9XICO - Asafal\" \/>\n<meta property=\"og:description\" content=\"&nbsp;\" \/>\n<meta property=\"og:url\" content=\"https:\/\/portale2.unime.it\/asafal\/agenda\/iii-seminario-internacional-formacion-politica-de-mexico\/\" \/>\n<meta property=\"og:site_name\" content=\"Asafal\" \/>\n<meta property=\"og:image\" content=\"https:\/\/agenda.colmex.mx\/Imagenes%20Web\/Eventos\/ceh\/2020\/febrero\/cartel.jpg\" \/>\n<meta name=\"twitter:card\" content=\"summary_large_image\" \/>\n<script type=\"application\/ld+json\" class=\"yoast-schema-graph\">{\"@context\":\"https:\\\/\\\/schema.org\",\"@graph\":[{\"@type\":\"WebPage\",\"@id\":\"https:\\\/\\\/portale2.unime.it\\\/asafal\\\/agenda\\\/iii-seminario-internacional-formacion-politica-de-mexico\\\/\",\"url\":\"https:\\\/\\\/portale2.unime.it\\\/asafal\\\/agenda\\\/iii-seminario-internacional-formacion-politica-de-mexico\\\/\",\"name\":\"III SEMINARIO INTERNACIONAL FORMACI\u00d3N POL\u00cdTICA DE M\u00c9XICO - Asafal\",\"isPartOf\":{\"@id\":\"https:\\\/\\\/portale2.unime.it\\\/asafal\\\/#website\"},\"primaryImageOfPage\":{\"@id\":\"https:\\\/\\\/portale2.unime.it\\\/asafal\\\/agenda\\\/iii-seminario-internacional-formacion-politica-de-mexico\\\/#primaryimage\"},\"image\":{\"@id\":\"https:\\\/\\\/portale2.unime.it\\\/asafal\\\/agenda\\\/iii-seminario-internacional-formacion-politica-de-mexico\\\/#primaryimage\"},\"thumbnailUrl\":\"https:\\\/\\\/portale2.unime.it\\\/asafal\\\/wp-content\\\/uploads\\\/sites\\\/105\\\/2020\\\/02\\\/cartel-e1581502860227-scaled.jpg\",\"datePublished\":\"2020-03-03T14:26:07+00:00\",\"breadcrumb\":{\"@id\":\"https:\\\/\\\/portale2.unime.it\\\/asafal\\\/agenda\\\/iii-seminario-internacional-formacion-politica-de-mexico\\\/#breadcrumb\"},\"inLanguage\":\"it-IT\",\"potentialAction\":[{\"@type\":\"ReadAction\",\"target\":[\"https:\\\/\\\/portale2.unime.it\\\/asafal\\\/agenda\\\/iii-seminario-internacional-formacion-politica-de-mexico\\\/\"]}]},{\"@type\":\"ImageObject\",\"inLanguage\":\"it-IT\",\"@id\":\"https:\\\/\\\/portale2.unime.it\\\/asafal\\\/agenda\\\/iii-seminario-internacional-formacion-politica-de-mexico\\\/#primaryimage\",\"url\":\"https:\\\/\\\/portale2.unime.it\\\/asafal\\\/wp-content\\\/uploads\\\/sites\\\/105\\\/2020\\\/02\\\/cartel-e1581502860227-scaled.jpg\",\"contentUrl\":\"https:\\\/\\\/portale2.unime.it\\\/asafal\\\/wp-content\\\/uploads\\\/sites\\\/105\\\/2020\\\/02\\\/cartel-e1581502860227-scaled.jpg\",\"width\":2560,\"height\":1408},{\"@type\":\"BreadcrumbList\",\"@id\":\"https:\\\/\\\/portale2.unime.it\\\/asafal\\\/agenda\\\/iii-seminario-internacional-formacion-politica-de-mexico\\\/#breadcrumb\",\"itemListElement\":[{\"@type\":\"ListItem\",\"position\":1,\"name\":\"Home\",\"item\":\"https:\\\/\\\/portale2.unime.it\\\/asafal\\\/\"},{\"@type\":\"ListItem\",\"position\":2,\"name\":\"AGENDA\",\"item\":\"https:\\\/\\\/portale2.unime.it\\\/asafal\\\/agenda\\\/\"},{\"@type\":\"ListItem\",\"position\":3,\"name\":\"III SEMINARIO INTERNACIONAL FORMACI\u00d3N POL\u00cdTICA DE M\u00c9XICO\"}]},{\"@type\":\"WebSite\",\"@id\":\"https:\\\/\\\/portale2.unime.it\\\/asafal\\\/#website\",\"url\":\"https:\\\/\\\/portale2.unime.it\\\/asafal\\\/\",\"name\":\"Asafal\",\"description\":\"\",\"publisher\":{\"@id\":\"https:\\\/\\\/portale2.unime.it\\\/asafal\\\/#organization\"},\"potentialAction\":[{\"@type\":\"SearchAction\",\"target\":{\"@type\":\"EntryPoint\",\"urlTemplate\":\"https:\\\/\\\/portale2.unime.it\\\/asafal\\\/?s={search_term_string}\"},\"query-input\":{\"@type\":\"PropertyValueSpecification\",\"valueRequired\":true,\"valueName\":\"search_term_string\"}}],\"inLanguage\":\"it-IT\"},{\"@type\":\"Organization\",\"@id\":\"https:\\\/\\\/portale2.unime.it\\\/asafal\\\/#organization\",\"name\":\"Asafal\",\"url\":\"https:\\\/\\\/portale2.unime.it\\\/asafal\\\/\",\"logo\":{\"@type\":\"ImageObject\",\"inLanguage\":\"it-IT\",\"@id\":\"https:\\\/\\\/portale2.unime.it\\\/asafal\\\/#\\\/schema\\\/logo\\\/image\\\/\",\"url\":\"https:\\\/\\\/portale2.unime.it\\\/asafal\\\/wp-content\\\/uploads\\\/sites\\\/105\\\/2019\\\/07\\\/Logo-ASAFAL1.jpg\",\"contentUrl\":\"https:\\\/\\\/portale2.unime.it\\\/asafal\\\/wp-content\\\/uploads\\\/sites\\\/105\\\/2019\\\/07\\\/Logo-ASAFAL1.jpg\",\"width\":300,\"height\":212,\"caption\":\"Asafal\"},\"image\":{\"@id\":\"https:\\\/\\\/portale2.unime.it\\\/asafal\\\/#\\\/schema\\\/logo\\\/image\\\/\"}}]}<\/script>\n<!-- \/ Yoast SEO plugin. -->","yoast_head_json":{"title":"III SEMINARIO INTERNACIONAL FORMACI\u00d3N POL\u00cdTICA DE M\u00c9XICO - Asafal","robots":{"index":"index","follow":"follow","max-snippet":"max-snippet:-1","max-image-preview":"max-image-preview:large","max-video-preview":"max-video-preview:-1"},"canonical":"https:\/\/portale2.unime.it\/asafal\/agenda\/iii-seminario-internacional-formacion-politica-de-mexico\/","og_locale":"it_IT","og_type":"article","og_title":"III SEMINARIO INTERNACIONAL FORMACI\u00d3N POL\u00cdTICA DE M\u00c9XICO - Asafal","og_description":"&nbsp;","og_url":"https:\/\/portale2.unime.it\/asafal\/agenda\/iii-seminario-internacional-formacion-politica-de-mexico\/","og_site_name":"Asafal","og_image":[{"url":"https:\/\/agenda.colmex.mx\/Imagenes%20Web\/Eventos\/ceh\/2020\/febrero\/cartel.jpg","type":"","width":"","height":""}],"twitter_card":"summary_large_image","schema":{"@context":"https:\/\/schema.org","@graph":[{"@type":"WebPage","@id":"https:\/\/portale2.unime.it\/asafal\/agenda\/iii-seminario-internacional-formacion-politica-de-mexico\/","url":"https:\/\/portale2.unime.it\/asafal\/agenda\/iii-seminario-internacional-formacion-politica-de-mexico\/","name":"III SEMINARIO INTERNACIONAL FORMACI\u00d3N POL\u00cdTICA DE M\u00c9XICO - Asafal","isPartOf":{"@id":"https:\/\/portale2.unime.it\/asafal\/#website"},"primaryImageOfPage":{"@id":"https:\/\/portale2.unime.it\/asafal\/agenda\/iii-seminario-internacional-formacion-politica-de-mexico\/#primaryimage"},"image":{"@id":"https:\/\/portale2.unime.it\/asafal\/agenda\/iii-seminario-internacional-formacion-politica-de-mexico\/#primaryimage"},"thumbnailUrl":"https:\/\/portale2.unime.it\/asafal\/wp-content\/uploads\/sites\/105\/2020\/02\/cartel-e1581502860227-scaled.jpg","datePublished":"2020-03-03T14:26:07+00:00","breadcrumb":{"@id":"https:\/\/portale2.unime.it\/asafal\/agenda\/iii-seminario-internacional-formacion-politica-de-mexico\/#breadcrumb"},"inLanguage":"it-IT","potentialAction":[{"@type":"ReadAction","target":["https:\/\/portale2.unime.it\/asafal\/agenda\/iii-seminario-internacional-formacion-politica-de-mexico\/"]}]},{"@type":"ImageObject","inLanguage":"it-IT","@id":"https:\/\/portale2.unime.it\/asafal\/agenda\/iii-seminario-internacional-formacion-politica-de-mexico\/#primaryimage","url":"https:\/\/portale2.unime.it\/asafal\/wp-content\/uploads\/sites\/105\/2020\/02\/cartel-e1581502860227-scaled.jpg","contentUrl":"https:\/\/portale2.unime.it\/asafal\/wp-content\/uploads\/sites\/105\/2020\/02\/cartel-e1581502860227-scaled.jpg","width":2560,"height":1408},{"@type":"BreadcrumbList","@id":"https:\/\/portale2.unime.it\/asafal\/agenda\/iii-seminario-internacional-formacion-politica-de-mexico\/#breadcrumb","itemListElement":[{"@type":"ListItem","position":1,"name":"Home","item":"https:\/\/portale2.unime.it\/asafal\/"},{"@type":"ListItem","position":2,"name":"AGENDA","item":"https:\/\/portale2.unime.it\/asafal\/agenda\/"},{"@type":"ListItem","position":3,"name":"III SEMINARIO INTERNACIONAL FORMACI\u00d3N POL\u00cdTICA DE M\u00c9XICO"}]},{"@type":"WebSite","@id":"https:\/\/portale2.unime.it\/asafal\/#website","url":"https:\/\/portale2.unime.it\/asafal\/","name":"Asafal","description":"","publisher":{"@id":"https:\/\/portale2.unime.it\/asafal\/#organization"},"potentialAction":[{"@type":"SearchAction","target":{"@type":"EntryPoint","urlTemplate":"https:\/\/portale2.unime.it\/asafal\/?s={search_term_string}"},"query-input":{"@type":"PropertyValueSpecification","valueRequired":true,"valueName":"search_term_string"}}],"inLanguage":"it-IT"},{"@type":"Organization","@id":"https:\/\/portale2.unime.it\/asafal\/#organization","name":"Asafal","url":"https:\/\/portale2.unime.it\/asafal\/","logo":{"@type":"ImageObject","inLanguage":"it-IT","@id":"https:\/\/portale2.unime.it\/asafal\/#\/schema\/logo\/image\/","url":"https:\/\/portale2.unime.it\/asafal\/wp-content\/uploads\/sites\/105\/2019\/07\/Logo-ASAFAL1.jpg","contentUrl":"https:\/\/portale2.unime.it\/asafal\/wp-content\/uploads\/sites\/105\/2019\/07\/Logo-ASAFAL1.jpg","width":300,"height":212,"caption":"Asafal"},"image":{"@id":"https:\/\/portale2.unime.it\/asafal\/#\/schema\/logo\/image\/"}}]}},"_links":{"self":[{"href":"https:\/\/portale2.unime.it\/asafal\/wp-json\/wp\/v2\/pages\/210","targetHints":{"allow":["GET"]}}],"collection":[{"href":"https:\/\/portale2.unime.it\/asafal\/wp-json\/wp\/v2\/pages"}],"about":[{"href":"https:\/\/portale2.unime.it\/asafal\/wp-json\/wp\/v2\/types\/page"}],"author":[{"embeddable":true,"href":"https:\/\/portale2.unime.it\/asafal\/wp-json\/wp\/v2\/users\/1"}],"replies":[{"embeddable":true,"href":"https:\/\/portale2.unime.it\/asafal\/wp-json\/wp\/v2\/comments?post=210"}],"version-history":[{"count":0,"href":"https:\/\/portale2.unime.it\/asafal\/wp-json\/wp\/v2\/pages\/210\/revisions"}],"up":[{"embeddable":true,"href":"https:\/\/portale2.unime.it\/asafal\/wp-json\/wp\/v2\/pages\/13"}],"wp:featuredmedia":[{"embeddable":true,"href":"https:\/\/portale2.unime.it\/asafal\/wp-json\/wp\/v2\/media\/225"}],"wp:attachment":[{"href":"https:\/\/portale2.unime.it\/asafal\/wp-json\/wp\/v2\/media?parent=210"}],"curies":[{"name":"wp","href":"https:\/\/api.w.org\/{rel}","templated":true}]}}