{"id":460,"date":"2021-09-24T16:55:58","date_gmt":"2021-09-24T14:55:58","guid":{"rendered":"https:\/\/asafal.wp.unisi.it\/?page_id=460"},"modified":"2021-09-24T16:55:58","modified_gmt":"2021-09-24T14:55:58","slug":"projects-and-publications","status":"publish","type":"page","link":"https:\/\/portale2.unime.it\/asafal\/asia\/projects-and-publications\/","title":{"rendered":"PROJECTS AND PUBLICATIONS"},"content":{"rendered":"<ul>\n<li><em>The politics of cooperation in higher education: the &#8216;China model&#8217; and the case of Tanzania<\/em>, in Irma Taddia, Tekeste Negash (eds.),\u00a0<em>State, Institutions and Leadership in Africa<\/em>, Padova,\u00a0<a href=\"http:\/\/libreriauniversitaria.it\/\">it<\/a>, 2017, pp. 249-270.<strong>Autore: Andrea Francioni.\u00a0<\/strong><\/li>\n<\/ul>\n<p>&nbsp;<\/p>\n<ul>\n<li><em>The &#8216;eagle coin&#8217; and China-Mexico connections in the XIX century: notes on currency, imperialism and good governance<\/em>, in Andr\u00e9s Lira, Lara Semboloni, Andrea Francioni, Claudia Ferreira (coords.),\u00a0<em>El \u201cBuen Gobierno\u201d desde Nueva Espa\u00f1a hasta la Rep\u00fablica Mexicana<\/em>, Universit\u00e0 degli studi di Siena &#8211; El Colegio de M\u00e9xico, Messina-Civitanova Marche, Armando Siciliano Editore, 2017, pp. 207-239.<strong>Autore: Andrea Francioni.\u00a0<\/strong><\/li>\n<\/ul>\n<p>&nbsp;<\/p>\n<ul>\n<li><em>L&#8217;avventura cinese del dollaro messicano. Una storia globale<\/em>, in \u201cAfricana &#8211; Rivista di studi extraeuropei\u201d, vol. XXIV, 2018, pp. 203-212.<strong>Autore: Andrea Francioni.\u00a0<\/strong><\/li>\n<\/ul>\n<p>&nbsp;<\/p>\n<ul>\n<li><em>Le Imperial Maritime Customs e la geografia dell&#8217;imperialismo in Cina attraverso le memorie inedite di Onia Tiberii (1881-1904)<\/em>, in Franco Salvatori (a cura di),\u00a0<em>L&#8217;apporto della geografia tra rivoluzioni e riforme<\/em>, Atti del XXXII Congresso Geografico Italiano, Roma, 7 -10 giugno 2017, Roma, A.Ge.I, 2019, pp. 1675-1680.<strong>Autore: Andrea Francioni.\u00a0<\/strong><\/li>\n<\/ul>\n<p>&nbsp;<\/p>\n<ul>\n<li><em>Mat\u00edas Romero y el primer Tratado de amistad, comercio y navegaci\u00f3n entre M\u00e9xico y China (1899). Reflexiones sobre las relaciones internacionales en la era de la modernizaci\u00f3n<\/em>, in Andr\u00e9s Lira, Carmen Espinosa (coords.),\u00a0<em>Actores del \u201cBuen Gobierno\u201d y sus \u00e1mbitos de autoridad en la conformaci\u00f3n pol\u00edtica de Hispanoam\u00e9rica 1520-1930<\/em>, M\u00e9xico DF, El Colegio de M\u00e9xico, in print.<strong>Autore: Andrea Francioni.\u00a0<\/strong><\/li>\n<\/ul>\n<p>&nbsp;<\/p>\n<ul>\n<li><em>Porfirian Mexico, Qing China and the 1899 Treaty of Amity, Commerce and Navigation. China\u02bcs first modern \u201cequal treaty\u02ee,<\/em>in Silvio Berardi, Giuliano Caroli, Giampaolo Malgeri (a cura di),\u00a0<em>Tra storia internazionale e diplomazia parallela. Scritti in onore di Gianluigi Rossi<\/em>, Roma, Aracne editrice, 2021, pp. 183-193.<strong>Autore: Andrea Francioni.\u00a0<\/strong><\/li>\n<\/ul>\n<p>&nbsp;<\/p>\n<ul>\n<li><em>Sulla conquista spirituale della Cina. Juan Gonz\u00e1lez de Mendoza tra diplomazia e missione<\/em>, in \u201cAfricana &#8211; Rivista di studi extraeuropei\u201d, vol. XXVII, 2021, pp. 53-66.<strong>Autore: Andrea Francioni.\u00a0<\/strong><\/li>\n<\/ul>\n<p>&nbsp;<\/p>\n<ul>\n<li><em>El concepto de \u201cbuen gobierno\u201d en la Historia del Gran Reino de la China (1585). Juan Gonz\u00e1lez de Mendoza entre diplomacia y misi\u00f3n<\/em>, in Andr\u00e9s Lira, Carmen Espinosa (coords.),\u00a0<em>Conciencia hist\u00f3rica y \u201cbuen gobierno\u201d: fuentes y relexiones<\/em>, M\u00e9xico DF, El Colegio de M\u00e9xico, in print.<strong>Autore: Andrea Francioni.\u00a0<\/strong><\/li>\n<\/ul>\n","protected":false},"excerpt":{"rendered":"<p>The politics of cooperation in higher education: the &#8216;China model&#8217; and the case of Tanzania, in Irma Taddia, Tekeste Negash [&hellip;]<\/p>\n","protected":false},"author":1,"featured_media":0,"parent":338,"menu_order":0,"comment_status":"closed","ping_status":"closed","template":"page-fullwidth.php","meta":{"site-sidebar-layout":"default","site-content-layout":"","ast-site-content-layout":"default","site-content-style":"default","site-sidebar-style":"default","ast-global-header-display":"","ast-banner-title-visibility":"","ast-main-header-display":"","ast-hfb-above-header-display":"","ast-hfb-below-header-display":"","ast-hfb-mobile-header-display":"","site-post-title":"","ast-breadcrumbs-content":"","ast-featured-img":"","footer-sml-layout":"","ast-disable-related-posts":"","theme-transparent-header-meta":"","adv-header-id-meta":"","stick-header-meta":"","header-above-stick-meta":"","header-main-stick-meta":"","header-below-stick-meta":"","astra-migrate-meta-layouts":"default","ast-page-background-enabled":"default","ast-page-background-meta":{"desktop":{"background-color":"var(--ast-global-color-5)","background-image":"","background-repeat":"repeat","background-position":"center center","background-size":"auto","background-attachment":"scroll","background-type":"","background-media":"","overlay-type":"","overlay-color":"","overlay-opacity":"","overlay-gradient":""},"tablet":{"background-color":"","background-image":"","background-repeat":"repeat","background-position":"center center","background-size":"auto","background-attachment":"scroll","background-type":"","background-media":"","overlay-type":"","overlay-color":"","overlay-opacity":"","overlay-gradient":""},"mobile":{"background-color":"","background-image":"","background-repeat":"repeat","background-position":"center center","background-size":"auto","background-attachment":"scroll","background-type":"","background-media":"","overlay-type":"","overlay-color":"","overlay-opacity":"","overlay-gradient":""}},"ast-content-background-meta":{"desktop":{"background-color":"var(--ast-global-color-4)","background-image":"","background-repeat":"repeat","background-position":"center center","background-size":"auto","background-attachment":"scroll","background-type":"","background-media":"","overlay-type":"","overlay-color":"","overlay-opacity":"","overlay-gradient":""},"tablet":{"background-color":"var(--ast-global-color-4)","background-image":"","background-repeat":"repeat","background-position":"center center","background-size":"auto","background-attachment":"scroll","background-type":"","background-media":"","overlay-type":"","overlay-color":"","overlay-opacity":"","overlay-gradient":""},"mobile":{"background-color":"var(--ast-global-color-4)","background-image":"","background-repeat":"repeat","background-position":"center center","background-size":"auto","background-attachment":"scroll","background-type":"","background-media":"","overlay-type":"","overlay-color":"","overlay-opacity":"","overlay-gradient":""}},"footnotes":""},"class_list":["post-460","page","type-page","status-publish","hentry"],"yoast_head":"<!-- This site is optimized with the Yoast SEO plugin v27.5 - https:\/\/yoast.com\/product\/yoast-seo-wordpress\/ -->\n<title>PROJECTS AND PUBLICATIONS - Asafal<\/title>\n<meta name=\"robots\" content=\"index, follow, max-snippet:-1, max-image-preview:large, max-video-preview:-1\" \/>\n<link rel=\"canonical\" href=\"https:\/\/portale2.unime.it\/asafal\/asia\/projects-and-publications\/\" \/>\n<meta property=\"og:locale\" content=\"it_IT\" \/>\n<meta property=\"og:type\" content=\"article\" \/>\n<meta property=\"og:title\" content=\"PROJECTS AND PUBLICATIONS - Asafal\" \/>\n<meta property=\"og:description\" content=\"The politics of cooperation in higher education: the &#8216;China model&#8217; and the case of Tanzania, in Irma Taddia, Tekeste Negash [&hellip;]\" \/>\n<meta property=\"og:url\" content=\"https:\/\/portale2.unime.it\/asafal\/asia\/projects-and-publications\/\" \/>\n<meta property=\"og:site_name\" content=\"Asafal\" \/>\n<meta name=\"twitter:card\" content=\"summary_large_image\" \/>\n<meta name=\"twitter:label1\" content=\"Tempo di lettura stimato\" \/>\n\t<meta name=\"twitter:data1\" content=\"2 minuti\" \/>\n<script type=\"application\/ld+json\" class=\"yoast-schema-graph\">{\"@context\":\"https:\\\/\\\/schema.org\",\"@graph\":[{\"@type\":\"WebPage\",\"@id\":\"https:\\\/\\\/portale2.unime.it\\\/asafal\\\/asia\\\/projects-and-publications\\\/\",\"url\":\"https:\\\/\\\/portale2.unime.it\\\/asafal\\\/asia\\\/projects-and-publications\\\/\",\"name\":\"PROJECTS AND PUBLICATIONS - Asafal\",\"isPartOf\":{\"@id\":\"https:\\\/\\\/portale2.unime.it\\\/asafal\\\/#website\"},\"datePublished\":\"2021-09-24T14:55:58+00:00\",\"breadcrumb\":{\"@id\":\"https:\\\/\\\/portale2.unime.it\\\/asafal\\\/asia\\\/projects-and-publications\\\/#breadcrumb\"},\"inLanguage\":\"it-IT\",\"potentialAction\":[{\"@type\":\"ReadAction\",\"target\":[\"https:\\\/\\\/portale2.unime.it\\\/asafal\\\/asia\\\/projects-and-publications\\\/\"]}]},{\"@type\":\"BreadcrumbList\",\"@id\":\"https:\\\/\\\/portale2.unime.it\\\/asafal\\\/asia\\\/projects-and-publications\\\/#breadcrumb\",\"itemListElement\":[{\"@type\":\"ListItem\",\"position\":1,\"name\":\"Home\",\"item\":\"https:\\\/\\\/portale2.unime.it\\\/asafal\\\/\"},{\"@type\":\"ListItem\",\"position\":2,\"name\":\"ASIA\",\"item\":\"https:\\\/\\\/portale2.unime.it\\\/asafal\\\/asia\\\/\"},{\"@type\":\"ListItem\",\"position\":3,\"name\":\"PROJECTS AND PUBLICATIONS\"}]},{\"@type\":\"WebSite\",\"@id\":\"https:\\\/\\\/portale2.unime.it\\\/asafal\\\/#website\",\"url\":\"https:\\\/\\\/portale2.unime.it\\\/asafal\\\/\",\"name\":\"Asafal\",\"description\":\"\",\"publisher\":{\"@id\":\"https:\\\/\\\/portale2.unime.it\\\/asafal\\\/#organization\"},\"potentialAction\":[{\"@type\":\"SearchAction\",\"target\":{\"@type\":\"EntryPoint\",\"urlTemplate\":\"https:\\\/\\\/portale2.unime.it\\\/asafal\\\/?s={search_term_string}\"},\"query-input\":{\"@type\":\"PropertyValueSpecification\",\"valueRequired\":true,\"valueName\":\"search_term_string\"}}],\"inLanguage\":\"it-IT\"},{\"@type\":\"Organization\",\"@id\":\"https:\\\/\\\/portale2.unime.it\\\/asafal\\\/#organization\",\"name\":\"Asafal\",\"url\":\"https:\\\/\\\/portale2.unime.it\\\/asafal\\\/\",\"logo\":{\"@type\":\"ImageObject\",\"inLanguage\":\"it-IT\",\"@id\":\"https:\\\/\\\/portale2.unime.it\\\/asafal\\\/#\\\/schema\\\/logo\\\/image\\\/\",\"url\":\"https:\\\/\\\/portale2.unime.it\\\/asafal\\\/wp-content\\\/uploads\\\/sites\\\/105\\\/2019\\\/07\\\/Logo-ASAFAL1.jpg\",\"contentUrl\":\"https:\\\/\\\/portale2.unime.it\\\/asafal\\\/wp-content\\\/uploads\\\/sites\\\/105\\\/2019\\\/07\\\/Logo-ASAFAL1.jpg\",\"width\":300,\"height\":212,\"caption\":\"Asafal\"},\"image\":{\"@id\":\"https:\\\/\\\/portale2.unime.it\\\/asafal\\\/#\\\/schema\\\/logo\\\/image\\\/\"}}]}<\/script>\n<!-- \/ Yoast SEO plugin. -->","yoast_head_json":{"title":"PROJECTS AND PUBLICATIONS - Asafal","robots":{"index":"index","follow":"follow","max-snippet":"max-snippet:-1","max-image-preview":"max-image-preview:large","max-video-preview":"max-video-preview:-1"},"canonical":"https:\/\/portale2.unime.it\/asafal\/asia\/projects-and-publications\/","og_locale":"it_IT","og_type":"article","og_title":"PROJECTS AND PUBLICATIONS - Asafal","og_description":"The politics of cooperation in higher education: the &#8216;China model&#8217; and the case of Tanzania, in Irma Taddia, Tekeste Negash [&hellip;]","og_url":"https:\/\/portale2.unime.it\/asafal\/asia\/projects-and-publications\/","og_site_name":"Asafal","twitter_card":"summary_large_image","twitter_misc":{"Tempo di lettura stimato":"2 minuti"},"schema":{"@context":"https:\/\/schema.org","@graph":[{"@type":"WebPage","@id":"https:\/\/portale2.unime.it\/asafal\/asia\/projects-and-publications\/","url":"https:\/\/portale2.unime.it\/asafal\/asia\/projects-and-publications\/","name":"PROJECTS AND PUBLICATIONS - Asafal","isPartOf":{"@id":"https:\/\/portale2.unime.it\/asafal\/#website"},"datePublished":"2021-09-24T14:55:58+00:00","breadcrumb":{"@id":"https:\/\/portale2.unime.it\/asafal\/asia\/projects-and-publications\/#breadcrumb"},"inLanguage":"it-IT","potentialAction":[{"@type":"ReadAction","target":["https:\/\/portale2.unime.it\/asafal\/asia\/projects-and-publications\/"]}]},{"@type":"BreadcrumbList","@id":"https:\/\/portale2.unime.it\/asafal\/asia\/projects-and-publications\/#breadcrumb","itemListElement":[{"@type":"ListItem","position":1,"name":"Home","item":"https:\/\/portale2.unime.it\/asafal\/"},{"@type":"ListItem","position":2,"name":"ASIA","item":"https:\/\/portale2.unime.it\/asafal\/asia\/"},{"@type":"ListItem","position":3,"name":"PROJECTS AND PUBLICATIONS"}]},{"@type":"WebSite","@id":"https:\/\/portale2.unime.it\/asafal\/#website","url":"https:\/\/portale2.unime.it\/asafal\/","name":"Asafal","description":"","publisher":{"@id":"https:\/\/portale2.unime.it\/asafal\/#organization"},"potentialAction":[{"@type":"SearchAction","target":{"@type":"EntryPoint","urlTemplate":"https:\/\/portale2.unime.it\/asafal\/?s={search_term_string}"},"query-input":{"@type":"PropertyValueSpecification","valueRequired":true,"valueName":"search_term_string"}}],"inLanguage":"it-IT"},{"@type":"Organization","@id":"https:\/\/portale2.unime.it\/asafal\/#organization","name":"Asafal","url":"https:\/\/portale2.unime.it\/asafal\/","logo":{"@type":"ImageObject","inLanguage":"it-IT","@id":"https:\/\/portale2.unime.it\/asafal\/#\/schema\/logo\/image\/","url":"https:\/\/portale2.unime.it\/asafal\/wp-content\/uploads\/sites\/105\/2019\/07\/Logo-ASAFAL1.jpg","contentUrl":"https:\/\/portale2.unime.it\/asafal\/wp-content\/uploads\/sites\/105\/2019\/07\/Logo-ASAFAL1.jpg","width":300,"height":212,"caption":"Asafal"},"image":{"@id":"https:\/\/portale2.unime.it\/asafal\/#\/schema\/logo\/image\/"}}]}},"_links":{"self":[{"href":"https:\/\/portale2.unime.it\/asafal\/wp-json\/wp\/v2\/pages\/460","targetHints":{"allow":["GET"]}}],"collection":[{"href":"https:\/\/portale2.unime.it\/asafal\/wp-json\/wp\/v2\/pages"}],"about":[{"href":"https:\/\/portale2.unime.it\/asafal\/wp-json\/wp\/v2\/types\/page"}],"author":[{"embeddable":true,"href":"https:\/\/portale2.unime.it\/asafal\/wp-json\/wp\/v2\/users\/1"}],"replies":[{"embeddable":true,"href":"https:\/\/portale2.unime.it\/asafal\/wp-json\/wp\/v2\/comments?post=460"}],"version-history":[{"count":0,"href":"https:\/\/portale2.unime.it\/asafal\/wp-json\/wp\/v2\/pages\/460\/revisions"}],"up":[{"embeddable":true,"href":"https:\/\/portale2.unime.it\/asafal\/wp-json\/wp\/v2\/pages\/338"}],"wp:attachment":[{"href":"https:\/\/portale2.unime.it\/asafal\/wp-json\/wp\/v2\/media?parent=460"}],"curies":[{"name":"wp","href":"https:\/\/api.w.org\/{rel}","templated":true}]}}