{"id":466,"date":"2021-09-24T17:10:41","date_gmt":"2021-09-24T15:10:41","guid":{"rendered":"https:\/\/asafal.wp.unisi.it\/?page_id=466"},"modified":"2021-09-24T17:10:41","modified_gmt":"2021-09-24T15:10:41","slug":"research","status":"publish","type":"page","link":"https:\/\/portale2.unime.it\/asafal\/latin-america\/research\/","title":{"rendered":"RESEARCH"},"content":{"rendered":"<h3 style=\"text-align: center\">LINEE DI RICERCA AMERICA LATINA \u2013 RESEARCH GUIDELINES LATIN AMERICA<\/h3>\n<p><strong>The current research lines adopted by the Professor Lara Semboloni are:<\/strong><\/p>\n<p>&nbsp;<\/p>\n<ul>\n<li><strong>El \u201cBuen Gobierno\u201d desde Nueva Espa\u00f1a hasta la Rep\u00fablica Mexicana.<\/strong> Seminario Internazionale Formazione Politica del Messico, ASAFAL- Universit\u00e1 di Siena; CEH, El Colegio de M\u00e8xico. Dir. Prof.ssa Lara Semboloni, Prof. Andres Lira Gonzalez<\/li>\n<\/ul>\n<p>&nbsp;<\/p>\n<ul>\n<li><strong>Narrativa e contronarrativa del \u201cterrorismo\u201d come fenomeno di resistenza tra relazioni di potere. Un Caso di studio: Messico nella seconda met\u00e0 del Novecento.<\/strong> ASAFAL, Universit\u00e0 di Siena, Dir. Prof.ssa Lara Semboloni<\/li>\n<\/ul>\n<p>&nbsp;<\/p>\n<ul>\n<li><strong>Pol\u00edtica y hierocracia en M\u00e9xico. De Nueva Espa\u00f1a al M\u00e9xico republicano (1521- 1861).<\/strong> CEH, El Colegio de M\u00e9xico, A.C., Dir. Prof. Andr\u00e9s Lira Gonz\u00e1lez<\/li>\n<\/ul>\n<p>&nbsp;<\/p>\n<ul>\n<li><strong>El peso de los procesos hist\u00f3ricos en la integraci\u00f3n regional de la Uni\u00f3n Europea con la pol\u00edtica de Am\u00e9rica Latina. Entre teor\u00eda y pr\u00e1ctica.<\/strong> ASAFAL, Universit\u00e0 di Siena<\/li>\n<\/ul>\n<p>&nbsp;<\/p>\n<p style=\"text-align: center\"><a href=\"https:\/\/asafal.wp.unisi.it\/wp-content\/uploads\/sites\/70\/2021\/09\/Emergenza-Covid-e-Cooperazione-Internazionale-.pdf\">Emergenza Covid e Cooperazione Internazionale<\/a><\/p>\n","protected":false},"excerpt":{"rendered":"<p>LINEE DI RICERCA AMERICA LATINA \u2013 RESEARCH GUIDELINES LATIN AMERICA The current research lines adopted by the Professor Lara Semboloni [&hellip;]<\/p>\n","protected":false},"author":1,"featured_media":0,"parent":346,"menu_order":0,"comment_status":"closed","ping_status":"closed","template":"page-fullwidth.php","meta":{"site-sidebar-layout":"default","site-content-layout":"","ast-site-content-layout":"default","site-content-style":"default","site-sidebar-style":"default","ast-global-header-display":"","ast-banner-title-visibility":"","ast-main-header-display":"","ast-hfb-above-header-display":"","ast-hfb-below-header-display":"","ast-hfb-mobile-header-display":"","site-post-title":"","ast-breadcrumbs-content":"","ast-featured-img":"","footer-sml-layout":"","ast-disable-related-posts":"","theme-transparent-header-meta":"","adv-header-id-meta":"","stick-header-meta":"","header-above-stick-meta":"","header-main-stick-meta":"","header-below-stick-meta":"","astra-migrate-meta-layouts":"default","ast-page-background-enabled":"default","ast-page-background-meta":{"desktop":{"background-color":"var(--ast-global-color-5)","background-image":"","background-repeat":"repeat","background-position":"center center","background-size":"auto","background-attachment":"scroll","background-type":"","background-media":"","overlay-type":"","overlay-color":"","overlay-opacity":"","overlay-gradient":""},"tablet":{"background-color":"","background-image":"","background-repeat":"repeat","background-position":"center center","background-size":"auto","background-attachment":"scroll","background-type":"","background-media":"","overlay-type":"","overlay-color":"","overlay-opacity":"","overlay-gradient":""},"mobile":{"background-color":"","background-image":"","background-repeat":"repeat","background-position":"center center","background-size":"auto","background-attachment":"scroll","background-type":"","background-media":"","overlay-type":"","overlay-color":"","overlay-opacity":"","overlay-gradient":""}},"ast-content-background-meta":{"desktop":{"background-color":"var(--ast-global-color-4)","background-image":"","background-repeat":"repeat","background-position":"center center","background-size":"auto","background-attachment":"scroll","background-type":"","background-media":"","overlay-type":"","overlay-color":"","overlay-opacity":"","overlay-gradient":""},"tablet":{"background-color":"var(--ast-global-color-4)","background-image":"","background-repeat":"repeat","background-position":"center center","background-size":"auto","background-attachment":"scroll","background-type":"","background-media":"","overlay-type":"","overlay-color":"","overlay-opacity":"","overlay-gradient":""},"mobile":{"background-color":"var(--ast-global-color-4)","background-image":"","background-repeat":"repeat","background-position":"center center","background-size":"auto","background-attachment":"scroll","background-type":"","background-media":"","overlay-type":"","overlay-color":"","overlay-opacity":"","overlay-gradient":""}},"footnotes":""},"class_list":["post-466","page","type-page","status-publish","hentry"],"yoast_head":"<!-- This site is optimized with the Yoast SEO plugin v27.5 - https:\/\/yoast.com\/product\/yoast-seo-wordpress\/ -->\n<title>RESEARCH - Asafal<\/title>\n<meta name=\"robots\" content=\"index, follow, max-snippet:-1, max-image-preview:large, max-video-preview:-1\" \/>\n<link rel=\"canonical\" href=\"https:\/\/portale2.unime.it\/asafal\/latin-america\/research\/\" \/>\n<meta property=\"og:locale\" content=\"it_IT\" \/>\n<meta property=\"og:type\" content=\"article\" \/>\n<meta property=\"og:title\" content=\"RESEARCH - Asafal\" \/>\n<meta property=\"og:description\" content=\"LINEE DI RICERCA AMERICA LATINA \u2013 RESEARCH GUIDELINES LATIN AMERICA The current research lines adopted by the Professor Lara Semboloni [&hellip;]\" \/>\n<meta property=\"og:url\" content=\"https:\/\/portale2.unime.it\/asafal\/latin-america\/research\/\" \/>\n<meta property=\"og:site_name\" content=\"Asafal\" \/>\n<meta name=\"twitter:card\" content=\"summary_large_image\" \/>\n<meta name=\"twitter:label1\" content=\"Tempo di lettura stimato\" \/>\n\t<meta name=\"twitter:data1\" content=\"1 minuto\" \/>\n<script type=\"application\/ld+json\" class=\"yoast-schema-graph\">{\"@context\":\"https:\\\/\\\/schema.org\",\"@graph\":[{\"@type\":\"WebPage\",\"@id\":\"https:\\\/\\\/portale2.unime.it\\\/asafal\\\/latin-america\\\/research\\\/\",\"url\":\"https:\\\/\\\/portale2.unime.it\\\/asafal\\\/latin-america\\\/research\\\/\",\"name\":\"RESEARCH - Asafal\",\"isPartOf\":{\"@id\":\"https:\\\/\\\/portale2.unime.it\\\/asafal\\\/#website\"},\"datePublished\":\"2021-09-24T15:10:41+00:00\",\"breadcrumb\":{\"@id\":\"https:\\\/\\\/portale2.unime.it\\\/asafal\\\/latin-america\\\/research\\\/#breadcrumb\"},\"inLanguage\":\"it-IT\",\"potentialAction\":[{\"@type\":\"ReadAction\",\"target\":[\"https:\\\/\\\/portale2.unime.it\\\/asafal\\\/latin-america\\\/research\\\/\"]}]},{\"@type\":\"BreadcrumbList\",\"@id\":\"https:\\\/\\\/portale2.unime.it\\\/asafal\\\/latin-america\\\/research\\\/#breadcrumb\",\"itemListElement\":[{\"@type\":\"ListItem\",\"position\":1,\"name\":\"Home\",\"item\":\"https:\\\/\\\/portale2.unime.it\\\/asafal\\\/\"},{\"@type\":\"ListItem\",\"position\":2,\"name\":\"LATIN AMERICA\",\"item\":\"https:\\\/\\\/portale2.unime.it\\\/asafal\\\/latin-america\\\/\"},{\"@type\":\"ListItem\",\"position\":3,\"name\":\"RESEARCH\"}]},{\"@type\":\"WebSite\",\"@id\":\"https:\\\/\\\/portale2.unime.it\\\/asafal\\\/#website\",\"url\":\"https:\\\/\\\/portale2.unime.it\\\/asafal\\\/\",\"name\":\"Asafal\",\"description\":\"\",\"publisher\":{\"@id\":\"https:\\\/\\\/portale2.unime.it\\\/asafal\\\/#organization\"},\"potentialAction\":[{\"@type\":\"SearchAction\",\"target\":{\"@type\":\"EntryPoint\",\"urlTemplate\":\"https:\\\/\\\/portale2.unime.it\\\/asafal\\\/?s={search_term_string}\"},\"query-input\":{\"@type\":\"PropertyValueSpecification\",\"valueRequired\":true,\"valueName\":\"search_term_string\"}}],\"inLanguage\":\"it-IT\"},{\"@type\":\"Organization\",\"@id\":\"https:\\\/\\\/portale2.unime.it\\\/asafal\\\/#organization\",\"name\":\"Asafal\",\"url\":\"https:\\\/\\\/portale2.unime.it\\\/asafal\\\/\",\"logo\":{\"@type\":\"ImageObject\",\"inLanguage\":\"it-IT\",\"@id\":\"https:\\\/\\\/portale2.unime.it\\\/asafal\\\/#\\\/schema\\\/logo\\\/image\\\/\",\"url\":\"https:\\\/\\\/portale2.unime.it\\\/asafal\\\/wp-content\\\/uploads\\\/sites\\\/105\\\/2019\\\/07\\\/Logo-ASAFAL1.jpg\",\"contentUrl\":\"https:\\\/\\\/portale2.unime.it\\\/asafal\\\/wp-content\\\/uploads\\\/sites\\\/105\\\/2019\\\/07\\\/Logo-ASAFAL1.jpg\",\"width\":300,\"height\":212,\"caption\":\"Asafal\"},\"image\":{\"@id\":\"https:\\\/\\\/portale2.unime.it\\\/asafal\\\/#\\\/schema\\\/logo\\\/image\\\/\"}}]}<\/script>\n<!-- \/ Yoast SEO plugin. -->","yoast_head_json":{"title":"RESEARCH - Asafal","robots":{"index":"index","follow":"follow","max-snippet":"max-snippet:-1","max-image-preview":"max-image-preview:large","max-video-preview":"max-video-preview:-1"},"canonical":"https:\/\/portale2.unime.it\/asafal\/latin-america\/research\/","og_locale":"it_IT","og_type":"article","og_title":"RESEARCH - Asafal","og_description":"LINEE DI RICERCA AMERICA LATINA \u2013 RESEARCH GUIDELINES LATIN AMERICA The current research lines adopted by the Professor Lara Semboloni [&hellip;]","og_url":"https:\/\/portale2.unime.it\/asafal\/latin-america\/research\/","og_site_name":"Asafal","twitter_card":"summary_large_image","twitter_misc":{"Tempo di lettura stimato":"1 minuto"},"schema":{"@context":"https:\/\/schema.org","@graph":[{"@type":"WebPage","@id":"https:\/\/portale2.unime.it\/asafal\/latin-america\/research\/","url":"https:\/\/portale2.unime.it\/asafal\/latin-america\/research\/","name":"RESEARCH - Asafal","isPartOf":{"@id":"https:\/\/portale2.unime.it\/asafal\/#website"},"datePublished":"2021-09-24T15:10:41+00:00","breadcrumb":{"@id":"https:\/\/portale2.unime.it\/asafal\/latin-america\/research\/#breadcrumb"},"inLanguage":"it-IT","potentialAction":[{"@type":"ReadAction","target":["https:\/\/portale2.unime.it\/asafal\/latin-america\/research\/"]}]},{"@type":"BreadcrumbList","@id":"https:\/\/portale2.unime.it\/asafal\/latin-america\/research\/#breadcrumb","itemListElement":[{"@type":"ListItem","position":1,"name":"Home","item":"https:\/\/portale2.unime.it\/asafal\/"},{"@type":"ListItem","position":2,"name":"LATIN AMERICA","item":"https:\/\/portale2.unime.it\/asafal\/latin-america\/"},{"@type":"ListItem","position":3,"name":"RESEARCH"}]},{"@type":"WebSite","@id":"https:\/\/portale2.unime.it\/asafal\/#website","url":"https:\/\/portale2.unime.it\/asafal\/","name":"Asafal","description":"","publisher":{"@id":"https:\/\/portale2.unime.it\/asafal\/#organization"},"potentialAction":[{"@type":"SearchAction","target":{"@type":"EntryPoint","urlTemplate":"https:\/\/portale2.unime.it\/asafal\/?s={search_term_string}"},"query-input":{"@type":"PropertyValueSpecification","valueRequired":true,"valueName":"search_term_string"}}],"inLanguage":"it-IT"},{"@type":"Organization","@id":"https:\/\/portale2.unime.it\/asafal\/#organization","name":"Asafal","url":"https:\/\/portale2.unime.it\/asafal\/","logo":{"@type":"ImageObject","inLanguage":"it-IT","@id":"https:\/\/portale2.unime.it\/asafal\/#\/schema\/logo\/image\/","url":"https:\/\/portale2.unime.it\/asafal\/wp-content\/uploads\/sites\/105\/2019\/07\/Logo-ASAFAL1.jpg","contentUrl":"https:\/\/portale2.unime.it\/asafal\/wp-content\/uploads\/sites\/105\/2019\/07\/Logo-ASAFAL1.jpg","width":300,"height":212,"caption":"Asafal"},"image":{"@id":"https:\/\/portale2.unime.it\/asafal\/#\/schema\/logo\/image\/"}}]}},"_links":{"self":[{"href":"https:\/\/portale2.unime.it\/asafal\/wp-json\/wp\/v2\/pages\/466","targetHints":{"allow":["GET"]}}],"collection":[{"href":"https:\/\/portale2.unime.it\/asafal\/wp-json\/wp\/v2\/pages"}],"about":[{"href":"https:\/\/portale2.unime.it\/asafal\/wp-json\/wp\/v2\/types\/page"}],"author":[{"embeddable":true,"href":"https:\/\/portale2.unime.it\/asafal\/wp-json\/wp\/v2\/users\/1"}],"replies":[{"embeddable":true,"href":"https:\/\/portale2.unime.it\/asafal\/wp-json\/wp\/v2\/comments?post=466"}],"version-history":[{"count":0,"href":"https:\/\/portale2.unime.it\/asafal\/wp-json\/wp\/v2\/pages\/466\/revisions"}],"up":[{"embeddable":true,"href":"https:\/\/portale2.unime.it\/asafal\/wp-json\/wp\/v2\/pages\/346"}],"wp:attachment":[{"href":"https:\/\/portale2.unime.it\/asafal\/wp-json\/wp\/v2\/media?parent=466"}],"curies":[{"name":"wp","href":"https:\/\/api.w.org\/{rel}","templated":true}]}}