{"id":477,"date":"2021-09-25T16:13:19","date_gmt":"2021-09-25T14:13:19","guid":{"rendered":"https:\/\/asafal.wp.unisi.it\/?page_id=477"},"modified":"2021-09-25T16:13:19","modified_gmt":"2021-09-25T14:13:19","slug":"members","status":"publish","type":"page","link":"https:\/\/portale2.unime.it\/asafal\/about\/members\/","title":{"rendered":"MEMBERS"},"content":{"rendered":"<h3 style=\"text-align: center\">Direttore 2021\\2024<\/h3>\n<p style=\"text-align: center\"><a href=\"https:\/\/docenti.unisi.it\/it\/semboloni\"><strong>Lara Semboloni<\/strong><\/a>, Universit\u00e0 degli studi di Siena<\/p>\n<p>&nbsp;<\/p>\n<h3 style=\"text-align: center\">Consiglio Direttivo<\/h3>\n<p style=\"text-align: center\"><a href=\"https:\/\/docenti.unisi.it\/it\/casini\"><strong>Fabio Casini<\/strong><\/a>, Universit\u00e0 degli studi di Siena<\/p>\n<p style=\"text-align: center\"><a href=\"https:\/\/docenti.unisi.it\/it\/francioni-0\"><strong>Andrea Francioni<\/strong><\/a>, Universit\u00e0 degli studi di Siena (Direttore 2018-2021)<\/p>\n<p style=\"text-align: center\"><a href=\"https:\/\/www.unistrapg.it\/it\/docenti\/federica-guazzini\"><strong>Federica Guazzini<\/strong><\/a>, Universit\u00e0 per stranieri di Perugia<\/p>\n<p style=\"text-align: center\"><a href=\"https:\/\/archivio.unime.it\/it\/persona\/marcello-mollica\/curriculum\"><strong>Marcello Mollica<\/strong><\/a>, Universit\u00e0 degli studi di Messina<\/p>\n<p style=\"text-align: center\"><a href=\"https:\/\/docenti.unisi.it\/it\/semboloni\"><strong>Lara Semboloni<\/strong><\/a>, Universit\u00e0 degli studi di Siena<\/p>\n<div>\n<h1><\/h1>\n<h3 style=\"text-align: center\">Membri affiliati ASAFAL (al gennaio 2023)<\/h3>\n<p style=\"text-align: center\"><a href=\"https:\/\/www.xjtlu.edu.cn\/en\/departments\/academic-departments\/international-studies\/staff\/alessandra-cap\"><strong>Alessandra Cappelletti<\/strong><\/a>, China Studies, Department of International Relations, Xi&#8217;an Jiaotong-Liverpool University, Suzhou<\/p>\n<p style=\"text-align: center\"><strong>James C. Dingley<\/strong>, Sociology, Gibson Institute for Sustainable Development, Queen&#8217;s University Belfast<\/p>\n<p style=\"text-align: center\"><strong>Mar\u00eda del Carmen Espinosa Valdivia<\/strong>, Storia delle Istituzioni, Centro de Estudios Hist\u00f3ricos, El Colegio de M\u00e9xico, M\u00e9xico DF<\/p>\n<p style=\"text-align: center\"><strong>Claudia Ferreira Ascencio<\/strong>, Antropologia e Storia, Centro de Estudios Hist\u00f3ricos, El Colegio de M\u00e9xico, M\u00e9xico DF \u271d<\/p>\n<p style=\"text-align: center\"><strong>Benedetta Panchetti<\/strong>, Demo-etnoantropologia, Dipartimento di Civilt\u00e0 e Forme del Sapere, Universit\u00e0 degli studi di Pisa<\/p>\n<p style=\"text-align: center\"><a href=\"https:\/\/www.unistrapg.it\/it\/docenti\/giovanna-scocozza\"><strong>Giovanna Scocozza<\/strong><\/a>, Lingua e Cultura Spagnola, Dipartimento di Scienze Umane e Sociali, Universit\u00e0 per stranieri di Perugia<\/p>\n<p style=\"text-align: center\"><a href=\"https:\/\/web.unica.it\/unica\/it\/ateneo_s07_ss01.page?contentId=SHD30858\"><strong>Isabella Soi<\/strong><\/a>, Storia e Istituzioni dell&#8217;Africa, Dipartimento di Scienze Sociali e delle Istituzioni, Universit\u00e0 degli studi di Cagliari<\/p>\n<p style=\"text-align: center\"><a href=\"https:\/\/www.unibo.it\/sitoweb\/paulina.sabugal\"><strong>Paulina Sabugal Paz<\/strong><\/a>, Sociologia dei Processi Culturali, Messico<\/p>\n<p style=\"text-align: center\"><a href=\"https:\/\/archivio.unime.it\/it\/persona\/francesco-pira\/biografema\"><strong>Francesco Pira<\/strong><\/a>, Sociologia dei Processi Culturali e Comunicativi, Dipartimento di Civilta\u0300 Antiche e Moderne, Universita\u0300 di Messina<\/p>\n<p style=\"text-align: center\"><a href=\"https:\/\/docenti.unisi.it\/it\/gerlini\"><strong>Matteo Gerlini<\/strong><\/a>, Storia Internazionale e Tecnologia, Dipartimento Scienze Politiche e Internazionali, Universit\u00e0 di Siena<\/p>\n<p style=\"text-align: center\"><a href=\"https:\/\/docenti.unisi.it\/it\/vella\"><strong>Maria Vella<\/strong><\/a>, Economia e Gestione del Terzo Settore, Dipartimento Scienze Politiche e Internazionali, Universit\u00e0 di Siena<\/p>\n<p style=\"text-align: center\"><strong>Leone Michelini<\/strong>, Dottorando in Antropologia presso l&#8217;Universit\u00e0 di Messina<\/p>\n<p style=\"text-align: center\"><strong>Michele Trassinelli<\/strong>, Dottorando in Diplomazia e Cooperazione Internazionale presso l&#8217;Universita\u0300 per Stranieri di Perugia<\/p>\n<p style=\"text-align: center\"><a href=\"https:\/\/www.unistrapg.it\/it\/docenti\/angela-sagnella\"><strong>Angela Sagnella<\/strong><\/a>, Ricercatrice t.d. b (art. 24 c. 3-b L. 240\/10) Lingue e Traduzioni &#8211; Lingua Spagnola presso l&#8217;Universita\u0300 per Stranieri di Perugia<\/p>\n<h3 style=\"text-align: center\"><\/h3>\n<\/div>\n<div><\/div>\n<div style=\"text-align: center\"><\/div>\n","protected":false},"excerpt":{"rendered":"<p>Direttore 2021\\2024 Lara Semboloni, Universit\u00e0 degli studi di Siena &nbsp; Consiglio Direttivo Fabio Casini, Universit\u00e0 degli studi di Siena Andrea [&hellip;]<\/p>\n","protected":false},"author":1,"featured_media":0,"parent":9,"menu_order":0,"comment_status":"closed","ping_status":"closed","template":"","meta":{"site-sidebar-layout":"default","site-content-layout":"","ast-site-content-layout":"default","site-content-style":"default","site-sidebar-style":"default","ast-global-header-display":"","ast-banner-title-visibility":"","ast-main-header-display":"","ast-hfb-above-header-display":"","ast-hfb-below-header-display":"","ast-hfb-mobile-header-display":"","site-post-title":"","ast-breadcrumbs-content":"","ast-featured-img":"","footer-sml-layout":"","ast-disable-related-posts":"","theme-transparent-header-meta":"","adv-header-id-meta":"","stick-header-meta":"","header-above-stick-meta":"","header-main-stick-meta":"","header-below-stick-meta":"","astra-migrate-meta-layouts":"default","ast-page-background-enabled":"default","ast-page-background-meta":{"desktop":{"background-color":"var(--ast-global-color-5)","background-image":"","background-repeat":"repeat","background-position":"center center","background-size":"auto","background-attachment":"scroll","background-type":"","background-media":"","overlay-type":"","overlay-color":"","overlay-opacity":"","overlay-gradient":""},"tablet":{"background-color":"","background-image":"","background-repeat":"repeat","background-position":"center center","background-size":"auto","background-attachment":"scroll","background-type":"","background-media":"","overlay-type":"","overlay-color":"","overlay-opacity":"","overlay-gradient":""},"mobile":{"background-color":"","background-image":"","background-repeat":"repeat","background-position":"center center","background-size":"auto","background-attachment":"scroll","background-type":"","background-media":"","overlay-type":"","overlay-color":"","overlay-opacity":"","overlay-gradient":""}},"ast-content-background-meta":{"desktop":{"background-color":"var(--ast-global-color-4)","background-image":"","background-repeat":"repeat","background-position":"center center","background-size":"auto","background-attachment":"scroll","background-type":"","background-media":"","overlay-type":"","overlay-color":"","overlay-opacity":"","overlay-gradient":""},"tablet":{"background-color":"var(--ast-global-color-4)","background-image":"","background-repeat":"repeat","background-position":"center center","background-size":"auto","background-attachment":"scroll","background-type":"","background-media":"","overlay-type":"","overlay-color":"","overlay-opacity":"","overlay-gradient":""},"mobile":{"background-color":"var(--ast-global-color-4)","background-image":"","background-repeat":"repeat","background-position":"center center","background-size":"auto","background-attachment":"scroll","background-type":"","background-media":"","overlay-type":"","overlay-color":"","overlay-opacity":"","overlay-gradient":""}},"footnotes":""},"class_list":["post-477","page","type-page","status-publish","hentry"],"yoast_head":"<!-- This site is optimized with the Yoast SEO plugin v27.5 - https:\/\/yoast.com\/product\/yoast-seo-wordpress\/ -->\n<title>MEMBERS - Asafal<\/title>\n<meta name=\"robots\" content=\"index, follow, max-snippet:-1, max-image-preview:large, max-video-preview:-1\" \/>\n<link rel=\"canonical\" href=\"https:\/\/portale2.unime.it\/asafal\/about\/members\/\" \/>\n<meta property=\"og:locale\" content=\"it_IT\" \/>\n<meta property=\"og:type\" content=\"article\" \/>\n<meta property=\"og:title\" content=\"MEMBERS - Asafal\" \/>\n<meta property=\"og:description\" content=\"Direttore 20212024 Lara Semboloni, Universit\u00e0 degli studi di Siena &nbsp; Consiglio Direttivo Fabio Casini, Universit\u00e0 degli studi di Siena Andrea [&hellip;]\" \/>\n<meta property=\"og:url\" content=\"https:\/\/portale2.unime.it\/asafal\/about\/members\/\" \/>\n<meta property=\"og:site_name\" content=\"Asafal\" \/>\n<meta name=\"twitter:card\" content=\"summary_large_image\" \/>\n<meta name=\"twitter:label1\" content=\"Tempo di lettura stimato\" \/>\n\t<meta name=\"twitter:data1\" content=\"1 minuto\" \/>\n<script type=\"application\/ld+json\" class=\"yoast-schema-graph\">{\"@context\":\"https:\\\/\\\/schema.org\",\"@graph\":[{\"@type\":\"WebPage\",\"@id\":\"https:\\\/\\\/portale2.unime.it\\\/asafal\\\/about\\\/members\\\/\",\"url\":\"https:\\\/\\\/portale2.unime.it\\\/asafal\\\/about\\\/members\\\/\",\"name\":\"MEMBERS - Asafal\",\"isPartOf\":{\"@id\":\"https:\\\/\\\/portale2.unime.it\\\/asafal\\\/#website\"},\"datePublished\":\"2021-09-25T14:13:19+00:00\",\"breadcrumb\":{\"@id\":\"https:\\\/\\\/portale2.unime.it\\\/asafal\\\/about\\\/members\\\/#breadcrumb\"},\"inLanguage\":\"it-IT\",\"potentialAction\":[{\"@type\":\"ReadAction\",\"target\":[\"https:\\\/\\\/portale2.unime.it\\\/asafal\\\/about\\\/members\\\/\"]}]},{\"@type\":\"BreadcrumbList\",\"@id\":\"https:\\\/\\\/portale2.unime.it\\\/asafal\\\/about\\\/members\\\/#breadcrumb\",\"itemListElement\":[{\"@type\":\"ListItem\",\"position\":1,\"name\":\"Home\",\"item\":\"https:\\\/\\\/portale2.unime.it\\\/asafal\\\/\"},{\"@type\":\"ListItem\",\"position\":2,\"name\":\"ABOUT\",\"item\":\"https:\\\/\\\/portale2.unime.it\\\/asafal\\\/about\\\/\"},{\"@type\":\"ListItem\",\"position\":3,\"name\":\"MEMBERS\"}]},{\"@type\":\"WebSite\",\"@id\":\"https:\\\/\\\/portale2.unime.it\\\/asafal\\\/#website\",\"url\":\"https:\\\/\\\/portale2.unime.it\\\/asafal\\\/\",\"name\":\"Asafal\",\"description\":\"\",\"publisher\":{\"@id\":\"https:\\\/\\\/portale2.unime.it\\\/asafal\\\/#organization\"},\"potentialAction\":[{\"@type\":\"SearchAction\",\"target\":{\"@type\":\"EntryPoint\",\"urlTemplate\":\"https:\\\/\\\/portale2.unime.it\\\/asafal\\\/?s={search_term_string}\"},\"query-input\":{\"@type\":\"PropertyValueSpecification\",\"valueRequired\":true,\"valueName\":\"search_term_string\"}}],\"inLanguage\":\"it-IT\"},{\"@type\":\"Organization\",\"@id\":\"https:\\\/\\\/portale2.unime.it\\\/asafal\\\/#organization\",\"name\":\"Asafal\",\"url\":\"https:\\\/\\\/portale2.unime.it\\\/asafal\\\/\",\"logo\":{\"@type\":\"ImageObject\",\"inLanguage\":\"it-IT\",\"@id\":\"https:\\\/\\\/portale2.unime.it\\\/asafal\\\/#\\\/schema\\\/logo\\\/image\\\/\",\"url\":\"https:\\\/\\\/portale2.unime.it\\\/asafal\\\/wp-content\\\/uploads\\\/sites\\\/105\\\/2019\\\/07\\\/Logo-ASAFAL1.jpg\",\"contentUrl\":\"https:\\\/\\\/portale2.unime.it\\\/asafal\\\/wp-content\\\/uploads\\\/sites\\\/105\\\/2019\\\/07\\\/Logo-ASAFAL1.jpg\",\"width\":300,\"height\":212,\"caption\":\"Asafal\"},\"image\":{\"@id\":\"https:\\\/\\\/portale2.unime.it\\\/asafal\\\/#\\\/schema\\\/logo\\\/image\\\/\"}}]}<\/script>\n<!-- \/ Yoast SEO plugin. -->","yoast_head_json":{"title":"MEMBERS - Asafal","robots":{"index":"index","follow":"follow","max-snippet":"max-snippet:-1","max-image-preview":"max-image-preview:large","max-video-preview":"max-video-preview:-1"},"canonical":"https:\/\/portale2.unime.it\/asafal\/about\/members\/","og_locale":"it_IT","og_type":"article","og_title":"MEMBERS - Asafal","og_description":"Direttore 20212024 Lara Semboloni, Universit\u00e0 degli studi di Siena &nbsp; Consiglio Direttivo Fabio Casini, Universit\u00e0 degli studi di Siena Andrea [&hellip;]","og_url":"https:\/\/portale2.unime.it\/asafal\/about\/members\/","og_site_name":"Asafal","twitter_card":"summary_large_image","twitter_misc":{"Tempo di lettura stimato":"1 minuto"},"schema":{"@context":"https:\/\/schema.org","@graph":[{"@type":"WebPage","@id":"https:\/\/portale2.unime.it\/asafal\/about\/members\/","url":"https:\/\/portale2.unime.it\/asafal\/about\/members\/","name":"MEMBERS - Asafal","isPartOf":{"@id":"https:\/\/portale2.unime.it\/asafal\/#website"},"datePublished":"2021-09-25T14:13:19+00:00","breadcrumb":{"@id":"https:\/\/portale2.unime.it\/asafal\/about\/members\/#breadcrumb"},"inLanguage":"it-IT","potentialAction":[{"@type":"ReadAction","target":["https:\/\/portale2.unime.it\/asafal\/about\/members\/"]}]},{"@type":"BreadcrumbList","@id":"https:\/\/portale2.unime.it\/asafal\/about\/members\/#breadcrumb","itemListElement":[{"@type":"ListItem","position":1,"name":"Home","item":"https:\/\/portale2.unime.it\/asafal\/"},{"@type":"ListItem","position":2,"name":"ABOUT","item":"https:\/\/portale2.unime.it\/asafal\/about\/"},{"@type":"ListItem","position":3,"name":"MEMBERS"}]},{"@type":"WebSite","@id":"https:\/\/portale2.unime.it\/asafal\/#website","url":"https:\/\/portale2.unime.it\/asafal\/","name":"Asafal","description":"","publisher":{"@id":"https:\/\/portale2.unime.it\/asafal\/#organization"},"potentialAction":[{"@type":"SearchAction","target":{"@type":"EntryPoint","urlTemplate":"https:\/\/portale2.unime.it\/asafal\/?s={search_term_string}"},"query-input":{"@type":"PropertyValueSpecification","valueRequired":true,"valueName":"search_term_string"}}],"inLanguage":"it-IT"},{"@type":"Organization","@id":"https:\/\/portale2.unime.it\/asafal\/#organization","name":"Asafal","url":"https:\/\/portale2.unime.it\/asafal\/","logo":{"@type":"ImageObject","inLanguage":"it-IT","@id":"https:\/\/portale2.unime.it\/asafal\/#\/schema\/logo\/image\/","url":"https:\/\/portale2.unime.it\/asafal\/wp-content\/uploads\/sites\/105\/2019\/07\/Logo-ASAFAL1.jpg","contentUrl":"https:\/\/portale2.unime.it\/asafal\/wp-content\/uploads\/sites\/105\/2019\/07\/Logo-ASAFAL1.jpg","width":300,"height":212,"caption":"Asafal"},"image":{"@id":"https:\/\/portale2.unime.it\/asafal\/#\/schema\/logo\/image\/"}}]}},"_links":{"self":[{"href":"https:\/\/portale2.unime.it\/asafal\/wp-json\/wp\/v2\/pages\/477","targetHints":{"allow":["GET"]}}],"collection":[{"href":"https:\/\/portale2.unime.it\/asafal\/wp-json\/wp\/v2\/pages"}],"about":[{"href":"https:\/\/portale2.unime.it\/asafal\/wp-json\/wp\/v2\/types\/page"}],"author":[{"embeddable":true,"href":"https:\/\/portale2.unime.it\/asafal\/wp-json\/wp\/v2\/users\/1"}],"replies":[{"embeddable":true,"href":"https:\/\/portale2.unime.it\/asafal\/wp-json\/wp\/v2\/comments?post=477"}],"version-history":[{"count":0,"href":"https:\/\/portale2.unime.it\/asafal\/wp-json\/wp\/v2\/pages\/477\/revisions"}],"up":[{"embeddable":true,"href":"https:\/\/portale2.unime.it\/asafal\/wp-json\/wp\/v2\/pages\/9"}],"wp:attachment":[{"href":"https:\/\/portale2.unime.it\/asafal\/wp-json\/wp\/v2\/media?parent=477"}],"curies":[{"name":"wp","href":"https:\/\/api.w.org\/{rel}","templated":true}]}}