{"id":2110,"date":"2025-03-24T22:01:05","date_gmt":"2025-03-24T21:01:05","guid":{"rendered":"https:\/\/portale2.unime.it\/biosymp\/?page_id=2110"},"modified":"2025-05-13T10:50:32","modified_gmt":"2025-05-13T08:50:32","slug":"fernando-albericio","status":"publish","type":"page","link":"https:\/\/portale2.unime.it\/biosymp\/people\/fernando-albericio\/","title":{"rendered":"Fernando Alber\u00eccio"},"content":{"rendered":"\t\t<div data-elementor-type=\"wp-page\" data-elementor-id=\"2110\" class=\"elementor elementor-2110\">\n\t\t\t\t\t\t<section class=\"elementor-section elementor-top-section elementor-element elementor-element-71e8918 elementor-section-boxed elementor-section-height-default elementor-section-height-default\" data-id=\"71e8918\" data-element_type=\"section\" data-e-type=\"section\" data-settings=\"{&quot;background_background&quot;:&quot;classic&quot;}\">\n\t\t\t\t\t\t<div class=\"elementor-container elementor-column-gap-default\">\n\t\t\t\t\t<div class=\"elementor-column elementor-col-100 elementor-top-column elementor-element elementor-element-aa31284\" data-id=\"aa31284\" data-element_type=\"column\" data-e-type=\"column\">\n\t\t\t<div class=\"elementor-widget-wrap elementor-element-populated\">\n\t\t\t\t\t\t<div class=\"elementor-element elementor-element-22469bf elementor-invisible elementor-widget elementor-widget-heading\" data-id=\"22469bf\" data-element_type=\"widget\" data-e-type=\"widget\" data-settings=\"{&quot;_animation&quot;:&quot;fadeInDown&quot;}\" data-widget_type=\"heading.default\">\n\t\t\t\t<div class=\"elementor-widget-container\">\n\t\t\t\t\t<h2 class=\"elementor-heading-title elementor-size-default\">KEYNOTE SPEAKER<\/h2>\t\t\t\t<\/div>\n\t\t\t\t<\/div>\n\t\t\t\t\t<\/div>\n\t\t<\/div>\n\t\t\t\t\t<\/div>\n\t\t<\/section>\n\t\t\t\t<section class=\"elementor-section elementor-top-section elementor-element elementor-element-ad48a45 elementor-section-boxed elementor-section-height-default elementor-section-height-default\" data-id=\"ad48a45\" data-element_type=\"section\" data-e-type=\"section\">\n\t\t\t\t\t\t<div class=\"elementor-container elementor-column-gap-default\">\n\t\t\t\t\t<div class=\"elementor-column elementor-col-33 elementor-top-column elementor-element elementor-element-ef34617 elementor-invisible\" data-id=\"ef34617\" data-element_type=\"column\" data-e-type=\"column\" data-settings=\"{&quot;background_background&quot;:&quot;classic&quot;,&quot;animation&quot;:&quot;fadeInLeft&quot;}\">\n\t\t\t<div class=\"elementor-widget-wrap elementor-element-populated\">\n\t\t\t\t\t\t<div class=\"elementor-element elementor-element-1289a7c elementor-widget elementor-widget-image\" data-id=\"1289a7c\" data-element_type=\"widget\" data-e-type=\"widget\" data-widget_type=\"image.default\">\n\t\t\t\t<div class=\"elementor-widget-container\">\n\t\t\t\t\t\t\t\t\t\t\t\t\t\t\t<img decoding=\"async\" src=\"https:\/\/portale2.unime.it\/biosymp\/wp-content\/uploads\/sites\/79\/elementor\/thumbs\/Fernando-Albericio_PIC-r352k2xojfaxfmh0vl607if8soz3tu9bvulzzf3i6o.jpg\" title=\"Fernando Albericio_PIC\" alt=\"Fernando Alber\u00eccio\" loading=\"lazy\" \/>\t\t\t\t\t\t\t\t\t\t\t\t\t\t\t<\/div>\n\t\t\t\t<\/div>\n\t\t\t\t<div class=\"elementor-element elementor-element-3e68c8f elementor-widget elementor-widget-heading\" data-id=\"3e68c8f\" data-element_type=\"widget\" data-e-type=\"widget\" data-widget_type=\"heading.default\">\n\t\t\t\t<div class=\"elementor-widget-container\">\n\t\t\t\t\t<h3 class=\"elementor-heading-title elementor-size-default\">Prof. Fernando Alber\u00eccio<\/h3>\t\t\t\t<\/div>\n\t\t\t\t<\/div>\n\t\t\t\t\t<\/div>\n\t\t<\/div>\n\t\t\t\t<div class=\"elementor-column elementor-col-66 elementor-top-column elementor-element elementor-element-174aaed elementor-invisible\" data-id=\"174aaed\" data-element_type=\"column\" data-e-type=\"column\" data-settings=\"{&quot;animation&quot;:&quot;fadeInRight&quot;}\">\n\t\t\t<div class=\"elementor-widget-wrap elementor-element-populated\">\n\t\t\t\t\t\t<div class=\"elementor-element elementor-element-d9d003f elementor-widget__width-inherit elementor-invisible elementor-widget elementor-widget-heading\" data-id=\"d9d003f\" data-element_type=\"widget\" data-e-type=\"widget\" data-settings=\"{&quot;_animation&quot;:&quot;slideInUp&quot;}\" data-widget_type=\"heading.default\">\n\t\t\t\t<div class=\"elementor-widget-container\">\n\t\t\t\t\t<h4 class=\"elementor-heading-title elementor-size-default\">lorem ipsum<\/h4>\t\t\t\t<\/div>\n\t\t\t\t<\/div>\n\t\t\t\t<div class=\"elementor-element elementor-element-4fa6003 elementor-widget elementor-widget-text-editor\" data-id=\"4fa6003\" data-element_type=\"widget\" data-e-type=\"widget\" data-widget_type=\"text-editor.default\">\n\t\t\t\t<div class=\"elementor-widget-container\">\n\t\t\t\t\t\t\t\t\t<p style=\"text-align: left\" align=\"justify\"><span style=\"font-family: tahoma, arial, helvetica, sans-serif;font-size: 14pt\"><span lang=\"en-ZA\">Prof. Fernando Alber\u00eccio is a distinguished scholar in the field of peptide synthesis and characterization. He is an Emeritus professor at University of Barcelona, Department of Organic Chemistry, where he was a full professor until 2023. Currently, he is research professor in the School of Chemistry and Physics at the University of KwaZulu-Natal (UKZN, South Africa). In his long academic career, he has covered several academic positions including, just to mention a few of them, Leader of the Institut for Research in Biomedicine of Barcelona, Barcelona Science Park (2003-2015), PI of the CIBER-BBN, Networking Centre on Bioengineering, Biomaterials and Nanomedicine (Spain, 2005-2023), Rector of the University of Yachay (Ecuador, 2014-2015), Visiting Professor at the <\/span><\/span><span style=\"font-size: 14pt\"><span style=\"font-family: tahoma, arial, helvetica, sans-serif\"><span lang=\"en-ZA\">School of Chemistry of King Saud University (Ryad, Saud Arabia). He was involved in more than 50 industrial projects and had numerous executive employments in several companies, many of which were founded by him: Barcelona Science Park (Spain), Millipore-Waters Corporation, Boston (USA), DiverDrugs S.L., Barcelona (Spain), Medalchemy S.L., Alicante (Spain), GenMedica S.L., Barcelona (Spain), Argo Pharma S.L., Barcelona (Spain), Barcelona Innovation Partners (Spain), BioDurban (South Africa). He also received countless worldwide awards, as for instance in 2024 only: Lifetime Achievement Award, European Peptide Synthesis Conference, Josef Rudinger Memorial Lecture Award, European Peptide Society, Meienhofer Lifetime Achievement Award, Boulder Peptide Foundation (USA). He collaborates with approximately 30 journal editorial boards and his scientific work led to the production of more 21 bioactive products. <\/span><span lang=\"en-US\">To date, he has published over 950 scientific articles, with more than 32000 citations (H-index 86), and issued 18 international patents. He supervised 81<\/span><b> <\/b><\/span><span style=\"font-family: Calibri, serif\"><span lang=\"en-US\"><span style=\"font-family: tahoma, arial, helvetica, sans-serif\">Ph.D. students and was the PI of nearly 30 competitive grants in the last 15 years only.<\/span><\/span><\/span><\/span><\/p><p style=\"text-align: left\" align=\"justify\"><span style=\"font-size: 14pt\"><span style=\"font-family: Calibri, serif\"><span lang=\"en-US\"><span style=\"font-family: tahoma, arial, helvetica, sans-serif\"><br \/><\/span> <\/span><\/span><\/span><\/p><p align=\"justify\">\u00a0<\/p>\t\t\t\t\t\t\t\t<\/div>\n\t\t\t\t<\/div>\n\t\t\t\t\t<\/div>\n\t\t<\/div>\n\t\t\t\t\t<\/div>\n\t\t<\/section>\n\t\t<div class=\"elementor-element elementor-element-c64f21a e-flex e-con-boxed e-con e-parent\" data-id=\"c64f21a\" data-element_type=\"container\" data-e-type=\"container\">\n\t\t\t\t\t<div class=\"e-con-inner\">\n\t\t\t\t<div class=\"elementor-element elementor-element-c425eeb elementor-align-center elementor-widget elementor-widget-button\" data-id=\"c425eeb\" data-element_type=\"widget\" data-e-type=\"widget\" data-widget_type=\"button.default\">\n\t\t\t\t<div class=\"elementor-widget-container\">\n\t\t\t\t\t\t\t\t\t<div class=\"elementor-button-wrapper\">\n\t\t\t\t\t<a class=\"elementor-button elementor-button-link elementor-size-sm\" href=\"https:\/\/portale2.unime.it\/biosymp\/people\/\">\n\t\t\t\t\t\t<span class=\"elementor-button-content-wrapper\">\n\t\t\t\t\t\t\t\t\t<span class=\"elementor-button-text\">back to the list of Keynote Speakers<\/span>\n\t\t\t\t\t<\/span>\n\t\t\t\t\t<\/a>\n\t\t\t\t<\/div>\n\t\t\t\t\t\t\t\t<\/div>\n\t\t\t\t<\/div>\n\t\t\t\t\t<\/div>\n\t\t\t\t<\/div>\n\t\t\t\t<\/div>\n\t\t","protected":false},"excerpt":{"rendered":"<p>KEYNOTE SPEAKER Prof. Fernando Alber\u00eccio lorem ipsum Prof. Fernando Alber\u00eccio is a distinguished scholar in the field of peptide synthesis and characterization. He is an Emeritus professor at University of Barcelona, Department of Organic Chemistry, where he was a full professor until 2023. Currently, he is research professor in the School of Chemistry and Physics&hellip; <a class=\"more-link\" href=\"https:\/\/portale2.unime.it\/biosymp\/people\/fernando-albericio\/\">Continue reading <span class=\"screen-reader-text\">Fernando Alber\u00eccio<\/span><\/a><\/p>\n","protected":false},"author":93,"featured_media":0,"parent":44,"menu_order":0,"comment_status":"closed","ping_status":"closed","template":"elementor_header_footer","meta":{"footnotes":""},"class_list":["post-2110","page","type-page","status-publish","hentry","entry"],"yoast_head":"<!-- This site is optimized with the Yoast SEO plugin v27.4 - https:\/\/yoast.com\/product\/yoast-seo-wordpress\/ -->\n<title>Fernando Alber\u00eccio - BioSymp<\/title>\n<meta name=\"robots\" content=\"index, follow, max-snippet:-1, max-image-preview:large, max-video-preview:-1\" \/>\n<link rel=\"canonical\" href=\"https:\/\/portale2.unime.it\/biosymp\/people\/fernando-albericio\/\" \/>\n<meta property=\"og:locale\" content=\"en_GB\" \/>\n<meta property=\"og:type\" content=\"article\" \/>\n<meta property=\"og:title\" content=\"Fernando Alber\u00eccio - BioSymp\" \/>\n<meta property=\"og:description\" content=\"KEYNOTE SPEAKER Prof. Fernando Alber\u00eccio lorem ipsum Prof. Fernando Alber\u00eccio is a distinguished scholar in the field of peptide synthesis and characterization. He is an Emeritus professor at University of Barcelona, Department of Organic Chemistry, where he was a full professor until 2023. Currently, he is research professor in the School of Chemistry and Physics&hellip; Continue reading Fernando Alber\u00eccio\" \/>\n<meta property=\"og:url\" content=\"https:\/\/portale2.unime.it\/biosymp\/people\/fernando-albericio\/\" \/>\n<meta property=\"og:site_name\" content=\"BioSymp\" \/>\n<meta property=\"article:modified_time\" content=\"2025-05-13T08:50:32+00:00\" \/>\n<meta property=\"og:image\" content=\"https:\/\/portale2.unime.it\/biosymp\/wp-content\/uploads\/sites\/79\/elementor\/thumbs\/Fernando-Albericio_PIC-r352k2xojfaxfmh0vl607if8soz3tu9bvulzzf3i6o.jpg\" \/>\n<meta name=\"twitter:card\" content=\"summary_large_image\" \/>\n<meta name=\"twitter:label1\" content=\"Estimated reading time\" \/>\n\t<meta name=\"twitter:data1\" content=\"2 minutes\" \/>\n<script type=\"application\/ld+json\" class=\"yoast-schema-graph\">{\"@context\":\"https:\\\/\\\/schema.org\",\"@graph\":[{\"@type\":\"WebPage\",\"@id\":\"https:\\\/\\\/portale2.unime.it\\\/biosymp\\\/people\\\/fernando-albericio\\\/\",\"url\":\"https:\\\/\\\/portale2.unime.it\\\/biosymp\\\/people\\\/fernando-albericio\\\/\",\"name\":\"Fernando Alber\u00eccio - BioSymp\",\"isPartOf\":{\"@id\":\"https:\\\/\\\/portale2.unime.it\\\/biosymp\\\/#website\"},\"primaryImageOfPage\":{\"@id\":\"https:\\\/\\\/portale2.unime.it\\\/biosymp\\\/people\\\/fernando-albericio\\\/#primaryimage\"},\"image\":{\"@id\":\"https:\\\/\\\/portale2.unime.it\\\/biosymp\\\/people\\\/fernando-albericio\\\/#primaryimage\"},\"thumbnailUrl\":\"https:\\\/\\\/portale2.unime.it\\\/biosymp\\\/wp-content\\\/uploads\\\/sites\\\/79\\\/elementor\\\/thumbs\\\/Fernando-Albericio_PIC-r352k2xojfaxfmh0vl607if8soz3tu9bvulzzf3i6o.jpg\",\"datePublished\":\"2025-03-24T21:01:05+00:00\",\"dateModified\":\"2025-05-13T08:50:32+00:00\",\"breadcrumb\":{\"@id\":\"https:\\\/\\\/portale2.unime.it\\\/biosymp\\\/people\\\/fernando-albericio\\\/#breadcrumb\"},\"inLanguage\":\"en-GB\",\"potentialAction\":[{\"@type\":\"ReadAction\",\"target\":[\"https:\\\/\\\/portale2.unime.it\\\/biosymp\\\/people\\\/fernando-albericio\\\/\"]}]},{\"@type\":\"ImageObject\",\"inLanguage\":\"en-GB\",\"@id\":\"https:\\\/\\\/portale2.unime.it\\\/biosymp\\\/people\\\/fernando-albericio\\\/#primaryimage\",\"url\":\"https:\\\/\\\/portale2.unime.it\\\/biosymp\\\/wp-content\\\/uploads\\\/sites\\\/79\\\/elementor\\\/thumbs\\\/Fernando-Albericio_PIC-r352k2xojfaxfmh0vl607if8soz3tu9bvulzzf3i6o.jpg\",\"contentUrl\":\"https:\\\/\\\/portale2.unime.it\\\/biosymp\\\/wp-content\\\/uploads\\\/sites\\\/79\\\/elementor\\\/thumbs\\\/Fernando-Albericio_PIC-r352k2xojfaxfmh0vl607if8soz3tu9bvulzzf3i6o.jpg\"},{\"@type\":\"BreadcrumbList\",\"@id\":\"https:\\\/\\\/portale2.unime.it\\\/biosymp\\\/people\\\/fernando-albericio\\\/#breadcrumb\",\"itemListElement\":[{\"@type\":\"ListItem\",\"position\":1,\"name\":\"Home\",\"item\":\"https:\\\/\\\/portale2.unime.it\\\/biosymp\\\/\"},{\"@type\":\"ListItem\",\"position\":2,\"name\":\"PEOPLE\",\"item\":\"https:\\\/\\\/portale2.unime.it\\\/biosymp\\\/people\\\/\"},{\"@type\":\"ListItem\",\"position\":3,\"name\":\"Fernando Alber\u00eccio\"}]},{\"@type\":\"WebSite\",\"@id\":\"https:\\\/\\\/portale2.unime.it\\\/biosymp\\\/#website\",\"url\":\"https:\\\/\\\/portale2.unime.it\\\/biosymp\\\/\",\"name\":\"BioSymp\",\"description\":\"\",\"publisher\":{\"@id\":\"https:\\\/\\\/portale2.unime.it\\\/biosymp\\\/#organization\"},\"potentialAction\":[{\"@type\":\"SearchAction\",\"target\":{\"@type\":\"EntryPoint\",\"urlTemplate\":\"https:\\\/\\\/portale2.unime.it\\\/biosymp\\\/?s={search_term_string}\"},\"query-input\":{\"@type\":\"PropertyValueSpecification\",\"valueRequired\":true,\"valueName\":\"search_term_string\"}}],\"inLanguage\":\"en-GB\"},{\"@type\":\"Organization\",\"@id\":\"https:\\\/\\\/portale2.unime.it\\\/biosymp\\\/#organization\",\"name\":\"BioSymp\",\"url\":\"https:\\\/\\\/portale2.unime.it\\\/biosymp\\\/\",\"logo\":{\"@type\":\"ImageObject\",\"inLanguage\":\"en-GB\",\"@id\":\"https:\\\/\\\/portale2.unime.it\\\/biosymp\\\/#\\\/schema\\\/logo\\\/image\\\/\",\"url\":\"https:\\\/\\\/portale2.unime.it\\\/biosymp\\\/wp-content\\\/uploads\\\/sites\\\/79\\\/2025\\\/03\\\/cropped-logo-BioSymp.jpeg\",\"contentUrl\":\"https:\\\/\\\/portale2.unime.it\\\/biosymp\\\/wp-content\\\/uploads\\\/sites\\\/79\\\/2025\\\/03\\\/cropped-logo-BioSymp.jpeg\",\"width\":2048,\"height\":876,\"caption\":\"BioSymp\"},\"image\":{\"@id\":\"https:\\\/\\\/portale2.unime.it\\\/biosymp\\\/#\\\/schema\\\/logo\\\/image\\\/\"}}]}<\/script>\n<!-- \/ Yoast SEO plugin. -->","yoast_head_json":{"title":"Fernando Alber\u00eccio - BioSymp","robots":{"index":"index","follow":"follow","max-snippet":"max-snippet:-1","max-image-preview":"max-image-preview:large","max-video-preview":"max-video-preview:-1"},"canonical":"https:\/\/portale2.unime.it\/biosymp\/people\/fernando-albericio\/","og_locale":"en_GB","og_type":"article","og_title":"Fernando Alber\u00eccio - BioSymp","og_description":"KEYNOTE SPEAKER Prof. Fernando Alber\u00eccio lorem ipsum Prof. Fernando Alber\u00eccio is a distinguished scholar in the field of peptide synthesis and characterization. He is an Emeritus professor at University of Barcelona, Department of Organic Chemistry, where he was a full professor until 2023. Currently, he is research professor in the School of Chemistry and Physics&hellip; Continue reading Fernando Alber\u00eccio","og_url":"https:\/\/portale2.unime.it\/biosymp\/people\/fernando-albericio\/","og_site_name":"BioSymp","article_modified_time":"2025-05-13T08:50:32+00:00","og_image":[{"url":"https:\/\/portale2.unime.it\/biosymp\/wp-content\/uploads\/sites\/79\/elementor\/thumbs\/Fernando-Albericio_PIC-r352k2xojfaxfmh0vl607if8soz3tu9bvulzzf3i6o.jpg","type":"","width":"","height":""}],"twitter_card":"summary_large_image","twitter_misc":{"Estimated reading time":"2 minutes"},"schema":{"@context":"https:\/\/schema.org","@graph":[{"@type":"WebPage","@id":"https:\/\/portale2.unime.it\/biosymp\/people\/fernando-albericio\/","url":"https:\/\/portale2.unime.it\/biosymp\/people\/fernando-albericio\/","name":"Fernando Alber\u00eccio - BioSymp","isPartOf":{"@id":"https:\/\/portale2.unime.it\/biosymp\/#website"},"primaryImageOfPage":{"@id":"https:\/\/portale2.unime.it\/biosymp\/people\/fernando-albericio\/#primaryimage"},"image":{"@id":"https:\/\/portale2.unime.it\/biosymp\/people\/fernando-albericio\/#primaryimage"},"thumbnailUrl":"https:\/\/portale2.unime.it\/biosymp\/wp-content\/uploads\/sites\/79\/elementor\/thumbs\/Fernando-Albericio_PIC-r352k2xojfaxfmh0vl607if8soz3tu9bvulzzf3i6o.jpg","datePublished":"2025-03-24T21:01:05+00:00","dateModified":"2025-05-13T08:50:32+00:00","breadcrumb":{"@id":"https:\/\/portale2.unime.it\/biosymp\/people\/fernando-albericio\/#breadcrumb"},"inLanguage":"en-GB","potentialAction":[{"@type":"ReadAction","target":["https:\/\/portale2.unime.it\/biosymp\/people\/fernando-albericio\/"]}]},{"@type":"ImageObject","inLanguage":"en-GB","@id":"https:\/\/portale2.unime.it\/biosymp\/people\/fernando-albericio\/#primaryimage","url":"https:\/\/portale2.unime.it\/biosymp\/wp-content\/uploads\/sites\/79\/elementor\/thumbs\/Fernando-Albericio_PIC-r352k2xojfaxfmh0vl607if8soz3tu9bvulzzf3i6o.jpg","contentUrl":"https:\/\/portale2.unime.it\/biosymp\/wp-content\/uploads\/sites\/79\/elementor\/thumbs\/Fernando-Albericio_PIC-r352k2xojfaxfmh0vl607if8soz3tu9bvulzzf3i6o.jpg"},{"@type":"BreadcrumbList","@id":"https:\/\/portale2.unime.it\/biosymp\/people\/fernando-albericio\/#breadcrumb","itemListElement":[{"@type":"ListItem","position":1,"name":"Home","item":"https:\/\/portale2.unime.it\/biosymp\/"},{"@type":"ListItem","position":2,"name":"PEOPLE","item":"https:\/\/portale2.unime.it\/biosymp\/people\/"},{"@type":"ListItem","position":3,"name":"Fernando Alber\u00eccio"}]},{"@type":"WebSite","@id":"https:\/\/portale2.unime.it\/biosymp\/#website","url":"https:\/\/portale2.unime.it\/biosymp\/","name":"BioSymp","description":"","publisher":{"@id":"https:\/\/portale2.unime.it\/biosymp\/#organization"},"potentialAction":[{"@type":"SearchAction","target":{"@type":"EntryPoint","urlTemplate":"https:\/\/portale2.unime.it\/biosymp\/?s={search_term_string}"},"query-input":{"@type":"PropertyValueSpecification","valueRequired":true,"valueName":"search_term_string"}}],"inLanguage":"en-GB"},{"@type":"Organization","@id":"https:\/\/portale2.unime.it\/biosymp\/#organization","name":"BioSymp","url":"https:\/\/portale2.unime.it\/biosymp\/","logo":{"@type":"ImageObject","inLanguage":"en-GB","@id":"https:\/\/portale2.unime.it\/biosymp\/#\/schema\/logo\/image\/","url":"https:\/\/portale2.unime.it\/biosymp\/wp-content\/uploads\/sites\/79\/2025\/03\/cropped-logo-BioSymp.jpeg","contentUrl":"https:\/\/portale2.unime.it\/biosymp\/wp-content\/uploads\/sites\/79\/2025\/03\/cropped-logo-BioSymp.jpeg","width":2048,"height":876,"caption":"BioSymp"},"image":{"@id":"https:\/\/portale2.unime.it\/biosymp\/#\/schema\/logo\/image\/"}}]}},"_links":{"self":[{"href":"https:\/\/portale2.unime.it\/biosymp\/wp-json\/wp\/v2\/pages\/2110","targetHints":{"allow":["GET"]}}],"collection":[{"href":"https:\/\/portale2.unime.it\/biosymp\/wp-json\/wp\/v2\/pages"}],"about":[{"href":"https:\/\/portale2.unime.it\/biosymp\/wp-json\/wp\/v2\/types\/page"}],"author":[{"embeddable":true,"href":"https:\/\/portale2.unime.it\/biosymp\/wp-json\/wp\/v2\/users\/93"}],"replies":[{"embeddable":true,"href":"https:\/\/portale2.unime.it\/biosymp\/wp-json\/wp\/v2\/comments?post=2110"}],"version-history":[{"count":24,"href":"https:\/\/portale2.unime.it\/biosymp\/wp-json\/wp\/v2\/pages\/2110\/revisions"}],"predecessor-version":[{"id":2656,"href":"https:\/\/portale2.unime.it\/biosymp\/wp-json\/wp\/v2\/pages\/2110\/revisions\/2656"}],"up":[{"embeddable":true,"href":"https:\/\/portale2.unime.it\/biosymp\/wp-json\/wp\/v2\/pages\/44"}],"wp:attachment":[{"href":"https:\/\/portale2.unime.it\/biosymp\/wp-json\/wp\/v2\/media?parent=2110"}],"curies":[{"name":"wp","href":"https:\/\/api.w.org\/{rel}","templated":true}]}}