{"id":248,"date":"2019-05-06T12:45:09","date_gmt":"2019-05-06T10:45:09","guid":{"rendered":"http:\/\/portale.unime.it\/blogeconomics\/?page_id=248"},"modified":"2019-05-06T12:45:09","modified_gmt":"2019-05-06T10:45:09","slug":"reviews","status":"publish","type":"page","link":"https:\/\/portale2.unime.it\/blogeconomics\/reviews\/","title":{"rendered":"Reviews"},"content":{"rendered":"<p><strong>06 May 2019<\/strong><\/p>\n<p style=\"font-weight: 400\"><strong><a id=\"Limosani\"><\/a>MICHELE LIMOSANI<a href=\"https:\/\/portale2.unime.it\/blogeconomics\/wp-content\/uploads\/sites\/53\/2019\/05\/sergi.pdf\" target=\"_blank\" rel=\"noopener\"><img fetchpriority=\"high\" decoding=\"async\" class=\"wp-image-344 alignright\" src=\"https:\/\/portale2.unime.it\/blogeconomics\/wp-content\/uploads\/sites\/53\/2019\/05\/sergi.jpg\" alt=\"\" width=\"190\" height=\"277\" srcset=\"https:\/\/portale2.unime.it\/blogeconomics\/wp-content\/uploads\/sites\/53\/2019\/05\/sergi.jpg 329w, https:\/\/portale2.unime.it\/blogeconomics\/wp-content\/uploads\/sites\/53\/2019\/05\/sergi-206x300.jpg 206w\" sizes=\"(max-width: 190px) 100vw, 190px\" \/><\/a><\/strong><\/p>\n<p style=\"font-weight: 400\">Recensione a<\/p>\n<p style=\"font-weight: 400\"><strong>BRUNO S. SERGI,\u00a0<em>Exploring the future of Russia\u2019s economy and markets: towards sustainable economic development<\/em>\u00a0, <\/strong>Emerald Publishing Ltd, 2018, 288 pp.<\/p>\n<p>Potr\u00e0 mai la Russia diventare una super potenza economica in grado di controbilanciare la forza economica degli USA?\u00a0La recente proposta editoriale curata da Bruno S. Sergi per i tipi di\u00a0 Emerald Publishing dal titolo\u00a0<em>Exploring the future of Russia\u2019s economy and markets: towards sustainable economic development,<\/em> affronta la questione e analizza in modo puntuale l\u2019evoluzione dell\u2019economia russa e la sostenibilit\u00e0 di un modello economico che risulta ancor oggi legato a filo doppio con il settore petrolifero. Bruno Sergi insegna Economia Internazionale presso il Dipartimento di Economia dell\u2019Universit\u00e0 degli Studi di Messina ed \u00e8, ormai da tanti anni, impegnato in attivit\u00e0 di insegnamento e ricerca presso l\u2019Universit\u00e0 di Harvard e nella Direzione del <em>Lab for Entrepreneurship and Develoment<\/em> della stessa Universit\u00e0.<\/p>\n<p>Il libro si articola in 13 saggi e offre una fotografia approfondita dell\u2019economia russa che si rivela molto pi\u00f9 preparata di quanto si possa pensare, mostrando un\u2019inaspettata resilienza avverso le sanzioni occidentali che si sono abbattute sulla Russia dopo il 2014. Grazie all\u2019industria 4.0, ai cluster ed innovation network ed alle fintech la Russia sta facendo passi da gigante. \u00a0Gli scenari di crescita sostenibili, esaminati con dovizia di particolari nei vari saggi, inducono il lettore a riflettere su come uno sviluppo che non tuteli l\u2019ambiente non sia pi\u00f9 tenuto in considerazione. Dalla Green economy all&#8217;economia circolare, dai nuovi parchi tecnologi ai cluster industriali, si scopre come la Russia stia provando a cambiare la sua struttura economica basata finora sul surplus commercio delle materie prime. Grazie all\u2019analisi rigorosa dei dati statistici raccolti e le diverse prospettive teoriche utilizzate, il libro restituisce un\u2018immagine della Russia impegnata a rendersi indipendente dai proventi derivanti da petrolio e gas tentando di aumentare i ricavi derivanti dalle nuove tecnologie e dagli affascinanti mercati della tecnologia e dell\u2019innovazione nell&#8217;industria e nei servizi avanzati.<\/p>\n<p>L\u2019analisi sviluppata nel libro, dunque, offre un nuovo quadro di lettura del sistema economico russo. Una Russia diversa, capace di innovarsi e coniugare lo sviluppo alla sostenibilit\u00e0 ambientale; un paese che sta con forza mutando la sua struttura produttiva e il suo modello di sostenibilit\u00e0.\u00a0<em>Exploring the future of Russia\u2019s economy and markets: towards sustainable economic development<\/em>\u00a0\u00e8 quindi un utilissimo strumento non solamente per gli studiosi del settore ma anche per un lettore che intende conoscere i nuovi sviluppi dell\u2019economia russa. Il libro \u00e8 stato presentato nelle scorse settimane in Russia in occasione della conferenza internazionale\u00a0\u201c<em>Russian regions in the focus of changes<\/em>\u201d tenutasi alla <em>Ural Federal University<\/em> a Ekaterinburg e poi alla <em>American Chamber of Commerce<\/em> in Russia e alla <em>RUDN University<\/em> a Mosca e sta suscitando un ampio interesse tra gli accademici russi e non solo. L\u2019auspicio \u00e8 che possa ricevere la stessa attenzione nel nostro paese ed, in particolare, da parte di quel pubblico interessato alle questioni della crescita e dello sviluppo e dell\u2019affermarsi dei nuovi equilibri mondiali.<\/p>\n","protected":false},"excerpt":{"rendered":"<p>06 May 2019 MICHELE LIMOSANI Recensione a BRUNO S. SERGI,\u00a0Exploring the future of Russia\u2019s economy and markets: towards sustainable economic development\u00a0, Emerald Publishing Ltd, 2018, 288 pp. Potr\u00e0 mai la Russia diventare una super potenza economica in grado di controbilanciare la forza economica degli USA?\u00a0La recente proposta editoriale curata da Bruno S. Sergi per i&hellip; <a class=\"more-link\" href=\"https:\/\/portale2.unime.it\/blogeconomics\/reviews\/\">Continua a leggere <span class=\"screen-reader-text\">Reviews<\/span><\/a><\/p>\n","protected":false},"author":1,"featured_media":0,"parent":0,"menu_order":0,"comment_status":"closed","ping_status":"closed","template":"","meta":{"footnotes":""},"class_list":["post-248","page","type-page","status-publish","hentry","entry"],"yoast_head":"<!-- This site is optimized with the Yoast SEO plugin v27.4 - https:\/\/yoast.com\/product\/yoast-seo-wordpress\/ -->\n<title>Reviews - BlogEconomics<\/title>\n<meta name=\"robots\" content=\"index, follow, max-snippet:-1, max-image-preview:large, max-video-preview:-1\" \/>\n<link rel=\"canonical\" href=\"https:\/\/blogeconomics.unime.it\/reviews\/\" \/>\n<meta property=\"og:locale\" content=\"it_IT\" \/>\n<meta property=\"og:type\" content=\"article\" \/>\n<meta property=\"og:title\" content=\"Reviews - BlogEconomics\" \/>\n<meta property=\"og:description\" content=\"06 May 2019 MICHELE LIMOSANI Recensione a BRUNO S. SERGI,\u00a0Exploring the future of Russia\u2019s economy and markets: towards sustainable economic development\u00a0, Emerald Publishing Ltd, 2018, 288 pp. Potr\u00e0 mai la Russia diventare una super potenza economica in grado di controbilanciare la forza economica degli USA?\u00a0La recente proposta editoriale curata da Bruno S. Sergi per i&hellip; Continua a leggere Reviews\" \/>\n<meta property=\"og:url\" content=\"https:\/\/blogeconomics.unime.it\/reviews\/\" \/>\n<meta property=\"og:site_name\" content=\"BlogEconomics\" \/>\n<meta property=\"og:image\" content=\"https:\/\/portale2.unime.it\/blogeconomics\/wp-content\/uploads\/sites\/53\/2019\/05\/sergi.jpg\" \/>\n<meta name=\"twitter:card\" content=\"summary_large_image\" \/>\n<meta name=\"twitter:label1\" content=\"Tempo di lettura stimato\" \/>\n\t<meta name=\"twitter:data1\" content=\"3 minuti\" \/>\n<script type=\"application\/ld+json\" class=\"yoast-schema-graph\">{\"@context\":\"https:\\\/\\\/schema.org\",\"@graph\":[{\"@type\":\"WebPage\",\"@id\":\"https:\\\/\\\/blogeconomics.unime.it\\\/reviews\\\/\",\"url\":\"https:\\\/\\\/blogeconomics.unime.it\\\/reviews\\\/\",\"name\":\"Reviews - BlogEconomics\",\"isPartOf\":{\"@id\":\"https:\\\/\\\/blogeconomics.unime.it\\\/#website\"},\"primaryImageOfPage\":{\"@id\":\"https:\\\/\\\/blogeconomics.unime.it\\\/reviews\\\/#primaryimage\"},\"image\":{\"@id\":\"https:\\\/\\\/blogeconomics.unime.it\\\/reviews\\\/#primaryimage\"},\"thumbnailUrl\":\"https:\\\/\\\/portale2.unime.it\\\/blogeconomics\\\/wp-content\\\/uploads\\\/sites\\\/53\\\/2019\\\/05\\\/sergi.jpg\",\"datePublished\":\"2019-05-06T10:45:09+00:00\",\"breadcrumb\":{\"@id\":\"https:\\\/\\\/blogeconomics.unime.it\\\/reviews\\\/#breadcrumb\"},\"inLanguage\":\"it-IT\",\"potentialAction\":[{\"@type\":\"ReadAction\",\"target\":[\"https:\\\/\\\/blogeconomics.unime.it\\\/reviews\\\/\"]}]},{\"@type\":\"ImageObject\",\"inLanguage\":\"it-IT\",\"@id\":\"https:\\\/\\\/blogeconomics.unime.it\\\/reviews\\\/#primaryimage\",\"url\":\"https:\\\/\\\/portale2.unime.it\\\/blogeconomics\\\/wp-content\\\/uploads\\\/sites\\\/53\\\/2019\\\/05\\\/sergi.jpg\",\"contentUrl\":\"https:\\\/\\\/portale2.unime.it\\\/blogeconomics\\\/wp-content\\\/uploads\\\/sites\\\/53\\\/2019\\\/05\\\/sergi.jpg\",\"width\":329,\"height\":479},{\"@type\":\"BreadcrumbList\",\"@id\":\"https:\\\/\\\/blogeconomics.unime.it\\\/reviews\\\/#breadcrumb\",\"itemListElement\":[{\"@type\":\"ListItem\",\"position\":1,\"name\":\"Home\",\"item\":\"https:\\\/\\\/blogeconomics.unime.it\\\/\"},{\"@type\":\"ListItem\",\"position\":2,\"name\":\"Reviews\"}]},{\"@type\":\"WebSite\",\"@id\":\"https:\\\/\\\/blogeconomics.unime.it\\\/#website\",\"url\":\"https:\\\/\\\/blogeconomics.unime.it\\\/\",\"name\":\"BlogEconomics\",\"description\":\"\",\"publisher\":{\"@id\":\"https:\\\/\\\/blogeconomics.unime.it\\\/#organization\"},\"potentialAction\":[{\"@type\":\"SearchAction\",\"target\":{\"@type\":\"EntryPoint\",\"urlTemplate\":\"https:\\\/\\\/blogeconomics.unime.it\\\/?s={search_term_string}\"},\"query-input\":{\"@type\":\"PropertyValueSpecification\",\"valueRequired\":true,\"valueName\":\"search_term_string\"}}],\"inLanguage\":\"it-IT\"},{\"@type\":\"Organization\",\"@id\":\"https:\\\/\\\/blogeconomics.unime.it\\\/#organization\",\"name\":\"BlogEconomics\",\"url\":\"https:\\\/\\\/blogeconomics.unime.it\\\/\",\"logo\":{\"@type\":\"ImageObject\",\"inLanguage\":\"it-IT\",\"@id\":\"https:\\\/\\\/blogeconomics.unime.it\\\/#\\\/schema\\\/logo\\\/image\\\/\",\"url\":\"https:\\\/\\\/portale2.unime.it\\\/blogeconomics\\\/wp-content\\\/uploads\\\/sites\\\/53\\\/2024\\\/07\\\/banner_home.jpg\",\"contentUrl\":\"https:\\\/\\\/portale2.unime.it\\\/blogeconomics\\\/wp-content\\\/uploads\\\/sites\\\/53\\\/2024\\\/07\\\/banner_home.jpg\",\"width\":1440,\"height\":288,\"caption\":\"BlogEconomics\"},\"image\":{\"@id\":\"https:\\\/\\\/blogeconomics.unime.it\\\/#\\\/schema\\\/logo\\\/image\\\/\"}}]}<\/script>\n<!-- \/ Yoast SEO plugin. -->","yoast_head_json":{"title":"Reviews - BlogEconomics","robots":{"index":"index","follow":"follow","max-snippet":"max-snippet:-1","max-image-preview":"max-image-preview:large","max-video-preview":"max-video-preview:-1"},"canonical":"https:\/\/blogeconomics.unime.it\/reviews\/","og_locale":"it_IT","og_type":"article","og_title":"Reviews - BlogEconomics","og_description":"06 May 2019 MICHELE LIMOSANI Recensione a BRUNO S. SERGI,\u00a0Exploring the future of Russia\u2019s economy and markets: towards sustainable economic development\u00a0, Emerald Publishing Ltd, 2018, 288 pp. Potr\u00e0 mai la Russia diventare una super potenza economica in grado di controbilanciare la forza economica degli USA?\u00a0La recente proposta editoriale curata da Bruno S. Sergi per i&hellip; Continua a leggere Reviews","og_url":"https:\/\/blogeconomics.unime.it\/reviews\/","og_site_name":"BlogEconomics","og_image":[{"url":"https:\/\/portale2.unime.it\/blogeconomics\/wp-content\/uploads\/sites\/53\/2019\/05\/sergi.jpg","type":"","width":"","height":""}],"twitter_card":"summary_large_image","twitter_misc":{"Tempo di lettura stimato":"3 minuti"},"schema":{"@context":"https:\/\/schema.org","@graph":[{"@type":"WebPage","@id":"https:\/\/blogeconomics.unime.it\/reviews\/","url":"https:\/\/blogeconomics.unime.it\/reviews\/","name":"Reviews - BlogEconomics","isPartOf":{"@id":"https:\/\/blogeconomics.unime.it\/#website"},"primaryImageOfPage":{"@id":"https:\/\/blogeconomics.unime.it\/reviews\/#primaryimage"},"image":{"@id":"https:\/\/blogeconomics.unime.it\/reviews\/#primaryimage"},"thumbnailUrl":"https:\/\/portale2.unime.it\/blogeconomics\/wp-content\/uploads\/sites\/53\/2019\/05\/sergi.jpg","datePublished":"2019-05-06T10:45:09+00:00","breadcrumb":{"@id":"https:\/\/blogeconomics.unime.it\/reviews\/#breadcrumb"},"inLanguage":"it-IT","potentialAction":[{"@type":"ReadAction","target":["https:\/\/blogeconomics.unime.it\/reviews\/"]}]},{"@type":"ImageObject","inLanguage":"it-IT","@id":"https:\/\/blogeconomics.unime.it\/reviews\/#primaryimage","url":"https:\/\/portale2.unime.it\/blogeconomics\/wp-content\/uploads\/sites\/53\/2019\/05\/sergi.jpg","contentUrl":"https:\/\/portale2.unime.it\/blogeconomics\/wp-content\/uploads\/sites\/53\/2019\/05\/sergi.jpg","width":329,"height":479},{"@type":"BreadcrumbList","@id":"https:\/\/blogeconomics.unime.it\/reviews\/#breadcrumb","itemListElement":[{"@type":"ListItem","position":1,"name":"Home","item":"https:\/\/blogeconomics.unime.it\/"},{"@type":"ListItem","position":2,"name":"Reviews"}]},{"@type":"WebSite","@id":"https:\/\/blogeconomics.unime.it\/#website","url":"https:\/\/blogeconomics.unime.it\/","name":"BlogEconomics","description":"","publisher":{"@id":"https:\/\/blogeconomics.unime.it\/#organization"},"potentialAction":[{"@type":"SearchAction","target":{"@type":"EntryPoint","urlTemplate":"https:\/\/blogeconomics.unime.it\/?s={search_term_string}"},"query-input":{"@type":"PropertyValueSpecification","valueRequired":true,"valueName":"search_term_string"}}],"inLanguage":"it-IT"},{"@type":"Organization","@id":"https:\/\/blogeconomics.unime.it\/#organization","name":"BlogEconomics","url":"https:\/\/blogeconomics.unime.it\/","logo":{"@type":"ImageObject","inLanguage":"it-IT","@id":"https:\/\/blogeconomics.unime.it\/#\/schema\/logo\/image\/","url":"https:\/\/portale2.unime.it\/blogeconomics\/wp-content\/uploads\/sites\/53\/2024\/07\/banner_home.jpg","contentUrl":"https:\/\/portale2.unime.it\/blogeconomics\/wp-content\/uploads\/sites\/53\/2024\/07\/banner_home.jpg","width":1440,"height":288,"caption":"BlogEconomics"},"image":{"@id":"https:\/\/blogeconomics.unime.it\/#\/schema\/logo\/image\/"}}]}},"_links":{"self":[{"href":"https:\/\/portale2.unime.it\/blogeconomics\/wp-json\/wp\/v2\/pages\/248","targetHints":{"allow":["GET"]}}],"collection":[{"href":"https:\/\/portale2.unime.it\/blogeconomics\/wp-json\/wp\/v2\/pages"}],"about":[{"href":"https:\/\/portale2.unime.it\/blogeconomics\/wp-json\/wp\/v2\/types\/page"}],"author":[{"embeddable":true,"href":"https:\/\/portale2.unime.it\/blogeconomics\/wp-json\/wp\/v2\/users\/1"}],"replies":[{"embeddable":true,"href":"https:\/\/portale2.unime.it\/blogeconomics\/wp-json\/wp\/v2\/comments?post=248"}],"version-history":[{"count":0,"href":"https:\/\/portale2.unime.it\/blogeconomics\/wp-json\/wp\/v2\/pages\/248\/revisions"}],"wp:attachment":[{"href":"https:\/\/portale2.unime.it\/blogeconomics\/wp-json\/wp\/v2\/media?parent=248"}],"curies":[{"name":"wp","href":"https:\/\/api.w.org\/{rel}","templated":true}]}}