{"id":51,"date":"2019-03-26T10:57:12","date_gmt":"2019-03-26T09:57:12","guid":{"rendered":"http:\/\/portale.unime.it\/blogeconomics\/?page_id=51"},"modified":"2019-03-26T10:57:12","modified_gmt":"2019-03-26T09:57:12","slug":"submission","status":"publish","type":"page","link":"https:\/\/portale2.unime.it\/blogeconomics\/submission\/","title":{"rendered":"Submission"},"content":{"rendered":"<p><strong>ISTRUZIONI PER GLI AUTORI E NORME REDAZIONALI\u00a0 \u00a0&#8211; IT\u00a0 \u00a0<a href=\"#EN\">EN<\/a><\/strong><strong>\u00a0<\/strong><\/p>\n<p><strong><em>BlogEconomics<\/em> \u00e8 un E-Journal con uscita quadrimestrale<\/strong><\/p>\n<p><em>BlogEconomics<\/em> si rivolge ai nostri utenti privilegiati &#8211; gli studenti e i laureati del Dipartimento di Economia dell\u2019Universit\u00e0 di Messina &#8211; e intende dare loro uno spazio di pubblicazione. Allo stesso tempo, si propone di ricevere e di fornire anche notizie di eventi programmati non solo dal Dipartimento, ma nella citt\u00e0 di Messina, e, in generale, nel campo dell\u2019economia. Gli articoli pubblicati su <em>BlogEconomics<\/em> saranno rilanciati sui <strong>Social Network<\/strong> e quindi diretti a una comunit\u00e0 molto ampia. Questo rappresenta un ulteriore\u00a0 <strong>e veloce <\/strong><strong>strumento di visibilit\u00e0<\/strong> e di diffusione degli articoli.<\/p>\n<p>I contributi potranno essere scritti sia in Italiano che in Inglese. Saranno accettati solamente contributi di lunghezza non superiore alle 1000 parole (esclusa la bibliografia), volti ad informare un vasto pubblico su recenti linee di ricerca. A tal proposito, si ricorda agli autori che l\u2019obiettivo principale di <em>BlogEconomics<\/em> \u00e8 quello di diffondere cultura e raggiungere un pubblico sempre pi\u00f9 vasto. Pertanto il contributo dovr\u00e0 preservare rigore scientifico e accuratezza, ma, allo stesso tempo, avere uno stile di scrittura chiaro e scorrevole.<\/p>\n<p>Gli autori dovranno inviare i propri contributi (formato Word)\u00a0 esclusivamente per posta elettronica a <a href=\"mailto:blogeconomics@unime.it\">blogeconomics@unime.it<\/a><\/p>\n<p>I file che vengono allegati (manoscritto, biografia, dichiarazione, eventuali immagini) devono essere nominati con il cognome dell\u2019autore e numerati progressivamente ( esempio: Rossi 1, Rossi 2, etc.)<\/p>\n<p><strong>Preparazione del manoscritto<\/strong><\/p>\n<p>Per la stesura dei manoscritti gli autori sono invitati a inserire nella prima pagina del testo il titolo dell\u2019articolo e il nome dell\u2019autore. In calce al testo dell\u2019articolo, aggiungere 5 parole-chiave (keywords) in inglese e un abstract in inglese (max 60 parole).<\/p>\n<p>Gli autori devono allegare una breve biografia (max 100 parole) che indichi affiliazione, interessi di ricerca, pubblicazioni, e una foto da abbinare alla biografia.<\/p>\n<p><strong>Riguardo alle citazioni, l\u2019autore dovr\u00e0 attenersi al seguente schema di massima: <\/strong><\/p>\n<p><strong>per le monografie<\/strong>, indicare il cognome dell\u2019autore, sempre preceduto dall\u2019iniziale del nome, utilizzando il carattere tondo, il luogo e l\u2019anno di edizione del volume.<\/p>\n<p>Esempio: B. Jossa, <em>Macroeconomia, Padova, 2005.<\/em><\/p>\n<p><em>Per gli art<\/em><strong>icoli da rivista<\/strong>, indicare il cognome dell\u2019autore, sempre preceduto dall\u2019iniziale del nome, utilizzando il carattere tondo, il titolo dell\u2019articolo in corsivo, il titolo della rivista tra virgolette, l\u2019annata\u00a0 e\/o il numero, l\u2019anno e il numero delle pagine.<\/p>\n<p>Esempio: B. Jossa, \u201cHistorical Materialism and Democratic Firm Management\u201d, <em>Review of Political Economy<\/em>, 27<strong>, <\/strong>4, 2015, pp. 645-665.<\/p>\n<p><strong>Dichiarazione di originalit\u00e0 del testo<\/strong><\/p>\n<p><strong>\u00a0<\/strong>L\u2019Autore dovr\u00e0 scaricare dal sito, compilare, firmare, scannerizzare e inviare <strong>in formato pdf<\/strong>\u00a0insieme alla proposta di contributo, al medesimo indirizzo di posta elettronica (<a href=\"mailto:blogeconomics@unime.it\">blogeconomics@unime.it<\/a>) la seguente:\u00a0<span style=\"font-size: 12pt\"><strong><a href=\"https:\/\/portale2.unime.it\/blogeconomics\/wp-content\/uploads\/sites\/53\/2019\/04\/Dichiarazione-autori.pdf\">Dichiarazione Autori<\/a><a id=\"EN\"><\/a><\/strong><\/span><\/p>\n<p>&nbsp;<\/p>\n<p><strong>INSTRUCTIONS FOR AUTHORS AND GUIDELINES &#8211;\u00a0 EN<\/strong><\/p>\n<p><strong>\u00a0<\/strong><strong><em>Blogeconomics<\/em><\/strong> is &#8211; first of all &#8211; a meeting place for students and graduates of the Department of Economics, University of Messina. The knowledge of the Community \u00a0\u00a0is strengthened through intellectual exchanges open to the outside; it is the aim of the Department to educate young people and support reflection on the discipline\u2019s theoretical foundations as well as to welcome innovative ideas by encouraging young people in their research. BlogEconomics offers to students, graduates, PhD students, PhD, academics, lecturers, business operators, a qualified and free space for the publications of proposals which deals with Economics. The diffusion through social networks will gain increased visibility faster and on a larger scale.<\/p>\n<p>Submitted works may be written in both<em> Italian<\/em> and <em>English.<\/em>\u00a0 The <strong>\u00a0<\/strong>word limit is 1,000 \u00a0\u00a0\u00a0words, but excludes the bibliography list.<\/p>\n<p>Papers may be submitted in Word format, to <a href=\"mailto:blogeconomics@unime.it\">blogeconomics@unime.it<\/a>.<\/p>\n<p>Please, indicate the name of the author(s) in the attachments.<\/p>\n<p><strong>\u00a0<\/strong><strong>Style Guidelines<\/strong><\/p>\n<p>Please refer to these guidelines when preparing your paper: title page should include the title and author\u2019s name. Authors should supply an abstract and five keywords. The abstract must be concise (limit of 60 words). Authors are expected to submit a <em>short<\/em> (maximum 100 words) <em>biography<\/em>, which describes affiliations, research interests publications, along with a passport-type <em>photograph.<\/em><\/p>\n<p>Please use this reference style guide when preparing your paper.<\/p>\n<p>Books: the author(s)- by surname; first and middle names are initialized.<\/p>\n<p>The title (in italics); place of publication; year of publication, i.e.:<\/p>\n<ol start=\"2005\">\n<li>Jossa, <em>Macroeconomia, Padova, 2005.<\/em><\/li>\n<\/ol>\n<p><em>Articles:<\/em> The author(s) &#8211; by surname; first and middle names are initialized;<\/p>\n<p>title of the article, in quotation marks; <em>Journal Title<\/em> (in italics); Volume number; Year of publication; page numbers, i.e.: B. Jossa, \u201cHistorical Materialism and Democratic Firm Management\u201d, <em>Review of Political Economy<\/em>, 27<strong>, <\/strong>4, 2015, pp. 645-665.<\/p>\n<p>The statement on originality of the article <em>must<\/em> be submitted using the form below.<\/p>\n<p><strong><a href=\"https:\/\/portale2.unime.it\/blogeconomics\/wp-content\/uploads\/sites\/53\/2019\/04\/Statement-on-originality.pdf\">Statement on originality<\/a><\/strong><\/p>\n<p><u>\u00a0<\/u><\/p>\n<p>&nbsp;<\/p>\n<p>&nbsp;<\/p>\n","protected":false},"excerpt":{"rendered":"<p>ISTRUZIONI PER GLI AUTORI E NORME REDAZIONALI\u00a0 \u00a0&#8211; IT\u00a0 \u00a0EN\u00a0 BlogEconomics \u00e8 un E-Journal con uscita quadrimestrale BlogEconomics si rivolge ai nostri utenti privilegiati &#8211; gli studenti e i laureati del Dipartimento di Economia dell\u2019Universit\u00e0 di Messina &#8211; e intende dare loro uno spazio di pubblicazione. Allo stesso tempo, si propone di ricevere e di&hellip; <a class=\"more-link\" href=\"https:\/\/portale2.unime.it\/blogeconomics\/submission\/\">Continua a leggere <span class=\"screen-reader-text\">Submission<\/span><\/a><\/p>\n","protected":false},"author":1,"featured_media":0,"parent":0,"menu_order":0,"comment_status":"closed","ping_status":"closed","template":"","meta":{"footnotes":""},"class_list":["post-51","page","type-page","status-publish","hentry","entry"],"yoast_head":"<!-- This site is optimized with the Yoast SEO plugin v27.4 - https:\/\/yoast.com\/product\/yoast-seo-wordpress\/ -->\n<title>Submission - BlogEconomics<\/title>\n<meta name=\"robots\" content=\"index, follow, max-snippet:-1, max-image-preview:large, max-video-preview:-1\" \/>\n<link rel=\"canonical\" href=\"https:\/\/blogeconomics.unime.it\/submission\/\" \/>\n<meta property=\"og:locale\" content=\"it_IT\" \/>\n<meta property=\"og:type\" content=\"article\" \/>\n<meta property=\"og:title\" content=\"Submission - BlogEconomics\" \/>\n<meta property=\"og:description\" content=\"ISTRUZIONI PER GLI AUTORI E NORME REDAZIONALI\u00a0 \u00a0&#8211; IT\u00a0 \u00a0EN\u00a0 BlogEconomics \u00e8 un E-Journal con uscita quadrimestrale BlogEconomics si rivolge ai nostri utenti privilegiati &#8211; gli studenti e i laureati del Dipartimento di Economia dell\u2019Universit\u00e0 di Messina &#8211; e intende dare loro uno spazio di pubblicazione. Allo stesso tempo, si propone di ricevere e di&hellip; Continua a leggere Submission\" \/>\n<meta property=\"og:url\" content=\"https:\/\/blogeconomics.unime.it\/submission\/\" \/>\n<meta property=\"og:site_name\" content=\"BlogEconomics\" \/>\n<meta name=\"twitter:card\" content=\"summary_large_image\" \/>\n<meta name=\"twitter:label1\" content=\"Tempo di lettura stimato\" \/>\n\t<meta name=\"twitter:data1\" content=\"4 minuti\" \/>\n<script type=\"application\/ld+json\" class=\"yoast-schema-graph\">{\"@context\":\"https:\\\/\\\/schema.org\",\"@graph\":[{\"@type\":\"WebPage\",\"@id\":\"https:\\\/\\\/blogeconomics.unime.it\\\/submission\\\/\",\"url\":\"https:\\\/\\\/blogeconomics.unime.it\\\/submission\\\/\",\"name\":\"Submission - BlogEconomics\",\"isPartOf\":{\"@id\":\"https:\\\/\\\/blogeconomics.unime.it\\\/#website\"},\"datePublished\":\"2019-03-26T09:57:12+00:00\",\"breadcrumb\":{\"@id\":\"https:\\\/\\\/blogeconomics.unime.it\\\/submission\\\/#breadcrumb\"},\"inLanguage\":\"it-IT\",\"potentialAction\":[{\"@type\":\"ReadAction\",\"target\":[\"https:\\\/\\\/blogeconomics.unime.it\\\/submission\\\/\"]}]},{\"@type\":\"BreadcrumbList\",\"@id\":\"https:\\\/\\\/blogeconomics.unime.it\\\/submission\\\/#breadcrumb\",\"itemListElement\":[{\"@type\":\"ListItem\",\"position\":1,\"name\":\"Home\",\"item\":\"https:\\\/\\\/blogeconomics.unime.it\\\/\"},{\"@type\":\"ListItem\",\"position\":2,\"name\":\"Submission\"}]},{\"@type\":\"WebSite\",\"@id\":\"https:\\\/\\\/blogeconomics.unime.it\\\/#website\",\"url\":\"https:\\\/\\\/blogeconomics.unime.it\\\/\",\"name\":\"BlogEconomics\",\"description\":\"\",\"publisher\":{\"@id\":\"https:\\\/\\\/blogeconomics.unime.it\\\/#organization\"},\"potentialAction\":[{\"@type\":\"SearchAction\",\"target\":{\"@type\":\"EntryPoint\",\"urlTemplate\":\"https:\\\/\\\/blogeconomics.unime.it\\\/?s={search_term_string}\"},\"query-input\":{\"@type\":\"PropertyValueSpecification\",\"valueRequired\":true,\"valueName\":\"search_term_string\"}}],\"inLanguage\":\"it-IT\"},{\"@type\":\"Organization\",\"@id\":\"https:\\\/\\\/blogeconomics.unime.it\\\/#organization\",\"name\":\"BlogEconomics\",\"url\":\"https:\\\/\\\/blogeconomics.unime.it\\\/\",\"logo\":{\"@type\":\"ImageObject\",\"inLanguage\":\"it-IT\",\"@id\":\"https:\\\/\\\/blogeconomics.unime.it\\\/#\\\/schema\\\/logo\\\/image\\\/\",\"url\":\"https:\\\/\\\/portale2.unime.it\\\/blogeconomics\\\/wp-content\\\/uploads\\\/sites\\\/53\\\/2024\\\/07\\\/banner_home.jpg\",\"contentUrl\":\"https:\\\/\\\/portale2.unime.it\\\/blogeconomics\\\/wp-content\\\/uploads\\\/sites\\\/53\\\/2024\\\/07\\\/banner_home.jpg\",\"width\":1440,\"height\":288,\"caption\":\"BlogEconomics\"},\"image\":{\"@id\":\"https:\\\/\\\/blogeconomics.unime.it\\\/#\\\/schema\\\/logo\\\/image\\\/\"}}]}<\/script>\n<!-- \/ Yoast SEO plugin. -->","yoast_head_json":{"title":"Submission - BlogEconomics","robots":{"index":"index","follow":"follow","max-snippet":"max-snippet:-1","max-image-preview":"max-image-preview:large","max-video-preview":"max-video-preview:-1"},"canonical":"https:\/\/blogeconomics.unime.it\/submission\/","og_locale":"it_IT","og_type":"article","og_title":"Submission - BlogEconomics","og_description":"ISTRUZIONI PER GLI AUTORI E NORME REDAZIONALI\u00a0 \u00a0&#8211; IT\u00a0 \u00a0EN\u00a0 BlogEconomics \u00e8 un E-Journal con uscita quadrimestrale BlogEconomics si rivolge ai nostri utenti privilegiati &#8211; gli studenti e i laureati del Dipartimento di Economia dell\u2019Universit\u00e0 di Messina &#8211; e intende dare loro uno spazio di pubblicazione. Allo stesso tempo, si propone di ricevere e di&hellip; Continua a leggere Submission","og_url":"https:\/\/blogeconomics.unime.it\/submission\/","og_site_name":"BlogEconomics","twitter_card":"summary_large_image","twitter_misc":{"Tempo di lettura stimato":"4 minuti"},"schema":{"@context":"https:\/\/schema.org","@graph":[{"@type":"WebPage","@id":"https:\/\/blogeconomics.unime.it\/submission\/","url":"https:\/\/blogeconomics.unime.it\/submission\/","name":"Submission - BlogEconomics","isPartOf":{"@id":"https:\/\/blogeconomics.unime.it\/#website"},"datePublished":"2019-03-26T09:57:12+00:00","breadcrumb":{"@id":"https:\/\/blogeconomics.unime.it\/submission\/#breadcrumb"},"inLanguage":"it-IT","potentialAction":[{"@type":"ReadAction","target":["https:\/\/blogeconomics.unime.it\/submission\/"]}]},{"@type":"BreadcrumbList","@id":"https:\/\/blogeconomics.unime.it\/submission\/#breadcrumb","itemListElement":[{"@type":"ListItem","position":1,"name":"Home","item":"https:\/\/blogeconomics.unime.it\/"},{"@type":"ListItem","position":2,"name":"Submission"}]},{"@type":"WebSite","@id":"https:\/\/blogeconomics.unime.it\/#website","url":"https:\/\/blogeconomics.unime.it\/","name":"BlogEconomics","description":"","publisher":{"@id":"https:\/\/blogeconomics.unime.it\/#organization"},"potentialAction":[{"@type":"SearchAction","target":{"@type":"EntryPoint","urlTemplate":"https:\/\/blogeconomics.unime.it\/?s={search_term_string}"},"query-input":{"@type":"PropertyValueSpecification","valueRequired":true,"valueName":"search_term_string"}}],"inLanguage":"it-IT"},{"@type":"Organization","@id":"https:\/\/blogeconomics.unime.it\/#organization","name":"BlogEconomics","url":"https:\/\/blogeconomics.unime.it\/","logo":{"@type":"ImageObject","inLanguage":"it-IT","@id":"https:\/\/blogeconomics.unime.it\/#\/schema\/logo\/image\/","url":"https:\/\/portale2.unime.it\/blogeconomics\/wp-content\/uploads\/sites\/53\/2024\/07\/banner_home.jpg","contentUrl":"https:\/\/portale2.unime.it\/blogeconomics\/wp-content\/uploads\/sites\/53\/2024\/07\/banner_home.jpg","width":1440,"height":288,"caption":"BlogEconomics"},"image":{"@id":"https:\/\/blogeconomics.unime.it\/#\/schema\/logo\/image\/"}}]}},"_links":{"self":[{"href":"https:\/\/portale2.unime.it\/blogeconomics\/wp-json\/wp\/v2\/pages\/51","targetHints":{"allow":["GET"]}}],"collection":[{"href":"https:\/\/portale2.unime.it\/blogeconomics\/wp-json\/wp\/v2\/pages"}],"about":[{"href":"https:\/\/portale2.unime.it\/blogeconomics\/wp-json\/wp\/v2\/types\/page"}],"author":[{"embeddable":true,"href":"https:\/\/portale2.unime.it\/blogeconomics\/wp-json\/wp\/v2\/users\/1"}],"replies":[{"embeddable":true,"href":"https:\/\/portale2.unime.it\/blogeconomics\/wp-json\/wp\/v2\/comments?post=51"}],"version-history":[{"count":0,"href":"https:\/\/portale2.unime.it\/blogeconomics\/wp-json\/wp\/v2\/pages\/51\/revisions"}],"wp:attachment":[{"href":"https:\/\/portale2.unime.it\/blogeconomics\/wp-json\/wp\/v2\/media?parent=51"}],"curies":[{"name":"wp","href":"https:\/\/api.w.org\/{rel}","templated":true}]}}