{"id":2191,"date":"2023-08-04T09:35:58","date_gmt":"2023-08-04T07:35:58","guid":{"rendered":"https:\/\/portale2.unime.it\/cafgiustiziapenalecontemporanea\/?page_id=2191"},"modified":"2025-02-07T13:55:09","modified_gmt":"2025-02-07T12:55:09","slug":"inscripcion","status":"publish","type":"page","link":"https:\/\/portale2.unime.it\/cafgiustiziapenalecontemporanea\/es\/inscripcion\/","title":{"rendered":"INSCRIPCI\u00d3N"},"content":{"rendered":"\t\t<div data-elementor-type=\"wp-page\" data-elementor-id=\"2191\" class=\"elementor elementor-2191\">\n\t\t\t\t\t\t<section class=\"elementor-section elementor-top-section elementor-element elementor-element-cb36390 elementor-section-boxed elementor-section-height-default elementor-section-height-default\" data-id=\"cb36390\" data-element_type=\"section\" data-e-type=\"section\">\n\t\t\t\t\t\t<div class=\"elementor-container elementor-column-gap-default\">\n\t\t\t\t\t<div class=\"elementor-column elementor-col-100 elementor-top-column elementor-element elementor-element-7ec0c9e\" data-id=\"7ec0c9e\" data-element_type=\"column\" data-e-type=\"column\">\n\t\t\t<div class=\"elementor-widget-wrap elementor-element-populated\">\n\t\t\t\t\t\t\t<\/div>\n\t\t<\/div>\n\t\t\t\t\t<\/div>\n\t\t<\/section>\n\t\t\t\t<section class=\"elementor-section elementor-top-section elementor-element elementor-element-23fee20 elementor-section-boxed elementor-section-height-default elementor-section-height-default\" data-id=\"23fee20\" data-element_type=\"section\" data-e-type=\"section\" data-settings=\"{&quot;background_background&quot;:&quot;classic&quot;}\">\n\t\t\t\t\t\t\t<div class=\"elementor-background-overlay\"><\/div>\n\t\t\t\t\t\t\t<div class=\"elementor-container elementor-column-gap-default\">\n\t\t\t\t\t<div class=\"elementor-column elementor-col-100 elementor-top-column elementor-element elementor-element-5e60ff1\" data-id=\"5e60ff1\" data-element_type=\"column\" data-e-type=\"column\">\n\t\t\t<div class=\"elementor-widget-wrap elementor-element-populated\">\n\t\t\t\t\t\t<div class=\"elementor-element elementor-element-29f4caa elementor-widget elementor-widget-heading\" data-id=\"29f4caa\" data-element_type=\"widget\" data-e-type=\"widget\" data-settings=\"{&quot;_animation&quot;:&quot;none&quot;}\" data-widget_type=\"heading.default\">\n\t\t\t\t<div class=\"elementor-widget-container\">\n\t\t\t\t\t<h2 class=\"elementor-heading-title elementor-size-default\"><br><br> INSCRIPCI\u00d3N<br><br><br><\/h2>\t\t\t\t<\/div>\n\t\t\t\t<\/div>\n\t\t\t\t\t<\/div>\n\t\t<\/div>\n\t\t\t\t\t<\/div>\n\t\t<\/section>\n\t\t\t\t<section class=\"elementor-section elementor-top-section elementor-element elementor-element-9328d2b elementor-section-boxed elementor-section-height-default elementor-section-height-default\" data-id=\"9328d2b\" data-element_type=\"section\" data-e-type=\"section\" data-settings=\"{&quot;background_background&quot;:&quot;classic&quot;,&quot;animation&quot;:&quot;none&quot;}\">\n\t\t\t\t\t\t<div class=\"elementor-container elementor-column-gap-default\">\n\t\t\t\t\t<div class=\"elementor-column elementor-col-100 elementor-top-column elementor-element elementor-element-51b08f7\" data-id=\"51b08f7\" data-element_type=\"column\" data-e-type=\"column\">\n\t\t\t<div class=\"elementor-widget-wrap elementor-element-populated\">\n\t\t\t\t\t\t<div class=\"elementor-element elementor-element-0427598 elementor-widget elementor-widget-heading\" data-id=\"0427598\" data-element_type=\"widget\" data-e-type=\"widget\" data-widget_type=\"heading.default\">\n\t\t\t\t<div class=\"elementor-widget-container\">\n\t\t\t\t\t<h3 class=\"elementor-heading-title elementor-size-default\">INSCRIPCI\u00d3N<\/h3>\t\t\t\t<\/div>\n\t\t\t\t<\/div>\n\t\t\t\t<div class=\"elementor-element elementor-element-4745f75 elementor-widget elementor-widget-text-editor\" data-id=\"4745f75\" data-element_type=\"widget\" data-e-type=\"widget\" data-widget_type=\"text-editor.default\">\n\t\t\t\t<div class=\"elementor-widget-container\">\n\t\t\t\t\t\t\t\t\t<p><b>Inscripci\u00f3n en la plataforma Unime.esse3 (ES)<\/b><\/p><ol><li style=\"font-weight: 400\"><span style=\"font-weight: 400\">Acceder a la p\u00e1gina indicada en la convocatoria <\/span><a href=\"https:\/\/unime.esse3.cineca.it\/\"><i><span style=\"font-weight: 400\">https:\/\/unime.esse3.cineca.it<\/span><\/i><\/a><i><span style=\"font-weight: 400\">\u00a0<\/span><\/i><\/li><li style=\"font-weight: 400\"><span style=\"font-weight: 400\">Clicar en \u201c<\/span><i><span style=\"font-weight: 400\">Registrati<\/span><\/i><span style=\"font-weight: 400\">\u201d<\/span><\/li><li style=\"font-weight: 400\"><span style=\"font-weight: 400\">Clicar en \u201c<\/span><i><span style=\"font-weight: 400\">Presa visione informativa privacy Registrazione Web<\/span><\/i><span style=\"font-weight: 400\">\u201d<\/span><\/li><li style=\"font-weight: 400\"><span style=\"font-weight: 400\">Compilar los espacios en blanco\u00a0<\/span><\/li><li style=\"font-weight: 400\"><span style=\"font-weight: 400\">Clicar en \u201c<\/span><i><span style=\"font-weight: 400\">Avanti<\/span><\/i><span style=\"font-weight: 400\">\u201d<\/span><\/li><li style=\"font-weight: 400\"><span style=\"font-weight: 400\">Repetir las operaciones de los puntos n. 4 y 5 de esta lista compilando todos los espacios en blanco<\/span><\/li><li style=\"font-weight: 400\"><span style=\"font-weight: 400\">Incluir password en la ventana \u201c<\/span><i><span style=\"font-weight: 400\">Registrazione: Scelta password<\/span><\/i><span style=\"font-weight: 400\">\u201d<\/span><\/li><li style=\"font-weight: 400\"><span style=\"font-weight: 400\">Verificar si los datos incluidos son correctos<\/span><\/li><li style=\"font-weight: 400\"><span style=\"font-weight: 400\">Clicar en \u201c<\/span><i><span style=\"font-weight: 400\">Conferma<\/span><\/i><span style=\"font-weight: 400\">\u201d<\/span><\/li><li style=\"font-weight: 400\"><span style=\"font-weight: 400\">Clicar en \u201c<\/span><i><span style=\"font-weight: 400\">Procedi all\u2019autenticazione<\/span><\/i><span style=\"font-weight: 400\">\u201d<\/span><\/li><li style=\"font-weight: 400\"><span style=\"font-weight: 400\">Incluir \u201c<\/span><i><span style=\"font-weight: 400\">Nome utente<\/span><\/i><span style=\"font-weight: 400\">\u201d y \u201c<\/span><i><span style=\"font-weight: 400\">Password<\/span><\/i><span style=\"font-weight: 400\">\u201d<\/span><\/li><li style=\"font-weight: 400\"><span style=\"font-weight: 400\">\u00a0Registraci\u00f3n efectuada en la plataforma unime.esse3<\/span><\/li><\/ol>\t\t\t\t\t\t\t\t<\/div>\n\t\t\t\t<\/div>\n\t\t\t\t<div class=\"elementor-element elementor-element-cd48e69 elementor-widget elementor-widget-button\" data-id=\"cd48e69\" data-element_type=\"widget\" data-e-type=\"widget\" data-widget_type=\"button.default\">\n\t\t\t\t<div class=\"elementor-widget-container\">\n\t\t\t\t\t\t\t\t\t<div class=\"elementor-button-wrapper\">\n\t\t\t\t\t<a class=\"elementor-button elementor-button-link elementor-size-md\" href=\"https:\/\/portale2.unime.it\/cafgiustiziapenalecontemporanea\/wp-content\/uploads\/sites\/29\/2024\/02\/Guida-iscrizione-Unime.esse3_.pdf\">\n\t\t\t\t\t\t<span class=\"elementor-button-content-wrapper\">\n\t\t\t\t\t\t<span class=\"elementor-button-icon\">\n\t\t\t\t<svg aria-hidden=\"true\" class=\"e-font-icon-svg e-fas-file-download\" viewBox=\"0 0 384 512\" xmlns=\"http:\/\/www.w3.org\/2000\/svg\"><path d=\"M224 136V0H24C10.7 0 0 10.7 0 24v464c0 13.3 10.7 24 24 24h336c13.3 0 24-10.7 24-24V160H248c-13.2 0-24-10.8-24-24zm76.45 211.36l-96.42 95.7c-6.65 6.61-17.39 6.61-24.04 0l-96.42-95.7C73.42 337.29 80.54 320 94.82 320H160v-80c0-8.84 7.16-16 16-16h32c8.84 0 16 7.16 16 16v80h65.18c14.28 0 21.4 17.29 11.27 27.36zM377 105L279.1 7c-4.5-4.5-10.6-7-17-7H256v128h128v-6.1c0-6.3-2.5-12.4-7-16.9z\"><\/path><\/svg>\t\t\t<\/span>\n\t\t\t\t\t\t\t\t\t<span class=\"elementor-button-text\">VADEMECUM DE INSCRIPCI\u00d3N UNIME.ESSE3<\/span>\n\t\t\t\t\t<\/span>\n\t\t\t\t\t<\/a>\n\t\t\t\t<\/div>\n\t\t\t\t\t\t\t\t<\/div>\n\t\t\t\t<\/div>\n\t\t\t\t<div class=\"elementor-element elementor-element-43d690d elementor-widget elementor-widget-button\" data-id=\"43d690d\" data-element_type=\"widget\" data-e-type=\"widget\" data-widget_type=\"button.default\">\n\t\t\t\t<div class=\"elementor-widget-container\">\n\t\t\t\t\t\t\t\t\t<div class=\"elementor-button-wrapper\">\n\t\t\t\t\t<a class=\"elementor-button elementor-button-link elementor-size-md\" href=\"https:\/\/www.unime.it\/sites\/default\/files\/2025-02\/Bando%20iscrizioni%20CdAF%202025-2.pdf\">\n\t\t\t\t\t\t<span class=\"elementor-button-content-wrapper\">\n\t\t\t\t\t\t<span class=\"elementor-button-icon\">\n\t\t\t\t<svg aria-hidden=\"true\" class=\"e-font-icon-svg e-fas-file-download\" viewBox=\"0 0 384 512\" xmlns=\"http:\/\/www.w3.org\/2000\/svg\"><path d=\"M224 136V0H24C10.7 0 0 10.7 0 24v464c0 13.3 10.7 24 24 24h336c13.3 0 24-10.7 24-24V160H248c-13.2 0-24-10.8-24-24zm76.45 211.36l-96.42 95.7c-6.65 6.61-17.39 6.61-24.04 0l-96.42-95.7C73.42 337.29 80.54 320 94.82 320H160v-80c0-8.84 7.16-16 16-16h32c8.84 0 16 7.16 16 16v80h65.18c14.28 0 21.4 17.29 11.27 27.36zM377 105L279.1 7c-4.5-4.5-10.6-7-17-7H256v128h128v-6.1c0-6.3-2.5-12.4-7-16.9z\"><\/path><\/svg>\t\t\t<\/span>\n\t\t\t\t\t\t\t\t\t<span class=\"elementor-button-text\">BANDO DE INSCRIPCI\u00d3N<\/span>\n\t\t\t\t\t<\/span>\n\t\t\t\t\t<\/a>\n\t\t\t\t<\/div>\n\t\t\t\t\t\t\t\t<\/div>\n\t\t\t\t<\/div>\n\t\t\t\t\t<\/div>\n\t\t<\/div>\n\t\t\t\t\t<\/div>\n\t\t<\/section>\n\t\t\t\t<section class=\"elementor-section elementor-top-section elementor-element elementor-element-02d4a70 elementor-section-boxed elementor-section-height-default elementor-section-height-default\" data-id=\"02d4a70\" data-element_type=\"section\" data-e-type=\"section\" data-settings=\"{&quot;background_background&quot;:&quot;classic&quot;,&quot;animation&quot;:&quot;none&quot;}\">\n\t\t\t\t\t\t<div class=\"elementor-container elementor-column-gap-default\">\n\t\t\t\t\t<div class=\"elementor-column elementor-col-50 elementor-top-column elementor-element elementor-element-8d5da98\" data-id=\"8d5da98\" data-element_type=\"column\" data-e-type=\"column\">\n\t\t\t<div class=\"elementor-widget-wrap elementor-element-populated\">\n\t\t\t\t\t\t<div class=\"elementor-element elementor-element-3774e37 elementor-widget elementor-widget-heading\" data-id=\"3774e37\" data-element_type=\"widget\" data-e-type=\"widget\" data-settings=\"{&quot;_animation&quot;:&quot;none&quot;}\" data-widget_type=\"heading.default\">\n\t\t\t\t<div class=\"elementor-widget-container\">\n\t\t\t\t\t<h2 class=\"elementor-heading-title elementor-size-default\">VALOR<\/h2>\t\t\t\t<\/div>\n\t\t\t\t<\/div>\n\t\t\t\t\t<\/div>\n\t\t<\/div>\n\t\t\t\t<div class=\"elementor-column elementor-col-50 elementor-top-column elementor-element elementor-element-62fa59b\" data-id=\"62fa59b\" data-element_type=\"column\" data-e-type=\"column\">\n\t\t\t<div class=\"elementor-widget-wrap elementor-element-populated\">\n\t\t\t\t\t\t<div class=\"elementor-element elementor-element-17ad388 elementor-widget elementor-widget-heading\" data-id=\"17ad388\" data-element_type=\"widget\" data-e-type=\"widget\" data-settings=\"{&quot;_animation&quot;:&quot;none&quot;}\" data-widget_type=\"heading.default\">\n\t\t\t\t<div class=\"elementor-widget-container\">\n\t\t\t\t\t<h3 class=\"elementor-heading-title elementor-size-default\">El Curso tiene un valor de \u20ac 1.200,00, que deber\u00e1 pagarse en dos cuotas (1\u00b0 cuota: \u20ac 700,00; 2\u00b0 cuota \u20ac 500,00).<br>Existe adem\u00e1s la posibilidad de beneficiarse del precio reducido de \u20ac 1.100,00 a trav\u00e9s de un pago \u00fanico seg\u00fan los t\u00e9rminos establecidos en el bando<\/h3>\t\t\t\t<\/div>\n\t\t\t\t<\/div>\n\t\t\t\t<div class=\"elementor-element elementor-element-25ae7ca elementor-widget elementor-widget-spacer\" data-id=\"25ae7ca\" data-element_type=\"widget\" data-e-type=\"widget\" data-widget_type=\"spacer.default\">\n\t\t\t\t<div class=\"elementor-widget-container\">\n\t\t\t\t\t\t\t<div class=\"elementor-spacer\">\n\t\t\t<div class=\"elementor-spacer-inner\"><\/div>\n\t\t<\/div>\n\t\t\t\t\t\t<\/div>\n\t\t\t\t<\/div>\n\t\t\t\t\t<\/div>\n\t\t<\/div>\n\t\t\t\t\t<\/div>\n\t\t<\/section>\n\t\t\t\t<section class=\"elementor-section elementor-top-section elementor-element elementor-element-3320865 elementor-section-boxed elementor-section-height-default elementor-section-height-default\" data-id=\"3320865\" data-element_type=\"section\" data-e-type=\"section\">\n\t\t\t\t\t\t<div class=\"elementor-container elementor-column-gap-default\">\n\t\t\t\t\t\t<\/div>\n\t\t<\/section>\n\t\t\t\t<section class=\"elementor-section elementor-top-section elementor-element elementor-element-7fb6e610 elementor-section-boxed elementor-section-height-default elementor-section-height-default\" data-id=\"7fb6e610\" data-element_type=\"section\" data-e-type=\"section\">\n\t\t\t\t\t\t<div class=\"elementor-container elementor-column-gap-default\">\n\t\t\t\t\t\t<\/div>\n\t\t<\/section>\n\t\t\t\t<\/div>\n\t\t","protected":false},"excerpt":{"rendered":"<p>INSCRIPCI\u00d3N INSCRIPCI\u00d3N Inscripci\u00f3n en la plataforma Unime.esse3 (ES) Acceder a la p\u00e1gina indicada en la convocatoria https:\/\/unime.esse3.cineca.it\u00a0 Clicar en \u201cRegistrati\u201d Clicar en \u201cPresa visione informativa privacy Registrazione Web\u201d Compilar los espacios en blanco\u00a0 Clicar en \u201cAvanti\u201d Repetir las operaciones de los puntos n. 4 y 5 de esta lista compilando todos los espacios en blanco&hellip; <a class=\"more-link\" href=\"https:\/\/portale2.unime.it\/cafgiustiziapenalecontemporanea\/es\/inscripcion\/\">Continua a leggere <span class=\"screen-reader-text\">INSCRIPCI\u00d3N<\/span><\/a><\/p>\n","protected":false},"author":1,"featured_media":0,"parent":0,"menu_order":0,"comment_status":"closed","ping_status":"closed","template":"elementor_header_footer","meta":{"footnotes":""},"class_list":["post-2191","page","type-page","status-publish","hentry","entry"],"yoast_head":"<!-- This site is optimized with the Yoast SEO plugin v27.3 - https:\/\/yoast.com\/product\/yoast-seo-wordpress\/ -->\n<title>INSCRIPCI\u00d3N - Cafgiustiziapenalecontemporanea<\/title>\n<meta name=\"robots\" content=\"index, follow, max-snippet:-1, max-image-preview:large, max-video-preview:-1\" \/>\n<link rel=\"canonical\" href=\"https:\/\/portale2.unime.it\/cafgiustiziapenalecontemporanea\/es\/inscripcion\/\" \/>\n<meta property=\"og:locale\" content=\"it_IT\" \/>\n<meta property=\"og:type\" content=\"article\" \/>\n<meta property=\"og:title\" content=\"INSCRIPCI\u00d3N - Cafgiustiziapenalecontemporanea\" \/>\n<meta property=\"og:description\" content=\"INSCRIPCI\u00d3N INSCRIPCI\u00d3N Inscripci\u00f3n en la plataforma Unime.esse3 (ES) Acceder a la p\u00e1gina indicada en la convocatoria https:\/\/unime.esse3.cineca.it\u00a0 Clicar en \u201cRegistrati\u201d Clicar en \u201cPresa visione informativa privacy Registrazione Web\u201d Compilar los espacios en blanco\u00a0 Clicar en \u201cAvanti\u201d Repetir las operaciones de los puntos n. 4 y 5 de esta lista compilando todos los espacios en blanco&hellip; Continua a leggere INSCRIPCI\u00d3N\" \/>\n<meta property=\"og:url\" content=\"https:\/\/portale2.unime.it\/cafgiustiziapenalecontemporanea\/es\/inscripcion\/\" \/>\n<meta property=\"og:site_name\" content=\"Cafgiustiziapenalecontemporanea\" \/>\n<meta property=\"article:modified_time\" content=\"2025-02-07T12:55:09+00:00\" \/>\n<meta name=\"twitter:card\" content=\"summary_large_image\" \/>\n<meta name=\"twitter:label1\" content=\"Tempo di lettura stimato\" \/>\n\t<meta name=\"twitter:data1\" content=\"1 minuto\" \/>\n<script type=\"application\/ld+json\" class=\"yoast-schema-graph\">{\"@context\":\"https:\\\/\\\/schema.org\",\"@graph\":[{\"@type\":\"WebPage\",\"@id\":\"https:\\\/\\\/portale2.unime.it\\\/cafgiustiziapenalecontemporanea\\\/es\\\/inscripcion\\\/\",\"url\":\"https:\\\/\\\/portale2.unime.it\\\/cafgiustiziapenalecontemporanea\\\/es\\\/inscripcion\\\/\",\"name\":\"INSCRIPCI\u00d3N - Cafgiustiziapenalecontemporanea\",\"isPartOf\":{\"@id\":\"https:\\\/\\\/portale2.unime.it\\\/cafgiustiziapenalecontemporanea\\\/#website\"},\"datePublished\":\"2023-08-04T07:35:58+00:00\",\"dateModified\":\"2025-02-07T12:55:09+00:00\",\"breadcrumb\":{\"@id\":\"https:\\\/\\\/portale2.unime.it\\\/cafgiustiziapenalecontemporanea\\\/es\\\/inscripcion\\\/#breadcrumb\"},\"inLanguage\":\"it-IT\",\"potentialAction\":[{\"@type\":\"ReadAction\",\"target\":[\"https:\\\/\\\/portale2.unime.it\\\/cafgiustiziapenalecontemporanea\\\/es\\\/inscripcion\\\/\"]}]},{\"@type\":\"BreadcrumbList\",\"@id\":\"https:\\\/\\\/portale2.unime.it\\\/cafgiustiziapenalecontemporanea\\\/es\\\/inscripcion\\\/#breadcrumb\",\"itemListElement\":[{\"@type\":\"ListItem\",\"position\":1,\"name\":\"Home\",\"item\":\"https:\\\/\\\/cafgiustiziapenalecontemporanea.unime.it\\\/\"},{\"@type\":\"ListItem\",\"position\":2,\"name\":\"INSCRIPCI\u00d3N\"}]},{\"@type\":\"WebSite\",\"@id\":\"https:\\\/\\\/portale2.unime.it\\\/cafgiustiziapenalecontemporanea\\\/#website\",\"url\":\"https:\\\/\\\/portale2.unime.it\\\/cafgiustiziapenalecontemporanea\\\/\",\"name\":\"Cafgiustiziapenalecontemporanea\",\"description\":\"\",\"publisher\":{\"@id\":\"https:\\\/\\\/portale2.unime.it\\\/cafgiustiziapenalecontemporanea\\\/#organization\"},\"potentialAction\":[{\"@type\":\"SearchAction\",\"target\":{\"@type\":\"EntryPoint\",\"urlTemplate\":\"https:\\\/\\\/portale2.unime.it\\\/cafgiustiziapenalecontemporanea\\\/?s={search_term_string}\"},\"query-input\":{\"@type\":\"PropertyValueSpecification\",\"valueRequired\":true,\"valueName\":\"search_term_string\"}}],\"inLanguage\":\"it-IT\"},{\"@type\":\"Organization\",\"@id\":\"https:\\\/\\\/portale2.unime.it\\\/cafgiustiziapenalecontemporanea\\\/#organization\",\"name\":\"Cafgiustiziapenalecontemporanea\",\"url\":\"https:\\\/\\\/portale2.unime.it\\\/cafgiustiziapenalecontemporanea\\\/\",\"logo\":{\"@type\":\"ImageObject\",\"inLanguage\":\"it-IT\",\"@id\":\"https:\\\/\\\/portale2.unime.it\\\/cafgiustiziapenalecontemporanea\\\/#\\\/schema\\\/logo\\\/image\\\/\",\"url\":\"https:\\\/\\\/portale2.unime.it\\\/cafgiustiziapenalecontemporanea\\\/wp-content\\\/uploads\\\/sites\\\/29\\\/2023\\\/08\\\/logo-alta-formazione-2.png\",\"contentUrl\":\"https:\\\/\\\/portale2.unime.it\\\/cafgiustiziapenalecontemporanea\\\/wp-content\\\/uploads\\\/sites\\\/29\\\/2023\\\/08\\\/logo-alta-formazione-2.png\",\"width\":1000,\"height\":253,\"caption\":\"Cafgiustiziapenalecontemporanea\"},\"image\":{\"@id\":\"https:\\\/\\\/portale2.unime.it\\\/cafgiustiziapenalecontemporanea\\\/#\\\/schema\\\/logo\\\/image\\\/\"}}]}<\/script>\n<!-- \/ Yoast SEO plugin. -->","yoast_head_json":{"title":"INSCRIPCI\u00d3N - Cafgiustiziapenalecontemporanea","robots":{"index":"index","follow":"follow","max-snippet":"max-snippet:-1","max-image-preview":"max-image-preview:large","max-video-preview":"max-video-preview:-1"},"canonical":"https:\/\/portale2.unime.it\/cafgiustiziapenalecontemporanea\/es\/inscripcion\/","og_locale":"it_IT","og_type":"article","og_title":"INSCRIPCI\u00d3N - Cafgiustiziapenalecontemporanea","og_description":"INSCRIPCI\u00d3N INSCRIPCI\u00d3N Inscripci\u00f3n en la plataforma Unime.esse3 (ES) Acceder a la p\u00e1gina indicada en la convocatoria https:\/\/unime.esse3.cineca.it\u00a0 Clicar en \u201cRegistrati\u201d Clicar en \u201cPresa visione informativa privacy Registrazione Web\u201d Compilar los espacios en blanco\u00a0 Clicar en \u201cAvanti\u201d Repetir las operaciones de los puntos n. 4 y 5 de esta lista compilando todos los espacios en blanco&hellip; Continua a leggere INSCRIPCI\u00d3N","og_url":"https:\/\/portale2.unime.it\/cafgiustiziapenalecontemporanea\/es\/inscripcion\/","og_site_name":"Cafgiustiziapenalecontemporanea","article_modified_time":"2025-02-07T12:55:09+00:00","twitter_card":"summary_large_image","twitter_misc":{"Tempo di lettura stimato":"1 minuto"},"schema":{"@context":"https:\/\/schema.org","@graph":[{"@type":"WebPage","@id":"https:\/\/portale2.unime.it\/cafgiustiziapenalecontemporanea\/es\/inscripcion\/","url":"https:\/\/portale2.unime.it\/cafgiustiziapenalecontemporanea\/es\/inscripcion\/","name":"INSCRIPCI\u00d3N - Cafgiustiziapenalecontemporanea","isPartOf":{"@id":"https:\/\/portale2.unime.it\/cafgiustiziapenalecontemporanea\/#website"},"datePublished":"2023-08-04T07:35:58+00:00","dateModified":"2025-02-07T12:55:09+00:00","breadcrumb":{"@id":"https:\/\/portale2.unime.it\/cafgiustiziapenalecontemporanea\/es\/inscripcion\/#breadcrumb"},"inLanguage":"it-IT","potentialAction":[{"@type":"ReadAction","target":["https:\/\/portale2.unime.it\/cafgiustiziapenalecontemporanea\/es\/inscripcion\/"]}]},{"@type":"BreadcrumbList","@id":"https:\/\/portale2.unime.it\/cafgiustiziapenalecontemporanea\/es\/inscripcion\/#breadcrumb","itemListElement":[{"@type":"ListItem","position":1,"name":"Home","item":"https:\/\/cafgiustiziapenalecontemporanea.unime.it\/"},{"@type":"ListItem","position":2,"name":"INSCRIPCI\u00d3N"}]},{"@type":"WebSite","@id":"https:\/\/portale2.unime.it\/cafgiustiziapenalecontemporanea\/#website","url":"https:\/\/portale2.unime.it\/cafgiustiziapenalecontemporanea\/","name":"Cafgiustiziapenalecontemporanea","description":"","publisher":{"@id":"https:\/\/portale2.unime.it\/cafgiustiziapenalecontemporanea\/#organization"},"potentialAction":[{"@type":"SearchAction","target":{"@type":"EntryPoint","urlTemplate":"https:\/\/portale2.unime.it\/cafgiustiziapenalecontemporanea\/?s={search_term_string}"},"query-input":{"@type":"PropertyValueSpecification","valueRequired":true,"valueName":"search_term_string"}}],"inLanguage":"it-IT"},{"@type":"Organization","@id":"https:\/\/portale2.unime.it\/cafgiustiziapenalecontemporanea\/#organization","name":"Cafgiustiziapenalecontemporanea","url":"https:\/\/portale2.unime.it\/cafgiustiziapenalecontemporanea\/","logo":{"@type":"ImageObject","inLanguage":"it-IT","@id":"https:\/\/portale2.unime.it\/cafgiustiziapenalecontemporanea\/#\/schema\/logo\/image\/","url":"https:\/\/portale2.unime.it\/cafgiustiziapenalecontemporanea\/wp-content\/uploads\/sites\/29\/2023\/08\/logo-alta-formazione-2.png","contentUrl":"https:\/\/portale2.unime.it\/cafgiustiziapenalecontemporanea\/wp-content\/uploads\/sites\/29\/2023\/08\/logo-alta-formazione-2.png","width":1000,"height":253,"caption":"Cafgiustiziapenalecontemporanea"},"image":{"@id":"https:\/\/portale2.unime.it\/cafgiustiziapenalecontemporanea\/#\/schema\/logo\/image\/"}}]}},"_links":{"self":[{"href":"https:\/\/portale2.unime.it\/cafgiustiziapenalecontemporanea\/wp-json\/wp\/v2\/pages\/2191","targetHints":{"allow":["GET"]}}],"collection":[{"href":"https:\/\/portale2.unime.it\/cafgiustiziapenalecontemporanea\/wp-json\/wp\/v2\/pages"}],"about":[{"href":"https:\/\/portale2.unime.it\/cafgiustiziapenalecontemporanea\/wp-json\/wp\/v2\/types\/page"}],"author":[{"embeddable":true,"href":"https:\/\/portale2.unime.it\/cafgiustiziapenalecontemporanea\/wp-json\/wp\/v2\/users\/1"}],"replies":[{"embeddable":true,"href":"https:\/\/portale2.unime.it\/cafgiustiziapenalecontemporanea\/wp-json\/wp\/v2\/comments?post=2191"}],"version-history":[{"count":71,"href":"https:\/\/portale2.unime.it\/cafgiustiziapenalecontemporanea\/wp-json\/wp\/v2\/pages\/2191\/revisions"}],"predecessor-version":[{"id":4433,"href":"https:\/\/portale2.unime.it\/cafgiustiziapenalecontemporanea\/wp-json\/wp\/v2\/pages\/2191\/revisions\/4433"}],"wp:attachment":[{"href":"https:\/\/portale2.unime.it\/cafgiustiziapenalecontemporanea\/wp-json\/wp\/v2\/media?parent=2191"}],"curies":[{"name":"wp","href":"https:\/\/api.w.org\/{rel}","templated":true}]}}