{"id":2253,"date":"2023-08-04T11:21:53","date_gmt":"2023-08-04T09:21:53","guid":{"rendered":"https:\/\/portale2.unime.it\/cafgiustiziapenalecontemporanea\/?page_id=2253"},"modified":"2023-08-07T17:31:35","modified_gmt":"2023-08-07T15:31:35","slug":"faq-2","status":"publish","type":"page","link":"https:\/\/portale2.unime.it\/cafgiustiziapenalecontemporanea\/es\/faq-2\/","title":{"rendered":"FAQ"},"content":{"rendered":"\t\t<div data-elementor-type=\"wp-page\" data-elementor-id=\"2253\" class=\"elementor elementor-2253\">\n\t\t\t\t\t\t<section class=\"elementor-section elementor-top-section elementor-element elementor-element-cb36390 elementor-section-boxed elementor-section-height-default elementor-section-height-default\" data-id=\"cb36390\" data-element_type=\"section\" data-e-type=\"section\">\n\t\t\t\t\t\t<div class=\"elementor-container elementor-column-gap-default\">\n\t\t\t\t\t<div class=\"elementor-column elementor-col-100 elementor-top-column elementor-element elementor-element-7ec0c9e\" data-id=\"7ec0c9e\" data-element_type=\"column\" data-e-type=\"column\">\n\t\t\t<div class=\"elementor-widget-wrap elementor-element-populated\">\n\t\t\t\t\t\t\t<\/div>\n\t\t<\/div>\n\t\t\t\t\t<\/div>\n\t\t<\/section>\n\t\t\t\t<section class=\"elementor-section elementor-top-section elementor-element elementor-element-23fee20 elementor-section-boxed elementor-section-height-default elementor-section-height-default\" data-id=\"23fee20\" data-element_type=\"section\" data-e-type=\"section\" data-settings=\"{&quot;background_background&quot;:&quot;classic&quot;}\">\n\t\t\t\t\t\t\t<div class=\"elementor-background-overlay\"><\/div>\n\t\t\t\t\t\t\t<div class=\"elementor-container elementor-column-gap-default\">\n\t\t\t\t\t<div class=\"elementor-column elementor-col-100 elementor-top-column elementor-element elementor-element-5e60ff1\" data-id=\"5e60ff1\" data-element_type=\"column\" data-e-type=\"column\">\n\t\t\t<div class=\"elementor-widget-wrap elementor-element-populated\">\n\t\t\t\t\t\t<div class=\"elementor-element elementor-element-29f4caa elementor-widget elementor-widget-heading\" data-id=\"29f4caa\" data-element_type=\"widget\" data-e-type=\"widget\" data-settings=\"{&quot;_animation&quot;:&quot;none&quot;}\" data-widget_type=\"heading.default\">\n\t\t\t\t<div class=\"elementor-widget-container\">\n\t\t\t\t\t<h2 class=\"elementor-heading-title elementor-size-default\"><br><br> FAQ<br><br><br><\/h2>\t\t\t\t<\/div>\n\t\t\t\t<\/div>\n\t\t\t\t\t<\/div>\n\t\t<\/div>\n\t\t\t\t\t<\/div>\n\t\t<\/section>\n\t\t\t\t<section class=\"elementor-section elementor-top-section elementor-element elementor-element-3320865 elementor-section-boxed elementor-section-height-default elementor-section-height-default\" data-id=\"3320865\" data-element_type=\"section\" data-e-type=\"section\">\n\t\t\t\t\t\t<div class=\"elementor-container elementor-column-gap-default\">\n\t\t\t\t\t\t<\/div>\n\t\t<\/section>\n\t\t\t\t<section class=\"elementor-section elementor-top-section elementor-element elementor-element-7fb6e610 elementor-section-boxed elementor-section-height-default elementor-section-height-default\" data-id=\"7fb6e610\" data-element_type=\"section\" data-e-type=\"section\">\n\t\t\t\t\t\t<div class=\"elementor-container elementor-column-gap-default\">\n\t\t\t\t\t\t<\/div>\n\t\t<\/section>\n\t\t\t\t<section class=\"elementor-section elementor-top-section elementor-element elementor-element-8707c10 elementor-section-boxed elementor-section-height-default elementor-section-height-default\" data-id=\"8707c10\" data-element_type=\"section\" data-e-type=\"section\">\n\t\t\t\t\t\t<div class=\"elementor-container elementor-column-gap-default\">\n\t\t\t\t\t<div class=\"elementor-column elementor-col-100 elementor-top-column elementor-element elementor-element-0085e58\" data-id=\"0085e58\" data-element_type=\"column\" data-e-type=\"column\">\n\t\t\t<div class=\"elementor-widget-wrap elementor-element-populated\">\n\t\t\t\t\t\t<div class=\"elementor-element elementor-element-7688f9f elementor-widget elementor-widget-text-editor\" data-id=\"7688f9f\" data-element_type=\"widget\" data-e-type=\"widget\" data-widget_type=\"text-editor.default\">\n\t\t\t\t<div class=\"elementor-widget-container\">\n\t\t\t\t\t\t\t\t\t<p>La secci\u00f3n se est\u00e1 completando<\/p>\t\t\t\t\t\t\t\t<\/div>\n\t\t\t\t<\/div>\n\t\t\t\t\t<\/div>\n\t\t<\/div>\n\t\t\t\t\t<\/div>\n\t\t<\/section>\n\t\t\t\t<section class=\"elementor-section elementor-top-section elementor-element elementor-element-b7a232c elementor-section-boxed elementor-section-height-default elementor-section-height-default\" data-id=\"b7a232c\" data-element_type=\"section\" data-e-type=\"section\">\n\t\t\t\t\t\t<div class=\"elementor-container elementor-column-gap-default\">\n\t\t\t\t\t<div class=\"elementor-column elementor-col-66 elementor-top-column elementor-element elementor-element-3a84f56\" data-id=\"3a84f56\" data-element_type=\"column\" data-e-type=\"column\">\n\t\t\t<div class=\"elementor-widget-wrap elementor-element-populated\">\n\t\t\t\t\t\t<div class=\"elementor-element elementor-element-e4fe599 elementor-widget elementor-widget-accordion\" data-id=\"e4fe599\" data-element_type=\"widget\" data-e-type=\"widget\" data-widget_type=\"accordion.default\">\n\t\t\t\t<div class=\"elementor-widget-container\">\n\t\t\t\t\t\t\t<div class=\"elementor-accordion\">\n\t\t\t\t\t\t\t<div class=\"elementor-accordion-item\">\n\t\t\t\t\t<div id=\"elementor-tab-title-2401\" class=\"elementor-tab-title\" data-tab=\"1\" role=\"button\" aria-controls=\"elementor-tab-content-2401\" aria-expanded=\"false\">\n\t\t\t\t\t\t\t\t\t\t\t\t\t<span class=\"elementor-accordion-icon elementor-accordion-icon-left\" aria-hidden=\"true\">\n\t\t\t\t\t\t\t\t\t\t\t\t\t\t\t<span class=\"elementor-accordion-icon-closed\"><svg class=\"e-font-icon-svg e-fas-plus\" viewBox=\"0 0 448 512\" xmlns=\"http:\/\/www.w3.org\/2000\/svg\"><path d=\"M416 208H272V64c0-17.67-14.33-32-32-32h-32c-17.67 0-32 14.33-32 32v144H32c-17.67 0-32 14.33-32 32v32c0 17.67 14.33 32 32 32h144v144c0 17.67 14.33 32 32 32h32c17.67 0 32-14.33 32-32V304h144c17.67 0 32-14.33 32-32v-32c0-17.67-14.33-32-32-32z\"><\/path><\/svg><\/span>\n\t\t\t\t\t\t\t\t<span class=\"elementor-accordion-icon-opened\"><svg class=\"e-font-icon-svg e-fas-minus\" viewBox=\"0 0 448 512\" xmlns=\"http:\/\/www.w3.org\/2000\/svg\"><path d=\"M416 208H32c-17.67 0-32 14.33-32 32v32c0 17.67 14.33 32 32 32h384c17.67 0 32-14.33 32-32v-32c0-17.67-14.33-32-32-32z\"><\/path><\/svg><\/span>\n\t\t\t\t\t\t\t\t\t\t\t\t\t\t<\/span>\n\t\t\t\t\t\t\t\t\t\t\t\t<a class=\"elementor-accordion-title\" tabindex=\"0\">\u00bfEn qu\u00e9 idioma se impartir\u00e1 la docencia?<\/a>\n\t\t\t\t\t<\/div>\n\t\t\t\t\t<div id=\"elementor-tab-content-2401\" class=\"elementor-tab-content elementor-clearfix\" data-tab=\"1\" role=\"region\" aria-labelledby=\"elementor-tab-title-2401\"><p>La docencia ser\u00e1 impartida en espa\u00f1ol no solo por parte de los profesores de habla hispana sino tambi\u00e9n por parte de algunos profesores no hispanohablantes. La organizaci\u00f3n del Curso adem\u00e1s se compromete a proporcionar, seg\u00fan las indicaciones de los profesores, material did\u00e1ctico y asistencia ling\u00fc\u00edstica en relaci\u00f3n con las actividades que no ser\u00e1n realizadas en espa\u00f1ol.<\/p><\/div>\n\t\t\t\t<\/div>\n\t\t\t\t\t\t\t\t<\/div>\n\t\t\t\t\t\t<\/div>\n\t\t\t\t<\/div>\n\t\t\t\t\t<\/div>\n\t\t<\/div>\n\t\t\t\t<div class=\"elementor-column elementor-col-33 elementor-top-column elementor-element elementor-element-a0aaa26\" data-id=\"a0aaa26\" data-element_type=\"column\" data-e-type=\"column\">\n\t\t\t<div class=\"elementor-widget-wrap\">\n\t\t\t\t\t\t\t<\/div>\n\t\t<\/div>\n\t\t\t\t\t<\/div>\n\t\t<\/section>\n\t\t\t\t<\/div>\n\t\t","protected":false},"excerpt":{"rendered":"<p>FAQ La secci\u00f3n se est\u00e1 completando \u00bfEn qu\u00e9 idioma se impartir\u00e1 la docencia? La docencia ser\u00e1 impartida en espa\u00f1ol no solo por parte de los profesores de habla hispana sino tambi\u00e9n por parte de algunos profesores no hispanohablantes. La organizaci\u00f3n del Curso adem\u00e1s se compromete a proporcionar, seg\u00fan las indicaciones de los profesores, material did\u00e1ctico&hellip; <a class=\"more-link\" href=\"https:\/\/portale2.unime.it\/cafgiustiziapenalecontemporanea\/es\/faq-2\/\">Continua a leggere <span class=\"screen-reader-text\">FAQ<\/span><\/a><\/p>\n","protected":false},"author":1,"featured_media":0,"parent":0,"menu_order":0,"comment_status":"closed","ping_status":"closed","template":"elementor_header_footer","meta":{"footnotes":""},"class_list":["post-2253","page","type-page","status-publish","hentry","entry"],"yoast_head":"<!-- This site is optimized with the Yoast SEO plugin v27.3 - https:\/\/yoast.com\/product\/yoast-seo-wordpress\/ -->\n<title>FAQ - Cafgiustiziapenalecontemporanea<\/title>\n<meta name=\"robots\" content=\"index, follow, max-snippet:-1, max-image-preview:large, max-video-preview:-1\" \/>\n<link rel=\"canonical\" href=\"https:\/\/portale2.unime.it\/cafgiustiziapenalecontemporanea\/es\/faq-2\/\" \/>\n<meta property=\"og:locale\" content=\"it_IT\" \/>\n<meta property=\"og:type\" content=\"article\" \/>\n<meta property=\"og:title\" content=\"FAQ - Cafgiustiziapenalecontemporanea\" \/>\n<meta property=\"og:description\" content=\"FAQ La secci\u00f3n se est\u00e1 completando \u00bfEn qu\u00e9 idioma se impartir\u00e1 la docencia? La docencia ser\u00e1 impartida en espa\u00f1ol no solo por parte de los profesores de habla hispana sino tambi\u00e9n por parte de algunos profesores no hispanohablantes. La organizaci\u00f3n del Curso adem\u00e1s se compromete a proporcionar, seg\u00fan las indicaciones de los profesores, material did\u00e1ctico&hellip; Continua a leggere FAQ\" \/>\n<meta property=\"og:url\" content=\"https:\/\/portale2.unime.it\/cafgiustiziapenalecontemporanea\/es\/faq-2\/\" \/>\n<meta property=\"og:site_name\" content=\"Cafgiustiziapenalecontemporanea\" \/>\n<meta property=\"article:modified_time\" content=\"2023-08-07T15:31:35+00:00\" \/>\n<meta name=\"twitter:card\" content=\"summary_large_image\" \/>\n<meta name=\"twitter:label1\" content=\"Tempo di lettura stimato\" \/>\n\t<meta name=\"twitter:data1\" content=\"1 minuto\" \/>\n<script type=\"application\/ld+json\" class=\"yoast-schema-graph\">{\"@context\":\"https:\\\/\\\/schema.org\",\"@graph\":[{\"@type\":\"WebPage\",\"@id\":\"https:\\\/\\\/portale2.unime.it\\\/cafgiustiziapenalecontemporanea\\\/es\\\/faq-2\\\/\",\"url\":\"https:\\\/\\\/portale2.unime.it\\\/cafgiustiziapenalecontemporanea\\\/es\\\/faq-2\\\/\",\"name\":\"FAQ - Cafgiustiziapenalecontemporanea\",\"isPartOf\":{\"@id\":\"https:\\\/\\\/portale2.unime.it\\\/cafgiustiziapenalecontemporanea\\\/#website\"},\"datePublished\":\"2023-08-04T09:21:53+00:00\",\"dateModified\":\"2023-08-07T15:31:35+00:00\",\"breadcrumb\":{\"@id\":\"https:\\\/\\\/portale2.unime.it\\\/cafgiustiziapenalecontemporanea\\\/es\\\/faq-2\\\/#breadcrumb\"},\"inLanguage\":\"it-IT\",\"potentialAction\":[{\"@type\":\"ReadAction\",\"target\":[\"https:\\\/\\\/portale2.unime.it\\\/cafgiustiziapenalecontemporanea\\\/es\\\/faq-2\\\/\"]}]},{\"@type\":\"BreadcrumbList\",\"@id\":\"https:\\\/\\\/portale2.unime.it\\\/cafgiustiziapenalecontemporanea\\\/es\\\/faq-2\\\/#breadcrumb\",\"itemListElement\":[{\"@type\":\"ListItem\",\"position\":1,\"name\":\"Home\",\"item\":\"https:\\\/\\\/cafgiustiziapenalecontemporanea.unime.it\\\/\"},{\"@type\":\"ListItem\",\"position\":2,\"name\":\"FAQ\"}]},{\"@type\":\"WebSite\",\"@id\":\"https:\\\/\\\/portale2.unime.it\\\/cafgiustiziapenalecontemporanea\\\/#website\",\"url\":\"https:\\\/\\\/portale2.unime.it\\\/cafgiustiziapenalecontemporanea\\\/\",\"name\":\"Cafgiustiziapenalecontemporanea\",\"description\":\"\",\"publisher\":{\"@id\":\"https:\\\/\\\/portale2.unime.it\\\/cafgiustiziapenalecontemporanea\\\/#organization\"},\"potentialAction\":[{\"@type\":\"SearchAction\",\"target\":{\"@type\":\"EntryPoint\",\"urlTemplate\":\"https:\\\/\\\/portale2.unime.it\\\/cafgiustiziapenalecontemporanea\\\/?s={search_term_string}\"},\"query-input\":{\"@type\":\"PropertyValueSpecification\",\"valueRequired\":true,\"valueName\":\"search_term_string\"}}],\"inLanguage\":\"it-IT\"},{\"@type\":\"Organization\",\"@id\":\"https:\\\/\\\/portale2.unime.it\\\/cafgiustiziapenalecontemporanea\\\/#organization\",\"name\":\"Cafgiustiziapenalecontemporanea\",\"url\":\"https:\\\/\\\/portale2.unime.it\\\/cafgiustiziapenalecontemporanea\\\/\",\"logo\":{\"@type\":\"ImageObject\",\"inLanguage\":\"it-IT\",\"@id\":\"https:\\\/\\\/portale2.unime.it\\\/cafgiustiziapenalecontemporanea\\\/#\\\/schema\\\/logo\\\/image\\\/\",\"url\":\"https:\\\/\\\/portale2.unime.it\\\/cafgiustiziapenalecontemporanea\\\/wp-content\\\/uploads\\\/sites\\\/29\\\/2023\\\/08\\\/logo-alta-formazione-2.png\",\"contentUrl\":\"https:\\\/\\\/portale2.unime.it\\\/cafgiustiziapenalecontemporanea\\\/wp-content\\\/uploads\\\/sites\\\/29\\\/2023\\\/08\\\/logo-alta-formazione-2.png\",\"width\":1000,\"height\":253,\"caption\":\"Cafgiustiziapenalecontemporanea\"},\"image\":{\"@id\":\"https:\\\/\\\/portale2.unime.it\\\/cafgiustiziapenalecontemporanea\\\/#\\\/schema\\\/logo\\\/image\\\/\"}}]}<\/script>\n<!-- \/ Yoast SEO plugin. -->","yoast_head_json":{"title":"FAQ - Cafgiustiziapenalecontemporanea","robots":{"index":"index","follow":"follow","max-snippet":"max-snippet:-1","max-image-preview":"max-image-preview:large","max-video-preview":"max-video-preview:-1"},"canonical":"https:\/\/portale2.unime.it\/cafgiustiziapenalecontemporanea\/es\/faq-2\/","og_locale":"it_IT","og_type":"article","og_title":"FAQ - Cafgiustiziapenalecontemporanea","og_description":"FAQ La secci\u00f3n se est\u00e1 completando \u00bfEn qu\u00e9 idioma se impartir\u00e1 la docencia? La docencia ser\u00e1 impartida en espa\u00f1ol no solo por parte de los profesores de habla hispana sino tambi\u00e9n por parte de algunos profesores no hispanohablantes. La organizaci\u00f3n del Curso adem\u00e1s se compromete a proporcionar, seg\u00fan las indicaciones de los profesores, material did\u00e1ctico&hellip; Continua a leggere FAQ","og_url":"https:\/\/portale2.unime.it\/cafgiustiziapenalecontemporanea\/es\/faq-2\/","og_site_name":"Cafgiustiziapenalecontemporanea","article_modified_time":"2023-08-07T15:31:35+00:00","twitter_card":"summary_large_image","twitter_misc":{"Tempo di lettura stimato":"1 minuto"},"schema":{"@context":"https:\/\/schema.org","@graph":[{"@type":"WebPage","@id":"https:\/\/portale2.unime.it\/cafgiustiziapenalecontemporanea\/es\/faq-2\/","url":"https:\/\/portale2.unime.it\/cafgiustiziapenalecontemporanea\/es\/faq-2\/","name":"FAQ - Cafgiustiziapenalecontemporanea","isPartOf":{"@id":"https:\/\/portale2.unime.it\/cafgiustiziapenalecontemporanea\/#website"},"datePublished":"2023-08-04T09:21:53+00:00","dateModified":"2023-08-07T15:31:35+00:00","breadcrumb":{"@id":"https:\/\/portale2.unime.it\/cafgiustiziapenalecontemporanea\/es\/faq-2\/#breadcrumb"},"inLanguage":"it-IT","potentialAction":[{"@type":"ReadAction","target":["https:\/\/portale2.unime.it\/cafgiustiziapenalecontemporanea\/es\/faq-2\/"]}]},{"@type":"BreadcrumbList","@id":"https:\/\/portale2.unime.it\/cafgiustiziapenalecontemporanea\/es\/faq-2\/#breadcrumb","itemListElement":[{"@type":"ListItem","position":1,"name":"Home","item":"https:\/\/cafgiustiziapenalecontemporanea.unime.it\/"},{"@type":"ListItem","position":2,"name":"FAQ"}]},{"@type":"WebSite","@id":"https:\/\/portale2.unime.it\/cafgiustiziapenalecontemporanea\/#website","url":"https:\/\/portale2.unime.it\/cafgiustiziapenalecontemporanea\/","name":"Cafgiustiziapenalecontemporanea","description":"","publisher":{"@id":"https:\/\/portale2.unime.it\/cafgiustiziapenalecontemporanea\/#organization"},"potentialAction":[{"@type":"SearchAction","target":{"@type":"EntryPoint","urlTemplate":"https:\/\/portale2.unime.it\/cafgiustiziapenalecontemporanea\/?s={search_term_string}"},"query-input":{"@type":"PropertyValueSpecification","valueRequired":true,"valueName":"search_term_string"}}],"inLanguage":"it-IT"},{"@type":"Organization","@id":"https:\/\/portale2.unime.it\/cafgiustiziapenalecontemporanea\/#organization","name":"Cafgiustiziapenalecontemporanea","url":"https:\/\/portale2.unime.it\/cafgiustiziapenalecontemporanea\/","logo":{"@type":"ImageObject","inLanguage":"it-IT","@id":"https:\/\/portale2.unime.it\/cafgiustiziapenalecontemporanea\/#\/schema\/logo\/image\/","url":"https:\/\/portale2.unime.it\/cafgiustiziapenalecontemporanea\/wp-content\/uploads\/sites\/29\/2023\/08\/logo-alta-formazione-2.png","contentUrl":"https:\/\/portale2.unime.it\/cafgiustiziapenalecontemporanea\/wp-content\/uploads\/sites\/29\/2023\/08\/logo-alta-formazione-2.png","width":1000,"height":253,"caption":"Cafgiustiziapenalecontemporanea"},"image":{"@id":"https:\/\/portale2.unime.it\/cafgiustiziapenalecontemporanea\/#\/schema\/logo\/image\/"}}]}},"_links":{"self":[{"href":"https:\/\/portale2.unime.it\/cafgiustiziapenalecontemporanea\/wp-json\/wp\/v2\/pages\/2253","targetHints":{"allow":["GET"]}}],"collection":[{"href":"https:\/\/portale2.unime.it\/cafgiustiziapenalecontemporanea\/wp-json\/wp\/v2\/pages"}],"about":[{"href":"https:\/\/portale2.unime.it\/cafgiustiziapenalecontemporanea\/wp-json\/wp\/v2\/types\/page"}],"author":[{"embeddable":true,"href":"https:\/\/portale2.unime.it\/cafgiustiziapenalecontemporanea\/wp-json\/wp\/v2\/users\/1"}],"replies":[{"embeddable":true,"href":"https:\/\/portale2.unime.it\/cafgiustiziapenalecontemporanea\/wp-json\/wp\/v2\/comments?post=2253"}],"version-history":[{"count":17,"href":"https:\/\/portale2.unime.it\/cafgiustiziapenalecontemporanea\/wp-json\/wp\/v2\/pages\/2253\/revisions"}],"predecessor-version":[{"id":3079,"href":"https:\/\/portale2.unime.it\/cafgiustiziapenalecontemporanea\/wp-json\/wp\/v2\/pages\/2253\/revisions\/3079"}],"wp:attachment":[{"href":"https:\/\/portale2.unime.it\/cafgiustiziapenalecontemporanea\/wp-json\/wp\/v2\/media?parent=2253"}],"curies":[{"name":"wp","href":"https:\/\/api.w.org\/{rel}","templated":true}]}}