{"id":2296,"date":"2023-08-04T11:42:54","date_gmt":"2023-08-04T09:42:54","guid":{"rendered":"https:\/\/portale2.unime.it\/cafgiustiziapenalecontemporanea\/?page_id=2296"},"modified":"2023-08-07T17:34:56","modified_gmt":"2023-08-07T15:34:56","slug":"faq-3","status":"publish","type":"page","link":"https:\/\/portale2.unime.it\/cafgiustiziapenalecontemporanea\/pt\/faq-3\/","title":{"rendered":"FAQ"},"content":{"rendered":"\t\t<div data-elementor-type=\"wp-page\" data-elementor-id=\"2296\" class=\"elementor elementor-2296\">\n\t\t\t\t\t\t<section class=\"elementor-section elementor-top-section elementor-element elementor-element-cb36390 elementor-section-boxed elementor-section-height-default elementor-section-height-default\" data-id=\"cb36390\" data-element_type=\"section\" data-e-type=\"section\">\n\t\t\t\t\t\t<div class=\"elementor-container elementor-column-gap-default\">\n\t\t\t\t\t<div class=\"elementor-column elementor-col-100 elementor-top-column elementor-element elementor-element-7ec0c9e\" data-id=\"7ec0c9e\" data-element_type=\"column\" data-e-type=\"column\">\n\t\t\t<div class=\"elementor-widget-wrap elementor-element-populated\">\n\t\t\t\t\t\t\t<\/div>\n\t\t<\/div>\n\t\t\t\t\t<\/div>\n\t\t<\/section>\n\t\t\t\t<section class=\"elementor-section elementor-top-section elementor-element elementor-element-23fee20 elementor-section-boxed elementor-section-height-default elementor-section-height-default\" data-id=\"23fee20\" data-element_type=\"section\" data-e-type=\"section\" data-settings=\"{&quot;background_background&quot;:&quot;classic&quot;}\">\n\t\t\t\t\t\t\t<div class=\"elementor-background-overlay\"><\/div>\n\t\t\t\t\t\t\t<div class=\"elementor-container elementor-column-gap-default\">\n\t\t\t\t\t<div class=\"elementor-column elementor-col-100 elementor-top-column elementor-element elementor-element-5e60ff1\" data-id=\"5e60ff1\" data-element_type=\"column\" data-e-type=\"column\">\n\t\t\t<div class=\"elementor-widget-wrap elementor-element-populated\">\n\t\t\t\t\t\t<div class=\"elementor-element elementor-element-29f4caa elementor-widget elementor-widget-heading\" data-id=\"29f4caa\" data-element_type=\"widget\" data-e-type=\"widget\" data-settings=\"{&quot;_animation&quot;:&quot;none&quot;}\" data-widget_type=\"heading.default\">\n\t\t\t\t<div class=\"elementor-widget-container\">\n\t\t\t\t\t<h2 class=\"elementor-heading-title elementor-size-default\"><br><br> FAQ<br><br><br><\/h2>\t\t\t\t<\/div>\n\t\t\t\t<\/div>\n\t\t\t\t\t<\/div>\n\t\t<\/div>\n\t\t\t\t\t<\/div>\n\t\t<\/section>\n\t\t\t\t<section class=\"elementor-section elementor-top-section elementor-element elementor-element-3320865 elementor-section-boxed elementor-section-height-default elementor-section-height-default\" data-id=\"3320865\" data-element_type=\"section\" data-e-type=\"section\">\n\t\t\t\t\t\t<div class=\"elementor-container elementor-column-gap-default\">\n\t\t\t\t\t\t<\/div>\n\t\t<\/section>\n\t\t\t\t<section class=\"elementor-section elementor-top-section elementor-element elementor-element-7fb6e610 elementor-section-boxed elementor-section-height-default elementor-section-height-default\" data-id=\"7fb6e610\" data-element_type=\"section\" data-e-type=\"section\">\n\t\t\t\t\t\t<div class=\"elementor-container elementor-column-gap-default\">\n\t\t\t\t\t\t<\/div>\n\t\t<\/section>\n\t\t\t\t<section class=\"elementor-section elementor-top-section elementor-element elementor-element-8707c10 elementor-section-boxed elementor-section-height-default elementor-section-height-default\" data-id=\"8707c10\" data-element_type=\"section\" data-e-type=\"section\">\n\t\t\t\t\t\t<div class=\"elementor-container elementor-column-gap-default\">\n\t\t\t\t\t<div class=\"elementor-column elementor-col-100 elementor-top-column elementor-element elementor-element-0085e58\" data-id=\"0085e58\" data-element_type=\"column\" data-e-type=\"column\">\n\t\t\t<div class=\"elementor-widget-wrap elementor-element-populated\">\n\t\t\t\t\t\t<div class=\"elementor-element elementor-element-7688f9f elementor-widget elementor-widget-text-editor\" data-id=\"7688f9f\" data-element_type=\"widget\" data-e-type=\"widget\" data-widget_type=\"text-editor.default\">\n\t\t\t\t<div class=\"elementor-widget-container\">\n\t\t\t\t\t\t\t\t\t<p>A sec\u00e7\u00e3o est\u00e1 a ser conclu\u00edda<\/p>\t\t\t\t\t\t\t\t<\/div>\n\t\t\t\t<\/div>\n\t\t\t\t\t<\/div>\n\t\t<\/div>\n\t\t\t\t\t<\/div>\n\t\t<\/section>\n\t\t\t\t<section class=\"elementor-section elementor-top-section elementor-element elementor-element-b7a232c elementor-section-boxed elementor-section-height-default elementor-section-height-default\" data-id=\"b7a232c\" data-element_type=\"section\" data-e-type=\"section\">\n\t\t\t\t\t\t<div class=\"elementor-container elementor-column-gap-default\">\n\t\t\t\t\t<div class=\"elementor-column elementor-col-66 elementor-top-column elementor-element elementor-element-3a84f56\" data-id=\"3a84f56\" data-element_type=\"column\" data-e-type=\"column\">\n\t\t\t<div class=\"elementor-widget-wrap elementor-element-populated\">\n\t\t\t\t\t\t<div class=\"elementor-element elementor-element-e4fe599 elementor-widget elementor-widget-accordion\" data-id=\"e4fe599\" data-element_type=\"widget\" data-e-type=\"widget\" data-widget_type=\"accordion.default\">\n\t\t\t\t<div class=\"elementor-widget-container\">\n\t\t\t\t\t\t\t<div class=\"elementor-accordion\">\n\t\t\t\t\t\t\t<div class=\"elementor-accordion-item\">\n\t\t\t\t\t<div id=\"elementor-tab-title-2401\" class=\"elementor-tab-title\" data-tab=\"1\" role=\"button\" aria-controls=\"elementor-tab-content-2401\" aria-expanded=\"false\">\n\t\t\t\t\t\t\t\t\t\t\t\t\t<span class=\"elementor-accordion-icon elementor-accordion-icon-left\" aria-hidden=\"true\">\n\t\t\t\t\t\t\t\t\t\t\t\t\t\t\t<span class=\"elementor-accordion-icon-closed\"><svg class=\"e-font-icon-svg e-fas-plus\" viewBox=\"0 0 448 512\" xmlns=\"http:\/\/www.w3.org\/2000\/svg\"><path d=\"M416 208H272V64c0-17.67-14.33-32-32-32h-32c-17.67 0-32 14.33-32 32v144H32c-17.67 0-32 14.33-32 32v32c0 17.67 14.33 32 32 32h144v144c0 17.67 14.33 32 32 32h32c17.67 0 32-14.33 32-32V304h144c17.67 0 32-14.33 32-32v-32c0-17.67-14.33-32-32-32z\"><\/path><\/svg><\/span>\n\t\t\t\t\t\t\t\t<span class=\"elementor-accordion-icon-opened\"><svg class=\"e-font-icon-svg e-fas-minus\" viewBox=\"0 0 448 512\" xmlns=\"http:\/\/www.w3.org\/2000\/svg\"><path d=\"M416 208H32c-17.67 0-32 14.33-32 32v32c0 17.67 14.33 32 32 32h384c17.67 0 32-14.33 32-32v-32c0-17.67-14.33-32-32-32z\"><\/path><\/svg><\/span>\n\t\t\t\t\t\t\t\t\t\t\t\t\t\t<\/span>\n\t\t\t\t\t\t\t\t\t\t\t\t<a class=\"elementor-accordion-title\" tabindex=\"0\">Em qual idioma realizar-se-\u00e1 a doc\u00eancia?<\/a>\n\t\t\t\t\t<\/div>\n\t\t\t\t\t<div id=\"elementor-tab-content-2401\" class=\"elementor-tab-content elementor-clearfix\" data-tab=\"1\" role=\"region\" aria-labelledby=\"elementor-tab-title-2401\"><p>A doc\u00eancia realizar-se-\u00e1 em espanhol n\u00e3o s\u00f3 por parte dos professores de l\u00edngua hispana sen\u00e3o tamb\u00e9m de alguns professores n\u00e3o hispano-falantes. A organiza\u00e7\u00e3o do Curso compromete-se a fornecer, de acordo com as indica\u00e7\u00f5es dos professores, material did\u00e1tico e assist\u00eancia lingu\u00edstica em rela\u00e7\u00e3o \u00e0s atividades que no ser\u00e3o realizadas em espanhol.<\/p><\/div>\n\t\t\t\t<\/div>\n\t\t\t\t\t\t\t\t<\/div>\n\t\t\t\t\t\t<\/div>\n\t\t\t\t<\/div>\n\t\t\t\t\t<\/div>\n\t\t<\/div>\n\t\t\t\t<div class=\"elementor-column elementor-col-33 elementor-top-column elementor-element elementor-element-a0aaa26\" data-id=\"a0aaa26\" data-element_type=\"column\" data-e-type=\"column\">\n\t\t\t<div class=\"elementor-widget-wrap\">\n\t\t\t\t\t\t\t<\/div>\n\t\t<\/div>\n\t\t\t\t\t<\/div>\n\t\t<\/section>\n\t\t\t\t<\/div>\n\t\t","protected":false},"excerpt":{"rendered":"<p>FAQ A sec\u00e7\u00e3o est\u00e1 a ser conclu\u00edda Em qual idioma realizar-se-\u00e1 a doc\u00eancia? A doc\u00eancia realizar-se-\u00e1 em espanhol n\u00e3o s\u00f3 por parte dos professores de l\u00edngua hispana sen\u00e3o tamb\u00e9m de alguns professores n\u00e3o hispano-falantes. A organiza\u00e7\u00e3o do Curso compromete-se a fornecer, de acordo com as indica\u00e7\u00f5es dos professores, material did\u00e1tico e assist\u00eancia lingu\u00edstica em rela\u00e7\u00e3o&hellip; <a class=\"more-link\" href=\"https:\/\/portale2.unime.it\/cafgiustiziapenalecontemporanea\/pt\/faq-3\/\">Continua a leggere <span class=\"screen-reader-text\">FAQ<\/span><\/a><\/p>\n","protected":false},"author":1,"featured_media":0,"parent":0,"menu_order":0,"comment_status":"closed","ping_status":"closed","template":"elementor_header_footer","meta":{"footnotes":""},"class_list":["post-2296","page","type-page","status-publish","hentry","entry"],"yoast_head":"<!-- This site is optimized with the Yoast SEO plugin v27.3 - https:\/\/yoast.com\/product\/yoast-seo-wordpress\/ -->\n<title>FAQ - Cafgiustiziapenalecontemporanea<\/title>\n<meta name=\"robots\" content=\"index, follow, max-snippet:-1, max-image-preview:large, max-video-preview:-1\" \/>\n<link rel=\"canonical\" href=\"https:\/\/portale2.unime.it\/cafgiustiziapenalecontemporanea\/pt\/faq-3\/\" \/>\n<meta property=\"og:locale\" content=\"it_IT\" \/>\n<meta property=\"og:type\" content=\"article\" \/>\n<meta property=\"og:title\" content=\"FAQ - Cafgiustiziapenalecontemporanea\" \/>\n<meta property=\"og:description\" content=\"FAQ A sec\u00e7\u00e3o est\u00e1 a ser conclu\u00edda Em qual idioma realizar-se-\u00e1 a doc\u00eancia? A doc\u00eancia realizar-se-\u00e1 em espanhol n\u00e3o s\u00f3 por parte dos professores de l\u00edngua hispana sen\u00e3o tamb\u00e9m de alguns professores n\u00e3o hispano-falantes. A organiza\u00e7\u00e3o do Curso compromete-se a fornecer, de acordo com as indica\u00e7\u00f5es dos professores, material did\u00e1tico e assist\u00eancia lingu\u00edstica em rela\u00e7\u00e3o&hellip; Continua a leggere FAQ\" \/>\n<meta property=\"og:url\" content=\"https:\/\/portale2.unime.it\/cafgiustiziapenalecontemporanea\/pt\/faq-3\/\" \/>\n<meta property=\"og:site_name\" content=\"Cafgiustiziapenalecontemporanea\" \/>\n<meta property=\"article:modified_time\" content=\"2023-08-07T15:34:56+00:00\" \/>\n<meta name=\"twitter:card\" content=\"summary_large_image\" \/>\n<meta name=\"twitter:label1\" content=\"Tempo di lettura stimato\" \/>\n\t<meta name=\"twitter:data1\" content=\"1 minuto\" \/>\n<script type=\"application\/ld+json\" class=\"yoast-schema-graph\">{\"@context\":\"https:\\\/\\\/schema.org\",\"@graph\":[{\"@type\":\"WebPage\",\"@id\":\"https:\\\/\\\/portale2.unime.it\\\/cafgiustiziapenalecontemporanea\\\/pt\\\/faq-3\\\/\",\"url\":\"https:\\\/\\\/portale2.unime.it\\\/cafgiustiziapenalecontemporanea\\\/pt\\\/faq-3\\\/\",\"name\":\"FAQ - Cafgiustiziapenalecontemporanea\",\"isPartOf\":{\"@id\":\"https:\\\/\\\/portale2.unime.it\\\/cafgiustiziapenalecontemporanea\\\/#website\"},\"datePublished\":\"2023-08-04T09:42:54+00:00\",\"dateModified\":\"2023-08-07T15:34:56+00:00\",\"breadcrumb\":{\"@id\":\"https:\\\/\\\/portale2.unime.it\\\/cafgiustiziapenalecontemporanea\\\/pt\\\/faq-3\\\/#breadcrumb\"},\"inLanguage\":\"it-IT\",\"potentialAction\":[{\"@type\":\"ReadAction\",\"target\":[\"https:\\\/\\\/portale2.unime.it\\\/cafgiustiziapenalecontemporanea\\\/pt\\\/faq-3\\\/\"]}]},{\"@type\":\"BreadcrumbList\",\"@id\":\"https:\\\/\\\/portale2.unime.it\\\/cafgiustiziapenalecontemporanea\\\/pt\\\/faq-3\\\/#breadcrumb\",\"itemListElement\":[{\"@type\":\"ListItem\",\"position\":1,\"name\":\"Home\",\"item\":\"https:\\\/\\\/cafgiustiziapenalecontemporanea.unime.it\\\/\"},{\"@type\":\"ListItem\",\"position\":2,\"name\":\"FAQ\"}]},{\"@type\":\"WebSite\",\"@id\":\"https:\\\/\\\/portale2.unime.it\\\/cafgiustiziapenalecontemporanea\\\/#website\",\"url\":\"https:\\\/\\\/portale2.unime.it\\\/cafgiustiziapenalecontemporanea\\\/\",\"name\":\"Cafgiustiziapenalecontemporanea\",\"description\":\"\",\"publisher\":{\"@id\":\"https:\\\/\\\/portale2.unime.it\\\/cafgiustiziapenalecontemporanea\\\/#organization\"},\"potentialAction\":[{\"@type\":\"SearchAction\",\"target\":{\"@type\":\"EntryPoint\",\"urlTemplate\":\"https:\\\/\\\/portale2.unime.it\\\/cafgiustiziapenalecontemporanea\\\/?s={search_term_string}\"},\"query-input\":{\"@type\":\"PropertyValueSpecification\",\"valueRequired\":true,\"valueName\":\"search_term_string\"}}],\"inLanguage\":\"it-IT\"},{\"@type\":\"Organization\",\"@id\":\"https:\\\/\\\/portale2.unime.it\\\/cafgiustiziapenalecontemporanea\\\/#organization\",\"name\":\"Cafgiustiziapenalecontemporanea\",\"url\":\"https:\\\/\\\/portale2.unime.it\\\/cafgiustiziapenalecontemporanea\\\/\",\"logo\":{\"@type\":\"ImageObject\",\"inLanguage\":\"it-IT\",\"@id\":\"https:\\\/\\\/portale2.unime.it\\\/cafgiustiziapenalecontemporanea\\\/#\\\/schema\\\/logo\\\/image\\\/\",\"url\":\"https:\\\/\\\/portale2.unime.it\\\/cafgiustiziapenalecontemporanea\\\/wp-content\\\/uploads\\\/sites\\\/29\\\/2023\\\/08\\\/logo-alta-formazione-2.png\",\"contentUrl\":\"https:\\\/\\\/portale2.unime.it\\\/cafgiustiziapenalecontemporanea\\\/wp-content\\\/uploads\\\/sites\\\/29\\\/2023\\\/08\\\/logo-alta-formazione-2.png\",\"width\":1000,\"height\":253,\"caption\":\"Cafgiustiziapenalecontemporanea\"},\"image\":{\"@id\":\"https:\\\/\\\/portale2.unime.it\\\/cafgiustiziapenalecontemporanea\\\/#\\\/schema\\\/logo\\\/image\\\/\"}}]}<\/script>\n<!-- \/ Yoast SEO plugin. -->","yoast_head_json":{"title":"FAQ - Cafgiustiziapenalecontemporanea","robots":{"index":"index","follow":"follow","max-snippet":"max-snippet:-1","max-image-preview":"max-image-preview:large","max-video-preview":"max-video-preview:-1"},"canonical":"https:\/\/portale2.unime.it\/cafgiustiziapenalecontemporanea\/pt\/faq-3\/","og_locale":"it_IT","og_type":"article","og_title":"FAQ - Cafgiustiziapenalecontemporanea","og_description":"FAQ A sec\u00e7\u00e3o est\u00e1 a ser conclu\u00edda Em qual idioma realizar-se-\u00e1 a doc\u00eancia? A doc\u00eancia realizar-se-\u00e1 em espanhol n\u00e3o s\u00f3 por parte dos professores de l\u00edngua hispana sen\u00e3o tamb\u00e9m de alguns professores n\u00e3o hispano-falantes. A organiza\u00e7\u00e3o do Curso compromete-se a fornecer, de acordo com as indica\u00e7\u00f5es dos professores, material did\u00e1tico e assist\u00eancia lingu\u00edstica em rela\u00e7\u00e3o&hellip; Continua a leggere FAQ","og_url":"https:\/\/portale2.unime.it\/cafgiustiziapenalecontemporanea\/pt\/faq-3\/","og_site_name":"Cafgiustiziapenalecontemporanea","article_modified_time":"2023-08-07T15:34:56+00:00","twitter_card":"summary_large_image","twitter_misc":{"Tempo di lettura stimato":"1 minuto"},"schema":{"@context":"https:\/\/schema.org","@graph":[{"@type":"WebPage","@id":"https:\/\/portale2.unime.it\/cafgiustiziapenalecontemporanea\/pt\/faq-3\/","url":"https:\/\/portale2.unime.it\/cafgiustiziapenalecontemporanea\/pt\/faq-3\/","name":"FAQ - Cafgiustiziapenalecontemporanea","isPartOf":{"@id":"https:\/\/portale2.unime.it\/cafgiustiziapenalecontemporanea\/#website"},"datePublished":"2023-08-04T09:42:54+00:00","dateModified":"2023-08-07T15:34:56+00:00","breadcrumb":{"@id":"https:\/\/portale2.unime.it\/cafgiustiziapenalecontemporanea\/pt\/faq-3\/#breadcrumb"},"inLanguage":"it-IT","potentialAction":[{"@type":"ReadAction","target":["https:\/\/portale2.unime.it\/cafgiustiziapenalecontemporanea\/pt\/faq-3\/"]}]},{"@type":"BreadcrumbList","@id":"https:\/\/portale2.unime.it\/cafgiustiziapenalecontemporanea\/pt\/faq-3\/#breadcrumb","itemListElement":[{"@type":"ListItem","position":1,"name":"Home","item":"https:\/\/cafgiustiziapenalecontemporanea.unime.it\/"},{"@type":"ListItem","position":2,"name":"FAQ"}]},{"@type":"WebSite","@id":"https:\/\/portale2.unime.it\/cafgiustiziapenalecontemporanea\/#website","url":"https:\/\/portale2.unime.it\/cafgiustiziapenalecontemporanea\/","name":"Cafgiustiziapenalecontemporanea","description":"","publisher":{"@id":"https:\/\/portale2.unime.it\/cafgiustiziapenalecontemporanea\/#organization"},"potentialAction":[{"@type":"SearchAction","target":{"@type":"EntryPoint","urlTemplate":"https:\/\/portale2.unime.it\/cafgiustiziapenalecontemporanea\/?s={search_term_string}"},"query-input":{"@type":"PropertyValueSpecification","valueRequired":true,"valueName":"search_term_string"}}],"inLanguage":"it-IT"},{"@type":"Organization","@id":"https:\/\/portale2.unime.it\/cafgiustiziapenalecontemporanea\/#organization","name":"Cafgiustiziapenalecontemporanea","url":"https:\/\/portale2.unime.it\/cafgiustiziapenalecontemporanea\/","logo":{"@type":"ImageObject","inLanguage":"it-IT","@id":"https:\/\/portale2.unime.it\/cafgiustiziapenalecontemporanea\/#\/schema\/logo\/image\/","url":"https:\/\/portale2.unime.it\/cafgiustiziapenalecontemporanea\/wp-content\/uploads\/sites\/29\/2023\/08\/logo-alta-formazione-2.png","contentUrl":"https:\/\/portale2.unime.it\/cafgiustiziapenalecontemporanea\/wp-content\/uploads\/sites\/29\/2023\/08\/logo-alta-formazione-2.png","width":1000,"height":253,"caption":"Cafgiustiziapenalecontemporanea"},"image":{"@id":"https:\/\/portale2.unime.it\/cafgiustiziapenalecontemporanea\/#\/schema\/logo\/image\/"}}]}},"_links":{"self":[{"href":"https:\/\/portale2.unime.it\/cafgiustiziapenalecontemporanea\/wp-json\/wp\/v2\/pages\/2296","targetHints":{"allow":["GET"]}}],"collection":[{"href":"https:\/\/portale2.unime.it\/cafgiustiziapenalecontemporanea\/wp-json\/wp\/v2\/pages"}],"about":[{"href":"https:\/\/portale2.unime.it\/cafgiustiziapenalecontemporanea\/wp-json\/wp\/v2\/types\/page"}],"author":[{"embeddable":true,"href":"https:\/\/portale2.unime.it\/cafgiustiziapenalecontemporanea\/wp-json\/wp\/v2\/users\/1"}],"replies":[{"embeddable":true,"href":"https:\/\/portale2.unime.it\/cafgiustiziapenalecontemporanea\/wp-json\/wp\/v2\/comments?post=2296"}],"version-history":[{"count":12,"href":"https:\/\/portale2.unime.it\/cafgiustiziapenalecontemporanea\/wp-json\/wp\/v2\/pages\/2296\/revisions"}],"predecessor-version":[{"id":3085,"href":"https:\/\/portale2.unime.it\/cafgiustiziapenalecontemporanea\/wp-json\/wp\/v2\/pages\/2296\/revisions\/3085"}],"wp:attachment":[{"href":"https:\/\/portale2.unime.it\/cafgiustiziapenalecontemporanea\/wp-json\/wp\/v2\/media?parent=2296"}],"curies":[{"name":"wp","href":"https:\/\/api.w.org\/{rel}","templated":true}]}}