{"id":1252,"date":"2016-02-12T08:10:47","date_gmt":"2016-02-12T08:10:47","guid":{"rendered":"http:\/\/demos.famethemes.com\/onepress-oneify\/?page_id=21"},"modified":"2016-02-12T08:10:47","modified_gmt":"2016-02-12T08:10:47","slug":"attivitaistituzionale","status":"publish","type":"page","link":"https:\/\/portale2.unime.it\/centrosidi\/attivitaistituzionale\/","title":{"rendered":"Attivit\u00e0 Istituzionale"},"content":{"rendered":"<p><img fetchpriority=\"high\" decoding=\"async\" class=\"alignnone wp-image-1546 size-full\" src=\"http:\/\/portale.unime.it\/centrosidi\/files\/2022\/04\/SIDI-2-scaled.jpg\" alt=\"\" width=\"2560\" height=\"778\" \/><\/p>\n<p>ll Centro di Simulazione e di Didattica Innovativa (Centro SIDI) dell\u2019Universit\u00e0 degli Studi di Messina \u00e8 una struttura finalizzata alla gestione di servizi e alla promozione di attivit\u00e0 di interesse generale dell&#8217;Ateneo di Messina che ha tra i suoi scopi quelli di promuovere, organizzare e coordinare le attivit\u00e0 di educazione ed alta formazione che utilizzano le tecniche e tecnologie della simulazione (Art.2 del <a style=\"font-weight: var(--fontWeightMedium)\" href=\"https:\/\/www-admin.unime.it\/sites\/default\/files\/Regolamento%20Centro%20di%20Simulazione%20e%20di%20Didattica%20Innovativa%20SIDI_0.pdf\">Regolamento<\/a>).<\/p>\n<p>&nbsp;<\/p>\n<p>Il Centro SIDI \u00e8 istituito allo scopo di svolgere attivit\u00e0 di alta formazione, ricerca e servizi in ambito sanitario, con particolare attenzione all\u2019uso della simulazione come strumento per innovare i programmi di formazione, migliorare la qualit\u00e0 della cura, ridurre il rischio clinico ed aumentare la sicurezza per i pazienti.<\/p>\n<p>&nbsp;<\/p>\n<p>Il Centro assume come elemento qualificante delle proprie attivit\u00e0 il concorso e la collaborazione delle diverse discipline rappresentate al suo interno, al fine di utilizzare al meglio il comune capitale umano e tecnologico, con riferimento alla formazione universitaria e non, attraverso l\u2019applicazione di soluzioni tecnologiche, ambientali e contenuti innovativi per la didattica nelle varie professioni sanitarie.<\/p>\n<p>&nbsp;<\/p>\n<p>Il Centro si propone lo scopo, mediante sistemi di simulazione di varia complessit\u00e0 tecnologica, di fornire competenze professionali e relazionali a:<\/p>\n<ul>\n<li>studenti dei Corsi di Laurea in Medicina e Chirurgia e in Odontoiatria, dei Corsi di Laurea delle Professioni Sanitarie e delle Scuole di Specializzazione dell\u2019Universit\u00e0 di Messina;<\/li>\n<li>laureati delle professioni sanitarie per la loro formazione permanente;<\/li>\n<li>categorie professionali che possono necessitare di acquisire particolari competenze in campo sanitario (es. addetti al primo soccorso, vigili del fuoco, personale coinvolto in attivit\u00e0 sportive);<\/li>\n<li>persone dedicate all\u2019assistenza (caregivers) di pazienti cronici che necessitano di acquisire conoscenze ed addestramento circa tecniche e tecnologie di supporto alla sopravvivenza dei loro assistiti;<\/li>\n<li>chiunque sia interessato ad acquisire nozioni di base in casi di emergenza.<\/li>\n<\/ul>\n<p>&nbsp;<\/p>\n<p>Le tecnologie a disposizione nel Centro permetteranno di simulare interventi con diversi gradi di difficolt\u00e0 attraverso la macrosimulazione, microsimulazione, simulazione relazionale, simulazione virtuale, realt\u00e0 aumentata e integrazione della simulazione con l\u2019elearning.<\/p>\n<p>&nbsp;<\/p>\n<p>Per la realizzazione delle proprie finalit\u00e0 il Centro intende:<\/p>\n<ul>\n<li>favorire l\u2019alta formazione e l\u2019aggiornamento, secondo metodologie innovative e interdisciplinari, dei professionisti presenti e futuri della salute, con eguale attenzione a tutte le discipline sanitarie dell\u2019area medica e delle professioni sanitarie;<\/li>\n<li>promuovere la ricerca teorico-pratica, con particolare attenzione ad approcci interdisciplinari alla didattica innovativa con l\u2019utilizzo della simulazione;<\/li>\n<li>sostenere la sperimentazione di strategie e tecnologie formative innovative centrate sulla simulazione al fine di migliorare la formazione e l\u2019addestramento delle discipline sanitarie e quindi la sicurezza dei pazienti;<\/li>\n<li>implementare lo sviluppo di metodologie di valutazione valide ed oggettive per migliorare la qualit\u00e0 dell\u2019apprendimento nelle varie professioni sanitarie;<\/li>\n<li>curare il supporto e la collaborazione con enti e organizzazioni istituzionalmente incaricati della tutela della salute, anche mediante la prestazione di servizi di consulenza;<\/li>\n<li>implementare la formazione degli studenti iscritti ai corsi di laurea in Medicina e Chirurgia, in Odontoiatria, delle professioni sanitarie e delle Scuole di specializzazione di ambito medico nonch\u00e9 il personale medico in formazione.<\/li>\n<li>organizzare corsi di alta formazione, master e corsi di perfezionamento sia nei settori di competenza che interdisciplinari;<\/li>\n<li>realizzare prodotti editoriali quali guide, cataloghi, libri, pubblicazioni scientifiche su riviste specializzate, atti di convegni, notiziari, periodici.<\/li>\n<\/ul>\n<p>&nbsp;<\/p>\n<div id='gallery-1' class='gallery galleryid-1252 gallery-columns-5 gallery-size-thumbnail'><figure class='gallery-item'>\n\t\t\t<div class='gallery-icon landscape'>\n\t\t\t\t<a href='https:\/\/portale2.unime.it\/centrosidi\/attivitaistituzionale\/20181206_170851\/'><img decoding=\"async\" width=\"150\" height=\"150\" src=\"https:\/\/portale2.unime.it\/centrosidi\/wp-content\/uploads\/sites\/98\/2022\/04\/20181206_170851-scaled-1-150x150.jpg\" class=\"attachment-thumbnail size-thumbnail\" alt=\"\" style=\"width:100%;height:56.25%;max-width:2560px;\" \/><\/a>\n\t\t\t<\/div><\/figure><figure class='gallery-item'>\n\t\t\t<div class='gallery-icon landscape'>\n\t\t\t\t<a href='https:\/\/portale2.unime.it\/centrosidi\/attivitaistituzionale\/20191111_151032\/'><img decoding=\"async\" width=\"150\" height=\"150\" src=\"https:\/\/portale2.unime.it\/centrosidi\/wp-content\/uploads\/sites\/98\/2022\/04\/20191111_151032-scaled-1-150x150.jpg\" class=\"attachment-thumbnail size-thumbnail\" alt=\"\" style=\"width:100%;height:75%;max-width:2560px;\" \/><\/a>\n\t\t\t<\/div><\/figure><figure class='gallery-item'>\n\t\t\t<div class='gallery-icon landscape'>\n\t\t\t\t<a href='https:\/\/portale2.unime.it\/centrosidi\/attivitaistituzionale\/a\/'><img loading=\"lazy\" decoding=\"async\" width=\"150\" height=\"150\" src=\"https:\/\/portale2.unime.it\/centrosidi\/wp-content\/uploads\/sites\/98\/2022\/04\/a-150x150.jpg\" class=\"attachment-thumbnail size-thumbnail\" alt=\"\" style=\"width:100%;height:75%;max-width:2560px;\" \/><\/a>\n\t\t\t<\/div><\/figure><figure class='gallery-item'>\n\t\t\t<div class='gallery-icon portrait'>\n\t\t\t\t<a href='https:\/\/portale2.unime.it\/centrosidi\/attivitaistituzionale\/imag0207\/'><img loading=\"lazy\" decoding=\"async\" width=\"150\" height=\"150\" src=\"https:\/\/portale2.unime.it\/centrosidi\/wp-content\/uploads\/sites\/98\/2022\/04\/IMAG0207-scaled-1-150x150.jpg\" class=\"attachment-thumbnail size-thumbnail\" alt=\"\" style=\"width:100%;height:167.21%;max-width:1531px;\" \/><\/a>\n\t\t\t<\/div><\/figure><figure class='gallery-item'>\n\t\t\t<div class='gallery-icon portrait'>\n\t\t\t\t<a href='https:\/\/portale2.unime.it\/centrosidi\/attivitaistituzionale\/img_20150928_180432\/'><img loading=\"lazy\" decoding=\"async\" width=\"150\" height=\"150\" src=\"https:\/\/portale2.unime.it\/centrosidi\/wp-content\/uploads\/sites\/98\/2022\/04\/IMG_20150928_180432-scaled-1-150x150.jpg\" class=\"attachment-thumbnail size-thumbnail\" alt=\"\" style=\"width:100%;height:133.33%;max-width:1920px;\" \/><\/a>\n\t\t\t<\/div><\/figure><figure class='gallery-item'>\n\t\t\t<div class='gallery-icon portrait'>\n\t\t\t\t<a href='https:\/\/portale2.unime.it\/centrosidi\/attivitaistituzionale\/img_20150928_181126\/'><img loading=\"lazy\" decoding=\"async\" width=\"150\" height=\"150\" src=\"https:\/\/portale2.unime.it\/centrosidi\/wp-content\/uploads\/sites\/98\/2022\/04\/IMG_20150928_181126-scaled-1-150x150.jpg\" class=\"attachment-thumbnail size-thumbnail\" alt=\"\" style=\"width:100%;height:133.33%;max-width:1920px;\" \/><\/a>\n\t\t\t<\/div><\/figure><figure class='gallery-item'>\n\t\t\t<div class='gallery-icon portrait'>\n\t\t\t\t<a href='https:\/\/portale2.unime.it\/centrosidi\/attivitaistituzionale\/img_20160427_124653\/'><img loading=\"lazy\" decoding=\"async\" width=\"150\" height=\"150\" src=\"https:\/\/portale2.unime.it\/centrosidi\/wp-content\/uploads\/sites\/98\/2022\/04\/IMG_20160427_124653-150x150.jpg\" class=\"attachment-thumbnail size-thumbnail\" alt=\"\" style=\"width:100%;height:133.33%;max-width:768px;\" \/><\/a>\n\t\t\t<\/div><\/figure><figure class='gallery-item'>\n\t\t\t<div class='gallery-icon landscape'>\n\t\t\t\t<a href='https:\/\/portale2.unime.it\/centrosidi\/attivitaistituzionale\/img_20160507_170953\/'><img loading=\"lazy\" decoding=\"async\" width=\"150\" height=\"150\" src=\"https:\/\/portale2.unime.it\/centrosidi\/wp-content\/uploads\/sites\/98\/2022\/04\/IMG_20160507_170953-scaled-1-150x150.jpg\" class=\"attachment-thumbnail size-thumbnail\" alt=\"\" style=\"width:100%;height:75%;max-width:2560px;\" \/><\/a>\n\t\t\t<\/div><\/figure><figure class='gallery-item'>\n\t\t\t<div class='gallery-icon landscape'>\n\t\t\t\t<a href='https:\/\/portale2.unime.it\/centrosidi\/attivitaistituzionale\/img_20171001_105032\/'><img loading=\"lazy\" decoding=\"async\" width=\"150\" height=\"150\" src=\"https:\/\/portale2.unime.it\/centrosidi\/wp-content\/uploads\/sites\/98\/2022\/04\/IMG_20171001_105032-scaled-1-150x150.jpg\" class=\"attachment-thumbnail size-thumbnail\" alt=\"\" style=\"width:100%;height:75%;max-width:2560px;\" \/><\/a>\n\t\t\t<\/div><\/figure><figure class='gallery-item'>\n\t\t\t<div class='gallery-icon portrait'>\n\t\t\t\t<a href='https:\/\/portale2.unime.it\/centrosidi\/attivitaistituzionale\/img_20171022_171200\/'><img loading=\"lazy\" decoding=\"async\" width=\"150\" height=\"150\" src=\"https:\/\/portale2.unime.it\/centrosidi\/wp-content\/uploads\/sites\/98\/2022\/04\/IMG_20171022_171200-150x150.jpg\" class=\"attachment-thumbnail size-thumbnail\" alt=\"\" style=\"width:100%;height:133.33%;max-width:1920px;\" \/><\/a>\n\t\t\t<\/div><\/figure><figure class='gallery-item'>\n\t\t\t<div class='gallery-icon landscape'>\n\t\t\t\t<a href='https:\/\/portale2.unime.it\/centrosidi\/attivitaistituzionale\/n\/'><img loading=\"lazy\" decoding=\"async\" width=\"150\" height=\"150\" src=\"https:\/\/portale2.unime.it\/centrosidi\/wp-content\/uploads\/sites\/98\/2022\/04\/n-scaled-1-150x150.jpg\" class=\"attachment-thumbnail size-thumbnail\" alt=\"\" style=\"width:100%;height:56.25%;max-width:2560px;\" \/><\/a>\n\t\t\t<\/div><\/figure><figure class='gallery-item'>\n\t\t\t<div class='gallery-icon landscape'>\n\t\t\t\t<a href='https:\/\/portale2.unime.it\/centrosidi\/attivitaistituzionale\/m\/'><img loading=\"lazy\" decoding=\"async\" width=\"150\" height=\"150\" src=\"https:\/\/portale2.unime.it\/centrosidi\/wp-content\/uploads\/sites\/98\/2022\/04\/m-scaled-1-150x150.jpg\" class=\"attachment-thumbnail size-thumbnail\" alt=\"\" style=\"width:100%;height:56.25%;max-width:2560px;\" \/><\/a>\n\t\t\t<\/div><\/figure><figure class='gallery-item'>\n\t\t\t<div class='gallery-icon landscape'>\n\t\t\t\t<a href='https:\/\/portale2.unime.it\/centrosidi\/20211006_163356-1-jpg1_-1\/'><img loading=\"lazy\" decoding=\"async\" width=\"150\" height=\"150\" src=\"https:\/\/portale2.unime.it\/centrosidi\/wp-content\/uploads\/sites\/98\/2022\/04\/20211006_163356-1.jpg1_-1-scaled-1-150x150.jpg\" class=\"attachment-thumbnail size-thumbnail\" alt=\"\" style=\"width:100%;height:56.25%;max-width:2560px;\" \/><\/a>\n\t\t\t<\/div><\/figure><figure class='gallery-item'>\n\t\t\t<div class='gallery-icon landscape'>\n\t\t\t\t<a href='https:\/\/portale2.unime.it\/centrosidi\/20211117_175915\/'><img loading=\"lazy\" decoding=\"async\" width=\"150\" height=\"150\" src=\"https:\/\/portale2.unime.it\/centrosidi\/wp-content\/uploads\/sites\/98\/2022\/04\/20211117_175915-scaled-1-150x150.jpg\" class=\"attachment-thumbnail size-thumbnail\" alt=\"\" style=\"width:100%;height:63.09%;max-width:2560px;\" \/><\/a>\n\t\t\t<\/div><\/figure><figure class='gallery-item'>\n\t\t\t<div class='gallery-icon portrait'>\n\t\t\t\t<a href='https:\/\/portale2.unime.it\/centrosidi\/attivitaistituzionale\/20200219_112335\/'><img loading=\"lazy\" decoding=\"async\" width=\"150\" height=\"150\" src=\"https:\/\/portale2.unime.it\/centrosidi\/wp-content\/uploads\/sites\/98\/2022\/04\/20200219_112335-scaled-1-150x150.jpg\" class=\"attachment-thumbnail size-thumbnail\" alt=\"\" style=\"width:100%;height:133.33%;max-width:1920px;\" \/><\/a>\n\t\t\t<\/div><\/figure>\n\t\t<\/div>\n\n","protected":false},"excerpt":{"rendered":"<p>Nullam ut tempor eros. Donec faucibus, velit et imperdiet aliquam, lacus velit luctus urna, vitae porttitor orci libero id felis.<\/p>\n","protected":false},"author":1,"featured_media":19,"parent":0,"menu_order":0,"comment_status":"closed","ping_status":"closed","template":"","meta":{"footnotes":""},"class_list":["post-1252","page","type-page","status-publish","has-post-thumbnail","hentry","entry"],"yoast_head":"<!-- This site is optimized with the Yoast SEO plugin v27.4 - https:\/\/yoast.com\/product\/yoast-seo-wordpress\/ -->\n<title>Attivit\u00e0 Istituzionale - Centro SIDI<\/title>\n<meta name=\"robots\" content=\"index, follow, max-snippet:-1, max-image-preview:large, max-video-preview:-1\" \/>\n<link rel=\"canonical\" href=\"https:\/\/portale2.unime.it\/centrosidi\/attivitaistituzionale\/\" \/>\n<meta property=\"og:locale\" content=\"it_IT\" \/>\n<meta property=\"og:type\" content=\"article\" \/>\n<meta property=\"og:title\" content=\"Attivit\u00e0 Istituzionale - Centro SIDI\" \/>\n<meta property=\"og:description\" content=\"Nullam ut tempor eros. Donec faucibus, velit et imperdiet aliquam, lacus velit luctus urna, vitae porttitor orci libero id felis.\" \/>\n<meta property=\"og:url\" content=\"https:\/\/portale2.unime.it\/centrosidi\/attivitaistituzionale\/\" \/>\n<meta property=\"og:site_name\" content=\"Centro SIDI\" \/>\n<meta property=\"og:image\" content=\"https:\/\/portale2.unime.it\/centrosidi\/wp-content\/uploads\/sites\/98\/2022\/04\/20181206_170851-scaled-1-150x150.jpg\" \/>\n<meta name=\"twitter:card\" content=\"summary_large_image\" \/>\n<meta name=\"twitter:label1\" content=\"Tempo di lettura stimato\" \/>\n\t<meta name=\"twitter:data1\" content=\"3 minuti\" \/>\n<script type=\"application\/ld+json\" class=\"yoast-schema-graph\">{\"@context\":\"https:\\\/\\\/schema.org\",\"@graph\":[{\"@type\":\"WebPage\",\"@id\":\"https:\\\/\\\/portale2.unime.it\\\/centrosidi\\\/attivitaistituzionale\\\/\",\"url\":\"https:\\\/\\\/portale2.unime.it\\\/centrosidi\\\/attivitaistituzionale\\\/\",\"name\":\"Attivit\u00e0 Istituzionale - Centro SIDI\",\"isPartOf\":{\"@id\":\"https:\\\/\\\/portale2.unime.it\\\/centrosidi\\\/#website\"},\"primaryImageOfPage\":{\"@id\":\"https:\\\/\\\/portale2.unime.it\\\/centrosidi\\\/attivitaistituzionale\\\/#primaryimage\"},\"image\":{\"@id\":\"https:\\\/\\\/portale2.unime.it\\\/centrosidi\\\/attivitaistituzionale\\\/#primaryimage\"},\"thumbnailUrl\":\"https:\\\/\\\/portale2.unime.it\\\/centrosidi\\\/wp-content\\\/uploads\\\/sites\\\/98\\\/2022\\\/04\\\/20211013_152357-rotated-1.jpg\",\"datePublished\":\"2016-02-12T08:10:47+00:00\",\"breadcrumb\":{\"@id\":\"https:\\\/\\\/portale2.unime.it\\\/centrosidi\\\/attivitaistituzionale\\\/#breadcrumb\"},\"inLanguage\":\"it-IT\",\"potentialAction\":[{\"@type\":\"ReadAction\",\"target\":[\"https:\\\/\\\/portale2.unime.it\\\/centrosidi\\\/attivitaistituzionale\\\/\"]}]},{\"@type\":\"ImageObject\",\"inLanguage\":\"it-IT\",\"@id\":\"https:\\\/\\\/portale2.unime.it\\\/centrosidi\\\/attivitaistituzionale\\\/#primaryimage\",\"url\":\"https:\\\/\\\/portale2.unime.it\\\/centrosidi\\\/wp-content\\\/uploads\\\/sites\\\/98\\\/2022\\\/04\\\/20211013_152357-rotated-1.jpg\",\"contentUrl\":\"https:\\\/\\\/portale2.unime.it\\\/centrosidi\\\/wp-content\\\/uploads\\\/sites\\\/98\\\/2022\\\/04\\\/20211013_152357-rotated-1.jpg\",\"width\":1920,\"height\":1840},{\"@type\":\"BreadcrumbList\",\"@id\":\"https:\\\/\\\/portale2.unime.it\\\/centrosidi\\\/attivitaistituzionale\\\/#breadcrumb\",\"itemListElement\":[{\"@type\":\"ListItem\",\"position\":1,\"name\":\"Home\",\"item\":\"https:\\\/\\\/portale2.unime.it\\\/centrosidi\\\/\"},{\"@type\":\"ListItem\",\"position\":2,\"name\":\"Attivit\u00e0 Istituzionale\"}]},{\"@type\":\"WebSite\",\"@id\":\"https:\\\/\\\/portale2.unime.it\\\/centrosidi\\\/#website\",\"url\":\"https:\\\/\\\/portale2.unime.it\\\/centrosidi\\\/\",\"name\":\"Centro SIDI\",\"description\":\"\",\"publisher\":{\"@id\":\"https:\\\/\\\/portale2.unime.it\\\/centrosidi\\\/#organization\"},\"potentialAction\":[{\"@type\":\"SearchAction\",\"target\":{\"@type\":\"EntryPoint\",\"urlTemplate\":\"https:\\\/\\\/portale2.unime.it\\\/centrosidi\\\/?s={search_term_string}\"},\"query-input\":{\"@type\":\"PropertyValueSpecification\",\"valueRequired\":true,\"valueName\":\"search_term_string\"}}],\"inLanguage\":\"it-IT\"},{\"@type\":\"Organization\",\"@id\":\"https:\\\/\\\/portale2.unime.it\\\/centrosidi\\\/#organization\",\"name\":\"Centro SIDI\",\"url\":\"https:\\\/\\\/portale2.unime.it\\\/centrosidi\\\/\",\"logo\":{\"@type\":\"ImageObject\",\"inLanguage\":\"it-IT\",\"@id\":\"https:\\\/\\\/portale2.unime.it\\\/centrosidi\\\/#\\\/schema\\\/logo\\\/image\\\/\",\"url\":\"https:\\\/\\\/portale2.unime.it\\\/centrosidi\\\/wp-content\\\/uploads\\\/sites\\\/98\\\/2025\\\/11\\\/cropped-Logo-WEB-UnimeSidiIntestazione-2.jpg\",\"contentUrl\":\"https:\\\/\\\/portale2.unime.it\\\/centrosidi\\\/wp-content\\\/uploads\\\/sites\\\/98\\\/2025\\\/11\\\/cropped-Logo-WEB-UnimeSidiIntestazione-2.jpg\",\"width\":2079,\"height\":339,\"caption\":\"Centro SIDI\"},\"image\":{\"@id\":\"https:\\\/\\\/portale2.unime.it\\\/centrosidi\\\/#\\\/schema\\\/logo\\\/image\\\/\"}}]}<\/script>\n<!-- \/ Yoast SEO plugin. -->","yoast_head_json":{"title":"Attivit\u00e0 Istituzionale - Centro SIDI","robots":{"index":"index","follow":"follow","max-snippet":"max-snippet:-1","max-image-preview":"max-image-preview:large","max-video-preview":"max-video-preview:-1"},"canonical":"https:\/\/portale2.unime.it\/centrosidi\/attivitaistituzionale\/","og_locale":"it_IT","og_type":"article","og_title":"Attivit\u00e0 Istituzionale - Centro SIDI","og_description":"Nullam ut tempor eros. Donec faucibus, velit et imperdiet aliquam, lacus velit luctus urna, vitae porttitor orci libero id felis.","og_url":"https:\/\/portale2.unime.it\/centrosidi\/attivitaistituzionale\/","og_site_name":"Centro SIDI","og_image":[{"url":"https:\/\/portale2.unime.it\/centrosidi\/wp-content\/uploads\/sites\/98\/2022\/04\/20181206_170851-scaled-1-150x150.jpg","type":"","width":"","height":""}],"twitter_card":"summary_large_image","twitter_misc":{"Tempo di lettura stimato":"3 minuti"},"schema":{"@context":"https:\/\/schema.org","@graph":[{"@type":"WebPage","@id":"https:\/\/portale2.unime.it\/centrosidi\/attivitaistituzionale\/","url":"https:\/\/portale2.unime.it\/centrosidi\/attivitaistituzionale\/","name":"Attivit\u00e0 Istituzionale - Centro SIDI","isPartOf":{"@id":"https:\/\/portale2.unime.it\/centrosidi\/#website"},"primaryImageOfPage":{"@id":"https:\/\/portale2.unime.it\/centrosidi\/attivitaistituzionale\/#primaryimage"},"image":{"@id":"https:\/\/portale2.unime.it\/centrosidi\/attivitaistituzionale\/#primaryimage"},"thumbnailUrl":"https:\/\/portale2.unime.it\/centrosidi\/wp-content\/uploads\/sites\/98\/2022\/04\/20211013_152357-rotated-1.jpg","datePublished":"2016-02-12T08:10:47+00:00","breadcrumb":{"@id":"https:\/\/portale2.unime.it\/centrosidi\/attivitaistituzionale\/#breadcrumb"},"inLanguage":"it-IT","potentialAction":[{"@type":"ReadAction","target":["https:\/\/portale2.unime.it\/centrosidi\/attivitaistituzionale\/"]}]},{"@type":"ImageObject","inLanguage":"it-IT","@id":"https:\/\/portale2.unime.it\/centrosidi\/attivitaistituzionale\/#primaryimage","url":"https:\/\/portale2.unime.it\/centrosidi\/wp-content\/uploads\/sites\/98\/2022\/04\/20211013_152357-rotated-1.jpg","contentUrl":"https:\/\/portale2.unime.it\/centrosidi\/wp-content\/uploads\/sites\/98\/2022\/04\/20211013_152357-rotated-1.jpg","width":1920,"height":1840},{"@type":"BreadcrumbList","@id":"https:\/\/portale2.unime.it\/centrosidi\/attivitaistituzionale\/#breadcrumb","itemListElement":[{"@type":"ListItem","position":1,"name":"Home","item":"https:\/\/portale2.unime.it\/centrosidi\/"},{"@type":"ListItem","position":2,"name":"Attivit\u00e0 Istituzionale"}]},{"@type":"WebSite","@id":"https:\/\/portale2.unime.it\/centrosidi\/#website","url":"https:\/\/portale2.unime.it\/centrosidi\/","name":"Centro SIDI","description":"","publisher":{"@id":"https:\/\/portale2.unime.it\/centrosidi\/#organization"},"potentialAction":[{"@type":"SearchAction","target":{"@type":"EntryPoint","urlTemplate":"https:\/\/portale2.unime.it\/centrosidi\/?s={search_term_string}"},"query-input":{"@type":"PropertyValueSpecification","valueRequired":true,"valueName":"search_term_string"}}],"inLanguage":"it-IT"},{"@type":"Organization","@id":"https:\/\/portale2.unime.it\/centrosidi\/#organization","name":"Centro SIDI","url":"https:\/\/portale2.unime.it\/centrosidi\/","logo":{"@type":"ImageObject","inLanguage":"it-IT","@id":"https:\/\/portale2.unime.it\/centrosidi\/#\/schema\/logo\/image\/","url":"https:\/\/portale2.unime.it\/centrosidi\/wp-content\/uploads\/sites\/98\/2025\/11\/cropped-Logo-WEB-UnimeSidiIntestazione-2.jpg","contentUrl":"https:\/\/portale2.unime.it\/centrosidi\/wp-content\/uploads\/sites\/98\/2025\/11\/cropped-Logo-WEB-UnimeSidiIntestazione-2.jpg","width":2079,"height":339,"caption":"Centro SIDI"},"image":{"@id":"https:\/\/portale2.unime.it\/centrosidi\/#\/schema\/logo\/image\/"}}]}},"_links":{"self":[{"href":"https:\/\/portale2.unime.it\/centrosidi\/wp-json\/wp\/v2\/pages\/1252","targetHints":{"allow":["GET"]}}],"collection":[{"href":"https:\/\/portale2.unime.it\/centrosidi\/wp-json\/wp\/v2\/pages"}],"about":[{"href":"https:\/\/portale2.unime.it\/centrosidi\/wp-json\/wp\/v2\/types\/page"}],"author":[{"embeddable":true,"href":"https:\/\/portale2.unime.it\/centrosidi\/wp-json\/wp\/v2\/users\/1"}],"replies":[{"embeddable":true,"href":"https:\/\/portale2.unime.it\/centrosidi\/wp-json\/wp\/v2\/comments?post=1252"}],"version-history":[{"count":0,"href":"https:\/\/portale2.unime.it\/centrosidi\/wp-json\/wp\/v2\/pages\/1252\/revisions"}],"wp:featuredmedia":[{"embeddable":true,"href":"https:\/\/portale2.unime.it\/centrosidi\/wp-json\/wp\/v2\/media\/19"}],"wp:attachment":[{"href":"https:\/\/portale2.unime.it\/centrosidi\/wp-json\/wp\/v2\/media?parent=1252"}],"curies":[{"name":"wp","href":"https:\/\/api.w.org\/{rel}","templated":true}]}}