{"id":130,"date":"2015-05-15T09:42:54","date_gmt":"2015-05-15T09:42:54","guid":{"rendered":"https:\/\/cirp.unipv.it\/?page_id=130"},"modified":"2024-04-29T09:23:56","modified_gmt":"2024-04-29T07:23:56","slug":"convegno-milano-1980","status":"publish","type":"page","link":"https:\/\/portale2.unime.it\/cirp\/convegni\/convegno-milano-1980\/","title":{"rendered":"1980 Convegno Milano"},"content":{"rendered":"<p><strong>1980 \u2013 MILANO (II) \u201cCicloaddizioni e reazioni collegate\u201d<\/strong><br \/>\nMilano, 29-30 Ottobre 1980<\/p>\n<p>Chairman: Raffaello Fusco<\/p>\n<p>Ospiti: Rolf Huisgen (Universit\u00e4t M\u00fcnchen, Germania), Armin De Meij\u00e8re (Universit\u00e4t Hamburg, Germania)<\/p>\n","protected":false},"excerpt":{"rendered":"<p>1980 \u2013 MILANO (II) \u201cCicloaddizioni e reazioni collegate\u201d Milano, 29-30 Ottobre 1980 Chairman: Raffaello Fusco Ospiti: Rolf Huisgen (Universit\u00e4t M\u00fcnchen, Germania), Armin De Meij\u00e8re (Universit\u00e4t Hamburg, Germania)<\/p>\n","protected":false},"author":1,"featured_media":0,"parent":101,"menu_order":0,"comment_status":"open","ping_status":"closed","template":"","meta":{"footnotes":""},"class_list":["post-130","page","type-page","status-publish","hentry","entry"],"yoast_head":"<!-- This site is optimized with the Yoast SEO plugin v27.4 - https:\/\/yoast.com\/product\/yoast-seo-wordpress\/ -->\n<title>1980 Convegno Milano - CIRP<\/title>\n<meta name=\"robots\" content=\"index, follow, max-snippet:-1, max-image-preview:large, max-video-preview:-1\" \/>\n<link rel=\"canonical\" href=\"https:\/\/portale2.unime.it\/cirp\/convegni\/convegno-milano-1980\/\" \/>\n<meta property=\"og:locale\" content=\"it_IT\" \/>\n<meta property=\"og:type\" content=\"article\" \/>\n<meta property=\"og:title\" content=\"1980 Convegno Milano - CIRP\" \/>\n<meta property=\"og:description\" content=\"1980 \u2013 MILANO (II) \u201cCicloaddizioni e reazioni collegate\u201d Milano, 29-30 Ottobre 1980 Chairman: Raffaello Fusco Ospiti: Rolf Huisgen (Universit\u00e4t M\u00fcnchen, Germania), Armin De Meij\u00e8re (Universit\u00e4t Hamburg, Germania)\" \/>\n<meta property=\"og:url\" content=\"https:\/\/portale2.unime.it\/cirp\/convegni\/convegno-milano-1980\/\" \/>\n<meta property=\"og:site_name\" content=\"CIRP\" \/>\n<meta property=\"article:modified_time\" content=\"2024-04-29T07:23:56+00:00\" \/>\n<meta name=\"twitter:card\" content=\"summary_large_image\" \/>\n<script type=\"application\/ld+json\" class=\"yoast-schema-graph\">{\"@context\":\"https:\\\/\\\/schema.org\",\"@graph\":[{\"@type\":\"WebPage\",\"@id\":\"https:\\\/\\\/portale2.unime.it\\\/cirp\\\/convegni\\\/convegno-milano-1980\\\/\",\"url\":\"https:\\\/\\\/portale2.unime.it\\\/cirp\\\/convegni\\\/convegno-milano-1980\\\/\",\"name\":\"1980 Convegno Milano - CIRP\",\"isPartOf\":{\"@id\":\"https:\\\/\\\/portale2.unime.it\\\/cirp\\\/#website\"},\"datePublished\":\"2015-05-15T09:42:54+00:00\",\"dateModified\":\"2024-04-29T07:23:56+00:00\",\"breadcrumb\":{\"@id\":\"https:\\\/\\\/portale2.unime.it\\\/cirp\\\/convegni\\\/convegno-milano-1980\\\/#breadcrumb\"},\"inLanguage\":\"it-IT\",\"potentialAction\":[{\"@type\":\"ReadAction\",\"target\":[\"https:\\\/\\\/portale2.unime.it\\\/cirp\\\/convegni\\\/convegno-milano-1980\\\/\"]}]},{\"@type\":\"BreadcrumbList\",\"@id\":\"https:\\\/\\\/portale2.unime.it\\\/cirp\\\/convegni\\\/convegno-milano-1980\\\/#breadcrumb\",\"itemListElement\":[{\"@type\":\"ListItem\",\"position\":1,\"name\":\"Home\",\"item\":\"https:\\\/\\\/portale2.unime.it\\\/cirp\\\/\"},{\"@type\":\"ListItem\",\"position\":2,\"name\":\"Convegni\",\"item\":\"https:\\\/\\\/portale2.unime.it\\\/cirp\\\/convegni\\\/\"},{\"@type\":\"ListItem\",\"position\":3,\"name\":\"1980 Convegno Milano\"}]},{\"@type\":\"WebSite\",\"@id\":\"https:\\\/\\\/portale2.unime.it\\\/cirp\\\/#website\",\"url\":\"https:\\\/\\\/portale2.unime.it\\\/cirp\\\/\",\"name\":\"CIRP\",\"description\":\"\",\"publisher\":{\"@id\":\"https:\\\/\\\/portale2.unime.it\\\/cirp\\\/#organization\"},\"potentialAction\":[{\"@type\":\"SearchAction\",\"target\":{\"@type\":\"EntryPoint\",\"urlTemplate\":\"https:\\\/\\\/portale2.unime.it\\\/cirp\\\/?s={search_term_string}\"},\"query-input\":{\"@type\":\"PropertyValueSpecification\",\"valueRequired\":true,\"valueName\":\"search_term_string\"}}],\"inLanguage\":\"it-IT\"},{\"@type\":\"Organization\",\"@id\":\"https:\\\/\\\/portale2.unime.it\\\/cirp\\\/#organization\",\"name\":\"CIRP\",\"url\":\"https:\\\/\\\/portale2.unime.it\\\/cirp\\\/\",\"logo\":{\"@type\":\"ImageObject\",\"inLanguage\":\"it-IT\",\"@id\":\"https:\\\/\\\/portale2.unime.it\\\/cirp\\\/#\\\/schema\\\/logo\\\/image\\\/\",\"url\":\"https:\\\/\\\/portale2.unime.it\\\/cirp\\\/wp-content\\\/uploads\\\/sites\\\/41\\\/2015\\\/05\\\/logo_sfondo_blu-e1671459127633.jpg\",\"contentUrl\":\"https:\\\/\\\/portale2.unime.it\\\/cirp\\\/wp-content\\\/uploads\\\/sites\\\/41\\\/2015\\\/05\\\/logo_sfondo_blu-e1671459127633.jpg\",\"width\":512,\"height\":263,\"caption\":\"CIRP\"},\"image\":{\"@id\":\"https:\\\/\\\/portale2.unime.it\\\/cirp\\\/#\\\/schema\\\/logo\\\/image\\\/\"}}]}<\/script>\n<!-- \/ Yoast SEO plugin. -->","yoast_head_json":{"title":"1980 Convegno Milano - CIRP","robots":{"index":"index","follow":"follow","max-snippet":"max-snippet:-1","max-image-preview":"max-image-preview:large","max-video-preview":"max-video-preview:-1"},"canonical":"https:\/\/portale2.unime.it\/cirp\/convegni\/convegno-milano-1980\/","og_locale":"it_IT","og_type":"article","og_title":"1980 Convegno Milano - CIRP","og_description":"1980 \u2013 MILANO (II) \u201cCicloaddizioni e reazioni collegate\u201d Milano, 29-30 Ottobre 1980 Chairman: Raffaello Fusco Ospiti: Rolf Huisgen (Universit\u00e4t M\u00fcnchen, Germania), Armin De Meij\u00e8re (Universit\u00e4t Hamburg, Germania)","og_url":"https:\/\/portale2.unime.it\/cirp\/convegni\/convegno-milano-1980\/","og_site_name":"CIRP","article_modified_time":"2024-04-29T07:23:56+00:00","twitter_card":"summary_large_image","schema":{"@context":"https:\/\/schema.org","@graph":[{"@type":"WebPage","@id":"https:\/\/portale2.unime.it\/cirp\/convegni\/convegno-milano-1980\/","url":"https:\/\/portale2.unime.it\/cirp\/convegni\/convegno-milano-1980\/","name":"1980 Convegno Milano - CIRP","isPartOf":{"@id":"https:\/\/portale2.unime.it\/cirp\/#website"},"datePublished":"2015-05-15T09:42:54+00:00","dateModified":"2024-04-29T07:23:56+00:00","breadcrumb":{"@id":"https:\/\/portale2.unime.it\/cirp\/convegni\/convegno-milano-1980\/#breadcrumb"},"inLanguage":"it-IT","potentialAction":[{"@type":"ReadAction","target":["https:\/\/portale2.unime.it\/cirp\/convegni\/convegno-milano-1980\/"]}]},{"@type":"BreadcrumbList","@id":"https:\/\/portale2.unime.it\/cirp\/convegni\/convegno-milano-1980\/#breadcrumb","itemListElement":[{"@type":"ListItem","position":1,"name":"Home","item":"https:\/\/portale2.unime.it\/cirp\/"},{"@type":"ListItem","position":2,"name":"Convegni","item":"https:\/\/portale2.unime.it\/cirp\/convegni\/"},{"@type":"ListItem","position":3,"name":"1980 Convegno Milano"}]},{"@type":"WebSite","@id":"https:\/\/portale2.unime.it\/cirp\/#website","url":"https:\/\/portale2.unime.it\/cirp\/","name":"CIRP","description":"","publisher":{"@id":"https:\/\/portale2.unime.it\/cirp\/#organization"},"potentialAction":[{"@type":"SearchAction","target":{"@type":"EntryPoint","urlTemplate":"https:\/\/portale2.unime.it\/cirp\/?s={search_term_string}"},"query-input":{"@type":"PropertyValueSpecification","valueRequired":true,"valueName":"search_term_string"}}],"inLanguage":"it-IT"},{"@type":"Organization","@id":"https:\/\/portale2.unime.it\/cirp\/#organization","name":"CIRP","url":"https:\/\/portale2.unime.it\/cirp\/","logo":{"@type":"ImageObject","inLanguage":"it-IT","@id":"https:\/\/portale2.unime.it\/cirp\/#\/schema\/logo\/image\/","url":"https:\/\/portale2.unime.it\/cirp\/wp-content\/uploads\/sites\/41\/2015\/05\/logo_sfondo_blu-e1671459127633.jpg","contentUrl":"https:\/\/portale2.unime.it\/cirp\/wp-content\/uploads\/sites\/41\/2015\/05\/logo_sfondo_blu-e1671459127633.jpg","width":512,"height":263,"caption":"CIRP"},"image":{"@id":"https:\/\/portale2.unime.it\/cirp\/#\/schema\/logo\/image\/"}}]}},"_links":{"self":[{"href":"https:\/\/portale2.unime.it\/cirp\/wp-json\/wp\/v2\/pages\/130","targetHints":{"allow":["GET"]}}],"collection":[{"href":"https:\/\/portale2.unime.it\/cirp\/wp-json\/wp\/v2\/pages"}],"about":[{"href":"https:\/\/portale2.unime.it\/cirp\/wp-json\/wp\/v2\/types\/page"}],"author":[{"embeddable":true,"href":"https:\/\/portale2.unime.it\/cirp\/wp-json\/wp\/v2\/users\/1"}],"replies":[{"embeddable":true,"href":"https:\/\/portale2.unime.it\/cirp\/wp-json\/wp\/v2\/comments?post=130"}],"version-history":[{"count":1,"href":"https:\/\/portale2.unime.it\/cirp\/wp-json\/wp\/v2\/pages\/130\/revisions"}],"predecessor-version":[{"id":735,"href":"https:\/\/portale2.unime.it\/cirp\/wp-json\/wp\/v2\/pages\/130\/revisions\/735"}],"up":[{"embeddable":true,"href":"https:\/\/portale2.unime.it\/cirp\/wp-json\/wp\/v2\/pages\/101"}],"wp:attachment":[{"href":"https:\/\/portale2.unime.it\/cirp\/wp-json\/wp\/v2\/media?parent=130"}],"curies":[{"name":"wp","href":"https:\/\/api.w.org\/{rel}","templated":true}]}}