{"id":133,"date":"2015-05-15T09:56:02","date_gmt":"2015-05-15T09:56:02","guid":{"rendered":"https:\/\/cirp.unipv.it\/?page_id=133"},"modified":"2024-04-29T09:23:06","modified_gmt":"2024-04-29T07:23:06","slug":"convegno-ferrara-1982","status":"publish","type":"page","link":"https:\/\/portale2.unime.it\/cirp\/convegni\/convegno-ferrara-1982\/","title":{"rendered":"1982 Convegno Ferrara"},"content":{"rendered":"<p><strong>1982 \u2013 FERRARA \u201cEUCHEM Conference on Pericyclic Reactions\u201d<\/strong><br \/>\n<strong>1982 \u2013 FERRARA \u201cEUCHEM Conference on Pericyclic Reactions\u201d<\/strong>Ferrara, 27-30 Settembre 1982<\/p>\n<p>Chairman: Alessandro Dondoni<\/p>\n<p>Ospiti: J\u00fcrgen Sauer (Universit\u00e4t Regensburg, Germania), Thomas L. Gilchrist (University of Liverpool, U.K.), L\u00e9on Ghosez (Universit\u00e9 catholique de Louvain, Belgio), Josselin Chuche (Universit\u00e9 de Reims, Francia), W. D. Ollis (University of Sheffield, U.K.), Joseph J. Tufariello (State University of New York, USA), K. N. Houk (University of Pittsburgh, USA)<\/p>\n","protected":false},"excerpt":{"rendered":"<p>1982 \u2013 FERRARA \u201cEUCHEM Conference on Pericyclic Reactions\u201d 1982 \u2013 FERRARA \u201cEUCHEM Conference on Pericyclic Reactions\u201dFerrara, 27-30 Settembre 1982 Chairman: Alessandro Dondoni Ospiti: J\u00fcrgen Sauer (Universit\u00e4t Regensburg, Germania), Thomas L. Gilchrist (University of Liverpool, U.K.), L\u00e9on Ghosez (Universit\u00e9 catholique de Louvain, Belgio), Josselin Chuche (Universit\u00e9 de Reims, Francia), W. D. Ollis (University of Sheffield, U.K.),&hellip; <a class=\"more-link\" href=\"https:\/\/portale2.unime.it\/cirp\/convegni\/convegno-ferrara-1982\/\">Continua a leggere <span class=\"screen-reader-text\">1982 Convegno Ferrara<\/span><\/a><\/p>\n","protected":false},"author":1,"featured_media":0,"parent":101,"menu_order":0,"comment_status":"open","ping_status":"closed","template":"","meta":{"footnotes":""},"class_list":["post-133","page","type-page","status-publish","hentry","entry"],"yoast_head":"<!-- This site is optimized with the Yoast SEO plugin v27.4 - https:\/\/yoast.com\/product\/yoast-seo-wordpress\/ -->\n<title>1982 Convegno Ferrara - CIRP<\/title>\n<meta name=\"robots\" content=\"index, follow, max-snippet:-1, max-image-preview:large, max-video-preview:-1\" \/>\n<link rel=\"canonical\" href=\"https:\/\/portale2.unime.it\/cirp\/convegni\/convegno-ferrara-1982\/\" \/>\n<meta property=\"og:locale\" content=\"it_IT\" \/>\n<meta property=\"og:type\" content=\"article\" \/>\n<meta property=\"og:title\" content=\"1982 Convegno Ferrara - CIRP\" \/>\n<meta property=\"og:description\" content=\"1982 \u2013 FERRARA \u201cEUCHEM Conference on Pericyclic Reactions\u201d 1982 \u2013 FERRARA \u201cEUCHEM Conference on Pericyclic Reactions\u201dFerrara, 27-30 Settembre 1982 Chairman: Alessandro Dondoni Ospiti: J\u00fcrgen Sauer (Universit\u00e4t Regensburg, Germania), Thomas L. Gilchrist (University of Liverpool, U.K.), L\u00e9on Ghosez (Universit\u00e9 catholique de Louvain, Belgio), Josselin Chuche (Universit\u00e9 de Reims, Francia), W. D. Ollis (University of Sheffield, U.K.),&hellip; Continua a leggere 1982 Convegno Ferrara\" \/>\n<meta property=\"og:url\" content=\"https:\/\/portale2.unime.it\/cirp\/convegni\/convegno-ferrara-1982\/\" \/>\n<meta property=\"og:site_name\" content=\"CIRP\" \/>\n<meta property=\"article:modified_time\" content=\"2024-04-29T07:23:06+00:00\" \/>\n<meta name=\"twitter:card\" content=\"summary_large_image\" \/>\n<script type=\"application\/ld+json\" class=\"yoast-schema-graph\">{\"@context\":\"https:\\\/\\\/schema.org\",\"@graph\":[{\"@type\":\"WebPage\",\"@id\":\"https:\\\/\\\/portale2.unime.it\\\/cirp\\\/convegni\\\/convegno-ferrara-1982\\\/\",\"url\":\"https:\\\/\\\/portale2.unime.it\\\/cirp\\\/convegni\\\/convegno-ferrara-1982\\\/\",\"name\":\"1982 Convegno Ferrara - CIRP\",\"isPartOf\":{\"@id\":\"https:\\\/\\\/portale2.unime.it\\\/cirp\\\/#website\"},\"datePublished\":\"2015-05-15T09:56:02+00:00\",\"dateModified\":\"2024-04-29T07:23:06+00:00\",\"breadcrumb\":{\"@id\":\"https:\\\/\\\/portale2.unime.it\\\/cirp\\\/convegni\\\/convegno-ferrara-1982\\\/#breadcrumb\"},\"inLanguage\":\"it-IT\",\"potentialAction\":[{\"@type\":\"ReadAction\",\"target\":[\"https:\\\/\\\/portale2.unime.it\\\/cirp\\\/convegni\\\/convegno-ferrara-1982\\\/\"]}]},{\"@type\":\"BreadcrumbList\",\"@id\":\"https:\\\/\\\/portale2.unime.it\\\/cirp\\\/convegni\\\/convegno-ferrara-1982\\\/#breadcrumb\",\"itemListElement\":[{\"@type\":\"ListItem\",\"position\":1,\"name\":\"Home\",\"item\":\"https:\\\/\\\/portale2.unime.it\\\/cirp\\\/\"},{\"@type\":\"ListItem\",\"position\":2,\"name\":\"Convegni\",\"item\":\"https:\\\/\\\/portale2.unime.it\\\/cirp\\\/convegni\\\/\"},{\"@type\":\"ListItem\",\"position\":3,\"name\":\"1982 Convegno Ferrara\"}]},{\"@type\":\"WebSite\",\"@id\":\"https:\\\/\\\/portale2.unime.it\\\/cirp\\\/#website\",\"url\":\"https:\\\/\\\/portale2.unime.it\\\/cirp\\\/\",\"name\":\"CIRP\",\"description\":\"\",\"publisher\":{\"@id\":\"https:\\\/\\\/portale2.unime.it\\\/cirp\\\/#organization\"},\"potentialAction\":[{\"@type\":\"SearchAction\",\"target\":{\"@type\":\"EntryPoint\",\"urlTemplate\":\"https:\\\/\\\/portale2.unime.it\\\/cirp\\\/?s={search_term_string}\"},\"query-input\":{\"@type\":\"PropertyValueSpecification\",\"valueRequired\":true,\"valueName\":\"search_term_string\"}}],\"inLanguage\":\"it-IT\"},{\"@type\":\"Organization\",\"@id\":\"https:\\\/\\\/portale2.unime.it\\\/cirp\\\/#organization\",\"name\":\"CIRP\",\"url\":\"https:\\\/\\\/portale2.unime.it\\\/cirp\\\/\",\"logo\":{\"@type\":\"ImageObject\",\"inLanguage\":\"it-IT\",\"@id\":\"https:\\\/\\\/portale2.unime.it\\\/cirp\\\/#\\\/schema\\\/logo\\\/image\\\/\",\"url\":\"https:\\\/\\\/portale2.unime.it\\\/cirp\\\/wp-content\\\/uploads\\\/sites\\\/41\\\/2015\\\/05\\\/logo_sfondo_blu-e1671459127633.jpg\",\"contentUrl\":\"https:\\\/\\\/portale2.unime.it\\\/cirp\\\/wp-content\\\/uploads\\\/sites\\\/41\\\/2015\\\/05\\\/logo_sfondo_blu-e1671459127633.jpg\",\"width\":512,\"height\":263,\"caption\":\"CIRP\"},\"image\":{\"@id\":\"https:\\\/\\\/portale2.unime.it\\\/cirp\\\/#\\\/schema\\\/logo\\\/image\\\/\"}}]}<\/script>\n<!-- \/ Yoast SEO plugin. -->","yoast_head_json":{"title":"1982 Convegno Ferrara - CIRP","robots":{"index":"index","follow":"follow","max-snippet":"max-snippet:-1","max-image-preview":"max-image-preview:large","max-video-preview":"max-video-preview:-1"},"canonical":"https:\/\/portale2.unime.it\/cirp\/convegni\/convegno-ferrara-1982\/","og_locale":"it_IT","og_type":"article","og_title":"1982 Convegno Ferrara - CIRP","og_description":"1982 \u2013 FERRARA \u201cEUCHEM Conference on Pericyclic Reactions\u201d 1982 \u2013 FERRARA \u201cEUCHEM Conference on Pericyclic Reactions\u201dFerrara, 27-30 Settembre 1982 Chairman: Alessandro Dondoni Ospiti: J\u00fcrgen Sauer (Universit\u00e4t Regensburg, Germania), Thomas L. Gilchrist (University of Liverpool, U.K.), L\u00e9on Ghosez (Universit\u00e9 catholique de Louvain, Belgio), Josselin Chuche (Universit\u00e9 de Reims, Francia), W. D. Ollis (University of Sheffield, U.K.),&hellip; Continua a leggere 1982 Convegno Ferrara","og_url":"https:\/\/portale2.unime.it\/cirp\/convegni\/convegno-ferrara-1982\/","og_site_name":"CIRP","article_modified_time":"2024-04-29T07:23:06+00:00","twitter_card":"summary_large_image","schema":{"@context":"https:\/\/schema.org","@graph":[{"@type":"WebPage","@id":"https:\/\/portale2.unime.it\/cirp\/convegni\/convegno-ferrara-1982\/","url":"https:\/\/portale2.unime.it\/cirp\/convegni\/convegno-ferrara-1982\/","name":"1982 Convegno Ferrara - CIRP","isPartOf":{"@id":"https:\/\/portale2.unime.it\/cirp\/#website"},"datePublished":"2015-05-15T09:56:02+00:00","dateModified":"2024-04-29T07:23:06+00:00","breadcrumb":{"@id":"https:\/\/portale2.unime.it\/cirp\/convegni\/convegno-ferrara-1982\/#breadcrumb"},"inLanguage":"it-IT","potentialAction":[{"@type":"ReadAction","target":["https:\/\/portale2.unime.it\/cirp\/convegni\/convegno-ferrara-1982\/"]}]},{"@type":"BreadcrumbList","@id":"https:\/\/portale2.unime.it\/cirp\/convegni\/convegno-ferrara-1982\/#breadcrumb","itemListElement":[{"@type":"ListItem","position":1,"name":"Home","item":"https:\/\/portale2.unime.it\/cirp\/"},{"@type":"ListItem","position":2,"name":"Convegni","item":"https:\/\/portale2.unime.it\/cirp\/convegni\/"},{"@type":"ListItem","position":3,"name":"1982 Convegno Ferrara"}]},{"@type":"WebSite","@id":"https:\/\/portale2.unime.it\/cirp\/#website","url":"https:\/\/portale2.unime.it\/cirp\/","name":"CIRP","description":"","publisher":{"@id":"https:\/\/portale2.unime.it\/cirp\/#organization"},"potentialAction":[{"@type":"SearchAction","target":{"@type":"EntryPoint","urlTemplate":"https:\/\/portale2.unime.it\/cirp\/?s={search_term_string}"},"query-input":{"@type":"PropertyValueSpecification","valueRequired":true,"valueName":"search_term_string"}}],"inLanguage":"it-IT"},{"@type":"Organization","@id":"https:\/\/portale2.unime.it\/cirp\/#organization","name":"CIRP","url":"https:\/\/portale2.unime.it\/cirp\/","logo":{"@type":"ImageObject","inLanguage":"it-IT","@id":"https:\/\/portale2.unime.it\/cirp\/#\/schema\/logo\/image\/","url":"https:\/\/portale2.unime.it\/cirp\/wp-content\/uploads\/sites\/41\/2015\/05\/logo_sfondo_blu-e1671459127633.jpg","contentUrl":"https:\/\/portale2.unime.it\/cirp\/wp-content\/uploads\/sites\/41\/2015\/05\/logo_sfondo_blu-e1671459127633.jpg","width":512,"height":263,"caption":"CIRP"},"image":{"@id":"https:\/\/portale2.unime.it\/cirp\/#\/schema\/logo\/image\/"}}]}},"_links":{"self":[{"href":"https:\/\/portale2.unime.it\/cirp\/wp-json\/wp\/v2\/pages\/133","targetHints":{"allow":["GET"]}}],"collection":[{"href":"https:\/\/portale2.unime.it\/cirp\/wp-json\/wp\/v2\/pages"}],"about":[{"href":"https:\/\/portale2.unime.it\/cirp\/wp-json\/wp\/v2\/types\/page"}],"author":[{"embeddable":true,"href":"https:\/\/portale2.unime.it\/cirp\/wp-json\/wp\/v2\/users\/1"}],"replies":[{"embeddable":true,"href":"https:\/\/portale2.unime.it\/cirp\/wp-json\/wp\/v2\/comments?post=133"}],"version-history":[{"count":1,"href":"https:\/\/portale2.unime.it\/cirp\/wp-json\/wp\/v2\/pages\/133\/revisions"}],"predecessor-version":[{"id":729,"href":"https:\/\/portale2.unime.it\/cirp\/wp-json\/wp\/v2\/pages\/133\/revisions\/729"}],"up":[{"embeddable":true,"href":"https:\/\/portale2.unime.it\/cirp\/wp-json\/wp\/v2\/pages\/101"}],"wp:attachment":[{"href":"https:\/\/portale2.unime.it\/cirp\/wp-json\/wp\/v2\/media?parent=133"}],"curies":[{"name":"wp","href":"https:\/\/api.w.org\/{rel}","templated":true}]}}