{"id":140,"date":"2015-05-15T10:00:13","date_gmt":"2015-05-15T10:00:13","guid":{"rendered":"https:\/\/cirp.unipv.it\/?page_id=140"},"modified":"2024-04-24T16:11:27","modified_gmt":"2024-04-24T14:11:27","slug":"convegno-pavia-1986","status":"publish","type":"page","link":"https:\/\/portale2.unime.it\/cirp\/convegni\/convegno-pavia-1986\/","title":{"rendered":"1986 Convegno Pavia"},"content":{"rendered":"<p><strong>1986 \u2013 PAVIA (IV) \u201cConvegno nazionale sulle reazioni pericicliche\u201d<\/strong><br \/>\nPavia, 6-7 Ottobre 1986<\/p>\n<p>Chairman: Paolo Gr\u00fcnanger<\/p>\n<p>Ospiti: R. Schmidt (Universit\u00e4t Konstanz, C.H.), J\u00fcrgen Sauer (Universit\u00e4t Regensburg, Germania)<\/p>\n<p><a href=\"https:\/\/portale2.unime.it\/cirp\/wp-content\/uploads\/sites\/41\/2015\/05\/Programma-Pavia-1986.pdf\">Programma Pavia 1986<\/a><\/p>\n","protected":false},"excerpt":{"rendered":"<p>1986 \u2013 PAVIA (IV) \u201cConvegno nazionale sulle reazioni pericicliche\u201d Pavia, 6-7 Ottobre 1986 Chairman: Paolo Gr\u00fcnanger Ospiti: R. Schmidt (Universit\u00e4t Konstanz, C.H.), J\u00fcrgen Sauer (Universit\u00e4t Regensburg, Germania) Programma Pavia 1986<\/p>\n","protected":false},"author":1,"featured_media":0,"parent":101,"menu_order":0,"comment_status":"open","ping_status":"closed","template":"","meta":{"footnotes":""},"class_list":["post-140","page","type-page","status-publish","hentry","entry"],"yoast_head":"<!-- This site is optimized with the Yoast SEO plugin v27.4 - https:\/\/yoast.com\/product\/yoast-seo-wordpress\/ -->\n<title>1986 Convegno Pavia - CIRP<\/title>\n<meta name=\"robots\" content=\"index, follow, max-snippet:-1, max-image-preview:large, max-video-preview:-1\" \/>\n<link rel=\"canonical\" href=\"https:\/\/portale2.unime.it\/cirp\/convegni\/convegno-pavia-1986\/\" \/>\n<meta property=\"og:locale\" content=\"it_IT\" \/>\n<meta property=\"og:type\" content=\"article\" \/>\n<meta property=\"og:title\" content=\"1986 Convegno Pavia - CIRP\" \/>\n<meta property=\"og:description\" content=\"1986 \u2013 PAVIA (IV) \u201cConvegno nazionale sulle reazioni pericicliche\u201d Pavia, 6-7 Ottobre 1986 Chairman: Paolo Gr\u00fcnanger Ospiti: R. Schmidt (Universit\u00e4t Konstanz, C.H.), J\u00fcrgen Sauer (Universit\u00e4t Regensburg, Germania) Programma Pavia 1986\" \/>\n<meta property=\"og:url\" content=\"https:\/\/portale2.unime.it\/cirp\/convegni\/convegno-pavia-1986\/\" \/>\n<meta property=\"og:site_name\" content=\"CIRP\" \/>\n<meta property=\"article:modified_time\" content=\"2024-04-24T14:11:27+00:00\" \/>\n<meta name=\"twitter:card\" content=\"summary_large_image\" \/>\n<script type=\"application\/ld+json\" class=\"yoast-schema-graph\">{\"@context\":\"https:\\\/\\\/schema.org\",\"@graph\":[{\"@type\":\"WebPage\",\"@id\":\"https:\\\/\\\/portale2.unime.it\\\/cirp\\\/convegni\\\/convegno-pavia-1986\\\/\",\"url\":\"https:\\\/\\\/portale2.unime.it\\\/cirp\\\/convegni\\\/convegno-pavia-1986\\\/\",\"name\":\"1986 Convegno Pavia - CIRP\",\"isPartOf\":{\"@id\":\"https:\\\/\\\/portale2.unime.it\\\/cirp\\\/#website\"},\"datePublished\":\"2015-05-15T10:00:13+00:00\",\"dateModified\":\"2024-04-24T14:11:27+00:00\",\"breadcrumb\":{\"@id\":\"https:\\\/\\\/portale2.unime.it\\\/cirp\\\/convegni\\\/convegno-pavia-1986\\\/#breadcrumb\"},\"inLanguage\":\"it-IT\",\"potentialAction\":[{\"@type\":\"ReadAction\",\"target\":[\"https:\\\/\\\/portale2.unime.it\\\/cirp\\\/convegni\\\/convegno-pavia-1986\\\/\"]}]},{\"@type\":\"BreadcrumbList\",\"@id\":\"https:\\\/\\\/portale2.unime.it\\\/cirp\\\/convegni\\\/convegno-pavia-1986\\\/#breadcrumb\",\"itemListElement\":[{\"@type\":\"ListItem\",\"position\":1,\"name\":\"Home\",\"item\":\"https:\\\/\\\/portale2.unime.it\\\/cirp\\\/\"},{\"@type\":\"ListItem\",\"position\":2,\"name\":\"Convegni\",\"item\":\"https:\\\/\\\/portale2.unime.it\\\/cirp\\\/convegni\\\/\"},{\"@type\":\"ListItem\",\"position\":3,\"name\":\"1986 Convegno Pavia\"}]},{\"@type\":\"WebSite\",\"@id\":\"https:\\\/\\\/portale2.unime.it\\\/cirp\\\/#website\",\"url\":\"https:\\\/\\\/portale2.unime.it\\\/cirp\\\/\",\"name\":\"CIRP\",\"description\":\"\",\"publisher\":{\"@id\":\"https:\\\/\\\/portale2.unime.it\\\/cirp\\\/#organization\"},\"potentialAction\":[{\"@type\":\"SearchAction\",\"target\":{\"@type\":\"EntryPoint\",\"urlTemplate\":\"https:\\\/\\\/portale2.unime.it\\\/cirp\\\/?s={search_term_string}\"},\"query-input\":{\"@type\":\"PropertyValueSpecification\",\"valueRequired\":true,\"valueName\":\"search_term_string\"}}],\"inLanguage\":\"it-IT\"},{\"@type\":\"Organization\",\"@id\":\"https:\\\/\\\/portale2.unime.it\\\/cirp\\\/#organization\",\"name\":\"CIRP\",\"url\":\"https:\\\/\\\/portale2.unime.it\\\/cirp\\\/\",\"logo\":{\"@type\":\"ImageObject\",\"inLanguage\":\"it-IT\",\"@id\":\"https:\\\/\\\/portale2.unime.it\\\/cirp\\\/#\\\/schema\\\/logo\\\/image\\\/\",\"url\":\"https:\\\/\\\/portale2.unime.it\\\/cirp\\\/wp-content\\\/uploads\\\/sites\\\/41\\\/2015\\\/05\\\/logo_sfondo_blu-e1671459127633.jpg\",\"contentUrl\":\"https:\\\/\\\/portale2.unime.it\\\/cirp\\\/wp-content\\\/uploads\\\/sites\\\/41\\\/2015\\\/05\\\/logo_sfondo_blu-e1671459127633.jpg\",\"width\":512,\"height\":263,\"caption\":\"CIRP\"},\"image\":{\"@id\":\"https:\\\/\\\/portale2.unime.it\\\/cirp\\\/#\\\/schema\\\/logo\\\/image\\\/\"}}]}<\/script>\n<!-- \/ Yoast SEO plugin. -->","yoast_head_json":{"title":"1986 Convegno Pavia - CIRP","robots":{"index":"index","follow":"follow","max-snippet":"max-snippet:-1","max-image-preview":"max-image-preview:large","max-video-preview":"max-video-preview:-1"},"canonical":"https:\/\/portale2.unime.it\/cirp\/convegni\/convegno-pavia-1986\/","og_locale":"it_IT","og_type":"article","og_title":"1986 Convegno Pavia - CIRP","og_description":"1986 \u2013 PAVIA (IV) \u201cConvegno nazionale sulle reazioni pericicliche\u201d Pavia, 6-7 Ottobre 1986 Chairman: Paolo Gr\u00fcnanger Ospiti: R. Schmidt (Universit\u00e4t Konstanz, C.H.), J\u00fcrgen Sauer (Universit\u00e4t Regensburg, Germania) Programma Pavia 1986","og_url":"https:\/\/portale2.unime.it\/cirp\/convegni\/convegno-pavia-1986\/","og_site_name":"CIRP","article_modified_time":"2024-04-24T14:11:27+00:00","twitter_card":"summary_large_image","schema":{"@context":"https:\/\/schema.org","@graph":[{"@type":"WebPage","@id":"https:\/\/portale2.unime.it\/cirp\/convegni\/convegno-pavia-1986\/","url":"https:\/\/portale2.unime.it\/cirp\/convegni\/convegno-pavia-1986\/","name":"1986 Convegno Pavia - CIRP","isPartOf":{"@id":"https:\/\/portale2.unime.it\/cirp\/#website"},"datePublished":"2015-05-15T10:00:13+00:00","dateModified":"2024-04-24T14:11:27+00:00","breadcrumb":{"@id":"https:\/\/portale2.unime.it\/cirp\/convegni\/convegno-pavia-1986\/#breadcrumb"},"inLanguage":"it-IT","potentialAction":[{"@type":"ReadAction","target":["https:\/\/portale2.unime.it\/cirp\/convegni\/convegno-pavia-1986\/"]}]},{"@type":"BreadcrumbList","@id":"https:\/\/portale2.unime.it\/cirp\/convegni\/convegno-pavia-1986\/#breadcrumb","itemListElement":[{"@type":"ListItem","position":1,"name":"Home","item":"https:\/\/portale2.unime.it\/cirp\/"},{"@type":"ListItem","position":2,"name":"Convegni","item":"https:\/\/portale2.unime.it\/cirp\/convegni\/"},{"@type":"ListItem","position":3,"name":"1986 Convegno Pavia"}]},{"@type":"WebSite","@id":"https:\/\/portale2.unime.it\/cirp\/#website","url":"https:\/\/portale2.unime.it\/cirp\/","name":"CIRP","description":"","publisher":{"@id":"https:\/\/portale2.unime.it\/cirp\/#organization"},"potentialAction":[{"@type":"SearchAction","target":{"@type":"EntryPoint","urlTemplate":"https:\/\/portale2.unime.it\/cirp\/?s={search_term_string}"},"query-input":{"@type":"PropertyValueSpecification","valueRequired":true,"valueName":"search_term_string"}}],"inLanguage":"it-IT"},{"@type":"Organization","@id":"https:\/\/portale2.unime.it\/cirp\/#organization","name":"CIRP","url":"https:\/\/portale2.unime.it\/cirp\/","logo":{"@type":"ImageObject","inLanguage":"it-IT","@id":"https:\/\/portale2.unime.it\/cirp\/#\/schema\/logo\/image\/","url":"https:\/\/portale2.unime.it\/cirp\/wp-content\/uploads\/sites\/41\/2015\/05\/logo_sfondo_blu-e1671459127633.jpg","contentUrl":"https:\/\/portale2.unime.it\/cirp\/wp-content\/uploads\/sites\/41\/2015\/05\/logo_sfondo_blu-e1671459127633.jpg","width":512,"height":263,"caption":"CIRP"},"image":{"@id":"https:\/\/portale2.unime.it\/cirp\/#\/schema\/logo\/image\/"}}]}},"_links":{"self":[{"href":"https:\/\/portale2.unime.it\/cirp\/wp-json\/wp\/v2\/pages\/140","targetHints":{"allow":["GET"]}}],"collection":[{"href":"https:\/\/portale2.unime.it\/cirp\/wp-json\/wp\/v2\/pages"}],"about":[{"href":"https:\/\/portale2.unime.it\/cirp\/wp-json\/wp\/v2\/types\/page"}],"author":[{"embeddable":true,"href":"https:\/\/portale2.unime.it\/cirp\/wp-json\/wp\/v2\/users\/1"}],"replies":[{"embeddable":true,"href":"https:\/\/portale2.unime.it\/cirp\/wp-json\/wp\/v2\/comments?post=140"}],"version-history":[{"count":1,"href":"https:\/\/portale2.unime.it\/cirp\/wp-json\/wp\/v2\/pages\/140\/revisions"}],"predecessor-version":[{"id":715,"href":"https:\/\/portale2.unime.it\/cirp\/wp-json\/wp\/v2\/pages\/140\/revisions\/715"}],"up":[{"embeddable":true,"href":"https:\/\/portale2.unime.it\/cirp\/wp-json\/wp\/v2\/pages\/101"}],"wp:attachment":[{"href":"https:\/\/portale2.unime.it\/cirp\/wp-json\/wp\/v2\/media?parent=140"}],"curies":[{"name":"wp","href":"https:\/\/api.w.org\/{rel}","templated":true}]}}