{"id":146,"date":"2015-05-15T10:04:30","date_gmt":"2015-05-15T10:04:30","guid":{"rendered":"https:\/\/cirp.unipv.it\/?page_id=146"},"modified":"2024-04-29T09:23:22","modified_gmt":"2024-04-29T07:23:22","slug":"convegno-firenze-1990","status":"publish","type":"page","link":"https:\/\/portale2.unime.it\/cirp\/convegni\/convegno-firenze-1990\/","title":{"rendered":"1990 Convegno Firenze"},"content":{"rendered":"<p><strong>1990 \u2013 FIRENZE \u201cVI Conference on Practice and Theory of Pericyclic Reactions\u201d<\/strong><br \/>\nDedicato alla memoria del professor Giovanni Speroni<\/p>\n<p>Firenze, 24-25 Maggio 1990, Villa Demidoff, nel Parco mediceo di Pratolino<\/p>\n<p>Comitato scientifico:<\/p>\n<p>G. Adembri (Universit\u00e0 di Siena)<\/p>\n<p>F. De Sarlo (Universit\u00e0 di Firenze, chairman)<\/p>\n<p>A. Dondoni (Universit\u00e0 di Ferrara)<\/p>\n<p>P. Grunanger (Universit\u00e0 di Pavia)<\/p>\n<p>Comitato organizzatore:<\/p>\n<p>F. De Sarlo, M. Scotton, A. Goti, a. Guarna, R. Nesi, N. Novelli, S. Papaleo)<\/p>\n<p>Ospiti:<\/p>\n<p>Daniel Bellu\u0161 (Ciba-Geigy, Basel, C.H.),<\/p>\n<p>Herbert Mayr (Universit\u00e4t L\u00fcbeck, Germania),<\/p>\n<p>Fernando Bernardi (Universit\u00e0 di Bologna, Italia), J.T.Sharp (University of Edinburgh, U.K.)<\/p>\n","protected":false},"excerpt":{"rendered":"<p>1990 \u2013 FIRENZE \u201cVI Conference on Practice and Theory of Pericyclic Reactions\u201d Dedicato alla memoria del professor Giovanni Speroni Firenze, 24-25 Maggio 1990, Villa Demidoff, nel Parco mediceo di Pratolino Comitato scientifico: G. Adembri (Universit\u00e0 di Siena) F. De Sarlo (Universit\u00e0 di Firenze, chairman) A. Dondoni (Universit\u00e0 di Ferrara) P. Grunanger (Universit\u00e0 di Pavia) Comitato&hellip; <a class=\"more-link\" href=\"https:\/\/portale2.unime.it\/cirp\/convegni\/convegno-firenze-1990\/\">Continua a leggere <span class=\"screen-reader-text\">1990 Convegno Firenze<\/span><\/a><\/p>\n","protected":false},"author":1,"featured_media":0,"parent":101,"menu_order":0,"comment_status":"open","ping_status":"closed","template":"","meta":{"footnotes":""},"class_list":["post-146","page","type-page","status-publish","hentry","entry"],"yoast_head":"<!-- This site is optimized with the Yoast SEO plugin v27.4 - https:\/\/yoast.com\/product\/yoast-seo-wordpress\/ -->\n<title>1990 Convegno Firenze - CIRP<\/title>\n<meta name=\"robots\" content=\"index, follow, max-snippet:-1, max-image-preview:large, max-video-preview:-1\" \/>\n<link rel=\"canonical\" href=\"https:\/\/portale2.unime.it\/cirp\/convegni\/convegno-firenze-1990\/\" \/>\n<meta property=\"og:locale\" content=\"it_IT\" \/>\n<meta property=\"og:type\" content=\"article\" \/>\n<meta property=\"og:title\" content=\"1990 Convegno Firenze - CIRP\" \/>\n<meta property=\"og:description\" content=\"1990 \u2013 FIRENZE \u201cVI Conference on Practice and Theory of Pericyclic Reactions\u201d Dedicato alla memoria del professor Giovanni Speroni Firenze, 24-25 Maggio 1990, Villa Demidoff, nel Parco mediceo di Pratolino Comitato scientifico: G. Adembri (Universit\u00e0 di Siena) F. De Sarlo (Universit\u00e0 di Firenze, chairman) A. Dondoni (Universit\u00e0 di Ferrara) P. Grunanger (Universit\u00e0 di Pavia) Comitato&hellip; Continua a leggere 1990 Convegno Firenze\" \/>\n<meta property=\"og:url\" content=\"https:\/\/portale2.unime.it\/cirp\/convegni\/convegno-firenze-1990\/\" \/>\n<meta property=\"og:site_name\" content=\"CIRP\" \/>\n<meta property=\"article:modified_time\" content=\"2024-04-29T07:23:22+00:00\" \/>\n<meta name=\"twitter:card\" content=\"summary_large_image\" \/>\n<script type=\"application\/ld+json\" class=\"yoast-schema-graph\">{\"@context\":\"https:\\\/\\\/schema.org\",\"@graph\":[{\"@type\":\"WebPage\",\"@id\":\"https:\\\/\\\/portale2.unime.it\\\/cirp\\\/convegni\\\/convegno-firenze-1990\\\/\",\"url\":\"https:\\\/\\\/portale2.unime.it\\\/cirp\\\/convegni\\\/convegno-firenze-1990\\\/\",\"name\":\"1990 Convegno Firenze - CIRP\",\"isPartOf\":{\"@id\":\"https:\\\/\\\/portale2.unime.it\\\/cirp\\\/#website\"},\"datePublished\":\"2015-05-15T10:04:30+00:00\",\"dateModified\":\"2024-04-29T07:23:22+00:00\",\"breadcrumb\":{\"@id\":\"https:\\\/\\\/portale2.unime.it\\\/cirp\\\/convegni\\\/convegno-firenze-1990\\\/#breadcrumb\"},\"inLanguage\":\"it-IT\",\"potentialAction\":[{\"@type\":\"ReadAction\",\"target\":[\"https:\\\/\\\/portale2.unime.it\\\/cirp\\\/convegni\\\/convegno-firenze-1990\\\/\"]}]},{\"@type\":\"BreadcrumbList\",\"@id\":\"https:\\\/\\\/portale2.unime.it\\\/cirp\\\/convegni\\\/convegno-firenze-1990\\\/#breadcrumb\",\"itemListElement\":[{\"@type\":\"ListItem\",\"position\":1,\"name\":\"Home\",\"item\":\"https:\\\/\\\/portale2.unime.it\\\/cirp\\\/\"},{\"@type\":\"ListItem\",\"position\":2,\"name\":\"Convegni\",\"item\":\"https:\\\/\\\/portale2.unime.it\\\/cirp\\\/convegni\\\/\"},{\"@type\":\"ListItem\",\"position\":3,\"name\":\"1990 Convegno Firenze\"}]},{\"@type\":\"WebSite\",\"@id\":\"https:\\\/\\\/portale2.unime.it\\\/cirp\\\/#website\",\"url\":\"https:\\\/\\\/portale2.unime.it\\\/cirp\\\/\",\"name\":\"CIRP\",\"description\":\"\",\"publisher\":{\"@id\":\"https:\\\/\\\/portale2.unime.it\\\/cirp\\\/#organization\"},\"potentialAction\":[{\"@type\":\"SearchAction\",\"target\":{\"@type\":\"EntryPoint\",\"urlTemplate\":\"https:\\\/\\\/portale2.unime.it\\\/cirp\\\/?s={search_term_string}\"},\"query-input\":{\"@type\":\"PropertyValueSpecification\",\"valueRequired\":true,\"valueName\":\"search_term_string\"}}],\"inLanguage\":\"it-IT\"},{\"@type\":\"Organization\",\"@id\":\"https:\\\/\\\/portale2.unime.it\\\/cirp\\\/#organization\",\"name\":\"CIRP\",\"url\":\"https:\\\/\\\/portale2.unime.it\\\/cirp\\\/\",\"logo\":{\"@type\":\"ImageObject\",\"inLanguage\":\"it-IT\",\"@id\":\"https:\\\/\\\/portale2.unime.it\\\/cirp\\\/#\\\/schema\\\/logo\\\/image\\\/\",\"url\":\"https:\\\/\\\/portale2.unime.it\\\/cirp\\\/wp-content\\\/uploads\\\/sites\\\/41\\\/2015\\\/05\\\/logo_sfondo_blu-e1671459127633.jpg\",\"contentUrl\":\"https:\\\/\\\/portale2.unime.it\\\/cirp\\\/wp-content\\\/uploads\\\/sites\\\/41\\\/2015\\\/05\\\/logo_sfondo_blu-e1671459127633.jpg\",\"width\":512,\"height\":263,\"caption\":\"CIRP\"},\"image\":{\"@id\":\"https:\\\/\\\/portale2.unime.it\\\/cirp\\\/#\\\/schema\\\/logo\\\/image\\\/\"}}]}<\/script>\n<!-- \/ Yoast SEO plugin. -->","yoast_head_json":{"title":"1990 Convegno Firenze - CIRP","robots":{"index":"index","follow":"follow","max-snippet":"max-snippet:-1","max-image-preview":"max-image-preview:large","max-video-preview":"max-video-preview:-1"},"canonical":"https:\/\/portale2.unime.it\/cirp\/convegni\/convegno-firenze-1990\/","og_locale":"it_IT","og_type":"article","og_title":"1990 Convegno Firenze - CIRP","og_description":"1990 \u2013 FIRENZE \u201cVI Conference on Practice and Theory of Pericyclic Reactions\u201d Dedicato alla memoria del professor Giovanni Speroni Firenze, 24-25 Maggio 1990, Villa Demidoff, nel Parco mediceo di Pratolino Comitato scientifico: G. Adembri (Universit\u00e0 di Siena) F. De Sarlo (Universit\u00e0 di Firenze, chairman) A. Dondoni (Universit\u00e0 di Ferrara) P. Grunanger (Universit\u00e0 di Pavia) Comitato&hellip; Continua a leggere 1990 Convegno Firenze","og_url":"https:\/\/portale2.unime.it\/cirp\/convegni\/convegno-firenze-1990\/","og_site_name":"CIRP","article_modified_time":"2024-04-29T07:23:22+00:00","twitter_card":"summary_large_image","schema":{"@context":"https:\/\/schema.org","@graph":[{"@type":"WebPage","@id":"https:\/\/portale2.unime.it\/cirp\/convegni\/convegno-firenze-1990\/","url":"https:\/\/portale2.unime.it\/cirp\/convegni\/convegno-firenze-1990\/","name":"1990 Convegno Firenze - CIRP","isPartOf":{"@id":"https:\/\/portale2.unime.it\/cirp\/#website"},"datePublished":"2015-05-15T10:04:30+00:00","dateModified":"2024-04-29T07:23:22+00:00","breadcrumb":{"@id":"https:\/\/portale2.unime.it\/cirp\/convegni\/convegno-firenze-1990\/#breadcrumb"},"inLanguage":"it-IT","potentialAction":[{"@type":"ReadAction","target":["https:\/\/portale2.unime.it\/cirp\/convegni\/convegno-firenze-1990\/"]}]},{"@type":"BreadcrumbList","@id":"https:\/\/portale2.unime.it\/cirp\/convegni\/convegno-firenze-1990\/#breadcrumb","itemListElement":[{"@type":"ListItem","position":1,"name":"Home","item":"https:\/\/portale2.unime.it\/cirp\/"},{"@type":"ListItem","position":2,"name":"Convegni","item":"https:\/\/portale2.unime.it\/cirp\/convegni\/"},{"@type":"ListItem","position":3,"name":"1990 Convegno Firenze"}]},{"@type":"WebSite","@id":"https:\/\/portale2.unime.it\/cirp\/#website","url":"https:\/\/portale2.unime.it\/cirp\/","name":"CIRP","description":"","publisher":{"@id":"https:\/\/portale2.unime.it\/cirp\/#organization"},"potentialAction":[{"@type":"SearchAction","target":{"@type":"EntryPoint","urlTemplate":"https:\/\/portale2.unime.it\/cirp\/?s={search_term_string}"},"query-input":{"@type":"PropertyValueSpecification","valueRequired":true,"valueName":"search_term_string"}}],"inLanguage":"it-IT"},{"@type":"Organization","@id":"https:\/\/portale2.unime.it\/cirp\/#organization","name":"CIRP","url":"https:\/\/portale2.unime.it\/cirp\/","logo":{"@type":"ImageObject","inLanguage":"it-IT","@id":"https:\/\/portale2.unime.it\/cirp\/#\/schema\/logo\/image\/","url":"https:\/\/portale2.unime.it\/cirp\/wp-content\/uploads\/sites\/41\/2015\/05\/logo_sfondo_blu-e1671459127633.jpg","contentUrl":"https:\/\/portale2.unime.it\/cirp\/wp-content\/uploads\/sites\/41\/2015\/05\/logo_sfondo_blu-e1671459127633.jpg","width":512,"height":263,"caption":"CIRP"},"image":{"@id":"https:\/\/portale2.unime.it\/cirp\/#\/schema\/logo\/image\/"}}]}},"_links":{"self":[{"href":"https:\/\/portale2.unime.it\/cirp\/wp-json\/wp\/v2\/pages\/146","targetHints":{"allow":["GET"]}}],"collection":[{"href":"https:\/\/portale2.unime.it\/cirp\/wp-json\/wp\/v2\/pages"}],"about":[{"href":"https:\/\/portale2.unime.it\/cirp\/wp-json\/wp\/v2\/types\/page"}],"author":[{"embeddable":true,"href":"https:\/\/portale2.unime.it\/cirp\/wp-json\/wp\/v2\/users\/1"}],"replies":[{"embeddable":true,"href":"https:\/\/portale2.unime.it\/cirp\/wp-json\/wp\/v2\/comments?post=146"}],"version-history":[{"count":1,"href":"https:\/\/portale2.unime.it\/cirp\/wp-json\/wp\/v2\/pages\/146\/revisions"}],"predecessor-version":[{"id":731,"href":"https:\/\/portale2.unime.it\/cirp\/wp-json\/wp\/v2\/pages\/146\/revisions\/731"}],"up":[{"embeddable":true,"href":"https:\/\/portale2.unime.it\/cirp\/wp-json\/wp\/v2\/pages\/101"}],"wp:attachment":[{"href":"https:\/\/portale2.unime.it\/cirp\/wp-json\/wp\/v2\/media?parent=146"}],"curies":[{"name":"wp","href":"https:\/\/api.w.org\/{rel}","templated":true}]}}