{"id":161,"date":"2015-05-15T10:16:00","date_gmt":"2015-05-15T10:16:00","guid":{"rendered":"https:\/\/cirp.unipv.it\/?page_id=161"},"modified":"2024-04-24T16:11:35","modified_gmt":"2024-04-24T14:11:35","slug":"convegno-napoli-2001","status":"publish","type":"page","link":"https:\/\/portale2.unime.it\/cirp\/convegni\/convegno-napoli-2001\/","title":{"rendered":"2001 Convegno Napoli"},"content":{"rendered":"<p><strong>2001 \u2013 NAPOLI \u201cX Convegno nazionale sulle reazioni pericicliche\u201d<\/strong><br \/>\n<strong>X Convegno Nazionale sulle Reazioni Pericicliche<\/strong><br \/>\nComplesso Universitario di Monte S. Angelo, 24 &#8211; 25 settembre 2001<\/p>\n<p style=\"text-align: center\"><a href=\"https:\/\/portale2.unime.it\/cirp\/wp-content\/uploads\/sites\/41\/2015\/05\/Locandinanapoli2001.jpg\"><img fetchpriority=\"high\" decoding=\"async\" class=\"alignnone size-medium wp-image-205\" src=\"https:\/\/portale2.unime.it\/cirp\/wp-content\/uploads\/sites\/41\/2015\/05\/Locandinanapoli2001-177x300.jpg\" alt=\"Locandinanapoli2001\" width=\"177\" height=\"300\" srcset=\"https:\/\/portale2.unime.it\/cirp\/wp-content\/uploads\/sites\/41\/2015\/05\/Locandinanapoli2001-177x300.jpg 177w, https:\/\/portale2.unime.it\/cirp\/wp-content\/uploads\/sites\/41\/2015\/05\/Locandinanapoli2001-605x1024.jpg 605w, https:\/\/portale2.unime.it\/cirp\/wp-content\/uploads\/sites\/41\/2015\/05\/Locandinanapoli2001-768x1300.jpg 768w, https:\/\/portale2.unime.it\/cirp\/wp-content\/uploads\/sites\/41\/2015\/05\/Locandinanapoli2001.jpg 795w\" sizes=\"(max-width: 177px) 100vw, 177px\" \/><\/a><\/p>\n<p>Comitato Organizzatore: Maria Liliana Graziano (Universit\u00e0 di Napoli)<br \/>\nMaria Rosaria Iesce (Universit\u00e0 di Napoli)<br \/>\nFlavio Cermola (Universit\u00e0 di Napoli)<\/p>\n<p>&nbsp;<\/p>\n<p><a href=\"https:\/\/portale2.unime.it\/cirp\/wp-content\/uploads\/sites\/41\/2015\/05\/Programma-Napoli-2001.pdf\">Programma Napoli 2001<\/a><\/p>\n<p>&nbsp;<\/p>\n","protected":false},"excerpt":{"rendered":"<p>2001 \u2013 NAPOLI \u201cX Convegno nazionale sulle reazioni pericicliche\u201d X Convegno Nazionale sulle Reazioni Pericicliche Complesso Universitario di Monte S. Angelo, 24 &#8211; 25 settembre 2001 Comitato Organizzatore: Maria Liliana Graziano (Universit\u00e0 di Napoli) Maria Rosaria Iesce (Universit\u00e0 di Napoli) Flavio Cermola (Universit\u00e0 di Napoli) &nbsp; Programma Napoli 2001 &nbsp;<\/p>\n","protected":false},"author":1,"featured_media":0,"parent":101,"menu_order":0,"comment_status":"open","ping_status":"closed","template":"","meta":{"footnotes":""},"class_list":["post-161","page","type-page","status-publish","hentry","entry"],"yoast_head":"<!-- This site is optimized with the Yoast SEO plugin v27.4 - https:\/\/yoast.com\/product\/yoast-seo-wordpress\/ -->\n<title>2001 Convegno Napoli - CIRP<\/title>\n<meta name=\"robots\" content=\"index, follow, max-snippet:-1, max-image-preview:large, max-video-preview:-1\" \/>\n<link rel=\"canonical\" href=\"https:\/\/portale2.unime.it\/cirp\/convegni\/convegno-napoli-2001\/\" \/>\n<meta property=\"og:locale\" content=\"it_IT\" \/>\n<meta property=\"og:type\" content=\"article\" \/>\n<meta property=\"og:title\" content=\"2001 Convegno Napoli - CIRP\" \/>\n<meta property=\"og:description\" content=\"2001 \u2013 NAPOLI \u201cX Convegno nazionale sulle reazioni pericicliche\u201d X Convegno Nazionale sulle Reazioni Pericicliche Complesso Universitario di Monte S. Angelo, 24 &#8211; 25 settembre 2001 Comitato Organizzatore: Maria Liliana Graziano (Universit\u00e0 di Napoli) Maria Rosaria Iesce (Universit\u00e0 di Napoli) Flavio Cermola (Universit\u00e0 di Napoli) &nbsp; Programma Napoli 2001 &nbsp;\" \/>\n<meta property=\"og:url\" content=\"https:\/\/portale2.unime.it\/cirp\/convegni\/convegno-napoli-2001\/\" \/>\n<meta property=\"og:site_name\" content=\"CIRP\" \/>\n<meta property=\"article:modified_time\" content=\"2024-04-24T14:11:35+00:00\" \/>\n<meta property=\"og:image\" content=\"https:\/\/portale2.unime.it\/cirp\/wp-content\/uploads\/sites\/41\/2015\/05\/Locandinanapoli2001-177x300.jpg\" \/>\n<meta name=\"twitter:card\" content=\"summary_large_image\" \/>\n<script type=\"application\/ld+json\" class=\"yoast-schema-graph\">{\"@context\":\"https:\\\/\\\/schema.org\",\"@graph\":[{\"@type\":\"WebPage\",\"@id\":\"https:\\\/\\\/portale2.unime.it\\\/cirp\\\/convegni\\\/convegno-napoli-2001\\\/\",\"url\":\"https:\\\/\\\/portale2.unime.it\\\/cirp\\\/convegni\\\/convegno-napoli-2001\\\/\",\"name\":\"2001 Convegno Napoli - CIRP\",\"isPartOf\":{\"@id\":\"https:\\\/\\\/portale2.unime.it\\\/cirp\\\/#website\"},\"primaryImageOfPage\":{\"@id\":\"https:\\\/\\\/portale2.unime.it\\\/cirp\\\/convegni\\\/convegno-napoli-2001\\\/#primaryimage\"},\"image\":{\"@id\":\"https:\\\/\\\/portale2.unime.it\\\/cirp\\\/convegni\\\/convegno-napoli-2001\\\/#primaryimage\"},\"thumbnailUrl\":\"https:\\\/\\\/portale2.unime.it\\\/cirp\\\/wp-content\\\/uploads\\\/sites\\\/41\\\/2015\\\/05\\\/Locandinanapoli2001-177x300.jpg\",\"datePublished\":\"2015-05-15T10:16:00+00:00\",\"dateModified\":\"2024-04-24T14:11:35+00:00\",\"breadcrumb\":{\"@id\":\"https:\\\/\\\/portale2.unime.it\\\/cirp\\\/convegni\\\/convegno-napoli-2001\\\/#breadcrumb\"},\"inLanguage\":\"it-IT\",\"potentialAction\":[{\"@type\":\"ReadAction\",\"target\":[\"https:\\\/\\\/portale2.unime.it\\\/cirp\\\/convegni\\\/convegno-napoli-2001\\\/\"]}]},{\"@type\":\"ImageObject\",\"inLanguage\":\"it-IT\",\"@id\":\"https:\\\/\\\/portale2.unime.it\\\/cirp\\\/convegni\\\/convegno-napoli-2001\\\/#primaryimage\",\"url\":\"https:\\\/\\\/portale2.unime.it\\\/cirp\\\/wp-content\\\/uploads\\\/sites\\\/41\\\/2015\\\/05\\\/Locandinanapoli2001.jpg\",\"contentUrl\":\"https:\\\/\\\/portale2.unime.it\\\/cirp\\\/wp-content\\\/uploads\\\/sites\\\/41\\\/2015\\\/05\\\/Locandinanapoli2001.jpg\",\"width\":795,\"height\":1346},{\"@type\":\"BreadcrumbList\",\"@id\":\"https:\\\/\\\/portale2.unime.it\\\/cirp\\\/convegni\\\/convegno-napoli-2001\\\/#breadcrumb\",\"itemListElement\":[{\"@type\":\"ListItem\",\"position\":1,\"name\":\"Home\",\"item\":\"https:\\\/\\\/portale2.unime.it\\\/cirp\\\/\"},{\"@type\":\"ListItem\",\"position\":2,\"name\":\"Convegni\",\"item\":\"https:\\\/\\\/portale2.unime.it\\\/cirp\\\/convegni\\\/\"},{\"@type\":\"ListItem\",\"position\":3,\"name\":\"2001 Convegno Napoli\"}]},{\"@type\":\"WebSite\",\"@id\":\"https:\\\/\\\/portale2.unime.it\\\/cirp\\\/#website\",\"url\":\"https:\\\/\\\/portale2.unime.it\\\/cirp\\\/\",\"name\":\"CIRP\",\"description\":\"\",\"publisher\":{\"@id\":\"https:\\\/\\\/portale2.unime.it\\\/cirp\\\/#organization\"},\"potentialAction\":[{\"@type\":\"SearchAction\",\"target\":{\"@type\":\"EntryPoint\",\"urlTemplate\":\"https:\\\/\\\/portale2.unime.it\\\/cirp\\\/?s={search_term_string}\"},\"query-input\":{\"@type\":\"PropertyValueSpecification\",\"valueRequired\":true,\"valueName\":\"search_term_string\"}}],\"inLanguage\":\"it-IT\"},{\"@type\":\"Organization\",\"@id\":\"https:\\\/\\\/portale2.unime.it\\\/cirp\\\/#organization\",\"name\":\"CIRP\",\"url\":\"https:\\\/\\\/portale2.unime.it\\\/cirp\\\/\",\"logo\":{\"@type\":\"ImageObject\",\"inLanguage\":\"it-IT\",\"@id\":\"https:\\\/\\\/portale2.unime.it\\\/cirp\\\/#\\\/schema\\\/logo\\\/image\\\/\",\"url\":\"https:\\\/\\\/portale2.unime.it\\\/cirp\\\/wp-content\\\/uploads\\\/sites\\\/41\\\/2015\\\/05\\\/logo_sfondo_blu-e1671459127633.jpg\",\"contentUrl\":\"https:\\\/\\\/portale2.unime.it\\\/cirp\\\/wp-content\\\/uploads\\\/sites\\\/41\\\/2015\\\/05\\\/logo_sfondo_blu-e1671459127633.jpg\",\"width\":512,\"height\":263,\"caption\":\"CIRP\"},\"image\":{\"@id\":\"https:\\\/\\\/portale2.unime.it\\\/cirp\\\/#\\\/schema\\\/logo\\\/image\\\/\"}}]}<\/script>\n<!-- \/ Yoast SEO plugin. -->","yoast_head_json":{"title":"2001 Convegno Napoli - CIRP","robots":{"index":"index","follow":"follow","max-snippet":"max-snippet:-1","max-image-preview":"max-image-preview:large","max-video-preview":"max-video-preview:-1"},"canonical":"https:\/\/portale2.unime.it\/cirp\/convegni\/convegno-napoli-2001\/","og_locale":"it_IT","og_type":"article","og_title":"2001 Convegno Napoli - CIRP","og_description":"2001 \u2013 NAPOLI \u201cX Convegno nazionale sulle reazioni pericicliche\u201d X Convegno Nazionale sulle Reazioni Pericicliche Complesso Universitario di Monte S. Angelo, 24 &#8211; 25 settembre 2001 Comitato Organizzatore: Maria Liliana Graziano (Universit\u00e0 di Napoli) Maria Rosaria Iesce (Universit\u00e0 di Napoli) Flavio Cermola (Universit\u00e0 di Napoli) &nbsp; Programma Napoli 2001 &nbsp;","og_url":"https:\/\/portale2.unime.it\/cirp\/convegni\/convegno-napoli-2001\/","og_site_name":"CIRP","article_modified_time":"2024-04-24T14:11:35+00:00","og_image":[{"url":"https:\/\/portale2.unime.it\/cirp\/wp-content\/uploads\/sites\/41\/2015\/05\/Locandinanapoli2001-177x300.jpg","type":"","width":"","height":""}],"twitter_card":"summary_large_image","schema":{"@context":"https:\/\/schema.org","@graph":[{"@type":"WebPage","@id":"https:\/\/portale2.unime.it\/cirp\/convegni\/convegno-napoli-2001\/","url":"https:\/\/portale2.unime.it\/cirp\/convegni\/convegno-napoli-2001\/","name":"2001 Convegno Napoli - CIRP","isPartOf":{"@id":"https:\/\/portale2.unime.it\/cirp\/#website"},"primaryImageOfPage":{"@id":"https:\/\/portale2.unime.it\/cirp\/convegni\/convegno-napoli-2001\/#primaryimage"},"image":{"@id":"https:\/\/portale2.unime.it\/cirp\/convegni\/convegno-napoli-2001\/#primaryimage"},"thumbnailUrl":"https:\/\/portale2.unime.it\/cirp\/wp-content\/uploads\/sites\/41\/2015\/05\/Locandinanapoli2001-177x300.jpg","datePublished":"2015-05-15T10:16:00+00:00","dateModified":"2024-04-24T14:11:35+00:00","breadcrumb":{"@id":"https:\/\/portale2.unime.it\/cirp\/convegni\/convegno-napoli-2001\/#breadcrumb"},"inLanguage":"it-IT","potentialAction":[{"@type":"ReadAction","target":["https:\/\/portale2.unime.it\/cirp\/convegni\/convegno-napoli-2001\/"]}]},{"@type":"ImageObject","inLanguage":"it-IT","@id":"https:\/\/portale2.unime.it\/cirp\/convegni\/convegno-napoli-2001\/#primaryimage","url":"https:\/\/portale2.unime.it\/cirp\/wp-content\/uploads\/sites\/41\/2015\/05\/Locandinanapoli2001.jpg","contentUrl":"https:\/\/portale2.unime.it\/cirp\/wp-content\/uploads\/sites\/41\/2015\/05\/Locandinanapoli2001.jpg","width":795,"height":1346},{"@type":"BreadcrumbList","@id":"https:\/\/portale2.unime.it\/cirp\/convegni\/convegno-napoli-2001\/#breadcrumb","itemListElement":[{"@type":"ListItem","position":1,"name":"Home","item":"https:\/\/portale2.unime.it\/cirp\/"},{"@type":"ListItem","position":2,"name":"Convegni","item":"https:\/\/portale2.unime.it\/cirp\/convegni\/"},{"@type":"ListItem","position":3,"name":"2001 Convegno Napoli"}]},{"@type":"WebSite","@id":"https:\/\/portale2.unime.it\/cirp\/#website","url":"https:\/\/portale2.unime.it\/cirp\/","name":"CIRP","description":"","publisher":{"@id":"https:\/\/portale2.unime.it\/cirp\/#organization"},"potentialAction":[{"@type":"SearchAction","target":{"@type":"EntryPoint","urlTemplate":"https:\/\/portale2.unime.it\/cirp\/?s={search_term_string}"},"query-input":{"@type":"PropertyValueSpecification","valueRequired":true,"valueName":"search_term_string"}}],"inLanguage":"it-IT"},{"@type":"Organization","@id":"https:\/\/portale2.unime.it\/cirp\/#organization","name":"CIRP","url":"https:\/\/portale2.unime.it\/cirp\/","logo":{"@type":"ImageObject","inLanguage":"it-IT","@id":"https:\/\/portale2.unime.it\/cirp\/#\/schema\/logo\/image\/","url":"https:\/\/portale2.unime.it\/cirp\/wp-content\/uploads\/sites\/41\/2015\/05\/logo_sfondo_blu-e1671459127633.jpg","contentUrl":"https:\/\/portale2.unime.it\/cirp\/wp-content\/uploads\/sites\/41\/2015\/05\/logo_sfondo_blu-e1671459127633.jpg","width":512,"height":263,"caption":"CIRP"},"image":{"@id":"https:\/\/portale2.unime.it\/cirp\/#\/schema\/logo\/image\/"}}]}},"_links":{"self":[{"href":"https:\/\/portale2.unime.it\/cirp\/wp-json\/wp\/v2\/pages\/161","targetHints":{"allow":["GET"]}}],"collection":[{"href":"https:\/\/portale2.unime.it\/cirp\/wp-json\/wp\/v2\/pages"}],"about":[{"href":"https:\/\/portale2.unime.it\/cirp\/wp-json\/wp\/v2\/types\/page"}],"author":[{"embeddable":true,"href":"https:\/\/portale2.unime.it\/cirp\/wp-json\/wp\/v2\/users\/1"}],"replies":[{"embeddable":true,"href":"https:\/\/portale2.unime.it\/cirp\/wp-json\/wp\/v2\/comments?post=161"}],"version-history":[{"count":1,"href":"https:\/\/portale2.unime.it\/cirp\/wp-json\/wp\/v2\/pages\/161\/revisions"}],"predecessor-version":[{"id":716,"href":"https:\/\/portale2.unime.it\/cirp\/wp-json\/wp\/v2\/pages\/161\/revisions\/716"}],"up":[{"embeddable":true,"href":"https:\/\/portale2.unime.it\/cirp\/wp-json\/wp\/v2\/pages\/101"}],"wp:attachment":[{"href":"https:\/\/portale2.unime.it\/cirp\/wp-json\/wp\/v2\/media?parent=161"}],"curies":[{"name":"wp","href":"https:\/\/api.w.org\/{rel}","templated":true}]}}