{"id":22,"date":"2015-05-07T08:41:24","date_gmt":"2015-05-07T08:41:24","guid":{"rendered":"https:\/\/cirp.unipv.it\/?page_id=22"},"modified":"2024-06-20T17:04:30","modified_gmt":"2024-06-20T15:04:30","slug":"chi-siamo","status":"publish","type":"page","link":"https:\/\/portale2.unime.it\/cirp\/chi-siamo\/","title":{"rendered":"Chi siamo"},"content":{"rendered":"\t\t<div data-elementor-type=\"wp-page\" data-elementor-id=\"22\" class=\"elementor elementor-22\">\n\t\t\t\t<div class=\"elementor-element elementor-element-1b4c09b7 e-flex e-con-boxed e-con e-parent\" data-id=\"1b4c09b7\" data-element_type=\"container\" data-e-type=\"container\">\n\t\t\t\t\t<div class=\"e-con-inner\">\n\t\t\t\t<div class=\"elementor-element elementor-element-71adf83 elementor-widget__width-initial elementor-widget elementor-widget-image\" data-id=\"71adf83\" data-element_type=\"widget\" data-e-type=\"widget\" data-widget_type=\"image.default\">\n\t\t\t\t<div class=\"elementor-widget-container\">\n\t\t\t\t\t\t\t\t\t\t\t\t\t\t\t<img fetchpriority=\"high\" decoding=\"async\" width=\"1024\" height=\"768\" src=\"https:\/\/portale2.unime.it\/cirp\/wp-content\/uploads\/sites\/41\/2024\/06\/foto-home-1024x768.jpg\" class=\"attachment-large size-large wp-image-1078\" alt=\"\" srcset=\"https:\/\/portale2.unime.it\/cirp\/wp-content\/uploads\/sites\/41\/2024\/06\/foto-home-1024x768.jpg 1024w, https:\/\/portale2.unime.it\/cirp\/wp-content\/uploads\/sites\/41\/2024\/06\/foto-home-300x225.jpg 300w, https:\/\/portale2.unime.it\/cirp\/wp-content\/uploads\/sites\/41\/2024\/06\/foto-home-768x576.jpg 768w, https:\/\/portale2.unime.it\/cirp\/wp-content\/uploads\/sites\/41\/2024\/06\/foto-home-1536x1152.jpg 1536w, https:\/\/portale2.unime.it\/cirp\/wp-content\/uploads\/sites\/41\/2024\/06\/foto-home-2048x1536.jpg 2048w, https:\/\/portale2.unime.it\/cirp\/wp-content\/uploads\/sites\/41\/2024\/06\/foto-home-1568x1176.jpg 1568w\" sizes=\"(max-width: 1024px) 100vw, 1024px\" style=\"width:100%;height:75%;max-width:2272px\" \/>\t\t\t\t\t\t\t\t\t\t\t\t\t\t\t<\/div>\n\t\t\t\t<\/div>\n\t\t\t\t<div class=\"elementor-element elementor-element-33b64277 elementor-widget elementor-widget-text-editor\" data-id=\"33b64277\" data-element_type=\"widget\" data-e-type=\"widget\" data-widget_type=\"text-editor.default\">\n\t\t\t\t<div class=\"elementor-widget-container\">\n\t\t\t\t\t\t\t\t\t<p><span style=\"color: #000000\"><em>Attuale sede amministrativa<\/em>: Universit\u00e0 degli Studi di Messina, V.le F. Stagno d&#8217;Alcontres, 31, 98166-Messina.<\/span><\/p><p><span style=\"color: #000000\"><strong>Istituzione del Centro:<\/strong> 27\/04\/1992, durata 9 anni Rinnovo per altri 9 anni, deliberato nel C.D. del 24\/09\/2001<\/span><br \/><span style=\"color: #000000\">Direttori precedenti: prof. Paolo Gr\u00fcnanger (1992-1998), Universit\u00e0 di Pavia; prof. Donato Pocar (1998-2004), Universit\u00e0 di Milano, prof. Francesco De Sarlo (2004-2010), Prof.ssa Maria Chiara Aversa Universit\u00e0 di Messina (2010-2014), Prof.ssa Maria Luisa Gelmi Universit\u00e0 di Milano (2014-2020), Prof. Paolo Quadrelli (2020-2024).<\/span><\/p><p><span style=\"color: #000000\"><strong>Direttore attuale:<\/strong> Prof.ssa Paola Bonaccorsi, Universit\u00e0 di Messina (e-mail: paola.bonaccorsi@unime.it)<\/span><\/p><p><span style=\"color: #000000\">Il Centro \u00e8 stato fondato nel 1992 per iniziativa di ricercatori attivi sui temi indicati nel titolo, i quali fino dal 1978 hanno dato vita ogni due anni ad un Convegno nazionale sulle Reazioni Pericicliche (vedi ATTIVITA\u2019). Al Centro aderiscono 9 Universit\u00e0 (vedi Enti aderenti), con la partecipazione di oltre 80 docenti-ricercatori. L\u2019attivit\u00e0 del Centro consiste nel promuovere incontri scientifici e nel collegare scientificamente gruppi di ricercatori delle diverse Universit\u00e0 accomunati dall\u2019interesse per le reazioni pericicliche nei loro diversi aspetti sintetici, meccanicistici e applicativi. Questa attivit\u00e0 si concretizza nell&#8217;organizzazione, con cadenza biennale, di Convegni scientifici che costituiscono momenti di discussione e di aggregazione tra i vari gruppi. Questi Convegni sono in special modo aperti ai giovani e permettono loro di comunicare direttamente i risultati delle ricerche svolte su temi simili.<\/span><\/p><p><span style=\"color: #000000\"><a style=\"color: #000000\" href=\"https:\/\/portale2.unime.it\/cirp\/wp-content\/uploads\/sites\/41\/2024\/05\/Convenzione-Centro-Pericicliche-2022.pdf\"><strong>Nuova Convenzione<\/strong><\/a><\/span><\/p><p><span style=\"color: #000000\"><strong>About us<\/strong><\/span><br \/><span style=\"color: #000000\">Interuniversity Centre on Pericyclic Reactions and Synthesis of Hetero- and Carbocyclic Systems<\/span><\/p><p><span style=\"color: #000000\"><strong>Director<\/strong>:\u00a0<span style=\"font-family: var( --e-global-typography-text-font-family ), Sans-serif;font-weight: var( --e-global-typography-text-font-weight );background-color: var(--global--color-background);font-size: var(--global--font-size-base)\">Prof.ssa Paola Bonaccorsi, Universit\u00e0 di Messina (e-mail: paola.bonaccorsi@unime.it)<\/span><\/span><\/p><p><span style=\"color: #000000\"><strong>Former Directors<\/strong>: prof. Paolo Gr\u00fcnanger (1992-1998), Universit\u00e0 di Pavia; prof. Donato Pocar (1998-2004), Universit\u00e0 di Milano; prof. Francesco De Sarlo (2004 &#8211; 2010) Universit\u00e0 di Firenze; Maria Chiara Aversa (2010-2014) Universit\u00e0 di Messina, Prof.ssa Maria Luisa Gelmi\u00a0<span style=\"font-family: var( --e-global-typography-text-font-family ), Sans-serif;font-weight: var( --e-global-typography-text-font-weight );background-color: var(--global--color-background);font-size: var(--global--font-size-base)\">(2014-2020)\u00a0<\/span><span style=\"font-family: var( --e-global-typography-text-font-family ), Sans-serif;font-weight: var( --e-global-typography-text-font-weight );background-color: var(--global--color-background);font-size: var(--global--font-size-base)\">Universit\u00e0 di Milano ,\u00a0<\/span><span style=\"font-family: var( --e-global-typography-text-font-family ), Sans-serif;font-weight: var( --e-global-typography-text-font-weight );font-size: var(--global--font-size-base);background-color: var(--global--color-background)\">Prof. Paolo Quadrelli (2020-2024) Universit\u00e0 di Pavia.<\/span><\/span><\/p><p><span style=\"color: #000000\"><strong>Administration<\/strong>:<\/span><\/p><p><span style=\"color: #000000\">Universit\u00e0 di Messina<\/span><\/p><div><span style=\"color: #000000\">Unit\u00e0 di Coordinamento Tecnico Processi Organizzativi ed elettivi<\/span><\/div><div><span style=\"color: #000000\">Email: daniela.maiorana@unime.it<\/span><\/div><div class=\"x_elementToProof\"><span style=\"color: #000000\">Telefono: 090 6768873<\/span><\/div><div>\u00a0<\/div><p><span style=\"color: #000000\">The &#8220;Interuniversity Centre on Pericyclic Reactions and Synthesis of Hetero- and Carbocyclic Systems&#8221; was chartered in 1992, but since 1978 a group of University Researchers has been organizing every two years a National Meeting on Pericyclic Reactions (see ACTIVITY). At the moment, over 80 scientists belonging to 9 Universities participate in the Centre. The aim of the Centre is to create scientific links between research groups of different Universities who share interest in synthesis, mechanisms and applications involving pericyclic reactions. Scientific meetings on this subject, organized every two years by the Centre, give the opportunity for discussions and contacts between different groups. These meetings are particularly aimed at young researchers and allow them to make know the results of their scientific activity related to the title subjects.<\/span><\/p>\t\t\t\t\t\t\t\t<\/div>\n\t\t\t\t<\/div>\n\t\t\t\t\t<\/div>\n\t\t\t\t<\/div>\n\t\t\t\t<\/div>\n\t\t","protected":false},"excerpt":{"rendered":"<p>Attuale sede amministrativa: Universit\u00e0 degli Studi di Messina, V.le F. Stagno d&#8217;Alcontres, 31, 98166-Messina. Istituzione del Centro: 27\/04\/1992, durata 9 anni Rinnovo per altri 9 anni, deliberato nel C.D. del 24\/09\/2001Direttori precedenti: prof. Paolo Gr\u00fcnanger (1992-1998), Universit\u00e0 di Pavia; prof. Donato Pocar (1998-2004), Universit\u00e0 di Milano, prof. Francesco De Sarlo (2004-2010), Prof.ssa Maria Chiara Aversa&hellip; <a class=\"more-link\" href=\"https:\/\/portale2.unime.it\/cirp\/chi-siamo\/\">Continua a leggere <span class=\"screen-reader-text\">Chi siamo<\/span><\/a><\/p>\n","protected":false},"author":1,"featured_media":0,"parent":0,"menu_order":0,"comment_status":"open","ping_status":"open","template":"","meta":{"footnotes":""},"class_list":["post-22","page","type-page","status-publish","hentry","entry"],"yoast_head":"<!-- This site is optimized with the Yoast SEO plugin v27.4 - https:\/\/yoast.com\/product\/yoast-seo-wordpress\/ -->\n<title>Chi siamo - CIRP<\/title>\n<meta name=\"robots\" content=\"index, follow, max-snippet:-1, max-image-preview:large, max-video-preview:-1\" \/>\n<link rel=\"canonical\" href=\"https:\/\/portale2.unime.it\/cirp\/chi-siamo\/\" \/>\n<meta property=\"og:locale\" content=\"it_IT\" \/>\n<meta property=\"og:type\" content=\"article\" \/>\n<meta property=\"og:title\" content=\"Chi siamo - CIRP\" \/>\n<meta property=\"og:description\" content=\"Attuale sede amministrativa: Universit\u00e0 degli Studi di Messina, V.le F. Stagno d&#8217;Alcontres, 31, 98166-Messina. Istituzione del Centro: 27\/04\/1992, durata 9 anni Rinnovo per altri 9 anni, deliberato nel C.D. del 24\/09\/2001Direttori precedenti: prof. Paolo Gr\u00fcnanger (1992-1998), Universit\u00e0 di Pavia; prof. Donato Pocar (1998-2004), Universit\u00e0 di Milano, prof. Francesco De Sarlo (2004-2010), Prof.ssa Maria Chiara Aversa&hellip; Continua a leggere Chi siamo\" \/>\n<meta property=\"og:url\" content=\"https:\/\/portale2.unime.it\/cirp\/chi-siamo\/\" \/>\n<meta property=\"og:site_name\" content=\"CIRP\" \/>\n<meta property=\"article:modified_time\" content=\"2024-06-20T15:04:30+00:00\" \/>\n<meta property=\"og:image\" content=\"https:\/\/portale2.unime.it\/cirp\/wp-content\/uploads\/sites\/41\/2024\/06\/foto-home-1024x768.jpg\" \/>\n<meta name=\"twitter:card\" content=\"summary_large_image\" \/>\n<meta name=\"twitter:label1\" content=\"Tempo di lettura stimato\" \/>\n\t<meta name=\"twitter:data1\" content=\"3 minuti\" \/>\n<script type=\"application\/ld+json\" class=\"yoast-schema-graph\">{\"@context\":\"https:\\\/\\\/schema.org\",\"@graph\":[{\"@type\":\"WebPage\",\"@id\":\"https:\\\/\\\/portale2.unime.it\\\/cirp\\\/chi-siamo\\\/\",\"url\":\"https:\\\/\\\/portale2.unime.it\\\/cirp\\\/chi-siamo\\\/\",\"name\":\"Chi siamo - CIRP\",\"isPartOf\":{\"@id\":\"https:\\\/\\\/portale2.unime.it\\\/cirp\\\/#website\"},\"primaryImageOfPage\":{\"@id\":\"https:\\\/\\\/portale2.unime.it\\\/cirp\\\/chi-siamo\\\/#primaryimage\"},\"image\":{\"@id\":\"https:\\\/\\\/portale2.unime.it\\\/cirp\\\/chi-siamo\\\/#primaryimage\"},\"thumbnailUrl\":\"https:\\\/\\\/portale2.unime.it\\\/cirp\\\/wp-content\\\/uploads\\\/sites\\\/41\\\/2024\\\/06\\\/foto-home-1024x768.jpg\",\"datePublished\":\"2015-05-07T08:41:24+00:00\",\"dateModified\":\"2024-06-20T15:04:30+00:00\",\"breadcrumb\":{\"@id\":\"https:\\\/\\\/portale2.unime.it\\\/cirp\\\/chi-siamo\\\/#breadcrumb\"},\"inLanguage\":\"it-IT\",\"potentialAction\":[{\"@type\":\"ReadAction\",\"target\":[\"https:\\\/\\\/portale2.unime.it\\\/cirp\\\/chi-siamo\\\/\"]}]},{\"@type\":\"ImageObject\",\"inLanguage\":\"it-IT\",\"@id\":\"https:\\\/\\\/portale2.unime.it\\\/cirp\\\/chi-siamo\\\/#primaryimage\",\"url\":\"https:\\\/\\\/portale2.unime.it\\\/cirp\\\/wp-content\\\/uploads\\\/sites\\\/41\\\/2024\\\/06\\\/foto-home.jpg\",\"contentUrl\":\"https:\\\/\\\/portale2.unime.it\\\/cirp\\\/wp-content\\\/uploads\\\/sites\\\/41\\\/2024\\\/06\\\/foto-home.jpg\",\"width\":2272,\"height\":1704},{\"@type\":\"BreadcrumbList\",\"@id\":\"https:\\\/\\\/portale2.unime.it\\\/cirp\\\/chi-siamo\\\/#breadcrumb\",\"itemListElement\":[{\"@type\":\"ListItem\",\"position\":1,\"name\":\"Home\",\"item\":\"https:\\\/\\\/portale2.unime.it\\\/cirp\\\/\"},{\"@type\":\"ListItem\",\"position\":2,\"name\":\"Chi siamo\"}]},{\"@type\":\"WebSite\",\"@id\":\"https:\\\/\\\/portale2.unime.it\\\/cirp\\\/#website\",\"url\":\"https:\\\/\\\/portale2.unime.it\\\/cirp\\\/\",\"name\":\"CIRP\",\"description\":\"\",\"publisher\":{\"@id\":\"https:\\\/\\\/portale2.unime.it\\\/cirp\\\/#organization\"},\"potentialAction\":[{\"@type\":\"SearchAction\",\"target\":{\"@type\":\"EntryPoint\",\"urlTemplate\":\"https:\\\/\\\/portale2.unime.it\\\/cirp\\\/?s={search_term_string}\"},\"query-input\":{\"@type\":\"PropertyValueSpecification\",\"valueRequired\":true,\"valueName\":\"search_term_string\"}}],\"inLanguage\":\"it-IT\"},{\"@type\":\"Organization\",\"@id\":\"https:\\\/\\\/portale2.unime.it\\\/cirp\\\/#organization\",\"name\":\"CIRP\",\"url\":\"https:\\\/\\\/portale2.unime.it\\\/cirp\\\/\",\"logo\":{\"@type\":\"ImageObject\",\"inLanguage\":\"it-IT\",\"@id\":\"https:\\\/\\\/portale2.unime.it\\\/cirp\\\/#\\\/schema\\\/logo\\\/image\\\/\",\"url\":\"https:\\\/\\\/portale2.unime.it\\\/cirp\\\/wp-content\\\/uploads\\\/sites\\\/41\\\/2015\\\/05\\\/logo_sfondo_blu-e1671459127633.jpg\",\"contentUrl\":\"https:\\\/\\\/portale2.unime.it\\\/cirp\\\/wp-content\\\/uploads\\\/sites\\\/41\\\/2015\\\/05\\\/logo_sfondo_blu-e1671459127633.jpg\",\"width\":512,\"height\":263,\"caption\":\"CIRP\"},\"image\":{\"@id\":\"https:\\\/\\\/portale2.unime.it\\\/cirp\\\/#\\\/schema\\\/logo\\\/image\\\/\"}}]}<\/script>\n<!-- \/ Yoast SEO plugin. -->","yoast_head_json":{"title":"Chi siamo - CIRP","robots":{"index":"index","follow":"follow","max-snippet":"max-snippet:-1","max-image-preview":"max-image-preview:large","max-video-preview":"max-video-preview:-1"},"canonical":"https:\/\/portale2.unime.it\/cirp\/chi-siamo\/","og_locale":"it_IT","og_type":"article","og_title":"Chi siamo - CIRP","og_description":"Attuale sede amministrativa: Universit\u00e0 degli Studi di Messina, V.le F. Stagno d&#8217;Alcontres, 31, 98166-Messina. Istituzione del Centro: 27\/04\/1992, durata 9 anni Rinnovo per altri 9 anni, deliberato nel C.D. del 24\/09\/2001Direttori precedenti: prof. Paolo Gr\u00fcnanger (1992-1998), Universit\u00e0 di Pavia; prof. Donato Pocar (1998-2004), Universit\u00e0 di Milano, prof. Francesco De Sarlo (2004-2010), Prof.ssa Maria Chiara Aversa&hellip; Continua a leggere Chi siamo","og_url":"https:\/\/portale2.unime.it\/cirp\/chi-siamo\/","og_site_name":"CIRP","article_modified_time":"2024-06-20T15:04:30+00:00","og_image":[{"url":"https:\/\/portale2.unime.it\/cirp\/wp-content\/uploads\/sites\/41\/2024\/06\/foto-home-1024x768.jpg","type":"","width":"","height":""}],"twitter_card":"summary_large_image","twitter_misc":{"Tempo di lettura stimato":"3 minuti"},"schema":{"@context":"https:\/\/schema.org","@graph":[{"@type":"WebPage","@id":"https:\/\/portale2.unime.it\/cirp\/chi-siamo\/","url":"https:\/\/portale2.unime.it\/cirp\/chi-siamo\/","name":"Chi siamo - CIRP","isPartOf":{"@id":"https:\/\/portale2.unime.it\/cirp\/#website"},"primaryImageOfPage":{"@id":"https:\/\/portale2.unime.it\/cirp\/chi-siamo\/#primaryimage"},"image":{"@id":"https:\/\/portale2.unime.it\/cirp\/chi-siamo\/#primaryimage"},"thumbnailUrl":"https:\/\/portale2.unime.it\/cirp\/wp-content\/uploads\/sites\/41\/2024\/06\/foto-home-1024x768.jpg","datePublished":"2015-05-07T08:41:24+00:00","dateModified":"2024-06-20T15:04:30+00:00","breadcrumb":{"@id":"https:\/\/portale2.unime.it\/cirp\/chi-siamo\/#breadcrumb"},"inLanguage":"it-IT","potentialAction":[{"@type":"ReadAction","target":["https:\/\/portale2.unime.it\/cirp\/chi-siamo\/"]}]},{"@type":"ImageObject","inLanguage":"it-IT","@id":"https:\/\/portale2.unime.it\/cirp\/chi-siamo\/#primaryimage","url":"https:\/\/portale2.unime.it\/cirp\/wp-content\/uploads\/sites\/41\/2024\/06\/foto-home.jpg","contentUrl":"https:\/\/portale2.unime.it\/cirp\/wp-content\/uploads\/sites\/41\/2024\/06\/foto-home.jpg","width":2272,"height":1704},{"@type":"BreadcrumbList","@id":"https:\/\/portale2.unime.it\/cirp\/chi-siamo\/#breadcrumb","itemListElement":[{"@type":"ListItem","position":1,"name":"Home","item":"https:\/\/portale2.unime.it\/cirp\/"},{"@type":"ListItem","position":2,"name":"Chi siamo"}]},{"@type":"WebSite","@id":"https:\/\/portale2.unime.it\/cirp\/#website","url":"https:\/\/portale2.unime.it\/cirp\/","name":"CIRP","description":"","publisher":{"@id":"https:\/\/portale2.unime.it\/cirp\/#organization"},"potentialAction":[{"@type":"SearchAction","target":{"@type":"EntryPoint","urlTemplate":"https:\/\/portale2.unime.it\/cirp\/?s={search_term_string}"},"query-input":{"@type":"PropertyValueSpecification","valueRequired":true,"valueName":"search_term_string"}}],"inLanguage":"it-IT"},{"@type":"Organization","@id":"https:\/\/portale2.unime.it\/cirp\/#organization","name":"CIRP","url":"https:\/\/portale2.unime.it\/cirp\/","logo":{"@type":"ImageObject","inLanguage":"it-IT","@id":"https:\/\/portale2.unime.it\/cirp\/#\/schema\/logo\/image\/","url":"https:\/\/portale2.unime.it\/cirp\/wp-content\/uploads\/sites\/41\/2015\/05\/logo_sfondo_blu-e1671459127633.jpg","contentUrl":"https:\/\/portale2.unime.it\/cirp\/wp-content\/uploads\/sites\/41\/2015\/05\/logo_sfondo_blu-e1671459127633.jpg","width":512,"height":263,"caption":"CIRP"},"image":{"@id":"https:\/\/portale2.unime.it\/cirp\/#\/schema\/logo\/image\/"}}]}},"_links":{"self":[{"href":"https:\/\/portale2.unime.it\/cirp\/wp-json\/wp\/v2\/pages\/22","targetHints":{"allow":["GET"]}}],"collection":[{"href":"https:\/\/portale2.unime.it\/cirp\/wp-json\/wp\/v2\/pages"}],"about":[{"href":"https:\/\/portale2.unime.it\/cirp\/wp-json\/wp\/v2\/types\/page"}],"author":[{"embeddable":true,"href":"https:\/\/portale2.unime.it\/cirp\/wp-json\/wp\/v2\/users\/1"}],"replies":[{"embeddable":true,"href":"https:\/\/portale2.unime.it\/cirp\/wp-json\/wp\/v2\/comments?post=22"}],"version-history":[{"count":24,"href":"https:\/\/portale2.unime.it\/cirp\/wp-json\/wp\/v2\/pages\/22\/revisions"}],"predecessor-version":[{"id":1088,"href":"https:\/\/portale2.unime.it\/cirp\/wp-json\/wp\/v2\/pages\/22\/revisions\/1088"}],"wp:attachment":[{"href":"https:\/\/portale2.unime.it\/cirp\/wp-json\/wp\/v2\/media?parent=22"}],"curies":[{"name":"wp","href":"https:\/\/api.w.org\/{rel}","templated":true}]}}