{"id":24,"date":"2015-05-07T08:42:01","date_gmt":"2015-05-07T08:42:01","guid":{"rendered":"https:\/\/cirp.unipv.it\/?page_id=24"},"modified":"2024-06-20T17:05:23","modified_gmt":"2024-06-20T15:05:23","slug":"programma-scientifico","status":"publish","type":"page","link":"https:\/\/portale2.unime.it\/cirp\/programma-scientifico\/","title":{"rendered":"Programma Scientifico"},"content":{"rendered":"\t\t<div data-elementor-type=\"wp-page\" data-elementor-id=\"24\" class=\"elementor elementor-24\">\n\t\t\t\t<div class=\"elementor-element elementor-element-9db4705 e-flex e-con-boxed e-con e-parent\" data-id=\"9db4705\" data-element_type=\"container\" data-e-type=\"container\">\n\t\t\t\t\t<div class=\"e-con-inner\">\n\t\t\t\t<div class=\"elementor-element elementor-element-61947a4d elementor-widget elementor-widget-text-editor\" data-id=\"61947a4d\" data-element_type=\"widget\" data-e-type=\"widget\" data-widget_type=\"text-editor.default\">\n\t\t\t\t<div class=\"elementor-widget-container\">\n\t\t\t\t\t\t\t\t\t<p><span style=\"color: #000000\">Pochi settori della chimica organica hanno avuto negli ultimi anni uno sviluppo cos\u00ec imponente come quello delle reazioni pericicliche sia dal punto di vista sintetico ed applicativo che puramente teorico. La razionalizzazione delle reazioni di cicloaddizione 1,3-dipolare (Huisgen, 1960), le regole della conservazione della simmetria degli orbitali (Woodward e Hoffmann, 1965), l\u2019applicazione delle reazioni pericicliche alla sintesi totale di molecole complesse di interesse biologico (Kametani, Kozikowski, Tufariello, Oppolzer, 1979-80), sono solo alcuni degli aspetti pi\u00f9 salienti in questo affascinante settore di ricerca.<\/span><br \/><span style=\"color: #000000\">Le reazioni pericicliche rappresentano anche il metodo pi\u00f9 moderno di accesso sintetico ai pi\u00f9 svariati sistemi ciclici, sia carbociclici che eterociclici, ed \u00e8 ben nota l&#8217;importanza di tali sistemi per la sintesi di molecole complesse di interesse bologico.<\/span><br \/><span style=\"color: #000000\">Pertanto il programma scientifico del Centro, che riunisce campi di ricerca da molti anni oggetto di approfonditi studi da parte dei gruppi proponenti, si articola nelle seguenti tematiche principali:Cicloaddizioni [4+2], sia dieniche che eterodieniche; cicloaddizioni [3+2], soprattutto 1,3-dipolari; cicloaddizioni [2+2] e [6+2]; processi elettrociclici; processi sigmatropici; sintesi eniche; applicazione dellereazioni pericicliche alla sintesi di molecole complesse di interesse biologico; chimismo dei sistemi eterociclici e carbociclici preparati con i metodi suddetti; utilizzo di eterocicli quali intermedi chiave nella sintesi di molecole a catena aperta; sintesi stereocontrollate; studi spettroscopici e teorici.<\/span><\/p><p><span style=\"color: #000000\"><strong>Scientific program<\/strong><\/span><br \/><span style=\"color: #000000\">The synthesis of carbocyclic and heterocyclic compounds is a research field of historical significance for the Center, but it is still of outstanding value for the present activity. The importance of the above ring systems for the synthesis of complicate molecules of biological interest is well known and important applications in several fields cannot be overlooked. Moreover, it has to be stressed that cyclic compounds are often valuable intermediates for the preparation of open chain products.<\/span><br \/><span style=\"color: #000000\">Pericyclic reactions are a powerful tool for the synthesis of new carbocyclic and heterocyclic systems characterized by a very rich substitution pattern. Enantio- , diastereo- and regio-selectivity can be easily controlled in such reactions.<\/span><br \/><span style=\"color: #000000\">Basic aim of the Center has been the development of pericyclic reactions both as a synthetic tool and as a theoretical investigation field. Accordingly, the scientific program of the Center encompasses all the themes that are deeply studied since many years by the participating research groups.<\/span><br \/><span style=\"color: #000000\">At present the following main fields are actively developed: diene and heterodiene [4+2]-cycloadditions; [3+2]-cycloadditions, mainly 1,3-dipolar cycloadditions; [2+2]- and [6+4]-cycloadditions, electrocyclic reactions; sigmatropic rearrangements; ene syntheses. Many of these reactions have been revisited in \u201cgreen\u201d form in recent years.<\/span><br \/><span style=\"color: #000000\">In line with modern trends, several research groups are active in the detection of new entries to heterocyclic systems by use of catalytic processes.<\/span><\/p>\t\t\t\t\t\t\t\t<\/div>\n\t\t\t\t<\/div>\n\t\t\t\t\t<\/div>\n\t\t\t\t<\/div>\n\t\t\t\t<\/div>\n\t\t","protected":false},"excerpt":{"rendered":"<p>Pochi settori della chimica organica hanno avuto negli ultimi anni uno sviluppo cos\u00ec imponente come quello delle reazioni pericicliche sia dal punto di vista sintetico ed applicativo che puramente teorico. La razionalizzazione delle reazioni di cicloaddizione 1,3-dipolare (Huisgen, 1960), le regole della conservazione della simmetria degli orbitali (Woodward e Hoffmann, 1965), l\u2019applicazione delle reazioni pericicliche&hellip; <a class=\"more-link\" href=\"https:\/\/portale2.unime.it\/cirp\/programma-scientifico\/\">Continua a leggere <span class=\"screen-reader-text\">Programma Scientifico<\/span><\/a><\/p>\n","protected":false},"author":1,"featured_media":0,"parent":0,"menu_order":0,"comment_status":"open","ping_status":"open","template":"","meta":{"footnotes":""},"class_list":["post-24","page","type-page","status-publish","hentry","entry"],"yoast_head":"<!-- This site is optimized with the Yoast SEO plugin v27.4 - https:\/\/yoast.com\/product\/yoast-seo-wordpress\/ -->\n<title>Programma Scientifico - CIRP<\/title>\n<meta name=\"robots\" content=\"index, follow, max-snippet:-1, max-image-preview:large, max-video-preview:-1\" \/>\n<link rel=\"canonical\" href=\"https:\/\/portale2.unime.it\/cirp\/programma-scientifico\/\" \/>\n<meta property=\"og:locale\" content=\"it_IT\" \/>\n<meta property=\"og:type\" content=\"article\" \/>\n<meta property=\"og:title\" content=\"Programma Scientifico - CIRP\" \/>\n<meta property=\"og:description\" content=\"Pochi settori della chimica organica hanno avuto negli ultimi anni uno sviluppo cos\u00ec imponente come quello delle reazioni pericicliche sia dal punto di vista sintetico ed applicativo che puramente teorico. La razionalizzazione delle reazioni di cicloaddizione 1,3-dipolare (Huisgen, 1960), le regole della conservazione della simmetria degli orbitali (Woodward e Hoffmann, 1965), l\u2019applicazione delle reazioni pericicliche&hellip; Continua a leggere Programma Scientifico\" \/>\n<meta property=\"og:url\" content=\"https:\/\/portale2.unime.it\/cirp\/programma-scientifico\/\" \/>\n<meta property=\"og:site_name\" content=\"CIRP\" \/>\n<meta property=\"article:modified_time\" content=\"2024-06-20T15:05:23+00:00\" \/>\n<meta name=\"twitter:card\" content=\"summary_large_image\" \/>\n<meta name=\"twitter:label1\" content=\"Tempo di lettura stimato\" \/>\n\t<meta name=\"twitter:data1\" content=\"3 minuti\" \/>\n<script type=\"application\/ld+json\" class=\"yoast-schema-graph\">{\"@context\":\"https:\\\/\\\/schema.org\",\"@graph\":[{\"@type\":\"WebPage\",\"@id\":\"https:\\\/\\\/portale2.unime.it\\\/cirp\\\/programma-scientifico\\\/\",\"url\":\"https:\\\/\\\/portale2.unime.it\\\/cirp\\\/programma-scientifico\\\/\",\"name\":\"Programma Scientifico - CIRP\",\"isPartOf\":{\"@id\":\"https:\\\/\\\/portale2.unime.it\\\/cirp\\\/#website\"},\"datePublished\":\"2015-05-07T08:42:01+00:00\",\"dateModified\":\"2024-06-20T15:05:23+00:00\",\"breadcrumb\":{\"@id\":\"https:\\\/\\\/portale2.unime.it\\\/cirp\\\/programma-scientifico\\\/#breadcrumb\"},\"inLanguage\":\"it-IT\",\"potentialAction\":[{\"@type\":\"ReadAction\",\"target\":[\"https:\\\/\\\/portale2.unime.it\\\/cirp\\\/programma-scientifico\\\/\"]}]},{\"@type\":\"BreadcrumbList\",\"@id\":\"https:\\\/\\\/portale2.unime.it\\\/cirp\\\/programma-scientifico\\\/#breadcrumb\",\"itemListElement\":[{\"@type\":\"ListItem\",\"position\":1,\"name\":\"Home\",\"item\":\"https:\\\/\\\/portale2.unime.it\\\/cirp\\\/\"},{\"@type\":\"ListItem\",\"position\":2,\"name\":\"Programma Scientifico\"}]},{\"@type\":\"WebSite\",\"@id\":\"https:\\\/\\\/portale2.unime.it\\\/cirp\\\/#website\",\"url\":\"https:\\\/\\\/portale2.unime.it\\\/cirp\\\/\",\"name\":\"CIRP\",\"description\":\"\",\"publisher\":{\"@id\":\"https:\\\/\\\/portale2.unime.it\\\/cirp\\\/#organization\"},\"potentialAction\":[{\"@type\":\"SearchAction\",\"target\":{\"@type\":\"EntryPoint\",\"urlTemplate\":\"https:\\\/\\\/portale2.unime.it\\\/cirp\\\/?s={search_term_string}\"},\"query-input\":{\"@type\":\"PropertyValueSpecification\",\"valueRequired\":true,\"valueName\":\"search_term_string\"}}],\"inLanguage\":\"it-IT\"},{\"@type\":\"Organization\",\"@id\":\"https:\\\/\\\/portale2.unime.it\\\/cirp\\\/#organization\",\"name\":\"CIRP\",\"url\":\"https:\\\/\\\/portale2.unime.it\\\/cirp\\\/\",\"logo\":{\"@type\":\"ImageObject\",\"inLanguage\":\"it-IT\",\"@id\":\"https:\\\/\\\/portale2.unime.it\\\/cirp\\\/#\\\/schema\\\/logo\\\/image\\\/\",\"url\":\"https:\\\/\\\/portale2.unime.it\\\/cirp\\\/wp-content\\\/uploads\\\/sites\\\/41\\\/2015\\\/05\\\/logo_sfondo_blu-e1671459127633.jpg\",\"contentUrl\":\"https:\\\/\\\/portale2.unime.it\\\/cirp\\\/wp-content\\\/uploads\\\/sites\\\/41\\\/2015\\\/05\\\/logo_sfondo_blu-e1671459127633.jpg\",\"width\":512,\"height\":263,\"caption\":\"CIRP\"},\"image\":{\"@id\":\"https:\\\/\\\/portale2.unime.it\\\/cirp\\\/#\\\/schema\\\/logo\\\/image\\\/\"}}]}<\/script>\n<!-- \/ Yoast SEO plugin. -->","yoast_head_json":{"title":"Programma Scientifico - CIRP","robots":{"index":"index","follow":"follow","max-snippet":"max-snippet:-1","max-image-preview":"max-image-preview:large","max-video-preview":"max-video-preview:-1"},"canonical":"https:\/\/portale2.unime.it\/cirp\/programma-scientifico\/","og_locale":"it_IT","og_type":"article","og_title":"Programma Scientifico - CIRP","og_description":"Pochi settori della chimica organica hanno avuto negli ultimi anni uno sviluppo cos\u00ec imponente come quello delle reazioni pericicliche sia dal punto di vista sintetico ed applicativo che puramente teorico. La razionalizzazione delle reazioni di cicloaddizione 1,3-dipolare (Huisgen, 1960), le regole della conservazione della simmetria degli orbitali (Woodward e Hoffmann, 1965), l\u2019applicazione delle reazioni pericicliche&hellip; Continua a leggere Programma Scientifico","og_url":"https:\/\/portale2.unime.it\/cirp\/programma-scientifico\/","og_site_name":"CIRP","article_modified_time":"2024-06-20T15:05:23+00:00","twitter_card":"summary_large_image","twitter_misc":{"Tempo di lettura stimato":"3 minuti"},"schema":{"@context":"https:\/\/schema.org","@graph":[{"@type":"WebPage","@id":"https:\/\/portale2.unime.it\/cirp\/programma-scientifico\/","url":"https:\/\/portale2.unime.it\/cirp\/programma-scientifico\/","name":"Programma Scientifico - CIRP","isPartOf":{"@id":"https:\/\/portale2.unime.it\/cirp\/#website"},"datePublished":"2015-05-07T08:42:01+00:00","dateModified":"2024-06-20T15:05:23+00:00","breadcrumb":{"@id":"https:\/\/portale2.unime.it\/cirp\/programma-scientifico\/#breadcrumb"},"inLanguage":"it-IT","potentialAction":[{"@type":"ReadAction","target":["https:\/\/portale2.unime.it\/cirp\/programma-scientifico\/"]}]},{"@type":"BreadcrumbList","@id":"https:\/\/portale2.unime.it\/cirp\/programma-scientifico\/#breadcrumb","itemListElement":[{"@type":"ListItem","position":1,"name":"Home","item":"https:\/\/portale2.unime.it\/cirp\/"},{"@type":"ListItem","position":2,"name":"Programma Scientifico"}]},{"@type":"WebSite","@id":"https:\/\/portale2.unime.it\/cirp\/#website","url":"https:\/\/portale2.unime.it\/cirp\/","name":"CIRP","description":"","publisher":{"@id":"https:\/\/portale2.unime.it\/cirp\/#organization"},"potentialAction":[{"@type":"SearchAction","target":{"@type":"EntryPoint","urlTemplate":"https:\/\/portale2.unime.it\/cirp\/?s={search_term_string}"},"query-input":{"@type":"PropertyValueSpecification","valueRequired":true,"valueName":"search_term_string"}}],"inLanguage":"it-IT"},{"@type":"Organization","@id":"https:\/\/portale2.unime.it\/cirp\/#organization","name":"CIRP","url":"https:\/\/portale2.unime.it\/cirp\/","logo":{"@type":"ImageObject","inLanguage":"it-IT","@id":"https:\/\/portale2.unime.it\/cirp\/#\/schema\/logo\/image\/","url":"https:\/\/portale2.unime.it\/cirp\/wp-content\/uploads\/sites\/41\/2015\/05\/logo_sfondo_blu-e1671459127633.jpg","contentUrl":"https:\/\/portale2.unime.it\/cirp\/wp-content\/uploads\/sites\/41\/2015\/05\/logo_sfondo_blu-e1671459127633.jpg","width":512,"height":263,"caption":"CIRP"},"image":{"@id":"https:\/\/portale2.unime.it\/cirp\/#\/schema\/logo\/image\/"}}]}},"_links":{"self":[{"href":"https:\/\/portale2.unime.it\/cirp\/wp-json\/wp\/v2\/pages\/24","targetHints":{"allow":["GET"]}}],"collection":[{"href":"https:\/\/portale2.unime.it\/cirp\/wp-json\/wp\/v2\/pages"}],"about":[{"href":"https:\/\/portale2.unime.it\/cirp\/wp-json\/wp\/v2\/types\/page"}],"author":[{"embeddable":true,"href":"https:\/\/portale2.unime.it\/cirp\/wp-json\/wp\/v2\/users\/1"}],"replies":[{"embeddable":true,"href":"https:\/\/portale2.unime.it\/cirp\/wp-json\/wp\/v2\/comments?post=24"}],"version-history":[{"count":10,"href":"https:\/\/portale2.unime.it\/cirp\/wp-json\/wp\/v2\/pages\/24\/revisions"}],"predecessor-version":[{"id":1091,"href":"https:\/\/portale2.unime.it\/cirp\/wp-json\/wp\/v2\/pages\/24\/revisions\/1091"}],"wp:attachment":[{"href":"https:\/\/portale2.unime.it\/cirp\/wp-json\/wp\/v2\/media?parent=24"}],"curies":[{"name":"wp","href":"https:\/\/api.w.org\/{rel}","templated":true}]}}