{"id":35,"date":"2021-05-04T08:14:24","date_gmt":"2021-05-04T06:14:24","guid":{"rendered":"https:\/\/portale.unime.it\/modellopersona\/?page_id=35"},"modified":"2023-03-01T10:24:58","modified_gmt":"2023-03-01T09:24:58","slug":"location","status":"publish","type":"page","link":"https:\/\/portale2.unime.it\/cirp2023\/location\/","title":{"rendered":"LOCATION &#8211; ACCOMODATION"},"content":{"rendered":"\t\t<div data-elementor-type=\"wp-page\" data-elementor-id=\"35\" class=\"elementor elementor-35\">\n\t\t\t\t\t\t<section class=\"elementor-section elementor-top-section elementor-element elementor-element-dee254e elementor-section-boxed elementor-section-height-default elementor-section-height-default\" data-id=\"dee254e\" data-element_type=\"section\" data-e-type=\"section\" data-settings=\"{&quot;background_background&quot;:&quot;classic&quot;}\">\n\t\t\t\t\t\t\t<div class=\"elementor-background-overlay\"><\/div>\n\t\t\t\t\t\t\t<div class=\"elementor-container elementor-column-gap-default\">\n\t\t\t\t\t<div class=\"elementor-column elementor-col-100 elementor-top-column elementor-element elementor-element-ac07abd\" data-id=\"ac07abd\" data-element_type=\"column\" data-e-type=\"column\">\n\t\t\t<div class=\"elementor-widget-wrap elementor-element-populated\">\n\t\t\t\t\t\t<div class=\"elementor-element elementor-element-5c178a5 elementor-invisible elementor-widget elementor-widget-heading\" data-id=\"5c178a5\" data-element_type=\"widget\" data-e-type=\"widget\" data-settings=\"{&quot;_animation&quot;:&quot;fadeInDown&quot;}\" data-widget_type=\"heading.default\">\n\t\t\t\t<div class=\"elementor-widget-container\">\n\t\t\t\t\t<h2 class=\"elementor-heading-title elementor-size-default\"><br><br>   LOCATION - ACCOMODATION<br><br><br><\/h2>\t\t\t\t<\/div>\n\t\t\t\t<\/div>\n\t\t\t\t\t<\/div>\n\t\t<\/div>\n\t\t\t\t\t<\/div>\n\t\t<\/section>\n\t\t\t\t<section class=\"elementor-section elementor-top-section elementor-element elementor-element-1366753 elementor-section-boxed elementor-section-height-default elementor-section-height-default\" data-id=\"1366753\" data-element_type=\"section\" data-e-type=\"section\">\n\t\t\t\t\t\t<div class=\"elementor-container elementor-column-gap-default\">\n\t\t\t\t\t<div class=\"elementor-column elementor-col-50 elementor-top-column elementor-element elementor-element-c6f7bff elementor-invisible\" data-id=\"c6f7bff\" data-element_type=\"column\" data-e-type=\"column\" data-settings=\"{&quot;background_background&quot;:&quot;classic&quot;,&quot;animation&quot;:&quot;fadeInLeft&quot;}\">\n\t\t\t<div class=\"elementor-widget-wrap elementor-element-populated\">\n\t\t\t\t\t\t<div class=\"elementor-element elementor-element-d6f87c0 elementor-widget elementor-widget-heading\" data-id=\"d6f87c0\" data-element_type=\"widget\" data-e-type=\"widget\" data-widget_type=\"heading.default\">\n\t\t\t\t<div class=\"elementor-widget-container\">\n\t\t\t\t\t<h3 class=\"elementor-heading-title elementor-size-default\"><a href=\"https:\/\/portale.unime.it\/modellopersona\/ricerca\/\">SEDE DEL CONVEGNO<\/a><\/h3>\t\t\t\t<\/div>\n\t\t\t\t<\/div>\n\t\t\t\t<div class=\"elementor-element elementor-element-b20b1d4 elementor-view-default elementor-widget elementor-widget-icon\" data-id=\"b20b1d4\" data-element_type=\"widget\" data-e-type=\"widget\" data-widget_type=\"icon.default\">\n\t\t\t\t<div class=\"elementor-widget-container\">\n\t\t\t\t\t\t\t<div class=\"elementor-icon-wrapper\">\n\t\t\t<div class=\"elementor-icon\">\n\t\t\t<svg aria-hidden=\"true\" class=\"e-font-icon-svg e-fas-map-marked-alt\" viewBox=\"0 0 576 512\" xmlns=\"http:\/\/www.w3.org\/2000\/svg\"><path d=\"M288 0c-69.59 0-126 56.41-126 126 0 56.26 82.35 158.8 113.9 196.02 6.39 7.54 17.82 7.54 24.2 0C331.65 284.8 414 182.26 414 126 414 56.41 357.59 0 288 0zm0 168c-23.2 0-42-18.8-42-42s18.8-42 42-42 42 18.8 42 42-18.8 42-42 42zM20.12 215.95A32.006 32.006 0 0 0 0 245.66v250.32c0 11.32 11.43 19.06 21.94 14.86L160 448V214.92c-8.84-15.98-16.07-31.54-21.25-46.42L20.12 215.95zM288 359.67c-14.07 0-27.38-6.18-36.51-16.96-19.66-23.2-40.57-49.62-59.49-76.72v182l192 64V266c-18.92 27.09-39.82 53.52-59.49 76.72-9.13 10.77-22.44 16.95-36.51 16.95zm266.06-198.51L416 224v288l139.88-55.95A31.996 31.996 0 0 0 576 426.34V176.02c0-11.32-11.43-19.06-21.94-14.86z\"><\/path><\/svg>\t\t\t<\/div>\n\t\t<\/div>\n\t\t\t\t\t\t<\/div>\n\t\t\t\t<\/div>\n\t\t\t\t\t<\/div>\n\t\t<\/div>\n\t\t\t\t<div class=\"elementor-column elementor-col-50 elementor-top-column elementor-element elementor-element-7edcdbe elementor-invisible\" data-id=\"7edcdbe\" data-element_type=\"column\" data-e-type=\"column\" data-settings=\"{&quot;animation&quot;:&quot;fadeInRight&quot;}\">\n\t\t\t<div class=\"elementor-widget-wrap elementor-element-populated\">\n\t\t\t\t\t\t<div class=\"elementor-element elementor-element-ffe12d2 elementor-widget elementor-widget-text-editor\" data-id=\"ffe12d2\" data-element_type=\"widget\" data-e-type=\"widget\" data-widget_type=\"text-editor.default\">\n\t\t\t\t<div class=\"elementor-widget-container\">\n\t\t\t\t\t\t\t\t\t<p style=\"text-align: justify\">Il XIX Convegno Nazionale sulle Reazioni Pericicliche e Sintesi di Etero e Carbocicli si terr\u00e0 presso la sala conferenze del Grand Hotel Excelsior di Reggio Calabria.<\/p><p style=\"text-align: justify\">L\u2019intento del convegno CIRP \u00e8 quello di favorire lo scambio di informazioni sui risultati pi\u00f9 recenti delle varie attivit\u00e0 di ricerca tra gli afferenti.<\/p><p style=\"text-align: justify\">Quale migliore occasione pu\u00f2 essere quella di riunirsi in un&#8217;unica sede che accolga lo svolgimento dei lavori e favorisca la convivialit\u00e0 tra i partecipanti!!<\/p>\t\t\t\t\t\t\t\t<\/div>\n\t\t\t\t<\/div>\n\t\t\t\t<div class=\"elementor-element elementor-element-ac60b44 elementor-widget elementor-widget-google_maps\" data-id=\"ac60b44\" data-element_type=\"widget\" data-e-type=\"widget\" data-widget_type=\"google_maps.default\">\n\t\t\t\t<div class=\"elementor-widget-container\">\n\t\t\t\t\t\t\t<div class=\"elementor-custom-embed\">\n\t\t\t<iframe loading=\"lazy\"\n\t\t\t\t\tsrc=\"https:\/\/maps.google.com\/maps?q=hotel%20excelsior%20reggio%20calabria&#038;t=m&#038;z=10&#038;output=embed&#038;iwloc=near\"\n\t\t\t\t\ttitle=\"hotel excelsior reggio calabria\"\n\t\t\t\t\taria-label=\"hotel excelsior reggio calabria\"\n\t\t\t><\/iframe>\n\t\t<\/div>\n\t\t\t\t\t\t<\/div>\n\t\t\t\t<\/div>\n\t\t\t\t\t<\/div>\n\t\t<\/div>\n\t\t\t\t\t<\/div>\n\t\t<\/section>\n\t\t\t\t<section class=\"elementor-section elementor-top-section elementor-element elementor-element-75baeda elementor-section-boxed elementor-section-height-default elementor-section-height-default\" data-id=\"75baeda\" data-element_type=\"section\" data-e-type=\"section\">\n\t\t\t\t\t\t<div class=\"elementor-container elementor-column-gap-default\">\n\t\t\t\t\t<div class=\"elementor-column elementor-col-50 elementor-top-column elementor-element elementor-element-be55567 elementor-invisible\" data-id=\"be55567\" data-element_type=\"column\" data-e-type=\"column\" data-settings=\"{&quot;background_background&quot;:&quot;classic&quot;,&quot;animation&quot;:&quot;fadeInLeft&quot;}\">\n\t\t\t<div class=\"elementor-widget-wrap elementor-element-populated\">\n\t\t\t\t\t\t<div class=\"elementor-element elementor-element-6de9d14 elementor-widget elementor-widget-heading\" data-id=\"6de9d14\" data-element_type=\"widget\" data-e-type=\"widget\" data-widget_type=\"heading.default\">\n\t\t\t\t<div class=\"elementor-widget-container\">\n\t\t\t\t\t<h3 class=\"elementor-heading-title elementor-size-default\"><a href=\"https:\/\/portale.unime.it\/modellopersona\/ricerca\/\">DOVE <br>DORMIRE<\/a><\/h3>\t\t\t\t<\/div>\n\t\t\t\t<\/div>\n\t\t\t\t<div class=\"elementor-element elementor-element-c943743 elementor-view-default elementor-widget elementor-widget-icon\" data-id=\"c943743\" data-element_type=\"widget\" data-e-type=\"widget\" data-widget_type=\"icon.default\">\n\t\t\t\t<div class=\"elementor-widget-container\">\n\t\t\t\t\t\t\t<div class=\"elementor-icon-wrapper\">\n\t\t\t<div class=\"elementor-icon\">\n\t\t\t<svg aria-hidden=\"true\" class=\"e-font-icon-svg e-fas-hotel\" viewBox=\"0 0 576 512\" xmlns=\"http:\/\/www.w3.org\/2000\/svg\"><path d=\"M560 64c8.84 0 16-7.16 16-16V16c0-8.84-7.16-16-16-16H16C7.16 0 0 7.16 0 16v32c0 8.84 7.16 16 16 16h15.98v384H16c-8.84 0-16 7.16-16 16v32c0 8.84 7.16 16 16 16h240v-80c0-8.8 7.2-16 16-16h32c8.8 0 16 7.2 16 16v80h240c8.84 0 16-7.16 16-16v-32c0-8.84-7.16-16-16-16h-16V64h16zm-304 44.8c0-6.4 6.4-12.8 12.8-12.8h38.4c6.4 0 12.8 6.4 12.8 12.8v38.4c0 6.4-6.4 12.8-12.8 12.8h-38.4c-6.4 0-12.8-6.4-12.8-12.8v-38.4zm0 96c0-6.4 6.4-12.8 12.8-12.8h38.4c6.4 0 12.8 6.4 12.8 12.8v38.4c0 6.4-6.4 12.8-12.8 12.8h-38.4c-6.4 0-12.8-6.4-12.8-12.8v-38.4zm-128-96c0-6.4 6.4-12.8 12.8-12.8h38.4c6.4 0 12.8 6.4 12.8 12.8v38.4c0 6.4-6.4 12.8-12.8 12.8h-38.4c-6.4 0-12.8-6.4-12.8-12.8v-38.4zM179.2 256h-38.4c-6.4 0-12.8-6.4-12.8-12.8v-38.4c0-6.4 6.4-12.8 12.8-12.8h38.4c6.4 0 12.8 6.4 12.8 12.8v38.4c0 6.4-6.4 12.8-12.8 12.8zM192 384c0-53.02 42.98-96 96-96s96 42.98 96 96H192zm256-140.8c0 6.4-6.4 12.8-12.8 12.8h-38.4c-6.4 0-12.8-6.4-12.8-12.8v-38.4c0-6.4 6.4-12.8 12.8-12.8h38.4c6.4 0 12.8 6.4 12.8 12.8v38.4zm0-96c0 6.4-6.4 12.8-12.8 12.8h-38.4c-6.4 0-12.8-6.4-12.8-12.8v-38.4c0-6.4 6.4-12.8 12.8-12.8h38.4c6.4 0 12.8 6.4 12.8 12.8v38.4z\"><\/path><\/svg>\t\t\t<\/div>\n\t\t<\/div>\n\t\t\t\t\t\t<\/div>\n\t\t\t\t<\/div>\n\t\t\t\t\t<\/div>\n\t\t<\/div>\n\t\t\t\t<div class=\"elementor-column elementor-col-50 elementor-top-column elementor-element elementor-element-73a64ba elementor-invisible\" data-id=\"73a64ba\" data-element_type=\"column\" data-e-type=\"column\" data-settings=\"{&quot;animation&quot;:&quot;fadeInRight&quot;}\">\n\t\t\t<div class=\"elementor-widget-wrap elementor-element-populated\">\n\t\t\t\t\t\t<div class=\"elementor-element elementor-element-f7d3709 elementor-widget elementor-widget-text-editor\" data-id=\"f7d3709\" data-element_type=\"widget\" data-e-type=\"widget\" data-widget_type=\"text-editor.default\">\n\t\t\t\t<div class=\"elementor-widget-container\">\n\t\t\t\t\t\t\t\t\t<p style=\"text-align: justify\">Il \u201c<em>Grand Hotel Excelsior<\/em>\u201d, sede del convegno, offre la possibilit\u00e0 di alloggiare presso la sua struttura, mettendo a disposizione camere singole, doppie e triple a prezzi concordati.<\/p><p style=\"text-align: justify\">La prenotazione delle camere, secondo disponibilit\u00e0 dovr\u00e0 essere effettuata <strong>entro il 15.05.2023<\/strong> tramite contatto telefonico 0965 812211 oppure tramite mail <a href=\"mailto:info.excelsior@montesanohotels.it\">info.excelsior@montesanohotels.it<\/a> utilizzando il <u>codice CIRP2023<\/u>.<\/p>\t\t\t\t\t\t\t\t<\/div>\n\t\t\t\t<\/div>\n\t\t\t\t\t<\/div>\n\t\t<\/div>\n\t\t\t\t\t<\/div>\n\t\t<\/section>\n\t\t\t\t<section class=\"elementor-section elementor-top-section elementor-element elementor-element-35ae5d6 elementor-section-boxed elementor-section-height-default elementor-section-height-default\" data-id=\"35ae5d6\" data-element_type=\"section\" data-e-type=\"section\">\n\t\t\t\t\t\t<div class=\"elementor-container elementor-column-gap-default\">\n\t\t\t\t\t<div class=\"elementor-column elementor-col-100 elementor-top-column elementor-element elementor-element-5a6e77a\" data-id=\"5a6e77a\" data-element_type=\"column\" data-e-type=\"column\">\n\t\t\t<div class=\"elementor-widget-wrap elementor-element-populated\">\n\t\t\t\t\t\t<div class=\"elementor-element elementor-element-c4074c6 elementor-widget elementor-widget-text-editor\" data-id=\"c4074c6\" data-element_type=\"widget\" data-e-type=\"widget\" data-widget_type=\"text-editor.default\">\n\t\t\t\t<div class=\"elementor-widget-container\">\n\t\t\t\t\t\t\t\t\t<p><span style=\"color: #000000\"><strong>Grand Hotel Excelsior<\/strong><\/span><\/p>\t\t\t\t\t\t\t\t<\/div>\n\t\t\t\t<\/div>\n\t\t\t\t<div class=\"elementor-element elementor-element-67d2080 elementor-widget elementor-widget-text-editor\" data-id=\"67d2080\" data-element_type=\"widget\" data-e-type=\"widget\" data-widget_type=\"text-editor.default\">\n\t\t\t\t<div class=\"elementor-widget-container\">\n\t\t\t\t\t\t\t\t\t<table style=\"border-collapse: collapse;width: 100%;height: 142px\">\n<tbody>\n<tr style=\"height: 60px\">\n<td style=\"width: 69.2771%;height: 60px\"><span style=\"color: #000000\">Camera Doppia uso Singola<\/span><\/td>\n<td style=\"width: 30.7229%;height: 60px\"><span style=\"color: #000000\">95 euro<\/span><\/td>\n<\/tr>\n<tr style=\"height: 52px\">\n<td style=\"width: 69.2771%;height: 52px\"><span style=\"color: #000000\">Camera Doppia<\/span><\/td>\n<td style=\"width: 30.7229%;height: 52px\"><span style=\"color: #000000\">120 euro<\/span><\/td>\n<\/tr>\n<tr style=\"height: 30px\">\n<td style=\"width: 69.2771%;height: 30px\"><span style=\"color: #000000\">Camera Tripla*<\/span><\/td>\n<td style=\"width: 30.7229%;height: 30px\"><span style=\"color: #000000\">150 euro<\/span><\/td>\n<\/tr>\n<\/tbody>\n<\/table>\t\t\t\t\t\t\t\t<\/div>\n\t\t\t\t<\/div>\n\t\t\t\t<div class=\"elementor-element elementor-element-fe2b102 elementor-widget elementor-widget-text-editor\" data-id=\"fe2b102\" data-element_type=\"widget\" data-e-type=\"widget\" data-widget_type=\"text-editor.default\">\n\t\t\t\t<div class=\"elementor-widget-container\">\n\t\t\t\t\t\t\t\t\t<p><span style=\"font-size: 12pt\">I prezzi includono la prima colazione, Tassa di soggiorno esclusa (2.5 euro persona\/notte) <\/span><\/p><p><span style=\"font-size: 12pt\">* Il numero delle camere triple \u00e8 limitato pertanto si consiglia di prenotare prima possibile.<\/span><\/p>\t\t\t\t\t\t\t\t<\/div>\n\t\t\t\t<\/div>\n\t\t\t\t\t<\/div>\n\t\t<\/div>\n\t\t\t\t\t<\/div>\n\t\t<\/section>\n\t\t\t\t<\/div>\n\t\t","protected":false},"excerpt":{"rendered":"<p>LOCATION &#8211; ACCOMODATION SEDE DEL CONVEGNO Il XIX Convegno Nazionale sulle Reazioni Pericicliche e Sintesi di Etero e Carbocicli si terr\u00e0 presso la sala conferenze del Grand Hotel Excelsior di Reggio Calabria. L\u2019intento del convegno CIRP \u00e8 quello di favorire lo scambio di informazioni sui risultati pi\u00f9 recenti delle varie attivit\u00e0 di ricerca tra gli&hellip; <a class=\"more-link\" href=\"https:\/\/portale2.unime.it\/cirp2023\/location\/\">Continua a leggere <span class=\"screen-reader-text\">LOCATION &#8211; ACCOMODATION<\/span><\/a><\/p>\n","protected":false},"author":1,"featured_media":0,"parent":0,"menu_order":0,"comment_status":"closed","ping_status":"closed","template":"elementor_header_footer","meta":{"footnotes":""},"class_list":["post-35","page","type-page","status-publish","hentry","entry"],"yoast_head":"<!-- This site is optimized with the Yoast SEO plugin v27.3 - https:\/\/yoast.com\/product\/yoast-seo-wordpress\/ -->\n<title>LOCATION - ACCOMODATION - CIRP 2023<\/title>\n<meta name=\"robots\" content=\"index, follow, max-snippet:-1, max-image-preview:large, max-video-preview:-1\" \/>\n<link rel=\"canonical\" href=\"https:\/\/portale2.unime.it\/cirp2023\/location\/\" \/>\n<meta property=\"og:locale\" content=\"it_IT\" \/>\n<meta property=\"og:type\" content=\"article\" \/>\n<meta property=\"og:title\" content=\"LOCATION - ACCOMODATION - CIRP 2023\" \/>\n<meta property=\"og:description\" content=\"LOCATION &#8211; ACCOMODATION SEDE DEL CONVEGNO Il XIX Convegno Nazionale sulle Reazioni Pericicliche e Sintesi di Etero e Carbocicli si terr\u00e0 presso la sala conferenze del Grand Hotel Excelsior di Reggio Calabria. L\u2019intento del convegno CIRP \u00e8 quello di favorire lo scambio di informazioni sui risultati pi\u00f9 recenti delle varie attivit\u00e0 di ricerca tra gli&hellip; Continua a leggere LOCATION &#8211; ACCOMODATION\" \/>\n<meta property=\"og:url\" content=\"https:\/\/portale2.unime.it\/cirp2023\/location\/\" \/>\n<meta property=\"og:site_name\" content=\"CIRP 2023\" \/>\n<meta property=\"article:modified_time\" content=\"2023-03-01T09:24:58+00:00\" \/>\n<meta name=\"twitter:card\" content=\"summary_large_image\" \/>\n<meta name=\"twitter:label1\" content=\"Tempo di lettura stimato\" \/>\n\t<meta name=\"twitter:data1\" content=\"1 minuto\" \/>\n<script type=\"application\/ld+json\" class=\"yoast-schema-graph\">{\"@context\":\"https:\\\/\\\/schema.org\",\"@graph\":[{\"@type\":\"WebPage\",\"@id\":\"https:\\\/\\\/portale2.unime.it\\\/cirp2023\\\/location\\\/\",\"url\":\"https:\\\/\\\/portale2.unime.it\\\/cirp2023\\\/location\\\/\",\"name\":\"LOCATION - ACCOMODATION - CIRP 2023\",\"isPartOf\":{\"@id\":\"https:\\\/\\\/cirp2023.unime.it\\\/#website\"},\"datePublished\":\"2021-05-04T06:14:24+00:00\",\"dateModified\":\"2023-03-01T09:24:58+00:00\",\"breadcrumb\":{\"@id\":\"https:\\\/\\\/portale2.unime.it\\\/cirp2023\\\/location\\\/#breadcrumb\"},\"inLanguage\":\"it-IT\",\"potentialAction\":[{\"@type\":\"ReadAction\",\"target\":[\"https:\\\/\\\/portale2.unime.it\\\/cirp2023\\\/location\\\/\"]}]},{\"@type\":\"BreadcrumbList\",\"@id\":\"https:\\\/\\\/portale2.unime.it\\\/cirp2023\\\/location\\\/#breadcrumb\",\"itemListElement\":[{\"@type\":\"ListItem\",\"position\":1,\"name\":\"Home\",\"item\":\"https:\\\/\\\/cirp2023.unime.it\\\/\"},{\"@type\":\"ListItem\",\"position\":2,\"name\":\"LOCATION &#8211; ACCOMODATION\"}]},{\"@type\":\"WebSite\",\"@id\":\"https:\\\/\\\/cirp2023.unime.it\\\/#website\",\"url\":\"https:\\\/\\\/cirp2023.unime.it\\\/\",\"name\":\"CIRP 2023\",\"description\":\"XIX Convegno Nazionale sulle Reazioni Pericicliche e Sintesi di Etero e Carbocicli\",\"potentialAction\":[{\"@type\":\"SearchAction\",\"target\":{\"@type\":\"EntryPoint\",\"urlTemplate\":\"https:\\\/\\\/cirp2023.unime.it\\\/?s={search_term_string}\"},\"query-input\":{\"@type\":\"PropertyValueSpecification\",\"valueRequired\":true,\"valueName\":\"search_term_string\"}}],\"inLanguage\":\"it-IT\"}]}<\/script>\n<!-- \/ Yoast SEO plugin. -->","yoast_head_json":{"title":"LOCATION - ACCOMODATION - CIRP 2023","robots":{"index":"index","follow":"follow","max-snippet":"max-snippet:-1","max-image-preview":"max-image-preview:large","max-video-preview":"max-video-preview:-1"},"canonical":"https:\/\/portale2.unime.it\/cirp2023\/location\/","og_locale":"it_IT","og_type":"article","og_title":"LOCATION - ACCOMODATION - CIRP 2023","og_description":"LOCATION &#8211; ACCOMODATION SEDE DEL CONVEGNO Il XIX Convegno Nazionale sulle Reazioni Pericicliche e Sintesi di Etero e Carbocicli si terr\u00e0 presso la sala conferenze del Grand Hotel Excelsior di Reggio Calabria. L\u2019intento del convegno CIRP \u00e8 quello di favorire lo scambio di informazioni sui risultati pi\u00f9 recenti delle varie attivit\u00e0 di ricerca tra gli&hellip; Continua a leggere LOCATION &#8211; ACCOMODATION","og_url":"https:\/\/portale2.unime.it\/cirp2023\/location\/","og_site_name":"CIRP 2023","article_modified_time":"2023-03-01T09:24:58+00:00","twitter_card":"summary_large_image","twitter_misc":{"Tempo di lettura stimato":"1 minuto"},"schema":{"@context":"https:\/\/schema.org","@graph":[{"@type":"WebPage","@id":"https:\/\/portale2.unime.it\/cirp2023\/location\/","url":"https:\/\/portale2.unime.it\/cirp2023\/location\/","name":"LOCATION - ACCOMODATION - CIRP 2023","isPartOf":{"@id":"https:\/\/cirp2023.unime.it\/#website"},"datePublished":"2021-05-04T06:14:24+00:00","dateModified":"2023-03-01T09:24:58+00:00","breadcrumb":{"@id":"https:\/\/portale2.unime.it\/cirp2023\/location\/#breadcrumb"},"inLanguage":"it-IT","potentialAction":[{"@type":"ReadAction","target":["https:\/\/portale2.unime.it\/cirp2023\/location\/"]}]},{"@type":"BreadcrumbList","@id":"https:\/\/portale2.unime.it\/cirp2023\/location\/#breadcrumb","itemListElement":[{"@type":"ListItem","position":1,"name":"Home","item":"https:\/\/cirp2023.unime.it\/"},{"@type":"ListItem","position":2,"name":"LOCATION &#8211; ACCOMODATION"}]},{"@type":"WebSite","@id":"https:\/\/cirp2023.unime.it\/#website","url":"https:\/\/cirp2023.unime.it\/","name":"CIRP 2023","description":"XIX Convegno Nazionale sulle Reazioni Pericicliche e Sintesi di Etero e Carbocicli","potentialAction":[{"@type":"SearchAction","target":{"@type":"EntryPoint","urlTemplate":"https:\/\/cirp2023.unime.it\/?s={search_term_string}"},"query-input":{"@type":"PropertyValueSpecification","valueRequired":true,"valueName":"search_term_string"}}],"inLanguage":"it-IT"}]}},"_links":{"self":[{"href":"https:\/\/portale2.unime.it\/cirp2023\/wp-json\/wp\/v2\/pages\/35","targetHints":{"allow":["GET"]}}],"collection":[{"href":"https:\/\/portale2.unime.it\/cirp2023\/wp-json\/wp\/v2\/pages"}],"about":[{"href":"https:\/\/portale2.unime.it\/cirp2023\/wp-json\/wp\/v2\/types\/page"}],"author":[{"embeddable":true,"href":"https:\/\/portale2.unime.it\/cirp2023\/wp-json\/wp\/v2\/users\/1"}],"replies":[{"embeddable":true,"href":"https:\/\/portale2.unime.it\/cirp2023\/wp-json\/wp\/v2\/comments?post=35"}],"version-history":[{"count":71,"href":"https:\/\/portale2.unime.it\/cirp2023\/wp-json\/wp\/v2\/pages\/35\/revisions"}],"predecessor-version":[{"id":1250,"href":"https:\/\/portale2.unime.it\/cirp2023\/wp-json\/wp\/v2\/pages\/35\/revisions\/1250"}],"wp:attachment":[{"href":"https:\/\/portale2.unime.it\/cirp2023\/wp-json\/wp\/v2\/media?parent=35"}],"curies":[{"name":"wp","href":"https:\/\/api.w.org\/{rel}","templated":true}]}}