{"id":3748,"date":"2022-06-06T10:38:36","date_gmt":"2022-06-06T08:38:36","guid":{"rendered":"https:\/\/portale.unime.it\/cisu\/?page_id=3748"},"modified":"2025-07-10T13:33:08","modified_gmt":"2025-07-10T11:33:08","slug":"carlo-dionisotti","status":"publish","type":"page","link":"https:\/\/portale2.unime.it\/cisu\/carlo-dionisotti\/","title":{"rendered":"Progetto Carlo Dionisotti"},"content":{"rendered":"\t\t<div data-elementor-type=\"wp-page\" data-elementor-id=\"3748\" class=\"elementor elementor-3748\">\n\t\t\t\t<div class=\"elementor-element elementor-element-5ded2bd5 e-flex e-con-boxed e-con e-parent\" data-id=\"5ded2bd5\" data-element_type=\"container\" data-e-type=\"container\">\n\t\t\t\t\t<div class=\"e-con-inner\">\n\t\t\t\t<div class=\"elementor-element elementor-element-6c4c11aa elementor-widget elementor-widget-text-editor\" data-id=\"6c4c11aa\" data-element_type=\"widget\" data-e-type=\"widget\" data-widget_type=\"text-editor.default\">\n\t\t\t\t<div class=\"elementor-widget-container\">\n\t\t\t\t\t\t\t\t\t<h4 style=\"font-weight: 400\"><strong><span style=\"color: #333333\">I. Carlo Dionisotti e la filologia<\/span><\/strong><\/h4><p style=\"font-weight: 400\"><span style=\"color: #333333\">Il Gruppo si \u00e8 formato nel 2021 nell\u2019alveo del Centro Internazionale di Studi Umanistici dell\u2019Ateneo, in <em>partnership<\/em> con la<\/span> <a href=\"http:\/\/www.sfli.it\/\" target=\"_blank\" rel=\"noopener\">Societ\u00e0 dei Filologi della Letteratura Italiana-SFLI.<\/a> <span style=\"color: #333333\">Al CISU \u00e8 stato donato dalle eredi l\u2019intero archivio di lavoro del grande storico della letteratura italiana, oggi depositato presso la Biblioteca del Dipartimento di Civilt\u00e0 antiche e moderne: l\u2019archivio, attualmente in fase di riordinamento e schedatura, consiste di diverse sezioni, e conserva anche molte migliaia di lettere, cio\u00e8 una larga parte dell\u2019imponente corrispondenza dello studioso. Questo lascito dalle straordinarie potenzialit\u00e0, che sar\u00e0 necessario preservare digitalizzandone progressivamente i materiali, potr\u00e0 costituire un punto di riferimento di enorme rilevanza per gli studi sull\u2019Italianistica del Novecento. Con l\u2019obiettivo di valorizzare al massimo una eredit\u00e0 di cos\u00ec alto spessore, il CISU ha avviato il Progetto \u2018Carlo Dionisotti\u2019, che, in collegamento con una rete nazionale e internazionale, ma con epicentro a Messina, punter\u00e0 a mettere a disposizione, dopo l\u2019opportuno lavoro preparatorio, un patrimonio atteso da tutta la comunit\u00e0 scientifica, anche impiantando un portale dedicato nel quale in prospettiva saranno fatti confluire moltissimi materiali, dalle immagini digitali dei documenti d\u2019archivio \u2013 ricongiungendo virtualmente i carteggi grazie a specifici accordi con enti e istituzioni \u2013, alle pubblicazioni di Dionisotti, ai risultati della ricerca che si svilupper\u00e0 intorno all\u2019archivio. Il presente Gruppo, che vede coinvolti studiosi impegnati in ricerche pluriennali sulla figura e l\u2019opera dello studioso, ha concorso alla prima fase di questo Progetto, che nella sua interezza \u00e8 stato presentato in Ateneo a settembre nel Corso del Convegno internazionale\u00a0<em>Carlo Dionisotti e la filologia<\/em>. Nel convegno sono stati affrontati, appunto nel segno della filologia, il rapporto tra Dionisotti e i maestri del suo tempo, le dinamiche interne che hanno caratterizzato le sue significative raccolte di studi e alcuni aspetti dell\u2019innovativo impegno scientifico da lui dispiegato negli ambiti di studio coltivati, dalla letteratura italiana antica e quella umanistica, rinascimentale e moderna. Gli esiti di queste indagini, che hanno aperto nuovi importanti scenari, sono confluiti nel volume collettaneo <em>Carlo Dionisotti e la filologia<\/em>. Atti del Convegno internazionale (Messina, 15-17 settembre 2021), a cura di M. Berisso, S. Brambilla, C. Corfiati, A. Decaria, D. Gionta, A. Mazzucchi, C. Vela, Firenze, Societ\u00e0 dei Filologi della Letteratura Italiana, 2023 (<\/span><a href=\"http:\/\/www.sfli.it\/pubblicazione-1\/\">link<\/a><span style=\"color: #333333\">).<\/span><\/p><p>\u00a0<\/p><p style=\"font-weight: 400\"><span style=\"color: #333333\"><em>Data della costituzione del gruppo<\/em><\/span><\/p><p style=\"font-weight: 400\"><span style=\"color: #333333\">01\/01\/2021<\/span><\/p><p style=\"font-weight: 400\">\u00a0<\/p><p style=\"font-weight: 400\"><span style=\"color: #333333\"><em>Responsabile scientifico del Gruppo<\/em><\/span><br \/><span style=\"color: #333333\">Daniela Gionta<\/span><\/p><p>\u00a0<\/p><p style=\"font-weight: 400\"><span style=\"color: #333333\"><em>Componenti interni all\u2019Ateneo<\/em><\/span><br \/><span style=\"color: #333333\">Antonino Antonazzo, Giovanni Cascio, Vincenzo Fera (Prof. Emerito), Francesco Galat\u00e0, Daniela Gionta, Susanna Villari<\/span><\/p><p>\u00a0<\/p><p style=\"font-weight: 400\"><span style=\"color: #333333\"><em>Componenti esterni all\u2019Ateneo<\/em><\/span><br \/><span style=\"color: #333333\">Giorgio Panizza (Uni. Pavia), Claudio Vela (Uni. Pavia), Giacomo Jori (USI-Univ. della Svizzera Italiana)<\/span><\/p><p>\u00a0<\/p><p style=\"font-weight: 400\"><span style=\"color: #333333\"><em>Linee di ricerca<\/em><\/span><br \/><span style=\"color: #333333\">\u2013 Il metodo di Carlo Dionisotti nell\u2019Italianistica del Novecento<\/span><br \/><span style=\"color: #333333\">\u2013 Libri, archivio e corrispondenza di Carlo Dionisotti<\/span><\/p><p>\u00a0<\/p><p style=\"font-weight: 400\"><span style=\"color: #333333\"><em>Settori scientifici disciplinari (SSD)<\/em><\/span><br \/><span style=\"color: #333333\">L-FIL\/08; L-FIL-LET\/10; L-FIL-LET\/13<\/span><\/p><p>\u00a0<\/p><p style=\"font-weight: 400\"><span style=\"color: #333333\"><em>Settori ERC<\/em><\/span><br \/><span style=\"color: #333333\">SH5_3 Philology; text and image studies;\u00a0SH5_8 Cultural studies, cultural identities and memories, cultural heritage<\/span><\/p>\t\t\t\t\t\t\t\t<\/div>\n\t\t\t\t<\/div>\n\t\t<div class=\"elementor-element elementor-element-3fab3cf e-con-full e-flex e-con e-child\" data-id=\"3fab3cf\" data-element_type=\"container\" data-e-type=\"container\">\n\t\t\t\t<div class=\"elementor-element elementor-element-afd8ca4 elementor-widget elementor-widget-spacer\" data-id=\"afd8ca4\" data-element_type=\"widget\" data-e-type=\"widget\" data-widget_type=\"spacer.default\">\n\t\t\t\t<div class=\"elementor-widget-container\">\n\t\t\t\t\t\t\t<div class=\"elementor-spacer\">\n\t\t\t<div class=\"elementor-spacer-inner\"><\/div>\n\t\t<\/div>\n\t\t\t\t\t\t<\/div>\n\t\t\t\t<\/div>\n\t\t\t\t<div class=\"elementor-element elementor-element-14480ae elementor-widget elementor-widget-button\" data-id=\"14480ae\" data-element_type=\"widget\" data-e-type=\"widget\" data-widget_type=\"button.default\">\n\t\t\t\t<div class=\"elementor-widget-container\">\n\t\t\t\t\t\t\t\t\t<div class=\"elementor-button-wrapper\">\n\t\t\t\t\t<a class=\"elementor-button elementor-button-link elementor-size-sm\" href=\"https:\/\/www.cisu.unime.it\/archivio\/\">\n\t\t\t\t\t\t<span class=\"elementor-button-content-wrapper\">\n\t\t\t\t\t\t<span class=\"elementor-button-icon\">\n\t\t\t\t<svg aria-hidden=\"true\" class=\"e-font-icon-svg e-fas-external-link-alt\" viewBox=\"0 0 512 512\" xmlns=\"http:\/\/www.w3.org\/2000\/svg\"><path d=\"M432,320H400a16,16,0,0,0-16,16V448H64V128H208a16,16,0,0,0,16-16V80a16,16,0,0,0-16-16H48A48,48,0,0,0,0,112V464a48,48,0,0,0,48,48H400a48,48,0,0,0,48-48V336A16,16,0,0,0,432,320ZM488,0h-128c-21.37,0-32.05,25.91-17,41l35.73,35.73L135,320.37a24,24,0,0,0,0,34L157.67,377a24,24,0,0,0,34,0L435.28,133.32,471,169c15,15,41,4.5,41-17V24A24,24,0,0,0,488,0Z\"><\/path><\/svg>\t\t\t<\/span>\n\t\t\t\t\t\t\t\t\t<span class=\"elementor-button-text\">Fondo Carlo Dionisotti<\/span>\n\t\t\t\t\t<\/span>\n\t\t\t\t\t<\/a>\n\t\t\t\t<\/div>\n\t\t\t\t\t\t\t\t<\/div>\n\t\t\t\t<\/div>\n\t\t\t\t<div class=\"elementor-element elementor-element-5ceff0b elementor-widget elementor-widget-spacer\" data-id=\"5ceff0b\" data-element_type=\"widget\" data-e-type=\"widget\" data-widget_type=\"spacer.default\">\n\t\t\t\t<div class=\"elementor-widget-container\">\n\t\t\t\t\t\t\t<div class=\"elementor-spacer\">\n\t\t\t<div class=\"elementor-spacer-inner\"><\/div>\n\t\t<\/div>\n\t\t\t\t\t\t<\/div>\n\t\t\t\t<\/div>\n\t\t\t\t<div class=\"elementor-element elementor-element-1d2e134 elementor-widget elementor-widget-heading\" data-id=\"1d2e134\" data-element_type=\"widget\" data-e-type=\"widget\" data-widget_type=\"heading.default\">\n\t\t\t\t<div class=\"elementor-widget-container\">\n\t\t\t\t\t<h2 class=\"elementor-heading-title elementor-size-default\">Gallery<\/h2>\t\t\t\t<\/div>\n\t\t\t\t<\/div>\n\t\t\t\t<div class=\"elementor-element elementor-element-2a8678b gallery-spacing-custom elementor-widget elementor-widget-image-gallery\" data-id=\"2a8678b\" data-element_type=\"widget\" data-e-type=\"widget\" data-widget_type=\"image-gallery.default\">\n\t\t\t\t<div class=\"elementor-widget-container\">\n\t\t\t\t\t\t\t<div class=\"elementor-image-gallery\">\n\t\t\t<div id='gallery-1' class='gallery galleryid-3748 gallery-columns-4 gallery-size-medium'><figure class='gallery-item'>\n\t\t\t<div class='gallery-icon portrait'>\n\t\t\t\t<a data-elementor-open-lightbox=\"yes\" data-elementor-lightbox-slideshow=\"2a8678b\" data-elementor-lightbox-title=\"15-17 settembre 2021\" data-e-action-hash=\"#elementor-action%3Aaction%3Dlightbox%26settings%3DeyJpZCI6NDk5OCwidXJsIjoiaHR0cHM6XC9cL3BvcnRhbGUyLnVuaW1lLml0XC9jaXN1XC93cC1jb250ZW50XC91cGxvYWRzXC9zaXRlc1wvNTVcLzIwMjRcLzExXC9nZW9ncmFmaWEucG5nIiwic2xpZGVzaG93IjoiMmE4Njc4YiJ9\" href='https:\/\/portale2.unime.it\/cisu\/wp-content\/uploads\/sites\/55\/2024\/11\/geografia.png'><img fetchpriority=\"high\" decoding=\"async\" width=\"214\" height=\"300\" src=\"https:\/\/portale2.unime.it\/cisu\/wp-content\/uploads\/sites\/55\/2024\/11\/geografia-214x300.png\" class=\"attachment-medium size-medium\" alt=\"\" aria-describedby=\"gallery-1-4998\" srcset=\"https:\/\/portale2.unime.it\/cisu\/wp-content\/uploads\/sites\/55\/2024\/11\/geografia-214x300.png 214w, https:\/\/portale2.unime.it\/cisu\/wp-content\/uploads\/sites\/55\/2024\/11\/geografia-729x1024.png 729w, https:\/\/portale2.unime.it\/cisu\/wp-content\/uploads\/sites\/55\/2024\/11\/geografia-768x1079.png 768w, https:\/\/portale2.unime.it\/cisu\/wp-content\/uploads\/sites\/55\/2024\/11\/geografia-1093x1536.png 1093w, https:\/\/portale2.unime.it\/cisu\/wp-content\/uploads\/sites\/55\/2024\/11\/geografia-1458x2048.png 1458w, https:\/\/portale2.unime.it\/cisu\/wp-content\/uploads\/sites\/55\/2024\/11\/geografia-450x632.png 450w, https:\/\/portale2.unime.it\/cisu\/wp-content\/uploads\/sites\/55\/2024\/11\/geografia-600x843.png 600w, https:\/\/portale2.unime.it\/cisu\/wp-content\/uploads\/sites\/55\/2024\/11\/geografia.png 1500w\" sizes=\"(max-width: 214px) 100vw, 214px\" style=\"width:100%;height:140.47%;max-width:1500px;\" \/><\/a>\n\t\t\t<\/div>\n\t\t\t\t<figcaption class='wp-caption-text gallery-caption' id='gallery-1-4998'>\n\t\t\t\tCarlo Dionisotti e la filologia. Convegno internazionale (Messina, 15-17 settembre 2021)\n\t\t\t\t<\/figcaption><\/figure><figure class='gallery-item'>\n\t\t\t<div class='gallery-icon portrait'>\n\t\t\t\t<a data-elementor-open-lightbox=\"yes\" data-elementor-lightbox-slideshow=\"2a8678b\" data-elementor-lightbox-title=\"Carlo Dionisotti e la filologia. Atti del Convegno internazionale (Messina, 15-17 settembre 2021)\" data-e-action-hash=\"#elementor-action%3Aaction%3Dlightbox%26settings%3DeyJpZCI6NTM5NSwidXJsIjoiaHR0cHM6XC9cL3BvcnRhbGUyLnVuaW1lLml0XC9jaXN1XC93cC1jb250ZW50XC91cGxvYWRzXC9zaXRlc1wvNTVcLzIwMjVcLzAzXC9TY3JlZW5zaG90LTIwMjUtMDMtMDUtYWxsZS0xMS41NC4zNy5wbmciLCJzbGlkZXNob3ciOiIyYTg2NzhiIn0%3D\" href='https:\/\/portale2.unime.it\/cisu\/wp-content\/uploads\/sites\/55\/2025\/03\/Screenshot-2025-03-05-alle-11.54.37.png'><img decoding=\"async\" width=\"209\" height=\"300\" src=\"https:\/\/portale2.unime.it\/cisu\/wp-content\/uploads\/sites\/55\/2025\/03\/Screenshot-2025-03-05-alle-11.54.37-209x300.png\" class=\"attachment-medium size-medium\" alt=\"\" aria-describedby=\"gallery-1-5395\" srcset=\"https:\/\/portale2.unime.it\/cisu\/wp-content\/uploads\/sites\/55\/2025\/03\/Screenshot-2025-03-05-alle-11.54.37-209x300.png 209w, https:\/\/portale2.unime.it\/cisu\/wp-content\/uploads\/sites\/55\/2025\/03\/Screenshot-2025-03-05-alle-11.54.37-714x1024.png 714w, https:\/\/portale2.unime.it\/cisu\/wp-content\/uploads\/sites\/55\/2025\/03\/Screenshot-2025-03-05-alle-11.54.37-768x1102.png 768w, https:\/\/portale2.unime.it\/cisu\/wp-content\/uploads\/sites\/55\/2025\/03\/Screenshot-2025-03-05-alle-11.54.37-450x646.png 450w, https:\/\/portale2.unime.it\/cisu\/wp-content\/uploads\/sites\/55\/2025\/03\/Screenshot-2025-03-05-alle-11.54.37-600x861.png 600w, https:\/\/portale2.unime.it\/cisu\/wp-content\/uploads\/sites\/55\/2025\/03\/Screenshot-2025-03-05-alle-11.54.37.png 948w\" sizes=\"(max-width: 209px) 100vw, 209px\" style=\"width:100%;height:143.46%;max-width:948px;\" \/><\/a>\n\t\t\t<\/div>\n\t\t\t\t<figcaption class='wp-caption-text gallery-caption' id='gallery-1-5395'>\n\t\t\t\tCarlo Dionisotti e la filologia. Atti del Convegno internazionale (Messina, 15-17 settembre 2021), Roma, SFLI, 2023\n\t\t\t\t<\/figcaption><\/figure>\n\t\t<\/div>\n\t\t<\/div>\n\t\t\t\t\t\t<\/div>\n\t\t\t\t<\/div>\n\t\t\t\t<\/div>\n\t\t\t\t\t<\/div>\n\t\t\t\t<\/div>\n\t\t\t\t<\/div>\n\t\t","protected":false},"excerpt":{"rendered":"<p>I. Carlo Dionisotti e la filologia Il Gruppo si \u00e8 formato nel 2021 nell\u2019alveo del Centro Internazionale di Studi Umanistici dell\u2019Ateneo, in partnership con la Societ\u00e0 dei Filologi della Letteratura Italiana-SFLI. Al CISU \u00e8 stato donato dalle eredi l\u2019intero archivio di lavoro del grande storico della letteratura italiana, oggi depositato presso la Biblioteca del Dipartimento&hellip; <a class=\"more-link\" href=\"https:\/\/portale2.unime.it\/cisu\/carlo-dionisotti\/\">Continua a leggere <span class=\"screen-reader-text\">Progetto Carlo Dionisotti<\/span><\/a><\/p>\n","protected":false},"author":1,"featured_media":0,"parent":0,"menu_order":0,"comment_status":"closed","ping_status":"closed","template":"","meta":{"footnotes":""},"class_list":["post-3748","page","type-page","status-publish","hentry","entry"],"yoast_head":"<!-- This site is optimized with the Yoast SEO plugin v27.3 - https:\/\/yoast.com\/product\/yoast-seo-wordpress\/ -->\n<title>Progetto Carlo Dionisotti - CISU - Centro Internazionale di Studi Umanistici<\/title>\n<meta name=\"robots\" content=\"index, follow, max-snippet:-1, max-image-preview:large, max-video-preview:-1\" \/>\n<link rel=\"canonical\" href=\"https:\/\/www.cisu.unime.it\/carlo-dionisotti\/\" \/>\n<meta property=\"og:locale\" content=\"it_IT\" \/>\n<meta property=\"og:type\" content=\"article\" \/>\n<meta property=\"og:title\" content=\"Progetto Carlo Dionisotti - CISU - Centro Internazionale di Studi Umanistici\" \/>\n<meta property=\"og:description\" content=\"I. Carlo Dionisotti e la filologia Il Gruppo si \u00e8 formato nel 2021 nell\u2019alveo del Centro Internazionale di Studi Umanistici dell\u2019Ateneo, in partnership con la Societ\u00e0 dei Filologi della Letteratura Italiana-SFLI. Al CISU \u00e8 stato donato dalle eredi l\u2019intero archivio di lavoro del grande storico della letteratura italiana, oggi depositato presso la Biblioteca del Dipartimento&hellip; Continua a leggere Progetto Carlo Dionisotti\" \/>\n<meta property=\"og:url\" content=\"https:\/\/www.cisu.unime.it\/carlo-dionisotti\/\" \/>\n<meta property=\"og:site_name\" content=\"CISU - Centro Internazionale di Studi Umanistici\" \/>\n<meta property=\"article:modified_time\" content=\"2025-07-10T11:33:08+00:00\" \/>\n<meta property=\"og:image\" content=\"https:\/\/portale2.unime.it\/cisu\/wp-content\/uploads\/sites\/55\/2024\/11\/geografia-214x300.png\" \/>\n<meta name=\"twitter:card\" content=\"summary_large_image\" \/>\n<meta name=\"twitter:label1\" content=\"Tempo di lettura stimato\" \/>\n\t<meta name=\"twitter:data1\" content=\"3 minuti\" \/>\n<script type=\"application\/ld+json\" class=\"yoast-schema-graph\">{\"@context\":\"https:\\\/\\\/schema.org\",\"@graph\":[{\"@type\":\"WebPage\",\"@id\":\"https:\\\/\\\/www.cisu.unime.it\\\/carlo-dionisotti\\\/\",\"url\":\"https:\\\/\\\/www.cisu.unime.it\\\/carlo-dionisotti\\\/\",\"name\":\"Progetto Carlo Dionisotti - CISU - Centro Internazionale di Studi Umanistici\",\"isPartOf\":{\"@id\":\"https:\\\/\\\/www.cisu.unime.it\\\/#website\"},\"primaryImageOfPage\":{\"@id\":\"https:\\\/\\\/www.cisu.unime.it\\\/carlo-dionisotti\\\/#primaryimage\"},\"image\":{\"@id\":\"https:\\\/\\\/www.cisu.unime.it\\\/carlo-dionisotti\\\/#primaryimage\"},\"thumbnailUrl\":\"https:\\\/\\\/portale2.unime.it\\\/cisu\\\/wp-content\\\/uploads\\\/sites\\\/55\\\/2024\\\/11\\\/geografia-214x300.png\",\"datePublished\":\"2022-06-06T08:38:36+00:00\",\"dateModified\":\"2025-07-10T11:33:08+00:00\",\"breadcrumb\":{\"@id\":\"https:\\\/\\\/www.cisu.unime.it\\\/carlo-dionisotti\\\/#breadcrumb\"},\"inLanguage\":\"it-IT\",\"potentialAction\":[{\"@type\":\"ReadAction\",\"target\":[\"https:\\\/\\\/www.cisu.unime.it\\\/carlo-dionisotti\\\/\"]}]},{\"@type\":\"ImageObject\",\"inLanguage\":\"it-IT\",\"@id\":\"https:\\\/\\\/www.cisu.unime.it\\\/carlo-dionisotti\\\/#primaryimage\",\"url\":\"https:\\\/\\\/portale2.unime.it\\\/cisu\\\/wp-content\\\/uploads\\\/sites\\\/55\\\/2024\\\/11\\\/geografia.png\",\"contentUrl\":\"https:\\\/\\\/portale2.unime.it\\\/cisu\\\/wp-content\\\/uploads\\\/sites\\\/55\\\/2024\\\/11\\\/geografia.png\",\"width\":1500,\"height\":2107,\"caption\":\"Carlo Dionisotti e la filologia. Convegno internazionale (Messina, 15-17 settembre 2021)\"},{\"@type\":\"BreadcrumbList\",\"@id\":\"https:\\\/\\\/www.cisu.unime.it\\\/carlo-dionisotti\\\/#breadcrumb\",\"itemListElement\":[{\"@type\":\"ListItem\",\"position\":1,\"name\":\"Home\",\"item\":\"https:\\\/\\\/portale2.unime.it\\\/cisu\\\/\"},{\"@type\":\"ListItem\",\"position\":2,\"name\":\"Progetto Carlo Dionisotti\"}]},{\"@type\":\"WebSite\",\"@id\":\"https:\\\/\\\/www.cisu.unime.it\\\/#website\",\"url\":\"https:\\\/\\\/www.cisu.unime.it\\\/\",\"name\":\"CISU - Centro Internazionale di Studi Umanistici\",\"description\":\"\",\"publisher\":{\"@id\":\"https:\\\/\\\/www.cisu.unime.it\\\/#organization\"},\"potentialAction\":[{\"@type\":\"SearchAction\",\"target\":{\"@type\":\"EntryPoint\",\"urlTemplate\":\"https:\\\/\\\/www.cisu.unime.it\\\/?s={search_term_string}\"},\"query-input\":{\"@type\":\"PropertyValueSpecification\",\"valueRequired\":true,\"valueName\":\"search_term_string\"}}],\"inLanguage\":\"it-IT\"},{\"@type\":\"Organization\",\"@id\":\"https:\\\/\\\/www.cisu.unime.it\\\/#organization\",\"name\":\"CISU - Centro Internazionale di Studi Umanistici\",\"url\":\"https:\\\/\\\/www.cisu.unime.it\\\/\",\"logo\":{\"@type\":\"ImageObject\",\"inLanguage\":\"it-IT\",\"@id\":\"https:\\\/\\\/www.cisu.unime.it\\\/#\\\/schema\\\/logo\\\/image\\\/\",\"url\":\"https:\\\/\\\/portale2.unime.it\\\/cisu\\\/wp-content\\\/uploads\\\/sites\\\/55\\\/2024\\\/10\\\/cisu-header.png\",\"contentUrl\":\"https:\\\/\\\/portale2.unime.it\\\/cisu\\\/wp-content\\\/uploads\\\/sites\\\/55\\\/2024\\\/10\\\/cisu-header.png\",\"width\":1600,\"height\":335,\"caption\":\"CISU - Centro Internazionale di Studi Umanistici\"},\"image\":{\"@id\":\"https:\\\/\\\/www.cisu.unime.it\\\/#\\\/schema\\\/logo\\\/image\\\/\"}}]}<\/script>\n<!-- \/ Yoast SEO plugin. -->","yoast_head_json":{"title":"Progetto Carlo Dionisotti - CISU - Centro Internazionale di Studi Umanistici","robots":{"index":"index","follow":"follow","max-snippet":"max-snippet:-1","max-image-preview":"max-image-preview:large","max-video-preview":"max-video-preview:-1"},"canonical":"https:\/\/www.cisu.unime.it\/carlo-dionisotti\/","og_locale":"it_IT","og_type":"article","og_title":"Progetto Carlo Dionisotti - CISU - Centro Internazionale di Studi Umanistici","og_description":"I. Carlo Dionisotti e la filologia Il Gruppo si \u00e8 formato nel 2021 nell\u2019alveo del Centro Internazionale di Studi Umanistici dell\u2019Ateneo, in partnership con la Societ\u00e0 dei Filologi della Letteratura Italiana-SFLI. Al CISU \u00e8 stato donato dalle eredi l\u2019intero archivio di lavoro del grande storico della letteratura italiana, oggi depositato presso la Biblioteca del Dipartimento&hellip; Continua a leggere Progetto Carlo Dionisotti","og_url":"https:\/\/www.cisu.unime.it\/carlo-dionisotti\/","og_site_name":"CISU - Centro Internazionale di Studi Umanistici","article_modified_time":"2025-07-10T11:33:08+00:00","og_image":[{"url":"https:\/\/portale2.unime.it\/cisu\/wp-content\/uploads\/sites\/55\/2024\/11\/geografia-214x300.png","type":"","width":"","height":""}],"twitter_card":"summary_large_image","twitter_misc":{"Tempo di lettura stimato":"3 minuti"},"schema":{"@context":"https:\/\/schema.org","@graph":[{"@type":"WebPage","@id":"https:\/\/www.cisu.unime.it\/carlo-dionisotti\/","url":"https:\/\/www.cisu.unime.it\/carlo-dionisotti\/","name":"Progetto Carlo Dionisotti - CISU - Centro Internazionale di Studi Umanistici","isPartOf":{"@id":"https:\/\/www.cisu.unime.it\/#website"},"primaryImageOfPage":{"@id":"https:\/\/www.cisu.unime.it\/carlo-dionisotti\/#primaryimage"},"image":{"@id":"https:\/\/www.cisu.unime.it\/carlo-dionisotti\/#primaryimage"},"thumbnailUrl":"https:\/\/portale2.unime.it\/cisu\/wp-content\/uploads\/sites\/55\/2024\/11\/geografia-214x300.png","datePublished":"2022-06-06T08:38:36+00:00","dateModified":"2025-07-10T11:33:08+00:00","breadcrumb":{"@id":"https:\/\/www.cisu.unime.it\/carlo-dionisotti\/#breadcrumb"},"inLanguage":"it-IT","potentialAction":[{"@type":"ReadAction","target":["https:\/\/www.cisu.unime.it\/carlo-dionisotti\/"]}]},{"@type":"ImageObject","inLanguage":"it-IT","@id":"https:\/\/www.cisu.unime.it\/carlo-dionisotti\/#primaryimage","url":"https:\/\/portale2.unime.it\/cisu\/wp-content\/uploads\/sites\/55\/2024\/11\/geografia.png","contentUrl":"https:\/\/portale2.unime.it\/cisu\/wp-content\/uploads\/sites\/55\/2024\/11\/geografia.png","width":1500,"height":2107,"caption":"Carlo Dionisotti e la filologia. Convegno internazionale (Messina, 15-17 settembre 2021)"},{"@type":"BreadcrumbList","@id":"https:\/\/www.cisu.unime.it\/carlo-dionisotti\/#breadcrumb","itemListElement":[{"@type":"ListItem","position":1,"name":"Home","item":"https:\/\/portale2.unime.it\/cisu\/"},{"@type":"ListItem","position":2,"name":"Progetto Carlo Dionisotti"}]},{"@type":"WebSite","@id":"https:\/\/www.cisu.unime.it\/#website","url":"https:\/\/www.cisu.unime.it\/","name":"CISU - Centro Internazionale di Studi Umanistici","description":"","publisher":{"@id":"https:\/\/www.cisu.unime.it\/#organization"},"potentialAction":[{"@type":"SearchAction","target":{"@type":"EntryPoint","urlTemplate":"https:\/\/www.cisu.unime.it\/?s={search_term_string}"},"query-input":{"@type":"PropertyValueSpecification","valueRequired":true,"valueName":"search_term_string"}}],"inLanguage":"it-IT"},{"@type":"Organization","@id":"https:\/\/www.cisu.unime.it\/#organization","name":"CISU - Centro Internazionale di Studi Umanistici","url":"https:\/\/www.cisu.unime.it\/","logo":{"@type":"ImageObject","inLanguage":"it-IT","@id":"https:\/\/www.cisu.unime.it\/#\/schema\/logo\/image\/","url":"https:\/\/portale2.unime.it\/cisu\/wp-content\/uploads\/sites\/55\/2024\/10\/cisu-header.png","contentUrl":"https:\/\/portale2.unime.it\/cisu\/wp-content\/uploads\/sites\/55\/2024\/10\/cisu-header.png","width":1600,"height":335,"caption":"CISU - Centro Internazionale di Studi Umanistici"},"image":{"@id":"https:\/\/www.cisu.unime.it\/#\/schema\/logo\/image\/"}}]}},"_links":{"self":[{"href":"https:\/\/portale2.unime.it\/cisu\/wp-json\/wp\/v2\/pages\/3748","targetHints":{"allow":["GET"]}}],"collection":[{"href":"https:\/\/portale2.unime.it\/cisu\/wp-json\/wp\/v2\/pages"}],"about":[{"href":"https:\/\/portale2.unime.it\/cisu\/wp-json\/wp\/v2\/types\/page"}],"author":[{"embeddable":true,"href":"https:\/\/portale2.unime.it\/cisu\/wp-json\/wp\/v2\/users\/1"}],"replies":[{"embeddable":true,"href":"https:\/\/portale2.unime.it\/cisu\/wp-json\/wp\/v2\/comments?post=3748"}],"version-history":[{"count":31,"href":"https:\/\/portale2.unime.it\/cisu\/wp-json\/wp\/v2\/pages\/3748\/revisions"}],"predecessor-version":[{"id":5589,"href":"https:\/\/portale2.unime.it\/cisu\/wp-json\/wp\/v2\/pages\/3748\/revisions\/5589"}],"wp:attachment":[{"href":"https:\/\/portale2.unime.it\/cisu\/wp-json\/wp\/v2\/media?parent=3748"}],"curies":[{"name":"wp","href":"https:\/\/api.w.org\/{rel}","templated":true}]}}