{"id":1581,"date":"1980-05-21T10:05:54","date_gmt":"1980-05-21T08:05:54","guid":{"rendered":"http:\/\/portale.unime.it\/cisu\/?post_type=product&amp;p=1581"},"modified":"1980-05-21T10:05:54","modified_gmt":"1980-05-21T08:05:54","slug":"la-storiografia-ecclesiastica-nella-tarda-antichita","status":"publish","type":"product","link":"https:\/\/portale2.unime.it\/cisu\/prodotto\/la-storiografia-ecclesiastica-nella-tarda-antichita\/","title":{"rendered":"La storiografia ecclesiastica nella tarda antichit\u00e0"},"content":{"rendered":"<p><strong>Atti del Convegno tenuto in Erice (3-8 dicembre 1978)<\/strong><\/p>\n<p>Messina: Centro di studi umanistici, 1980. \u2013 587 p.; 24 cm.<\/p>\n<p>INDICE GENERALE<\/p>\n<p>Prefazione<br \/>\nSaluto di S. Calderone, direttore del Corso<br \/>\nSaluto di F. Giunta, direttore della Scuola<br \/>\nLuigi Alfonsi (Universit\u00e0 di Pavia), <em>Aspetti del pensiero storiografico di Paolo Diacono<\/em><br \/>\nManlio Simonetti (Universit\u00e0 di Roma),<em> Qualche osservazione sul rapporto fra politica e religione in Gregorio di Tours <\/em><br \/>\nAgostino Pastorino (Universit\u00e0 di Urbino), <em>La &#8220;Historia persecutionis Africanae provinciae&#8221; di Vittore di Vita<\/em><br \/>\nFrancois Paschoud (Universit\u00e9 de Geneve), <em>La polemica provvidenzialistica di Orosio<\/em><br \/>\nSalvatore Calderone (Universit\u00e0 di Messina),<em> Questioni eusebiane<\/em><br \/>\nLellia Cracco Ruggini (Universit\u00e0 di Torino), Universalit\u00e0 e campanilismo, centro e periferia, citt\u00e0 e deserto nelle Storie ecclesiastiche<br \/>\nConcetta Mol\u00e9 (Universit\u00e0 di Catania), <em>Prospettive Universali e prospettive locali nella storiografia latina del 5\u00b0 secolo<\/em><br \/>\nSalvatore Pricoco (Universit\u00e0 di Catania), <em>Storia ecclesiastica e storia letteraria: il &#8220;de viris inlustribus&#8221; di Gennadio di Marsiglia<\/em><br \/>\nSalvatore Costanza (Universit\u00e0 di Messina),<em> I &#8220;Chronica&#8221; di Sulpicio Severo e le &#8220;Historiae&#8221; di Trogo -Giustino<\/em><br \/>\nCarmelo Curti (Universit\u00e0 di Catania), <em>Lo scisma di Novaziano nell&#8217;interpretazione dello storico Socrate<\/em><br \/>\nMario Mazza (Universit\u00e0 di Catania)<em>, <\/em><em>Sulla teoria della storiografia cristiana: osservazioni sui proemi degli storici ecclesiastici<\/em><br \/>\nSalvatore D&#8217;Elia (Universit\u00e0 di Napoli),<em> Storia e teologia della storia nel &#8220;de civitate Dei&#8221;<\/em><br \/>\nVincenzo Loi (Universit\u00e0 di Cagliari),<em> Il &#8220;de civitate Dei&#8221; e la coscienza storiografica di Agostino<\/em><br \/>\nBruno Luiselli (Universit\u00e0 di Roma), <em>Indirizzo universale e indirizzi nazionali nella storiografia latino-cristiana dei secc. V-VIII<\/em><br \/>\nFranco Bolgiani (Universit\u00e0 di Torino), &#8220;<em>Decadenza di Roma o Tardo Antico?&#8221; Alcune riflessioni sull&#8217;ultimo libro di Henri-Ir\u00e9n\u00e9e Marrou<\/em><br \/>\nDiario dei lavori<\/p>\n","protected":false},"excerpt":{"rendered":"<p>Atti del Convegno tenuto in Erice (3-8 dicembre 1978) Messina: Centro di studi umanistici, 1980. \u2013 587 p.; 24 cm. INDICE GENERALE Prefazione Saluto di S. Calderone, direttore del Corso Saluto di F. Giunta, direttore della Scuola Luigi Alfonsi (Universit\u00e0 di Pavia), Aspetti del pensiero storiografico di Paolo Diacono Manlio Simonetti (Universit\u00e0 di Roma), Qualche&hellip; <a class=\"more-link\" href=\"https:\/\/portale2.unime.it\/cisu\/prodotto\/la-storiografia-ecclesiastica-nella-tarda-antichita\/\">Continua a leggere <span class=\"screen-reader-text\">La storiografia ecclesiastica nella tarda antichit\u00e0<\/span><\/a><\/p>\n","protected":false},"featured_media":679,"template":"","meta":[],"product_brand":[],"product_cat":[44],"product_tag":[],"class_list":{"0":"post-1581","1":"product","2":"type-product","3":"status-publish","4":"has-post-thumbnail","6":"product_cat-miscellanea","7":"entry","9":"first","10":"instock","11":"shipping-taxable","12":"purchasable","13":"product-type-simple"},"yoast_head":"<!-- This site is optimized with the Yoast SEO plugin v27.4 - https:\/\/yoast.com\/product\/yoast-seo-wordpress\/ -->\n<title>La storiografia ecclesiastica nella tarda antichit\u00e0 - CISU - Centro Internazionale di Studi Umanistici<\/title>\n<meta name=\"robots\" content=\"index, follow, max-snippet:-1, max-image-preview:large, max-video-preview:-1\" \/>\n<link rel=\"canonical\" href=\"https:\/\/cisu.unime.it\/prodotto\/la-storiografia-ecclesiastica-nella-tarda-antichita\/\" \/>\n<meta property=\"og:locale\" content=\"it_IT\" \/>\n<meta property=\"og:type\" content=\"article\" \/>\n<meta property=\"og:title\" content=\"La storiografia ecclesiastica nella tarda antichit\u00e0 - CISU - Centro Internazionale di Studi Umanistici\" \/>\n<meta property=\"og:description\" content=\"Atti del Convegno tenuto in Erice (3-8 dicembre 1978) Messina: Centro di studi umanistici, 1980. \u2013 587 p.; 24 cm. INDICE GENERALE Prefazione Saluto di S. Calderone, direttore del Corso Saluto di F. Giunta, direttore della Scuola Luigi Alfonsi (Universit\u00e0 di Pavia), Aspetti del pensiero storiografico di Paolo Diacono Manlio Simonetti (Universit\u00e0 di Roma), Qualche&hellip; Continua a leggere La storiografia ecclesiastica nella tarda antichit\u00e0\" \/>\n<meta property=\"og:url\" content=\"https:\/\/cisu.unime.it\/prodotto\/la-storiografia-ecclesiastica-nella-tarda-antichita\/\" \/>\n<meta property=\"og:site_name\" content=\"CISU - Centro Internazionale di Studi Umanistici\" \/>\n<meta property=\"og:image\" content=\"https:\/\/portale2.unime.it\/cisu\/wp-content\/uploads\/sites\/55\/2016\/11\/storiografiaeccle.gif\" \/>\n\t<meta property=\"og:image:width\" content=\"220\" \/>\n\t<meta property=\"og:image:height\" content=\"328\" \/>\n\t<meta property=\"og:image:type\" content=\"image\/gif\" \/>\n<meta name=\"twitter:card\" content=\"summary_large_image\" \/>\n<meta name=\"twitter:label1\" content=\"Tempo di lettura stimato\" \/>\n\t<meta name=\"twitter:data1\" content=\"1 minuto\" \/>\n<script type=\"application\/ld+json\" class=\"yoast-schema-graph\">{\"@context\":\"https:\\\/\\\/schema.org\",\"@graph\":[{\"@type\":\"WebPage\",\"@id\":\"https:\\\/\\\/cisu.unime.it\\\/prodotto\\\/la-storiografia-ecclesiastica-nella-tarda-antichita\\\/\",\"url\":\"https:\\\/\\\/cisu.unime.it\\\/prodotto\\\/la-storiografia-ecclesiastica-nella-tarda-antichita\\\/\",\"name\":\"La storiografia ecclesiastica nella tarda antichit\u00e0 - CISU - Centro Internazionale di Studi Umanistici\",\"isPartOf\":{\"@id\":\"https:\\\/\\\/www.cisu.unime.it\\\/#website\"},\"primaryImageOfPage\":{\"@id\":\"https:\\\/\\\/cisu.unime.it\\\/prodotto\\\/la-storiografia-ecclesiastica-nella-tarda-antichita\\\/#primaryimage\"},\"image\":{\"@id\":\"https:\\\/\\\/cisu.unime.it\\\/prodotto\\\/la-storiografia-ecclesiastica-nella-tarda-antichita\\\/#primaryimage\"},\"thumbnailUrl\":\"https:\\\/\\\/portale2.unime.it\\\/cisu\\\/wp-content\\\/uploads\\\/sites\\\/55\\\/2016\\\/11\\\/storiografiaeccle.gif\",\"datePublished\":\"1980-05-21T08:05:54+00:00\",\"breadcrumb\":{\"@id\":\"https:\\\/\\\/cisu.unime.it\\\/prodotto\\\/la-storiografia-ecclesiastica-nella-tarda-antichita\\\/#breadcrumb\"},\"inLanguage\":\"it-IT\",\"potentialAction\":[{\"@type\":\"ReadAction\",\"target\":[\"https:\\\/\\\/cisu.unime.it\\\/prodotto\\\/la-storiografia-ecclesiastica-nella-tarda-antichita\\\/\"]}]},{\"@type\":\"ImageObject\",\"inLanguage\":\"it-IT\",\"@id\":\"https:\\\/\\\/cisu.unime.it\\\/prodotto\\\/la-storiografia-ecclesiastica-nella-tarda-antichita\\\/#primaryimage\",\"url\":\"https:\\\/\\\/portale2.unime.it\\\/cisu\\\/wp-content\\\/uploads\\\/sites\\\/55\\\/2016\\\/11\\\/storiografiaeccle.gif\",\"contentUrl\":\"https:\\\/\\\/portale2.unime.it\\\/cisu\\\/wp-content\\\/uploads\\\/sites\\\/55\\\/2016\\\/11\\\/storiografiaeccle.gif\",\"width\":220,\"height\":328},{\"@type\":\"BreadcrumbList\",\"@id\":\"https:\\\/\\\/cisu.unime.it\\\/prodotto\\\/la-storiografia-ecclesiastica-nella-tarda-antichita\\\/#breadcrumb\",\"itemListElement\":[{\"@type\":\"ListItem\",\"position\":1,\"name\":\"Home\",\"item\":\"https:\\\/\\\/portale2.unime.it\\\/cisu\\\/\"},{\"@type\":\"ListItem\",\"position\":2,\"name\":\"Prodotti\",\"item\":\"https:\\\/\\\/www.cisu.unime.it\\\/shop\\\/\"},{\"@type\":\"ListItem\",\"position\":3,\"name\":\"La storiografia ecclesiastica nella tarda antichit\u00e0\"}]},{\"@type\":\"WebSite\",\"@id\":\"https:\\\/\\\/www.cisu.unime.it\\\/#website\",\"url\":\"https:\\\/\\\/www.cisu.unime.it\\\/\",\"name\":\"CISU - Centro Internazionale di Studi Umanistici\",\"description\":\"\",\"publisher\":{\"@id\":\"https:\\\/\\\/www.cisu.unime.it\\\/#organization\"},\"potentialAction\":[{\"@type\":\"SearchAction\",\"target\":{\"@type\":\"EntryPoint\",\"urlTemplate\":\"https:\\\/\\\/www.cisu.unime.it\\\/?s={search_term_string}\"},\"query-input\":{\"@type\":\"PropertyValueSpecification\",\"valueRequired\":true,\"valueName\":\"search_term_string\"}}],\"inLanguage\":\"it-IT\"},{\"@type\":\"Organization\",\"@id\":\"https:\\\/\\\/www.cisu.unime.it\\\/#organization\",\"name\":\"CISU - Centro Internazionale di Studi Umanistici\",\"url\":\"https:\\\/\\\/www.cisu.unime.it\\\/\",\"logo\":{\"@type\":\"ImageObject\",\"inLanguage\":\"it-IT\",\"@id\":\"https:\\\/\\\/www.cisu.unime.it\\\/#\\\/schema\\\/logo\\\/image\\\/\",\"url\":\"https:\\\/\\\/portale2.unime.it\\\/cisu\\\/wp-content\\\/uploads\\\/sites\\\/55\\\/2024\\\/10\\\/cisu-header.png\",\"contentUrl\":\"https:\\\/\\\/portale2.unime.it\\\/cisu\\\/wp-content\\\/uploads\\\/sites\\\/55\\\/2024\\\/10\\\/cisu-header.png\",\"width\":1600,\"height\":335,\"caption\":\"CISU - Centro Internazionale di Studi Umanistici\"},\"image\":{\"@id\":\"https:\\\/\\\/www.cisu.unime.it\\\/#\\\/schema\\\/logo\\\/image\\\/\"}}]}<\/script>\n<!-- \/ Yoast SEO plugin. -->","yoast_head_json":{"title":"La storiografia ecclesiastica nella tarda antichit\u00e0 - CISU - Centro Internazionale di Studi Umanistici","robots":{"index":"index","follow":"follow","max-snippet":"max-snippet:-1","max-image-preview":"max-image-preview:large","max-video-preview":"max-video-preview:-1"},"canonical":"https:\/\/cisu.unime.it\/prodotto\/la-storiografia-ecclesiastica-nella-tarda-antichita\/","og_locale":"it_IT","og_type":"article","og_title":"La storiografia ecclesiastica nella tarda antichit\u00e0 - CISU - Centro Internazionale di Studi Umanistici","og_description":"Atti del Convegno tenuto in Erice (3-8 dicembre 1978) Messina: Centro di studi umanistici, 1980. \u2013 587 p.; 24 cm. INDICE GENERALE Prefazione Saluto di S. Calderone, direttore del Corso Saluto di F. Giunta, direttore della Scuola Luigi Alfonsi (Universit\u00e0 di Pavia), Aspetti del pensiero storiografico di Paolo Diacono Manlio Simonetti (Universit\u00e0 di Roma), Qualche&hellip; Continua a leggere La storiografia ecclesiastica nella tarda antichit\u00e0","og_url":"https:\/\/cisu.unime.it\/prodotto\/la-storiografia-ecclesiastica-nella-tarda-antichita\/","og_site_name":"CISU - Centro Internazionale di Studi Umanistici","og_image":[{"width":220,"height":328,"url":"https:\/\/portale2.unime.it\/cisu\/wp-content\/uploads\/sites\/55\/2016\/11\/storiografiaeccle.gif","type":"image\/gif"}],"twitter_card":"summary_large_image","twitter_misc":{"Tempo di lettura stimato":"1 minuto"},"schema":{"@context":"https:\/\/schema.org","@graph":[{"@type":"WebPage","@id":"https:\/\/cisu.unime.it\/prodotto\/la-storiografia-ecclesiastica-nella-tarda-antichita\/","url":"https:\/\/cisu.unime.it\/prodotto\/la-storiografia-ecclesiastica-nella-tarda-antichita\/","name":"La storiografia ecclesiastica nella tarda antichit\u00e0 - CISU - Centro Internazionale di Studi Umanistici","isPartOf":{"@id":"https:\/\/www.cisu.unime.it\/#website"},"primaryImageOfPage":{"@id":"https:\/\/cisu.unime.it\/prodotto\/la-storiografia-ecclesiastica-nella-tarda-antichita\/#primaryimage"},"image":{"@id":"https:\/\/cisu.unime.it\/prodotto\/la-storiografia-ecclesiastica-nella-tarda-antichita\/#primaryimage"},"thumbnailUrl":"https:\/\/portale2.unime.it\/cisu\/wp-content\/uploads\/sites\/55\/2016\/11\/storiografiaeccle.gif","datePublished":"1980-05-21T08:05:54+00:00","breadcrumb":{"@id":"https:\/\/cisu.unime.it\/prodotto\/la-storiografia-ecclesiastica-nella-tarda-antichita\/#breadcrumb"},"inLanguage":"it-IT","potentialAction":[{"@type":"ReadAction","target":["https:\/\/cisu.unime.it\/prodotto\/la-storiografia-ecclesiastica-nella-tarda-antichita\/"]}]},{"@type":"ImageObject","inLanguage":"it-IT","@id":"https:\/\/cisu.unime.it\/prodotto\/la-storiografia-ecclesiastica-nella-tarda-antichita\/#primaryimage","url":"https:\/\/portale2.unime.it\/cisu\/wp-content\/uploads\/sites\/55\/2016\/11\/storiografiaeccle.gif","contentUrl":"https:\/\/portale2.unime.it\/cisu\/wp-content\/uploads\/sites\/55\/2016\/11\/storiografiaeccle.gif","width":220,"height":328},{"@type":"BreadcrumbList","@id":"https:\/\/cisu.unime.it\/prodotto\/la-storiografia-ecclesiastica-nella-tarda-antichita\/#breadcrumb","itemListElement":[{"@type":"ListItem","position":1,"name":"Home","item":"https:\/\/portale2.unime.it\/cisu\/"},{"@type":"ListItem","position":2,"name":"Prodotti","item":"https:\/\/www.cisu.unime.it\/shop\/"},{"@type":"ListItem","position":3,"name":"La storiografia ecclesiastica nella tarda antichit\u00e0"}]},{"@type":"WebSite","@id":"https:\/\/www.cisu.unime.it\/#website","url":"https:\/\/www.cisu.unime.it\/","name":"CISU - Centro Internazionale di Studi Umanistici","description":"","publisher":{"@id":"https:\/\/www.cisu.unime.it\/#organization"},"potentialAction":[{"@type":"SearchAction","target":{"@type":"EntryPoint","urlTemplate":"https:\/\/www.cisu.unime.it\/?s={search_term_string}"},"query-input":{"@type":"PropertyValueSpecification","valueRequired":true,"valueName":"search_term_string"}}],"inLanguage":"it-IT"},{"@type":"Organization","@id":"https:\/\/www.cisu.unime.it\/#organization","name":"CISU - Centro Internazionale di Studi Umanistici","url":"https:\/\/www.cisu.unime.it\/","logo":{"@type":"ImageObject","inLanguage":"it-IT","@id":"https:\/\/www.cisu.unime.it\/#\/schema\/logo\/image\/","url":"https:\/\/portale2.unime.it\/cisu\/wp-content\/uploads\/sites\/55\/2024\/10\/cisu-header.png","contentUrl":"https:\/\/portale2.unime.it\/cisu\/wp-content\/uploads\/sites\/55\/2024\/10\/cisu-header.png","width":1600,"height":335,"caption":"CISU - Centro Internazionale di Studi Umanistici"},"image":{"@id":"https:\/\/www.cisu.unime.it\/#\/schema\/logo\/image\/"}}]}},"_links":{"self":[{"href":"https:\/\/portale2.unime.it\/cisu\/wp-json\/wp\/v2\/product\/1581","targetHints":{"allow":["GET"]}}],"collection":[{"href":"https:\/\/portale2.unime.it\/cisu\/wp-json\/wp\/v2\/product"}],"about":[{"href":"https:\/\/portale2.unime.it\/cisu\/wp-json\/wp\/v2\/types\/product"}],"wp:featuredmedia":[{"embeddable":true,"href":"https:\/\/portale2.unime.it\/cisu\/wp-json\/wp\/v2\/media\/679"}],"wp:attachment":[{"href":"https:\/\/portale2.unime.it\/cisu\/wp-json\/wp\/v2\/media?parent=1581"}],"wp:term":[{"taxonomy":"product_brand","embeddable":true,"href":"https:\/\/portale2.unime.it\/cisu\/wp-json\/wp\/v2\/product_brand?post=1581"},{"taxonomy":"product_cat","embeddable":true,"href":"https:\/\/portale2.unime.it\/cisu\/wp-json\/wp\/v2\/product_cat?post=1581"},{"taxonomy":"product_tag","embeddable":true,"href":"https:\/\/portale2.unime.it\/cisu\/wp-json\/wp\/v2\/product_tag?post=1581"}],"curies":[{"name":"wp","href":"https:\/\/api.w.org\/{rel}","templated":true}]}}