{"id":1666,"date":"2006-12-21T11:37:27","date_gmt":"2006-12-21T10:37:27","guid":{"rendered":"http:\/\/portale.unime.it\/cisu\/?post_type=product&amp;p=1666"},"modified":"2006-12-21T11:37:27","modified_gmt":"2006-12-21T10:37:27","slug":"studi-medievali-e-umanistici-iv","status":"publish","type":"product","link":"https:\/\/portale2.unime.it\/cisu\/prodotto\/studi-medievali-e-umanistici-iv\/","title":{"rendered":"Studi medievali e umanistici, IV"},"content":{"rendered":"<p><strong>IV (2006)<\/strong><\/p>\n<p>Messina, Centro Interdipartimentale di Studi Umanistici, 2006, 460 pp., tavv. XII; 25 cm.<br \/>\nISSN 2035-3774<\/p>\n<p>INDICE GENERALE<\/p>\n<p>S. Pagliaroli, <em>Una proposta per il giovane Valla: <\/em>Quintiliani Tulliique examen<br \/>\nM. Bert\u00e9, <em>La tradizione dell&#8217;ultima invettiva di Francesco Petrarca<\/em><br \/>\nL. Refe, <em>Un nuovo manoscritto copiato da Bartolomeo Sachella<\/em><br \/>\nM. Rinaldi, <em>Un codice della <\/em>Naturalis Historia<em> annotato da Giovanni Pontano<\/em><br \/>\nF. Tateo, <em>L&#8217;epistola di Antonio Galateo a Marco Antonio Tolomei<\/em><br \/>\nT. Mart\u00ednez Manzano, <em>Un c\u00f3dice de Niccol\u00f2 Niccoli en Salamanca<\/em><br \/>\nM. de Nichilo,<em> L&#8217;<\/em>Actius<em> del Pontano e una lettera di Bernardo Rucellai<\/em><\/p>\n<p>TESSERE<br \/>\nM. Fiorilla, <em>Il <\/em>\u00ablibellus\u00bb<em> in una nota petrarchesca dell&#8217;Orazio Morgan<\/em><br \/>\nP. de Capua, <em>Petrarca<\/em>, De viris illustribus <em>XIV 9<\/em><br \/>\nL. Ciccone,<em> Un&#8217;accezione di <\/em>sedo<em> in un poeta trecentesco<\/em><br \/>\nS. Martinelli Tempesta, <em>Un nuovo codice con titolo bilingue crisolorino (Ambr.<\/em> <em>A 175 sup.)<\/em><br \/>\nS. Signaroli, <em>Istituzioni comunali e libri nel Quattrocento: Brescia<\/em><br \/>\nA. Daneloni, <em>Un secondo elenco delle opere di Bartolomeo Fonzio<\/em><br \/>\nR. Fabbri, <em>Contributo minimo al carteggio del Poliziano<\/em><br \/>\nA. Rollo, <em>Interventi di Andronico Callisto in codici latini<\/em><br \/>\nD. Gionta, <em>Autografi filelfiani nell?Archivio Mediceo avanti il Principato: un dittico per la Sforziade di Piero<\/em><br \/>\nD. Gionta, <em>Ritrovamenti pomponiani<\/em><\/p>\n<p>RECENSIONI<br \/>\nLeonardo Bruni, <em>History of the Florentine People<\/em> (A. Nuzzo)<br \/>\nG. Germano, <em>Il <\/em>De aspiratione <em>di Giovanni Pontano e la cultura del suo tempo<\/em> (M. Rinaldi)<\/p>\n<p>Indice delle tavole<br \/>\nIndice dei manoscritti e delle fonti d&#8217;archivio<br \/>\nIndice dei nomi<\/p>\n","protected":false},"excerpt":{"rendered":"<p>&nbsp;<\/p>\n<p>anche in versione digitale<br \/>\n<a href=\"http:\/\/digital.casalini.it\/2508681\" target=\"_blank\" rel=\"noopener\">http:\/\/digital.casalini.it\/2508681<\/a><\/p>\n<p>&nbsp;<\/p>\n","protected":false},"featured_media":775,"template":"","meta":[],"product_brand":[],"product_cat":[52],"product_tag":[],"class_list":{"0":"post-1666","1":"product","2":"type-product","3":"status-publish","4":"has-post-thumbnail","6":"product_cat-studi-medievali-e-umanistici","7":"entry","9":"first","10":"instock","11":"shipping-taxable","12":"purchasable","13":"product-type-simple"},"yoast_head":"<!-- This site is optimized with the Yoast SEO plugin v27.4 - https:\/\/yoast.com\/product\/yoast-seo-wordpress\/ -->\n<title>Studi medievali e umanistici, IV - CISU - Centro Internazionale di Studi Umanistici<\/title>\n<meta name=\"robots\" content=\"index, follow, max-snippet:-1, max-image-preview:large, max-video-preview:-1\" \/>\n<link rel=\"canonical\" href=\"https:\/\/cisu.unime.it\/prodotto\/studi-medievali-e-umanistici-iv\/\" \/>\n<meta property=\"og:locale\" content=\"it_IT\" \/>\n<meta property=\"og:type\" content=\"article\" \/>\n<meta property=\"og:title\" content=\"Studi medievali e umanistici, IV - CISU - Centro Internazionale di Studi Umanistici\" \/>\n<meta property=\"og:description\" content=\"&nbsp; anche in versione digitale http:\/\/digital.casalini.it\/2508681 &nbsp;\" \/>\n<meta property=\"og:url\" content=\"https:\/\/cisu.unime.it\/prodotto\/studi-medievali-e-umanistici-iv\/\" \/>\n<meta property=\"og:site_name\" content=\"CISU - Centro Internazionale di Studi Umanistici\" \/>\n<meta property=\"og:image\" content=\"https:\/\/portale2.unime.it\/cisu\/wp-content\/uploads\/sites\/55\/2016\/11\/smu-iv.jpg\" \/>\n\t<meta property=\"og:image:width\" content=\"220\" \/>\n\t<meta property=\"og:image:height\" content=\"318\" \/>\n\t<meta property=\"og:image:type\" content=\"image\/jpeg\" \/>\n<meta name=\"twitter:card\" content=\"summary_large_image\" \/>\n<meta name=\"twitter:label1\" content=\"Tempo di lettura stimato\" \/>\n\t<meta name=\"twitter:data1\" content=\"1 minuto\" \/>\n<script type=\"application\/ld+json\" class=\"yoast-schema-graph\">{\"@context\":\"https:\\\/\\\/schema.org\",\"@graph\":[{\"@type\":\"WebPage\",\"@id\":\"https:\\\/\\\/cisu.unime.it\\\/prodotto\\\/studi-medievali-e-umanistici-iv\\\/\",\"url\":\"https:\\\/\\\/cisu.unime.it\\\/prodotto\\\/studi-medievali-e-umanistici-iv\\\/\",\"name\":\"Studi medievali e umanistici, IV - CISU - Centro Internazionale di Studi Umanistici\",\"isPartOf\":{\"@id\":\"https:\\\/\\\/www.cisu.unime.it\\\/#website\"},\"primaryImageOfPage\":{\"@id\":\"https:\\\/\\\/cisu.unime.it\\\/prodotto\\\/studi-medievali-e-umanistici-iv\\\/#primaryimage\"},\"image\":{\"@id\":\"https:\\\/\\\/cisu.unime.it\\\/prodotto\\\/studi-medievali-e-umanistici-iv\\\/#primaryimage\"},\"thumbnailUrl\":\"https:\\\/\\\/portale2.unime.it\\\/cisu\\\/wp-content\\\/uploads\\\/sites\\\/55\\\/2016\\\/11\\\/smu-iv.jpg\",\"datePublished\":\"2006-12-21T10:37:27+00:00\",\"breadcrumb\":{\"@id\":\"https:\\\/\\\/cisu.unime.it\\\/prodotto\\\/studi-medievali-e-umanistici-iv\\\/#breadcrumb\"},\"inLanguage\":\"it-IT\",\"potentialAction\":[{\"@type\":\"ReadAction\",\"target\":[\"https:\\\/\\\/cisu.unime.it\\\/prodotto\\\/studi-medievali-e-umanistici-iv\\\/\"]}]},{\"@type\":\"ImageObject\",\"inLanguage\":\"it-IT\",\"@id\":\"https:\\\/\\\/cisu.unime.it\\\/prodotto\\\/studi-medievali-e-umanistici-iv\\\/#primaryimage\",\"url\":\"https:\\\/\\\/portale2.unime.it\\\/cisu\\\/wp-content\\\/uploads\\\/sites\\\/55\\\/2016\\\/11\\\/smu-iv.jpg\",\"contentUrl\":\"https:\\\/\\\/portale2.unime.it\\\/cisu\\\/wp-content\\\/uploads\\\/sites\\\/55\\\/2016\\\/11\\\/smu-iv.jpg\",\"width\":220,\"height\":318},{\"@type\":\"BreadcrumbList\",\"@id\":\"https:\\\/\\\/cisu.unime.it\\\/prodotto\\\/studi-medievali-e-umanistici-iv\\\/#breadcrumb\",\"itemListElement\":[{\"@type\":\"ListItem\",\"position\":1,\"name\":\"Home\",\"item\":\"https:\\\/\\\/portale2.unime.it\\\/cisu\\\/\"},{\"@type\":\"ListItem\",\"position\":2,\"name\":\"Prodotti\",\"item\":\"https:\\\/\\\/www.cisu.unime.it\\\/shop\\\/\"},{\"@type\":\"ListItem\",\"position\":3,\"name\":\"Studi medievali e umanistici, IV\"}]},{\"@type\":\"WebSite\",\"@id\":\"https:\\\/\\\/www.cisu.unime.it\\\/#website\",\"url\":\"https:\\\/\\\/www.cisu.unime.it\\\/\",\"name\":\"CISU - Centro Internazionale di Studi Umanistici\",\"description\":\"\",\"publisher\":{\"@id\":\"https:\\\/\\\/www.cisu.unime.it\\\/#organization\"},\"potentialAction\":[{\"@type\":\"SearchAction\",\"target\":{\"@type\":\"EntryPoint\",\"urlTemplate\":\"https:\\\/\\\/www.cisu.unime.it\\\/?s={search_term_string}\"},\"query-input\":{\"@type\":\"PropertyValueSpecification\",\"valueRequired\":true,\"valueName\":\"search_term_string\"}}],\"inLanguage\":\"it-IT\"},{\"@type\":\"Organization\",\"@id\":\"https:\\\/\\\/www.cisu.unime.it\\\/#organization\",\"name\":\"CISU - Centro Internazionale di Studi Umanistici\",\"url\":\"https:\\\/\\\/www.cisu.unime.it\\\/\",\"logo\":{\"@type\":\"ImageObject\",\"inLanguage\":\"it-IT\",\"@id\":\"https:\\\/\\\/www.cisu.unime.it\\\/#\\\/schema\\\/logo\\\/image\\\/\",\"url\":\"https:\\\/\\\/portale2.unime.it\\\/cisu\\\/wp-content\\\/uploads\\\/sites\\\/55\\\/2024\\\/10\\\/cisu-header.png\",\"contentUrl\":\"https:\\\/\\\/portale2.unime.it\\\/cisu\\\/wp-content\\\/uploads\\\/sites\\\/55\\\/2024\\\/10\\\/cisu-header.png\",\"width\":1600,\"height\":335,\"caption\":\"CISU - Centro Internazionale di Studi Umanistici\"},\"image\":{\"@id\":\"https:\\\/\\\/www.cisu.unime.it\\\/#\\\/schema\\\/logo\\\/image\\\/\"}}]}<\/script>\n<!-- \/ Yoast SEO plugin. -->","yoast_head_json":{"title":"Studi medievali e umanistici, IV - CISU - Centro Internazionale di Studi Umanistici","robots":{"index":"index","follow":"follow","max-snippet":"max-snippet:-1","max-image-preview":"max-image-preview:large","max-video-preview":"max-video-preview:-1"},"canonical":"https:\/\/cisu.unime.it\/prodotto\/studi-medievali-e-umanistici-iv\/","og_locale":"it_IT","og_type":"article","og_title":"Studi medievali e umanistici, IV - CISU - Centro Internazionale di Studi Umanistici","og_description":"&nbsp; anche in versione digitale http:\/\/digital.casalini.it\/2508681 &nbsp;","og_url":"https:\/\/cisu.unime.it\/prodotto\/studi-medievali-e-umanistici-iv\/","og_site_name":"CISU - Centro Internazionale di Studi Umanistici","og_image":[{"width":220,"height":318,"url":"https:\/\/portale2.unime.it\/cisu\/wp-content\/uploads\/sites\/55\/2016\/11\/smu-iv.jpg","type":"image\/jpeg"}],"twitter_card":"summary_large_image","twitter_misc":{"Tempo di lettura stimato":"1 minuto"},"schema":{"@context":"https:\/\/schema.org","@graph":[{"@type":"WebPage","@id":"https:\/\/cisu.unime.it\/prodotto\/studi-medievali-e-umanistici-iv\/","url":"https:\/\/cisu.unime.it\/prodotto\/studi-medievali-e-umanistici-iv\/","name":"Studi medievali e umanistici, IV - CISU - Centro Internazionale di Studi Umanistici","isPartOf":{"@id":"https:\/\/www.cisu.unime.it\/#website"},"primaryImageOfPage":{"@id":"https:\/\/cisu.unime.it\/prodotto\/studi-medievali-e-umanistici-iv\/#primaryimage"},"image":{"@id":"https:\/\/cisu.unime.it\/prodotto\/studi-medievali-e-umanistici-iv\/#primaryimage"},"thumbnailUrl":"https:\/\/portale2.unime.it\/cisu\/wp-content\/uploads\/sites\/55\/2016\/11\/smu-iv.jpg","datePublished":"2006-12-21T10:37:27+00:00","breadcrumb":{"@id":"https:\/\/cisu.unime.it\/prodotto\/studi-medievali-e-umanistici-iv\/#breadcrumb"},"inLanguage":"it-IT","potentialAction":[{"@type":"ReadAction","target":["https:\/\/cisu.unime.it\/prodotto\/studi-medievali-e-umanistici-iv\/"]}]},{"@type":"ImageObject","inLanguage":"it-IT","@id":"https:\/\/cisu.unime.it\/prodotto\/studi-medievali-e-umanistici-iv\/#primaryimage","url":"https:\/\/portale2.unime.it\/cisu\/wp-content\/uploads\/sites\/55\/2016\/11\/smu-iv.jpg","contentUrl":"https:\/\/portale2.unime.it\/cisu\/wp-content\/uploads\/sites\/55\/2016\/11\/smu-iv.jpg","width":220,"height":318},{"@type":"BreadcrumbList","@id":"https:\/\/cisu.unime.it\/prodotto\/studi-medievali-e-umanistici-iv\/#breadcrumb","itemListElement":[{"@type":"ListItem","position":1,"name":"Home","item":"https:\/\/portale2.unime.it\/cisu\/"},{"@type":"ListItem","position":2,"name":"Prodotti","item":"https:\/\/www.cisu.unime.it\/shop\/"},{"@type":"ListItem","position":3,"name":"Studi medievali e umanistici, IV"}]},{"@type":"WebSite","@id":"https:\/\/www.cisu.unime.it\/#website","url":"https:\/\/www.cisu.unime.it\/","name":"CISU - Centro Internazionale di Studi Umanistici","description":"","publisher":{"@id":"https:\/\/www.cisu.unime.it\/#organization"},"potentialAction":[{"@type":"SearchAction","target":{"@type":"EntryPoint","urlTemplate":"https:\/\/www.cisu.unime.it\/?s={search_term_string}"},"query-input":{"@type":"PropertyValueSpecification","valueRequired":true,"valueName":"search_term_string"}}],"inLanguage":"it-IT"},{"@type":"Organization","@id":"https:\/\/www.cisu.unime.it\/#organization","name":"CISU - Centro Internazionale di Studi Umanistici","url":"https:\/\/www.cisu.unime.it\/","logo":{"@type":"ImageObject","inLanguage":"it-IT","@id":"https:\/\/www.cisu.unime.it\/#\/schema\/logo\/image\/","url":"https:\/\/portale2.unime.it\/cisu\/wp-content\/uploads\/sites\/55\/2024\/10\/cisu-header.png","contentUrl":"https:\/\/portale2.unime.it\/cisu\/wp-content\/uploads\/sites\/55\/2024\/10\/cisu-header.png","width":1600,"height":335,"caption":"CISU - Centro Internazionale di Studi Umanistici"},"image":{"@id":"https:\/\/www.cisu.unime.it\/#\/schema\/logo\/image\/"}}]}},"_links":{"self":[{"href":"https:\/\/portale2.unime.it\/cisu\/wp-json\/wp\/v2\/product\/1666","targetHints":{"allow":["GET"]}}],"collection":[{"href":"https:\/\/portale2.unime.it\/cisu\/wp-json\/wp\/v2\/product"}],"about":[{"href":"https:\/\/portale2.unime.it\/cisu\/wp-json\/wp\/v2\/types\/product"}],"wp:featuredmedia":[{"embeddable":true,"href":"https:\/\/portale2.unime.it\/cisu\/wp-json\/wp\/v2\/media\/775"}],"wp:attachment":[{"href":"https:\/\/portale2.unime.it\/cisu\/wp-json\/wp\/v2\/media?parent=1666"}],"wp:term":[{"taxonomy":"product_brand","embeddable":true,"href":"https:\/\/portale2.unime.it\/cisu\/wp-json\/wp\/v2\/product_brand?post=1666"},{"taxonomy":"product_cat","embeddable":true,"href":"https:\/\/portale2.unime.it\/cisu\/wp-json\/wp\/v2\/product_cat?post=1666"},{"taxonomy":"product_tag","embeddable":true,"href":"https:\/\/portale2.unime.it\/cisu\/wp-json\/wp\/v2\/product_tag?post=1666"}],"curies":[{"name":"wp","href":"https:\/\/api.w.org\/{rel}","templated":true}]}}