{"id":1734,"date":"2014-05-21T12:27:02","date_gmt":"2014-05-21T10:27:02","guid":{"rendered":"http:\/\/portale.unime.it\/cisu\/?post_type=product&amp;p=1734"},"modified":"2014-05-21T12:27:02","modified_gmt":"2014-05-21T10:27:02","slug":"archimede-e-le-sue-fortune","status":"publish","type":"product","link":"https:\/\/portale2.unime.it\/cisu\/prodotto\/archimede-e-le-sue-fortune\/","title":{"rendered":"Archimede e le sue fortune"},"content":{"rendered":"<p><strong>Atti del Convegno di Siracusa-Messina, 24-26 giugno 2008 <\/strong><br \/>\n<strong>a cura di Vincenzo Fera, Daniela Gionta, Antonio Rollo<\/strong><\/p>\n<p>Messina, Centro Internazionale di Studi Umanistici, 2014, 737 pp., tavv. XXXIX; 25 cm.<br \/>\nISBN 978-88-87541-81-6<\/p>\n<p>INDICE GENERALE<\/p>\n<p><em>Nota editoriale<\/em><br \/>\nN. Tchernetska, <em>The Archimedes Palimpsest Project: Main Results<\/em><br \/>\nK. Saito, <em>Johan Ludvig Heiberg e l\u2019edizione critica di Archimede: i fogli perduti del <\/em>Metodo<br \/>\nG. Ucciardello, <em>Sui nuovi frammenti d\u2019Iperide nel \u2018palinsesto di Archimede\u2019<\/em><br \/>\nA. Rollo, <em>Il perduto Archimede di Giorgio Valla<\/em><br \/>\nI. Mountriza, <em>Le probl\u00e8me des b\u00e6ufs: un noveau t\u00e9moin<\/em><br \/>\nG. Morelli, <em>Lo <\/em>Stomachion<em> di Archimede nelle testimonianze antiche<\/em><br \/>\nE. Giusti, <em>Il Metodo di Archimede e la Geometria degli indivisibili<\/em><br \/>\nM. Geymonat, <em>Memorie archimedee nella letteratura latina<\/em><br \/>\nM. Decorps-Foulquier, <em>Eutocius d\u2019Ascalon t\u00e9moin indirect de l\u2019oeuvre d\u2019Archim\u00e8de. L\u2019exemple de la Mesure du cercle<\/em><br \/>\nP. D\u2019Alessandro, <em>La traduzione archimedea di Iacopo da San Cassiano e il <\/em>Tetragonismus Parabolae<br \/>\nR. Tucci, <em>Giorgio Valla e la geometria: Euclide ed Erone<\/em><br \/>\nA. Rollo, <em>Un Euclide del Valla<\/em><br \/>\nA. Tura, L<em>a trasmissione delle soluzioni antiche al problema delico e Fra Giocondo<\/em><br \/>\nR. Moscheo, <em>Passato e presente degli studi mauroliciani<\/em><br \/>\nP. D. Napolitani, <em>Il Progetto Maurolico<\/em><br \/>\nR. Bell\u00e9, <em>Francesco Maurolico e Archimede<\/em><br \/>\nV. Gavagna, <em>Gli <\/em>Elementi<em> di Euclide \u00abex traditione Francisci Maurolyci\u00bb<\/em><br \/>\nA. Zumbo,<em> L\u2019\u2018apografo Benedello\u2019 del <\/em>De piscibus siculis<em> di Francesco Maurolico<\/em><br \/>\nD. Gionta, <em>\u00abLibros dorados y illuminados et litteris uncialibus scriptos\u00bb. Silvestro Maurolico e la biblioteca dell\u2019Escorial<\/em><br \/>\nAPPENDICE <em>Francesco Maurolico e le matematiche del Rinascimento. L\u2019edizione critica di testi scientifici e la sfida delle nuove tecnologie. Atti del Convegno internazionale di studi (Messina, 16-19 ottobre 2002)<\/em><br \/>\nV. Gavagna, <em>Notizia del Convegno<\/em><br \/>\nG. Cioffarelli, <em>La <\/em>Cosmographia<em> di Maurolico: le novit\u00e0 nell\u2019insegnamento dell\u2019astronomia<\/em><br \/>\nA. C. Garibaldi, <em>I \u2018programmi di ricerca\u2019 mauroliciani<\/em><br \/>\nE. Giusti, <em>Francesco Maurolico nella matematica del Cinquecento<\/em><br \/>\nW. R. Laird, <em>Francesco Maurolico and the Renaissance of Mechanics<\/em><br \/>\nK. Saito, <em>L\u2019edizione di Maurolico dei <\/em>Conoidi<em> e <\/em>Sferoidi<em> di Archimede<\/em><br \/>\nK. Takahashi, <em>Maurolico\u2019s Optics and the Medieval Tradition<\/em><br \/>\nP. D\u2019Alessandro, <em>Francesco Maurolico e il latino<\/em><br \/>\nA. Romano, <em>Maurolico tra Messina e il Messico: il tramite gesuita. Note sullo sviluppo della matematica nel Collegio di San Pedro y Paulo di Citt\u00e0 del Messico alla fine del XVI secolo<\/em><\/p>\n<p>Indice delle tavole<br \/>\nIndice delle fonti manoscritte e delle stampe antiche<br \/>\nIndice dei nomi<\/p>\n","protected":false},"excerpt":{"rendered":"<p>&nbsp;<\/p>\n<p>anche in versione digitale<br \/>\n<a href=\"http:\/\/digital.casalini.it\/9788887541816\" target=\"_blank\" rel=\"noopener\">http:\/\/digital.casalini.it\/9788887541816<\/a><\/p>\n<p>&nbsp;<\/p>\n","protected":false},"featured_media":1031,"template":"","meta":[],"product_brand":[],"product_cat":[48],"product_tag":[],"class_list":{"0":"post-1734","1":"product","2":"type-product","3":"status-publish","4":"has-post-thumbnail","6":"product_cat-percorsi-dei-classici","7":"entry","9":"first","10":"instock","11":"shipping-taxable","12":"purchasable","13":"product-type-simple"},"yoast_head":"<!-- This site is optimized with the Yoast SEO plugin v27.4 - https:\/\/yoast.com\/product\/yoast-seo-wordpress\/ -->\n<title>Archimede e le sue fortune - CISU - Centro Internazionale di Studi Umanistici<\/title>\n<meta name=\"robots\" content=\"index, follow, max-snippet:-1, max-image-preview:large, max-video-preview:-1\" \/>\n<link rel=\"canonical\" href=\"https:\/\/portale2.unime.it\/cisu\/prodotto\/archimede-e-le-sue-fortune\/\" \/>\n<meta property=\"og:locale\" content=\"it_IT\" \/>\n<meta property=\"og:type\" content=\"article\" \/>\n<meta property=\"og:title\" content=\"Archimede e le sue fortune - CISU - Centro Internazionale di Studi Umanistici\" \/>\n<meta property=\"og:description\" content=\"&nbsp; anche in versione digitale http:\/\/digital.casalini.it\/9788887541816 &nbsp;\" \/>\n<meta property=\"og:url\" content=\"https:\/\/portale2.unime.it\/cisu\/prodotto\/archimede-e-le-sue-fortune\/\" \/>\n<meta property=\"og:site_name\" content=\"CISU - Centro Internazionale di Studi Umanistici\" \/>\n<meta property=\"og:image\" content=\"https:\/\/portale2.unime.it\/cisu\/wp-content\/uploads\/sites\/55\/2017\/01\/Archimede_e_le_sue_fortune._Atti_del_Con-scaled.jpg\" \/>\n\t<meta property=\"og:image:width\" content=\"1809\" \/>\n\t<meta property=\"og:image:height\" content=\"2560\" \/>\n\t<meta property=\"og:image:type\" content=\"image\/jpeg\" \/>\n<meta name=\"twitter:card\" content=\"summary_large_image\" \/>\n<meta name=\"twitter:label1\" content=\"Tempo di lettura stimato\" \/>\n\t<meta name=\"twitter:data1\" content=\"2 minuti\" \/>\n<script type=\"application\/ld+json\" class=\"yoast-schema-graph\">{\"@context\":\"https:\\\/\\\/schema.org\",\"@graph\":[{\"@type\":\"WebPage\",\"@id\":\"https:\\\/\\\/portale2.unime.it\\\/cisu\\\/prodotto\\\/archimede-e-le-sue-fortune\\\/\",\"url\":\"https:\\\/\\\/portale2.unime.it\\\/cisu\\\/prodotto\\\/archimede-e-le-sue-fortune\\\/\",\"name\":\"Archimede e le sue fortune - CISU - Centro Internazionale di Studi Umanistici\",\"isPartOf\":{\"@id\":\"https:\\\/\\\/www.cisu.unime.it\\\/#website\"},\"primaryImageOfPage\":{\"@id\":\"https:\\\/\\\/portale2.unime.it\\\/cisu\\\/prodotto\\\/archimede-e-le-sue-fortune\\\/#primaryimage\"},\"image\":{\"@id\":\"https:\\\/\\\/portale2.unime.it\\\/cisu\\\/prodotto\\\/archimede-e-le-sue-fortune\\\/#primaryimage\"},\"thumbnailUrl\":\"https:\\\/\\\/portale2.unime.it\\\/cisu\\\/wp-content\\\/uploads\\\/sites\\\/55\\\/2017\\\/01\\\/Archimede_e_le_sue_fortune._Atti_del_Con-scaled.jpg\",\"datePublished\":\"2014-05-21T10:27:02+00:00\",\"breadcrumb\":{\"@id\":\"https:\\\/\\\/portale2.unime.it\\\/cisu\\\/prodotto\\\/archimede-e-le-sue-fortune\\\/#breadcrumb\"},\"inLanguage\":\"it-IT\",\"potentialAction\":[{\"@type\":\"ReadAction\",\"target\":[\"https:\\\/\\\/portale2.unime.it\\\/cisu\\\/prodotto\\\/archimede-e-le-sue-fortune\\\/\"]}]},{\"@type\":\"ImageObject\",\"inLanguage\":\"it-IT\",\"@id\":\"https:\\\/\\\/portale2.unime.it\\\/cisu\\\/prodotto\\\/archimede-e-le-sue-fortune\\\/#primaryimage\",\"url\":\"https:\\\/\\\/portale2.unime.it\\\/cisu\\\/wp-content\\\/uploads\\\/sites\\\/55\\\/2017\\\/01\\\/Archimede_e_le_sue_fortune._Atti_del_Con-scaled.jpg\",\"contentUrl\":\"https:\\\/\\\/portale2.unime.it\\\/cisu\\\/wp-content\\\/uploads\\\/sites\\\/55\\\/2017\\\/01\\\/Archimede_e_le_sue_fortune._Atti_del_Con-scaled.jpg\",\"width\":1809,\"height\":2560},{\"@type\":\"BreadcrumbList\",\"@id\":\"https:\\\/\\\/portale2.unime.it\\\/cisu\\\/prodotto\\\/archimede-e-le-sue-fortune\\\/#breadcrumb\",\"itemListElement\":[{\"@type\":\"ListItem\",\"position\":1,\"name\":\"Home\",\"item\":\"https:\\\/\\\/portale2.unime.it\\\/cisu\\\/\"},{\"@type\":\"ListItem\",\"position\":2,\"name\":\"Prodotti\",\"item\":\"https:\\\/\\\/www.cisu.unime.it\\\/shop\\\/\"},{\"@type\":\"ListItem\",\"position\":3,\"name\":\"Archimede e le sue fortune\"}]},{\"@type\":\"WebSite\",\"@id\":\"https:\\\/\\\/www.cisu.unime.it\\\/#website\",\"url\":\"https:\\\/\\\/www.cisu.unime.it\\\/\",\"name\":\"CISU - Centro Internazionale di Studi Umanistici\",\"description\":\"\",\"publisher\":{\"@id\":\"https:\\\/\\\/www.cisu.unime.it\\\/#organization\"},\"potentialAction\":[{\"@type\":\"SearchAction\",\"target\":{\"@type\":\"EntryPoint\",\"urlTemplate\":\"https:\\\/\\\/www.cisu.unime.it\\\/?s={search_term_string}\"},\"query-input\":{\"@type\":\"PropertyValueSpecification\",\"valueRequired\":true,\"valueName\":\"search_term_string\"}}],\"inLanguage\":\"it-IT\"},{\"@type\":\"Organization\",\"@id\":\"https:\\\/\\\/www.cisu.unime.it\\\/#organization\",\"name\":\"CISU - Centro Internazionale di Studi Umanistici\",\"url\":\"https:\\\/\\\/www.cisu.unime.it\\\/\",\"logo\":{\"@type\":\"ImageObject\",\"inLanguage\":\"it-IT\",\"@id\":\"https:\\\/\\\/www.cisu.unime.it\\\/#\\\/schema\\\/logo\\\/image\\\/\",\"url\":\"https:\\\/\\\/portale2.unime.it\\\/cisu\\\/wp-content\\\/uploads\\\/sites\\\/55\\\/2024\\\/10\\\/cisu-header.png\",\"contentUrl\":\"https:\\\/\\\/portale2.unime.it\\\/cisu\\\/wp-content\\\/uploads\\\/sites\\\/55\\\/2024\\\/10\\\/cisu-header.png\",\"width\":1600,\"height\":335,\"caption\":\"CISU - Centro Internazionale di Studi Umanistici\"},\"image\":{\"@id\":\"https:\\\/\\\/www.cisu.unime.it\\\/#\\\/schema\\\/logo\\\/image\\\/\"}}]}<\/script>\n<!-- \/ Yoast SEO plugin. -->","yoast_head_json":{"title":"Archimede e le sue fortune - CISU - Centro Internazionale di Studi Umanistici","robots":{"index":"index","follow":"follow","max-snippet":"max-snippet:-1","max-image-preview":"max-image-preview:large","max-video-preview":"max-video-preview:-1"},"canonical":"https:\/\/portale2.unime.it\/cisu\/prodotto\/archimede-e-le-sue-fortune\/","og_locale":"it_IT","og_type":"article","og_title":"Archimede e le sue fortune - CISU - Centro Internazionale di Studi Umanistici","og_description":"&nbsp; anche in versione digitale http:\/\/digital.casalini.it\/9788887541816 &nbsp;","og_url":"https:\/\/portale2.unime.it\/cisu\/prodotto\/archimede-e-le-sue-fortune\/","og_site_name":"CISU - Centro Internazionale di Studi Umanistici","og_image":[{"width":1809,"height":2560,"url":"https:\/\/portale2.unime.it\/cisu\/wp-content\/uploads\/sites\/55\/2017\/01\/Archimede_e_le_sue_fortune._Atti_del_Con-scaled.jpg","type":"image\/jpeg"}],"twitter_card":"summary_large_image","twitter_misc":{"Tempo di lettura stimato":"2 minuti"},"schema":{"@context":"https:\/\/schema.org","@graph":[{"@type":"WebPage","@id":"https:\/\/portale2.unime.it\/cisu\/prodotto\/archimede-e-le-sue-fortune\/","url":"https:\/\/portale2.unime.it\/cisu\/prodotto\/archimede-e-le-sue-fortune\/","name":"Archimede e le sue fortune - CISU - Centro Internazionale di Studi Umanistici","isPartOf":{"@id":"https:\/\/www.cisu.unime.it\/#website"},"primaryImageOfPage":{"@id":"https:\/\/portale2.unime.it\/cisu\/prodotto\/archimede-e-le-sue-fortune\/#primaryimage"},"image":{"@id":"https:\/\/portale2.unime.it\/cisu\/prodotto\/archimede-e-le-sue-fortune\/#primaryimage"},"thumbnailUrl":"https:\/\/portale2.unime.it\/cisu\/wp-content\/uploads\/sites\/55\/2017\/01\/Archimede_e_le_sue_fortune._Atti_del_Con-scaled.jpg","datePublished":"2014-05-21T10:27:02+00:00","breadcrumb":{"@id":"https:\/\/portale2.unime.it\/cisu\/prodotto\/archimede-e-le-sue-fortune\/#breadcrumb"},"inLanguage":"it-IT","potentialAction":[{"@type":"ReadAction","target":["https:\/\/portale2.unime.it\/cisu\/prodotto\/archimede-e-le-sue-fortune\/"]}]},{"@type":"ImageObject","inLanguage":"it-IT","@id":"https:\/\/portale2.unime.it\/cisu\/prodotto\/archimede-e-le-sue-fortune\/#primaryimage","url":"https:\/\/portale2.unime.it\/cisu\/wp-content\/uploads\/sites\/55\/2017\/01\/Archimede_e_le_sue_fortune._Atti_del_Con-scaled.jpg","contentUrl":"https:\/\/portale2.unime.it\/cisu\/wp-content\/uploads\/sites\/55\/2017\/01\/Archimede_e_le_sue_fortune._Atti_del_Con-scaled.jpg","width":1809,"height":2560},{"@type":"BreadcrumbList","@id":"https:\/\/portale2.unime.it\/cisu\/prodotto\/archimede-e-le-sue-fortune\/#breadcrumb","itemListElement":[{"@type":"ListItem","position":1,"name":"Home","item":"https:\/\/portale2.unime.it\/cisu\/"},{"@type":"ListItem","position":2,"name":"Prodotti","item":"https:\/\/www.cisu.unime.it\/shop\/"},{"@type":"ListItem","position":3,"name":"Archimede e le sue fortune"}]},{"@type":"WebSite","@id":"https:\/\/www.cisu.unime.it\/#website","url":"https:\/\/www.cisu.unime.it\/","name":"CISU - Centro Internazionale di Studi Umanistici","description":"","publisher":{"@id":"https:\/\/www.cisu.unime.it\/#organization"},"potentialAction":[{"@type":"SearchAction","target":{"@type":"EntryPoint","urlTemplate":"https:\/\/www.cisu.unime.it\/?s={search_term_string}"},"query-input":{"@type":"PropertyValueSpecification","valueRequired":true,"valueName":"search_term_string"}}],"inLanguage":"it-IT"},{"@type":"Organization","@id":"https:\/\/www.cisu.unime.it\/#organization","name":"CISU - Centro Internazionale di Studi Umanistici","url":"https:\/\/www.cisu.unime.it\/","logo":{"@type":"ImageObject","inLanguage":"it-IT","@id":"https:\/\/www.cisu.unime.it\/#\/schema\/logo\/image\/","url":"https:\/\/portale2.unime.it\/cisu\/wp-content\/uploads\/sites\/55\/2024\/10\/cisu-header.png","contentUrl":"https:\/\/portale2.unime.it\/cisu\/wp-content\/uploads\/sites\/55\/2024\/10\/cisu-header.png","width":1600,"height":335,"caption":"CISU - Centro Internazionale di Studi Umanistici"},"image":{"@id":"https:\/\/www.cisu.unime.it\/#\/schema\/logo\/image\/"}}]}},"_links":{"self":[{"href":"https:\/\/portale2.unime.it\/cisu\/wp-json\/wp\/v2\/product\/1734","targetHints":{"allow":["GET"]}}],"collection":[{"href":"https:\/\/portale2.unime.it\/cisu\/wp-json\/wp\/v2\/product"}],"about":[{"href":"https:\/\/portale2.unime.it\/cisu\/wp-json\/wp\/v2\/types\/product"}],"wp:featuredmedia":[{"embeddable":true,"href":"https:\/\/portale2.unime.it\/cisu\/wp-json\/wp\/v2\/media\/1031"}],"wp:attachment":[{"href":"https:\/\/portale2.unime.it\/cisu\/wp-json\/wp\/v2\/media?parent=1734"}],"wp:term":[{"taxonomy":"product_brand","embeddable":true,"href":"https:\/\/portale2.unime.it\/cisu\/wp-json\/wp\/v2\/product_brand?post=1734"},{"taxonomy":"product_cat","embeddable":true,"href":"https:\/\/portale2.unime.it\/cisu\/wp-json\/wp\/v2\/product_cat?post=1734"},{"taxonomy":"product_tag","embeddable":true,"href":"https:\/\/portale2.unime.it\/cisu\/wp-json\/wp\/v2\/product_tag?post=1734"}],"curies":[{"name":"wp","href":"https:\/\/api.w.org\/{rel}","templated":true}]}}