{"id":1744,"date":"2014-05-21T12:58:54","date_gmt":"2014-05-21T10:58:54","guid":{"rendered":"http:\/\/portale.unime.it\/cisu\/?post_type=product&amp;p=1744"},"modified":"2014-05-21T12:58:54","modified_gmt":"2014-05-21T10:58:54","slug":"medioevo-per-enrico-pispisa","status":"publish","type":"product","link":"https:\/\/portale2.unime.it\/cisu\/prodotto\/medioevo-per-enrico-pispisa\/","title":{"rendered":"Medioevo per Enrico Pispisa"},"content":{"rendered":"<p><strong>scritti promossi e curati da L. Catalioto, P. Corsi, E. Cuozzo, G. Sangermano, S. Tramontana, B. Vetere<\/strong><\/p>\n<p>Messina, Centro Internazionale di Studi Umanistici, 2014, 490 pp.;\u00a023 cm.<br \/>\nISBN 978-88-87541-56-4<\/p>\n<p>INDICE GENERALE<\/p>\n<p>Vincenzo Fera, <em>Umanesimo di un medievista<\/em><br \/>\nSalvatore Tramontana, <em>Enrico Pispisa. La sua vita con la storia<\/em><br \/>\n<em>Bibliografia degli scritti di Enrico Pispisa<\/em><br \/>\nLorenzo Barile, <em>\u00abLa strada dell\u2019arricchirsi a tanti mercanti\u00bb e il \u00abfallire poi sopra la roba d\u2019altri\u00bb: origine e diffusione dei banchi pubblici e privati nel Mezzogiorno medievale<\/em><br \/>\nClara Biondi, <em>Il testamento di Damiano Sallimpipi. Un \u00abmiles\u00bb nella Sicilia del Trecento<\/em><br \/>\nLuciano Catalioto, <em>Bartolomeo Varelli de Lentino: un vescovo ribelle tra Svevi e\u00a0Angioini<\/em><br \/>\nPasquale Corsi,\u00a0<em>Da Siponto a Manfredonia: una questione ancora aperta<\/em><br \/>\nErrico Cuozzo &#8211; Rosanna Alaggio, <em>La presenza degli Amalfitani nella Puglia medievale<\/em><br \/>\nPietro Dalena, <em>Popolamento e viabilit\u00e0 \u00abin tenimento Sancti Marci Vallegrati\u00bb (secc. XI-XIII)<\/em><br \/>\nFulvio delle Donne, <em>L\u2019\u00abHistoria\u00bb del cosiddetto Iamsilla e le origini del Vespro<\/em><br \/>\nCosimo Damiano Fonseca, <em>L\u2019agiografia di San Laverio di Giacomo Racioppi: ricerche e\u00a0<\/em><em>problemi<\/em><br \/>\nPatrizia Mainoni, <em>I mundualdi nella Puglia medievale: alcuni quesiti dalla lettura\u00a0<\/em><em>dei documenti (secc. XII-XIV)<\/em><br \/>\nJean-Marie Martin, <em>R\u00e9voltes urbaines, communes et podestats dans le royaume de\u00a0<\/em><em>Sicile apr\u00e8s la mort de Fr\u00e9d\u00e9ric II (1251-1257)<\/em><br \/>\nMassimo Oldoni, <em>Un mito inutile. Normanni d\u2019Italia e storiografi d\u2019Europa<\/em><br \/>\nBiagio Saitta, L<em>a vendita dei figli nell\u2019Italia ostrogota<\/em><br \/>\nMarina Scarlata, <em>Citt\u00e0 portuali e spazi urbani. Palermo e Messina nei secoli<\/em><br \/>\nFrancesco Paolo Tocco, <em>Nuove suggestioni da una \u2018vexata quaestio\u2019: ancora una bio<\/em><em>grafia di Ruggero II?<\/em><br \/>\nElisa Vermiglio, <em>\u00abAd bonam fortunam et risicum dei maris et gentium\u00bb. Scam<\/em><em>bi e commerci nel Quattrocento messinese<\/em><br \/>\nBenedetto Vetere,<em> La citt\u00e0 e il limite<\/em><\/p>\n<p>Indice dei manoscritti e delle fonti d\u2019archivio<br \/>\nIndice dei luoghi<br \/>\nIndice dei nomi<\/p>\n","protected":false},"excerpt":{"rendered":"<p>scritti promossi e curati da L. Catalioto, P. Corsi, E. Cuozzo, G. Sangermano, S. Tramontana, B. Vetere Messina, Centro Internazionale di Studi Umanistici, 2014, 490 pp.;\u00a023 cm. ISBN 978-88-87541-56-4 INDICE GENERALE Vincenzo Fera, Umanesimo di un medievista Salvatore Tramontana, Enrico Pispisa. La sua vita con la storia Bibliografia degli scritti di Enrico Pispisa Lorenzo Barile,&hellip; <a class=\"more-link\" href=\"https:\/\/portale2.unime.it\/cisu\/prodotto\/medioevo-per-enrico-pispisa\/\">Continua a leggere <span class=\"screen-reader-text\">Medioevo per Enrico Pispisa<\/span><\/a><\/p>\n","protected":false},"featured_media":1039,"template":"","meta":[],"product_brand":[],"product_cat":[49],"product_tag":[],"class_list":{"0":"post-1744","1":"product","2":"type-product","3":"status-publish","4":"has-post-thumbnail","6":"product_cat-percorsi-medievali","7":"entry","9":"first","10":"instock","11":"shipping-taxable","12":"purchasable","13":"product-type-simple"},"yoast_head":"<!-- This site is optimized with the Yoast SEO plugin v27.4 - https:\/\/yoast.com\/product\/yoast-seo-wordpress\/ -->\n<title>Medioevo per Enrico Pispisa - CISU - Centro Internazionale di Studi Umanistici<\/title>\n<meta name=\"robots\" content=\"index, follow, max-snippet:-1, max-image-preview:large, max-video-preview:-1\" \/>\n<link rel=\"canonical\" href=\"https:\/\/portale2.unime.it\/cisu\/prodotto\/medioevo-per-enrico-pispisa\/\" \/>\n<meta property=\"og:locale\" content=\"it_IT\" \/>\n<meta property=\"og:type\" content=\"article\" \/>\n<meta property=\"og:title\" content=\"Medioevo per Enrico Pispisa - CISU - Centro Internazionale di Studi Umanistici\" \/>\n<meta property=\"og:description\" content=\"scritti promossi e curati da L. Catalioto, P. Corsi, E. Cuozzo, G. Sangermano, S. Tramontana, B. Vetere Messina, Centro Internazionale di Studi Umanistici, 2014, 490 pp.;\u00a023 cm. ISBN 978-88-87541-56-4 INDICE GENERALE Vincenzo Fera, Umanesimo di un medievista Salvatore Tramontana, Enrico Pispisa. La sua vita con la storia Bibliografia degli scritti di Enrico Pispisa Lorenzo Barile,&hellip; Continua a leggere Medioevo per Enrico Pispisa\" \/>\n<meta property=\"og:url\" content=\"https:\/\/portale2.unime.it\/cisu\/prodotto\/medioevo-per-enrico-pispisa\/\" \/>\n<meta property=\"og:site_name\" content=\"CISU - Centro Internazionale di Studi Umanistici\" \/>\n<meta property=\"og:image\" content=\"https:\/\/portale2.unime.it\/cisu\/wp-content\/uploads\/sites\/55\/2017\/01\/Medioevo_per_Enrico_Pispisa_scritti_prom-scaled.jpg\" \/>\n\t<meta property=\"og:image:width\" content=\"1726\" \/>\n\t<meta property=\"og:image:height\" content=\"2560\" \/>\n\t<meta property=\"og:image:type\" content=\"image\/jpeg\" \/>\n<meta name=\"twitter:card\" content=\"summary_large_image\" \/>\n<meta name=\"twitter:label1\" content=\"Tempo di lettura stimato\" \/>\n\t<meta name=\"twitter:data1\" content=\"1 minuto\" \/>\n<script type=\"application\/ld+json\" class=\"yoast-schema-graph\">{\"@context\":\"https:\\\/\\\/schema.org\",\"@graph\":[{\"@type\":\"WebPage\",\"@id\":\"https:\\\/\\\/portale2.unime.it\\\/cisu\\\/prodotto\\\/medioevo-per-enrico-pispisa\\\/\",\"url\":\"https:\\\/\\\/portale2.unime.it\\\/cisu\\\/prodotto\\\/medioevo-per-enrico-pispisa\\\/\",\"name\":\"Medioevo per Enrico Pispisa - CISU - Centro Internazionale di Studi Umanistici\",\"isPartOf\":{\"@id\":\"https:\\\/\\\/www.cisu.unime.it\\\/#website\"},\"primaryImageOfPage\":{\"@id\":\"https:\\\/\\\/portale2.unime.it\\\/cisu\\\/prodotto\\\/medioevo-per-enrico-pispisa\\\/#primaryimage\"},\"image\":{\"@id\":\"https:\\\/\\\/portale2.unime.it\\\/cisu\\\/prodotto\\\/medioevo-per-enrico-pispisa\\\/#primaryimage\"},\"thumbnailUrl\":\"https:\\\/\\\/portale2.unime.it\\\/cisu\\\/wp-content\\\/uploads\\\/sites\\\/55\\\/2017\\\/01\\\/Medioevo_per_Enrico_Pispisa_scritti_prom-scaled.jpg\",\"datePublished\":\"2014-05-21T10:58:54+00:00\",\"breadcrumb\":{\"@id\":\"https:\\\/\\\/portale2.unime.it\\\/cisu\\\/prodotto\\\/medioevo-per-enrico-pispisa\\\/#breadcrumb\"},\"inLanguage\":\"it-IT\",\"potentialAction\":[{\"@type\":\"ReadAction\",\"target\":[\"https:\\\/\\\/portale2.unime.it\\\/cisu\\\/prodotto\\\/medioevo-per-enrico-pispisa\\\/\"]}]},{\"@type\":\"ImageObject\",\"inLanguage\":\"it-IT\",\"@id\":\"https:\\\/\\\/portale2.unime.it\\\/cisu\\\/prodotto\\\/medioevo-per-enrico-pispisa\\\/#primaryimage\",\"url\":\"https:\\\/\\\/portale2.unime.it\\\/cisu\\\/wp-content\\\/uploads\\\/sites\\\/55\\\/2017\\\/01\\\/Medioevo_per_Enrico_Pispisa_scritti_prom-scaled.jpg\",\"contentUrl\":\"https:\\\/\\\/portale2.unime.it\\\/cisu\\\/wp-content\\\/uploads\\\/sites\\\/55\\\/2017\\\/01\\\/Medioevo_per_Enrico_Pispisa_scritti_prom-scaled.jpg\",\"width\":1726,\"height\":2560},{\"@type\":\"BreadcrumbList\",\"@id\":\"https:\\\/\\\/portale2.unime.it\\\/cisu\\\/prodotto\\\/medioevo-per-enrico-pispisa\\\/#breadcrumb\",\"itemListElement\":[{\"@type\":\"ListItem\",\"position\":1,\"name\":\"Home\",\"item\":\"https:\\\/\\\/portale2.unime.it\\\/cisu\\\/\"},{\"@type\":\"ListItem\",\"position\":2,\"name\":\"Prodotti\",\"item\":\"https:\\\/\\\/www.cisu.unime.it\\\/shop\\\/\"},{\"@type\":\"ListItem\",\"position\":3,\"name\":\"Medioevo per Enrico Pispisa\"}]},{\"@type\":\"WebSite\",\"@id\":\"https:\\\/\\\/www.cisu.unime.it\\\/#website\",\"url\":\"https:\\\/\\\/www.cisu.unime.it\\\/\",\"name\":\"CISU - Centro Internazionale di Studi Umanistici\",\"description\":\"\",\"publisher\":{\"@id\":\"https:\\\/\\\/www.cisu.unime.it\\\/#organization\"},\"potentialAction\":[{\"@type\":\"SearchAction\",\"target\":{\"@type\":\"EntryPoint\",\"urlTemplate\":\"https:\\\/\\\/www.cisu.unime.it\\\/?s={search_term_string}\"},\"query-input\":{\"@type\":\"PropertyValueSpecification\",\"valueRequired\":true,\"valueName\":\"search_term_string\"}}],\"inLanguage\":\"it-IT\"},{\"@type\":\"Organization\",\"@id\":\"https:\\\/\\\/www.cisu.unime.it\\\/#organization\",\"name\":\"CISU - Centro Internazionale di Studi Umanistici\",\"url\":\"https:\\\/\\\/www.cisu.unime.it\\\/\",\"logo\":{\"@type\":\"ImageObject\",\"inLanguage\":\"it-IT\",\"@id\":\"https:\\\/\\\/www.cisu.unime.it\\\/#\\\/schema\\\/logo\\\/image\\\/\",\"url\":\"https:\\\/\\\/portale2.unime.it\\\/cisu\\\/wp-content\\\/uploads\\\/sites\\\/55\\\/2024\\\/10\\\/cisu-header.png\",\"contentUrl\":\"https:\\\/\\\/portale2.unime.it\\\/cisu\\\/wp-content\\\/uploads\\\/sites\\\/55\\\/2024\\\/10\\\/cisu-header.png\",\"width\":1600,\"height\":335,\"caption\":\"CISU - Centro Internazionale di Studi Umanistici\"},\"image\":{\"@id\":\"https:\\\/\\\/www.cisu.unime.it\\\/#\\\/schema\\\/logo\\\/image\\\/\"}}]}<\/script>\n<!-- \/ Yoast SEO plugin. -->","yoast_head_json":{"title":"Medioevo per Enrico Pispisa - CISU - Centro Internazionale di Studi Umanistici","robots":{"index":"index","follow":"follow","max-snippet":"max-snippet:-1","max-image-preview":"max-image-preview:large","max-video-preview":"max-video-preview:-1"},"canonical":"https:\/\/portale2.unime.it\/cisu\/prodotto\/medioevo-per-enrico-pispisa\/","og_locale":"it_IT","og_type":"article","og_title":"Medioevo per Enrico Pispisa - CISU - Centro Internazionale di Studi Umanistici","og_description":"scritti promossi e curati da L. Catalioto, P. Corsi, E. Cuozzo, G. Sangermano, S. Tramontana, B. Vetere Messina, Centro Internazionale di Studi Umanistici, 2014, 490 pp.;\u00a023 cm. ISBN 978-88-87541-56-4 INDICE GENERALE Vincenzo Fera, Umanesimo di un medievista Salvatore Tramontana, Enrico Pispisa. La sua vita con la storia Bibliografia degli scritti di Enrico Pispisa Lorenzo Barile,&hellip; Continua a leggere Medioevo per Enrico Pispisa","og_url":"https:\/\/portale2.unime.it\/cisu\/prodotto\/medioevo-per-enrico-pispisa\/","og_site_name":"CISU - Centro Internazionale di Studi Umanistici","og_image":[{"width":1726,"height":2560,"url":"https:\/\/portale2.unime.it\/cisu\/wp-content\/uploads\/sites\/55\/2017\/01\/Medioevo_per_Enrico_Pispisa_scritti_prom-scaled.jpg","type":"image\/jpeg"}],"twitter_card":"summary_large_image","twitter_misc":{"Tempo di lettura stimato":"1 minuto"},"schema":{"@context":"https:\/\/schema.org","@graph":[{"@type":"WebPage","@id":"https:\/\/portale2.unime.it\/cisu\/prodotto\/medioevo-per-enrico-pispisa\/","url":"https:\/\/portale2.unime.it\/cisu\/prodotto\/medioevo-per-enrico-pispisa\/","name":"Medioevo per Enrico Pispisa - CISU - Centro Internazionale di Studi Umanistici","isPartOf":{"@id":"https:\/\/www.cisu.unime.it\/#website"},"primaryImageOfPage":{"@id":"https:\/\/portale2.unime.it\/cisu\/prodotto\/medioevo-per-enrico-pispisa\/#primaryimage"},"image":{"@id":"https:\/\/portale2.unime.it\/cisu\/prodotto\/medioevo-per-enrico-pispisa\/#primaryimage"},"thumbnailUrl":"https:\/\/portale2.unime.it\/cisu\/wp-content\/uploads\/sites\/55\/2017\/01\/Medioevo_per_Enrico_Pispisa_scritti_prom-scaled.jpg","datePublished":"2014-05-21T10:58:54+00:00","breadcrumb":{"@id":"https:\/\/portale2.unime.it\/cisu\/prodotto\/medioevo-per-enrico-pispisa\/#breadcrumb"},"inLanguage":"it-IT","potentialAction":[{"@type":"ReadAction","target":["https:\/\/portale2.unime.it\/cisu\/prodotto\/medioevo-per-enrico-pispisa\/"]}]},{"@type":"ImageObject","inLanguage":"it-IT","@id":"https:\/\/portale2.unime.it\/cisu\/prodotto\/medioevo-per-enrico-pispisa\/#primaryimage","url":"https:\/\/portale2.unime.it\/cisu\/wp-content\/uploads\/sites\/55\/2017\/01\/Medioevo_per_Enrico_Pispisa_scritti_prom-scaled.jpg","contentUrl":"https:\/\/portale2.unime.it\/cisu\/wp-content\/uploads\/sites\/55\/2017\/01\/Medioevo_per_Enrico_Pispisa_scritti_prom-scaled.jpg","width":1726,"height":2560},{"@type":"BreadcrumbList","@id":"https:\/\/portale2.unime.it\/cisu\/prodotto\/medioevo-per-enrico-pispisa\/#breadcrumb","itemListElement":[{"@type":"ListItem","position":1,"name":"Home","item":"https:\/\/portale2.unime.it\/cisu\/"},{"@type":"ListItem","position":2,"name":"Prodotti","item":"https:\/\/www.cisu.unime.it\/shop\/"},{"@type":"ListItem","position":3,"name":"Medioevo per Enrico Pispisa"}]},{"@type":"WebSite","@id":"https:\/\/www.cisu.unime.it\/#website","url":"https:\/\/www.cisu.unime.it\/","name":"CISU - Centro Internazionale di Studi Umanistici","description":"","publisher":{"@id":"https:\/\/www.cisu.unime.it\/#organization"},"potentialAction":[{"@type":"SearchAction","target":{"@type":"EntryPoint","urlTemplate":"https:\/\/www.cisu.unime.it\/?s={search_term_string}"},"query-input":{"@type":"PropertyValueSpecification","valueRequired":true,"valueName":"search_term_string"}}],"inLanguage":"it-IT"},{"@type":"Organization","@id":"https:\/\/www.cisu.unime.it\/#organization","name":"CISU - Centro Internazionale di Studi Umanistici","url":"https:\/\/www.cisu.unime.it\/","logo":{"@type":"ImageObject","inLanguage":"it-IT","@id":"https:\/\/www.cisu.unime.it\/#\/schema\/logo\/image\/","url":"https:\/\/portale2.unime.it\/cisu\/wp-content\/uploads\/sites\/55\/2024\/10\/cisu-header.png","contentUrl":"https:\/\/portale2.unime.it\/cisu\/wp-content\/uploads\/sites\/55\/2024\/10\/cisu-header.png","width":1600,"height":335,"caption":"CISU - Centro Internazionale di Studi Umanistici"},"image":{"@id":"https:\/\/www.cisu.unime.it\/#\/schema\/logo\/image\/"}}]}},"_links":{"self":[{"href":"https:\/\/portale2.unime.it\/cisu\/wp-json\/wp\/v2\/product\/1744","targetHints":{"allow":["GET"]}}],"collection":[{"href":"https:\/\/portale2.unime.it\/cisu\/wp-json\/wp\/v2\/product"}],"about":[{"href":"https:\/\/portale2.unime.it\/cisu\/wp-json\/wp\/v2\/types\/product"}],"wp:featuredmedia":[{"embeddable":true,"href":"https:\/\/portale2.unime.it\/cisu\/wp-json\/wp\/v2\/media\/1039"}],"wp:attachment":[{"href":"https:\/\/portale2.unime.it\/cisu\/wp-json\/wp\/v2\/media?parent=1744"}],"wp:term":[{"taxonomy":"product_brand","embeddable":true,"href":"https:\/\/portale2.unime.it\/cisu\/wp-json\/wp\/v2\/product_brand?post=1744"},{"taxonomy":"product_cat","embeddable":true,"href":"https:\/\/portale2.unime.it\/cisu\/wp-json\/wp\/v2\/product_cat?post=1744"},{"taxonomy":"product_tag","embeddable":true,"href":"https:\/\/portale2.unime.it\/cisu\/wp-json\/wp\/v2\/product_tag?post=1744"}],"curies":[{"name":"wp","href":"https:\/\/api.w.org\/{rel}","templated":true}]}}