{"id":44,"date":"2021-05-04T08:16:53","date_gmt":"2021-05-04T06:16:53","guid":{"rendered":"https:\/\/portale.unime.it\/modellopersona\/?page_id=44"},"modified":"2025-10-23T13:54:53","modified_gmt":"2025-10-23T11:54:53","slug":"comitato","status":"publish","type":"page","link":"https:\/\/portale2.unime.it\/clastea8\/?page_id=44","title":{"rendered":"COMMITTEES"},"content":{"rendered":"\t\t<div data-elementor-type=\"wp-page\" data-elementor-id=\"44\" class=\"elementor elementor-44\">\n\t\t\t\t\t\t<section class=\"elementor-section elementor-top-section elementor-element elementor-element-ad48a45 elementor-section-boxed elementor-section-height-default elementor-section-height-default\" data-id=\"ad48a45\" data-element_type=\"section\" data-e-type=\"section\">\n\t\t\t\t\t\t<div class=\"elementor-container elementor-column-gap-default\">\n\t\t\t\t\t<div class=\"elementor-column elementor-col-33 elementor-top-column elementor-element elementor-element-ef34617 elementor-invisible\" data-id=\"ef34617\" data-element_type=\"column\" data-e-type=\"column\" data-settings=\"{&quot;background_background&quot;:&quot;classic&quot;,&quot;animation&quot;:&quot;fadeInLeft&quot;}\">\n\t\t\t<div class=\"elementor-widget-wrap elementor-element-populated\">\n\t\t\t\t\t\t<div class=\"elementor-element elementor-element-3e68c8f elementor-widget elementor-widget-heading\" data-id=\"3e68c8f\" data-element_type=\"widget\" data-e-type=\"widget\" data-widget_type=\"heading.default\">\n\t\t\t\t<div class=\"elementor-widget-container\">\n\t\t\t\t\t<h3 class=\"elementor-heading-title elementor-size-default\">COMMITTEES<\/h3>\t\t\t\t<\/div>\n\t\t\t\t<\/div>\n\t\t\t\t<div class=\"elementor-element elementor-element-464c152 elementor-view-default elementor-widget elementor-widget-icon\" data-id=\"464c152\" data-element_type=\"widget\" data-e-type=\"widget\" data-widget_type=\"icon.default\">\n\t\t\t\t<div class=\"elementor-widget-container\">\n\t\t\t\t\t\t\t<div class=\"elementor-icon-wrapper\">\n\t\t\t<div class=\"elementor-icon\">\n\t\t\t<svg aria-hidden=\"true\" class=\"e-font-icon-svg e-far-user\" viewBox=\"0 0 448 512\" xmlns=\"http:\/\/www.w3.org\/2000\/svg\"><path d=\"M313.6 304c-28.7 0-42.5 16-89.6 16-47.1 0-60.8-16-89.6-16C60.2 304 0 364.2 0 438.4V464c0 26.5 21.5 48 48 48h352c26.5 0 48-21.5 48-48v-25.6c0-74.2-60.2-134.4-134.4-134.4zM400 464H48v-25.6c0-47.6 38.8-86.4 86.4-86.4 14.6 0 38.3 16 89.6 16 51.7 0 74.9-16 89.6-16 47.6 0 86.4 38.8 86.4 86.4V464zM224 288c79.5 0 144-64.5 144-144S303.5 0 224 0 80 64.5 80 144s64.5 144 144 144zm0-240c52.9 0 96 43.1 96 96s-43.1 96-96 96-96-43.1-96-96 43.1-96 96-96z\"><\/path><\/svg>\t\t\t<\/div>\n\t\t<\/div>\n\t\t\t\t\t\t<\/div>\n\t\t\t\t<\/div>\n\t\t\t\t\t<\/div>\n\t\t<\/div>\n\t\t\t\t<div class=\"elementor-column elementor-col-66 elementor-top-column elementor-element elementor-element-174aaed elementor-invisible\" data-id=\"174aaed\" data-element_type=\"column\" data-e-type=\"column\" data-settings=\"{&quot;animation&quot;:&quot;fadeInRight&quot;}\">\n\t\t\t<div class=\"elementor-widget-wrap elementor-element-populated\">\n\t\t\t\t\t\t<div class=\"elementor-element elementor-element-4fa6003 elementor-widget elementor-widget-text-editor\" data-id=\"4fa6003\" data-element_type=\"widget\" data-e-type=\"widget\" data-widget_type=\"text-editor.default\">\n\t\t\t\t<div class=\"elementor-widget-container\">\n\t\t\t\t\t\t\t\t\t<h1><span style=\"color: #ff5800\"><strong>DIRECTOR IN CHARGE<\/strong><\/span><\/h1><p><strong>Mariangela Monaca<\/strong> (DICAM University of Messina)<\/p><h1>\u00a0<\/h1><h1><span style=\"color: #ff5800\"><strong>CONFERENCE SECRETARIAT<\/strong><\/span><\/h1><p><strong>Auretta Sterrantino<\/strong>, Secretary<\/p><p><span style=\"font-size: 14pt\">with<strong> Graziana Adorno, Mauro Mormino, Vincenzo Quadarella\u00a0<\/strong><\/span><\/p><p>Dipartimento di Civilt\u00e0 Antiche e Moderne, Office 312, University of Messina<\/p><h1>\u00a0<\/h1><h1><span style=\"color: #ff6600\"><strong>ORGANIZING COMMITTEE<\/strong><\/span><\/h1><p>\u00a0<\/p><p><strong>Marta Gonz\u00e1lez Gonz\u00e1lez<\/strong> (University of Malaga)<br \/><strong>Susana Marques Pereira<\/strong> (University of Coimbra \/ CECH)<br \/><strong>Mauro Mormino<\/strong> (DICAM University of Messina)<br \/><strong>Vincenzo Quadarella<\/strong> (DICAM University of Messina; QA-QuasiAnonima <em>Produzioni<\/em>)<br \/><strong>Maria de F\u00e1tima Silva<\/strong> (past University of Coimbra)<br \/><strong>Salvatore Speziale<\/strong> (DICAM University of Messina)<br \/><strong>Auretta Sterrantino<\/strong> (UNICATT; ADDA; QA-QuasiAnonima <em>Produzioni<\/em>)<\/p><h1>\u00a0<\/h1><h1><span style=\"color: #ff5800\"><strong>LOGISTICAL COORDINATION<\/strong><\/span><\/h1><p><b>QA- QuasiAnonimaProduzioni (MESSINA)<br \/><\/b>Via XXIV maggio 28, 98122 Messina<\/p>\t\t\t\t\t\t\t\t<\/div>\n\t\t\t\t<\/div>\n\t\t\t\t<div class=\"elementor-element elementor-element-751adfc elementor-widget__width-initial elementor-widget elementor-widget-text-editor\" data-id=\"751adfc\" data-element_type=\"widget\" data-e-type=\"widget\" data-widget_type=\"text-editor.default\">\n\t\t\t\t<div class=\"elementor-widget-container\">\n\t\t\t\t\t\t\t\t\t<h1>&nbsp;<\/h1>\n<h1><strong><span style=\"color: #ff5800\">PROMOTERS<\/span> <br \/><\/strong><\/h1>\n<ul>\n<li><strong>Universit\u00e0 degli Studi di Messina<\/strong><\/li>\n<li><strong>Dipartimento di Civilt\u00e0 Antiche e Moderne<\/strong> (DICAM), Universit\u00e0 di Messina<\/li>\n<li><strong>ERSU,&nbsp;<\/strong>Messina<\/li>\n<li><strong>QA-QuasiAnonima Produzioni<\/strong> (Messina)<\/li>\n<li><strong>Center for Classical and Humanistic Studies<\/strong> (CECH) of the University of Coimbra <br \/><span style=\"font-size: 10pt\">[This event is financed with National Funds through the Portuguese FCT &#8211; Funda\u00e7\u00e3o para a Ci\u00eancia e a Tecnologia, I.P., within the project UIDB\/00196\/2025 and UIDP\/]<\/span><\/li>\n<\/ul>\n<p><\/p><\/div><\/div><\/div><\/div><\/div><\/section><\/div><div class=\"more-link-container\"><a class=\"more-link\" href=\"https:\/\/portale2.unime.it\/clastea8\/?page_id=44#more-44\">Continua a leggere <span class=\"screen-reader-text\">COMMITTEES<\/span><\/a><\/div>","protected":false},"excerpt":{"rendered":"<p>COMMITTEES DIRECTOR IN CHARGE Mariangela Monaca (DICAM University of Messina) \u00a0 CONFERENCE SECRETARIAT Auretta Sterrantino, Secretary with Graziana Adorno, Mauro Mormino, Vincenzo Quadarella\u00a0 Dipartimento di Civilt\u00e0 Antiche e Moderne, Office 312, University of Messina \u00a0 ORGANIZING COMMITTEE \u00a0 Marta Gonz\u00e1lez Gonz\u00e1lez (University of Malaga)Susana Marques Pereira (University of Coimbra \/ CECH)Mauro Mormino (DICAM University of&hellip; <a class=\"more-link\" href=\"https:\/\/portale2.unime.it\/clastea8\/?page_id=44\">Continua a leggere <span class=\"screen-reader-text\">COMMITTEES<\/span><\/a><\/p>\n","protected":false},"author":1,"featured_media":0,"parent":0,"menu_order":0,"comment_status":"closed","ping_status":"closed","template":"elementor_header_footer","meta":{"_acf_changed":false,"footnotes":""},"class_list":["post-44","page","type-page","status-publish","hentry","entry"],"yoast_head":"<!-- This site is optimized with the Yoast SEO plugin v27.3 - https:\/\/yoast.com\/product\/yoast-seo-wordpress\/ -->\n<title>COMMITTEES - Clastea VIII<\/title>\n<meta name=\"robots\" content=\"index, follow, max-snippet:-1, max-image-preview:large, max-video-preview:-1\" \/>\n<link rel=\"canonical\" href=\"https:\/\/portale2.unime.it\/clastea8\/?page_id=44\" \/>\n<meta property=\"og:locale\" content=\"it_IT\" \/>\n<meta property=\"og:type\" content=\"article\" \/>\n<meta property=\"og:title\" content=\"COMMITTEES - Clastea VIII\" \/>\n<meta property=\"og:description\" content=\"COMMITTEES DIRECTOR IN CHARGE Mariangela Monaca (DICAM University of Messina) \u00a0 CONFERENCE SECRETARIAT Auretta Sterrantino, Secretary with Graziana Adorno, Mauro Mormino, Vincenzo Quadarella\u00a0 Dipartimento di Civilt\u00e0 Antiche e Moderne, Office 312, University of Messina \u00a0 ORGANIZING COMMITTEE \u00a0 Marta Gonz\u00e1lez Gonz\u00e1lez (University of Malaga)Susana Marques Pereira (University of Coimbra \/ CECH)Mauro Mormino (DICAM University of&hellip; Continua a leggere COMMITTEES\" \/>\n<meta property=\"og:url\" content=\"https:\/\/portale2.unime.it\/clastea8\/?page_id=44\" \/>\n<meta property=\"og:site_name\" content=\"Clastea VIII\" \/>\n<meta property=\"article:modified_time\" content=\"2025-10-23T11:54:53+00:00\" \/>\n<meta name=\"twitter:card\" content=\"summary_large_image\" \/>\n<meta name=\"twitter:label1\" content=\"Tempo di lettura stimato\" \/>\n\t<meta name=\"twitter:data1\" content=\"4 minuti\" \/>\n<script type=\"application\/ld+json\" class=\"yoast-schema-graph\">{\"@context\":\"https:\\\/\\\/schema.org\",\"@graph\":[{\"@type\":\"WebPage\",\"@id\":\"https:\\\/\\\/portale2.unime.it\\\/clastea8\\\/?page_id=44\",\"url\":\"https:\\\/\\\/portale2.unime.it\\\/clastea8\\\/?page_id=44\",\"name\":\"COMMITTEES - Clastea VIII\",\"isPartOf\":{\"@id\":\"https:\\\/\\\/portale2.unime.it\\\/clastea8\\\/#website\"},\"datePublished\":\"2021-05-04T06:16:53+00:00\",\"dateModified\":\"2025-10-23T11:54:53+00:00\",\"breadcrumb\":{\"@id\":\"https:\\\/\\\/portale2.unime.it\\\/clastea8\\\/?page_id=44#breadcrumb\"},\"inLanguage\":\"it-IT\",\"potentialAction\":[{\"@type\":\"ReadAction\",\"target\":[\"https:\\\/\\\/portale2.unime.it\\\/clastea8\\\/?page_id=44\"]}]},{\"@type\":\"BreadcrumbList\",\"@id\":\"https:\\\/\\\/portale2.unime.it\\\/clastea8\\\/?page_id=44#breadcrumb\",\"itemListElement\":[{\"@type\":\"ListItem\",\"position\":1,\"name\":\"Home\",\"item\":\"https:\\\/\\\/portale2.unime.it\\\/clastea8\\\/\"},{\"@type\":\"ListItem\",\"position\":2,\"name\":\"COMMITTEES\"}]},{\"@type\":\"WebSite\",\"@id\":\"https:\\\/\\\/portale2.unime.it\\\/clastea8\\\/#website\",\"url\":\"https:\\\/\\\/portale2.unime.it\\\/clastea8\\\/\",\"name\":\"Clastea VIII\",\"description\":\"\",\"publisher\":{\"@id\":\"https:\\\/\\\/portale2.unime.it\\\/clastea8\\\/#organization\"},\"potentialAction\":[{\"@type\":\"SearchAction\",\"target\":{\"@type\":\"EntryPoint\",\"urlTemplate\":\"https:\\\/\\\/portale2.unime.it\\\/clastea8\\\/?s={search_term_string}\"},\"query-input\":{\"@type\":\"PropertyValueSpecification\",\"valueRequired\":true,\"valueName\":\"search_term_string\"}}],\"inLanguage\":\"it-IT\"},{\"@type\":\"Organization\",\"@id\":\"https:\\\/\\\/portale2.unime.it\\\/clastea8\\\/#organization\",\"name\":\"Clastea VIII\",\"url\":\"https:\\\/\\\/portale2.unime.it\\\/clastea8\\\/\",\"logo\":{\"@type\":\"ImageObject\",\"inLanguage\":\"it-IT\",\"@id\":\"https:\\\/\\\/portale2.unime.it\\\/clastea8\\\/#\\\/schema\\\/logo\\\/image\\\/\",\"url\":\"https:\\\/\\\/portale2.unime.it\\\/clastea8\\\/wp-content\\\/uploads\\\/sites\\\/82\\\/2025\\\/04\\\/LOGO-CLASTEAtg.png\",\"contentUrl\":\"https:\\\/\\\/portale2.unime.it\\\/clastea8\\\/wp-content\\\/uploads\\\/sites\\\/82\\\/2025\\\/04\\\/LOGO-CLASTEAtg.png\",\"width\":3508,\"height\":2379,\"caption\":\"Clastea VIII\"},\"image\":{\"@id\":\"https:\\\/\\\/portale2.unime.it\\\/clastea8\\\/#\\\/schema\\\/logo\\\/image\\\/\"}}]}<\/script>\n<!-- \/ Yoast SEO plugin. -->","yoast_head_json":{"title":"COMMITTEES - Clastea VIII","robots":{"index":"index","follow":"follow","max-snippet":"max-snippet:-1","max-image-preview":"max-image-preview:large","max-video-preview":"max-video-preview:-1"},"canonical":"https:\/\/portale2.unime.it\/clastea8\/?page_id=44","og_locale":"it_IT","og_type":"article","og_title":"COMMITTEES - Clastea VIII","og_description":"COMMITTEES DIRECTOR IN CHARGE Mariangela Monaca (DICAM University of Messina) \u00a0 CONFERENCE SECRETARIAT Auretta Sterrantino, Secretary with Graziana Adorno, Mauro Mormino, Vincenzo Quadarella\u00a0 Dipartimento di Civilt\u00e0 Antiche e Moderne, Office 312, University of Messina \u00a0 ORGANIZING COMMITTEE \u00a0 Marta Gonz\u00e1lez Gonz\u00e1lez (University of Malaga)Susana Marques Pereira (University of Coimbra \/ CECH)Mauro Mormino (DICAM University of&hellip; Continua a leggere COMMITTEES","og_url":"https:\/\/portale2.unime.it\/clastea8\/?page_id=44","og_site_name":"Clastea VIII","article_modified_time":"2025-10-23T11:54:53+00:00","twitter_card":"summary_large_image","twitter_misc":{"Tempo di lettura stimato":"4 minuti"},"schema":{"@context":"https:\/\/schema.org","@graph":[{"@type":"WebPage","@id":"https:\/\/portale2.unime.it\/clastea8\/?page_id=44","url":"https:\/\/portale2.unime.it\/clastea8\/?page_id=44","name":"COMMITTEES - Clastea VIII","isPartOf":{"@id":"https:\/\/portale2.unime.it\/clastea8\/#website"},"datePublished":"2021-05-04T06:16:53+00:00","dateModified":"2025-10-23T11:54:53+00:00","breadcrumb":{"@id":"https:\/\/portale2.unime.it\/clastea8\/?page_id=44#breadcrumb"},"inLanguage":"it-IT","potentialAction":[{"@type":"ReadAction","target":["https:\/\/portale2.unime.it\/clastea8\/?page_id=44"]}]},{"@type":"BreadcrumbList","@id":"https:\/\/portale2.unime.it\/clastea8\/?page_id=44#breadcrumb","itemListElement":[{"@type":"ListItem","position":1,"name":"Home","item":"https:\/\/portale2.unime.it\/clastea8\/"},{"@type":"ListItem","position":2,"name":"COMMITTEES"}]},{"@type":"WebSite","@id":"https:\/\/portale2.unime.it\/clastea8\/#website","url":"https:\/\/portale2.unime.it\/clastea8\/","name":"Clastea VIII","description":"","publisher":{"@id":"https:\/\/portale2.unime.it\/clastea8\/#organization"},"potentialAction":[{"@type":"SearchAction","target":{"@type":"EntryPoint","urlTemplate":"https:\/\/portale2.unime.it\/clastea8\/?s={search_term_string}"},"query-input":{"@type":"PropertyValueSpecification","valueRequired":true,"valueName":"search_term_string"}}],"inLanguage":"it-IT"},{"@type":"Organization","@id":"https:\/\/portale2.unime.it\/clastea8\/#organization","name":"Clastea VIII","url":"https:\/\/portale2.unime.it\/clastea8\/","logo":{"@type":"ImageObject","inLanguage":"it-IT","@id":"https:\/\/portale2.unime.it\/clastea8\/#\/schema\/logo\/image\/","url":"https:\/\/portale2.unime.it\/clastea8\/wp-content\/uploads\/sites\/82\/2025\/04\/LOGO-CLASTEAtg.png","contentUrl":"https:\/\/portale2.unime.it\/clastea8\/wp-content\/uploads\/sites\/82\/2025\/04\/LOGO-CLASTEAtg.png","width":3508,"height":2379,"caption":"Clastea VIII"},"image":{"@id":"https:\/\/portale2.unime.it\/clastea8\/#\/schema\/logo\/image\/"}}]}},"acf":[],"_links":{"self":[{"href":"https:\/\/portale2.unime.it\/clastea8\/index.php?rest_route=\/wp\/v2\/pages\/44","targetHints":{"allow":["GET"]}}],"collection":[{"href":"https:\/\/portale2.unime.it\/clastea8\/index.php?rest_route=\/wp\/v2\/pages"}],"about":[{"href":"https:\/\/portale2.unime.it\/clastea8\/index.php?rest_route=\/wp\/v2\/types\/page"}],"author":[{"embeddable":true,"href":"https:\/\/portale2.unime.it\/clastea8\/index.php?rest_route=\/wp\/v2\/users\/1"}],"replies":[{"embeddable":true,"href":"https:\/\/portale2.unime.it\/clastea8\/index.php?rest_route=%2Fwp%2Fv2%2Fcomments&post=44"}],"version-history":[{"count":145,"href":"https:\/\/portale2.unime.it\/clastea8\/index.php?rest_route=\/wp\/v2\/pages\/44\/revisions"}],"predecessor-version":[{"id":1967,"href":"https:\/\/portale2.unime.it\/clastea8\/index.php?rest_route=\/wp\/v2\/pages\/44\/revisions\/1967"}],"wp:attachment":[{"href":"https:\/\/portale2.unime.it\/clastea8\/index.php?rest_route=%2Fwp%2Fv2%2Fmedia&parent=44"}],"curies":[{"name":"wp","href":"https:\/\/api.w.org\/{rel}","templated":true}]}}