{"id":2262,"date":"2025-06-26T07:51:28","date_gmt":"2025-06-26T05:51:28","guid":{"rendered":"https:\/\/portale2.unime.it\/dct-aicing2025\/?page_id=2262"},"modified":"2025-06-26T12:00:10","modified_gmt":"2025-06-26T10:00:10","slug":"keynote-speakers","status":"publish","type":"page","link":"https:\/\/portale2.unime.it\/dct-aicing2025\/?page_id=2262","title":{"rendered":"KEYNOTE SPEAKERS"},"content":{"rendered":"\t\t<div data-elementor-type=\"wp-page\" data-elementor-id=\"2262\" class=\"elementor elementor-2262\">\n\t\t\t\t\t\t<section class=\"elementor-section elementor-top-section elementor-element elementor-element-71e8918 elementor-section-boxed elementor-section-height-default elementor-section-height-default\" data-id=\"71e8918\" data-element_type=\"section\" data-e-type=\"section\" data-settings=\"{&quot;background_background&quot;:&quot;classic&quot;}\">\n\t\t\t\t\t\t<div class=\"elementor-container elementor-column-gap-default\">\n\t\t\t\t\t<div class=\"elementor-column elementor-col-100 elementor-top-column elementor-element elementor-element-aa31284\" data-id=\"aa31284\" data-element_type=\"column\" data-e-type=\"column\" data-settings=\"{&quot;background_background&quot;:&quot;slideshow&quot;,&quot;background_slideshow_gallery&quot;:[],&quot;background_slideshow_loop&quot;:&quot;yes&quot;,&quot;background_slideshow_slide_duration&quot;:5000,&quot;background_slideshow_slide_transition&quot;:&quot;fade&quot;,&quot;background_slideshow_transition_duration&quot;:500}\">\n\t\t\t<div class=\"elementor-widget-wrap elementor-element-populated\">\n\t\t\t\t\t\t<div class=\"elementor-element elementor-element-22469bf elementor-invisible elementor-widget elementor-widget-heading\" data-id=\"22469bf\" data-element_type=\"widget\" data-e-type=\"widget\" data-settings=\"{&quot;_animation&quot;:&quot;fadeInDown&quot;}\" data-widget_type=\"heading.default\">\n\t\t\t\t<div class=\"elementor-widget-container\">\n\t\t\t\t\t<h2 class=\"elementor-heading-title elementor-size-default\"><br><br>   KEYNOTE SPEAKERS <br><br><br><\/h2>\t\t\t\t<\/div>\n\t\t\t\t<\/div>\n\t\t\t\t\t<\/div>\n\t\t<\/div>\n\t\t\t\t\t<\/div>\n\t\t<\/section>\n\t\t<div class=\"elementor-element elementor-element-129449c e-flex e-con-boxed e-con e-parent\" data-id=\"129449c\" data-element_type=\"container\" data-e-type=\"container\">\n\t\t\t\t\t<div class=\"e-con-inner\">\n\t\t\t\t\t<\/div>\n\t\t\t\t<\/div>\n\t\t<div class=\"elementor-element elementor-element-7195fdc e-flex e-con-boxed e-con e-parent\" data-id=\"7195fdc\" data-element_type=\"container\" data-e-type=\"container\">\n\t\t\t\t\t<div class=\"e-con-inner\">\n\t\t<div class=\"elementor-element elementor-element-2b137ca e-con-full e-flex e-con e-child\" data-id=\"2b137ca\" data-element_type=\"container\" data-e-type=\"container\">\n\t\t\t\t<div class=\"elementor-element elementor-element-56e3ba5 elementor-widget elementor-widget-link-in-bio\" data-id=\"56e3ba5\" data-element_type=\"widget\" data-e-type=\"widget\" data-widget_type=\"link-in-bio.default\">\n\t\t\t\t<div class=\"elementor-widget-container\">\n\t\t\t\t\t\t\t<div class=\"e-link-in-bio e-link-in-bio\">\n\t\t\t<div class=\"e-link-in-bio__content\">\n\n\t\t\t\t\t\t<div class=\"e-link-in-bio__identity\">\n\t\t\t\t\t\t\t\t\t<div class=\"e-link-in-bio__identity-image e-link-in-bio__identity-image-profile has-style-circle\">\n\t\t\t\t\t\t\t<img fetchpriority=\"high\" decoding=\"async\" width=\"293\" height=\"300\" src=\"https:\/\/portale2.unime.it\/dct-aicing2025\/wp-content\/uploads\/sites\/62\/2025\/06\/FotoChiavazzo-293x300.jpg\" class=\"e-link-in-bio__identity-image-element\" alt=\"\" srcset=\"https:\/\/portale2.unime.it\/dct-aicing2025\/wp-content\/uploads\/sites\/62\/2025\/06\/FotoChiavazzo-293x300.jpg 293w, https:\/\/portale2.unime.it\/dct-aicing2025\/wp-content\/uploads\/sites\/62\/2025\/06\/FotoChiavazzo.jpg 329w\" sizes=\"(max-width: 293px) 100vw, 293px\" style=\"width:100%;height:102.43%;max-width:329px;\" \/>\t\t\t\t\t\t\t\t\t\t\t\t\t<\/div>\n\t\t\t\t\t\t\t<\/div>\n\t\t\t\t\t<div class=\"e-link-in-bio__bio\">\n\t\t\t\t<h2 class=\"e-link-in-bio__heading\">Eliodoro Chiavazzo <\/h2>\t\t\t\t<h3 class=\"e-link-in-bio__title\">Professore Ordinario presso il Dipartimento Energia del Politecnico di Torino. <\/h3>\t\t\t\t\t\t\t\t<p class=\"e-link-in-bio__description\">Si occupa di trasporto di calore e massa, accumulo termico e ingegneria dei processi energetici. Dopo il dottorato all\u2019ETH di Zurigo e un periodo di ricerca presso Princeton University, ha coordinato e partecipato a diversi progetti europei (tra cui BIG-MAP e SoFiA) su batterie innovative e tecnologie per l\u2019energia solare. La sua attivit\u00e0 combina modellazione numerica avanzata e sperimentazione, con applicazioni che spaziano dall\u2019efficienza energetica ai processi di desalinizzazione. \u00c8 membro dell\u2019editorial board di Scientific Reports ed Entropy ed \u00e8 autore di numerosi brevetti internazionali.<\/p>\t\t\t<\/div>\n\t\t\t\t\t<div class=\"e-link-in-bio__icons has-size-small\">\n\t\t\t\t\t\t\t<div class=\"e-link-in-bio__icon is-size-small\">\n\t\t\t\t\t<a aria-label=\"Email\" class=\"e-link-in-bio__icon-link\" href=\"\">\n\t\t\t\t\t\t<span class=\"e-link-in-bio__icon-svg\">\n\t\t\t\t\t\t\t<svg aria-hidden=\"true\" class=\"e-font-icon-svg e-fas-envelope\" viewBox=\"0 0 512 512\" xmlns=\"http:\/\/www.w3.org\/2000\/svg\"><path d=\"M502.3 190.8c3.9-3.1 9.7-.2 9.7 4.7V400c0 26.5-21.5 48-48 48H48c-26.5 0-48-21.5-48-48V195.6c0-5 5.7-7.8 9.7-4.7 22.4 17.4 52.1 39.5 154.1 113.6 21.1 15.4 56.7 47.8 92.2 47.6 35.7.3 72-32.8 92.3-47.6 102-74.1 131.6-96.3 154-113.7zM256 320c23.2.4 56.6-29.2 73.4-41.4 132.7-96.3 142.8-104.7 173.4-128.7 5.8-4.5 9.2-11.5 9.2-18.9v-19c0-26.5-21.5-48-48-48H48C21.5 64 0 85.5 0 112v19c0 7.4 3.4 14.3 9.2 18.9 30.6 23.9 40.7 32.4 173.4 128.7 16.8 12.2 50.2 41.8 73.4 41.4z\"><\/path><\/svg>\t\t\t\t\t\t<\/span>\n\t\t\t\t\t\t\t\t\t\t\t<\/a>\n\t\t\t\t<\/div>\n\t\t\t\t\t<\/div>\n\t\t\n\t\t<div class=\"e-link-in-bio__ctas has-type-button\">\n\t\t\t\t\t\t\t<a target=\"_blank\" rel=\"noopener \" class=\"e-link-in-bio__cta is-type-button has-corners-rounded\" href=\"\">\n\t\t\t\t\t\t\t\t\t\t<span class=\"e-link-in-bio__cta-text\">\n\t\t\t\t\t\teliodoro.chiavazzo@polito.it \t\t\t\t\t<\/span>\n\t\t\t\t<\/a>\n\t\t\t\t\t<\/div>\n\t\t\n\t\t\t<\/div>\n\t\t\t<div class=\"e-link-in-bio__bg\">\n\t\t\t\t<div class=\"e-link-in-bio__bg-overlay\"><\/div>\n\t\t\t<\/div>\n\t\t<\/div>\n\t\t\t\t\t\t<\/div>\n\t\t\t\t<\/div>\n\t\t\t\t<\/div>\n\t\t<div class=\"elementor-element elementor-element-fe00754 e-con-full e-flex e-con e-child\" data-id=\"fe00754\" data-element_type=\"container\" data-e-type=\"container\">\n\t\t\t\t<div class=\"elementor-element elementor-element-ae944ef elementor-widget elementor-widget-text-editor\" data-id=\"ae944ef\" data-element_type=\"widget\" data-e-type=\"widget\" data-widget_type=\"text-editor.default\">\n\t\t\t\t<div class=\"elementor-widget-container\">\n\t\t\t\t\t\t\t\t\t<p style=\"text-align: center\"><span style=\"color: #000000;font-size: 24pt;font-family: tahoma, arial, helvetica, sans-serif\">Keynote Lecture\u00a0<\/span><\/p><p style=\"text-align: center\"><span style=\"color: #000000;font-size: 24pt;font-family: tahoma, arial, helvetica, sans-serif\">&#8220;<strong>AI tools for material enhancement and discovery in thermal storage and other energy applications<\/strong>&#8221; <\/span><\/p><p style=\"text-align: center\">\u00a0<\/p>\t\t\t\t\t\t\t\t<\/div>\n\t\t\t\t<\/div>\n\t\t\t\t<\/div>\n\t\t\t\t\t<\/div>\n\t\t\t\t<\/div>\n\t\t<div class=\"elementor-element elementor-element-232b3f2 e-flex e-con-boxed e-con e-parent\" data-id=\"232b3f2\" data-element_type=\"container\" data-e-type=\"container\">\n\t\t\t\t\t<div class=\"e-con-inner\">\n\t\t<div class=\"elementor-element elementor-element-d105305 e-con-full e-flex e-con e-child\" data-id=\"d105305\" data-element_type=\"container\" data-e-type=\"container\">\n\t\t\t\t<div class=\"elementor-element elementor-element-be666e9 elementor-widget elementor-widget-link-in-bio\" data-id=\"be666e9\" data-element_type=\"widget\" data-e-type=\"widget\" data-widget_type=\"link-in-bio.default\">\n\t\t\t\t<div class=\"elementor-widget-container\">\n\t\t\t\t\t\t\t<div class=\"e-link-in-bio e-link-in-bio\">\n\t\t\t<div class=\"e-link-in-bio__content\">\n\n\t\t\t\t\t\t<div class=\"e-link-in-bio__identity\">\n\t\t\t\t\t\t\t\t\t<div class=\"e-link-in-bio__identity-image e-link-in-bio__identity-image-profile has-style-circle\">\n\t\t\t\t\t\t\t<img decoding=\"async\" width=\"262\" height=\"300\" src=\"https:\/\/portale2.unime.it\/dct-aicing2025\/wp-content\/uploads\/sites\/62\/2025\/06\/licandro-262x300.jpg\" class=\"e-link-in-bio__identity-image-element\" alt=\"\" srcset=\"https:\/\/portale2.unime.it\/dct-aicing2025\/wp-content\/uploads\/sites\/62\/2025\/06\/licandro-262x300.jpg 262w, https:\/\/portale2.unime.it\/dct-aicing2025\/wp-content\/uploads\/sites\/62\/2025\/06\/licandro.jpg 681w\" sizes=\"(max-width: 262px) 100vw, 262px\" style=\"width:100%;height:114.54%;max-width:681px;\" \/>\t\t\t\t\t\t\t\t\t\t\t\t\t<\/div>\n\t\t\t\t\t\t\t<\/div>\n\t\t\t\t\t<div class=\"e-link-in-bio__bio\">\n\t\t\t\t<h2 class=\"e-link-in-bio__heading\">Gianfrancesco Licandro <\/h2>\t\t\t\t<h3 class=\"e-link-in-bio__title\">Ingegnere chimico  <\/h3>\t\t\t\t\t\t\t\t<p class=\"e-link-in-bio__description\">Con oltre vent\u2019anni di esperienza nel settore della raffinazione, ha lavorato in tre diverse raffinerie, ricoprendo ruoli di crescente responsabilit\u00e0, principalmente nei settori Tecnologia e Operation. Attualmente \u00e8 Operation Manager presso la Raffineria di Milazzo, dove coordina le attivit\u00e0 operative contribuendo all\u2019efficienza e alla sicurezza degli impianti.<\/p>\t\t\t<\/div>\n\t\t\t\t\t<div class=\"e-link-in-bio__icons has-size-small\">\n\t\t\t\t\t\t\t<div class=\"e-link-in-bio__icon is-size-small\">\n\t\t\t\t\t<a aria-label=\"Email\" class=\"e-link-in-bio__icon-link\" href=\"\">\n\t\t\t\t\t\t<span class=\"e-link-in-bio__icon-svg\">\n\t\t\t\t\t\t\t<svg aria-hidden=\"true\" class=\"e-font-icon-svg e-fas-envelope\" viewBox=\"0 0 512 512\" xmlns=\"http:\/\/www.w3.org\/2000\/svg\"><path d=\"M502.3 190.8c3.9-3.1 9.7-.2 9.7 4.7V400c0 26.5-21.5 48-48 48H48c-26.5 0-48-21.5-48-48V195.6c0-5 5.7-7.8 9.7-4.7 22.4 17.4 52.1 39.5 154.1 113.6 21.1 15.4 56.7 47.8 92.2 47.6 35.7.3 72-32.8 92.3-47.6 102-74.1 131.6-96.3 154-113.7zM256 320c23.2.4 56.6-29.2 73.4-41.4 132.7-96.3 142.8-104.7 173.4-128.7 5.8-4.5 9.2-11.5 9.2-18.9v-19c0-26.5-21.5-48-48-48H48C21.5 64 0 85.5 0 112v19c0 7.4 3.4 14.3 9.2 18.9 30.6 23.9 40.7 32.4 173.4 128.7 16.8 12.2 50.2 41.8 73.4 41.4z\"><\/path><\/svg>\t\t\t\t\t\t<\/span>\n\t\t\t\t\t\t\t\t\t\t\t<\/a>\n\t\t\t\t<\/div>\n\t\t\t\t\t<\/div>\n\t\t\n\t\t<div class=\"e-link-in-bio__ctas has-type-button\">\n\t\t\t\t\t\t\t<a target=\"_blank\" rel=\"noopener \" class=\"e-link-in-bio__cta is-type-button has-corners-rounded\" href=\"\">\n\t\t\t\t\t\t\t\t\t\t<span class=\"e-link-in-bio__cta-text\">\n\t\t\t\t\t\tgianfrancesco.licandro@ram.it\t\t\t\t\t<\/span>\n\t\t\t\t<\/a>\n\t\t\t\t\t<\/div>\n\t\t\n\t\t\t<\/div>\n\t\t\t<div class=\"e-link-in-bio__bg\">\n\t\t\t\t<div class=\"e-link-in-bio__bg-overlay\"><\/div>\n\t\t\t<\/div>\n\t\t<\/div>\n\t\t\t\t\t\t<\/div>\n\t\t\t\t<\/div>\n\t\t\t\t<\/div>\n\t\t<div class=\"elementor-element elementor-element-acb0bd8 e-con-full e-flex e-con e-child\" data-id=\"acb0bd8\" data-element_type=\"container\" data-e-type=\"container\">\n\t\t\t\t<div class=\"elementor-element elementor-element-0198962 elementor-widget elementor-widget-text-editor\" data-id=\"0198962\" data-element_type=\"widget\" data-e-type=\"widget\" data-widget_type=\"text-editor.default\">\n\t\t\t\t<div class=\"elementor-widget-container\">\n\t\t\t\t\t\t\t\t\t<p style=\"text-align: center\"><span style=\"color: #000000;font-family: tahoma, arial, helvetica, sans-serif;font-size: 24pt\">Keynote Lecture\u00a0<\/span><\/p><p style=\"text-align: center\"><span style=\"color: #000000;font-family: tahoma, arial, helvetica, sans-serif;font-size: 24pt\"><strong>&#8220;RAM Sustainability&#8221;<\/strong><\/span><\/p><p style=\"text-align: center\">\u00a0<\/p>\t\t\t\t\t\t\t\t<\/div>\n\t\t\t\t<\/div>\n\t\t\t\t<\/div>\n\t\t\t\t\t<\/div>\n\t\t\t\t<\/div>\n\t\t<div class=\"elementor-element elementor-element-5dafeb6 e-flex e-con-boxed e-con e-parent\" data-id=\"5dafeb6\" data-element_type=\"container\" data-e-type=\"container\">\n\t\t\t\t\t<div class=\"e-con-inner\">\n\t\t\t\t\t<\/div>\n\t\t\t\t<\/div>\n\t\t\t\t<\/div>\n\t\t","protected":false},"excerpt":{"rendered":"<p>KEYNOTE SPEAKERS Eliodoro Chiavazzo Professore Ordinario presso il Dipartimento Energia del Politecnico di Torino. Si occupa di trasporto di calore e massa, accumulo termico e ingegneria dei processi energetici. Dopo il dottorato all\u2019ETH di Zurigo e un periodo di ricerca presso Princeton University, ha coordinato e partecipato a diversi progetti europei (tra cui BIG-MAP e&hellip; <a class=\"more-link\" href=\"https:\/\/portale2.unime.it\/dct-aicing2025\/?page_id=2262\">Continua a leggere <span class=\"screen-reader-text\">KEYNOTE SPEAKERS<\/span><\/a><\/p>\n","protected":false},"author":1,"featured_media":0,"parent":0,"menu_order":0,"comment_status":"closed","ping_status":"closed","template":"elementor_header_footer","meta":{"footnotes":""},"class_list":["post-2262","page","type-page","status-publish","hentry","entry"],"yoast_head":"<!-- This site is optimized with the Yoast SEO plugin v27.3 - https:\/\/yoast.com\/product\/yoast-seo-wordpress\/ -->\n<title>KEYNOTE SPEAKERS - DCT-AICING 2025<\/title>\n<meta name=\"robots\" content=\"index, follow, max-snippet:-1, max-image-preview:large, max-video-preview:-1\" \/>\n<link rel=\"canonical\" href=\"https:\/\/portale2.unime.it\/dct-aicing2025\/?page_id=2262\" \/>\n<meta property=\"og:locale\" content=\"it_IT\" \/>\n<meta property=\"og:type\" content=\"article\" \/>\n<meta property=\"og:title\" content=\"KEYNOTE SPEAKERS - DCT-AICING 2025\" \/>\n<meta property=\"og:description\" content=\"KEYNOTE SPEAKERS Eliodoro Chiavazzo Professore Ordinario presso il Dipartimento Energia del Politecnico di Torino. Si occupa di trasporto di calore e massa, accumulo termico e ingegneria dei processi energetici. Dopo il dottorato all\u2019ETH di Zurigo e un periodo di ricerca presso Princeton University, ha coordinato e partecipato a diversi progetti europei (tra cui BIG-MAP e&hellip; Continua a leggere KEYNOTE SPEAKERS\" \/>\n<meta property=\"og:url\" content=\"https:\/\/portale2.unime.it\/dct-aicing2025\/?page_id=2262\" \/>\n<meta property=\"og:site_name\" content=\"DCT-AICING 2025\" \/>\n<meta property=\"article:modified_time\" content=\"2025-06-26T10:00:10+00:00\" \/>\n<meta property=\"og:image\" content=\"https:\/\/portale2.unime.it\/dct-aicing2025\/wp-content\/uploads\/sites\/62\/2025\/06\/FotoChiavazzo-293x300.jpg\" \/>\n<meta name=\"twitter:card\" content=\"summary_large_image\" \/>\n<meta name=\"twitter:label1\" content=\"Tempo di lettura stimato\" \/>\n\t<meta name=\"twitter:data1\" content=\"5 minuti\" \/>\n<script type=\"application\/ld+json\" class=\"yoast-schema-graph\">{\"@context\":\"https:\\\/\\\/schema.org\",\"@graph\":[{\"@type\":\"WebPage\",\"@id\":\"https:\\\/\\\/portale2.unime.it\\\/dct-aicing2025\\\/?page_id=2262\",\"url\":\"https:\\\/\\\/portale2.unime.it\\\/dct-aicing2025\\\/?page_id=2262\",\"name\":\"KEYNOTE SPEAKERS - DCT-AICING 2025\",\"isPartOf\":{\"@id\":\"https:\\\/\\\/portale2.unime.it\\\/dct-aicing2025\\\/#website\"},\"primaryImageOfPage\":{\"@id\":\"https:\\\/\\\/portale2.unime.it\\\/dct-aicing2025\\\/?page_id=2262#primaryimage\"},\"image\":{\"@id\":\"https:\\\/\\\/portale2.unime.it\\\/dct-aicing2025\\\/?page_id=2262#primaryimage\"},\"thumbnailUrl\":\"https:\\\/\\\/portale2.unime.it\\\/dct-aicing2025\\\/wp-content\\\/uploads\\\/sites\\\/62\\\/2025\\\/06\\\/FotoChiavazzo-293x300.jpg\",\"datePublished\":\"2025-06-26T05:51:28+00:00\",\"dateModified\":\"2025-06-26T10:00:10+00:00\",\"breadcrumb\":{\"@id\":\"https:\\\/\\\/portale2.unime.it\\\/dct-aicing2025\\\/?page_id=2262#breadcrumb\"},\"inLanguage\":\"it-IT\",\"potentialAction\":[{\"@type\":\"ReadAction\",\"target\":[\"https:\\\/\\\/portale2.unime.it\\\/dct-aicing2025\\\/?page_id=2262\"]}]},{\"@type\":\"ImageObject\",\"inLanguage\":\"it-IT\",\"@id\":\"https:\\\/\\\/portale2.unime.it\\\/dct-aicing2025\\\/?page_id=2262#primaryimage\",\"url\":\"https:\\\/\\\/portale2.unime.it\\\/dct-aicing2025\\\/wp-content\\\/uploads\\\/sites\\\/62\\\/2025\\\/06\\\/FotoChiavazzo.jpg\",\"contentUrl\":\"https:\\\/\\\/portale2.unime.it\\\/dct-aicing2025\\\/wp-content\\\/uploads\\\/sites\\\/62\\\/2025\\\/06\\\/FotoChiavazzo.jpg\",\"width\":329,\"height\":337},{\"@type\":\"BreadcrumbList\",\"@id\":\"https:\\\/\\\/portale2.unime.it\\\/dct-aicing2025\\\/?page_id=2262#breadcrumb\",\"itemListElement\":[{\"@type\":\"ListItem\",\"position\":1,\"name\":\"Home\",\"item\":\"https:\\\/\\\/portale2.unime.it\\\/dct-aicing2025\\\/\"},{\"@type\":\"ListItem\",\"position\":2,\"name\":\"KEYNOTE SPEAKERS\"}]},{\"@type\":\"WebSite\",\"@id\":\"https:\\\/\\\/portale2.unime.it\\\/dct-aicing2025\\\/#website\",\"url\":\"https:\\\/\\\/portale2.unime.it\\\/dct-aicing2025\\\/\",\"name\":\"DCT-AICING 2025\",\"description\":\"\",\"publisher\":{\"@id\":\"https:\\\/\\\/portale2.unime.it\\\/dct-aicing2025\\\/#organization\"},\"potentialAction\":[{\"@type\":\"SearchAction\",\"target\":{\"@type\":\"EntryPoint\",\"urlTemplate\":\"https:\\\/\\\/portale2.unime.it\\\/dct-aicing2025\\\/?s={search_term_string}\"},\"query-input\":{\"@type\":\"PropertyValueSpecification\",\"valueRequired\":true,\"valueName\":\"search_term_string\"}}],\"inLanguage\":\"it-IT\"},{\"@type\":\"Organization\",\"@id\":\"https:\\\/\\\/portale2.unime.it\\\/dct-aicing2025\\\/#organization\",\"name\":\"DCT-AICING 2025\",\"url\":\"https:\\\/\\\/portale2.unime.it\\\/dct-aicing2025\\\/\",\"logo\":{\"@type\":\"ImageObject\",\"inLanguage\":\"it-IT\",\"@id\":\"https:\\\/\\\/portale2.unime.it\\\/dct-aicing2025\\\/#\\\/schema\\\/logo\\\/image\\\/\",\"url\":\"https:\\\/\\\/portale2.unime.it\\\/dct-aicing2025\\\/wp-content\\\/uploads\\\/sites\\\/62\\\/2024\\\/10\\\/cropped-thumbnail_logo-dct-aicing.png\",\"contentUrl\":\"https:\\\/\\\/portale2.unime.it\\\/dct-aicing2025\\\/wp-content\\\/uploads\\\/sites\\\/62\\\/2024\\\/10\\\/cropped-thumbnail_logo-dct-aicing.png\",\"width\":1920,\"height\":411,\"caption\":\"DCT-AICING 2025\"},\"image\":{\"@id\":\"https:\\\/\\\/portale2.unime.it\\\/dct-aicing2025\\\/#\\\/schema\\\/logo\\\/image\\\/\"}}]}<\/script>\n<!-- \/ Yoast SEO plugin. -->","yoast_head_json":{"title":"KEYNOTE SPEAKERS - DCT-AICING 2025","robots":{"index":"index","follow":"follow","max-snippet":"max-snippet:-1","max-image-preview":"max-image-preview:large","max-video-preview":"max-video-preview:-1"},"canonical":"https:\/\/portale2.unime.it\/dct-aicing2025\/?page_id=2262","og_locale":"it_IT","og_type":"article","og_title":"KEYNOTE SPEAKERS - DCT-AICING 2025","og_description":"KEYNOTE SPEAKERS Eliodoro Chiavazzo Professore Ordinario presso il Dipartimento Energia del Politecnico di Torino. Si occupa di trasporto di calore e massa, accumulo termico e ingegneria dei processi energetici. Dopo il dottorato all\u2019ETH di Zurigo e un periodo di ricerca presso Princeton University, ha coordinato e partecipato a diversi progetti europei (tra cui BIG-MAP e&hellip; Continua a leggere KEYNOTE SPEAKERS","og_url":"https:\/\/portale2.unime.it\/dct-aicing2025\/?page_id=2262","og_site_name":"DCT-AICING 2025","article_modified_time":"2025-06-26T10:00:10+00:00","og_image":[{"url":"https:\/\/portale2.unime.it\/dct-aicing2025\/wp-content\/uploads\/sites\/62\/2025\/06\/FotoChiavazzo-293x300.jpg","type":"","width":"","height":""}],"twitter_card":"summary_large_image","twitter_misc":{"Tempo di lettura stimato":"5 minuti"},"schema":{"@context":"https:\/\/schema.org","@graph":[{"@type":"WebPage","@id":"https:\/\/portale2.unime.it\/dct-aicing2025\/?page_id=2262","url":"https:\/\/portale2.unime.it\/dct-aicing2025\/?page_id=2262","name":"KEYNOTE SPEAKERS - DCT-AICING 2025","isPartOf":{"@id":"https:\/\/portale2.unime.it\/dct-aicing2025\/#website"},"primaryImageOfPage":{"@id":"https:\/\/portale2.unime.it\/dct-aicing2025\/?page_id=2262#primaryimage"},"image":{"@id":"https:\/\/portale2.unime.it\/dct-aicing2025\/?page_id=2262#primaryimage"},"thumbnailUrl":"https:\/\/portale2.unime.it\/dct-aicing2025\/wp-content\/uploads\/sites\/62\/2025\/06\/FotoChiavazzo-293x300.jpg","datePublished":"2025-06-26T05:51:28+00:00","dateModified":"2025-06-26T10:00:10+00:00","breadcrumb":{"@id":"https:\/\/portale2.unime.it\/dct-aicing2025\/?page_id=2262#breadcrumb"},"inLanguage":"it-IT","potentialAction":[{"@type":"ReadAction","target":["https:\/\/portale2.unime.it\/dct-aicing2025\/?page_id=2262"]}]},{"@type":"ImageObject","inLanguage":"it-IT","@id":"https:\/\/portale2.unime.it\/dct-aicing2025\/?page_id=2262#primaryimage","url":"https:\/\/portale2.unime.it\/dct-aicing2025\/wp-content\/uploads\/sites\/62\/2025\/06\/FotoChiavazzo.jpg","contentUrl":"https:\/\/portale2.unime.it\/dct-aicing2025\/wp-content\/uploads\/sites\/62\/2025\/06\/FotoChiavazzo.jpg","width":329,"height":337},{"@type":"BreadcrumbList","@id":"https:\/\/portale2.unime.it\/dct-aicing2025\/?page_id=2262#breadcrumb","itemListElement":[{"@type":"ListItem","position":1,"name":"Home","item":"https:\/\/portale2.unime.it\/dct-aicing2025\/"},{"@type":"ListItem","position":2,"name":"KEYNOTE SPEAKERS"}]},{"@type":"WebSite","@id":"https:\/\/portale2.unime.it\/dct-aicing2025\/#website","url":"https:\/\/portale2.unime.it\/dct-aicing2025\/","name":"DCT-AICING 2025","description":"","publisher":{"@id":"https:\/\/portale2.unime.it\/dct-aicing2025\/#organization"},"potentialAction":[{"@type":"SearchAction","target":{"@type":"EntryPoint","urlTemplate":"https:\/\/portale2.unime.it\/dct-aicing2025\/?s={search_term_string}"},"query-input":{"@type":"PropertyValueSpecification","valueRequired":true,"valueName":"search_term_string"}}],"inLanguage":"it-IT"},{"@type":"Organization","@id":"https:\/\/portale2.unime.it\/dct-aicing2025\/#organization","name":"DCT-AICING 2025","url":"https:\/\/portale2.unime.it\/dct-aicing2025\/","logo":{"@type":"ImageObject","inLanguage":"it-IT","@id":"https:\/\/portale2.unime.it\/dct-aicing2025\/#\/schema\/logo\/image\/","url":"https:\/\/portale2.unime.it\/dct-aicing2025\/wp-content\/uploads\/sites\/62\/2024\/10\/cropped-thumbnail_logo-dct-aicing.png","contentUrl":"https:\/\/portale2.unime.it\/dct-aicing2025\/wp-content\/uploads\/sites\/62\/2024\/10\/cropped-thumbnail_logo-dct-aicing.png","width":1920,"height":411,"caption":"DCT-AICING 2025"},"image":{"@id":"https:\/\/portale2.unime.it\/dct-aicing2025\/#\/schema\/logo\/image\/"}}]}},"_links":{"self":[{"href":"https:\/\/portale2.unime.it\/dct-aicing2025\/index.php?rest_route=\/wp\/v2\/pages\/2262","targetHints":{"allow":["GET"]}}],"collection":[{"href":"https:\/\/portale2.unime.it\/dct-aicing2025\/index.php?rest_route=\/wp\/v2\/pages"}],"about":[{"href":"https:\/\/portale2.unime.it\/dct-aicing2025\/index.php?rest_route=\/wp\/v2\/types\/page"}],"author":[{"embeddable":true,"href":"https:\/\/portale2.unime.it\/dct-aicing2025\/index.php?rest_route=\/wp\/v2\/users\/1"}],"replies":[{"embeddable":true,"href":"https:\/\/portale2.unime.it\/dct-aicing2025\/index.php?rest_route=%2Fwp%2Fv2%2Fcomments&post=2262"}],"version-history":[{"count":28,"href":"https:\/\/portale2.unime.it\/dct-aicing2025\/index.php?rest_route=\/wp\/v2\/pages\/2262\/revisions"}],"predecessor-version":[{"id":2305,"href":"https:\/\/portale2.unime.it\/dct-aicing2025\/index.php?rest_route=\/wp\/v2\/pages\/2262\/revisions\/2305"}],"wp:attachment":[{"href":"https:\/\/portale2.unime.it\/dct-aicing2025\/index.php?rest_route=%2Fwp%2Fv2%2Fmedia&parent=2262"}],"curies":[{"name":"wp","href":"https:\/\/api.w.org\/{rel}","templated":true}]}}