{"id":1374,"date":"2021-05-04T08:16:53","date_gmt":"2021-05-04T06:16:53","guid":{"rendered":"https:\/\/portale.unime.it\/modellopersona\/?page_id=44"},"modified":"2025-10-21T11:13:03","modified_gmt":"2025-10-21T09:13:03","slug":"collaborazioni-2","status":"publish","type":"page","link":"https:\/\/portale2.unime.it\/desylab\/collaborazioni-2\/","title":{"rendered":"COLLABORAZIONI"},"content":{"rendered":"\t\t<div data-elementor-type=\"wp-page\" data-elementor-id=\"1374\" class=\"elementor elementor-1374\">\n\t\t\t\t\t\t<section class=\"elementor-section elementor-top-section elementor-element elementor-element-20d0a7a elementor-section-boxed elementor-section-height-default elementor-section-height-default\" data-id=\"20d0a7a\" data-element_type=\"section\" data-e-type=\"section\">\n\t\t\t\t\t\t<div class=\"elementor-container elementor-column-gap-default\">\n\t\t\t\t\t<div class=\"elementor-column elementor-col-100 elementor-top-column elementor-element elementor-element-d7091ef\" data-id=\"d7091ef\" data-element_type=\"column\" data-e-type=\"column\">\n\t\t\t<div class=\"elementor-widget-wrap\">\n\t\t\t\t\t\t\t<\/div>\n\t\t<\/div>\n\t\t\t\t\t<\/div>\n\t\t<\/section>\n\t\t\t\t<section class=\"elementor-section elementor-top-section elementor-element elementor-element-68e794f elementor-section-boxed elementor-section-height-default elementor-section-height-default\" data-id=\"68e794f\" data-element_type=\"section\" data-e-type=\"section\" data-settings=\"{&quot;background_background&quot;:&quot;classic&quot;}\">\n\t\t\t\t\t\t<div class=\"elementor-container elementor-column-gap-default\">\n\t\t\t\t\t<div class=\"elementor-column elementor-col-100 elementor-top-column elementor-element elementor-element-05760b5\" data-id=\"05760b5\" data-element_type=\"column\" data-e-type=\"column\">\n\t\t\t<div class=\"elementor-widget-wrap elementor-element-populated\">\n\t\t\t\t\t\t<div class=\"elementor-element elementor-element-d5fbb37 elementor-invisible elementor-widget elementor-widget-heading\" data-id=\"d5fbb37\" data-element_type=\"widget\" data-e-type=\"widget\" data-settings=\"{&quot;_animation&quot;:&quot;fadeInDown&quot;}\" data-widget_type=\"heading.default\">\n\t\t\t\t<div class=\"elementor-widget-container\">\n\t\t\t\t\t<h2 class=\"elementor-heading-title elementor-size-default\"><br><br>   COLLABORAZIONI<br><br><br><\/h2>\t\t\t\t<\/div>\n\t\t\t\t<\/div>\n\t\t\t\t\t<\/div>\n\t\t<\/div>\n\t\t\t\t\t<\/div>\n\t\t<\/section>\n\t\t\t\t<section class=\"elementor-section elementor-top-section elementor-element elementor-element-307f302 elementor-section-boxed elementor-section-height-default elementor-section-height-default\" data-id=\"307f302\" data-element_type=\"section\" data-e-type=\"section\">\n\t\t\t\t\t\t<div class=\"elementor-container elementor-column-gap-default\">\n\t\t\t\t\t<div class=\"elementor-column elementor-col-100 elementor-top-column elementor-element elementor-element-bdfee4f\" data-id=\"bdfee4f\" data-element_type=\"column\" data-e-type=\"column\">\n\t\t\t<div class=\"elementor-widget-wrap elementor-element-populated\">\n\t\t\t\t\t\t<div class=\"elementor-element elementor-element-97b2643 elementor-widget elementor-widget-spacer\" data-id=\"97b2643\" data-element_type=\"widget\" data-e-type=\"widget\" data-widget_type=\"spacer.default\">\n\t\t\t\t<div class=\"elementor-widget-container\">\n\t\t\t\t\t\t\t<div class=\"elementor-spacer\">\n\t\t\t<div class=\"elementor-spacer-inner\"><\/div>\n\t\t<\/div>\n\t\t\t\t\t\t<\/div>\n\t\t\t\t<\/div>\n\t\t\t\t\t<\/div>\n\t\t<\/div>\n\t\t\t\t\t<\/div>\n\t\t<\/section>\n\t\t\t\t<section class=\"elementor-section elementor-top-section elementor-element elementor-element-8c08977 elementor-section-boxed elementor-section-height-default elementor-section-height-default\" data-id=\"8c08977\" data-element_type=\"section\" data-e-type=\"section\">\n\t\t\t\t\t\t<div class=\"elementor-container elementor-column-gap-default\">\n\t\t\t\t\t<div class=\"elementor-column elementor-col-50 elementor-top-column elementor-element elementor-element-4f2471c elementor-invisible\" data-id=\"4f2471c\" data-element_type=\"column\" data-e-type=\"column\" data-settings=\"{&quot;background_background&quot;:&quot;classic&quot;,&quot;animation&quot;:&quot;fadeInLeft&quot;}\">\n\t\t\t<div class=\"elementor-widget-wrap elementor-element-populated\">\n\t\t\t\t\t\t<div class=\"elementor-element elementor-element-5220a50 elementor-widget elementor-widget-heading\" data-id=\"5220a50\" data-element_type=\"widget\" data-e-type=\"widget\" data-widget_type=\"heading.default\">\n\t\t\t\t<div class=\"elementor-widget-container\">\n\t\t\t\t\t<h4 class=\"elementor-heading-title elementor-size-default\"><a href=\"https:\/\/portale.unime.it\/modellopersona\/ricerca\/\">COLLABORAZIONI<\/a><\/h4>\t\t\t\t<\/div>\n\t\t\t\t<\/div>\n\t\t\t\t<div class=\"elementor-element elementor-element-f59079e elementor-view-default elementor-widget elementor-widget-icon\" data-id=\"f59079e\" data-element_type=\"widget\" data-e-type=\"widget\" data-widget_type=\"icon.default\">\n\t\t\t\t<div class=\"elementor-widget-container\">\n\t\t\t\t\t\t\t<div class=\"elementor-icon-wrapper\">\n\t\t\t<div class=\"elementor-icon\">\n\t\t\t<svg aria-hidden=\"true\" class=\"e-font-icon-svg e-fas-people-arrows\" viewBox=\"0 0 576 512\" xmlns=\"http:\/\/www.w3.org\/2000\/svg\"><path d=\"M96,128A64,64,0,1,0,32,64,64,64,0,0,0,96,128Zm0,176.08a44.11,44.11,0,0,1,13.64-32L181.77,204c1.65-1.55,3.77-2.31,5.61-3.57A63.91,63.91,0,0,0,128,160H64A64,64,0,0,0,0,224v96a32,32,0,0,0,32,32V480a32,32,0,0,0,32,32h64a32,32,0,0,0,32-32V383.61l-50.36-47.53A44.08,44.08,0,0,1,96,304.08ZM480,128a64,64,0,1,0-64-64A64,64,0,0,0,480,128Zm32,32H448a63.91,63.91,0,0,0-59.38,40.42c1.84,1.27,4,2,5.62,3.59l72.12,68.06a44.37,44.37,0,0,1,0,64L416,383.62V480a32,32,0,0,0,32,32h64a32,32,0,0,0,32-32V352a32,32,0,0,0,32-32V224A64,64,0,0,0,512,160ZM444.4,295.34l-72.12-68.06A12,12,0,0,0,352,236v36H224V236a12,12,0,0,0-20.28-8.73L131.6,295.34a12.4,12.4,0,0,0,0,17.47l72.12,68.07A12,12,0,0,0,224,372.14V336H352v36.14a12,12,0,0,0,20.28,8.74l72.12-68.07A12.4,12.4,0,0,0,444.4,295.34Z\"><\/path><\/svg>\t\t\t<\/div>\n\t\t<\/div>\n\t\t\t\t\t\t<\/div>\n\t\t\t\t<\/div>\n\t\t\t\t\t<\/div>\n\t\t<\/div>\n\t\t\t\t<div class=\"elementor-column elementor-col-50 elementor-top-column elementor-element elementor-element-a732f3a\" data-id=\"a732f3a\" data-element_type=\"column\" data-e-type=\"column\">\n\t\t\t<div class=\"elementor-widget-wrap elementor-element-populated\">\n\t\t\t\t\t\t<div class=\"elementor-element elementor-element-5df939a elementor-widget elementor-widget-text-editor\" data-id=\"5df939a\" data-element_type=\"widget\" data-e-type=\"widget\" data-widget_type=\"text-editor.default\">\n\t\t\t\t<div class=\"elementor-widget-container\">\n\t\t\t\t\t\t\t\t\t<ul><li><span style=\"color: #000000;font-size: 12pt\"><span style=\"font-family: tahoma, arial, helvetica, sans-serif\">Prof.ssa Daniela Iannazzo, Prof.ssa Claudia Espro e Dott.ssa Consuelo Celesti del Dipartimento di Ingegneria dell&#8217;Universit\u00e0 di Messina.<\/span><\/span><\/li><li><span style=\"font-family: tahoma, arial, helvetica, sans-serif;font-size: 12pt;color: #000000\">BCG Kempharma s.r.l., Spin off dell&#8217;Universit\u00e0 di Messina (bcgkempharma@gmail.com).<\/span><\/li><li><span style=\"color: #000000\"><span style=\"font-family: tahoma, arial, helvetica, sans-serif;font-size: 12pt\">Prof. Carmine Ostacolo del Dipartimento di Farmacia dell&#8217;Universit\u00e0 di Salerno.<\/span><\/span>\u00a0<\/li><\/ul>\t\t\t\t\t\t\t\t<\/div>\n\t\t\t\t<\/div>\n\t\t\t\t\t<\/div>\n\t\t<\/div>\n\t\t\t\t\t<\/div>\n\t\t<\/section>\n\t\t\t\t<\/div>\n\t\t","protected":false},"excerpt":{"rendered":"<p>COLLABORAZIONI COLLABORAZIONI Prof.ssa Daniela Iannazzo, Prof.ssa Claudia Espro e Dott.ssa Consuelo Celesti del Dipartimento di Ingegneria dell&#8217;Universit\u00e0 di Messina. BCG Kempharma s.r.l., Spin off dell&#8217;Universit\u00e0 di Messina (bcgkempharma@gmail.com). Prof. Carmine Ostacolo del Dipartimento di Farmacia dell&#8217;Universit\u00e0 di Salerno.\u00a0<\/p>\n","protected":false},"author":1,"featured_media":0,"parent":0,"menu_order":0,"comment_status":"closed","ping_status":"closed","template":"elementor_header_footer","meta":{"footnotes":""},"class_list":["post-1374","page","type-page","status-publish","hentry","entry"],"yoast_head":"<!-- This site is optimized with the Yoast SEO plugin v27.3 - https:\/\/yoast.com\/product\/yoast-seo-wordpress\/ -->\n<title>COLLABORAZIONI - Desy Lab<\/title>\n<meta name=\"robots\" content=\"index, follow, max-snippet:-1, max-image-preview:large, max-video-preview:-1\" \/>\n<link rel=\"canonical\" href=\"https:\/\/portale2.unime.it\/desylab\/collaborazioni-2\/\" \/>\n<meta property=\"og:locale\" content=\"it_IT\" \/>\n<meta property=\"og:type\" content=\"article\" \/>\n<meta property=\"og:title\" content=\"COLLABORAZIONI - Desy Lab\" \/>\n<meta property=\"og:description\" content=\"COLLABORAZIONI COLLABORAZIONI Prof.ssa Daniela Iannazzo, Prof.ssa Claudia Espro e Dott.ssa Consuelo Celesti del Dipartimento di Ingegneria dell&#8217;Universit\u00e0 di Messina. BCG Kempharma s.r.l., Spin off dell&#8217;Universit\u00e0 di Messina (bcgkempharma@gmail.com). Prof. Carmine Ostacolo del Dipartimento di Farmacia dell&#8217;Universit\u00e0 di Salerno.\u00a0\" \/>\n<meta property=\"og:url\" content=\"https:\/\/portale2.unime.it\/desylab\/collaborazioni-2\/\" \/>\n<meta property=\"og:site_name\" content=\"Desy Lab\" \/>\n<meta property=\"article:modified_time\" content=\"2025-10-21T09:13:03+00:00\" \/>\n<meta name=\"twitter:card\" content=\"summary_large_image\" \/>\n<meta name=\"twitter:label1\" content=\"Tempo di lettura stimato\" \/>\n\t<meta name=\"twitter:data1\" content=\"1 minuto\" \/>\n<script type=\"application\/ld+json\" class=\"yoast-schema-graph\">{\"@context\":\"https:\\\/\\\/schema.org\",\"@graph\":[{\"@type\":\"WebPage\",\"@id\":\"https:\\\/\\\/portale2.unime.it\\\/desylab\\\/collaborazioni-2\\\/\",\"url\":\"https:\\\/\\\/portale2.unime.it\\\/desylab\\\/collaborazioni-2\\\/\",\"name\":\"COLLABORAZIONI - Desy Lab\",\"isPartOf\":{\"@id\":\"https:\\\/\\\/portale2.unime.it\\\/desylab\\\/#website\"},\"datePublished\":\"2021-05-04T06:16:53+00:00\",\"dateModified\":\"2025-10-21T09:13:03+00:00\",\"breadcrumb\":{\"@id\":\"https:\\\/\\\/portale2.unime.it\\\/desylab\\\/collaborazioni-2\\\/#breadcrumb\"},\"inLanguage\":\"it-IT\",\"potentialAction\":[{\"@type\":\"ReadAction\",\"target\":[\"https:\\\/\\\/portale2.unime.it\\\/desylab\\\/collaborazioni-2\\\/\"]}]},{\"@type\":\"BreadcrumbList\",\"@id\":\"https:\\\/\\\/portale2.unime.it\\\/desylab\\\/collaborazioni-2\\\/#breadcrumb\",\"itemListElement\":[{\"@type\":\"ListItem\",\"position\":1,\"name\":\"Home\",\"item\":\"https:\\\/\\\/portale2.unime.it\\\/desylab\\\/\"},{\"@type\":\"ListItem\",\"position\":2,\"name\":\"COLLABORAZIONI\"}]},{\"@type\":\"WebSite\",\"@id\":\"https:\\\/\\\/portale2.unime.it\\\/desylab\\\/#website\",\"url\":\"https:\\\/\\\/portale2.unime.it\\\/desylab\\\/\",\"name\":\"Desy Lab\",\"description\":\"\",\"publisher\":{\"@id\":\"https:\\\/\\\/portale2.unime.it\\\/desylab\\\/#organization\"},\"potentialAction\":[{\"@type\":\"SearchAction\",\"target\":{\"@type\":\"EntryPoint\",\"urlTemplate\":\"https:\\\/\\\/portale2.unime.it\\\/desylab\\\/?s={search_term_string}\"},\"query-input\":{\"@type\":\"PropertyValueSpecification\",\"valueRequired\":true,\"valueName\":\"search_term_string\"}}],\"inLanguage\":\"it-IT\"},{\"@type\":\"Organization\",\"@id\":\"https:\\\/\\\/portale2.unime.it\\\/desylab\\\/#organization\",\"name\":\"Desy Lab\",\"url\":\"https:\\\/\\\/portale2.unime.it\\\/desylab\\\/\",\"logo\":{\"@type\":\"ImageObject\",\"inLanguage\":\"it-IT\",\"@id\":\"https:\\\/\\\/portale2.unime.it\\\/desylab\\\/#\\\/schema\\\/logo\\\/image\\\/\",\"url\":\"https:\\\/\\\/portale2.unime.it\\\/desylab\\\/wp-content\\\/uploads\\\/sites\\\/40\\\/2023\\\/03\\\/logo-progetto-ricerca.png\",\"contentUrl\":\"https:\\\/\\\/portale2.unime.it\\\/desylab\\\/wp-content\\\/uploads\\\/sites\\\/40\\\/2023\\\/03\\\/logo-progetto-ricerca.png\",\"width\":466,\"height\":170,\"caption\":\"Desy Lab\"},\"image\":{\"@id\":\"https:\\\/\\\/portale2.unime.it\\\/desylab\\\/#\\\/schema\\\/logo\\\/image\\\/\"}}]}<\/script>\n<!-- \/ Yoast SEO plugin. -->","yoast_head_json":{"title":"COLLABORAZIONI - Desy Lab","robots":{"index":"index","follow":"follow","max-snippet":"max-snippet:-1","max-image-preview":"max-image-preview:large","max-video-preview":"max-video-preview:-1"},"canonical":"https:\/\/portale2.unime.it\/desylab\/collaborazioni-2\/","og_locale":"it_IT","og_type":"article","og_title":"COLLABORAZIONI - Desy Lab","og_description":"COLLABORAZIONI COLLABORAZIONI Prof.ssa Daniela Iannazzo, Prof.ssa Claudia Espro e Dott.ssa Consuelo Celesti del Dipartimento di Ingegneria dell&#8217;Universit\u00e0 di Messina. BCG Kempharma s.r.l., Spin off dell&#8217;Universit\u00e0 di Messina (bcgkempharma@gmail.com). Prof. Carmine Ostacolo del Dipartimento di Farmacia dell&#8217;Universit\u00e0 di Salerno.\u00a0","og_url":"https:\/\/portale2.unime.it\/desylab\/collaborazioni-2\/","og_site_name":"Desy Lab","article_modified_time":"2025-10-21T09:13:03+00:00","twitter_card":"summary_large_image","twitter_misc":{"Tempo di lettura stimato":"1 minuto"},"schema":{"@context":"https:\/\/schema.org","@graph":[{"@type":"WebPage","@id":"https:\/\/portale2.unime.it\/desylab\/collaborazioni-2\/","url":"https:\/\/portale2.unime.it\/desylab\/collaborazioni-2\/","name":"COLLABORAZIONI - Desy Lab","isPartOf":{"@id":"https:\/\/portale2.unime.it\/desylab\/#website"},"datePublished":"2021-05-04T06:16:53+00:00","dateModified":"2025-10-21T09:13:03+00:00","breadcrumb":{"@id":"https:\/\/portale2.unime.it\/desylab\/collaborazioni-2\/#breadcrumb"},"inLanguage":"it-IT","potentialAction":[{"@type":"ReadAction","target":["https:\/\/portale2.unime.it\/desylab\/collaborazioni-2\/"]}]},{"@type":"BreadcrumbList","@id":"https:\/\/portale2.unime.it\/desylab\/collaborazioni-2\/#breadcrumb","itemListElement":[{"@type":"ListItem","position":1,"name":"Home","item":"https:\/\/portale2.unime.it\/desylab\/"},{"@type":"ListItem","position":2,"name":"COLLABORAZIONI"}]},{"@type":"WebSite","@id":"https:\/\/portale2.unime.it\/desylab\/#website","url":"https:\/\/portale2.unime.it\/desylab\/","name":"Desy Lab","description":"","publisher":{"@id":"https:\/\/portale2.unime.it\/desylab\/#organization"},"potentialAction":[{"@type":"SearchAction","target":{"@type":"EntryPoint","urlTemplate":"https:\/\/portale2.unime.it\/desylab\/?s={search_term_string}"},"query-input":{"@type":"PropertyValueSpecification","valueRequired":true,"valueName":"search_term_string"}}],"inLanguage":"it-IT"},{"@type":"Organization","@id":"https:\/\/portale2.unime.it\/desylab\/#organization","name":"Desy Lab","url":"https:\/\/portale2.unime.it\/desylab\/","logo":{"@type":"ImageObject","inLanguage":"it-IT","@id":"https:\/\/portale2.unime.it\/desylab\/#\/schema\/logo\/image\/","url":"https:\/\/portale2.unime.it\/desylab\/wp-content\/uploads\/sites\/40\/2023\/03\/logo-progetto-ricerca.png","contentUrl":"https:\/\/portale2.unime.it\/desylab\/wp-content\/uploads\/sites\/40\/2023\/03\/logo-progetto-ricerca.png","width":466,"height":170,"caption":"Desy Lab"},"image":{"@id":"https:\/\/portale2.unime.it\/desylab\/#\/schema\/logo\/image\/"}}]}},"_links":{"self":[{"href":"https:\/\/portale2.unime.it\/desylab\/wp-json\/wp\/v2\/pages\/1374","targetHints":{"allow":["GET"]}}],"collection":[{"href":"https:\/\/portale2.unime.it\/desylab\/wp-json\/wp\/v2\/pages"}],"about":[{"href":"https:\/\/portale2.unime.it\/desylab\/wp-json\/wp\/v2\/types\/page"}],"author":[{"embeddable":true,"href":"https:\/\/portale2.unime.it\/desylab\/wp-json\/wp\/v2\/users\/1"}],"replies":[{"embeddable":true,"href":"https:\/\/portale2.unime.it\/desylab\/wp-json\/wp\/v2\/comments?post=1374"}],"version-history":[{"count":18,"href":"https:\/\/portale2.unime.it\/desylab\/wp-json\/wp\/v2\/pages\/1374\/revisions"}],"predecessor-version":[{"id":2658,"href":"https:\/\/portale2.unime.it\/desylab\/wp-json\/wp\/v2\/pages\/1374\/revisions\/2658"}],"wp:attachment":[{"href":"https:\/\/portale2.unime.it\/desylab\/wp-json\/wp\/v2\/media?parent=1374"}],"curies":[{"name":"wp","href":"https:\/\/api.w.org\/{rel}","templated":true}]}}