{"id":44,"date":"2021-05-04T08:16:53","date_gmt":"2021-05-04T06:16:53","guid":{"rendered":"https:\/\/portale.unime.it\/modellopersona\/?page_id=44"},"modified":"2026-01-15T10:11:49","modified_gmt":"2026-01-15T09:11:49","slug":"comitato","status":"publish","type":"page","link":"https:\/\/portale2.unime.it\/eagles-finalconference\/comitato\/","title":{"rendered":"COMMITTEE"},"content":{"rendered":"\t\t<div data-elementor-type=\"wp-page\" data-elementor-id=\"44\" class=\"elementor elementor-44\">\n\t\t\t\t\t\t<section class=\"elementor-section elementor-top-section elementor-element elementor-element-71e8918 elementor-section-boxed elementor-section-height-default elementor-section-height-default\" data-id=\"71e8918\" data-element_type=\"section\" data-e-type=\"section\" data-settings=\"{&quot;background_background&quot;:&quot;classic&quot;}\">\n\t\t\t\t\t\t<div class=\"elementor-container elementor-column-gap-default\">\n\t\t\t\t\t<div class=\"elementor-column elementor-col-100 elementor-top-column elementor-element elementor-element-aa31284\" data-id=\"aa31284\" data-element_type=\"column\" data-e-type=\"column\">\n\t\t\t<div class=\"elementor-widget-wrap elementor-element-populated\">\n\t\t\t\t\t\t<div class=\"elementor-element elementor-element-22469bf elementor-invisible elementor-widget elementor-widget-heading\" data-id=\"22469bf\" data-element_type=\"widget\" data-e-type=\"widget\" data-settings=\"{&quot;_animation&quot;:&quot;fadeInDown&quot;}\" data-widget_type=\"heading.default\">\n\t\t\t\t\t<h2 class=\"elementor-heading-title elementor-size-default\"><br><br>   COMMITTEE<br><br><br><\/h2>\t\t\t\t<\/div>\n\t\t\t\t\t<\/div>\n\t\t<\/div>\n\t\t\t\t\t<\/div>\n\t\t<\/section>\n\t\t\t\t<section class=\"elementor-section elementor-top-section elementor-element elementor-element-ad48a45 elementor-section-boxed elementor-section-height-default elementor-section-height-default\" data-id=\"ad48a45\" data-element_type=\"section\" data-e-type=\"section\">\n\t\t\t\t\t\t<div class=\"elementor-container elementor-column-gap-default\">\n\t\t\t\t\t<div class=\"elementor-column elementor-col-33 elementor-top-column elementor-element elementor-element-ef34617 elementor-invisible\" data-id=\"ef34617\" data-element_type=\"column\" data-e-type=\"column\" data-settings=\"{&quot;background_background&quot;:&quot;classic&quot;,&quot;animation&quot;:&quot;fadeInLeft&quot;}\">\n\t\t\t<div class=\"elementor-widget-wrap elementor-element-populated\">\n\t\t\t\t\t\t<div class=\"elementor-element elementor-element-3e68c8f elementor-widget elementor-widget-heading\" data-id=\"3e68c8f\" data-element_type=\"widget\" data-e-type=\"widget\" data-widget_type=\"heading.default\">\n\t\t\t\t\t<h3 class=\"elementor-heading-title elementor-size-default\">COMMITTEE<\/h3>\t\t\t\t<\/div>\n\t\t\t\t<div class=\"elementor-element elementor-element-464c152 elementor-view-default elementor-widget elementor-widget-icon\" data-id=\"464c152\" data-element_type=\"widget\" data-e-type=\"widget\" data-widget_type=\"icon.default\">\n\t\t\t\t\t\t\t<div class=\"elementor-icon-wrapper\">\n\t\t\t<div class=\"elementor-icon\">\n\t\t\t<svg aria-hidden=\"true\" class=\"e-font-icon-svg e-far-user\" viewBox=\"0 0 448 512\" xmlns=\"http:\/\/www.w3.org\/2000\/svg\"><path d=\"M313.6 304c-28.7 0-42.5 16-89.6 16-47.1 0-60.8-16-89.6-16C60.2 304 0 364.2 0 438.4V464c0 26.5 21.5 48 48 48h352c26.5 0 48-21.5 48-48v-25.6c0-74.2-60.2-134.4-134.4-134.4zM400 464H48v-25.6c0-47.6 38.8-86.4 86.4-86.4 14.6 0 38.3 16 89.6 16 51.7 0 74.9-16 89.6-16 47.6 0 86.4 38.8 86.4 86.4V464zM224 288c79.5 0 144-64.5 144-144S303.5 0 224 0 80 64.5 80 144s64.5 144 144 144zm0-240c52.9 0 96 43.1 96 96s-43.1 96-96 96-96-43.1-96-96 43.1-96 96-96z\"><\/path><\/svg>\t\t\t<\/div>\n\t\t<\/div>\n\t\t\t\t\t\t<\/div>\n\t\t\t\t\t<\/div>\n\t\t<\/div>\n\t\t\t\t<div class=\"elementor-column elementor-col-66 elementor-top-column elementor-element elementor-element-174aaed elementor-invisible\" data-id=\"174aaed\" data-element_type=\"column\" data-e-type=\"column\" data-settings=\"{&quot;animation&quot;:&quot;fadeInRight&quot;}\">\n\t\t\t<div class=\"elementor-widget-wrap elementor-element-populated\">\n\t\t\t\t\t\t<div class=\"elementor-element elementor-element-d9d003f elementor-widget__width-initial elementor-invisible elementor-widget elementor-widget-heading\" data-id=\"d9d003f\" data-element_type=\"widget\" data-e-type=\"widget\" data-settings=\"{&quot;_animation&quot;:&quot;slideInUp&quot;}\" data-widget_type=\"heading.default\">\n\t\t\t\t\t<h4 class=\"elementor-heading-title elementor-size-default\">SCIENTIFIC COMMITTEE<\/h4>\t\t\t\t<\/div>\n\t\t\t\t<div class=\"elementor-element elementor-element-4fa6003 elementor-widget elementor-widget-text-editor\" data-id=\"4fa6003\" data-element_type=\"widget\" data-e-type=\"widget\" data-widget_type=\"text-editor.default\">\n\t\t\t\t\t\t\t\t\t<p><a href=\"http:\/\/unime.it\">Maria Gabriella Campolo, Universit\u00e0 di Messina<\/a><\/p><p>Antonia Cava, Universit\u00e0 di Messina<\/p><p>Debora Maria Pizzimenti, Universit\u00e0 di Messina<\/p><p>Alessandra Trimarchi, Universit\u00e0 di Messina<\/p><p>Giovanni Busetta, Universit\u00e0 di Messina<\/p><p>Antonino Di Pino Incognito,\u00a0Universit\u00e0 di Messina<\/p><p>Manuela Stranges, Universit\u00e0 della Calabria<\/p>\t\t\t\t\t\t\t\t<\/div>\n\t\t\t\t<div class=\"elementor-element elementor-element-92b88fa elementor-widget__width-initial elementor-invisible elementor-widget elementor-widget-heading\" data-id=\"92b88fa\" data-element_type=\"widget\" data-e-type=\"widget\" data-settings=\"{&quot;_animation&quot;:&quot;slideInUp&quot;}\" data-widget_type=\"heading.default\">\n\t\t\t\t\t<h4 class=\"elementor-heading-title elementor-size-default\">ORGANIZING COMMITTEE<\/h4>\t\t\t\t<\/div>\n\t\t\t\t<div class=\"elementor-element elementor-element-751adfc elementor-widget__width-initial elementor-widget elementor-widget-text-editor\" data-id=\"751adfc\" data-element_type=\"widget\" data-e-type=\"widget\" data-widget_type=\"text-editor.default\">\n\t\t\t\t\t\t\t\t\t<p><a href=\"http:\/\/unime.it\">Maria Gabriella Campolo, Universit\u00e0 di Messina<\/a><\/p><p>Antonia Cava, Universit\u00e0 di Messina<\/p><p>Debora Maria Pizzimenti, Universit\u00e0 di Messina<\/p><p>Alessandra Trimarchi, Universit\u00e0 di Messina<\/p><p>Giovanni Busetta, Universit\u00e0 di Messina<\/p><p>Angelina De Pascale,\u00a0Universit\u00e0 di Messina<\/p><p>Orietta Nicolis,\u00a0Universit\u00e0 di Messina<\/p><p>Raffaele Staglian\u00f2,\u00a0Universit\u00e0 di Messina<\/p><p>Manuela Stranges, Universit\u00e0 della Calabria<\/p><p>Francesca Condino,\u00a0Universit\u00e0 della Calabria<\/p><p>Giovanna Vingelli, Universit\u00e0 della Calabria<\/p><p>Elena Iakimova, Universit\u00e0 della Calabria<\/p>\t\t\t\t\t\t\t\t<\/div>\n\t\t\t\t\t<\/div>\n\t\t<\/div>\n\t\t\t\t\t<\/div>\n\t\t<\/section>\n\t\t\t\t<\/div>\n\t\t","protected":false},"excerpt":{"rendered":"<p>COMMITTEE COMMITTEE SCIENTIFIC COMMITTEE Maria Gabriella Campolo, Universit\u00e0 di Messina Antonia Cava, Universit\u00e0 di Messina Debora Maria Pizzimenti, Universit\u00e0 di Messina Alessandra Trimarchi, Universit\u00e0 di Messina Giovanni Busetta, Universit\u00e0 di Messina Antonino Di Pino Incognito,\u00a0Universit\u00e0 di Messina Manuela Stranges, Universit\u00e0 della Calabria ORGANIZING COMMITTEE Maria Gabriella Campolo, Universit\u00e0 di Messina Antonia Cava, Universit\u00e0 di Messina&hellip; <a class=\"more-link\" href=\"https:\/\/portale2.unime.it\/eagles-finalconference\/comitato\/\">Continue reading <span class=\"screen-reader-text\">COMMITTEE<\/span><\/a><\/p>\n","protected":false},"author":1,"featured_media":0,"parent":0,"menu_order":0,"comment_status":"closed","ping_status":"closed","template":"elementor_header_footer","meta":{"footnotes":""},"class_list":["post-44","page","type-page","status-publish","hentry","entry"],"yoast_head":"<!-- This site is optimized with the Yoast SEO plugin v27.4 - https:\/\/yoast.com\/product\/yoast-seo-wordpress\/ -->\n<title>COMMITTEE - EAGLES- Final Conference<\/title>\n<meta name=\"robots\" content=\"index, follow, max-snippet:-1, max-image-preview:large, max-video-preview:-1\" \/>\n<link rel=\"canonical\" href=\"https:\/\/portale2.unime.it\/eagles-finalconference\/comitato\/\" \/>\n<meta property=\"og:locale\" content=\"en_GB\" \/>\n<meta property=\"og:type\" content=\"article\" \/>\n<meta property=\"og:title\" content=\"COMMITTEE - EAGLES- Final Conference\" \/>\n<meta property=\"og:description\" content=\"COMMITTEE COMMITTEE SCIENTIFIC COMMITTEE Maria Gabriella Campolo, Universit\u00e0 di Messina Antonia Cava, Universit\u00e0 di Messina Debora Maria Pizzimenti, Universit\u00e0 di Messina Alessandra Trimarchi, Universit\u00e0 di Messina Giovanni Busetta, Universit\u00e0 di Messina Antonino Di Pino Incognito,\u00a0Universit\u00e0 di Messina Manuela Stranges, Universit\u00e0 della Calabria ORGANIZING COMMITTEE Maria Gabriella Campolo, Universit\u00e0 di Messina Antonia Cava, Universit\u00e0 di Messina&hellip; Continue reading COMMITTEE\" \/>\n<meta property=\"og:url\" content=\"https:\/\/portale2.unime.it\/eagles-finalconference\/comitato\/\" \/>\n<meta property=\"og:site_name\" content=\"EAGLES- Final Conference\" \/>\n<meta property=\"article:modified_time\" content=\"2026-01-15T09:11:49+00:00\" \/>\n<meta name=\"twitter:card\" content=\"summary_large_image\" \/>\n<meta name=\"twitter:label1\" content=\"Estimated reading time\" \/>\n\t<meta name=\"twitter:data1\" content=\"1 minute\" \/>\n<script type=\"application\/ld+json\" class=\"yoast-schema-graph\">{\"@context\":\"https:\\\/\\\/schema.org\",\"@graph\":[{\"@type\":\"WebPage\",\"@id\":\"https:\\\/\\\/portale2.unime.it\\\/eagles-finalconference\\\/comitato\\\/\",\"url\":\"https:\\\/\\\/portale2.unime.it\\\/eagles-finalconference\\\/comitato\\\/\",\"name\":\"COMMITTEE - EAGLES- Final Conference\",\"isPartOf\":{\"@id\":\"https:\\\/\\\/portale2.unime.it\\\/eagles-finalconference\\\/#website\"},\"datePublished\":\"2021-05-04T06:16:53+00:00\",\"dateModified\":\"2026-01-15T09:11:49+00:00\",\"breadcrumb\":{\"@id\":\"https:\\\/\\\/portale2.unime.it\\\/eagles-finalconference\\\/comitato\\\/#breadcrumb\"},\"inLanguage\":\"en-GB\",\"potentialAction\":[{\"@type\":\"ReadAction\",\"target\":[\"https:\\\/\\\/portale2.unime.it\\\/eagles-finalconference\\\/comitato\\\/\"]}]},{\"@type\":\"BreadcrumbList\",\"@id\":\"https:\\\/\\\/portale2.unime.it\\\/eagles-finalconference\\\/comitato\\\/#breadcrumb\",\"itemListElement\":[{\"@type\":\"ListItem\",\"position\":1,\"name\":\"Home\",\"item\":\"https:\\\/\\\/portale2.unime.it\\\/eagles-finalconference\\\/\"},{\"@type\":\"ListItem\",\"position\":2,\"name\":\"COMMITTEE\"}]},{\"@type\":\"WebSite\",\"@id\":\"https:\\\/\\\/portale2.unime.it\\\/eagles-finalconference\\\/#website\",\"url\":\"https:\\\/\\\/portale2.unime.it\\\/eagles-finalconference\\\/\",\"name\":\"EAGLES- Final Conference\",\"description\":\"\",\"publisher\":{\"@id\":\"https:\\\/\\\/portale2.unime.it\\\/eagles-finalconference\\\/#organization\"},\"potentialAction\":[{\"@type\":\"SearchAction\",\"target\":{\"@type\":\"EntryPoint\",\"urlTemplate\":\"https:\\\/\\\/portale2.unime.it\\\/eagles-finalconference\\\/?s={search_term_string}\"},\"query-input\":{\"@type\":\"PropertyValueSpecification\",\"valueRequired\":true,\"valueName\":\"search_term_string\"}}],\"inLanguage\":\"en-GB\"},{\"@type\":\"Organization\",\"@id\":\"https:\\\/\\\/portale2.unime.it\\\/eagles-finalconference\\\/#organization\",\"name\":\"EAGLES- Final Conference\",\"url\":\"https:\\\/\\\/portale2.unime.it\\\/eagles-finalconference\\\/\",\"logo\":{\"@type\":\"ImageObject\",\"inLanguage\":\"en-GB\",\"@id\":\"https:\\\/\\\/portale2.unime.it\\\/eagles-finalconference\\\/#\\\/schema\\\/logo\\\/image\\\/\",\"url\":\"https:\\\/\\\/portale2.unime.it\\\/eagles-finalconference\\\/wp-content\\\/uploads\\\/sites\\\/101\\\/2025\\\/12\\\/eagles.png\",\"contentUrl\":\"https:\\\/\\\/portale2.unime.it\\\/eagles-finalconference\\\/wp-content\\\/uploads\\\/sites\\\/101\\\/2025\\\/12\\\/eagles.png\",\"width\":1993,\"height\":278,\"caption\":\"EAGLES- Final Conference\"},\"image\":{\"@id\":\"https:\\\/\\\/portale2.unime.it\\\/eagles-finalconference\\\/#\\\/schema\\\/logo\\\/image\\\/\"}}]}<\/script>\n<!-- \/ Yoast SEO plugin. -->","yoast_head_json":{"title":"COMMITTEE - EAGLES- Final Conference","robots":{"index":"index","follow":"follow","max-snippet":"max-snippet:-1","max-image-preview":"max-image-preview:large","max-video-preview":"max-video-preview:-1"},"canonical":"https:\/\/portale2.unime.it\/eagles-finalconference\/comitato\/","og_locale":"en_GB","og_type":"article","og_title":"COMMITTEE - EAGLES- Final Conference","og_description":"COMMITTEE COMMITTEE SCIENTIFIC COMMITTEE Maria Gabriella Campolo, Universit\u00e0 di Messina Antonia Cava, Universit\u00e0 di Messina Debora Maria Pizzimenti, Universit\u00e0 di Messina Alessandra Trimarchi, Universit\u00e0 di Messina Giovanni Busetta, Universit\u00e0 di Messina Antonino Di Pino Incognito,\u00a0Universit\u00e0 di Messina Manuela Stranges, Universit\u00e0 della Calabria ORGANIZING COMMITTEE Maria Gabriella Campolo, Universit\u00e0 di Messina Antonia Cava, Universit\u00e0 di Messina&hellip; Continue reading COMMITTEE","og_url":"https:\/\/portale2.unime.it\/eagles-finalconference\/comitato\/","og_site_name":"EAGLES- Final Conference","article_modified_time":"2026-01-15T09:11:49+00:00","twitter_card":"summary_large_image","twitter_misc":{"Estimated reading time":"1 minute"},"schema":{"@context":"https:\/\/schema.org","@graph":[{"@type":"WebPage","@id":"https:\/\/portale2.unime.it\/eagles-finalconference\/comitato\/","url":"https:\/\/portale2.unime.it\/eagles-finalconference\/comitato\/","name":"COMMITTEE - EAGLES- Final Conference","isPartOf":{"@id":"https:\/\/portale2.unime.it\/eagles-finalconference\/#website"},"datePublished":"2021-05-04T06:16:53+00:00","dateModified":"2026-01-15T09:11:49+00:00","breadcrumb":{"@id":"https:\/\/portale2.unime.it\/eagles-finalconference\/comitato\/#breadcrumb"},"inLanguage":"en-GB","potentialAction":[{"@type":"ReadAction","target":["https:\/\/portale2.unime.it\/eagles-finalconference\/comitato\/"]}]},{"@type":"BreadcrumbList","@id":"https:\/\/portale2.unime.it\/eagles-finalconference\/comitato\/#breadcrumb","itemListElement":[{"@type":"ListItem","position":1,"name":"Home","item":"https:\/\/portale2.unime.it\/eagles-finalconference\/"},{"@type":"ListItem","position":2,"name":"COMMITTEE"}]},{"@type":"WebSite","@id":"https:\/\/portale2.unime.it\/eagles-finalconference\/#website","url":"https:\/\/portale2.unime.it\/eagles-finalconference\/","name":"EAGLES- Final Conference","description":"","publisher":{"@id":"https:\/\/portale2.unime.it\/eagles-finalconference\/#organization"},"potentialAction":[{"@type":"SearchAction","target":{"@type":"EntryPoint","urlTemplate":"https:\/\/portale2.unime.it\/eagles-finalconference\/?s={search_term_string}"},"query-input":{"@type":"PropertyValueSpecification","valueRequired":true,"valueName":"search_term_string"}}],"inLanguage":"en-GB"},{"@type":"Organization","@id":"https:\/\/portale2.unime.it\/eagles-finalconference\/#organization","name":"EAGLES- Final Conference","url":"https:\/\/portale2.unime.it\/eagles-finalconference\/","logo":{"@type":"ImageObject","inLanguage":"en-GB","@id":"https:\/\/portale2.unime.it\/eagles-finalconference\/#\/schema\/logo\/image\/","url":"https:\/\/portale2.unime.it\/eagles-finalconference\/wp-content\/uploads\/sites\/101\/2025\/12\/eagles.png","contentUrl":"https:\/\/portale2.unime.it\/eagles-finalconference\/wp-content\/uploads\/sites\/101\/2025\/12\/eagles.png","width":1993,"height":278,"caption":"EAGLES- Final Conference"},"image":{"@id":"https:\/\/portale2.unime.it\/eagles-finalconference\/#\/schema\/logo\/image\/"}}]}},"_links":{"self":[{"href":"https:\/\/portale2.unime.it\/eagles-finalconference\/wp-json\/wp\/v2\/pages\/44","targetHints":{"allow":["GET"]}}],"collection":[{"href":"https:\/\/portale2.unime.it\/eagles-finalconference\/wp-json\/wp\/v2\/pages"}],"about":[{"href":"https:\/\/portale2.unime.it\/eagles-finalconference\/wp-json\/wp\/v2\/types\/page"}],"author":[{"embeddable":true,"href":"https:\/\/portale2.unime.it\/eagles-finalconference\/wp-json\/wp\/v2\/users\/1"}],"replies":[{"embeddable":true,"href":"https:\/\/portale2.unime.it\/eagles-finalconference\/wp-json\/wp\/v2\/comments?post=44"}],"version-history":[{"count":16,"href":"https:\/\/portale2.unime.it\/eagles-finalconference\/wp-json\/wp\/v2\/pages\/44\/revisions"}],"predecessor-version":[{"id":1685,"href":"https:\/\/portale2.unime.it\/eagles-finalconference\/wp-json\/wp\/v2\/pages\/44\/revisions\/1685"}],"wp:attachment":[{"href":"https:\/\/portale2.unime.it\/eagles-finalconference\/wp-json\/wp\/v2\/media?parent=44"}],"curies":[{"name":"wp","href":"https:\/\/api.w.org\/{rel}","templated":true}]}}