{"id":12,"date":"2018-12-12T15:46:38","date_gmt":"2018-12-12T14:46:38","guid":{"rendered":"http:\/\/portale.unime.it\/ecfn2019\/?page_id=12"},"modified":"2018-12-12T15:46:38","modified_gmt":"2018-12-12T14:46:38","slug":"comitato-scientifico","status":"publish","type":"page","link":"https:\/\/portale2.unime.it\/ecfn2019\/comitato-scientifico\/","title":{"rendered":"Scientific Committee \/ Comitato Scientifico"},"content":{"rendered":"<ul>\n<li>Rahel Ackermann (<a href=\"https:\/\/www.fundmuenzen.ch\/\">Inventar der Fundm\u00fcnzen der Schweiz, Switzerland<\/a>)<\/li>\n<li>Andrew Meadows (<a href=\"http:\/\/www.ox.ac.uk\/\">University of Oxford, United Kingdom<\/a>)<\/li>\n<li>Mariangela Puglisi (<a href=\"https:\/\/www.unime.it\/it\">Universit\u00e0 degli Studi di Messina, Italy<\/a>)<\/li>\n<li>David Wigg-Wolf (<a href=\"http:\/\/www.dainst.org\/standort\/-\/organization-display\/ZI9STUj61zKB\/14595?p_r_p_1690909578_redirectURL=%2Fen%2Fsuchen%3Fp_p_id%3D3%26p_p_lifecycle%3D0%26p_p_state%3Dmaximized%26p_p_mode%3Dview%26_3_struts_action%3D%252Fsearch%252Fsearch%26_3_redirect%3Dhttp%253A%252F%252Fwww.dainst.org%252Fen%252Fsuchen%253Fp_p_id%253D3%2526p_p_lifecycle%253D0%2526p_p_state%253Dmaximized%2526p_p_mode%253Dview%2526_3_struts_action%253D%25252Fsearch%25252Fsearch%2526_3_redirect%253Dhttp%25253A%25252F%25252Fwww.dainst.org%25252Fen%25252Fdepartment%25252Frgk%2526_3_keywords%253DR%2525C3%2525B6misches%252BGeld%2526_3_assetCategoryTitles%253D%2526_3_entryClassName%253D%26_3_keywords%3DR%25C3%25B6misch-Germanischen%2BKommission%26_3_assetCategoryTitles%3D%26_3_entryClassName%3D\">DAI, R\u00f6misch-Germanische Kommission, Germany<\/a>)<\/li>\n<\/ul>\n","protected":false},"excerpt":{"rendered":"<p>Rahel Ackermann (Inventar der Fundm\u00fcnzen der Schweiz, Switzerland) Andrew Meadows (University of Oxford, United Kingdom) Mariangela Puglisi (Universit\u00e0 degli Studi di Messina, Italy) David Wigg-Wolf (DAI, R\u00f6misch-Germanische Kommission, Germany)<\/p>\n","protected":false},"author":1,"featured_media":0,"parent":0,"menu_order":0,"comment_status":"closed","ping_status":"closed","template":"","meta":{"footnotes":""},"class_list":["post-12","page","type-page","status-publish","hentry","entry"],"yoast_head":"<!-- This site is optimized with the Yoast SEO plugin v27.3 - https:\/\/yoast.com\/product\/yoast-seo-wordpress\/ -->\n<title>Scientific Committee \/ Comitato Scientifico - The 8th Joint Meeting of ECFN and nomisma.org 2019<\/title>\n<meta name=\"robots\" content=\"index, follow, max-snippet:-1, max-image-preview:large, max-video-preview:-1\" \/>\n<link rel=\"canonical\" href=\"https:\/\/nomisma.org-ecfn2019.unime.it\/comitato-scientifico\/\" \/>\n<meta property=\"og:locale\" content=\"it_IT\" \/>\n<meta property=\"og:type\" content=\"article\" \/>\n<meta property=\"og:title\" content=\"Scientific Committee \/ Comitato Scientifico - The 8th Joint Meeting of ECFN and nomisma.org 2019\" \/>\n<meta property=\"og:description\" content=\"Rahel Ackermann (Inventar der Fundm\u00fcnzen der Schweiz, Switzerland) Andrew Meadows (University of Oxford, United Kingdom) Mariangela Puglisi (Universit\u00e0 degli Studi di Messina, Italy) David Wigg-Wolf (DAI, R\u00f6misch-Germanische Kommission, Germany)\" \/>\n<meta property=\"og:url\" content=\"https:\/\/nomisma.org-ecfn2019.unime.it\/comitato-scientifico\/\" \/>\n<meta property=\"og:site_name\" content=\"The 8th Joint Meeting of ECFN and nomisma.org 2019\" \/>\n<meta name=\"twitter:card\" content=\"summary_large_image\" \/>\n<script type=\"application\/ld+json\" class=\"yoast-schema-graph\">{\"@context\":\"https:\\\/\\\/schema.org\",\"@graph\":[{\"@type\":\"WebPage\",\"@id\":\"https:\\\/\\\/nomisma.org-ecfn2019.unime.it\\\/comitato-scientifico\\\/\",\"url\":\"https:\\\/\\\/nomisma.org-ecfn2019.unime.it\\\/comitato-scientifico\\\/\",\"name\":\"Scientific Committee \\\/ Comitato Scientifico - The 8th Joint Meeting of ECFN and nomisma.org 2019\",\"isPartOf\":{\"@id\":\"https:\\\/\\\/nomisma.org-ecfn2019.unime.it\\\/#website\"},\"datePublished\":\"2018-12-12T14:46:38+00:00\",\"breadcrumb\":{\"@id\":\"https:\\\/\\\/nomisma.org-ecfn2019.unime.it\\\/comitato-scientifico\\\/#breadcrumb\"},\"inLanguage\":\"it-IT\",\"potentialAction\":[{\"@type\":\"ReadAction\",\"target\":[\"https:\\\/\\\/nomisma.org-ecfn2019.unime.it\\\/comitato-scientifico\\\/\"]}]},{\"@type\":\"BreadcrumbList\",\"@id\":\"https:\\\/\\\/nomisma.org-ecfn2019.unime.it\\\/comitato-scientifico\\\/#breadcrumb\",\"itemListElement\":[{\"@type\":\"ListItem\",\"position\":1,\"name\":\"Home\",\"item\":\"https:\\\/\\\/nomisma.org-ecfn2019.unime.it\\\/\"},{\"@type\":\"ListItem\",\"position\":2,\"name\":\"Scientific Committee \\\/ Comitato Scientifico\"}]},{\"@type\":\"WebSite\",\"@id\":\"https:\\\/\\\/nomisma.org-ecfn2019.unime.it\\\/#website\",\"url\":\"https:\\\/\\\/nomisma.org-ecfn2019.unime.it\\\/\",\"name\":\"The 8th Joint Meeting of ECFN and nomisma.org 2019\",\"description\":\"\",\"publisher\":{\"@id\":\"https:\\\/\\\/nomisma.org-ecfn2019.unime.it\\\/#organization\"},\"potentialAction\":[{\"@type\":\"SearchAction\",\"target\":{\"@type\":\"EntryPoint\",\"urlTemplate\":\"https:\\\/\\\/nomisma.org-ecfn2019.unime.it\\\/?s={search_term_string}\"},\"query-input\":{\"@type\":\"PropertyValueSpecification\",\"valueRequired\":true,\"valueName\":\"search_term_string\"}}],\"inLanguage\":\"it-IT\"},{\"@type\":\"Organization\",\"@id\":\"https:\\\/\\\/nomisma.org-ecfn2019.unime.it\\\/#organization\",\"name\":\"The 8th Joint Meeting of ECFN and nomisma.org 2019\",\"url\":\"https:\\\/\\\/nomisma.org-ecfn2019.unime.it\\\/\",\"logo\":{\"@type\":\"ImageObject\",\"inLanguage\":\"it-IT\",\"@id\":\"https:\\\/\\\/nomisma.org-ecfn2019.unime.it\\\/#\\\/schema\\\/logo\\\/image\\\/\",\"url\":\"\",\"contentUrl\":\"\",\"caption\":\"The 8th Joint Meeting of ECFN and nomisma.org 2019\"},\"image\":{\"@id\":\"https:\\\/\\\/nomisma.org-ecfn2019.unime.it\\\/#\\\/schema\\\/logo\\\/image\\\/\"}}]}<\/script>\n<!-- \/ Yoast SEO plugin. -->","yoast_head_json":{"title":"Scientific Committee \/ Comitato Scientifico - The 8th Joint Meeting of ECFN and nomisma.org 2019","robots":{"index":"index","follow":"follow","max-snippet":"max-snippet:-1","max-image-preview":"max-image-preview:large","max-video-preview":"max-video-preview:-1"},"canonical":"https:\/\/nomisma.org-ecfn2019.unime.it\/comitato-scientifico\/","og_locale":"it_IT","og_type":"article","og_title":"Scientific Committee \/ Comitato Scientifico - The 8th Joint Meeting of ECFN and nomisma.org 2019","og_description":"Rahel Ackermann (Inventar der Fundm\u00fcnzen der Schweiz, Switzerland) Andrew Meadows (University of Oxford, United Kingdom) Mariangela Puglisi (Universit\u00e0 degli Studi di Messina, Italy) David Wigg-Wolf (DAI, R\u00f6misch-Germanische Kommission, Germany)","og_url":"https:\/\/nomisma.org-ecfn2019.unime.it\/comitato-scientifico\/","og_site_name":"The 8th Joint Meeting of ECFN and nomisma.org 2019","twitter_card":"summary_large_image","schema":{"@context":"https:\/\/schema.org","@graph":[{"@type":"WebPage","@id":"https:\/\/nomisma.org-ecfn2019.unime.it\/comitato-scientifico\/","url":"https:\/\/nomisma.org-ecfn2019.unime.it\/comitato-scientifico\/","name":"Scientific Committee \/ Comitato Scientifico - The 8th Joint Meeting of ECFN and nomisma.org 2019","isPartOf":{"@id":"https:\/\/nomisma.org-ecfn2019.unime.it\/#website"},"datePublished":"2018-12-12T14:46:38+00:00","breadcrumb":{"@id":"https:\/\/nomisma.org-ecfn2019.unime.it\/comitato-scientifico\/#breadcrumb"},"inLanguage":"it-IT","potentialAction":[{"@type":"ReadAction","target":["https:\/\/nomisma.org-ecfn2019.unime.it\/comitato-scientifico\/"]}]},{"@type":"BreadcrumbList","@id":"https:\/\/nomisma.org-ecfn2019.unime.it\/comitato-scientifico\/#breadcrumb","itemListElement":[{"@type":"ListItem","position":1,"name":"Home","item":"https:\/\/nomisma.org-ecfn2019.unime.it\/"},{"@type":"ListItem","position":2,"name":"Scientific Committee \/ Comitato Scientifico"}]},{"@type":"WebSite","@id":"https:\/\/nomisma.org-ecfn2019.unime.it\/#website","url":"https:\/\/nomisma.org-ecfn2019.unime.it\/","name":"The 8th Joint Meeting of ECFN and nomisma.org 2019","description":"","publisher":{"@id":"https:\/\/nomisma.org-ecfn2019.unime.it\/#organization"},"potentialAction":[{"@type":"SearchAction","target":{"@type":"EntryPoint","urlTemplate":"https:\/\/nomisma.org-ecfn2019.unime.it\/?s={search_term_string}"},"query-input":{"@type":"PropertyValueSpecification","valueRequired":true,"valueName":"search_term_string"}}],"inLanguage":"it-IT"},{"@type":"Organization","@id":"https:\/\/nomisma.org-ecfn2019.unime.it\/#organization","name":"The 8th Joint Meeting of ECFN and nomisma.org 2019","url":"https:\/\/nomisma.org-ecfn2019.unime.it\/","logo":{"@type":"ImageObject","inLanguage":"it-IT","@id":"https:\/\/nomisma.org-ecfn2019.unime.it\/#\/schema\/logo\/image\/","url":"","contentUrl":"","caption":"The 8th Joint Meeting of ECFN and nomisma.org 2019"},"image":{"@id":"https:\/\/nomisma.org-ecfn2019.unime.it\/#\/schema\/logo\/image\/"}}]}},"_links":{"self":[{"href":"https:\/\/portale2.unime.it\/ecfn2019\/wp-json\/wp\/v2\/pages\/12","targetHints":{"allow":["GET"]}}],"collection":[{"href":"https:\/\/portale2.unime.it\/ecfn2019\/wp-json\/wp\/v2\/pages"}],"about":[{"href":"https:\/\/portale2.unime.it\/ecfn2019\/wp-json\/wp\/v2\/types\/page"}],"author":[{"embeddable":true,"href":"https:\/\/portale2.unime.it\/ecfn2019\/wp-json\/wp\/v2\/users\/1"}],"replies":[{"embeddable":true,"href":"https:\/\/portale2.unime.it\/ecfn2019\/wp-json\/wp\/v2\/comments?post=12"}],"version-history":[{"count":0,"href":"https:\/\/portale2.unime.it\/ecfn2019\/wp-json\/wp\/v2\/pages\/12\/revisions"}],"wp:attachment":[{"href":"https:\/\/portale2.unime.it\/ecfn2019\/wp-json\/wp\/v2\/media?parent=12"}],"curies":[{"name":"wp","href":"https:\/\/api.w.org\/{rel}","templated":true}]}}