{"id":24,"date":"2018-12-12T15:48:00","date_gmt":"2018-12-12T14:48:00","guid":{"rendered":"http:\/\/portale.unime.it\/ecfn2019\/?page_id=24"},"modified":"2018-12-12T15:48:00","modified_gmt":"2018-12-12T14:48:00","slug":"programme-programma","status":"publish","type":"page","link":"https:\/\/portale2.unime.it\/ecfn2019\/programme-programma\/","title":{"rendered":"Programme"},"content":{"rendered":"<p><strong><img fetchpriority=\"high\" decoding=\"async\" class=\"alignnone size-full wp-image-402\" src=\"https:\/\/portale2.unime.it\/ecfn2019\/wp-content\/uploads\/sites\/50\/2019\/04\/PUGLISI-8-jm-unime-locandina-poster.001.jpeg\" alt=\"\" width=\"768\" height=\"1024\" srcset=\"https:\/\/portale2.unime.it\/ecfn2019\/wp-content\/uploads\/sites\/50\/2019\/04\/PUGLISI-8-jm-unime-locandina-poster.001.jpeg 768w, https:\/\/portale2.unime.it\/ecfn2019\/wp-content\/uploads\/sites\/50\/2019\/04\/PUGLISI-8-jm-unime-locandina-poster.001-225x300.jpeg 225w\" sizes=\"(max-width: 768px) 100vw, 768px\" \/><\/strong><\/p>\n<p style=\"text-align: center\"><strong><a href=\"https:\/\/portale2.unime.it\/ecfn2019\/wp-content\/uploads\/sites\/50\/2019\/05\/Final-Poster-Programme-ENG-may.pdf\">Final Programme<\/a><\/strong><\/p>\n<p><span style=\"color: #000080\"><b>Thursday, May 2nd: Villa Pace<\/b>, via Consolare Pompea, 91<\/span><\/p>\n<p><b>9.00 Working Group Sessions <\/b>(registered members)<span class=\"Apple-converted-space\">\u00a0<\/span><\/p>\n<p><b>11.00 Coffee break <\/b>(registered members)<span class=\"Apple-converted-space\">\u00a0<\/span><\/p>\n<p><b>11.30 Working Group Sessions <\/b>(registered members)<span class=\"Apple-converted-space\">\u00a0<\/span><\/p>\n<p><b>13.00 Lunch <\/b>(registered members and invited guests)<span class=\"Apple-converted-space\">\u00a0<\/span><\/p>\n<p><b>14.45 Working Group Sessions <\/b>(registered members)<span class=\"Apple-converted-space\">\u00a0<\/span><\/p>\n<p><b>16.30 Plenary Session<\/b> (registered members) (Main Hall):\u00a0<i> Nomisma.org and DARIAH-EU Working Group &#8211; Bibliography\/Zenon\u00a0<\/i><\/p>\n<p><b>18.30 Guided tour of the MuMe, Museo Regionale Interdisciplinare di Messina, by the\u00a0Director,\u00a0Caterina Di Giacomo<\/b>\u00a0(speakers and registered members)<\/p>\n<p>&nbsp;<\/p>\n<p><span style=\"color: #000080\"><b>Friday, May 3rd: Rettorato<\/b>,<b> <\/b>piazza Pugliatti 1,<span class=\"Apple-converted-space\">\u00a0<\/span><b>Aula Magna<\/b><\/span><\/p>\n<p><b>8.45 Registration<\/b><\/p>\n<p><b>9.00 Welcome and Opening<\/b><\/p>\n<p><b> Salvatore Cuzzocrea<\/b>, Rector of the University of Messina<\/p>\n<p><b>Giuseppe Giordano<\/b>, Director of DiCAM<\/p>\n<p><b>Andrew Meadows, Mariangela Puglisi, David Wigg-Wolf<\/b>,<b> <\/b><i>Steering Committee<\/i><\/p>\n<p>9.30 Federico Carbone &#8211; Renata Cantilena &#8211; Giacomo Pardini (Universit\u00e0 di Salerno), <i>Coin finds, contexts and data management between Pompeii and Velia<span class=\"Apple-converted-space\">\u00a0<\/span><\/i><\/p>\n<p>9.55 Jonathan Prag (University of Oxford, Merton College) &#8211; Mariangela Puglisi (Universit\u00e0 di Messina), I.Num.Sic (Inscriptiones Numorum Siciliae):<i> pilot phase<span class=\"Apple-converted-space\">\u00a0<\/span><\/i><\/p>\n<p>10.20 Clare Rowan (University of Warwick), <i>Numismatic micro histories: locating and representing tokens in Roman Italy<span class=\"Apple-converted-space\">\u00a0<\/span><\/i><\/p>\n<p>10.45 Christian Weiss (Swiss National Museum), <i>Medieval coin finds in Sicily (ca. 827-1246)<span class=\"Apple-converted-space\">\u00a0<\/span><\/i><\/p>\n<p><b>11.10 Coffee break<\/b><\/p>\n<p>11.35 Andrew Brown &#8211; Sam Moorhead (The British Museum), <i>Coins as archaeological artefacts: exploiting the 300,000 Roman coins on the Portable Antiquities Scheme (PAS) database<span class=\"Apple-converted-space\">\u00a0<\/span><\/i><\/p>\n<p>12.00 Mirjana Vojvoda (Institute of Archaeology, Belgrade)- Adam Crnobrnja (National Museum, Belgrade), <i>The Roman coin hoards dated to the time of Maximinus I from the territory of present-day Serbia<\/i><\/p>\n<p>12.25 Aleksander Bursche (University of Warsaw) <i>et al., The XVI International Numismatic Congress<\/i><\/p>\n<p><b>12.50 Lunch break <\/b>(speakers and invited guests)<\/p>\n<p><span style=\"color: #000080\"><b>Friday, May 3rd: Rettorato<\/b>,<b> <\/b>piazza Pugliatti 1,<span class=\"Apple-converted-space\">\u00a0<\/span><b>Accademia Peloritana dei Pericolanti<\/b><\/span><\/p>\n<p>14.30 Alenka Mi\u0161kec &#8211; Andrej \u0160emrov (National museum of Slovenia), <i>New votive finds of coins in the area of northwestern Slovenia<span class=\"Apple-converted-space\">\u00a0<\/span><\/i><\/p>\n<p>14.55 Helle W. Horsn\u00e6s (The National Museum of Denmark), <i>Aurei from the Boscoreale Hoard<span class=\"Apple-converted-space\">\u00a0<\/span><\/i><\/p>\n<p>15.20 Kris Lockyear <i>et al. <\/i>(University College, London), <i>The Lohe Hoard revisited<span class=\"Apple-converted-space\">\u00a0<\/span><\/i><\/p>\n<p>15.45 Martin Allen (Fitzwilliam Museum, University of Cambridge), EMC<i> and early medieval coin finds at Rendlesham, Suffolk<span class=\"Apple-converted-space\">\u00a0<\/span><\/i><\/p>\n<p><b>16.10 Coffee break (Aula Cannizzaro)<\/b><\/p>\n<p>16.30 Daniele Castrizio (Universit\u00e0 di Messina) &#8211; Rosa Ponterio &#8211; Vincenzo Renda (CNR-IPCF, Messina) <i>et al.<\/i>, <i>Laser micro- profilometry and 3D modelling applied on two ancient coins<span class=\"Apple-converted-space\">\u00a0<\/span><\/i><\/p>\n<p>16.55 Emanuela Spagnoli (Universit\u00e0 di Napoli &#8220;Federico II&#8221;), <i>Archivi condivisi e \u201cmemorie dinamiche\u201d. Riflessioni su una esperienza in corso<span class=\"Apple-converted-space\">\u00a0<\/span><\/i><\/p>\n<p>17.20 Antonio Celesti &#8211; Maria Caltabiano &#8211; Mariangela Puglisi (Universit\u00e0 di Messina), <i>Towards a federated cloud-based coin archive able to drive big data analytics and visualization in numismatics: the <\/i>DIANA<i> approach<span class=\"Apple-converted-space\">\u00a0<\/span><\/i><\/p>\n<p>17.45 Maria Caltabiano &#8211; Grazia Salamone (Universit\u00e0 di Messina) &#8211; Benedetto Carroccio (Universit\u00e0 della Calabria), <i>The standardisation of the iconographic description: the codification of the scenes<span class=\"Apple-converted-space\">\u00a0<\/span><\/i><\/p>\n<p><span style=\"color: #000080\"><b>Saturday, May 4th: Rettorato<\/b>,<b> <\/b>piazza Pugliatti 1, <b>Accademia Peloritana dei Pericolanti<\/b><\/span><\/p>\n<p><b>9.00 Welcome and Introduction<\/b><\/p>\n<p><b>Maria Caltabiano<\/b>, Vice-President of the International Numismatic Council<\/p>\n<p>9.15 Ethan Gruber (American Numismatic Society), <i>Eight Years of <\/i>Nomisma.org<i>: Past, Present, and Future<\/i><\/p>\n<p>9.40 Fr\u00e9d\u00e9rique Duyrat &#8211; Manuel Gozalbes (Museu de Prehistoria, Val\u00e8ncia) &#8211; Andrew Meadows (University of Oxford, New College) &#8211; Julien Olivier (Biblioth\u00e8que nationale de France) <i>et al.<\/i>, <i>The <\/i>ARCH<i> project<span class=\"Apple-converted-space\">\u00a0<\/span><\/i><\/p>\n<p>10.05 Manuel Gozalbes &#8211; Juan Francisco Onielfa Veneros &#8211; Alejandro Pe\u00f1a (Museu de Prehistoria, Val\u00e8ncia) &#8211; Pere Pau Ripoll\u00e9s (Universitat de Val\u00e8ncia), <i>The creation of a hybrid, hierarchical and friendly system to represent legends in <\/i>monedaiberica.org<span class=\"Apple-converted-space\">\u00a0<\/span><\/p>\n<p>10.30 Vincent Drost (Biblioth\u00e8que nationale de France), \u201cTrouvailles mon\u00e9taires\u201d <i>digital program: an update<\/i><\/p>\n<p>10.55 Karsten Tolle (Goethe University, Frankfurt) &#8211; Ulrike Peter (Berlin-Brandenburgische Akademie der Wissenschaften), Corpus Nummorum<i> \u2013 Coins and types and improvements of data quality<\/i><\/p>\n<p>11.20 Timo Kissinger, <i>Digitization of text-based coin find data<\/i><\/p>\n<p><b>11.45 Brunch (Aula Cannizzaro)<\/b><\/p>\n<p>12.45 Mario Schlapke (Th\u00fcringisches Landesamt f\u00fcr Denkmalpflege und Arch\u00e4ologie), <i>Steps to the new <\/i>KENOM<i>: Normdata mapping with cocoda, and a new presentation of coin finds from Thuringia<\/i><\/p>\n<p>13.10 Karsten Dahmen (M\u00fcnzkabinett, Staatliche Museen zu Berlin), IKMK <i>norm data<\/i><\/p>\n<p><b>13.35 <\/b><strong><i>Coins in context. <\/i><\/strong><b>Round table and final discussion.<\/b><\/p>\n<p><b>14.45 <\/b><b>Closing<span class=\"Apple-converted-space\">\u00a0<\/span><\/b><\/p>\n<p><b> <\/b><b>Andrew Meadows, Mariangela Puglisi, David Wigg-Wolf<\/b>,<b> <\/b><i>Steering Committee<\/i><\/p>\n<p><b>16.30 Guided tour of the MArRC, Museo Archeologico di Reggio Calabria, by Daniele Castrizio\u00a0<\/b>(on reservation)<\/p>\n<p>&nbsp;<\/p>\n<p><strong>NB<\/strong><\/p>\n<p>The <strong>\u00a0papers<\/strong>\u00a0will be of 20 minutes each, plus 5 minutes discussion, on <strong>topics related to general studies on coin finds and digital numismatics<\/strong>, with a particular emphasis on: coin finds from Italy (especially Sicily); the results of digital projects, including coin finds, GIS applications, statistical studies, databases and online applications, etc.; and digital infrastructure (<a href=\"https:\/\/portale2.unime.it\/ecfn2019\/wp-content\/uploads\/sites\/50\/2019\/01\/CFP-8th-Joint-Meeting-of-ECFN-and-Nomisma-2019-ENG.pdf\">Call for Papers<\/a>).<\/p>\n<p>The meeting will close with <strong>a discussion on a standard spreadsheet of data on coins from excavations<\/strong>, and a <strong>Round Table<\/strong>, to give the opportunity to the participants to discuss progress in the field of Digital Numismatics and start new collaborations and joint projects.<\/p>\n<p>In addition, <strong>posters on new or ongoing projects<\/strong>\u00a0are presented.<\/p>\n<p>Claudia Devoto (Universit\u00e0 di Messina)<i> <\/i>&#8211;\u00a0Chiara Antonelli (Universit\u00e0 di Roma, La Sapienza),\u00a0<i>Database e monete in contesto: due casi studio da Pompei<\/i><\/p>\n<p>Anna Sapienza (Universit\u00e0 di Messina), <i>The analysis of the <\/i>triskeles<i> through the Digital Iconographic Atlas of Numismatics in Antiquity (DIANA)<\/i><\/p>\n<p>Marleen Termeer\u00a0&#8211;\u00a0Ivan Kisjes (University of Amsterdam), <i>The first coinage in the Roman world online\u00a0<\/i><\/p>\n<p><span style=\"font-size: 14pt\"><strong>Additional info<\/strong><\/span><\/p>\n<p><span style=\"color: #3366ff\"><span style=\"font-size: 12pt\"><strong>Thursday, May 2nd<\/strong>\u00a0<\/span><a style=\"color: #3366ff\" href=\"https:\/\/drive.google.com\/open?id=1FzwpFFj1OUjDrj-IsIhpUhefwQm_DF2W&amp;usp=sharing\"><span style=\"font-size: 12pt\">(<b>Villa Pace<\/b>, via Consolare\u00a0Pompea, 91)<\/span> <\/a><\/span>will be reserved for <strong>meetings of the Nomisma.org groups<\/strong> and the <strong>DARIAH-EU Digital Numismatics WG<\/strong>.<\/p>\n<p>Please note: Those who are not members of the Nomisma.org working groups need only arrive on the afternoon\/evening of Thursday 2 May.<\/p>\n<p><b>18.15 <\/b>Bus transfer to the MuMe (only for speakers and registered members)<\/p>\n<p><b>18.30 Guided tour of the MuMe, Museo Regionale Interdisciplinare di Messina<\/b>,\u00a0by the <strong>Director, Caterina Di Giacomo<\/strong>\u00a0(speakers and registered members)<\/p>\n<p>Full price ticket is 8,00 \u20ac, reduced 4,00 \u20ac.<\/p>\n<p>Teachers and staff of European Museum, members of ICOM (International Council of Museums) have free admission, if they can certify their role. Please do not forget to bring anything which can certify you are a member or a teacher.<\/p>\n<p>&nbsp;<\/p>\n<p><span style=\"color: #3366ff;font-size: 12pt\"><b>Friday, May 3rd<\/b><\/span><\/p>\n<p><span style=\"color: #3366ff\"><span style=\"color: #000000\">The Meeting will take place at the<\/span> <strong>Rettorato,\u00a0<\/strong>piazza Pugliatti 1.\u00a0<\/span><\/p>\n<p><span style=\"color: #3366ff\"><b> Morning: <\/b><b>Aula Magna<\/b>, <span style=\"color: #000000\">1st floor, stairs to the left of the main entrance\u00a0<\/span><\/span><\/p>\n<p><strong>Morning Coffee Break and Lunch<\/strong>: same floor.<\/p>\n<p><b style=\"color: #3366ff\">Afternoon: <\/b><b style=\"color: #3366ff\">Accademia Peloritana dei Pericolanti<\/b><span style=\"color: #000000\">, to the left of the main entrance.<\/span><\/p>\n<p><strong>Afternoon Coffee Break: Aula Cannizzaro<\/strong>, to the right of the main entrance.<\/p>\n<p>&nbsp;<\/p>\n<p><span style=\"color: #3366ff\"><b><span style=\"font-size: 12pt\">Saturday, May 4th:<\/span> Rettorato<\/b>,<b> <\/b>piazza Pugliatti 1,\u00a0<\/span><span style=\"color: #3366ff\"><b>Accademia Peloritana dei Pericolanti<\/b><span style=\"color: #000000\">, to the left of the main entrance.<\/span><\/span><\/p>\n<p><strong>Brunch: Aula Cannizzaro<\/strong>, to the right of the main entrance<\/p>\n<p><strong>15.00<\/strong> Walk to the Stazione Marittima (15-20 minutes) or car\/van transfer (on reservation*)<\/p>\n<p><strong>15.30<\/strong> Hydrofoil to Reggio Calabria: ticket 3,50 <span style=\"color: #000000;font-family: Helvetica Neue;font-size: medium\">\u20ac<\/span><\/p>\n<p><strong>16.00<\/strong> Walk to the MArRC (10-15 minutes) or car\/van transfer (on reservation*)<\/p>\n<p><b>16.30 Guided tour of the MArRC<\/b> (Museo Archeologico di Reggio Calabria)\u00a0(on reservation), by<strong> Professor Daniele Castrizio<\/strong><\/p>\n<p>Full price ticket is 8,00 \u20ac, reduced 4,00 \u20ac.<\/p>\n<p>Teachers and staff of European Museum, members of ICOM (International Council of Museums) have free admission, if they can certify their role. Please do not forget to bring anything which can certify you are a member or a teacher.<\/p>\n<p><span style=\"color: #000000;font-family: Helvetica Neue;font-size: medium\"><strong>18.40<\/strong> Bus transfer to Villa San Giovanni. The cost will be communicated on site, depending on the number of participants.<\/span><\/p>\n<p><strong>19.20<\/strong>\u00a0<span style=\"color: #000000;font-family: Helvetica Neue;font-size: medium\">Ferryboat to Messina (<a href=\"https:\/\/carontetourist.it\/it\/caronte\/orari-stretto-di-messina-passeggeri\"><u>Caronte-Tourist<\/u><\/a>): ticket 2,50 \u20ac<\/span><\/p>\n<p><span style=\"color: #000000;font-family: Helvetica Neue;font-size: medium\"><strong>19.40<\/strong> Arrival at Messina, rada San Francesco. <\/span><\/p>\n<p><span style=\"color: #000000;font-family: Helvetica Neue;font-size: medium\">Car\/Van\u00a0<\/span><span style=\"color: #000000;font-family: Helvetica Neue;font-size: medium\">transfer to city centre o to Villa Pace on reservation*.<\/span><\/p>\n<p><strong><a href=\"https:\/\/drive.google.com\/open?id=1FzwpFFj1OUjDrj-IsIhpUhefwQm_DF2W&amp;usp=sharing\">Places of interest<\/a>.<\/strong><\/p>\n","protected":false},"excerpt":{"rendered":"<p>Final Programme Thursday, May 2nd: Villa Pace, via Consolare Pompea, 91 9.00 Working Group Sessions (registered members)\u00a0 11.00 Coffee break (registered members)\u00a0 11.30 Working Group Sessions (registered members)\u00a0 13.00 Lunch (registered members and invited guests)\u00a0 14.45 Working Group Sessions (registered members)\u00a0 16.30 Plenary Session (registered members) (Main Hall):\u00a0 Nomisma.org and DARIAH-EU Working Group &#8211; Bibliography\/Zenon\u00a0&hellip; <a class=\"more-link\" href=\"https:\/\/portale2.unime.it\/ecfn2019\/programme-programma\/\">Continua a leggere <span class=\"screen-reader-text\">Programme<\/span><\/a><\/p>\n","protected":false},"author":1,"featured_media":0,"parent":0,"menu_order":0,"comment_status":"closed","ping_status":"closed","template":"","meta":{"footnotes":""},"class_list":["post-24","page","type-page","status-publish","hentry","entry"],"yoast_head":"<!-- This site is optimized with the Yoast SEO plugin v27.3 - https:\/\/yoast.com\/product\/yoast-seo-wordpress\/ -->\n<title>Programme - The 8th Joint Meeting of ECFN and nomisma.org 2019<\/title>\n<meta name=\"robots\" content=\"index, follow, max-snippet:-1, max-image-preview:large, max-video-preview:-1\" \/>\n<link rel=\"canonical\" href=\"https:\/\/nomisma.org-ecfn2019.unime.it\/programme-programma\/\" \/>\n<meta property=\"og:locale\" content=\"it_IT\" \/>\n<meta property=\"og:type\" content=\"article\" \/>\n<meta property=\"og:title\" content=\"Programme - The 8th Joint Meeting of ECFN and nomisma.org 2019\" \/>\n<meta property=\"og:description\" content=\"Final Programme Thursday, May 2nd: Villa Pace, via Consolare Pompea, 91 9.00 Working Group Sessions (registered members)\u00a0 11.00 Coffee break (registered members)\u00a0 11.30 Working Group Sessions (registered members)\u00a0 13.00 Lunch (registered members and invited guests)\u00a0 14.45 Working Group Sessions (registered members)\u00a0 16.30 Plenary Session (registered members) (Main Hall):\u00a0 Nomisma.org and DARIAH-EU Working Group &#8211; Bibliography\/Zenon\u00a0&hellip; Continua a leggere Programme\" \/>\n<meta property=\"og:url\" content=\"https:\/\/nomisma.org-ecfn2019.unime.it\/programme-programma\/\" \/>\n<meta property=\"og:site_name\" content=\"The 8th Joint Meeting of ECFN and nomisma.org 2019\" \/>\n<meta property=\"og:image\" content=\"https:\/\/portale2.unime.it\/ecfn2019\/wp-content\/uploads\/sites\/50\/2019\/04\/PUGLISI-8-jm-unime-locandina-poster.001.jpeg\" \/>\n<meta name=\"twitter:card\" content=\"summary_large_image\" \/>\n<meta name=\"twitter:label1\" content=\"Tempo di lettura stimato\" \/>\n\t<meta name=\"twitter:data1\" content=\"6 minuti\" \/>\n<script type=\"application\/ld+json\" class=\"yoast-schema-graph\">{\"@context\":\"https:\\\/\\\/schema.org\",\"@graph\":[{\"@type\":\"WebPage\",\"@id\":\"https:\\\/\\\/nomisma.org-ecfn2019.unime.it\\\/programme-programma\\\/\",\"url\":\"https:\\\/\\\/nomisma.org-ecfn2019.unime.it\\\/programme-programma\\\/\",\"name\":\"Programme - The 8th Joint Meeting of ECFN and nomisma.org 2019\",\"isPartOf\":{\"@id\":\"https:\\\/\\\/nomisma.org-ecfn2019.unime.it\\\/#website\"},\"primaryImageOfPage\":{\"@id\":\"https:\\\/\\\/nomisma.org-ecfn2019.unime.it\\\/programme-programma\\\/#primaryimage\"},\"image\":{\"@id\":\"https:\\\/\\\/nomisma.org-ecfn2019.unime.it\\\/programme-programma\\\/#primaryimage\"},\"thumbnailUrl\":\"https:\\\/\\\/portale2.unime.it\\\/ecfn2019\\\/wp-content\\\/uploads\\\/sites\\\/50\\\/2019\\\/04\\\/PUGLISI-8-jm-unime-locandina-poster.001.jpeg\",\"datePublished\":\"2018-12-12T14:48:00+00:00\",\"breadcrumb\":{\"@id\":\"https:\\\/\\\/nomisma.org-ecfn2019.unime.it\\\/programme-programma\\\/#breadcrumb\"},\"inLanguage\":\"it-IT\",\"potentialAction\":[{\"@type\":\"ReadAction\",\"target\":[\"https:\\\/\\\/nomisma.org-ecfn2019.unime.it\\\/programme-programma\\\/\"]}]},{\"@type\":\"ImageObject\",\"inLanguage\":\"it-IT\",\"@id\":\"https:\\\/\\\/nomisma.org-ecfn2019.unime.it\\\/programme-programma\\\/#primaryimage\",\"url\":\"https:\\\/\\\/portale2.unime.it\\\/ecfn2019\\\/wp-content\\\/uploads\\\/sites\\\/50\\\/2019\\\/04\\\/PUGLISI-8-jm-unime-locandina-poster.001.jpeg\",\"contentUrl\":\"https:\\\/\\\/portale2.unime.it\\\/ecfn2019\\\/wp-content\\\/uploads\\\/sites\\\/50\\\/2019\\\/04\\\/PUGLISI-8-jm-unime-locandina-poster.001.jpeg\",\"width\":768,\"height\":1024},{\"@type\":\"BreadcrumbList\",\"@id\":\"https:\\\/\\\/nomisma.org-ecfn2019.unime.it\\\/programme-programma\\\/#breadcrumb\",\"itemListElement\":[{\"@type\":\"ListItem\",\"position\":1,\"name\":\"Home\",\"item\":\"https:\\\/\\\/nomisma.org-ecfn2019.unime.it\\\/\"},{\"@type\":\"ListItem\",\"position\":2,\"name\":\"Programme\"}]},{\"@type\":\"WebSite\",\"@id\":\"https:\\\/\\\/nomisma.org-ecfn2019.unime.it\\\/#website\",\"url\":\"https:\\\/\\\/nomisma.org-ecfn2019.unime.it\\\/\",\"name\":\"The 8th Joint Meeting of ECFN and nomisma.org 2019\",\"description\":\"\",\"publisher\":{\"@id\":\"https:\\\/\\\/nomisma.org-ecfn2019.unime.it\\\/#organization\"},\"potentialAction\":[{\"@type\":\"SearchAction\",\"target\":{\"@type\":\"EntryPoint\",\"urlTemplate\":\"https:\\\/\\\/nomisma.org-ecfn2019.unime.it\\\/?s={search_term_string}\"},\"query-input\":{\"@type\":\"PropertyValueSpecification\",\"valueRequired\":true,\"valueName\":\"search_term_string\"}}],\"inLanguage\":\"it-IT\"},{\"@type\":\"Organization\",\"@id\":\"https:\\\/\\\/nomisma.org-ecfn2019.unime.it\\\/#organization\",\"name\":\"The 8th Joint Meeting of ECFN and nomisma.org 2019\",\"url\":\"https:\\\/\\\/nomisma.org-ecfn2019.unime.it\\\/\",\"logo\":{\"@type\":\"ImageObject\",\"inLanguage\":\"it-IT\",\"@id\":\"https:\\\/\\\/nomisma.org-ecfn2019.unime.it\\\/#\\\/schema\\\/logo\\\/image\\\/\",\"url\":\"\",\"contentUrl\":\"\",\"caption\":\"The 8th Joint Meeting of ECFN and nomisma.org 2019\"},\"image\":{\"@id\":\"https:\\\/\\\/nomisma.org-ecfn2019.unime.it\\\/#\\\/schema\\\/logo\\\/image\\\/\"}}]}<\/script>\n<!-- \/ Yoast SEO plugin. -->","yoast_head_json":{"title":"Programme - The 8th Joint Meeting of ECFN and nomisma.org 2019","robots":{"index":"index","follow":"follow","max-snippet":"max-snippet:-1","max-image-preview":"max-image-preview:large","max-video-preview":"max-video-preview:-1"},"canonical":"https:\/\/nomisma.org-ecfn2019.unime.it\/programme-programma\/","og_locale":"it_IT","og_type":"article","og_title":"Programme - The 8th Joint Meeting of ECFN and nomisma.org 2019","og_description":"Final Programme Thursday, May 2nd: Villa Pace, via Consolare Pompea, 91 9.00 Working Group Sessions (registered members)\u00a0 11.00 Coffee break (registered members)\u00a0 11.30 Working Group Sessions (registered members)\u00a0 13.00 Lunch (registered members and invited guests)\u00a0 14.45 Working Group Sessions (registered members)\u00a0 16.30 Plenary Session (registered members) (Main Hall):\u00a0 Nomisma.org and DARIAH-EU Working Group &#8211; Bibliography\/Zenon\u00a0&hellip; Continua a leggere Programme","og_url":"https:\/\/nomisma.org-ecfn2019.unime.it\/programme-programma\/","og_site_name":"The 8th Joint Meeting of ECFN and nomisma.org 2019","og_image":[{"url":"https:\/\/portale2.unime.it\/ecfn2019\/wp-content\/uploads\/sites\/50\/2019\/04\/PUGLISI-8-jm-unime-locandina-poster.001.jpeg","type":"","width":"","height":""}],"twitter_card":"summary_large_image","twitter_misc":{"Tempo di lettura stimato":"6 minuti"},"schema":{"@context":"https:\/\/schema.org","@graph":[{"@type":"WebPage","@id":"https:\/\/nomisma.org-ecfn2019.unime.it\/programme-programma\/","url":"https:\/\/nomisma.org-ecfn2019.unime.it\/programme-programma\/","name":"Programme - The 8th Joint Meeting of ECFN and nomisma.org 2019","isPartOf":{"@id":"https:\/\/nomisma.org-ecfn2019.unime.it\/#website"},"primaryImageOfPage":{"@id":"https:\/\/nomisma.org-ecfn2019.unime.it\/programme-programma\/#primaryimage"},"image":{"@id":"https:\/\/nomisma.org-ecfn2019.unime.it\/programme-programma\/#primaryimage"},"thumbnailUrl":"https:\/\/portale2.unime.it\/ecfn2019\/wp-content\/uploads\/sites\/50\/2019\/04\/PUGLISI-8-jm-unime-locandina-poster.001.jpeg","datePublished":"2018-12-12T14:48:00+00:00","breadcrumb":{"@id":"https:\/\/nomisma.org-ecfn2019.unime.it\/programme-programma\/#breadcrumb"},"inLanguage":"it-IT","potentialAction":[{"@type":"ReadAction","target":["https:\/\/nomisma.org-ecfn2019.unime.it\/programme-programma\/"]}]},{"@type":"ImageObject","inLanguage":"it-IT","@id":"https:\/\/nomisma.org-ecfn2019.unime.it\/programme-programma\/#primaryimage","url":"https:\/\/portale2.unime.it\/ecfn2019\/wp-content\/uploads\/sites\/50\/2019\/04\/PUGLISI-8-jm-unime-locandina-poster.001.jpeg","contentUrl":"https:\/\/portale2.unime.it\/ecfn2019\/wp-content\/uploads\/sites\/50\/2019\/04\/PUGLISI-8-jm-unime-locandina-poster.001.jpeg","width":768,"height":1024},{"@type":"BreadcrumbList","@id":"https:\/\/nomisma.org-ecfn2019.unime.it\/programme-programma\/#breadcrumb","itemListElement":[{"@type":"ListItem","position":1,"name":"Home","item":"https:\/\/nomisma.org-ecfn2019.unime.it\/"},{"@type":"ListItem","position":2,"name":"Programme"}]},{"@type":"WebSite","@id":"https:\/\/nomisma.org-ecfn2019.unime.it\/#website","url":"https:\/\/nomisma.org-ecfn2019.unime.it\/","name":"The 8th Joint Meeting of ECFN and nomisma.org 2019","description":"","publisher":{"@id":"https:\/\/nomisma.org-ecfn2019.unime.it\/#organization"},"potentialAction":[{"@type":"SearchAction","target":{"@type":"EntryPoint","urlTemplate":"https:\/\/nomisma.org-ecfn2019.unime.it\/?s={search_term_string}"},"query-input":{"@type":"PropertyValueSpecification","valueRequired":true,"valueName":"search_term_string"}}],"inLanguage":"it-IT"},{"@type":"Organization","@id":"https:\/\/nomisma.org-ecfn2019.unime.it\/#organization","name":"The 8th Joint Meeting of ECFN and nomisma.org 2019","url":"https:\/\/nomisma.org-ecfn2019.unime.it\/","logo":{"@type":"ImageObject","inLanguage":"it-IT","@id":"https:\/\/nomisma.org-ecfn2019.unime.it\/#\/schema\/logo\/image\/","url":"","contentUrl":"","caption":"The 8th Joint Meeting of ECFN and nomisma.org 2019"},"image":{"@id":"https:\/\/nomisma.org-ecfn2019.unime.it\/#\/schema\/logo\/image\/"}}]}},"_links":{"self":[{"href":"https:\/\/portale2.unime.it\/ecfn2019\/wp-json\/wp\/v2\/pages\/24","targetHints":{"allow":["GET"]}}],"collection":[{"href":"https:\/\/portale2.unime.it\/ecfn2019\/wp-json\/wp\/v2\/pages"}],"about":[{"href":"https:\/\/portale2.unime.it\/ecfn2019\/wp-json\/wp\/v2\/types\/page"}],"author":[{"embeddable":true,"href":"https:\/\/portale2.unime.it\/ecfn2019\/wp-json\/wp\/v2\/users\/1"}],"replies":[{"embeddable":true,"href":"https:\/\/portale2.unime.it\/ecfn2019\/wp-json\/wp\/v2\/comments?post=24"}],"version-history":[{"count":0,"href":"https:\/\/portale2.unime.it\/ecfn2019\/wp-json\/wp\/v2\/pages\/24\/revisions"}],"wp:attachment":[{"href":"https:\/\/portale2.unime.it\/ecfn2019\/wp-json\/wp\/v2\/media?parent=24"}],"curies":[{"name":"wp","href":"https:\/\/api.w.org\/{rel}","templated":true}]}}