{"id":1714,"date":"2021-04-16T16:05:34","date_gmt":"2021-04-16T14:05:34","guid":{"rendered":"https:\/\/portale.unime.it\/hedu\/?page_id=1714"},"modified":"2024-03-08T12:13:22","modified_gmt":"2024-03-08T11:13:22","slug":"relatori-2020","status":"publish","type":"page","link":"https:\/\/portale2.unime.it\/hedu\/relatori-2020\/","title":{"rendered":"RELATORI 2020"},"content":{"rendered":"\t\t<div data-elementor-type=\"wp-page\" data-elementor-id=\"1714\" class=\"elementor elementor-1714\">\n\t\t\t\t\t\t<section class=\"elementor-section elementor-top-section elementor-element elementor-element-3015dd8 elementor-section-boxed elementor-section-height-default elementor-section-height-default\" data-id=\"3015dd8\" data-element_type=\"section\" data-e-type=\"section\">\n\t\t\t\t\t\t<div class=\"elementor-container elementor-column-gap-default\">\n\t\t\t\t\t<div class=\"elementor-column elementor-col-100 elementor-top-column elementor-element elementor-element-635788a\" data-id=\"635788a\" data-element_type=\"column\" data-e-type=\"column\">\n\t\t\t<div class=\"elementor-widget-wrap elementor-element-populated\">\n\t\t\t\t\t\t<div class=\"elementor-element elementor-element-dcf2ff1 elementor-widget elementor-widget-heading\" data-id=\"dcf2ff1\" data-element_type=\"widget\" data-e-type=\"widget\" data-widget_type=\"heading.default\">\n\t\t\t\t<div class=\"elementor-widget-container\">\n\t\t\t\t\t<h4 class=\"elementor-heading-title elementor-size-default\">PEDAGOGIE DELL'ESSENZIALE - I Edizione 2020<\/h4>\t\t\t\t<\/div>\n\t\t\t\t<\/div>\n\t\t\t\t\t<\/div>\n\t\t<\/div>\n\t\t\t\t\t<\/div>\n\t\t<\/section>\n\t\t<div class=\"elementor-element elementor-element-3e1ee0c e-flex e-con-boxed e-con e-parent\" data-id=\"3e1ee0c\" data-element_type=\"container\" data-e-type=\"container\">\n\t\t\t\t\t<div class=\"e-con-inner\">\n\t\t<div class=\"elementor-element elementor-element-1547df8 e-flex e-con-boxed e-con e-child\" data-id=\"1547df8\" data-element_type=\"container\" data-e-type=\"container\">\n\t\t\t\t\t<div class=\"e-con-inner\">\n\t\t\t\t<div class=\"elementor-element elementor-element-2b2629a elementor-widget elementor-widget-ucaddon_post_blocks\" data-id=\"2b2629a\" data-element_type=\"widget\" data-e-type=\"widget\" data-widget_type=\"ucaddon_post_blocks.default\">\n\t\t\t\t<div class=\"elementor-widget-container\">\n\t\t\t\t\t<!-- start Post Blocks -->\n\t\t<link id='font-awesome-css' href='https:\/\/portale2.unime.it\/hedu\/wp-content\/plugins\/unlimited-elements-for-elementor-premium\/assets_libraries\/font-awesome5\/css\/fontawesome-all.min.css' type='text\/css' rel='stylesheet' >\n\t\t<link id='font-awesome-4-shim-css' href='https:\/\/portale2.unime.it\/hedu\/wp-content\/plugins\/unlimited-elements-for-elementor-premium\/assets_libraries\/font-awesome5\/css\/fontawesome-v4-shims.css' type='text\/css' rel='stylesheet' >\n\n\t\t\t<style type=\"text\/css\">\/* widget: Post Blocks *\/\n\n\n\n#uc_post_blocks_elementor_2b2629a {\n    display:grid;\n}\n#uc_post_blocks_elementor_2b2629a .ue_post_blocks_box\n{\n  overflow:hidden;\n}\n\n#uc_post_blocks_elementor_2b2629a .ue_post_blocks_image\n{\n  overflow:hidden;\n}\n#uc_post_blocks_elementor_2b2629a .ue_post_blocks_image img\n{\n  width:100%;\n  display:block;\n}\n#uc_post_blocks_elementor_2b2629a .ue_post_blocks_link a\n{\n  display:inline-block;\n  text-decoration:none;\n  text-align:center;\n}\n\n\n#uc_post_blocks_elementor_2b2629a .ue-grid-item-meta-data\n{\n  display:inlin-flex;\n  flex-wrap: wrap;\n}\n\n.ue-grid-item-meta-data\n{\n  font-size:12px;\n}\n\n#uc_post_blocks_elementor_2b2629a .ue-grid-item-meta-data-icon\n{\n  line-height:1em;\n}\n\n#uc_post_blocks_elementor_2b2629a .ue-grid-item-meta-data-icon svg\n{\n  width:1em;\n  height:1em;\n}\n\n#uc_post_blocks_elementor_2b2629a .ue_post_blocks_box{\n  display: flex;\n  flex-direction: column;\n}\n#uc_post_blocks_elementor_2b2629a .ue_post_blocks_content{\n display: flex; flex-grow: 1;\n flex-direction: column;\n}\n#uc_post_blocks_elementor_2b2629a .ue_post_blocks_link{ margin-top: auto;\n}\n\n.ue-grid-item-category a\n{\n  display:inline-block;\n  font-size:10px;\n  text-transform:uppercase;\n}\n\n\n\n\n<\/style>\n\n\t\t\t<div id=\"uc_post_blocks_elementor_2b2629a\" class=\"ue_post_blocks uc-items-wrapper \" >\n    <div class=\"ue_post_blocks_box\">\n    <div class=\"ue_post_blocks_image\">\n    <a href=\"https:\/\/portale2.unime.it\/hedu\/2021\/04\/17\/alessandro-versace\/\" style=\"display:block;\"><img fetchpriority=\"high\" decoding=\"async\" src=\"https:\/\/portale2.unime.it\/hedu\/wp-content\/uploads\/sites\/34\/2021\/04\/versace.jpg\"  src=\"https:\/\/portale2.unime.it\/hedu\/wp-content\/uploads\/sites\/34\/2021\/04\/versace.jpg\" alt=\"versace\" width=\"278\" height=\"212\"><\/a>\n  <\/div>\n    <div class=\"ue_post_blocks_content\">\n      \n     \n         \n    <div class=\"ue_post_blocks_title\"><a href=\"https:\/\/portale2.unime.it\/hedu\/2021\/04\/17\/alessandro-versace\/\">Versace, Alessandro<\/a><\/div>    \n        \n    \n    <div class=\"ue_post_blocks_text\">\u00c8 Professore Associato di Pedagogia generale e sociale presso l&#8217;Universit\u00e0 di Messina, ha gli insegnamenti di Pedagogia generale e dell\u2019infanzia...<\/div>      <\/div>\n<\/div>\n<div class=\"ue_post_blocks_box\">\n    <div class=\"ue_post_blocks_image\">\n    <a href=\"https:\/\/portale2.unime.it\/hedu\/2021\/04\/17\/ida-triglia\/\" style=\"display:block;\"><img decoding=\"async\" src=\"https:\/\/portale2.unime.it\/hedu\/wp-content\/uploads\/sites\/34\/2021\/04\/triglia.jpg\"  src=\"https:\/\/portale2.unime.it\/hedu\/wp-content\/uploads\/sites\/34\/2021\/04\/triglia.jpg\" alt=\"triglia\" width=\"278\" height=\"212\"><\/a>\n  <\/div>\n    <div class=\"ue_post_blocks_content\">\n      \n     \n         \n    <div class=\"ue_post_blocks_title\"><a href=\"https:\/\/portale2.unime.it\/hedu\/2021\/04\/17\/ida-triglia\/\">Triglia, Ida<\/a><\/div>    \n        \n    \n    <div class=\"ue_post_blocks_text\">Archivista, bibliotecaria e docente di scuola secondaria \u00e8 specializzata presso la Scuola Vaticana di Archivistica, Paleografia e Diplomatica della Citt\u00e0...<\/div>      <\/div>\n<\/div>\n<div class=\"ue_post_blocks_box\">\n    <div class=\"ue_post_blocks_image\">\n    <a href=\"https:\/\/portale2.unime.it\/hedu\/2021\/04\/17\/giuseppe-trebisacce\/\" style=\"display:block;\"><img decoding=\"async\" src=\"https:\/\/portale2.unime.it\/hedu\/wp-content\/uploads\/sites\/34\/2021\/04\/trebisacce-1.jpg\"  src=\"https:\/\/portale2.unime.it\/hedu\/wp-content\/uploads\/sites\/34\/2021\/04\/trebisacce-1.jpg\" alt=\"trebisacce\" width=\"278\" height=\"212\"><\/a>\n  <\/div>\n    <div class=\"ue_post_blocks_content\">\n      \n     \n         \n    <div class=\"ue_post_blocks_title\"><a href=\"https:\/\/portale2.unime.it\/hedu\/2021\/04\/17\/giuseppe-trebisacce\/\">Trebisacce, Giuseppe<\/a><\/div>    \n        \n    \n    <div class=\"ue_post_blocks_text\">Gi\u00e0 Professore ordinario per il S.S.D. M -PED\/02 &#8211; Storia della Pedagogia presso l&#8217;Universit\u00e0 della Calabria.<\/div>      <\/div>\n<\/div>\n<div class=\"ue_post_blocks_box\">\n    <div class=\"ue_post_blocks_image\">\n    <a href=\"https:\/\/portale2.unime.it\/hedu\/2021\/04\/17\/lorenzo-terzi\/\" style=\"display:block;\"><img loading=\"lazy\" decoding=\"async\" src=\"https:\/\/portale2.unime.it\/hedu\/wp-content\/uploads\/sites\/34\/2021\/04\/terzi-1.jpg\"  src=\"https:\/\/portale2.unime.it\/hedu\/wp-content\/uploads\/sites\/34\/2021\/04\/terzi-1.jpg\" alt=\"terzi\" width=\"427\" height=\"326\"><\/a>\n  <\/div>\n    <div class=\"ue_post_blocks_content\">\n      \n     \n         \n    <div class=\"ue_post_blocks_title\"><a href=\"https:\/\/portale2.unime.it\/hedu\/2021\/04\/17\/lorenzo-terzi\/\">Terzi, Lorenzo<\/a><\/div>    \n        \n    \n    <div class=\"ue_post_blocks_text\">\u00c8 funzionario archivista presso l\u2019Archivio di Stato di Napoli dal 2018. Laureato in Lettere moderne nel 1999, ha conseguito nello stesso anno il diploma...<\/div>      <\/div>\n<\/div>\n<div class=\"ue_post_blocks_box\">\n    <div class=\"ue_post_blocks_image\">\n    <a href=\"https:\/\/portale2.unime.it\/hedu\/2021\/04\/17\/fabio-stizzo\/\" style=\"display:block;\"><img loading=\"lazy\" decoding=\"async\" src=\"https:\/\/portale2.unime.it\/hedu\/wp-content\/uploads\/sites\/34\/2021\/04\/stizzo.jpg\"  src=\"https:\/\/portale2.unime.it\/hedu\/wp-content\/uploads\/sites\/34\/2021\/04\/stizzo.jpg\" alt=\"stizzo\" width=\"427\" height=\"326\"><\/a>\n  <\/div>\n    <div class=\"ue_post_blocks_content\">\n      \n     \n         \n    <div class=\"ue_post_blocks_title\"><a href=\"https:\/\/portale2.unime.it\/hedu\/2021\/04\/17\/fabio-stizzo\/\">Stizzo, Fabio<\/a><\/div>    \n        \n    \n    <div class=\"ue_post_blocks_text\">\u00c8 attualmente titolare di assegno di ricerca all \u2019interno del PRIN \u201cIstruzione e sviluppo nel Sud Italia dall \u2019Unit\u00e0 all \u2019et\u00e0 giolittiana (1861 -1914)...<\/div>      <\/div>\n<\/div>\n<div class=\"ue_post_blocks_box\">\n    <div class=\"ue_post_blocks_image\">\n    <a href=\"https:\/\/portale2.unime.it\/hedu\/2021\/04\/17\/caterina-sindoni\/\" style=\"display:block;\"><img loading=\"lazy\" decoding=\"async\" src=\"https:\/\/portale2.unime.it\/hedu\/wp-content\/uploads\/sites\/34\/2021\/04\/sindoni.jpg\"  src=\"https:\/\/portale2.unime.it\/hedu\/wp-content\/uploads\/sites\/34\/2021\/04\/sindoni.jpg\" alt=\"sindoni\" width=\"427\" height=\"326\"><\/a>\n  <\/div>\n    <div class=\"ue_post_blocks_content\">\n      \n     \n         \n    <div class=\"ue_post_blocks_title\"><a href=\"https:\/\/portale2.unime.it\/hedu\/2021\/04\/17\/caterina-sindoni\/\">Sindoni, Caterina<\/a><\/div>    \n        \n    \n    <div class=\"ue_post_blocks_text\">Professore ordinario di Storia della Pedagogia presso l\u2019Universit\u00e0 degli Studi di Messina.<\/div>      <\/div>\n<\/div>\n\n<\/div>\n\t\t\t<!-- end Post Blocks -->\t\t\t\t<\/div>\n\t\t\t\t<\/div>\n\t\t\t\t\t<\/div>\n\t\t\t\t<\/div>\n\t\t\t\t\t<\/div>\n\t\t\t\t<\/div>\n\t\t\t\t<\/div>\n\t\t","protected":false},"excerpt":{"rendered":"<p>PEDAGOGIE DELL&#8217;ESSENZIALE &#8211; I Edizione 2020 Versace, Alessandro \u00c8 Professore Associato di Pedagogia generale e sociale presso l&#8217;Universit\u00e0 di Messina, ha gli insegnamenti di Pedagogia generale e dell\u2019infanzia&#8230; Triglia, Ida Archivista, bibliotecaria e docente di scuola secondaria \u00e8 specializzata presso la Scuola Vaticana di Archivistica, Paleografia e Diplomatica della Citt\u00e0&#8230; Trebisacce, Giuseppe Gi\u00e0 Professore ordinario&hellip; <a class=\"more-link\" href=\"https:\/\/portale2.unime.it\/hedu\/relatori-2020\/\">Continua a leggere <span class=\"screen-reader-text\">RELATORI 2020<\/span><\/a><\/p>\n","protected":false},"author":1,"featured_media":0,"parent":0,"menu_order":0,"comment_status":"closed","ping_status":"closed","template":"elementor_header_footer","meta":{"footnotes":""},"class_list":["post-1714","page","type-page","status-publish","hentry","entry"],"yoast_head":"<!-- This site is optimized with the Yoast SEO plugin v27.3 - https:\/\/yoast.com\/product\/yoast-seo-wordpress\/ -->\n<title>RELATORI 2020 - HEDU - History of Education<\/title>\n<meta name=\"robots\" content=\"index, follow, max-snippet:-1, max-image-preview:large, max-video-preview:-1\" \/>\n<link rel=\"canonical\" href=\"https:\/\/portale2.unime.it\/hedu\/relatori-2020\/\" \/>\n<meta property=\"og:locale\" content=\"it_IT\" \/>\n<meta property=\"og:type\" content=\"article\" \/>\n<meta property=\"og:title\" content=\"RELATORI 2020 - HEDU - History of Education\" \/>\n<meta property=\"og:description\" content=\"PEDAGOGIE DELL&#8217;ESSENZIALE &#8211; I Edizione 2020 Versace, Alessandro \u00c8 Professore Associato di Pedagogia generale e sociale presso l&#8217;Universit\u00e0 di Messina, ha gli insegnamenti di Pedagogia generale e dell\u2019infanzia&#8230; Triglia, Ida Archivista, bibliotecaria e docente di scuola secondaria \u00e8 specializzata presso la Scuola Vaticana di Archivistica, Paleografia e Diplomatica della Citt\u00e0&#8230; Trebisacce, Giuseppe Gi\u00e0 Professore ordinario&hellip; Continua a leggere RELATORI 2020\" \/>\n<meta property=\"og:url\" content=\"https:\/\/portale2.unime.it\/hedu\/relatori-2020\/\" \/>\n<meta property=\"og:site_name\" content=\"HEDU - History of Education\" \/>\n<meta property=\"article:modified_time\" content=\"2024-03-08T11:13:22+00:00\" \/>\n<meta property=\"og:image\" content=\"https:\/\/portale2.unime.it\/hedu\/wp-content\/uploads\/sites\/34\/2021\/04\/versace.jpg\" \/>\n<meta name=\"twitter:card\" content=\"summary_large_image\" \/>\n<meta name=\"twitter:label1\" content=\"Tempo di lettura stimato\" \/>\n\t<meta name=\"twitter:data1\" content=\"2 minuti\" \/>\n<script type=\"application\/ld+json\" class=\"yoast-schema-graph\">{\"@context\":\"https:\\\/\\\/schema.org\",\"@graph\":[{\"@type\":\"WebPage\",\"@id\":\"https:\\\/\\\/portale2.unime.it\\\/hedu\\\/relatori-2020\\\/\",\"url\":\"https:\\\/\\\/portale2.unime.it\\\/hedu\\\/relatori-2020\\\/\",\"name\":\"RELATORI 2020 - HEDU - History of Education\",\"isPartOf\":{\"@id\":\"https:\\\/\\\/portale2.unime.it\\\/hedu\\\/#website\"},\"primaryImageOfPage\":{\"@id\":\"https:\\\/\\\/portale2.unime.it\\\/hedu\\\/relatori-2020\\\/#primaryimage\"},\"image\":{\"@id\":\"https:\\\/\\\/portale2.unime.it\\\/hedu\\\/relatori-2020\\\/#primaryimage\"},\"thumbnailUrl\":\"https:\\\/\\\/portale2.unime.it\\\/hedu\\\/wp-content\\\/uploads\\\/sites\\\/34\\\/2021\\\/04\\\/versace.jpg\",\"datePublished\":\"2021-04-16T14:05:34+00:00\",\"dateModified\":\"2024-03-08T11:13:22+00:00\",\"breadcrumb\":{\"@id\":\"https:\\\/\\\/portale2.unime.it\\\/hedu\\\/relatori-2020\\\/#breadcrumb\"},\"inLanguage\":\"it-IT\",\"potentialAction\":[{\"@type\":\"ReadAction\",\"target\":[\"https:\\\/\\\/portale2.unime.it\\\/hedu\\\/relatori-2020\\\/\"]}]},{\"@type\":\"ImageObject\",\"inLanguage\":\"it-IT\",\"@id\":\"https:\\\/\\\/portale2.unime.it\\\/hedu\\\/relatori-2020\\\/#primaryimage\",\"url\":\"https:\\\/\\\/portale2.unime.it\\\/hedu\\\/wp-content\\\/uploads\\\/sites\\\/34\\\/2021\\\/04\\\/versace.jpg\",\"contentUrl\":\"https:\\\/\\\/portale2.unime.it\\\/hedu\\\/wp-content\\\/uploads\\\/sites\\\/34\\\/2021\\\/04\\\/versace.jpg\",\"width\":278,\"height\":212},{\"@type\":\"BreadcrumbList\",\"@id\":\"https:\\\/\\\/portale2.unime.it\\\/hedu\\\/relatori-2020\\\/#breadcrumb\",\"itemListElement\":[{\"@type\":\"ListItem\",\"position\":1,\"name\":\"Home\",\"item\":\"https:\\\/\\\/portale2.unime.it\\\/hedu\\\/\"},{\"@type\":\"ListItem\",\"position\":2,\"name\":\"RELATORI 2020\"}]},{\"@type\":\"WebSite\",\"@id\":\"https:\\\/\\\/portale2.unime.it\\\/hedu\\\/#website\",\"url\":\"https:\\\/\\\/portale2.unime.it\\\/hedu\\\/\",\"name\":\"HEDU - History of Education\",\"description\":\"Gli Eventi e le ricerche dell&#039;area storico educativa\",\"publisher\":{\"@id\":\"https:\\\/\\\/portale2.unime.it\\\/hedu\\\/#organization\"},\"potentialAction\":[{\"@type\":\"SearchAction\",\"target\":{\"@type\":\"EntryPoint\",\"urlTemplate\":\"https:\\\/\\\/portale2.unime.it\\\/hedu\\\/?s={search_term_string}\"},\"query-input\":{\"@type\":\"PropertyValueSpecification\",\"valueRequired\":true,\"valueName\":\"search_term_string\"}}],\"inLanguage\":\"it-IT\"},{\"@type\":\"Organization\",\"@id\":\"https:\\\/\\\/portale2.unime.it\\\/hedu\\\/#organization\",\"name\":\"HEDU - History of Education\",\"url\":\"https:\\\/\\\/portale2.unime.it\\\/hedu\\\/\",\"logo\":{\"@type\":\"ImageObject\",\"inLanguage\":\"it-IT\",\"@id\":\"https:\\\/\\\/portale2.unime.it\\\/hedu\\\/#\\\/schema\\\/logo\\\/image\\\/\",\"url\":\"https:\\\/\\\/portale2.unime.it\\\/hedu\\\/wp-content\\\/uploads\\\/sites\\\/34\\\/2021\\\/04\\\/hedu-logo.png\",\"contentUrl\":\"https:\\\/\\\/portale2.unime.it\\\/hedu\\\/wp-content\\\/uploads\\\/sites\\\/34\\\/2021\\\/04\\\/hedu-logo.png\",\"width\":390,\"height\":179,\"caption\":\"HEDU - History of Education\"},\"image\":{\"@id\":\"https:\\\/\\\/portale2.unime.it\\\/hedu\\\/#\\\/schema\\\/logo\\\/image\\\/\"}}]}<\/script>\n<!-- \/ Yoast SEO plugin. -->","yoast_head_json":{"title":"RELATORI 2020 - HEDU - History of Education","robots":{"index":"index","follow":"follow","max-snippet":"max-snippet:-1","max-image-preview":"max-image-preview:large","max-video-preview":"max-video-preview:-1"},"canonical":"https:\/\/portale2.unime.it\/hedu\/relatori-2020\/","og_locale":"it_IT","og_type":"article","og_title":"RELATORI 2020 - HEDU - History of Education","og_description":"PEDAGOGIE DELL&#8217;ESSENZIALE &#8211; I Edizione 2020 Versace, Alessandro \u00c8 Professore Associato di Pedagogia generale e sociale presso l&#8217;Universit\u00e0 di Messina, ha gli insegnamenti di Pedagogia generale e dell\u2019infanzia&#8230; Triglia, Ida Archivista, bibliotecaria e docente di scuola secondaria \u00e8 specializzata presso la Scuola Vaticana di Archivistica, Paleografia e Diplomatica della Citt\u00e0&#8230; Trebisacce, Giuseppe Gi\u00e0 Professore ordinario&hellip; Continua a leggere RELATORI 2020","og_url":"https:\/\/portale2.unime.it\/hedu\/relatori-2020\/","og_site_name":"HEDU - History of Education","article_modified_time":"2024-03-08T11:13:22+00:00","og_image":[{"url":"https:\/\/portale2.unime.it\/hedu\/wp-content\/uploads\/sites\/34\/2021\/04\/versace.jpg","type":"","width":"","height":""}],"twitter_card":"summary_large_image","twitter_misc":{"Tempo di lettura stimato":"2 minuti"},"schema":{"@context":"https:\/\/schema.org","@graph":[{"@type":"WebPage","@id":"https:\/\/portale2.unime.it\/hedu\/relatori-2020\/","url":"https:\/\/portale2.unime.it\/hedu\/relatori-2020\/","name":"RELATORI 2020 - HEDU - History of Education","isPartOf":{"@id":"https:\/\/portale2.unime.it\/hedu\/#website"},"primaryImageOfPage":{"@id":"https:\/\/portale2.unime.it\/hedu\/relatori-2020\/#primaryimage"},"image":{"@id":"https:\/\/portale2.unime.it\/hedu\/relatori-2020\/#primaryimage"},"thumbnailUrl":"https:\/\/portale2.unime.it\/hedu\/wp-content\/uploads\/sites\/34\/2021\/04\/versace.jpg","datePublished":"2021-04-16T14:05:34+00:00","dateModified":"2024-03-08T11:13:22+00:00","breadcrumb":{"@id":"https:\/\/portale2.unime.it\/hedu\/relatori-2020\/#breadcrumb"},"inLanguage":"it-IT","potentialAction":[{"@type":"ReadAction","target":["https:\/\/portale2.unime.it\/hedu\/relatori-2020\/"]}]},{"@type":"ImageObject","inLanguage":"it-IT","@id":"https:\/\/portale2.unime.it\/hedu\/relatori-2020\/#primaryimage","url":"https:\/\/portale2.unime.it\/hedu\/wp-content\/uploads\/sites\/34\/2021\/04\/versace.jpg","contentUrl":"https:\/\/portale2.unime.it\/hedu\/wp-content\/uploads\/sites\/34\/2021\/04\/versace.jpg","width":278,"height":212},{"@type":"BreadcrumbList","@id":"https:\/\/portale2.unime.it\/hedu\/relatori-2020\/#breadcrumb","itemListElement":[{"@type":"ListItem","position":1,"name":"Home","item":"https:\/\/portale2.unime.it\/hedu\/"},{"@type":"ListItem","position":2,"name":"RELATORI 2020"}]},{"@type":"WebSite","@id":"https:\/\/portale2.unime.it\/hedu\/#website","url":"https:\/\/portale2.unime.it\/hedu\/","name":"HEDU - History of Education","description":"Gli Eventi e le ricerche dell&#039;area storico educativa","publisher":{"@id":"https:\/\/portale2.unime.it\/hedu\/#organization"},"potentialAction":[{"@type":"SearchAction","target":{"@type":"EntryPoint","urlTemplate":"https:\/\/portale2.unime.it\/hedu\/?s={search_term_string}"},"query-input":{"@type":"PropertyValueSpecification","valueRequired":true,"valueName":"search_term_string"}}],"inLanguage":"it-IT"},{"@type":"Organization","@id":"https:\/\/portale2.unime.it\/hedu\/#organization","name":"HEDU - History of Education","url":"https:\/\/portale2.unime.it\/hedu\/","logo":{"@type":"ImageObject","inLanguage":"it-IT","@id":"https:\/\/portale2.unime.it\/hedu\/#\/schema\/logo\/image\/","url":"https:\/\/portale2.unime.it\/hedu\/wp-content\/uploads\/sites\/34\/2021\/04\/hedu-logo.png","contentUrl":"https:\/\/portale2.unime.it\/hedu\/wp-content\/uploads\/sites\/34\/2021\/04\/hedu-logo.png","width":390,"height":179,"caption":"HEDU - History of Education"},"image":{"@id":"https:\/\/portale2.unime.it\/hedu\/#\/schema\/logo\/image\/"}}]}},"_links":{"self":[{"href":"https:\/\/portale2.unime.it\/hedu\/wp-json\/wp\/v2\/pages\/1714","targetHints":{"allow":["GET"]}}],"collection":[{"href":"https:\/\/portale2.unime.it\/hedu\/wp-json\/wp\/v2\/pages"}],"about":[{"href":"https:\/\/portale2.unime.it\/hedu\/wp-json\/wp\/v2\/types\/page"}],"author":[{"embeddable":true,"href":"https:\/\/portale2.unime.it\/hedu\/wp-json\/wp\/v2\/users\/1"}],"replies":[{"embeddable":true,"href":"https:\/\/portale2.unime.it\/hedu\/wp-json\/wp\/v2\/comments?post=1714"}],"version-history":[{"count":3,"href":"https:\/\/portale2.unime.it\/hedu\/wp-json\/wp\/v2\/pages\/1714\/revisions"}],"predecessor-version":[{"id":5951,"href":"https:\/\/portale2.unime.it\/hedu\/wp-json\/wp\/v2\/pages\/1714\/revisions\/5951"}],"wp:attachment":[{"href":"https:\/\/portale2.unime.it\/hedu\/wp-json\/wp\/v2\/media?parent=1714"}],"curies":[{"name":"wp","href":"https:\/\/api.w.org\/{rel}","templated":true}]}}