{"id":1741,"date":"2021-04-16T17:40:27","date_gmt":"2021-04-16T15:40:27","guid":{"rendered":"https:\/\/portale.unime.it\/hedu\/?page_id=1741"},"modified":"2021-04-16T17:40:27","modified_gmt":"2021-04-16T15:40:27","slug":"comitato-organizzativo-2020","status":"publish","type":"page","link":"https:\/\/portale2.unime.it\/hedu\/comitato-organizzativo-2020\/","title":{"rendered":"COMITATO ORGANIZZATIVO 2020"},"content":{"rendered":"\t\t<div data-elementor-type=\"wp-page\" data-elementor-id=\"1741\" class=\"elementor elementor-1741\">\n\t\t\t\t\t\t<section class=\"elementor-section elementor-top-section elementor-element elementor-element-c3af356 elementor-section-boxed elementor-section-height-default elementor-section-height-default\" data-id=\"c3af356\" data-element_type=\"section\" data-e-type=\"section\">\n\t\t\t\t\t\t<div class=\"elementor-container elementor-column-gap-default\">\n\t\t\t\t\t<div class=\"elementor-column elementor-col-100 elementor-top-column elementor-element elementor-element-fe338e0\" data-id=\"fe338e0\" data-element_type=\"column\" data-e-type=\"column\">\n\t\t\t<div class=\"elementor-widget-wrap elementor-element-populated\">\n\t\t\t\t\t\t<div class=\"elementor-element elementor-element-3a1c920 elementor-widget elementor-widget-text-editor\" data-id=\"3a1c920\" data-element_type=\"widget\" data-e-type=\"widget\" data-widget_type=\"text-editor.default\">\n\t\t\t\t<div class=\"elementor-widget-container\">\n\t\t\t\t\t\t\t\t\t<p class=\"western\" align=\"LEFT\"><b style=\"color: #ff6600;font-family: inherit;font-style: inherit\">PEDAGOGIE DELL&#8217;ESSENZIALE 2020 &#8211; I EDIZIONE<\/b><\/p><p class=\"western\" align=\"LEFT\"><b>COORDINAMENTO SCIENTIFICO\u00a0<br \/><\/b>Caterina SINDONI, Universit\u00e0 degli Studi di Messina<\/p><p class=\"western\" align=\"LEFT\"><b style=\"font-family: inherit;font-style: inherit\">GRUPPO DI LAVORO\u00a0<\/b><\/p><p class=\"western\" align=\"LEFT\"><span style=\"font-size: 15px\">Dario DE SALVO, Universit\u00e0 di Messina;\u00a0Simona GATTO; Universit\u00e0 di Messina; <a href=\"https:\/\/portale.unime.it\/hedu\/2021\/04\/17\/alessandro-versace\/\">Alessandro VERSACE<\/a>, Universit\u00e0 di Messina; Alessandro SANZO, Universit\u00e0 Mediterranea, Reggio Calabria.<\/span><\/p><p align=\"JUSTIFY\"><b>SEGRETERIA ORGANIZZATIVA<\/b><\/p><p align=\"JUSTIFY\">Francesco LA ROSA, Francesco TOSCANO, Gaetano GALLETTI, Ilaria CHIRICO, Beatrice MURRUNI<\/p>\t\t\t\t\t\t\t\t<\/div>\n\t\t\t\t<\/div>\n\t\t\t\t<div class=\"elementor-element elementor-element-09686c0 elementor-widget elementor-widget-image\" data-id=\"09686c0\" data-element_type=\"widget\" data-e-type=\"widget\" data-widget_type=\"image.default\">\n\t\t\t\t<div class=\"elementor-widget-container\">\n\t\t\t\t\t\t\t\t\t\t\t\t\t\t\t<img fetchpriority=\"high\" decoding=\"async\" width=\"791\" height=\"1024\" src=\"https:\/\/portale2.unime.it\/hedu\/wp-content\/uploads\/sites\/34\/2021\/04\/100090119_10217397401751756_7709530836793556992_n-791x1024.jpg\" class=\"attachment-large size-large wp-image-1633\" alt=\"\" srcset=\"https:\/\/portale2.unime.it\/hedu\/wp-content\/uploads\/sites\/34\/2021\/04\/100090119_10217397401751756_7709530836793556992_n-791x1024.jpg 791w, https:\/\/portale2.unime.it\/hedu\/wp-content\/uploads\/sites\/34\/2021\/04\/100090119_10217397401751756_7709530836793556992_n-232x300.jpg 232w, https:\/\/portale2.unime.it\/hedu\/wp-content\/uploads\/sites\/34\/2021\/04\/100090119_10217397401751756_7709530836793556992_n-768x994.jpg 768w, https:\/\/portale2.unime.it\/hedu\/wp-content\/uploads\/sites\/34\/2021\/04\/100090119_10217397401751756_7709530836793556992_n-1187x1536.jpg 1187w, https:\/\/portale2.unime.it\/hedu\/wp-content\/uploads\/sites\/34\/2021\/04\/100090119_10217397401751756_7709530836793556992_n.jpg 1582w\" sizes=\"(max-width: 791px) 100vw, 791px\" style=\"width:100%;height:129.46%;max-width:1582px\" \/>\t\t\t\t\t\t\t\t\t\t\t\t\t\t\t<\/div>\n\t\t\t\t<\/div>\n\t\t\t\t\t<\/div>\n\t\t<\/div>\n\t\t\t\t\t<\/div>\n\t\t<\/section>\n\t\t\t\t<\/div>\n\t\t","protected":false},"excerpt":{"rendered":"<p>PEDAGOGIE DELL&#8217;ESSENZIALE 2020 &#8211; I EDIZIONE COORDINAMENTO SCIENTIFICO\u00a0Caterina SINDONI, Universit\u00e0 degli Studi di Messina GRUPPO DI LAVORO\u00a0 Dario DE SALVO, Universit\u00e0 di Messina;\u00a0Simona GATTO; Universit\u00e0 di Messina; Alessandro VERSACE, Universit\u00e0 di Messina; Alessandro SANZO, Universit\u00e0 Mediterranea, Reggio Calabria. SEGRETERIA ORGANIZZATIVA Francesco LA ROSA, Francesco TOSCANO, Gaetano GALLETTI, Ilaria CHIRICO, Beatrice MURRUNI<\/p>\n","protected":false},"author":1,"featured_media":0,"parent":0,"menu_order":0,"comment_status":"closed","ping_status":"closed","template":"elementor_header_footer","meta":{"footnotes":""},"class_list":["post-1741","page","type-page","status-publish","hentry","entry"],"yoast_head":"<!-- This site is optimized with the Yoast SEO plugin v27.3 - https:\/\/yoast.com\/product\/yoast-seo-wordpress\/ -->\n<title>COMITATO ORGANIZZATIVO 2020 - HEDU - History of Education<\/title>\n<meta name=\"robots\" content=\"index, follow, max-snippet:-1, max-image-preview:large, max-video-preview:-1\" \/>\n<link rel=\"canonical\" href=\"https:\/\/portale2.unime.it\/hedu\/comitato-organizzativo-2020\/\" \/>\n<meta property=\"og:locale\" content=\"it_IT\" \/>\n<meta property=\"og:type\" content=\"article\" \/>\n<meta property=\"og:title\" content=\"COMITATO ORGANIZZATIVO 2020 - HEDU - History of Education\" \/>\n<meta property=\"og:description\" content=\"PEDAGOGIE DELL&#8217;ESSENZIALE 2020 &#8211; I EDIZIONE COORDINAMENTO SCIENTIFICO\u00a0Caterina SINDONI, Universit\u00e0 degli Studi di Messina GRUPPO DI LAVORO\u00a0 Dario DE SALVO, Universit\u00e0 di Messina;\u00a0Simona GATTO; Universit\u00e0 di Messina; Alessandro VERSACE, Universit\u00e0 di Messina; Alessandro SANZO, Universit\u00e0 Mediterranea, Reggio Calabria. SEGRETERIA ORGANIZZATIVA Francesco LA ROSA, Francesco TOSCANO, Gaetano GALLETTI, Ilaria CHIRICO, Beatrice MURRUNI\" \/>\n<meta property=\"og:url\" content=\"https:\/\/portale2.unime.it\/hedu\/comitato-organizzativo-2020\/\" \/>\n<meta property=\"og:site_name\" content=\"HEDU - History of Education\" \/>\n<meta property=\"og:image\" content=\"http:\/\/portale.unime.it\/hedu\/files\/2021\/04\/100090119_10217397401751756_7709530836793556992_n-791x1024.jpg\" \/>\n<meta name=\"twitter:card\" content=\"summary_large_image\" \/>\n<script type=\"application\/ld+json\" class=\"yoast-schema-graph\">{\"@context\":\"https:\\\/\\\/schema.org\",\"@graph\":[{\"@type\":\"WebPage\",\"@id\":\"https:\\\/\\\/portale2.unime.it\\\/hedu\\\/comitato-organizzativo-2020\\\/\",\"url\":\"https:\\\/\\\/portale2.unime.it\\\/hedu\\\/comitato-organizzativo-2020\\\/\",\"name\":\"COMITATO ORGANIZZATIVO 2020 - HEDU - History of Education\",\"isPartOf\":{\"@id\":\"https:\\\/\\\/portale2.unime.it\\\/hedu\\\/#website\"},\"primaryImageOfPage\":{\"@id\":\"https:\\\/\\\/portale2.unime.it\\\/hedu\\\/comitato-organizzativo-2020\\\/#primaryimage\"},\"image\":{\"@id\":\"https:\\\/\\\/portale2.unime.it\\\/hedu\\\/comitato-organizzativo-2020\\\/#primaryimage\"},\"thumbnailUrl\":\"http:\\\/\\\/portale.unime.it\\\/hedu\\\/files\\\/2021\\\/04\\\/100090119_10217397401751756_7709530836793556992_n-791x1024.jpg\",\"datePublished\":\"2021-04-16T15:40:27+00:00\",\"breadcrumb\":{\"@id\":\"https:\\\/\\\/portale2.unime.it\\\/hedu\\\/comitato-organizzativo-2020\\\/#breadcrumb\"},\"inLanguage\":\"it-IT\",\"potentialAction\":[{\"@type\":\"ReadAction\",\"target\":[\"https:\\\/\\\/portale2.unime.it\\\/hedu\\\/comitato-organizzativo-2020\\\/\"]}]},{\"@type\":\"ImageObject\",\"inLanguage\":\"it-IT\",\"@id\":\"https:\\\/\\\/portale2.unime.it\\\/hedu\\\/comitato-organizzativo-2020\\\/#primaryimage\",\"url\":\"http:\\\/\\\/portale.unime.it\\\/hedu\\\/files\\\/2021\\\/04\\\/100090119_10217397401751756_7709530836793556992_n-791x1024.jpg\",\"contentUrl\":\"http:\\\/\\\/portale.unime.it\\\/hedu\\\/files\\\/2021\\\/04\\\/100090119_10217397401751756_7709530836793556992_n-791x1024.jpg\"},{\"@type\":\"BreadcrumbList\",\"@id\":\"https:\\\/\\\/portale2.unime.it\\\/hedu\\\/comitato-organizzativo-2020\\\/#breadcrumb\",\"itemListElement\":[{\"@type\":\"ListItem\",\"position\":1,\"name\":\"Home\",\"item\":\"https:\\\/\\\/portale2.unime.it\\\/hedu\\\/\"},{\"@type\":\"ListItem\",\"position\":2,\"name\":\"COMITATO ORGANIZZATIVO 2020\"}]},{\"@type\":\"WebSite\",\"@id\":\"https:\\\/\\\/portale2.unime.it\\\/hedu\\\/#website\",\"url\":\"https:\\\/\\\/portale2.unime.it\\\/hedu\\\/\",\"name\":\"HEDU - History of Education\",\"description\":\"Gli Eventi e le ricerche dell&#039;area storico educativa\",\"publisher\":{\"@id\":\"https:\\\/\\\/portale2.unime.it\\\/hedu\\\/#organization\"},\"potentialAction\":[{\"@type\":\"SearchAction\",\"target\":{\"@type\":\"EntryPoint\",\"urlTemplate\":\"https:\\\/\\\/portale2.unime.it\\\/hedu\\\/?s={search_term_string}\"},\"query-input\":{\"@type\":\"PropertyValueSpecification\",\"valueRequired\":true,\"valueName\":\"search_term_string\"}}],\"inLanguage\":\"it-IT\"},{\"@type\":\"Organization\",\"@id\":\"https:\\\/\\\/portale2.unime.it\\\/hedu\\\/#organization\",\"name\":\"HEDU - History of Education\",\"url\":\"https:\\\/\\\/portale2.unime.it\\\/hedu\\\/\",\"logo\":{\"@type\":\"ImageObject\",\"inLanguage\":\"it-IT\",\"@id\":\"https:\\\/\\\/portale2.unime.it\\\/hedu\\\/#\\\/schema\\\/logo\\\/image\\\/\",\"url\":\"https:\\\/\\\/portale2.unime.it\\\/hedu\\\/wp-content\\\/uploads\\\/sites\\\/34\\\/2021\\\/04\\\/hedu-logo.png\",\"contentUrl\":\"https:\\\/\\\/portale2.unime.it\\\/hedu\\\/wp-content\\\/uploads\\\/sites\\\/34\\\/2021\\\/04\\\/hedu-logo.png\",\"width\":390,\"height\":179,\"caption\":\"HEDU - History of Education\"},\"image\":{\"@id\":\"https:\\\/\\\/portale2.unime.it\\\/hedu\\\/#\\\/schema\\\/logo\\\/image\\\/\"}}]}<\/script>\n<!-- \/ Yoast SEO plugin. -->","yoast_head_json":{"title":"COMITATO ORGANIZZATIVO 2020 - HEDU - History of Education","robots":{"index":"index","follow":"follow","max-snippet":"max-snippet:-1","max-image-preview":"max-image-preview:large","max-video-preview":"max-video-preview:-1"},"canonical":"https:\/\/portale2.unime.it\/hedu\/comitato-organizzativo-2020\/","og_locale":"it_IT","og_type":"article","og_title":"COMITATO ORGANIZZATIVO 2020 - HEDU - History of Education","og_description":"PEDAGOGIE DELL&#8217;ESSENZIALE 2020 &#8211; I EDIZIONE COORDINAMENTO SCIENTIFICO\u00a0Caterina SINDONI, Universit\u00e0 degli Studi di Messina GRUPPO DI LAVORO\u00a0 Dario DE SALVO, Universit\u00e0 di Messina;\u00a0Simona GATTO; Universit\u00e0 di Messina; Alessandro VERSACE, Universit\u00e0 di Messina; Alessandro SANZO, Universit\u00e0 Mediterranea, Reggio Calabria. SEGRETERIA ORGANIZZATIVA Francesco LA ROSA, Francesco TOSCANO, Gaetano GALLETTI, Ilaria CHIRICO, Beatrice MURRUNI","og_url":"https:\/\/portale2.unime.it\/hedu\/comitato-organizzativo-2020\/","og_site_name":"HEDU - History of Education","og_image":[{"url":"http:\/\/portale.unime.it\/hedu\/files\/2021\/04\/100090119_10217397401751756_7709530836793556992_n-791x1024.jpg","type":"","width":"","height":""}],"twitter_card":"summary_large_image","schema":{"@context":"https:\/\/schema.org","@graph":[{"@type":"WebPage","@id":"https:\/\/portale2.unime.it\/hedu\/comitato-organizzativo-2020\/","url":"https:\/\/portale2.unime.it\/hedu\/comitato-organizzativo-2020\/","name":"COMITATO ORGANIZZATIVO 2020 - HEDU - History of Education","isPartOf":{"@id":"https:\/\/portale2.unime.it\/hedu\/#website"},"primaryImageOfPage":{"@id":"https:\/\/portale2.unime.it\/hedu\/comitato-organizzativo-2020\/#primaryimage"},"image":{"@id":"https:\/\/portale2.unime.it\/hedu\/comitato-organizzativo-2020\/#primaryimage"},"thumbnailUrl":"http:\/\/portale.unime.it\/hedu\/files\/2021\/04\/100090119_10217397401751756_7709530836793556992_n-791x1024.jpg","datePublished":"2021-04-16T15:40:27+00:00","breadcrumb":{"@id":"https:\/\/portale2.unime.it\/hedu\/comitato-organizzativo-2020\/#breadcrumb"},"inLanguage":"it-IT","potentialAction":[{"@type":"ReadAction","target":["https:\/\/portale2.unime.it\/hedu\/comitato-organizzativo-2020\/"]}]},{"@type":"ImageObject","inLanguage":"it-IT","@id":"https:\/\/portale2.unime.it\/hedu\/comitato-organizzativo-2020\/#primaryimage","url":"http:\/\/portale.unime.it\/hedu\/files\/2021\/04\/100090119_10217397401751756_7709530836793556992_n-791x1024.jpg","contentUrl":"http:\/\/portale.unime.it\/hedu\/files\/2021\/04\/100090119_10217397401751756_7709530836793556992_n-791x1024.jpg"},{"@type":"BreadcrumbList","@id":"https:\/\/portale2.unime.it\/hedu\/comitato-organizzativo-2020\/#breadcrumb","itemListElement":[{"@type":"ListItem","position":1,"name":"Home","item":"https:\/\/portale2.unime.it\/hedu\/"},{"@type":"ListItem","position":2,"name":"COMITATO ORGANIZZATIVO 2020"}]},{"@type":"WebSite","@id":"https:\/\/portale2.unime.it\/hedu\/#website","url":"https:\/\/portale2.unime.it\/hedu\/","name":"HEDU - History of Education","description":"Gli Eventi e le ricerche dell&#039;area storico educativa","publisher":{"@id":"https:\/\/portale2.unime.it\/hedu\/#organization"},"potentialAction":[{"@type":"SearchAction","target":{"@type":"EntryPoint","urlTemplate":"https:\/\/portale2.unime.it\/hedu\/?s={search_term_string}"},"query-input":{"@type":"PropertyValueSpecification","valueRequired":true,"valueName":"search_term_string"}}],"inLanguage":"it-IT"},{"@type":"Organization","@id":"https:\/\/portale2.unime.it\/hedu\/#organization","name":"HEDU - History of Education","url":"https:\/\/portale2.unime.it\/hedu\/","logo":{"@type":"ImageObject","inLanguage":"it-IT","@id":"https:\/\/portale2.unime.it\/hedu\/#\/schema\/logo\/image\/","url":"https:\/\/portale2.unime.it\/hedu\/wp-content\/uploads\/sites\/34\/2021\/04\/hedu-logo.png","contentUrl":"https:\/\/portale2.unime.it\/hedu\/wp-content\/uploads\/sites\/34\/2021\/04\/hedu-logo.png","width":390,"height":179,"caption":"HEDU - History of Education"},"image":{"@id":"https:\/\/portale2.unime.it\/hedu\/#\/schema\/logo\/image\/"}}]}},"_links":{"self":[{"href":"https:\/\/portale2.unime.it\/hedu\/wp-json\/wp\/v2\/pages\/1741","targetHints":{"allow":["GET"]}}],"collection":[{"href":"https:\/\/portale2.unime.it\/hedu\/wp-json\/wp\/v2\/pages"}],"about":[{"href":"https:\/\/portale2.unime.it\/hedu\/wp-json\/wp\/v2\/types\/page"}],"author":[{"embeddable":true,"href":"https:\/\/portale2.unime.it\/hedu\/wp-json\/wp\/v2\/users\/1"}],"replies":[{"embeddable":true,"href":"https:\/\/portale2.unime.it\/hedu\/wp-json\/wp\/v2\/comments?post=1741"}],"version-history":[{"count":0,"href":"https:\/\/portale2.unime.it\/hedu\/wp-json\/wp\/v2\/pages\/1741\/revisions"}],"wp:attachment":[{"href":"https:\/\/portale2.unime.it\/hedu\/wp-json\/wp\/v2\/media?parent=1741"}],"curies":[{"name":"wp","href":"https:\/\/api.w.org\/{rel}","templated":true}]}}