{"id":1743,"date":"2021-04-16T17:40:41","date_gmt":"2021-04-16T15:40:41","guid":{"rendered":"https:\/\/portale.unime.it\/hedu\/?page_id=1743"},"modified":"2021-04-16T17:40:41","modified_gmt":"2021-04-16T15:40:41","slug":"comitato-organizzativo-2021","status":"publish","type":"page","link":"https:\/\/portale2.unime.it\/hedu\/comitato-organizzativo-2021\/","title":{"rendered":"COMITATO ORGANIZZATIVO 2021"},"content":{"rendered":"\t\t<div data-elementor-type=\"wp-page\" data-elementor-id=\"1743\" class=\"elementor elementor-1743\">\n\t\t\t\t\t\t<section class=\"elementor-section elementor-top-section elementor-element elementor-element-6337ef3 elementor-section-boxed elementor-section-height-default elementor-section-height-default\" data-id=\"6337ef3\" data-element_type=\"section\" data-e-type=\"section\">\n\t\t\t\t\t\t<div class=\"elementor-container elementor-column-gap-default\">\n\t\t\t\t\t<div class=\"elementor-column elementor-col-100 elementor-top-column elementor-element elementor-element-a11fda0\" data-id=\"a11fda0\" data-element_type=\"column\" data-e-type=\"column\">\n\t\t\t<div class=\"elementor-widget-wrap elementor-element-populated\">\n\t\t\t\t\t\t<div class=\"elementor-element elementor-element-04a6358 elementor-widget elementor-widget-text-editor\" data-id=\"04a6358\" data-element_type=\"widget\" data-e-type=\"widget\" data-widget_type=\"text-editor.default\">\n\t\t\t\t<div class=\"elementor-widget-container\">\n\t\t\t\t\t\t\t\t\t<section class=\"elementor-section elementor-top-section elementor-element elementor-element-a98f8eb elementor-section-boxed elementor-section-height-default elementor-section-height-default\" data-id=\"a98f8eb\" data-element_type=\"section\"><div class=\"elementor-container elementor-column-gap-default\"><div class=\"elementor-column elementor-col-50 elementor-top-column elementor-element elementor-element-3341486\" data-id=\"3341486\" data-element_type=\"column\"><div class=\"elementor-widget-wrap elementor-element-populated\"><div class=\"elementor-element elementor-element-45568dc elementor-widget elementor-widget-text-editor\" data-id=\"45568dc\" data-element_type=\"widget\" data-widget_type=\"text-editor.default\"><div class=\"elementor-widget-container\"><div class=\"elementor-text-editor elementor-clearfix\"><ul><li><span data-contrast=\"none\">La<\/span><span data-contrast=\"auto\">\u00a0seconda edizione della Rassegna\u00a0<\/span><i><span data-contrast=\"auto\">Pedagogia dell<\/span><\/i><i><span data-contrast=\"auto\">\u2019<\/span><\/i><i><span data-contrast=\"auto\">essenziale<\/span><\/i><span data-contrast=\"auto\">, rivolta anche quest<\/span><span data-contrast=\"auto\">\u2019<\/span><span data-contrast=\"auto\">anno alla comunit\u00e0 educante e ai territori, \u00e8 dedicata al ruolo strategico che\u00a0<\/span><i><span data-contrast=\"auto\">maestre<\/span><\/i><span data-contrast=\"auto\">\u00a0e\u00a0<\/span><i><span data-contrast=\"auto\">maestri<\/span><\/i><span data-contrast=\"auto\">\u00a0rivestono, dal punto di vista pedagogico e sociale, nell<\/span><span data-contrast=\"auto\">\u2019<\/span><span data-contrast=\"auto\">elevazione culturale, nell<\/span><span data-contrast=\"auto\">\u2019<\/span><span data-contrast=\"auto\">avvio o nel consolidamento di processi di sviluppo economico e sociale e nella promozione della crescita umana, civile e democratica delle nuove generazioni.\u00a0<\/span><span data-ccp-props=\"{\">\u00a0<\/span><\/li><\/ul><\/div><\/div><\/div><\/div><\/div><div class=\"elementor-column elementor-col-50 elementor-top-column elementor-element elementor-element-90ceb41\" data-id=\"90ceb41\" data-element_type=\"column\"><div class=\"elementor-widget-wrap elementor-element-populated\"><div class=\"elementor-element elementor-element-eb11dc7 elementor-widget elementor-widget-text-editor\" data-id=\"eb11dc7\" data-element_type=\"widget\" data-widget_type=\"text-editor.default\"><div class=\"elementor-widget-container\"><div class=\"elementor-text-editor elementor-clearfix\"><p><span class=\"TextRun SCXW77769213 BCX0\" lang=\"IT-IT\" xml:lang=\"IT-IT\" data-contrast=\"auto\"><span class=\"NormalTextRun SCXW77769213 BCX0\">Tale ruolo, il cui graduale riconoscimento \u00e8 il risultato di un percorso storico di affermazione problematico, oggi appare sempre pi\u00f9 centrale ed imprescindibile, anche alla luce dell<\/span><\/span><span class=\"TextRun SCXW77769213 BCX0\" lang=\"IT-IT\" xml:lang=\"IT-IT\" data-contrast=\"auto\"><span class=\"NormalTextRun SCXW77769213 BCX0\">\u2019<\/span><\/span><span class=\"TextRun SCXW77769213 BCX0\" lang=\"IT-IT\" xml:lang=\"IT-IT\" data-contrast=\"auto\"><span class=\"NormalTextRun SCXW77769213 BCX0\">emergenza educativa della societ\u00e0 contemporanea, ulteriormente aggravata dalle imprevedibili complicazioni dovute alla pandemia, le quali hanno imposto un ripensamento delle prassi e rapidi aggiornamenti dei bagagli professionali.<\/span><\/span><span class=\"EOP SCXW77769213 BCX0\" data-ccp-props=\"{\">\u00a0<\/span><\/p><\/div><\/div><\/div><\/div><\/div><\/div><\/section><section class=\"elementor-section elementor-top-section elementor-element elementor-element-08a5084 elementor-section-boxed elementor-section-height-default elementor-section-height-default\" data-id=\"08a5084\" data-element_type=\"section\"><div class=\"elementor-container elementor-column-gap-default\"><div class=\"elementor-column elementor-col-50 elementor-top-column elementor-element elementor-element-de9f16d\" data-id=\"de9f16d\" data-element_type=\"column\"><div class=\"elementor-widget-wrap elementor-element-populated\"><div class=\"elementor-element elementor-element-175300a elementor-widget elementor-widget-text-editor\" data-id=\"175300a\" data-element_type=\"widget\" data-widget_type=\"text-editor.default\"><div class=\"elementor-widget-container\"><div class=\"elementor-text-editor elementor-clearfix\"><p class=\"western\" align=\"LEFT\"><b><span style=\"color: #ff0000\">COORDINAMENTO SCIENTIFICO E ORGANIZZATIVO<\/span><br \/><\/b>Caterina SINDONI, Universit\u00e0 degli Studi di Messina<\/p><p class=\"western\" align=\"LEFT\"><b><span style=\"color: #ff0000\">COMITATO ORGANIZZATIVO<\/span><br \/><\/b>Dario DE SALVO, Universit\u00e0 di Messina;\u00a0<span style=\"font-size: 15px\">Simona GATTO; Universit\u00e0 di Messina; Silvia Annamaria SCANDURRA, Universit\u00e0 di Catania;\u00a0<\/span><a href=\"https:\/\/portale.unime.it\/hedu\/2021\/04\/17\/alessandro-versace\/\" target=\"_blank\" rel=\"noopener\">Alessandro VERSACE<\/a><span style=\"font-size: 15px\">\u00a0 Universit\u00e0 di Messina.<\/span><\/p><p align=\"JUSTIFY\"><span style=\"color: #ff0000\"><b>COMITATO TECNICO<\/b><\/span><b><br \/><\/b>Francesco LA ROSA, Maria IRRERA, Francesco TOSCANO, Gaetano GALLETTI, Universit\u00e0 di Messina, Centro informatico Ateneo di Messina e Dipartimento di Scienze cognitive, Psicologiche, Pedagogiche e degli Studi culturali.<\/p><p align=\"JUSTIFY\"><b><span style=\"color: #ff0000\">SEGRETERIA ORGANIZZATIVA<\/span><br \/><\/b>Lucia Basilia GUERRIERO, Universit\u00e0 di Messina; Giusy DENARO, Universit\u00e0 diCatania; Jessica PASCA, Universit\u00e0 di Palermo.<\/p><p align=\"JUSTIFY\">\u00a0<\/p><\/div><\/div><\/div><\/div><\/div><div class=\"elementor-column elementor-col-50 elementor-top-column elementor-element elementor-element-9a2b769\" data-id=\"9a2b769\" data-element_type=\"column\"><div class=\"elementor-widget-wrap elementor-element-populated\"><div class=\"elementor-element elementor-element-d636a97 elementor-widget elementor-widget-text-editor\" data-id=\"d636a97\" data-element_type=\"widget\" data-widget_type=\"text-editor.default\"><div class=\"elementor-widget-container\"><div class=\"elementor-text-editor elementor-clearfix\"><p align=\"JUSTIFY\"><b><span style=\"color: #ff0000\">COMITATO SCIENTIFICO<\/span><br \/><\/b>Leonardo ACONE, Universit\u00e0 di Salerno; Salvatore AGRESTA, gi\u00e0 Universit\u00e0 diMessina; Fiorentino ALAIA, Archivio di Stato di Benevento; Maria AMICARELLI, Archivio di Stato di Avellino e Pescara; Gianfranco BANDINI, Universit\u00e0 di Firenze;Luciana BELLATALLA, gi\u00e0 Universit\u00e0 di Ferrara; Carmen BETTI, gi\u00e0 Universit\u00e0 di Firenze; Paolo BIANCHINI, Universit\u00e0 di Torino; Andrea BOBBIO, Universit\u00e0 dellaValle d\u2019Aosta; Salvatore BOTTARI, Universit\u00e0 di Messina; Luca BRAVI, Universit\u00e0 di Firenze; Giuseppina CALVO, Archivio di Siracusa; Francesco Paolo CAMPIONE, Universit\u00e0 di Messina; Vincenzo CASSI\u2019, Archivio di Stato di Ragusa; Candida CARRINO, Archivio di Stato di Napoli; Antonia CRISCENTI, gi\u00e0 Universit\u00e0 di Catania;Anna Maria COLACI, Universit\u00e0 del Salento; Giuseppina D\u2019ADDELFIO, Universit\u00e0 di Palermo; Marco Antonio D\u2019ARCANGELI, Universit\u00e0 dell\u2019Aquila; Paola DAL TOSO, Universit\u00e0 di Verona; Fulvio DE GIORGI, Universit\u00e0 di Reggio Emilia; Eleonora DELLAVALLE, Archivio di Stato di Palermo; Domenico ELIA, Universit\u00e0 Gabriele D\u2019Annunzio, Chieti-Pescara; Rossana FLORIO, Archivio di Stato di Agrigento; Daria GABUSI, Universit\u00e0 Giustino Fortunato, Benevento; Angelo GAUDIO, Universit\u00e0 di Udine; Angela GIALLONGO, gi\u00e0 Universit\u00e0 di Urbino; Stefano LENTINI, Universit\u00e0 di Catania; Elena MARESCOTTI, Universit\u00e0 di Ferrara; Elena MIGNOSI, Universit\u00e0 di Palermo;Maria MINASI, Archivio di Reggio Calabria; Simona NEGRUZZO, Universit\u00e0 di Bologna; Stefano OLIVERIO, Universit\u00e0 Federico II, Napoli; Stefano OLIVIERO, Universit\u00e0 di Firenze; Franca PESARE, Universit\u00e0 Aldo Moro, Bari; Furio PESCI,Universit\u00e0 La Sapienza, Roma; Vincenza PIPITONE, Archivio di Stato di Trapani; Tiziana PIRONI, Universit\u00e0 di Bologna; Maurizio PISERI, Universit\u00e0 della Valle d\u2019Aosta; Simonetta POLENGHI, Universit\u00e0 Cattolica del S. Cuore, Milano; Fabio PRUNERI, Universit\u00e0 di Sassari; Angela PULEIO, Archivio di Stato di Messina; Livia ROMANO, Universit\u00e0 di Palermo; Stefano SALMERI, Universit\u00e0 Kore, Enna; Evelina SCAGLIA, Universit\u00e0 di Bergamo; Vincenzo SCHIRRIPA, Universit\u00e0 Lumsa, Roma; Brunella SERPE, Universit\u00e0 della Calabria; Gabriella SEVESO, Universit\u00e0 Milano-Bicocca; Giuseppe TREBISACCE, gi\u00e0 Universit\u00e0 della Calabria; Luana SALVARANI, Universit\u00e0 di Parma; Filippo SANI, Universit\u00e0 di Sassari; Moira SANNIPOLI, Universit\u00e0 di Perugia; Alessandro SANZO, Universit\u00e0 Mediterranea, Reggio Calabria; Paolo SORZIO, Universit\u00e0 di Trieste; Fernanda Maria VOLPE, Archivio di Stato di Salerno; Giuseppe ZAGO, Universit\u00e0 di Padova<\/p><p align=\"JUSTIFY\">\u00a0<\/p><\/div><\/div><\/div><\/div><\/div><\/div><\/section>\t\t\t\t\t\t\t\t<\/div>\n\t\t\t\t<\/div>\n\t\t\t\t<div class=\"elementor-element elementor-element-46a57d8 elementor-widget elementor-widget-image\" data-id=\"46a57d8\" data-element_type=\"widget\" data-e-type=\"widget\" data-widget_type=\"image.default\">\n\t\t\t\t<div class=\"elementor-widget-container\">\n\t\t\t\t\t\t\t\t\t\t\t\t\t\t\t<img fetchpriority=\"high\" decoding=\"async\" width=\"724\" height=\"1024\" src=\"https:\/\/portale2.unime.it\/hedu\/wp-content\/uploads\/sites\/34\/2021\/04\/Calendario_001-scaled-1-724x1024.jpg\" class=\"attachment-large size-large wp-image-962\" alt=\"\" srcset=\"https:\/\/portale2.unime.it\/hedu\/wp-content\/uploads\/sites\/34\/2021\/04\/Calendario_001-scaled-1-724x1024.jpg 724w, https:\/\/portale2.unime.it\/hedu\/wp-content\/uploads\/sites\/34\/2021\/04\/Calendario_001-scaled-1-212x300.jpg 212w, https:\/\/portale2.unime.it\/hedu\/wp-content\/uploads\/sites\/34\/2021\/04\/Calendario_001-scaled-1-768x1086.jpg 768w, https:\/\/portale2.unime.it\/hedu\/wp-content\/uploads\/sites\/34\/2021\/04\/Calendario_001-scaled-1-1086x1536.jpg 1086w, https:\/\/portale2.unime.it\/hedu\/wp-content\/uploads\/sites\/34\/2021\/04\/Calendario_001-scaled-1-1448x2048.jpg 1448w, https:\/\/portale2.unime.it\/hedu\/wp-content\/uploads\/sites\/34\/2021\/04\/Calendario_001-scaled-1.jpg 1810w\" sizes=\"(max-width: 724px) 100vw, 724px\" style=\"width:100%;height:141.44%;max-width:1810px\" \/>\t\t\t\t\t\t\t\t\t\t\t\t\t\t\t<\/div>\n\t\t\t\t<\/div>\n\t\t\t\t\t<\/div>\n\t\t<\/div>\n\t\t\t\t\t<\/div>\n\t\t<\/section>\n\t\t\t\t<section class=\"elementor-section elementor-top-section elementor-element elementor-element-9776c77 elementor-section-boxed elementor-section-height-default elementor-section-height-default\" data-id=\"9776c77\" data-element_type=\"section\" data-e-type=\"section\">\n\t\t\t\t\t\t<div class=\"elementor-container elementor-column-gap-default\">\n\t\t\t\t\t<div class=\"elementor-column elementor-col-100 elementor-top-column elementor-element elementor-element-985e623\" data-id=\"985e623\" data-element_type=\"column\" data-e-type=\"column\">\n\t\t\t<div class=\"elementor-widget-wrap elementor-element-populated\">\n\t\t\t\t\t\t<section class=\"elementor-section elementor-inner-section elementor-element elementor-element-e2a3ca8 elementor-section-boxed elementor-section-height-default elementor-section-height-default\" data-id=\"e2a3ca8\" data-element_type=\"section\" data-e-type=\"section\">\n\t\t\t\t\t\t<div class=\"elementor-container elementor-column-gap-default\">\n\t\t\t\t\t<div class=\"elementor-column elementor-col-50 elementor-inner-column elementor-element elementor-element-2e5328a\" data-id=\"2e5328a\" data-element_type=\"column\" data-e-type=\"column\">\n\t\t\t<div class=\"elementor-widget-wrap elementor-element-populated\">\n\t\t\t\t\t\t<div class=\"elementor-element elementor-element-0ca7505 elementor-widget elementor-widget-image\" data-id=\"0ca7505\" data-element_type=\"widget\" data-e-type=\"widget\" data-widget_type=\"image.default\">\n\t\t\t\t<div class=\"elementor-widget-container\">\n\t\t\t\t\t\t\t\t\t\t\t\t\t\t\t<img decoding=\"async\" width=\"150\" height=\"150\" src=\"https:\/\/portale2.unime.it\/hedu\/wp-content\/uploads\/sites\/34\/2021\/04\/WhatsApp-Image-2021-04-19-at-13.58.36-1-150x150.jpeg\" class=\"attachment-thumbnail size-thumbnail wp-image-2686\" alt=\"\" srcset=\"https:\/\/portale2.unime.it\/hedu\/wp-content\/uploads\/sites\/34\/2021\/04\/WhatsApp-Image-2021-04-19-at-13.58.36-1-150x150.jpeg 150w, https:\/\/portale2.unime.it\/hedu\/wp-content\/uploads\/sites\/34\/2021\/04\/WhatsApp-Image-2021-04-19-at-13.58.36-1.jpeg 300w\" sizes=\"(max-width: 150px) 100vw, 150px\" style=\"width:100%;height:100%;max-width:300px\" \/>\t\t\t\t\t\t\t\t\t\t\t\t\t\t\t<\/div>\n\t\t\t\t<\/div>\n\t\t\t\t\t<\/div>\n\t\t<\/div>\n\t\t\t\t<div class=\"elementor-column elementor-col-50 elementor-inner-column elementor-element elementor-element-842ad62\" data-id=\"842ad62\" data-element_type=\"column\" data-e-type=\"column\">\n\t\t\t<div class=\"elementor-widget-wrap elementor-element-populated\">\n\t\t\t\t\t\t<div class=\"elementor-element elementor-element-ac5bc2f elementor-widget elementor-widget-image\" data-id=\"ac5bc2f\" data-element_type=\"widget\" data-e-type=\"widget\" data-widget_type=\"image.default\">\n\t\t\t\t<div class=\"elementor-widget-container\">\n\t\t\t\t\t\t\t\t\t\t\t\t\t\t\t\t<a href=\"https:\/\/unimehedu.eventbrite.it\/\">\n\t\t\t\t\t\t\t<img decoding=\"async\" width=\"300\" height=\"158\" src=\"https:\/\/portale2.unime.it\/hedu\/wp-content\/uploads\/sites\/34\/2021\/04\/eb_orange_on_white_1200x630-300x158.png\" class=\"attachment-medium size-medium wp-image-3634\" alt=\"\" srcset=\"https:\/\/portale2.unime.it\/hedu\/wp-content\/uploads\/sites\/34\/2021\/04\/eb_orange_on_white_1200x630-300x158.png 300w, https:\/\/portale2.unime.it\/hedu\/wp-content\/uploads\/sites\/34\/2021\/04\/eb_orange_on_white_1200x630-1024x538.png 1024w, https:\/\/portale2.unime.it\/hedu\/wp-content\/uploads\/sites\/34\/2021\/04\/eb_orange_on_white_1200x630-768x403.png 768w, https:\/\/portale2.unime.it\/hedu\/wp-content\/uploads\/sites\/34\/2021\/04\/eb_orange_on_white_1200x630.png 1200w\" sizes=\"(max-width: 300px) 100vw, 300px\" style=\"width:100%;height:52.5%;max-width:1200px\" \/>\t\t\t\t\t\t\t\t<\/a>\n\t\t\t\t\t\t\t\t\t\t\t\t\t\t\t<\/div>\n\t\t\t\t<\/div>\n\t\t\t\t\t<\/div>\n\t\t<\/div>\n\t\t\t\t\t<\/div>\n\t\t<\/section>\n\t\t\t\t\t<\/div>\n\t\t<\/div>\n\t\t\t\t\t<\/div>\n\t\t<\/section>\n\t\t\t\t<\/div>\n\t\t","protected":false},"excerpt":{"rendered":"<p>La\u00a0seconda edizione della Rassegna\u00a0Pedagogia dell\u2019essenziale, rivolta anche quest\u2019anno alla comunit\u00e0 educante e ai territori, \u00e8 dedicata al ruolo strategico che\u00a0maestre\u00a0e\u00a0maestri\u00a0rivestono, dal punto di vista pedagogico e sociale, nell\u2019elevazione culturale, nell\u2019avvio o nel consolidamento di processi di sviluppo economico e sociale e nella promozione della crescita umana, civile e democratica delle nuove generazioni.\u00a0\u00a0 Tale ruolo, il&hellip; <a class=\"more-link\" href=\"https:\/\/portale2.unime.it\/hedu\/comitato-organizzativo-2021\/\">Continua a leggere <span class=\"screen-reader-text\">COMITATO ORGANIZZATIVO 2021<\/span><\/a><\/p>\n","protected":false},"author":1,"featured_media":0,"parent":0,"menu_order":0,"comment_status":"closed","ping_status":"closed","template":"elementor_header_footer","meta":{"footnotes":""},"class_list":["post-1743","page","type-page","status-publish","hentry","entry"],"yoast_head":"<!-- This site is optimized with the Yoast SEO plugin v27.3 - https:\/\/yoast.com\/product\/yoast-seo-wordpress\/ -->\n<title>COMITATO ORGANIZZATIVO 2021 - HEDU - History of Education<\/title>\n<meta name=\"robots\" content=\"index, follow, max-snippet:-1, max-image-preview:large, max-video-preview:-1\" \/>\n<link rel=\"canonical\" href=\"https:\/\/portale2.unime.it\/hedu\/comitato-organizzativo-2021\/\" \/>\n<meta property=\"og:locale\" content=\"it_IT\" \/>\n<meta property=\"og:type\" content=\"article\" \/>\n<meta property=\"og:title\" content=\"COMITATO ORGANIZZATIVO 2021 - HEDU - History of Education\" \/>\n<meta property=\"og:description\" content=\"La\u00a0seconda edizione della Rassegna\u00a0Pedagogia dell\u2019essenziale, rivolta anche quest\u2019anno alla comunit\u00e0 educante e ai territori, \u00e8 dedicata al ruolo strategico che\u00a0maestre\u00a0e\u00a0maestri\u00a0rivestono, dal punto di vista pedagogico e sociale, nell\u2019elevazione culturale, nell\u2019avvio o nel consolidamento di processi di sviluppo economico e sociale e nella promozione della crescita umana, civile e democratica delle nuove generazioni.\u00a0\u00a0 Tale ruolo, il&hellip; Continua a leggere COMITATO ORGANIZZATIVO 2021\" \/>\n<meta property=\"og:url\" content=\"https:\/\/portale2.unime.it\/hedu\/comitato-organizzativo-2021\/\" \/>\n<meta property=\"og:site_name\" content=\"HEDU - History of Education\" \/>\n<meta property=\"og:image\" content=\"http:\/\/portale.unime.it\/hedu\/files\/2021\/04\/Calendario_001-724x1024.jpg\" \/>\n<meta name=\"twitter:card\" content=\"summary_large_image\" \/>\n<meta name=\"twitter:label1\" content=\"Tempo di lettura stimato\" \/>\n\t<meta name=\"twitter:data1\" content=\"3 minuti\" \/>\n<script type=\"application\/ld+json\" class=\"yoast-schema-graph\">{\"@context\":\"https:\\\/\\\/schema.org\",\"@graph\":[{\"@type\":\"WebPage\",\"@id\":\"https:\\\/\\\/portale2.unime.it\\\/hedu\\\/comitato-organizzativo-2021\\\/\",\"url\":\"https:\\\/\\\/portale2.unime.it\\\/hedu\\\/comitato-organizzativo-2021\\\/\",\"name\":\"COMITATO ORGANIZZATIVO 2021 - HEDU - History of Education\",\"isPartOf\":{\"@id\":\"https:\\\/\\\/portale2.unime.it\\\/hedu\\\/#website\"},\"primaryImageOfPage\":{\"@id\":\"https:\\\/\\\/portale2.unime.it\\\/hedu\\\/comitato-organizzativo-2021\\\/#primaryimage\"},\"image\":{\"@id\":\"https:\\\/\\\/portale2.unime.it\\\/hedu\\\/comitato-organizzativo-2021\\\/#primaryimage\"},\"thumbnailUrl\":\"http:\\\/\\\/portale.unime.it\\\/hedu\\\/files\\\/2021\\\/04\\\/Calendario_001-724x1024.jpg\",\"datePublished\":\"2021-04-16T15:40:41+00:00\",\"breadcrumb\":{\"@id\":\"https:\\\/\\\/portale2.unime.it\\\/hedu\\\/comitato-organizzativo-2021\\\/#breadcrumb\"},\"inLanguage\":\"it-IT\",\"potentialAction\":[{\"@type\":\"ReadAction\",\"target\":[\"https:\\\/\\\/portale2.unime.it\\\/hedu\\\/comitato-organizzativo-2021\\\/\"]}]},{\"@type\":\"ImageObject\",\"inLanguage\":\"it-IT\",\"@id\":\"https:\\\/\\\/portale2.unime.it\\\/hedu\\\/comitato-organizzativo-2021\\\/#primaryimage\",\"url\":\"http:\\\/\\\/portale.unime.it\\\/hedu\\\/files\\\/2021\\\/04\\\/Calendario_001-724x1024.jpg\",\"contentUrl\":\"http:\\\/\\\/portale.unime.it\\\/hedu\\\/files\\\/2021\\\/04\\\/Calendario_001-724x1024.jpg\"},{\"@type\":\"BreadcrumbList\",\"@id\":\"https:\\\/\\\/portale2.unime.it\\\/hedu\\\/comitato-organizzativo-2021\\\/#breadcrumb\",\"itemListElement\":[{\"@type\":\"ListItem\",\"position\":1,\"name\":\"Home\",\"item\":\"https:\\\/\\\/portale2.unime.it\\\/hedu\\\/\"},{\"@type\":\"ListItem\",\"position\":2,\"name\":\"COMITATO ORGANIZZATIVO 2021\"}]},{\"@type\":\"WebSite\",\"@id\":\"https:\\\/\\\/portale2.unime.it\\\/hedu\\\/#website\",\"url\":\"https:\\\/\\\/portale2.unime.it\\\/hedu\\\/\",\"name\":\"HEDU - History of Education\",\"description\":\"Gli Eventi e le ricerche dell&#039;area storico educativa\",\"publisher\":{\"@id\":\"https:\\\/\\\/portale2.unime.it\\\/hedu\\\/#organization\"},\"potentialAction\":[{\"@type\":\"SearchAction\",\"target\":{\"@type\":\"EntryPoint\",\"urlTemplate\":\"https:\\\/\\\/portale2.unime.it\\\/hedu\\\/?s={search_term_string}\"},\"query-input\":{\"@type\":\"PropertyValueSpecification\",\"valueRequired\":true,\"valueName\":\"search_term_string\"}}],\"inLanguage\":\"it-IT\"},{\"@type\":\"Organization\",\"@id\":\"https:\\\/\\\/portale2.unime.it\\\/hedu\\\/#organization\",\"name\":\"HEDU - History of Education\",\"url\":\"https:\\\/\\\/portale2.unime.it\\\/hedu\\\/\",\"logo\":{\"@type\":\"ImageObject\",\"inLanguage\":\"it-IT\",\"@id\":\"https:\\\/\\\/portale2.unime.it\\\/hedu\\\/#\\\/schema\\\/logo\\\/image\\\/\",\"url\":\"https:\\\/\\\/portale2.unime.it\\\/hedu\\\/wp-content\\\/uploads\\\/sites\\\/34\\\/2021\\\/04\\\/hedu-logo.png\",\"contentUrl\":\"https:\\\/\\\/portale2.unime.it\\\/hedu\\\/wp-content\\\/uploads\\\/sites\\\/34\\\/2021\\\/04\\\/hedu-logo.png\",\"width\":390,\"height\":179,\"caption\":\"HEDU - History of Education\"},\"image\":{\"@id\":\"https:\\\/\\\/portale2.unime.it\\\/hedu\\\/#\\\/schema\\\/logo\\\/image\\\/\"}}]}<\/script>\n<!-- \/ Yoast SEO plugin. -->","yoast_head_json":{"title":"COMITATO ORGANIZZATIVO 2021 - HEDU - History of Education","robots":{"index":"index","follow":"follow","max-snippet":"max-snippet:-1","max-image-preview":"max-image-preview:large","max-video-preview":"max-video-preview:-1"},"canonical":"https:\/\/portale2.unime.it\/hedu\/comitato-organizzativo-2021\/","og_locale":"it_IT","og_type":"article","og_title":"COMITATO ORGANIZZATIVO 2021 - HEDU - History of Education","og_description":"La\u00a0seconda edizione della Rassegna\u00a0Pedagogia dell\u2019essenziale, rivolta anche quest\u2019anno alla comunit\u00e0 educante e ai territori, \u00e8 dedicata al ruolo strategico che\u00a0maestre\u00a0e\u00a0maestri\u00a0rivestono, dal punto di vista pedagogico e sociale, nell\u2019elevazione culturale, nell\u2019avvio o nel consolidamento di processi di sviluppo economico e sociale e nella promozione della crescita umana, civile e democratica delle nuove generazioni.\u00a0\u00a0 Tale ruolo, il&hellip; Continua a leggere COMITATO ORGANIZZATIVO 2021","og_url":"https:\/\/portale2.unime.it\/hedu\/comitato-organizzativo-2021\/","og_site_name":"HEDU - History of Education","og_image":[{"url":"http:\/\/portale.unime.it\/hedu\/files\/2021\/04\/Calendario_001-724x1024.jpg","type":"","width":"","height":""}],"twitter_card":"summary_large_image","twitter_misc":{"Tempo di lettura stimato":"3 minuti"},"schema":{"@context":"https:\/\/schema.org","@graph":[{"@type":"WebPage","@id":"https:\/\/portale2.unime.it\/hedu\/comitato-organizzativo-2021\/","url":"https:\/\/portale2.unime.it\/hedu\/comitato-organizzativo-2021\/","name":"COMITATO ORGANIZZATIVO 2021 - HEDU - History of Education","isPartOf":{"@id":"https:\/\/portale2.unime.it\/hedu\/#website"},"primaryImageOfPage":{"@id":"https:\/\/portale2.unime.it\/hedu\/comitato-organizzativo-2021\/#primaryimage"},"image":{"@id":"https:\/\/portale2.unime.it\/hedu\/comitato-organizzativo-2021\/#primaryimage"},"thumbnailUrl":"http:\/\/portale.unime.it\/hedu\/files\/2021\/04\/Calendario_001-724x1024.jpg","datePublished":"2021-04-16T15:40:41+00:00","breadcrumb":{"@id":"https:\/\/portale2.unime.it\/hedu\/comitato-organizzativo-2021\/#breadcrumb"},"inLanguage":"it-IT","potentialAction":[{"@type":"ReadAction","target":["https:\/\/portale2.unime.it\/hedu\/comitato-organizzativo-2021\/"]}]},{"@type":"ImageObject","inLanguage":"it-IT","@id":"https:\/\/portale2.unime.it\/hedu\/comitato-organizzativo-2021\/#primaryimage","url":"http:\/\/portale.unime.it\/hedu\/files\/2021\/04\/Calendario_001-724x1024.jpg","contentUrl":"http:\/\/portale.unime.it\/hedu\/files\/2021\/04\/Calendario_001-724x1024.jpg"},{"@type":"BreadcrumbList","@id":"https:\/\/portale2.unime.it\/hedu\/comitato-organizzativo-2021\/#breadcrumb","itemListElement":[{"@type":"ListItem","position":1,"name":"Home","item":"https:\/\/portale2.unime.it\/hedu\/"},{"@type":"ListItem","position":2,"name":"COMITATO ORGANIZZATIVO 2021"}]},{"@type":"WebSite","@id":"https:\/\/portale2.unime.it\/hedu\/#website","url":"https:\/\/portale2.unime.it\/hedu\/","name":"HEDU - History of Education","description":"Gli Eventi e le ricerche dell&#039;area storico educativa","publisher":{"@id":"https:\/\/portale2.unime.it\/hedu\/#organization"},"potentialAction":[{"@type":"SearchAction","target":{"@type":"EntryPoint","urlTemplate":"https:\/\/portale2.unime.it\/hedu\/?s={search_term_string}"},"query-input":{"@type":"PropertyValueSpecification","valueRequired":true,"valueName":"search_term_string"}}],"inLanguage":"it-IT"},{"@type":"Organization","@id":"https:\/\/portale2.unime.it\/hedu\/#organization","name":"HEDU - History of Education","url":"https:\/\/portale2.unime.it\/hedu\/","logo":{"@type":"ImageObject","inLanguage":"it-IT","@id":"https:\/\/portale2.unime.it\/hedu\/#\/schema\/logo\/image\/","url":"https:\/\/portale2.unime.it\/hedu\/wp-content\/uploads\/sites\/34\/2021\/04\/hedu-logo.png","contentUrl":"https:\/\/portale2.unime.it\/hedu\/wp-content\/uploads\/sites\/34\/2021\/04\/hedu-logo.png","width":390,"height":179,"caption":"HEDU - History of Education"},"image":{"@id":"https:\/\/portale2.unime.it\/hedu\/#\/schema\/logo\/image\/"}}]}},"_links":{"self":[{"href":"https:\/\/portale2.unime.it\/hedu\/wp-json\/wp\/v2\/pages\/1743","targetHints":{"allow":["GET"]}}],"collection":[{"href":"https:\/\/portale2.unime.it\/hedu\/wp-json\/wp\/v2\/pages"}],"about":[{"href":"https:\/\/portale2.unime.it\/hedu\/wp-json\/wp\/v2\/types\/page"}],"author":[{"embeddable":true,"href":"https:\/\/portale2.unime.it\/hedu\/wp-json\/wp\/v2\/users\/1"}],"replies":[{"embeddable":true,"href":"https:\/\/portale2.unime.it\/hedu\/wp-json\/wp\/v2\/comments?post=1743"}],"version-history":[{"count":0,"href":"https:\/\/portale2.unime.it\/hedu\/wp-json\/wp\/v2\/pages\/1743\/revisions"}],"wp:attachment":[{"href":"https:\/\/portale2.unime.it\/hedu\/wp-json\/wp\/v2\/media?parent=1743"}],"curies":[{"name":"wp","href":"https:\/\/api.w.org\/{rel}","templated":true}]}}