{"id":543,"date":"2021-03-30T09:30:03","date_gmt":"2021-03-30T07:30:03","guid":{"rendered":"https:\/\/portale.unime.it\/hedu\/?page_id=543"},"modified":"2021-03-30T09:30:03","modified_gmt":"2021-03-30T07:30:03","slug":"link-utili-2","status":"publish","type":"page","link":"https:\/\/portale2.unime.it\/hedu\/link-utili-2\/","title":{"rendered":"RISORSE"},"content":{"rendered":"\t\t<div data-elementor-type=\"wp-page\" data-elementor-id=\"543\" class=\"elementor elementor-543\">\n\t\t\t\t\t\t<section class=\"elementor-section elementor-top-section elementor-element elementor-element-3216c13d elementor-section-boxed elementor-section-height-default elementor-section-height-default\" data-id=\"3216c13d\" data-element_type=\"section\" data-e-type=\"section\">\n\t\t\t\t\t\t<div class=\"elementor-container elementor-column-gap-default\">\n\t\t\t\t\t\t<\/div>\n\t\t<\/section>\n\t\t\t\t<section class=\"elementor-section elementor-top-section elementor-element elementor-element-7353bee elementor-section-boxed elementor-section-height-default elementor-section-height-default\" data-id=\"7353bee\" data-element_type=\"section\" data-e-type=\"section\">\n\t\t\t\t\t\t<div class=\"elementor-container elementor-column-gap-default\">\n\t\t\t\t\t<div class=\"elementor-column elementor-col-50 elementor-top-column elementor-element elementor-element-fbb5daf\" data-id=\"fbb5daf\" data-element_type=\"column\" data-e-type=\"column\">\n\t\t\t<div class=\"elementor-widget-wrap elementor-element-populated\">\n\t\t\t\t\t\t<div class=\"elementor-element elementor-element-69a44081 elementor-widget elementor-widget-text-editor\" data-id=\"69a44081\" data-element_type=\"widget\" data-e-type=\"widget\" data-widget_type=\"text-editor.default\">\n\t\t\t\t<div class=\"elementor-widget-container\">\n\t\t\t\t\t\t\t\t\t<ul><li><span style=\"color: #ff0000\"><strong><span style=\"font-size: 12pt\">SITI ISTITUZIONALI\u00a0<\/span><\/strong><\/span><\/li><li><span style=\"font-size: 10pt;color: #993300\"><a href=\"https:\/\/www.anvur.it\">ANVUR &#8211; Agenzia Nazionale di Valutazione del Sistema Universitario e della Ricerca<\/a><\/span><\/li><li><span style=\"font-size: 10pt\"><a href=\"https:\/\/www.miur.gov.it\">MIUR<\/a><\/span><\/li><li><span style=\"font-size: 10pt\"><a href=\"https:\/\/www.indire.it\">Istituto Nazionale Documentazione Innovazione Ricerca Innovativa (INDIRE)\u00a0<\/a><\/span><\/li><li>\u00a0<\/li><li><span style=\"color: #ff0000\"><strong><span style=\"font-size: 12pt\">SOCIETA&#8217; ACCADEMICHE<\/span><\/strong><\/span><\/li><li><span style=\"font-size: 10pt\"><a href=\"https:\/\/aiph.hypotheses.org\">Associazione Italiana di Public History (AIPH)<\/a><\/span><\/li><li><span style=\"font-size: 10pt\"><a href=\"https:\/\/new.cirse.it\">Centro Italiano per la Ricerca Storico Educativa (CIRSE)<\/a><\/span><\/li><li><span style=\"font-size: 10pt\"><a href=\"https:\/\/www.siped.it\">Societ\u00e0 Italiana di Pedagogia (SIPED)<\/a><\/span><\/li><li><span style=\"font-size: 10pt\"><a href=\"http:\/\/www.sipse.eu\">Societ\u00e0 Italiana per lo Studio del Patrimonio Storico-Educativo (SIPSE)<\/a><\/span><\/li><li><span style=\"font-size: 10pt\">Societ\u00e0 Politica Educazione e Storia (SPES)<\/span><\/li><li><span style=\"font-size: 10pt\"><a href=\"https:\/\/www.historyofeducation.org\">History of Education Society<\/a><\/span><\/li><li><a href=\"https:\/\/historyofeducation.org.uk\"><span style=\"font-size: 10pt\">History of Education Society (UK)<\/span><\/a><\/li><li>\u00a0<\/li><li><strong style=\"color: #ff0000;font-size: 15px\"><span style=\"font-size: 12pt\">RIVISTE SCIENTIFICHE\u00a0<\/span><\/strong><\/li><\/ul><ul><li><span style=\"font-size: 10pt\"><a href=\"http:\/\/www.morcelliana.net\/204-annali-di-storia-dell-educazione\"><em>Annali di Storia dell&#8217;Educazione e delle Istituzioni Scolastiche<\/em><\/a><\/span><\/li><li><em><span style=\"font-size: 10pt\"><a href=\"https:\/\/www.espaciotiempoyeducacion.com\/ojs\/index.php\/ete\">Espacio, Tiempo y Education<\/a><\/span><\/em><\/li><li><span style=\"font-size: 10pt\"><em><a href=\"https:\/\/forperlav.unibg.it\/index.php\/fpl\">Formazione, Lavoro, Persona<\/a><\/em><\/span><\/li><li><a href=\"https:\/\/www.tandfonline.com\/toc\/thed20\/current\"><span style=\"font-size: 10pt\">History of Education. Journal of History of Education Society<\/span><\/a><\/li><li><em><span style=\"font-size: 10pt\"><a href=\"http:\/\/www.hecl.it\">History of Education &amp; Children&#8217;s Literature (HECL)<\/a><\/span><\/em><\/li><li><em><span style=\"font-size: 10pt\"><a href=\"http:\/\/www.metisjournal.it\/index.php\/metis\">Metis. Mondi educativi. Temi Indagini Suggestioni<\/a><\/span><\/em><\/li><li><em><span style=\"font-size: 10pt\"><a href=\"https:\/\/www.googleadservices.com\/pagead\/aclk?sa=L&amp;ai=DChcSEwiygKK8mJfwAhXG43cKHbK7AusYABAAGgJlZg&amp;ae=2&amp;ohost=www.google.com&amp;cid=CAESQeD28o2oyUQlMpNJhHenBhHVpOcQ38lidjV2K-ij9wgSqJ3QmUGthI-q4PqYDjcZcRucXd2p11bm8iKp3RSCZOuh&amp;sig=AOD64_0BzLtHPQKMcnVSBiawKS4MqRTL4A&amp;q&amp;adurl&amp;ved=2ahUKEwiTqJq8mJfwAhVF-6QKHRVCD0IQ0Qx6BAgCEAE&amp;dct=1\">Pedagogia Historica<\/a><\/span><\/em><\/li><li><em><span style=\"font-size: 10pt\"><a href=\"https:\/\/ojs.pensamultimedia.it\/index.php\/siped\">Pedagogia Oggi (SIPED)<\/a><\/span><\/em><\/li><li><span style=\"font-style: italic\"><span style=\"font-size: 10pt\"><a href=\"https:\/\/cab.unime.it\/journals\/index.php\/qdi\">Quaderni di intercultura<\/a><\/span><\/span><\/li><li><em><span style=\"font-size: 10pt\"><a href=\"https:\/\/rivistadistoriadelleducazione.it\/index.php\/rse\">Rivista di Storia dell&#8217;Educazione (CIRSE)<\/a><\/span><\/em><\/li><li><em><a href=\"http:\/\/www.storiamediterranea.it\/portfolio-category\/rivista\/?p=a\"><span style=\"font-size: 10pt\">Mediterranea &#8211; Ricerche storiche<\/span><\/a><\/em><\/li><li>\u00a0<\/li><li><span style=\"color: #ff0000\"><strong><span style=\"font-size: 12pt\">ISTITUZIONI\/ENTI\/ASSOCIAZIONI<\/span><\/strong><\/span><\/li><li><a href=\"https:\/\/www.eera-ecer.de\"><span style=\"font-size: 10pt\">European Educational Research Association (EERA)<\/span><\/a><\/li><li><span style=\"font-size: 10pt\"><a href=\"https:\/\/www.ische.org\">International Standing Conference for the History of Education (ISCHE)<\/a><\/span><\/li><\/ul>\t\t\t\t\t\t\t\t<\/div>\n\t\t\t\t<\/div>\n\t\t\t\t<div class=\"elementor-element elementor-element-63918e4 elementor-widget elementor-widget-text-editor\" data-id=\"63918e4\" data-element_type=\"widget\" data-e-type=\"widget\" data-widget_type=\"text-editor.default\">\n\t\t\t\t<div class=\"elementor-widget-container\">\n\t\t\t\t\t\t\t\t\t<ul><li><strong style=\"color: #000000;font-size: 12pt\"><span style=\"color: #ff0000\">RISORSE PER LA RICERCA\u00a0<\/span><\/strong><\/li><li><a href=\"https:\/\/opac.sbn.it\/opacsbn\/opac\/iccu\/free.jsp\"><span style=\"font-size: 10pt\"><span style=\"color: #ff0000\">Catalogo del Servizio Bibliotecario Nazionale<\/span><\/span><\/a><\/li><\/ul>\t\t\t\t\t\t\t\t<\/div>\n\t\t\t\t<\/div>\n\t\t\t\t<div class=\"elementor-element elementor-element-0b36721 elementor-widget elementor-widget-text-editor\" data-id=\"0b36721\" data-element_type=\"widget\" data-e-type=\"widget\" data-widget_type=\"text-editor.default\">\n\t\t\t\t<div class=\"elementor-widget-container\">\n\t\t\t\t\t\t\t\t\t<ul><li><span style=\"color: #ff0000\"><strong><span style=\"font-size: 12pt\">GUIDE BIBLIOGRAFICHE<\/span><\/strong><\/span><\/li><li><span style=\"font-size: 10pt\"><a href=\"http:\/\/www.funzioniobiettivo.it\/Laboratori\/La_storia_della_scuola_italiana_e_delle_sue_riforme.htm\">La storia della scuola italiana e delle sue riforme. Guida bibliografica<\/a> (Angelo Gaudio)<\/span><\/li><\/ul>\t\t\t\t\t\t\t\t<\/div>\n\t\t\t\t<\/div>\n\t\t\t\t<div class=\"elementor-element elementor-element-5d297e8 elementor-widget elementor-widget-text-editor\" data-id=\"5d297e8\" data-element_type=\"widget\" data-e-type=\"widget\" data-widget_type=\"text-editor.default\">\n\t\t\t\t<div class=\"elementor-widget-container\">\n\t\t\t\t\t\t\t\t\t<ul><li><strong style=\"color: #000000;font-size: 12pt\"><span style=\"color: #ff0000\">SCUOLA, ISTRUZIONE, DIDATTICA<\/span><\/strong><span style=\"font-size: 8pt\"><span style=\"color: #ff0000\">\u00a0<\/span><\/span><\/li><li><span style=\"font-size: 10pt\"><a href=\"https:\/\/www.rpscuola.it\">RP Scuola<\/a><\/span><\/li><li><a href=\"https:\/\/www.orizzontescuola.it\"><span style=\"font-size: 10pt\">Orizzonte Scuola<\/span><\/a><\/li><\/ul>\t\t\t\t\t\t\t\t<\/div>\n\t\t\t\t<\/div>\n\t\t\t\t\t<\/div>\n\t\t<\/div>\n\t\t\t\t<div class=\"elementor-column elementor-col-50 elementor-top-column elementor-element elementor-element-37d02b8\" data-id=\"37d02b8\" data-element_type=\"column\" data-e-type=\"column\">\n\t\t\t<div class=\"elementor-widget-wrap elementor-element-populated\">\n\t\t\t\t\t\t<div class=\"elementor-element elementor-element-1075dfb elementor-widget elementor-widget-text-editor\" data-id=\"1075dfb\" data-element_type=\"widget\" data-e-type=\"widget\" data-widget_type=\"text-editor.default\">\n\t\t\t\t<div class=\"elementor-widget-container\">\n\t\t\t\t\t\t\t\t\t<ul><li><strong><span style=\"font-size: 12pt;color: #ff0000\">ARCHIVI STORICI DEL MEZZOGIORNO\u00a0<\/span><\/strong><\/li><li><a href=\"https:\/\/www.acs.beniculturali.it\"><span style=\"font-size: 10pt\">Archivio Centrale dello Stato<\/span><\/a><\/li><li><a href=\"http:\/\/www.archiviodistatoagrigento.beniculturali.it\"><span style=\"font-size: 10pt\">Archivio di Stato di Agrigento<\/span><\/a><\/li><li><a href=\"http:\/\/www.asavellino.beniculturali.it\/index.php\/it\/\"><span style=\"font-size: 10pt\">Archivio di Stato di Avellino<\/span><\/a><\/li><li><a href=\"http:\/\/archiviodistatobenevento.beniculturali.it\"><span style=\"font-size: 10pt\">Archivio di Stato di Benevento<\/span><\/a><\/li><li><a href=\"https:\/\/www.ascaserta.beniculturali.it\/home\"><span style=\"font-size: 10pt\">Archivio di Stato di Caserta<\/span><\/a><\/li><li><a href=\"https:\/\/www.archiviodistatocosenza.beniculturali.it\"><span style=\"font-size: 10pt\">Archivio di Stato di Cosenza<\/span><\/a><\/li><li><a href=\"http:\/\/www.archiviodistatoenna.beniculturali.it\"><span style=\"font-size: 10pt\">Archivio di Stato di Enna<\/span><\/a><\/li><li><a href=\"https:\/\/www.archiviodistatonapoli.it\"><span style=\"font-size: 10pt\">Archivio di Stato di Napoli<\/span><\/a><\/li><li><a href=\"https:\/\/www.saassipa.beniculturali.it\"><span style=\"font-size: 10pt\">Archivio di Stato di Palermo<\/span><\/a><\/li><li><a href=\"http:\/\/archiviodistatopotenza.beniculturali.it\/aspz\/Startup.do;jsessionid=738B5DF689F63696FE7AC81829EF602B\"><span style=\"font-size: 10pt\">Archivio di Stato di Potenza<\/span><\/a><\/li><li><a href=\"http:\/\/www.archiviodistatoreggiocalabria.beniculturali.it\"><span style=\"font-size: 10pt\">Archivio di Stato di Reggio Calabria<\/span><\/a><\/li><li><a href=\"http:\/\/www.archiviodistatosalerno.beniculturali.it\"><span style=\"font-size: 10pt\">Archivio di Stato di Salerno<\/span><\/a><\/li><li><a href=\"http:\/\/www.archiviodistatosiracusa.beniculturali.it\"><span style=\"font-size: 10pt\">Archivio di Stato di Siracusa<\/span><\/a><\/li><li><a href=\"https:\/\/www.archiviodiocesanoreggiobova.it\"><span style=\"font-size: 10pt\">Archivio storico diocesano Reggio Calabria-Bova<\/span><\/a><\/li><li><span style=\"font-size: 10pt\"><a href=\"https:\/\/www.facebook.com\/archiviostoricodiocesanotp\/\">Archivio Storico della Diocesi di Trapani<\/a><\/span><\/li><li><a href=\"http:\/\/www.archiviomonreale.sicilia.it\"><span style=\"font-size: 10pt\">Archivio Storico diocesano di Monreale<\/span><\/a><\/li><\/ul>\t\t\t\t\t\t\t\t<\/div>\n\t\t\t\t<\/div>\n\t\t\t\t<div class=\"elementor-element elementor-element-b349ef6 elementor-widget elementor-widget-text-editor\" data-id=\"b349ef6\" data-element_type=\"widget\" data-e-type=\"widget\" data-widget_type=\"text-editor.default\">\n\t\t\t\t<div class=\"elementor-widget-container\">\n\t\t\t\t\t\t\t\t\t<ul><li><strong style=\"color: #000000;font-size: 12pt\"><span style=\"color: #ff0000\">SCUOLE STORICHE DEL SUD ITALIA\u00a0<\/span><\/strong><\/li><li><a href=\"http:\/\/convittocutellict.gov.it\"><span style=\"font-size: 10pt\">Convitto Mario Cutelli, Catania<\/span><\/a><\/li><li><a href=\"https:\/\/www.maurolicomessina.edu.it\"><span style=\"font-size: 10pt\">Liceo-Ginnasio Francesco Maurolico, Messina<\/span><\/a><\/li><li><span style=\"font-size: 10pt\"><a href=\"https:\/\/www.rpscuola.it\">Liceo Statale Giuseppina Turrisi-Colonna, Catania<\/a><\/span><\/li><li><span style=\"font-size: 10pt\"><a href=\"https:\/\/liceofardellaximenes.edu.it\">Liceo scientifico Vincenzo Fardella, Trapani<\/a><\/span><\/li><li><a href=\"https:\/\/www.giannonebn.edu.it\"><span style=\"font-size: 10pt\">Liceo classico, Pietro Giannone, Benevento<\/span><\/a><\/li><li>\u00a0<\/li><\/ul>\t\t\t\t\t\t\t\t<\/div>\n\t\t\t\t<\/div>\n\t\t\t\t<div class=\"elementor-element elementor-element-542c2a4 elementor-invisible elementor-widget elementor-widget-image\" data-id=\"542c2a4\" data-element_type=\"widget\" data-e-type=\"widget\" data-settings=\"{&quot;_animation&quot;:&quot;swing&quot;}\" data-widget_type=\"image.default\">\n\t\t\t\t<div class=\"elementor-widget-container\">\n\t\t\t\t\t\t\t\t\t\t\t\t\t\t\t<img fetchpriority=\"high\" decoding=\"async\" width=\"1024\" height=\"668\" src=\"https:\/\/portale2.unime.it\/hedu\/wp-content\/uploads\/sites\/34\/2021\/05\/s-l1600-1-e1619884103946-1024x668.jpg\" class=\"attachment-large size-large wp-image-4266\" alt=\"\" srcset=\"https:\/\/portale2.unime.it\/hedu\/wp-content\/uploads\/sites\/34\/2021\/05\/s-l1600-1-e1619884103946-1024x668.jpg 1024w, https:\/\/portale2.unime.it\/hedu\/wp-content\/uploads\/sites\/34\/2021\/05\/s-l1600-1-e1619884103946-300x196.jpg 300w, https:\/\/portale2.unime.it\/hedu\/wp-content\/uploads\/sites\/34\/2021\/05\/s-l1600-1-e1619884103946-768x501.jpg 768w, https:\/\/portale2.unime.it\/hedu\/wp-content\/uploads\/sites\/34\/2021\/05\/s-l1600-1-e1619884103946.jpg 1472w\" sizes=\"(max-width: 1024px) 100vw, 1024px\" style=\"width:100%;height:65.22%;max-width:1472px\" \/>\t\t\t\t\t\t\t\t\t\t\t\t\t\t\t<\/div>\n\t\t\t\t<\/div>\n\t\t\t\t\t<\/div>\n\t\t<\/div>\n\t\t\t\t\t<\/div>\n\t\t<\/section>\n\t\t\t\t<section class=\"elementor-section elementor-top-section elementor-element elementor-element-1a41faa elementor-section-boxed elementor-section-height-default elementor-section-height-default\" data-id=\"1a41faa\" data-element_type=\"section\" data-e-type=\"section\">\n\t\t\t\t\t\t<div class=\"elementor-container elementor-column-gap-default\">\n\t\t\t\t\t<div class=\"elementor-column elementor-col-100 elementor-top-column elementor-element elementor-element-5100375\" data-id=\"5100375\" data-element_type=\"column\" data-e-type=\"column\">\n\t\t\t<div class=\"elementor-widget-wrap elementor-element-populated\">\n\t\t\t\t\t\t<div class=\"elementor-element elementor-element-b7eb82c elementor-widget elementor-widget-image\" data-id=\"b7eb82c\" data-element_type=\"widget\" data-e-type=\"widget\" data-widget_type=\"image.default\">\n\t\t\t\t<div class=\"elementor-widget-container\">\n\t\t\t\t\t\t\t\t\t\t\t\t\t\t\t<img decoding=\"async\" width=\"1024\" height=\"707\" src=\"https:\/\/portale2.unime.it\/hedu\/wp-content\/uploads\/sites\/34\/2021\/05\/WhatsApp-Image-2021-05-01-at-12.49.55-1024x707.jpeg\" class=\"attachment-large size-large wp-image-4257\" alt=\"\" srcset=\"https:\/\/portale2.unime.it\/hedu\/wp-content\/uploads\/sites\/34\/2021\/05\/WhatsApp-Image-2021-05-01-at-12.49.55-1024x707.jpeg 1024w, https:\/\/portale2.unime.it\/hedu\/wp-content\/uploads\/sites\/34\/2021\/05\/WhatsApp-Image-2021-05-01-at-12.49.55-300x207.jpeg 300w, https:\/\/portale2.unime.it\/hedu\/wp-content\/uploads\/sites\/34\/2021\/05\/WhatsApp-Image-2021-05-01-at-12.49.55-768x530.jpeg 768w, https:\/\/portale2.unime.it\/hedu\/wp-content\/uploads\/sites\/34\/2021\/05\/WhatsApp-Image-2021-05-01-at-12.49.55-1536x1061.jpeg 1536w, https:\/\/portale2.unime.it\/hedu\/wp-content\/uploads\/sites\/34\/2021\/05\/WhatsApp-Image-2021-05-01-at-12.49.55.jpeg 1600w\" sizes=\"(max-width: 1024px) 100vw, 1024px\" style=\"width:100%;height:69.06%;max-width:1600px\" \/>\t\t\t\t\t\t\t\t\t\t\t\t\t\t\t<\/div>\n\t\t\t\t<\/div>\n\t\t\t\t\t<\/div>\n\t\t<\/div>\n\t\t\t\t\t<\/div>\n\t\t<\/section>\n\t\t\t\t<\/div>\n\t\t","protected":false},"excerpt":{"rendered":"<p>SITI ISTITUZIONALI\u00a0 ANVUR &#8211; Agenzia Nazionale di Valutazione del Sistema Universitario e della Ricerca MIUR Istituto Nazionale Documentazione Innovazione Ricerca Innovativa (INDIRE)\u00a0 \u00a0 SOCIETA&#8217; ACCADEMICHE Associazione Italiana di Public History (AIPH) Centro Italiano per la Ricerca Storico Educativa (CIRSE) Societ\u00e0 Italiana di Pedagogia (SIPED) Societ\u00e0 Italiana per lo Studio del Patrimonio Storico-Educativo (SIPSE) Societ\u00e0 Politica&hellip; <a class=\"more-link\" href=\"https:\/\/portale2.unime.it\/hedu\/link-utili-2\/\">Continua a leggere <span class=\"screen-reader-text\">RISORSE<\/span><\/a><\/p>\n","protected":false},"author":1,"featured_media":1787,"parent":0,"menu_order":0,"comment_status":"closed","ping_status":"closed","template":"elementor_header_footer","meta":{"footnotes":""},"class_list":["post-543","page","type-page","status-publish","has-post-thumbnail","hentry","entry"],"yoast_head":"<!-- This site is optimized with the Yoast SEO plugin v27.3 - https:\/\/yoast.com\/product\/yoast-seo-wordpress\/ -->\n<title>RISORSE - HEDU - History of Education<\/title>\n<meta name=\"robots\" content=\"index, follow, max-snippet:-1, max-image-preview:large, max-video-preview:-1\" \/>\n<link rel=\"canonical\" href=\"https:\/\/hedu.unime.it\/link-utili-2\/\" \/>\n<meta property=\"og:locale\" content=\"it_IT\" \/>\n<meta property=\"og:type\" content=\"article\" \/>\n<meta property=\"og:title\" content=\"RISORSE - HEDU - History of Education\" \/>\n<meta property=\"og:description\" content=\"SITI ISTITUZIONALI\u00a0 ANVUR &#8211; Agenzia Nazionale di Valutazione del Sistema Universitario e della Ricerca MIUR Istituto Nazionale Documentazione Innovazione Ricerca Innovativa (INDIRE)\u00a0 \u00a0 SOCIETA&#8217; ACCADEMICHE Associazione Italiana di Public History (AIPH) Centro Italiano per la Ricerca Storico Educativa (CIRSE) Societ\u00e0 Italiana di Pedagogia (SIPED) Societ\u00e0 Italiana per lo Studio del Patrimonio Storico-Educativo (SIPSE) Societ\u00e0 Politica&hellip; Continua a leggere RISORSE\" \/>\n<meta property=\"og:url\" content=\"https:\/\/hedu.unime.it\/link-utili-2\/\" \/>\n<meta property=\"og:site_name\" content=\"HEDU - History of Education\" \/>\n<meta property=\"og:image\" content=\"https:\/\/portale2.unime.it\/hedu\/wp-content\/uploads\/sites\/34\/2021\/04\/GabbianoReale_26_f_BR.jpg_201369204742_GabbianoReale_26_f_BR.jpg\" \/>\n\t<meta property=\"og:image:width\" content=\"1200\" \/>\n\t<meta property=\"og:image:height\" content=\"800\" \/>\n\t<meta property=\"og:image:type\" content=\"image\/jpeg\" \/>\n<meta name=\"twitter:card\" content=\"summary_large_image\" \/>\n<meta name=\"twitter:label1\" content=\"Tempo di lettura stimato\" \/>\n\t<meta name=\"twitter:data1\" content=\"2 minuti\" \/>\n<script type=\"application\/ld+json\" class=\"yoast-schema-graph\">{\"@context\":\"https:\\\/\\\/schema.org\",\"@graph\":[{\"@type\":\"WebPage\",\"@id\":\"https:\\\/\\\/hedu.unime.it\\\/link-utili-2\\\/\",\"url\":\"https:\\\/\\\/hedu.unime.it\\\/link-utili-2\\\/\",\"name\":\"RISORSE - HEDU - History of Education\",\"isPartOf\":{\"@id\":\"https:\\\/\\\/portale2.unime.it\\\/hedu\\\/#website\"},\"primaryImageOfPage\":{\"@id\":\"https:\\\/\\\/hedu.unime.it\\\/link-utili-2\\\/#primaryimage\"},\"image\":{\"@id\":\"https:\\\/\\\/hedu.unime.it\\\/link-utili-2\\\/#primaryimage\"},\"thumbnailUrl\":\"https:\\\/\\\/portale2.unime.it\\\/hedu\\\/wp-content\\\/uploads\\\/sites\\\/34\\\/2021\\\/04\\\/GabbianoReale_26_f_BR.jpg_201369204742_GabbianoReale_26_f_BR.jpg\",\"datePublished\":\"2021-03-30T07:30:03+00:00\",\"breadcrumb\":{\"@id\":\"https:\\\/\\\/hedu.unime.it\\\/link-utili-2\\\/#breadcrumb\"},\"inLanguage\":\"it-IT\",\"potentialAction\":[{\"@type\":\"ReadAction\",\"target\":[\"https:\\\/\\\/hedu.unime.it\\\/link-utili-2\\\/\"]}]},{\"@type\":\"ImageObject\",\"inLanguage\":\"it-IT\",\"@id\":\"https:\\\/\\\/hedu.unime.it\\\/link-utili-2\\\/#primaryimage\",\"url\":\"https:\\\/\\\/portale2.unime.it\\\/hedu\\\/wp-content\\\/uploads\\\/sites\\\/34\\\/2021\\\/04\\\/GabbianoReale_26_f_BR.jpg_201369204742_GabbianoReale_26_f_BR.jpg\",\"contentUrl\":\"https:\\\/\\\/portale2.unime.it\\\/hedu\\\/wp-content\\\/uploads\\\/sites\\\/34\\\/2021\\\/04\\\/GabbianoReale_26_f_BR.jpg_201369204742_GabbianoReale_26_f_BR.jpg\",\"width\":1200,\"height\":800},{\"@type\":\"BreadcrumbList\",\"@id\":\"https:\\\/\\\/hedu.unime.it\\\/link-utili-2\\\/#breadcrumb\",\"itemListElement\":[{\"@type\":\"ListItem\",\"position\":1,\"name\":\"Home\",\"item\":\"https:\\\/\\\/portale2.unime.it\\\/hedu\\\/\"},{\"@type\":\"ListItem\",\"position\":2,\"name\":\"RISORSE\"}]},{\"@type\":\"WebSite\",\"@id\":\"https:\\\/\\\/portale2.unime.it\\\/hedu\\\/#website\",\"url\":\"https:\\\/\\\/portale2.unime.it\\\/hedu\\\/\",\"name\":\"HEDU - History of Education\",\"description\":\"Gli Eventi e le ricerche dell&#039;area storico educativa\",\"publisher\":{\"@id\":\"https:\\\/\\\/portale2.unime.it\\\/hedu\\\/#organization\"},\"potentialAction\":[{\"@type\":\"SearchAction\",\"target\":{\"@type\":\"EntryPoint\",\"urlTemplate\":\"https:\\\/\\\/portale2.unime.it\\\/hedu\\\/?s={search_term_string}\"},\"query-input\":{\"@type\":\"PropertyValueSpecification\",\"valueRequired\":true,\"valueName\":\"search_term_string\"}}],\"inLanguage\":\"it-IT\"},{\"@type\":\"Organization\",\"@id\":\"https:\\\/\\\/portale2.unime.it\\\/hedu\\\/#organization\",\"name\":\"HEDU - History of Education\",\"url\":\"https:\\\/\\\/portale2.unime.it\\\/hedu\\\/\",\"logo\":{\"@type\":\"ImageObject\",\"inLanguage\":\"it-IT\",\"@id\":\"https:\\\/\\\/portale2.unime.it\\\/hedu\\\/#\\\/schema\\\/logo\\\/image\\\/\",\"url\":\"https:\\\/\\\/portale2.unime.it\\\/hedu\\\/wp-content\\\/uploads\\\/sites\\\/34\\\/2021\\\/04\\\/hedu-logo.png\",\"contentUrl\":\"https:\\\/\\\/portale2.unime.it\\\/hedu\\\/wp-content\\\/uploads\\\/sites\\\/34\\\/2021\\\/04\\\/hedu-logo.png\",\"width\":390,\"height\":179,\"caption\":\"HEDU - History of Education\"},\"image\":{\"@id\":\"https:\\\/\\\/portale2.unime.it\\\/hedu\\\/#\\\/schema\\\/logo\\\/image\\\/\"}}]}<\/script>\n<!-- \/ Yoast SEO plugin. -->","yoast_head_json":{"title":"RISORSE - HEDU - History of Education","robots":{"index":"index","follow":"follow","max-snippet":"max-snippet:-1","max-image-preview":"max-image-preview:large","max-video-preview":"max-video-preview:-1"},"canonical":"https:\/\/hedu.unime.it\/link-utili-2\/","og_locale":"it_IT","og_type":"article","og_title":"RISORSE - HEDU - History of Education","og_description":"SITI ISTITUZIONALI\u00a0 ANVUR &#8211; Agenzia Nazionale di Valutazione del Sistema Universitario e della Ricerca MIUR Istituto Nazionale Documentazione Innovazione Ricerca Innovativa (INDIRE)\u00a0 \u00a0 SOCIETA&#8217; ACCADEMICHE Associazione Italiana di Public History (AIPH) Centro Italiano per la Ricerca Storico Educativa (CIRSE) Societ\u00e0 Italiana di Pedagogia (SIPED) Societ\u00e0 Italiana per lo Studio del Patrimonio Storico-Educativo (SIPSE) Societ\u00e0 Politica&hellip; Continua a leggere RISORSE","og_url":"https:\/\/hedu.unime.it\/link-utili-2\/","og_site_name":"HEDU - History of Education","og_image":[{"width":1200,"height":800,"url":"https:\/\/portale2.unime.it\/hedu\/wp-content\/uploads\/sites\/34\/2021\/04\/GabbianoReale_26_f_BR.jpg_201369204742_GabbianoReale_26_f_BR.jpg","type":"image\/jpeg"}],"twitter_card":"summary_large_image","twitter_misc":{"Tempo di lettura stimato":"2 minuti"},"schema":{"@context":"https:\/\/schema.org","@graph":[{"@type":"WebPage","@id":"https:\/\/hedu.unime.it\/link-utili-2\/","url":"https:\/\/hedu.unime.it\/link-utili-2\/","name":"RISORSE - HEDU - History of Education","isPartOf":{"@id":"https:\/\/portale2.unime.it\/hedu\/#website"},"primaryImageOfPage":{"@id":"https:\/\/hedu.unime.it\/link-utili-2\/#primaryimage"},"image":{"@id":"https:\/\/hedu.unime.it\/link-utili-2\/#primaryimage"},"thumbnailUrl":"https:\/\/portale2.unime.it\/hedu\/wp-content\/uploads\/sites\/34\/2021\/04\/GabbianoReale_26_f_BR.jpg_201369204742_GabbianoReale_26_f_BR.jpg","datePublished":"2021-03-30T07:30:03+00:00","breadcrumb":{"@id":"https:\/\/hedu.unime.it\/link-utili-2\/#breadcrumb"},"inLanguage":"it-IT","potentialAction":[{"@type":"ReadAction","target":["https:\/\/hedu.unime.it\/link-utili-2\/"]}]},{"@type":"ImageObject","inLanguage":"it-IT","@id":"https:\/\/hedu.unime.it\/link-utili-2\/#primaryimage","url":"https:\/\/portale2.unime.it\/hedu\/wp-content\/uploads\/sites\/34\/2021\/04\/GabbianoReale_26_f_BR.jpg_201369204742_GabbianoReale_26_f_BR.jpg","contentUrl":"https:\/\/portale2.unime.it\/hedu\/wp-content\/uploads\/sites\/34\/2021\/04\/GabbianoReale_26_f_BR.jpg_201369204742_GabbianoReale_26_f_BR.jpg","width":1200,"height":800},{"@type":"BreadcrumbList","@id":"https:\/\/hedu.unime.it\/link-utili-2\/#breadcrumb","itemListElement":[{"@type":"ListItem","position":1,"name":"Home","item":"https:\/\/portale2.unime.it\/hedu\/"},{"@type":"ListItem","position":2,"name":"RISORSE"}]},{"@type":"WebSite","@id":"https:\/\/portale2.unime.it\/hedu\/#website","url":"https:\/\/portale2.unime.it\/hedu\/","name":"HEDU - History of Education","description":"Gli Eventi e le ricerche dell&#039;area storico educativa","publisher":{"@id":"https:\/\/portale2.unime.it\/hedu\/#organization"},"potentialAction":[{"@type":"SearchAction","target":{"@type":"EntryPoint","urlTemplate":"https:\/\/portale2.unime.it\/hedu\/?s={search_term_string}"},"query-input":{"@type":"PropertyValueSpecification","valueRequired":true,"valueName":"search_term_string"}}],"inLanguage":"it-IT"},{"@type":"Organization","@id":"https:\/\/portale2.unime.it\/hedu\/#organization","name":"HEDU - History of Education","url":"https:\/\/portale2.unime.it\/hedu\/","logo":{"@type":"ImageObject","inLanguage":"it-IT","@id":"https:\/\/portale2.unime.it\/hedu\/#\/schema\/logo\/image\/","url":"https:\/\/portale2.unime.it\/hedu\/wp-content\/uploads\/sites\/34\/2021\/04\/hedu-logo.png","contentUrl":"https:\/\/portale2.unime.it\/hedu\/wp-content\/uploads\/sites\/34\/2021\/04\/hedu-logo.png","width":390,"height":179,"caption":"HEDU - History of Education"},"image":{"@id":"https:\/\/portale2.unime.it\/hedu\/#\/schema\/logo\/image\/"}}]}},"_links":{"self":[{"href":"https:\/\/portale2.unime.it\/hedu\/wp-json\/wp\/v2\/pages\/543","targetHints":{"allow":["GET"]}}],"collection":[{"href":"https:\/\/portale2.unime.it\/hedu\/wp-json\/wp\/v2\/pages"}],"about":[{"href":"https:\/\/portale2.unime.it\/hedu\/wp-json\/wp\/v2\/types\/page"}],"author":[{"embeddable":true,"href":"https:\/\/portale2.unime.it\/hedu\/wp-json\/wp\/v2\/users\/1"}],"replies":[{"embeddable":true,"href":"https:\/\/portale2.unime.it\/hedu\/wp-json\/wp\/v2\/comments?post=543"}],"version-history":[{"count":0,"href":"https:\/\/portale2.unime.it\/hedu\/wp-json\/wp\/v2\/pages\/543\/revisions"}],"wp:featuredmedia":[{"embeddable":true,"href":"https:\/\/portale2.unime.it\/hedu\/wp-json\/wp\/v2\/media\/1787"}],"wp:attachment":[{"href":"https:\/\/portale2.unime.it\/hedu\/wp-json\/wp\/v2\/media?parent=543"}],"curies":[{"name":"wp","href":"https:\/\/api.w.org\/{rel}","templated":true}]}}