{"id":1986,"date":"2025-04-01T19:20:57","date_gmt":"2025-04-01T17:20:57","guid":{"rendered":"https:\/\/portale2.unime.it\/humhilab\/?page_id=1986"},"modified":"2025-04-17T10:33:08","modified_gmt":"2025-04-17T08:33:08","slug":"ricerca-sulladozione-delle-tecnologie-di-ia-da-parte-delle-pmi-siciliane","status":"publish","type":"page","link":"https:\/\/portale2.unime.it\/humhilab\/ricerca-sulladozione-delle-tecnologie-di-ia-da-parte-delle-pmi-siciliane\/","title":{"rendered":"Ricerca sull&#8217;adozione delle tecnologie di IA da parte delle PMI siciliane"},"content":{"rendered":"\t\t<div data-elementor-type=\"wp-page\" data-elementor-id=\"1986\" class=\"elementor elementor-1986\">\n\t\t\t\t\t\t<section class=\"elementor-section elementor-top-section elementor-element elementor-element-ef838a2 elementor-section-boxed elementor-section-height-default elementor-section-height-default\" data-id=\"ef838a2\" data-element_type=\"section\" data-e-type=\"section\">\n\t\t\t\t\t\t<div class=\"elementor-container elementor-column-gap-default\">\n\t\t\t\t\t<div class=\"elementor-column elementor-col-100 elementor-top-column elementor-element elementor-element-4f0c216\" data-id=\"4f0c216\" data-element_type=\"column\" data-e-type=\"column\">\n\t\t\t<div class=\"elementor-widget-wrap elementor-element-populated\">\n\t\t\t\t\t\t<div class=\"elementor-element elementor-element-2b34a12 elementor-widget elementor-widget-heading\" data-id=\"2b34a12\" data-element_type=\"widget\" data-e-type=\"widget\" data-widget_type=\"heading.default\">\n\t\t\t\t<div class=\"elementor-widget-container\">\n\t\t\t\t\t<h4 class=\"elementor-heading-title elementor-size-default\">Consapevolezza, prospettive ed esigenze degli imprenditori che operano in un'area con specifiche caratteristiche socio-economiche.<\/h4>\t\t\t\t<\/div>\n\t\t\t\t<\/div>\n\t\t\t\t<div class=\"elementor-element elementor-element-79380ef elementor-widget elementor-widget-text-editor\" data-id=\"79380ef\" data-element_type=\"widget\" data-e-type=\"widget\" data-widget_type=\"text-editor.default\">\n\t\t\t\t<div class=\"elementor-widget-container\">\n\t\t\t\t\t\t\t\t\t<p><span style=\"background-color: var(--global--color-background)\">Un gruppo di ricerca dell\u2019Universit\u00e0 di Messina \u2013 con il coinvolgimento dei <b>Dipartimenti COSPECS<\/b> ed <b>Economia<\/b> \u2013 in collaborazione con l\u2019<b>Associazione Lo Stretto Digitale<\/b>\u00a0<\/span>(<a href=\"https:\/\/www.lostrettodigitale.org\">www.lostrettodigitale.org<\/a>), sta conducendo uno studio per dare voce agli imprenditori che operano in contesti con caratteristiche socio- economiche specifiche.<\/p>\t\t\t\t\t\t\t\t<\/div>\n\t\t\t\t<\/div>\n\t\t\t\t\t<\/div>\n\t\t<\/div>\n\t\t\t\t\t<\/div>\n\t\t<\/section>\n\t\t\t\t<section class=\"elementor-section elementor-top-section elementor-element elementor-element-ea38528 elementor-section-boxed elementor-section-height-default elementor-section-height-default\" data-id=\"ea38528\" data-element_type=\"section\" data-e-type=\"section\">\n\t\t\t\t\t\t<div class=\"elementor-container elementor-column-gap-default\">\n\t\t\t\t\t<div class=\"elementor-column elementor-col-100 elementor-top-column elementor-element elementor-element-f75efdf\" data-id=\"f75efdf\" data-element_type=\"column\" data-e-type=\"column\">\n\t\t\t<div class=\"elementor-widget-wrap elementor-element-populated\">\n\t\t\t\t\t\t<div class=\"elementor-element elementor-element-8c82d59 elementor-widget elementor-widget-text-editor\" data-id=\"8c82d59\" data-element_type=\"widget\" data-e-type=\"widget\" data-widget_type=\"text-editor.default\">\n\t\t\t\t<div class=\"elementor-widget-container\">\n\t\t\t\t\t\t\t\t\t<h3><span style=\"font-size: x-large;color: #6ec1e4\">PERCH\u00c9 PARTECIPARE<\/span><\/h3>\nPerch\u00e9 hai l\u2019occasione di contribuire attivamente a un progetto che mira a:\n<ul>\n \t<li>Individuare i fattori che favoriscono o frenano l\u2019adozione dell\u2019intelligenza artificiale nelle imprese del territorio;<\/li>\n \t<li>Far emergere i reali bisogni, dubbi e prospettive degli imprenditori locali in relazione alle tecnologie emergenti;<\/li>\n<\/ul>\n<h3><span style=\"font-size: x-large;color: #6ec1e4\">COME SI SVOLGE LO STUDIO<\/span><\/h3>\nAbbiamo scelto un approccio pratico e orientato ai risultati, basato su due fasi:\n<ul>\n \t<li>Chi siete e come operate;<\/li>\n \t<li>Il vostro grado di digitalizzazione e le infrastrutture disponibili;<\/li>\n \t<li>Se e come utilizzate l\u2019IA, con quali vantaggi e criticit\u00e0;<\/li>\n \t<li>Quali ostacoli vi impediscono di adottarla (finanziari, culturali,\nnormativi).<\/li>\n<\/ul>\n<h3><span style=\"font-size: x-large;color: #6ec1e4\">PARTECIPA ORA<\/span><\/h3>\nLa tua esperienza \u00e8 preziosa.\nRispondi a poche semplici domande cliccando [<a href=\"https:\/\/forms.gle\/s1FX8GN3rxKPuTgj8\">qui<\/a>]. Bastano pochi minuti per portare valore alla tua impresa ed al futuro dell\u2019intero territorio.\n<h3><span style=\"font-size: x-large;color: #6ec1e4\">PERCH\u00c9 \u00c8 IMPORTANTE<\/span><\/h3>\nL\u2019intelligenza artificiale non \u00e8 pi\u00f9 un\u2019ipotesi lontana: \u00e8 una realt\u00e0 che pu\u00f2 fare la differenza \u2013 anche per le PMI. Eppure, in contesti come quello siciliano, la sua adozione \u00e8 ancora limitata e poco compresa.\n\nI risultati non si fermeranno alla teoria ma serviranno per costruire un modello di innovazione concreto, accessibile e sostenibile per tutte le imprese del territorio.\n\n&nbsp;\n\nLINK AL QUESTIONARIO:\n\n<span style=\"font-family: Times;font-size: medium\"><a href=\"https:\/\/forms.gle\/s1FX8GN3rxKPuTgj8\">https:\/\/forms.gle\/s1FX8GN3rxKPuTgj8<\/a><\/span>\t\t\t\t\t\t\t\t<\/div>\n\t\t\t\t<\/div>\n\t\t\t\t\t<\/div>\n\t\t<\/div>\n\t\t\t\t\t<\/div>\n\t\t<\/section>\n\t\t\t\t<\/div>\n\t\t","protected":false},"excerpt":{"rendered":"<p>Consapevolezza, prospettive ed esigenze degli imprenditori che operano in un&#8217;area con specifiche caratteristiche socio-economiche. Un gruppo di ricerca dell\u2019Universit\u00e0 di Messina \u2013 con il coinvolgimento dei Dipartimenti COSPECS ed Economia \u2013 in collaborazione con l\u2019Associazione Lo Stretto Digitale\u00a0(www.lostrettodigitale.org), sta conducendo uno studio per dare voce agli imprenditori che operano in contesti con caratteristiche socio- economiche&hellip; <a class=\"more-link\" href=\"https:\/\/portale2.unime.it\/humhilab\/ricerca-sulladozione-delle-tecnologie-di-ia-da-parte-delle-pmi-siciliane\/\">Continua a leggere <span class=\"screen-reader-text\">Ricerca sull&#8217;adozione delle tecnologie di IA da parte delle PMI siciliane<\/span><\/a><\/p>\n","protected":false},"author":14,"featured_media":0,"parent":0,"menu_order":0,"comment_status":"closed","ping_status":"closed","template":"","meta":{"footnotes":""},"class_list":["post-1986","page","type-page","status-publish","hentry","entry"],"yoast_head":"<!-- This site is optimized with the Yoast SEO plugin v27.4 - https:\/\/yoast.com\/product\/yoast-seo-wordpress\/ -->\n<title>Ricerca sull&#039;adozione delle tecnologie di IA da parte delle PMI siciliane - Humhilab<\/title>\n<meta name=\"robots\" content=\"index, follow, max-snippet:-1, max-image-preview:large, max-video-preview:-1\" \/>\n<link rel=\"canonical\" href=\"https:\/\/portale2.unime.it\/humhilab\/ricerca-sulladozione-delle-tecnologie-di-ia-da-parte-delle-pmi-siciliane\/\" \/>\n<meta property=\"og:locale\" content=\"it_IT\" \/>\n<meta property=\"og:type\" content=\"article\" \/>\n<meta property=\"og:title\" content=\"Ricerca sull&#039;adozione delle tecnologie di IA da parte delle PMI siciliane - Humhilab\" \/>\n<meta property=\"og:description\" content=\"Consapevolezza, prospettive ed esigenze degli imprenditori che operano in un&#8217;area con specifiche caratteristiche socio-economiche. Un gruppo di ricerca dell\u2019Universit\u00e0 di Messina \u2013 con il coinvolgimento dei Dipartimenti COSPECS ed Economia \u2013 in collaborazione con l\u2019Associazione Lo Stretto Digitale\u00a0(www.lostrettodigitale.org), sta conducendo uno studio per dare voce agli imprenditori che operano in contesti con caratteristiche socio- economiche&hellip; Continua a leggere Ricerca sull&#8217;adozione delle tecnologie di IA da parte delle PMI siciliane\" \/>\n<meta property=\"og:url\" content=\"https:\/\/portale2.unime.it\/humhilab\/ricerca-sulladozione-delle-tecnologie-di-ia-da-parte-delle-pmi-siciliane\/\" \/>\n<meta property=\"og:site_name\" content=\"Humhilab\" \/>\n<meta property=\"article:modified_time\" content=\"2025-04-17T08:33:08+00:00\" \/>\n<meta name=\"twitter:card\" content=\"summary_large_image\" \/>\n<meta name=\"twitter:label1\" content=\"Tempo di lettura stimato\" \/>\n\t<meta name=\"twitter:data1\" content=\"2 minuti\" \/>\n<script type=\"application\/ld+json\" class=\"yoast-schema-graph\">{\"@context\":\"https:\\\/\\\/schema.org\",\"@graph\":[{\"@type\":\"WebPage\",\"@id\":\"https:\\\/\\\/portale2.unime.it\\\/humhilab\\\/ricerca-sulladozione-delle-tecnologie-di-ia-da-parte-delle-pmi-siciliane\\\/\",\"url\":\"https:\\\/\\\/portale2.unime.it\\\/humhilab\\\/ricerca-sulladozione-delle-tecnologie-di-ia-da-parte-delle-pmi-siciliane\\\/\",\"name\":\"Ricerca sull'adozione delle tecnologie di IA da parte delle PMI siciliane - Humhilab\",\"isPartOf\":{\"@id\":\"https:\\\/\\\/portale2.unime.it\\\/humhilab\\\/#website\"},\"datePublished\":\"2025-04-01T17:20:57+00:00\",\"dateModified\":\"2025-04-17T08:33:08+00:00\",\"breadcrumb\":{\"@id\":\"https:\\\/\\\/portale2.unime.it\\\/humhilab\\\/ricerca-sulladozione-delle-tecnologie-di-ia-da-parte-delle-pmi-siciliane\\\/#breadcrumb\"},\"inLanguage\":\"it-IT\",\"potentialAction\":[{\"@type\":\"ReadAction\",\"target\":[\"https:\\\/\\\/portale2.unime.it\\\/humhilab\\\/ricerca-sulladozione-delle-tecnologie-di-ia-da-parte-delle-pmi-siciliane\\\/\"]}]},{\"@type\":\"BreadcrumbList\",\"@id\":\"https:\\\/\\\/portale2.unime.it\\\/humhilab\\\/ricerca-sulladozione-delle-tecnologie-di-ia-da-parte-delle-pmi-siciliane\\\/#breadcrumb\",\"itemListElement\":[{\"@type\":\"ListItem\",\"position\":1,\"name\":\"Home\",\"item\":\"https:\\\/\\\/portale2.unime.it\\\/humhilab\\\/\"},{\"@type\":\"ListItem\",\"position\":2,\"name\":\"Ricerca sull&#8217;adozione delle tecnologie di IA da parte delle PMI siciliane\"}]},{\"@type\":\"WebSite\",\"@id\":\"https:\\\/\\\/portale2.unime.it\\\/humhilab\\\/#website\",\"url\":\"https:\\\/\\\/portale2.unime.it\\\/humhilab\\\/\",\"name\":\"Humhilab\",\"description\":\"\",\"publisher\":{\"@id\":\"https:\\\/\\\/portale2.unime.it\\\/humhilab\\\/#organization\"},\"potentialAction\":[{\"@type\":\"SearchAction\",\"target\":{\"@type\":\"EntryPoint\",\"urlTemplate\":\"https:\\\/\\\/portale2.unime.it\\\/humhilab\\\/?s={search_term_string}\"},\"query-input\":{\"@type\":\"PropertyValueSpecification\",\"valueRequired\":true,\"valueName\":\"search_term_string\"}}],\"inLanguage\":\"it-IT\"},{\"@type\":\"Organization\",\"@id\":\"https:\\\/\\\/portale2.unime.it\\\/humhilab\\\/#organization\",\"name\":\"Humhilab\",\"url\":\"https:\\\/\\\/portale2.unime.it\\\/humhilab\\\/\",\"logo\":{\"@type\":\"ImageObject\",\"inLanguage\":\"it-IT\",\"@id\":\"https:\\\/\\\/portale2.unime.it\\\/humhilab\\\/#\\\/schema\\\/logo\\\/image\\\/\",\"url\":\"https:\\\/\\\/portale2.unime.it\\\/humhilab\\\/wp-content\\\/uploads\\\/sites\\\/13\\\/2023\\\/03\\\/cropped-newLogoHuM-HI.png\",\"contentUrl\":\"https:\\\/\\\/portale2.unime.it\\\/humhilab\\\/wp-content\\\/uploads\\\/sites\\\/13\\\/2023\\\/03\\\/cropped-newLogoHuM-HI.png\",\"width\":337,\"height\":421,\"caption\":\"Humhilab\"},\"image\":{\"@id\":\"https:\\\/\\\/portale2.unime.it\\\/humhilab\\\/#\\\/schema\\\/logo\\\/image\\\/\"}}]}<\/script>\n<!-- \/ Yoast SEO plugin. -->","yoast_head_json":{"title":"Ricerca sull'adozione delle tecnologie di IA da parte delle PMI siciliane - Humhilab","robots":{"index":"index","follow":"follow","max-snippet":"max-snippet:-1","max-image-preview":"max-image-preview:large","max-video-preview":"max-video-preview:-1"},"canonical":"https:\/\/portale2.unime.it\/humhilab\/ricerca-sulladozione-delle-tecnologie-di-ia-da-parte-delle-pmi-siciliane\/","og_locale":"it_IT","og_type":"article","og_title":"Ricerca sull'adozione delle tecnologie di IA da parte delle PMI siciliane - Humhilab","og_description":"Consapevolezza, prospettive ed esigenze degli imprenditori che operano in un&#8217;area con specifiche caratteristiche socio-economiche. Un gruppo di ricerca dell\u2019Universit\u00e0 di Messina \u2013 con il coinvolgimento dei Dipartimenti COSPECS ed Economia \u2013 in collaborazione con l\u2019Associazione Lo Stretto Digitale\u00a0(www.lostrettodigitale.org), sta conducendo uno studio per dare voce agli imprenditori che operano in contesti con caratteristiche socio- economiche&hellip; Continua a leggere Ricerca sull&#8217;adozione delle tecnologie di IA da parte delle PMI siciliane","og_url":"https:\/\/portale2.unime.it\/humhilab\/ricerca-sulladozione-delle-tecnologie-di-ia-da-parte-delle-pmi-siciliane\/","og_site_name":"Humhilab","article_modified_time":"2025-04-17T08:33:08+00:00","twitter_card":"summary_large_image","twitter_misc":{"Tempo di lettura stimato":"2 minuti"},"schema":{"@context":"https:\/\/schema.org","@graph":[{"@type":"WebPage","@id":"https:\/\/portale2.unime.it\/humhilab\/ricerca-sulladozione-delle-tecnologie-di-ia-da-parte-delle-pmi-siciliane\/","url":"https:\/\/portale2.unime.it\/humhilab\/ricerca-sulladozione-delle-tecnologie-di-ia-da-parte-delle-pmi-siciliane\/","name":"Ricerca sull'adozione delle tecnologie di IA da parte delle PMI siciliane - Humhilab","isPartOf":{"@id":"https:\/\/portale2.unime.it\/humhilab\/#website"},"datePublished":"2025-04-01T17:20:57+00:00","dateModified":"2025-04-17T08:33:08+00:00","breadcrumb":{"@id":"https:\/\/portale2.unime.it\/humhilab\/ricerca-sulladozione-delle-tecnologie-di-ia-da-parte-delle-pmi-siciliane\/#breadcrumb"},"inLanguage":"it-IT","potentialAction":[{"@type":"ReadAction","target":["https:\/\/portale2.unime.it\/humhilab\/ricerca-sulladozione-delle-tecnologie-di-ia-da-parte-delle-pmi-siciliane\/"]}]},{"@type":"BreadcrumbList","@id":"https:\/\/portale2.unime.it\/humhilab\/ricerca-sulladozione-delle-tecnologie-di-ia-da-parte-delle-pmi-siciliane\/#breadcrumb","itemListElement":[{"@type":"ListItem","position":1,"name":"Home","item":"https:\/\/portale2.unime.it\/humhilab\/"},{"@type":"ListItem","position":2,"name":"Ricerca sull&#8217;adozione delle tecnologie di IA da parte delle PMI siciliane"}]},{"@type":"WebSite","@id":"https:\/\/portale2.unime.it\/humhilab\/#website","url":"https:\/\/portale2.unime.it\/humhilab\/","name":"Humhilab","description":"","publisher":{"@id":"https:\/\/portale2.unime.it\/humhilab\/#organization"},"potentialAction":[{"@type":"SearchAction","target":{"@type":"EntryPoint","urlTemplate":"https:\/\/portale2.unime.it\/humhilab\/?s={search_term_string}"},"query-input":{"@type":"PropertyValueSpecification","valueRequired":true,"valueName":"search_term_string"}}],"inLanguage":"it-IT"},{"@type":"Organization","@id":"https:\/\/portale2.unime.it\/humhilab\/#organization","name":"Humhilab","url":"https:\/\/portale2.unime.it\/humhilab\/","logo":{"@type":"ImageObject","inLanguage":"it-IT","@id":"https:\/\/portale2.unime.it\/humhilab\/#\/schema\/logo\/image\/","url":"https:\/\/portale2.unime.it\/humhilab\/wp-content\/uploads\/sites\/13\/2023\/03\/cropped-newLogoHuM-HI.png","contentUrl":"https:\/\/portale2.unime.it\/humhilab\/wp-content\/uploads\/sites\/13\/2023\/03\/cropped-newLogoHuM-HI.png","width":337,"height":421,"caption":"Humhilab"},"image":{"@id":"https:\/\/portale2.unime.it\/humhilab\/#\/schema\/logo\/image\/"}}]}},"_links":{"self":[{"href":"https:\/\/portale2.unime.it\/humhilab\/wp-json\/wp\/v2\/pages\/1986","targetHints":{"allow":["GET"]}}],"collection":[{"href":"https:\/\/portale2.unime.it\/humhilab\/wp-json\/wp\/v2\/pages"}],"about":[{"href":"https:\/\/portale2.unime.it\/humhilab\/wp-json\/wp\/v2\/types\/page"}],"author":[{"embeddable":true,"href":"https:\/\/portale2.unime.it\/humhilab\/wp-json\/wp\/v2\/users\/14"}],"replies":[{"embeddable":true,"href":"https:\/\/portale2.unime.it\/humhilab\/wp-json\/wp\/v2\/comments?post=1986"}],"version-history":[{"count":12,"href":"https:\/\/portale2.unime.it\/humhilab\/wp-json\/wp\/v2\/pages\/1986\/revisions"}],"predecessor-version":[{"id":2005,"href":"https:\/\/portale2.unime.it\/humhilab\/wp-json\/wp\/v2\/pages\/1986\/revisions\/2005"}],"wp:attachment":[{"href":"https:\/\/portale2.unime.it\/humhilab\/wp-json\/wp\/v2\/media?parent=1986"}],"curies":[{"name":"wp","href":"https:\/\/api.w.org\/{rel}","templated":true}]}}