{"id":1823,"date":"2023-09-01T11:47:27","date_gmt":"2023-09-01T09:47:27","guid":{"rendered":"https:\/\/portale2.unime.it\/labamca\/?page_id=1823"},"modified":"2023-09-06T08:28:31","modified_gmt":"2023-09-06T06:28:31","slug":"proficiency-test","status":"publish","type":"page","link":"https:\/\/portale2.unime.it\/labamca\/proficiency-test\/","title":{"rendered":"PROFICIENCY TEST"},"content":{"rendered":"\t\t<div data-elementor-type=\"wp-page\" data-elementor-id=\"1823\" class=\"elementor elementor-1823\">\n\t\t\t\t\t\t<section class=\"elementor-section elementor-top-section elementor-element elementor-element-3ad4482 elementor-section-boxed elementor-section-height-default elementor-section-height-default\" data-id=\"3ad4482\" data-element_type=\"section\" data-e-type=\"section\">\n\t\t\t\t\t\t<div class=\"elementor-container elementor-column-gap-default\">\n\t\t\t\t\t<div class=\"elementor-column elementor-col-100 elementor-top-column elementor-element elementor-element-f85c4e1\" data-id=\"f85c4e1\" data-element_type=\"column\" data-e-type=\"column\">\n\t\t\t<div class=\"elementor-widget-wrap\">\n\t\t\t\t\t\t\t<\/div>\n\t\t<\/div>\n\t\t\t\t\t<\/div>\n\t\t<\/section>\n\t\t\t\t<section class=\"elementor-section elementor-top-section elementor-element elementor-element-4999d33 elementor-section-boxed elementor-section-height-default elementor-section-height-default\" data-id=\"4999d33\" data-element_type=\"section\" data-e-type=\"section\" data-settings=\"{&quot;background_background&quot;:&quot;classic&quot;}\">\n\t\t\t\t\t\t<div class=\"elementor-container elementor-column-gap-default\">\n\t\t\t\t\t<div class=\"elementor-column elementor-col-100 elementor-top-column elementor-element elementor-element-cb28b0d\" data-id=\"cb28b0d\" data-element_type=\"column\" data-e-type=\"column\">\n\t\t\t<div class=\"elementor-widget-wrap elementor-element-populated\">\n\t\t\t\t\t\t<div class=\"elementor-element elementor-element-db3cc0b elementor-invisible elementor-widget elementor-widget-heading\" data-id=\"db3cc0b\" data-element_type=\"widget\" data-e-type=\"widget\" data-settings=\"{&quot;_animation&quot;:&quot;fadeInDown&quot;}\" data-widget_type=\"heading.default\">\n\t\t\t\t<div class=\"elementor-widget-container\">\n\t\t\t\t\t<h2 class=\"elementor-heading-title elementor-size-default\"><br><br>   PROFICIENCY TEST<br><br><br><\/h2>\t\t\t\t<\/div>\n\t\t\t\t<\/div>\n\t\t\t\t\t<\/div>\n\t\t<\/div>\n\t\t\t\t\t<\/div>\n\t\t<\/section>\n\t\t\t\t<section class=\"elementor-section elementor-top-section elementor-element elementor-element-b476776 elementor-section-boxed elementor-section-height-default elementor-section-height-default\" data-id=\"b476776\" data-element_type=\"section\" data-e-type=\"section\">\n\t\t\t\t\t\t<div class=\"elementor-container elementor-column-gap-default\">\n\t\t\t\t\t<div class=\"elementor-column elementor-col-100 elementor-top-column elementor-element elementor-element-ddc9b33\" data-id=\"ddc9b33\" data-element_type=\"column\" data-e-type=\"column\">\n\t\t\t<div class=\"elementor-widget-wrap elementor-element-populated\">\n\t\t\t\t\t\t<div class=\"elementor-element elementor-element-77aa563 elementor-widget elementor-widget-spacer\" data-id=\"77aa563\" data-element_type=\"widget\" data-e-type=\"widget\" data-widget_type=\"spacer.default\">\n\t\t\t\t<div class=\"elementor-widget-container\">\n\t\t\t\t\t\t\t<div class=\"elementor-spacer\">\n\t\t\t<div class=\"elementor-spacer-inner\"><\/div>\n\t\t<\/div>\n\t\t\t\t\t\t<\/div>\n\t\t\t\t<\/div>\n\t\t\t\t\t<\/div>\n\t\t<\/div>\n\t\t\t\t\t<\/div>\n\t\t<\/section>\n\t\t\t\t<section class=\"elementor-section elementor-top-section elementor-element elementor-element-077f957 elementor-section-boxed elementor-section-height-default elementor-section-height-default\" data-id=\"077f957\" data-element_type=\"section\" data-e-type=\"section\">\n\t\t\t\t\t\t<div class=\"elementor-container elementor-column-gap-default\">\n\t\t\t\t\t<div class=\"elementor-column elementor-col-50 elementor-top-column elementor-element elementor-element-bc68fc1\" data-id=\"bc68fc1\" data-element_type=\"column\" data-e-type=\"column\">\n\t\t\t<div class=\"elementor-widget-wrap elementor-element-populated\">\n\t\t\t\t\t\t<div class=\"elementor-element elementor-element-84a3147 elementor-invisible elementor-widget elementor-widget-image\" data-id=\"84a3147\" data-element_type=\"widget\" data-e-type=\"widget\" data-settings=\"{&quot;_animation&quot;:&quot;fadeInLeft&quot;}\" data-widget_type=\"image.default\">\n\t\t\t\t<div class=\"elementor-widget-container\">\n\t\t\t\t\t\t\t\t\t\t\t\t\t\t\t<img fetchpriority=\"high\" decoding=\"async\" width=\"254\" height=\"377\" src=\"https:\/\/portale2.unime.it\/labamca\/wp-content\/uploads\/sites\/12\/2023\/03\/logo-labamca.png\" class=\"attachment-large size-large wp-image-1600\" alt=\"\" srcset=\"https:\/\/portale2.unime.it\/labamca\/wp-content\/uploads\/sites\/12\/2023\/03\/logo-labamca.png 254w, https:\/\/portale2.unime.it\/labamca\/wp-content\/uploads\/sites\/12\/2023\/03\/logo-labamca-202x300.png 202w\" sizes=\"(max-width: 254px) 100vw, 254px\" style=\"width:100%;height:148.43%;max-width:254px\" \/>\t\t\t\t\t\t\t\t\t\t\t\t\t\t\t<\/div>\n\t\t\t\t<\/div>\n\t\t\t\t\t<\/div>\n\t\t<\/div>\n\t\t\t\t<div class=\"elementor-column elementor-col-50 elementor-top-column elementor-element elementor-element-14215c5 elementor-invisible\" data-id=\"14215c5\" data-element_type=\"column\" data-e-type=\"column\" data-settings=\"{&quot;animation&quot;:&quot;fadeInRight&quot;}\">\n\t\t\t<div class=\"elementor-widget-wrap elementor-element-populated\">\n\t\t\t\t\t\t<div class=\"elementor-element elementor-element-57ea7b8 elementor-widget elementor-widget-text-editor\" data-id=\"57ea7b8\" data-element_type=\"widget\" data-e-type=\"widget\" data-widget_type=\"text-editor.default\">\n\t\t\t\t<div class=\"elementor-widget-container\">\n\t\t\t\t\t\t\t\t\t<p style=\"text-align: justify\"><span style=\"background-color: var(--global--color-background)\"><span style=\"font-family: var( --e-global-typography-text-font-family ), Sans-serif\">Il Laboratorio di analisi Microbiologiche e Chimiche delle Acque dell\u2019Universit\u00e0 degli Studi di Messina assicura la competenza, imparzialit\u00e0, affidabilit\u00e0, certezza dei dati analitici grazie alla rigorosa partecipazione ai diversi circuiti di Proficiency Test, eseguiti per la matrice acqua e per le principali tecniche analitiche impiegate in laboratorio. I Proficiency Test sono prove interlaboratorio impiegate per valutare le prestazioni di un dato laboratorio a fronte di criteri prestabiliti, mediante confronti con altri laboratori. Ci\u00f2 permette una costante \u201cautoverifica\u201d delle proprie capacit\u00e0 di prova e, allo stesso tempo, a una verifica ad ampio spettro delle performance del laboratorio.<br \/>Le prestazioni del laboratorio sono espresse come z-score, che certifica dal punto di vista statistico la differenza del risultato ottenuto dal singolo laboratorio rispetto a quello pi\u00f9 probabile. La partecipazione ai circuiti interlaboratorio rappresenta uno strumento di autocontrollo efficace e indipendente per la valutazione della qualit\u00e0 delle prestazioni offerte. I fornitori di Proficiency Test del Laboratorio AMCA sono nazionali e internazionali ed accreditati secondo la norma ISO\/IEC 17043.<\/span><\/span><\/p>\t\t\t\t\t\t\t\t<\/div>\n\t\t\t\t<\/div>\n\t\t\t\t\t<\/div>\n\t\t<\/div>\n\t\t\t\t\t<\/div>\n\t\t<\/section>\n\t\t\t\t<section class=\"elementor-section elementor-top-section elementor-element elementor-element-1897510 elementor-section-boxed elementor-section-height-default elementor-section-height-default\" data-id=\"1897510\" data-element_type=\"section\" data-e-type=\"section\">\n\t\t\t\t\t\t<div class=\"elementor-container elementor-column-gap-default\">\n\t\t\t\t\t<div class=\"elementor-column elementor-col-100 elementor-top-column elementor-element elementor-element-59c7063\" data-id=\"59c7063\" data-element_type=\"column\" data-e-type=\"column\">\n\t\t\t<div class=\"elementor-widget-wrap elementor-element-populated\">\n\t\t\t\t\t\t<div class=\"elementor-element elementor-element-64a9784 elementor-widget elementor-widget-spacer\" data-id=\"64a9784\" data-element_type=\"widget\" data-e-type=\"widget\" data-widget_type=\"spacer.default\">\n\t\t\t\t<div class=\"elementor-widget-container\">\n\t\t\t\t\t\t\t<div class=\"elementor-spacer\">\n\t\t\t<div class=\"elementor-spacer-inner\"><\/div>\n\t\t<\/div>\n\t\t\t\t\t\t<\/div>\n\t\t\t\t<\/div>\n\t\t\t\t\t<\/div>\n\t\t<\/div>\n\t\t\t\t\t<\/div>\n\t\t<\/section>\n\t\t\t\t<section class=\"elementor-section elementor-top-section elementor-element elementor-element-5837001 elementor-section-boxed elementor-section-height-default elementor-section-height-default\" data-id=\"5837001\" data-element_type=\"section\" data-e-type=\"section\" data-settings=\"{&quot;background_background&quot;:&quot;classic&quot;}\">\n\t\t\t\t\t\t<div class=\"elementor-container elementor-column-gap-default\">\n\t\t\t\t\t<div class=\"elementor-column elementor-col-50 elementor-top-column elementor-element elementor-element-e3b85c2\" data-id=\"e3b85c2\" data-element_type=\"column\" data-e-type=\"column\">\n\t\t\t<div class=\"elementor-widget-wrap elementor-element-populated\">\n\t\t\t\t\t\t<div class=\"elementor-element elementor-element-bd1e120 elementor-widget elementor-widget-image\" data-id=\"bd1e120\" data-element_type=\"widget\" data-e-type=\"widget\" data-widget_type=\"image.default\">\n\t\t\t\t<div class=\"elementor-widget-container\">\n\t\t\t\t\t\t\t\t\t\t\t\t\t\t\t<img decoding=\"async\" width=\"591\" height=\"375\" src=\"https:\/\/portale2.unime.it\/labamca\/wp-content\/uploads\/sites\/12\/2022\/03\/17306804743_f383e055f5_z-e1637575370479.jpg\" class=\"attachment-large size-large wp-image-1244\" alt=\"\" srcset=\"https:\/\/portale2.unime.it\/labamca\/wp-content\/uploads\/sites\/12\/2022\/03\/17306804743_f383e055f5_z-e1637575370479.jpg 591w, https:\/\/portale2.unime.it\/labamca\/wp-content\/uploads\/sites\/12\/2022\/03\/17306804743_f383e055f5_z-e1637575370479-300x190.jpg 300w\" sizes=\"(max-width: 591px) 100vw, 591px\" style=\"width:100%;height:63.45%;max-width:591px\" \/>\t\t\t\t\t\t\t\t\t\t\t\t\t\t\t<\/div>\n\t\t\t\t<\/div>\n\t\t\t\t\t<\/div>\n\t\t<\/div>\n\t\t\t\t<div class=\"elementor-column elementor-col-50 elementor-top-column elementor-element elementor-element-6371f87\" data-id=\"6371f87\" data-element_type=\"column\" data-e-type=\"column\">\n\t\t\t<div class=\"elementor-widget-wrap elementor-element-populated\">\n\t\t\t\t\t\t<div class=\"elementor-element elementor-element-2258297 elementor-widget__width-initial elementor-invisible elementor-widget elementor-widget-heading\" data-id=\"2258297\" data-element_type=\"widget\" data-e-type=\"widget\" data-settings=\"{&quot;_animation&quot;:&quot;slideInUp&quot;}\" data-widget_type=\"heading.default\">\n\t\t\t\t<div class=\"elementor-widget-container\">\n\t\t\t\t\t<h4 class=\"elementor-heading-title elementor-size-xl\">Impegno a garanzia del Cliente e del Consumatore<\/h4>\t\t\t\t<\/div>\n\t\t\t\t<\/div>\n\t\t\t\t<div class=\"elementor-element elementor-element-918cd41 elementor-invisible elementor-widget elementor-widget-heading\" data-id=\"918cd41\" data-element_type=\"widget\" data-e-type=\"widget\" data-settings=\"{&quot;_animation&quot;:&quot;slideInUp&quot;}\" data-widget_type=\"heading.default\">\n\t\t\t\t<div class=\"elementor-widget-container\">\n\t\t\t\t\t<h4 class=\"elementor-heading-title elementor-size-default\">Il programma annuale di Proficiency Test, messo in campo dal Laboratorio AMCA, monitora i processi analitici mantenendo un elevato livello di garanzia del dato finale a tutela del Cliente (produttore, industria di trasformazione) e del Consumatore (destinatario del prodotto finito).<\/h4>\t\t\t\t<\/div>\n\t\t\t\t<\/div>\n\t\t\t\t<div class=\"elementor-element elementor-element-54d523b elementor-widget elementor-widget-text-editor\" data-id=\"54d523b\" data-element_type=\"widget\" data-e-type=\"widget\" data-widget_type=\"text-editor.default\">\n\t\t\t\t<div class=\"elementor-widget-container\">\n\t\t\t\t\t\t\t\t\t<p>I circuiti interlaboratorio a cui il Laboratorio AMCA partecipa sono i seguenti:<\/p><p>\u2013 UNICHIM<\/p><p>\u2013 LGC Standards Srl<\/p>\t\t\t\t\t\t\t\t<\/div>\n\t\t\t\t<\/div>\n\t\t\t\t\t<\/div>\n\t\t<\/div>\n\t\t\t\t\t<\/div>\n\t\t<\/section>\n\t\t\t\t<\/div>\n\t\t","protected":false},"excerpt":{"rendered":"<p>PROFICIENCY TEST Il Laboratorio di analisi Microbiologiche e Chimiche delle Acque dell\u2019Universit\u00e0 degli Studi di Messina assicura la competenza, imparzialit\u00e0, affidabilit\u00e0, certezza dei dati analitici grazie alla rigorosa partecipazione ai diversi circuiti di Proficiency Test, eseguiti per la matrice acqua e per le principali tecniche analitiche impiegate in laboratorio. I Proficiency Test sono prove interlaboratorio&hellip; <a class=\"more-link\" href=\"https:\/\/portale2.unime.it\/labamca\/proficiency-test\/\">Continua a leggere <span class=\"screen-reader-text\">PROFICIENCY TEST<\/span><\/a><\/p>\n","protected":false},"author":13,"featured_media":0,"parent":0,"menu_order":0,"comment_status":"closed","ping_status":"closed","template":"elementor_header_footer","meta":{"footnotes":""},"class_list":["post-1823","page","type-page","status-publish","hentry","entry"],"yoast_head":"<!-- This site is optimized with the Yoast SEO plugin v27.3 - https:\/\/yoast.com\/product\/yoast-seo-wordpress\/ -->\n<title>PROFICIENCY TEST - Laboratorio di analisi microbiologiche e chimiche delle acque<\/title>\n<meta name=\"robots\" content=\"index, follow, max-snippet:-1, max-image-preview:large, max-video-preview:-1\" \/>\n<link rel=\"canonical\" href=\"https:\/\/labamca.unime.it\/proficiency-test\/\" \/>\n<meta property=\"og:locale\" content=\"it_IT\" \/>\n<meta property=\"og:type\" content=\"article\" \/>\n<meta property=\"og:title\" content=\"PROFICIENCY TEST - Laboratorio di analisi microbiologiche e chimiche delle acque\" \/>\n<meta property=\"og:description\" content=\"PROFICIENCY TEST Il Laboratorio di analisi Microbiologiche e Chimiche delle Acque dell\u2019Universit\u00e0 degli Studi di Messina assicura la competenza, imparzialit\u00e0, affidabilit\u00e0, certezza dei dati analitici grazie alla rigorosa partecipazione ai diversi circuiti di Proficiency Test, eseguiti per la matrice acqua e per le principali tecniche analitiche impiegate in laboratorio. I Proficiency Test sono prove interlaboratorio&hellip; Continua a leggere PROFICIENCY TEST\" \/>\n<meta property=\"og:url\" content=\"https:\/\/labamca.unime.it\/proficiency-test\/\" \/>\n<meta property=\"og:site_name\" content=\"Laboratorio di analisi microbiologiche e chimiche delle acque\" \/>\n<meta property=\"article:modified_time\" content=\"2023-09-06T06:28:31+00:00\" \/>\n<meta property=\"og:image\" content=\"https:\/\/portale2.unime.it\/labamca\/wp-content\/uploads\/sites\/12\/2023\/03\/logo-labamca.png\" \/>\n<meta name=\"twitter:card\" content=\"summary_large_image\" \/>\n<meta name=\"twitter:label1\" content=\"Tempo di lettura stimato\" \/>\n\t<meta name=\"twitter:data1\" content=\"2 minuti\" \/>\n<script type=\"application\/ld+json\" class=\"yoast-schema-graph\">{\"@context\":\"https:\\\/\\\/schema.org\",\"@graph\":[{\"@type\":\"WebPage\",\"@id\":\"https:\\\/\\\/labamca.unime.it\\\/proficiency-test\\\/\",\"url\":\"https:\\\/\\\/labamca.unime.it\\\/proficiency-test\\\/\",\"name\":\"PROFICIENCY TEST - Laboratorio di analisi microbiologiche e chimiche delle acque\",\"isPartOf\":{\"@id\":\"https:\\\/\\\/portale2.unime.it\\\/labamca\\\/#website\"},\"primaryImageOfPage\":{\"@id\":\"https:\\\/\\\/labamca.unime.it\\\/proficiency-test\\\/#primaryimage\"},\"image\":{\"@id\":\"https:\\\/\\\/labamca.unime.it\\\/proficiency-test\\\/#primaryimage\"},\"thumbnailUrl\":\"https:\\\/\\\/portale2.unime.it\\\/labamca\\\/wp-content\\\/uploads\\\/sites\\\/12\\\/2023\\\/03\\\/logo-labamca.png\",\"datePublished\":\"2023-09-01T09:47:27+00:00\",\"dateModified\":\"2023-09-06T06:28:31+00:00\",\"breadcrumb\":{\"@id\":\"https:\\\/\\\/labamca.unime.it\\\/proficiency-test\\\/#breadcrumb\"},\"inLanguage\":\"it-IT\",\"potentialAction\":[{\"@type\":\"ReadAction\",\"target\":[\"https:\\\/\\\/labamca.unime.it\\\/proficiency-test\\\/\"]}]},{\"@type\":\"ImageObject\",\"inLanguage\":\"it-IT\",\"@id\":\"https:\\\/\\\/labamca.unime.it\\\/proficiency-test\\\/#primaryimage\",\"url\":\"https:\\\/\\\/portale2.unime.it\\\/labamca\\\/wp-content\\\/uploads\\\/sites\\\/12\\\/2023\\\/03\\\/logo-labamca.png\",\"contentUrl\":\"https:\\\/\\\/portale2.unime.it\\\/labamca\\\/wp-content\\\/uploads\\\/sites\\\/12\\\/2023\\\/03\\\/logo-labamca.png\",\"width\":254,\"height\":377},{\"@type\":\"BreadcrumbList\",\"@id\":\"https:\\\/\\\/labamca.unime.it\\\/proficiency-test\\\/#breadcrumb\",\"itemListElement\":[{\"@type\":\"ListItem\",\"position\":1,\"name\":\"Home\",\"item\":\"https:\\\/\\\/portale2.unime.it\\\/labamca\\\/\"},{\"@type\":\"ListItem\",\"position\":2,\"name\":\"PROFICIENCY TEST\"}]},{\"@type\":\"WebSite\",\"@id\":\"https:\\\/\\\/portale2.unime.it\\\/labamca\\\/#website\",\"url\":\"https:\\\/\\\/portale2.unime.it\\\/labamca\\\/\",\"name\":\"Laboratorio di analisi microbiologiche e chimiche delle acque\",\"description\":\"\",\"publisher\":{\"@id\":\"https:\\\/\\\/portale2.unime.it\\\/labamca\\\/#organization\"},\"potentialAction\":[{\"@type\":\"SearchAction\",\"target\":{\"@type\":\"EntryPoint\",\"urlTemplate\":\"https:\\\/\\\/portale2.unime.it\\\/labamca\\\/?s={search_term_string}\"},\"query-input\":{\"@type\":\"PropertyValueSpecification\",\"valueRequired\":true,\"valueName\":\"search_term_string\"}}],\"inLanguage\":\"it-IT\"},{\"@type\":\"Organization\",\"@id\":\"https:\\\/\\\/portale2.unime.it\\\/labamca\\\/#organization\",\"name\":\"Laboratorio di analisi microbiologiche e chimiche delle acque\",\"url\":\"https:\\\/\\\/portale2.unime.it\\\/labamca\\\/\",\"logo\":{\"@type\":\"ImageObject\",\"inLanguage\":\"it-IT\",\"@id\":\"https:\\\/\\\/portale2.unime.it\\\/labamca\\\/#\\\/schema\\\/logo\\\/image\\\/\",\"url\":\"https:\\\/\\\/portale2.unime.it\\\/labamca\\\/wp-content\\\/uploads\\\/sites\\\/12\\\/2023\\\/03\\\/logo-labamca-orizzonatale.png\",\"contentUrl\":\"https:\\\/\\\/portale2.unime.it\\\/labamca\\\/wp-content\\\/uploads\\\/sites\\\/12\\\/2023\\\/03\\\/logo-labamca-orizzonatale.png\",\"width\":561,\"height\":246,\"caption\":\"Laboratorio di analisi microbiologiche e chimiche delle acque\"},\"image\":{\"@id\":\"https:\\\/\\\/portale2.unime.it\\\/labamca\\\/#\\\/schema\\\/logo\\\/image\\\/\"}}]}<\/script>\n<!-- \/ Yoast SEO plugin. -->","yoast_head_json":{"title":"PROFICIENCY TEST - Laboratorio di analisi microbiologiche e chimiche delle acque","robots":{"index":"index","follow":"follow","max-snippet":"max-snippet:-1","max-image-preview":"max-image-preview:large","max-video-preview":"max-video-preview:-1"},"canonical":"https:\/\/labamca.unime.it\/proficiency-test\/","og_locale":"it_IT","og_type":"article","og_title":"PROFICIENCY TEST - Laboratorio di analisi microbiologiche e chimiche delle acque","og_description":"PROFICIENCY TEST Il Laboratorio di analisi Microbiologiche e Chimiche delle Acque dell\u2019Universit\u00e0 degli Studi di Messina assicura la competenza, imparzialit\u00e0, affidabilit\u00e0, certezza dei dati analitici grazie alla rigorosa partecipazione ai diversi circuiti di Proficiency Test, eseguiti per la matrice acqua e per le principali tecniche analitiche impiegate in laboratorio. I Proficiency Test sono prove interlaboratorio&hellip; Continua a leggere PROFICIENCY TEST","og_url":"https:\/\/labamca.unime.it\/proficiency-test\/","og_site_name":"Laboratorio di analisi microbiologiche e chimiche delle acque","article_modified_time":"2023-09-06T06:28:31+00:00","og_image":[{"url":"https:\/\/portale2.unime.it\/labamca\/wp-content\/uploads\/sites\/12\/2023\/03\/logo-labamca.png","type":"","width":"","height":""}],"twitter_card":"summary_large_image","twitter_misc":{"Tempo di lettura stimato":"2 minuti"},"schema":{"@context":"https:\/\/schema.org","@graph":[{"@type":"WebPage","@id":"https:\/\/labamca.unime.it\/proficiency-test\/","url":"https:\/\/labamca.unime.it\/proficiency-test\/","name":"PROFICIENCY TEST - Laboratorio di analisi microbiologiche e chimiche delle acque","isPartOf":{"@id":"https:\/\/portale2.unime.it\/labamca\/#website"},"primaryImageOfPage":{"@id":"https:\/\/labamca.unime.it\/proficiency-test\/#primaryimage"},"image":{"@id":"https:\/\/labamca.unime.it\/proficiency-test\/#primaryimage"},"thumbnailUrl":"https:\/\/portale2.unime.it\/labamca\/wp-content\/uploads\/sites\/12\/2023\/03\/logo-labamca.png","datePublished":"2023-09-01T09:47:27+00:00","dateModified":"2023-09-06T06:28:31+00:00","breadcrumb":{"@id":"https:\/\/labamca.unime.it\/proficiency-test\/#breadcrumb"},"inLanguage":"it-IT","potentialAction":[{"@type":"ReadAction","target":["https:\/\/labamca.unime.it\/proficiency-test\/"]}]},{"@type":"ImageObject","inLanguage":"it-IT","@id":"https:\/\/labamca.unime.it\/proficiency-test\/#primaryimage","url":"https:\/\/portale2.unime.it\/labamca\/wp-content\/uploads\/sites\/12\/2023\/03\/logo-labamca.png","contentUrl":"https:\/\/portale2.unime.it\/labamca\/wp-content\/uploads\/sites\/12\/2023\/03\/logo-labamca.png","width":254,"height":377},{"@type":"BreadcrumbList","@id":"https:\/\/labamca.unime.it\/proficiency-test\/#breadcrumb","itemListElement":[{"@type":"ListItem","position":1,"name":"Home","item":"https:\/\/portale2.unime.it\/labamca\/"},{"@type":"ListItem","position":2,"name":"PROFICIENCY TEST"}]},{"@type":"WebSite","@id":"https:\/\/portale2.unime.it\/labamca\/#website","url":"https:\/\/portale2.unime.it\/labamca\/","name":"Laboratorio di analisi microbiologiche e chimiche delle acque","description":"","publisher":{"@id":"https:\/\/portale2.unime.it\/labamca\/#organization"},"potentialAction":[{"@type":"SearchAction","target":{"@type":"EntryPoint","urlTemplate":"https:\/\/portale2.unime.it\/labamca\/?s={search_term_string}"},"query-input":{"@type":"PropertyValueSpecification","valueRequired":true,"valueName":"search_term_string"}}],"inLanguage":"it-IT"},{"@type":"Organization","@id":"https:\/\/portale2.unime.it\/labamca\/#organization","name":"Laboratorio di analisi microbiologiche e chimiche delle acque","url":"https:\/\/portale2.unime.it\/labamca\/","logo":{"@type":"ImageObject","inLanguage":"it-IT","@id":"https:\/\/portale2.unime.it\/labamca\/#\/schema\/logo\/image\/","url":"https:\/\/portale2.unime.it\/labamca\/wp-content\/uploads\/sites\/12\/2023\/03\/logo-labamca-orizzonatale.png","contentUrl":"https:\/\/portale2.unime.it\/labamca\/wp-content\/uploads\/sites\/12\/2023\/03\/logo-labamca-orizzonatale.png","width":561,"height":246,"caption":"Laboratorio di analisi microbiologiche e chimiche delle acque"},"image":{"@id":"https:\/\/portale2.unime.it\/labamca\/#\/schema\/logo\/image\/"}}]}},"_links":{"self":[{"href":"https:\/\/portale2.unime.it\/labamca\/wp-json\/wp\/v2\/pages\/1823","targetHints":{"allow":["GET"]}}],"collection":[{"href":"https:\/\/portale2.unime.it\/labamca\/wp-json\/wp\/v2\/pages"}],"about":[{"href":"https:\/\/portale2.unime.it\/labamca\/wp-json\/wp\/v2\/types\/page"}],"author":[{"embeddable":true,"href":"https:\/\/portale2.unime.it\/labamca\/wp-json\/wp\/v2\/users\/13"}],"replies":[{"embeddable":true,"href":"https:\/\/portale2.unime.it\/labamca\/wp-json\/wp\/v2\/comments?post=1823"}],"version-history":[{"count":23,"href":"https:\/\/portale2.unime.it\/labamca\/wp-json\/wp\/v2\/pages\/1823\/revisions"}],"predecessor-version":[{"id":1888,"href":"https:\/\/portale2.unime.it\/labamca\/wp-json\/wp\/v2\/pages\/1823\/revisions\/1888"}],"wp:attachment":[{"href":"https:\/\/portale2.unime.it\/labamca\/wp-json\/wp\/v2\/media?parent=1823"}],"curies":[{"name":"wp","href":"https:\/\/api.w.org\/{rel}","templated":true}]}}