{"id":1055,"date":"2021-12-01T14:57:26","date_gmt":"2021-12-01T13:57:26","guid":{"rendered":"https:\/\/portale.unime.it\/modelloricerca\/?page_id=1055"},"modified":"2021-12-01T14:57:26","modified_gmt":"2021-12-01T13:57:26","slug":"privacy-policy","status":"publish","type":"page","link":"https:\/\/portale2.unime.it\/last\/privacy-policy\/","title":{"rendered":"PRIVACY POLICY"},"content":{"rendered":"<div>\n<div class=\"paragraph paragraph--type--semplice paragraph--view-mode--default\">\n<div class=\"clearfix text-formatted field field--name-field-testo-paragrafo field--type-text-long field--label-hidden field__item\">\n<p>L\u2019Universit\u00e0 degli Studi di Messina si impegna a mettere in atto misure di tutela per il trattamento dei dati personali al fine di adeguare e mantenere lo stesso conforme al Nuovo Regolamento (UE) 2016\/679 del Parlamento Europeo e del Consiglio, del 27 aprile 2016 \u2013\u00a0<em>Regolamento Generale sulla Protezione dei Dati Personali (RGPD) \u2013 relativo alla protezione delle persone fisiche con riguardo al trattamento dei dati personali, nonch\u00e9 alla libera circolazione di tali dati e che abroga la direttiva 95\/46\/CE<\/em>; e al Decreto Legislativo n. 196\/2003 \u2013\u00a0<em>Codice in materia di protezione dei dati personali<\/em>\u00a0\u2013 cos\u00ec come adeguato al suddetto Regolamento dal D. Lgs. n. 101\/2018 del 10 Agosto 2018.<\/p>\n<p>Il Titolare del trattamento \u00e8 l\u2019Universit\u00e0 degli studi di Messina (Titolare),<br \/>\nnella persona del Magnifico Rettore<br \/>\ncon sede legale presso: Plesso Centrale dell\u2019Ateneo, Piazza Pugliatti 1, 98125 Messina .<br \/>\nTelefono: 0906768900<br \/>\nEmail:\u00a0<a href=\"mailto:rettorato@unime.it\">rettorato@unime.it<\/a><br \/>\nPEC:\u00a0<a href=\"mailto:protocollo@pec.unime.it\">protocollo@pec.unime.it<\/a><\/p>\n<p>Il Responsabile della protezione dei dati (RPD) \u00e8 la dott.ssa Daniela Prestipino.<br \/>\nI dati di contatto del RPD sono:<br \/>\nTelefono: 0906768355<br \/>\nEmail:\u00a0<a href=\"mailto:rpd@unime.it\">rpd@unime.it<\/a><br \/>\nPEC:\u00a0<a href=\"mailto:protezionedati@pec.unime.it\">protezionedati@pec.unime.it<\/a><\/p>\n<p>Il trattamento dei dati personali \u2013 al quale \u00e8 associata una finalit\u00e0 collegata alla missione istituzionale dell\u2019Ateneo (di didattica, di ricerca e di terza missione \u2013 descritte nello Statuto) \u00e8 necessario per lo svolgimento dei relativi compiti e attivit\u00e0 di carattere istituzionale. Il trattamento dei dati personali avviene in applicazioni delle norme vigenti; nel rispetto della dignit\u00e0 umana, dei diritti e delle libert\u00e0 fondamentali della persona (studenti, personale dell\u2019Ateneo, utenti che si relazionano con l\u2019Ateneo, portatori di interesse in genere) \u2013 art.1 del \u201cnuovo\u201d Codice D.Lgs. 196\/2003 \/ D. Lgs. 101\/2018. L\u2019Ateneo si impegna a trattare i dati personali in maniera trasparente nei confronti dei soggetti interessati, cio\u00e8 le persone alle quali i dati si riferiscono.<\/p>\n<p>In generale, la base giuridica del trattamento, cio\u00e8 il presupposto di legge che lo configura come lecito, \u00e8 individuata nell\u2019art. 6 comma 1 lettera e) del RGPD: \u201cil trattamento \u00e8 necessario per l\u2019<em>esecuzione di un compito di interesse pubblico o connesso all\u2019esercizio di pubblici poteri<\/em>\u00a0di cui \u00e8 investito il titolare del trattamento\u201d. Ulteriori basi di liceit\u00e0 prescritte dal regolamento Europeo (ad esempio il\u00a0<em>consenso<\/em>\u00a0o il l<em>egittimo interesse<\/em>), saranno specificate.<\/p>\n<p>I dati personali sono trattati secondo quanto indicato dall\u2019art. 5 del RGPD: in modo lecito, corretto e trasparente; per finalit\u00e0 determinate, esplicite e legittime; nel rispetto dei principi di qualit\u00e0 dei dati (minimizzazione, esattezza e limitazione della conservazione), e dei requisiti di sicurezza\u00a0di cui all\u2019art. 32 del RGPD (integrit\u00e0 e riservatezza; disponibilit\u00e0 e resilienza dei sistemi).<\/p>\n<p><em>Il soggetto interessato<\/em>\u00a0pu\u00f2 azionare il controllo sulle proprie informazioni esercitando i diritti declarati al CAPO III del RGPD: di informazione e accesso (artt.12-15) ottenendone origine, finalit\u00e0, copia, destinazione dei dati e base giuridica; potendone chiedere la rettifica (artt.16,19) e\/o la cancellazione (artt.17, 19), la limitazione di trattamento (artt.18, 19) o l\u2019esistenza di un processo decisionale automatizzato (art. 22).<\/p>\n<p>Il soggetto interessato in qualsiasi momento pu\u00f2 opporsi al trattamento (art. 21), revocare il consenso (senza tuttavia pregiudicare la liceit\u00e0 del trattamento basata sul consenso prestato prima della revoca, art. 7); inoltre pu\u00f2 proporre reclamo all\u2019Autorit\u00e0 di Controllo (art.15). Per l\u2019esercizio dei suddetti diritti \u00e8 disponibile il seguente\u00a0<a href=\"https:\/\/www.garanteprivacy.it\/web\/guest\/home\/docweb\/-\/docweb-display\/docweb\/1089924\" target=\"_blank\" rel=\"noopener noreferrer\">modulo<\/a>.<\/p>\n<p>L\u2019Autorit\u00e0 di Controllo nazionale italiana in materia di protezione dei dati personali \u00e8 Il Garante per la protezione dei dati personali (Garante Privacy).<br \/>\n<a href=\"http:\/\/www.garanteprivacy.it\/\" target=\"_blank\" rel=\"noopener noreferrer\">http:\/\/www.garanteprivacy.it<\/a>.<\/p>\n<p>Per azionare i propri diritti l\u2019interessato pu\u00f2 contattare il Titolare o il Responsabile della Protezione dei Dati.<\/p>\n<p>Si consiglia la consultazione periodica di questa sezione del portale per conoscere gli aggiornamenti informativi e le iniziative dell\u2019Ateneo sull\u2019argomento.<\/p>\n<\/div>\n<\/div>\n<div class=\"paragraph paragraph--type--semplice paragraph--view-mode--default\">\n<div class=\"field field--name-field-titolo-paragrafo field--type-string field--label-hidden field__item\">Trattamento dei dati personali: informazioni per i soggetti interessati<\/div>\n<div class=\"clearfix text-formatted field field--name-field-testo-paragrafo field--type-text-long field--label-hidden field__item\">\n<p>Per favorire e organizzare in maniera strutturata la compilazione delle informative sul trattamento ai sensi degli artt. 12-13-14 del Regolamento Generale per la protezione dei dati personali,\u00a0<a href=\"https:\/\/www.garanteprivacy.it\/web\/guest\/home\/docweb\/-\/docweb-display\/docweb\/6264597\" target=\"_blank\" rel=\"noopener noreferrer\">679\/2016<\/a>, \u00e8 stato predisposto un apposito modello, disponibile a richiesta da prodursi tramite posta elettronica al\u00a0Titolare, al\u00a0Referente Interno del Trattamento della struttura di appartenenza\u00a0o al\u00a0Responsabile per la Protezione dei Dati di Ateneo.<\/p>\n<\/div>\n<\/div>\n<div class=\"paragraph paragraph--type--semplice paragraph--view-mode--default\">\n<div class=\"field field--name-field-titolo-paragrafo field--type-string field--label-hidden field__item\">Piano RGPD<\/div>\n<div class=\"clearfix text-formatted field field--name-field-testo-paragrafo field--type-text-long field--label-hidden field__item\">\n<p>Gli Organi Collegiali dell\u2019Ateneo, nella seduta del 30 Ottobre 2018, hanno approvato il &lt;&lt;<em>Piano per l\u2019applicazione in Unime del Regolamento Europeo 679\/2016 e del Codice in materia di protezione dei dati personali D.Lgs 196\/2003 come modificato dal D.Lgs. 101\/2018<\/em>&gt;&gt;.<br \/>\nRiferimenti: Delibera del Senato Accademinco Rep. 377\/2018. Delibera del Consiglio di Amministrazione Rep. 457\/2018.<\/p>\n<p>Nel piano sono state inserite 7 azioni ritenute prioritarie: Formazione; Organizzazione funzionale interna; Gestione e misura del rischio; Gestione e esecuzione del trattamento; Informative e le misure di tutela; Controllo sull\u2019affidamento del trattamento a Responsabili (esterni); Regolamentazione interna.<\/p>\n<p>Il piano \u00e8 stato articolato per configurare le azioni e le priorit\u00e0 di intervento affinch\u00e9 non solo rispondano a esigenze puntuali e immediate di adeguamento, ma che \u2013 nel contesto di un\u2019analisi preventiva e delle misure di tutela che da questa derivano \u2013 tali azioni possano concretizzarsi in una serie di attivit\u00e0 specifiche e dimostrabili, riesaminate e aggiornate nell\u2019ottica di un miglioramento continuo.<\/p>\n<\/div>\n<\/div>\n<div class=\"paragraph paragraph--type--semplice paragraph--view-mode--default\">\n<div class=\"field field--name-field-titolo-paragrafo field--type-string field--label-hidden field__item\">Formazione<\/div>\n<div class=\"clearfix text-formatted field field--name-field-testo-paragrafo field--type-text-long field--label-hidden field__item\">\n<p>La formazione in materia di protezione dei dati personali rientra tra le azioni programmate dall\u2019Ateneo per l\u2019attuazione del percorso di\u00a0<em>compliance<\/em>\u00a0al Regolamento Europeo e al \u201cnuovo\u201d Codice. Gli obiettivi principali sono:<\/p>\n<ul>\n<li>istruire le risorse che partecipano alla gestione e al trattamento dei dati personali fornendo loro le conoscenze necessarie;<\/li>\n<li>favorire, incrementare e diffondere la consapevolezza, l\u2019attenzione e l\u2019interesse di tutta la comunit\u00e0 accademica sulla protezione dei dati personali e sulle relative implicazioni.<\/li>\n<\/ul>\n<\/div>\n<\/div>\n<p><span style=\"font-size: 18pt\"><strong>INFORMATIVA COOKIE<\/strong><\/span><\/div>\nLa seguente regione: EU, non \u00e8 attivata per cookie-statement.\n","protected":false},"excerpt":{"rendered":"<p>L\u2019Universit\u00e0 degli Studi di Messina si impegna a mettere in atto misure di tutela per il trattamento dei dati personali al fine di adeguare e mantenere lo stesso conforme al Nuovo Regolamento (UE) 2016\/679 del Parlamento Europeo e del Consiglio, del 27 aprile 2016 \u2013\u00a0Regolamento Generale sulla Protezione dei Dati Personali (RGPD) \u2013 relativo alla&hellip; <a class=\"more-link\" href=\"https:\/\/portale2.unime.it\/last\/privacy-policy\/\">Continua a leggere <span class=\"screen-reader-text\">PRIVACY POLICY<\/span><\/a><\/p>\n","protected":false},"author":1,"featured_media":0,"parent":0,"menu_order":0,"comment_status":"closed","ping_status":"closed","template":"tw-no-title.php","meta":{"footnotes":""},"class_list":["post-1055","page","type-page","status-publish","hentry","entry"],"yoast_head":"<!-- This site is optimized with the Yoast SEO plugin v27.3 - https:\/\/yoast.com\/product\/yoast-seo-wordpress\/ -->\n<title>PRIVACY POLICY - LAST<\/title>\n<meta name=\"robots\" content=\"index, follow, max-snippet:-1, max-image-preview:large, max-video-preview:-1\" \/>\n<link rel=\"canonical\" href=\"https:\/\/portale2.unime.it\/last\/privacy-policy\/\" \/>\n<meta property=\"og:locale\" content=\"it_IT\" \/>\n<meta property=\"og:type\" content=\"article\" \/>\n<meta property=\"og:title\" content=\"PRIVACY POLICY - LAST\" \/>\n<meta property=\"og:description\" content=\"L\u2019Universit\u00e0 degli Studi di Messina si impegna a mettere in atto misure di tutela per il trattamento dei dati personali al fine di adeguare e mantenere lo stesso conforme al Nuovo Regolamento (UE) 2016\/679 del Parlamento Europeo e del Consiglio, del 27 aprile 2016 \u2013\u00a0Regolamento Generale sulla Protezione dei Dati Personali (RGPD) \u2013 relativo alla&hellip; Continua a leggere PRIVACY POLICY\" \/>\n<meta property=\"og:url\" content=\"https:\/\/portale2.unime.it\/last\/privacy-policy\/\" \/>\n<meta property=\"og:site_name\" content=\"LAST\" \/>\n<meta name=\"twitter:card\" content=\"summary_large_image\" \/>\n<meta name=\"twitter:label1\" content=\"Tempo di lettura stimato\" \/>\n\t<meta name=\"twitter:data1\" content=\"4 minuti\" \/>\n<script type=\"application\/ld+json\" class=\"yoast-schema-graph\">{\"@context\":\"https:\\\/\\\/schema.org\",\"@graph\":[{\"@type\":\"WebPage\",\"@id\":\"https:\\\/\\\/portale2.unime.it\\\/last\\\/privacy-policy\\\/\",\"url\":\"https:\\\/\\\/portale2.unime.it\\\/last\\\/privacy-policy\\\/\",\"name\":\"PRIVACY POLICY - LAST\",\"isPartOf\":{\"@id\":\"https:\\\/\\\/portale2.unime.it\\\/last\\\/#website\"},\"datePublished\":\"2021-12-01T13:57:26+00:00\",\"breadcrumb\":{\"@id\":\"https:\\\/\\\/portale2.unime.it\\\/last\\\/privacy-policy\\\/#breadcrumb\"},\"inLanguage\":\"it-IT\",\"potentialAction\":[{\"@type\":\"ReadAction\",\"target\":[\"https:\\\/\\\/portale2.unime.it\\\/last\\\/privacy-policy\\\/\"]}]},{\"@type\":\"BreadcrumbList\",\"@id\":\"https:\\\/\\\/portale2.unime.it\\\/last\\\/privacy-policy\\\/#breadcrumb\",\"itemListElement\":[{\"@type\":\"ListItem\",\"position\":1,\"name\":\"Home\",\"item\":\"https:\\\/\\\/portale2.unime.it\\\/last\\\/\"},{\"@type\":\"ListItem\",\"position\":2,\"name\":\"PRIVACY POLICY\"}]},{\"@type\":\"WebSite\",\"@id\":\"https:\\\/\\\/portale2.unime.it\\\/last\\\/#website\",\"url\":\"https:\\\/\\\/portale2.unime.it\\\/last\\\/\",\"name\":\"LAST\",\"description\":\"\",\"publisher\":{\"@id\":\"https:\\\/\\\/portale2.unime.it\\\/last\\\/#organization\"},\"potentialAction\":[{\"@type\":\"SearchAction\",\"target\":{\"@type\":\"EntryPoint\",\"urlTemplate\":\"https:\\\/\\\/portale2.unime.it\\\/last\\\/?s={search_term_string}\"},\"query-input\":{\"@type\":\"PropertyValueSpecification\",\"valueRequired\":true,\"valueName\":\"search_term_string\"}}],\"inLanguage\":\"it-IT\"},{\"@type\":\"Organization\",\"@id\":\"https:\\\/\\\/portale2.unime.it\\\/last\\\/#organization\",\"name\":\"LAST\",\"url\":\"https:\\\/\\\/portale2.unime.it\\\/last\\\/\",\"logo\":{\"@type\":\"ImageObject\",\"inLanguage\":\"it-IT\",\"@id\":\"https:\\\/\\\/portale2.unime.it\\\/last\\\/#\\\/schema\\\/logo\\\/image\\\/\",\"url\":\"https:\\\/\\\/portale2.unime.it\\\/last\\\/wp-content\\\/uploads\\\/sites\\\/39\\\/2023\\\/03\\\/logo-progetto-ricerca.png\",\"contentUrl\":\"https:\\\/\\\/portale2.unime.it\\\/last\\\/wp-content\\\/uploads\\\/sites\\\/39\\\/2023\\\/03\\\/logo-progetto-ricerca.png\",\"width\":466,\"height\":170,\"caption\":\"LAST\"},\"image\":{\"@id\":\"https:\\\/\\\/portale2.unime.it\\\/last\\\/#\\\/schema\\\/logo\\\/image\\\/\"}}]}<\/script>\n<!-- \/ Yoast SEO plugin. -->","yoast_head_json":{"title":"PRIVACY POLICY - LAST","robots":{"index":"index","follow":"follow","max-snippet":"max-snippet:-1","max-image-preview":"max-image-preview:large","max-video-preview":"max-video-preview:-1"},"canonical":"https:\/\/portale2.unime.it\/last\/privacy-policy\/","og_locale":"it_IT","og_type":"article","og_title":"PRIVACY POLICY - LAST","og_description":"L\u2019Universit\u00e0 degli Studi di Messina si impegna a mettere in atto misure di tutela per il trattamento dei dati personali al fine di adeguare e mantenere lo stesso conforme al Nuovo Regolamento (UE) 2016\/679 del Parlamento Europeo e del Consiglio, del 27 aprile 2016 \u2013\u00a0Regolamento Generale sulla Protezione dei Dati Personali (RGPD) \u2013 relativo alla&hellip; Continua a leggere PRIVACY POLICY","og_url":"https:\/\/portale2.unime.it\/last\/privacy-policy\/","og_site_name":"LAST","twitter_card":"summary_large_image","twitter_misc":{"Tempo di lettura stimato":"4 minuti"},"schema":{"@context":"https:\/\/schema.org","@graph":[{"@type":"WebPage","@id":"https:\/\/portale2.unime.it\/last\/privacy-policy\/","url":"https:\/\/portale2.unime.it\/last\/privacy-policy\/","name":"PRIVACY POLICY - LAST","isPartOf":{"@id":"https:\/\/portale2.unime.it\/last\/#website"},"datePublished":"2021-12-01T13:57:26+00:00","breadcrumb":{"@id":"https:\/\/portale2.unime.it\/last\/privacy-policy\/#breadcrumb"},"inLanguage":"it-IT","potentialAction":[{"@type":"ReadAction","target":["https:\/\/portale2.unime.it\/last\/privacy-policy\/"]}]},{"@type":"BreadcrumbList","@id":"https:\/\/portale2.unime.it\/last\/privacy-policy\/#breadcrumb","itemListElement":[{"@type":"ListItem","position":1,"name":"Home","item":"https:\/\/portale2.unime.it\/last\/"},{"@type":"ListItem","position":2,"name":"PRIVACY POLICY"}]},{"@type":"WebSite","@id":"https:\/\/portale2.unime.it\/last\/#website","url":"https:\/\/portale2.unime.it\/last\/","name":"LAST","description":"","publisher":{"@id":"https:\/\/portale2.unime.it\/last\/#organization"},"potentialAction":[{"@type":"SearchAction","target":{"@type":"EntryPoint","urlTemplate":"https:\/\/portale2.unime.it\/last\/?s={search_term_string}"},"query-input":{"@type":"PropertyValueSpecification","valueRequired":true,"valueName":"search_term_string"}}],"inLanguage":"it-IT"},{"@type":"Organization","@id":"https:\/\/portale2.unime.it\/last\/#organization","name":"LAST","url":"https:\/\/portale2.unime.it\/last\/","logo":{"@type":"ImageObject","inLanguage":"it-IT","@id":"https:\/\/portale2.unime.it\/last\/#\/schema\/logo\/image\/","url":"https:\/\/portale2.unime.it\/last\/wp-content\/uploads\/sites\/39\/2023\/03\/logo-progetto-ricerca.png","contentUrl":"https:\/\/portale2.unime.it\/last\/wp-content\/uploads\/sites\/39\/2023\/03\/logo-progetto-ricerca.png","width":466,"height":170,"caption":"LAST"},"image":{"@id":"https:\/\/portale2.unime.it\/last\/#\/schema\/logo\/image\/"}}]}},"_links":{"self":[{"href":"https:\/\/portale2.unime.it\/last\/wp-json\/wp\/v2\/pages\/1055","targetHints":{"allow":["GET"]}}],"collection":[{"href":"https:\/\/portale2.unime.it\/last\/wp-json\/wp\/v2\/pages"}],"about":[{"href":"https:\/\/portale2.unime.it\/last\/wp-json\/wp\/v2\/types\/page"}],"author":[{"embeddable":true,"href":"https:\/\/portale2.unime.it\/last\/wp-json\/wp\/v2\/users\/1"}],"replies":[{"embeddable":true,"href":"https:\/\/portale2.unime.it\/last\/wp-json\/wp\/v2\/comments?post=1055"}],"version-history":[{"count":0,"href":"https:\/\/portale2.unime.it\/last\/wp-json\/wp\/v2\/pages\/1055\/revisions"}],"wp:attachment":[{"href":"https:\/\/portale2.unime.it\/last\/wp-json\/wp\/v2\/media?parent=1055"}],"curies":[{"name":"wp","href":"https:\/\/api.w.org\/{rel}","templated":true}]}}